{"id":304,"date":"2019-10-08T12:51:09","date_gmt":"2019-10-08T10:51:09","guid":{"rendered":"https:\/\/amu.pan.pl\/test\/2019\/10\/08\/marcin-magierowski\/"},"modified":"2025-02-27T12:19:51","modified_gmt":"2025-02-27T11:19:51","slug":"marcin-magierowski","status":"publish","type":"page","link":"https:\/\/amu.pan.pl\/en\/marcin-magierowski\/","title":{"rendered":"Marcin Magierowski"},"content":{"rendered":"<div data-elementor-type=\"wp-page\" data-elementor-id=\"304\" class=\"elementor elementor-304\">\n\t\t\t\t\t\t<section class=\"elementor-section elementor-top-section elementor-element elementor-element-733a8f21 elementor-section-boxed elementor-section-height-default elementor-section-height-default\" data-id=\"733a8f21\" data-element_type=\"section\">\n\t\t\t\t\t\t<div class=\"elementor-container elementor-column-gap-default\">\n\t\t\t\t\t<div class=\"elementor-column elementor-col-100 elementor-top-column elementor-element elementor-element-28fd10dd\" data-id=\"28fd10dd\" data-element_type=\"column\">\n\t\t\t<div class=\"elementor-widget-wrap elementor-element-populated\">\n\t\t\t\t\t\t<div class=\"elementor-element elementor-element-6d5d2787 elementor-widget elementor-widget-text-editor\" data-id=\"6d5d2787\" data-element_type=\"widget\" data-widget_type=\"text-editor.default\">\n\t\t\t\t<div class=\"elementor-widget-container\">\n\t\t\t\t\t\t\t\t\t<p><img fetchpriority=\"high\" decoding=\"async\" style=\"margin-left: auto; margin-right: auto;\" src=\"https:\/\/amu.pan.pl\/wp-content\/uploads\/2019\/10\/V_MMAGIEROWSKI.jpeg\" alt=\"\" width=\"220\" height=\"331\" \/><\/p><p>Prof. dr hab. n. med. Marcin Magierowski jest pracownikiem Uniwersytetu Jagiello\u0144skiego \u2013 Collegium Medicum (UJ CM) w Krakowie i kierownikiem O\u015brodka Biomedycyny i Nauk Interdyscyplinarnych w strukturze Wydzia\u0142u Lekarskiego (wcze\u015bniej kierowa\u0142 Pracowni\u0105 In\u017cynierii Kom\u00f3rkowej i Diagnostyki Izotopowej (Katedra Fizjologii)). M. Magierowski realizowa\u0142 i realizuje obecnie liczne granty finansowane przez Narodowe Centrum Bada\u0144 i Rozwoju oraz Narodowe Centrum Nauki (NCN); jest r\u00f3wnie\u017c opiekunem m\u0142odych naukowc\u00f3w realizuj\u0105cych projekty finansowane przez NCN (Preludium) oraz Ministerstwo Edukacji i Nauki (Per\u0142y Nauki). Tytu\u0142 doktora nauk medycznych z wyr\u00f3\u017cnieniem uzyska\u0142 w 2016 r., habilitacj\u0119 w 2019 r., a profesur\u0119 tytularn\u0105 w 2023 r. Marcin Magierowski jest laureatem Nagrody NCN 2024, stypendium MNiSW dla wybitnych m\u0142odych naukowc\u00f3w, stypendium START Fundacji na Rzecz Nauki Polskiej, nagrody Naukowej Fundacji Polpharmy, nagrody im. Prof. T. Browicza (Polska Akademii Umiej\u0119tno\u015bci), wyr\u00f3\u017cnienia American Gastroenterological Association, United European Gastroenterology Rising Star Award 2024 i innych.<\/p><p>Badania translacyjne i laboratoryjne prowadzone przez Marcina Magierowskiego oraz za\u0142o\u017con\u0105 przez niego grup\u0119 badawcz\u0105 Gaseous Mediators and Experimental Gastroenterology Lab (<a href=\"https:\/\/gameg.cm-uj.krakow.pl\">https:\/\/gameg.cm-uj.krakow.pl<\/a>) dotycz\u0105 fizjologii, patofizjologii, biochemii, biologii molekularnej i farmakologii, ze szczeg\u00f3lnym uwzgl\u0119dnieniem potencja\u0142u terapeutycznego nowych prolek\u00f3w uwalniaj\u0105cych endogenne gazowe mediatory, takie jak tlenek w\u0119gla czy siarkowod\u00f3r w schorzeniach przewodu pokarmowego. Wyniki tych bada\u0144 zosta\u0142y opublikowane w presti\u017cowych czasopismach naukowych znajduj\u0105cych si\u0119 w pierwszym decylu dla danej kategorii wg bazy JCR; by\u0142 te\u017c prelegentem na wielu presti\u017cowych konferencjach naukowych w Stanach Zjednoczonych, Kanadzie i Europie. Marcin Magierowski rozwija\u0142 sw\u00f3j warsztat naukowy i prowadzi\u0142 badania m.in. w McMaster University w Kanadzie, Newcastle University w Wielkiej Brytanii, czy te\u017c w Erasmus Medical Centre w Rotterdamie (Niderlandy). M. Magierowski by\u0142\/jest cz\u0142onkiem (w tym na zaproszenie) presti\u017cowych mi\u0119dzynarodowych towarzystw naukowych, t.j. m.in. American Chemical Society, Society for Redox Biology and Medicine i inne.<\/p>\t\t\t\t\t\t\t\t<\/div>\n\t\t\t\t<\/div>\n\t\t\t\t\t<\/div>\n\t\t<\/div>\n\t\t\t\t\t<\/div>\n\t\t<\/section>\n\t\t\t\t<section class=\"elementor-section elementor-top-section elementor-element elementor-element-3ca1286 elementor-section-boxed elementor-section-height-default elementor-section-height-default\" data-id=\"3ca1286\" data-element_type=\"section\">\n\t\t\t\t\t\t<div class=\"elementor-container elementor-column-gap-default\">\n\t\t\t\t\t<div class=\"elementor-column elementor-col-100 elementor-top-column elementor-element elementor-element-292467a\" data-id=\"292467a\" data-element_type=\"column\">\n\t\t\t<div class=\"elementor-widget-wrap elementor-element-populated\">\n\t\t\t\t\t\t<div class=\"elementor-element elementor-element-b78c7b4 elementor-widget elementor-widget-text-editor\" data-id=\"b78c7b4\" data-element_type=\"widget\" data-widget_type=\"text-editor.default\">\n\t\t\t\t<div class=\"elementor-widget-container\">\n\t\t\t\t\t\t\t\t\t<p>Prof. dr hab. n. med.\u00a0Marcin Magierowski\u00a0is a full professor at the Jagiellonian University \u2013 Medical College in Krakow and the head of the Center for Biomedicine and Interdisciplinary Sciences within Faculty of Medicine (previously, he led the Cellular Engineering and Isotope Diagnostics Laboratory (formerly part of the Department of Physiology)). M. Magierowski has been the principal investigator of research grants funded by the National Center for Research and Development and the National Science Center (NSC). He supervises young researchers conducting projects awarded by NSC (Preludium) or Ministry of Education and Science (pol. Per\u0142y Nauki program). He obtained his Doctor of Medical Sciences degree with honors in 2016, completed his habilitation in 2019, and received the title of full professor in 2023. Marcin Magierowski is a recipient of the 2024 National Science Centre Award, the Ministry of Science and Higher Education scholarship for outstanding young scientists, the START scholarship from the Foundation for Polish Science, the Polpharma Scientific Foundation Award, the Browicz Award for outstanding medical research (granted by the Polish Academy of Arts and Sciences), recognition for outstanding early-career GI researchers from the American Gastroenterological Association, the United European Gastroenterology Rising Star 2024 award, and other distinctions.<\/p><p>Marcin Magierowski and the <em>Gaseous Mediators and Experimental Gastroenterology Lab<\/em>, which he founded (<a href=\"https:\/\/gameg.cm-uj.krakow.pl\/\">https:\/\/gameg.cm-uj.krakow.pl<\/a>), focus on the physiology, pathophysiology, biochemistry, molecular biology, and pharmacology, with a special emphasis on the therapeutic potential of novel endogenous gaseous mediator-releasing compounds, such as carbon monoxide- and hydrogen sulfide-releasing prodrugs, in the gastrointestinal tract. The results of these studies have been published in prestigious scientific journals ranked in the first decile according to the JCR database. He has been a speaker at many prestigious medical conferences in the United States, Canada, and Europe. Marcin Magierowski has developed his scientific background and conducted research, among others, at McMaster University in Canada, Newcastle University in the United Kingdom, and at the Erasmus Medical Center in Rotterdam, the Netherlands. M. Magierowski has been\/is a member (including by invitation) of prestigious international scientific societies, such as the American Chemical Society, the Society for Redox Biology and Medicine, among others.<\/p>\t\t\t\t\t\t\t\t<\/div>\n\t\t\t\t<\/div>\n\t\t\t\t\t<\/div>\n\t\t<\/div>\n\t\t\t\t\t<\/div>\n\t\t<\/section>\n\t\t\t\t<\/div>","protected":false},"excerpt":{"rendered":"<p>Prof. dr hab. n. med. Marcin Magierowski jest pracownikiem Uniwersytetu Jagiello\u0144skiego \u2013 Collegium Medicum (UJ CM) w Krakowie i kierownikiem O\u015brodka Biomedycyny i Nauk Interdyscyplinarnych w strukturze Wydzia\u0142u Lekarskiego (wcze\u015bniej kierowa\u0142 Pracowni\u0105 In\u017cynierii Kom\u00f3rkowej i Diagnostyki Izotopowej (Katedra Fizjologii)). M. Magierowski realizowa\u0142 i realizuje obecnie liczne granty finansowane przez Narodowe Centrum Bada\u0144 i Rozwoju oraz [&hellip;]<\/p>","protected":false},"author":2,"featured_media":303,"parent":0,"menu_order":30,"comment_status":"open","ping_status":"open","template":"","meta":{"_monsterinsights_skip_tracking":false,"_monsterinsights_sitenote_active":false,"_monsterinsights_sitenote_note":"","_monsterinsights_sitenote_category":0,"footnotes":""},"class_list":["post-304","page","type-page","status-publish","has-post-thumbnail","hentry"],"yoast_head":"<!-- This site is optimized with the Yoast SEO plugin v25.0 - https:\/\/yoast.com\/wordpress\/plugins\/seo\/ -->\n<title>Marcin Magierowski - Akademia M\u0142odych Uczonych<\/title>\n<meta name=\"robots\" content=\"index, follow, max-snippet:-1, max-image-preview:large, max-video-preview:-1\" \/>\n<link rel=\"canonical\" href=\"https:\/\/amu.pan.pl\/en\/marcin-magierowski\/\" \/>\n<meta property=\"og:locale\" content=\"en_GB\" \/>\n<meta property=\"og:type\" content=\"article\" \/>\n<meta property=\"og:title\" content=\"Marcin Magierowski - Akademia M\u0142odych Uczonych\" \/>\n<meta property=\"og:description\" content=\"Prof. dr hab. n. med. Marcin Magierowski jest pracownikiem Uniwersytetu Jagiello\u0144skiego \u2013 Collegium Medicum (UJ CM) w Krakowie i kierownikiem O\u015brodka Biomedycyny i Nauk Interdyscyplinarnych w strukturze Wydzia\u0142u Lekarskiego (wcze\u015bniej kierowa\u0142 Pracowni\u0105 In\u017cynierii Kom\u00f3rkowej i Diagnostyki Izotopowej (Katedra Fizjologii)). M. Magierowski realizowa\u0142 i realizuje obecnie liczne granty finansowane przez Narodowe Centrum Bada\u0144 i Rozwoju oraz [&hellip;]\" \/>\n<meta property=\"og:url\" content=\"https:\/\/amu.pan.pl\/en\/marcin-magierowski\/\" \/>\n<meta property=\"og:site_name\" content=\"Akademia M\u0142odych Uczonych\" \/>\n<meta property=\"article:publisher\" content=\"https:\/\/www.facebook.com\/AkademiaMlodychUczonych\/\" \/>\n<meta property=\"article:modified_time\" content=\"2025-02-27T11:19:51+00:00\" \/>\n<meta property=\"og:image\" content=\"https:\/\/amu.pan.pl\/wp-content\/uploads\/2019\/10\/V_MMAGIEROWSKI.jpeg\" \/>\n\t<meta property=\"og:image:width\" content=\"426\" \/>\n\t<meta property=\"og:image:height\" content=\"640\" \/>\n\t<meta property=\"og:image:type\" content=\"image\/jpeg\" \/>\n<meta name=\"twitter:card\" content=\"summary_large_image\" \/>\n<meta name=\"twitter:site\" content=\"@AMUPAN1\" \/>\n<meta name=\"twitter:label1\" content=\"Estimated reading time\" \/>\n\t<meta name=\"twitter:data1\" content=\"3 minutes\" \/>\n<script type=\"application\/ld+json\" class=\"yoast-schema-graph\">{\"@context\":\"https:\/\/schema.org\",\"@graph\":[{\"@type\":\"WebPage\",\"@id\":\"https:\/\/amu.pan.pl\/en\/marcin-magierowski\/\",\"url\":\"https:\/\/amu.pan.pl\/en\/marcin-magierowski\/\",\"name\":\"Marcin Magierowski - Akademia M\u0142odych Uczonych\",\"isPartOf\":{\"@id\":\"https:\/\/amu.pan.pl\/#website\"},\"primaryImageOfPage\":{\"@id\":\"https:\/\/amu.pan.pl\/en\/marcin-magierowski\/#primaryimage\"},\"image\":{\"@id\":\"https:\/\/amu.pan.pl\/en\/marcin-magierowski\/#primaryimage\"},\"thumbnailUrl\":\"https:\/\/amu.pan.pl\/wp-content\/uploads\/2019\/10\/V_MMAGIEROWSKI.jpeg\",\"datePublished\":\"2019-10-08T10:51:09+00:00\",\"dateModified\":\"2025-02-27T11:19:51+00:00\",\"breadcrumb\":{\"@id\":\"https:\/\/amu.pan.pl\/en\/marcin-magierowski\/#breadcrumb\"},\"inLanguage\":\"en-GB\",\"potentialAction\":[{\"@type\":\"ReadAction\",\"target\":[\"https:\/\/amu.pan.pl\/en\/marcin-magierowski\/\"]}]},{\"@type\":\"ImageObject\",\"inLanguage\":\"en-GB\",\"@id\":\"https:\/\/amu.pan.pl\/en\/marcin-magierowski\/#primaryimage\",\"url\":\"https:\/\/amu.pan.pl\/wp-content\/uploads\/2019\/10\/V_MMAGIEROWSKI.jpeg\",\"contentUrl\":\"https:\/\/amu.pan.pl\/wp-content\/uploads\/2019\/10\/V_MMAGIEROWSKI.jpeg\",\"width\":426,\"height\":640},{\"@type\":\"BreadcrumbList\",\"@id\":\"https:\/\/amu.pan.pl\/en\/marcin-magierowski\/#breadcrumb\",\"itemListElement\":[{\"@type\":\"ListItem\",\"position\":1,\"name\":\"Strona g\u0142\u00f3wna\",\"item\":\"https:\/\/amu.pan.pl\/\"},{\"@type\":\"ListItem\",\"position\":2,\"name\":\"Marcin Magierowski\"}]},{\"@type\":\"WebSite\",\"@id\":\"https:\/\/amu.pan.pl\/#website\",\"url\":\"https:\/\/amu.pan.pl\/\",\"name\":\"Akademia M\u0142odych Uczonych\",\"description\":\"Polska Akademia Nauk\",\"publisher\":{\"@id\":\"https:\/\/amu.pan.pl\/#organization\"},\"potentialAction\":[{\"@type\":\"SearchAction\",\"target\":{\"@type\":\"EntryPoint\",\"urlTemplate\":\"https:\/\/amu.pan.pl\/?s={search_term_string}\"},\"query-input\":{\"@type\":\"PropertyValueSpecification\",\"valueRequired\":true,\"valueName\":\"search_term_string\"}}],\"inLanguage\":\"en-GB\"},{\"@type\":\"Organization\",\"@id\":\"https:\/\/amu.pan.pl\/#organization\",\"name\":\"Akademia M\u0142odych Uczonych\",\"url\":\"https:\/\/amu.pan.pl\/\",\"logo\":{\"@type\":\"ImageObject\",\"inLanguage\":\"en-GB\",\"@id\":\"https:\/\/amu.pan.pl\/#\/schema\/logo\/image\/\",\"url\":\"https:\/\/amu.pan.pl\/wp-content\/uploads\/2020\/08\/zz_amu.png\",\"contentUrl\":\"https:\/\/amu.pan.pl\/wp-content\/uploads\/2020\/08\/zz_amu.png\",\"width\":2794,\"height\":1016,\"caption\":\"Akademia M\u0142odych Uczonych\"},\"image\":{\"@id\":\"https:\/\/amu.pan.pl\/#\/schema\/logo\/image\/\"},\"sameAs\":[\"https:\/\/www.facebook.com\/AkademiaMlodychUczonych\/\",\"https:\/\/x.com\/AMUPAN1\"]}]}<\/script>\n<!-- \/ Yoast SEO plugin. -->","yoast_head_json":{"title":"Marcin Magierowski - Akademia M\u0142odych Uczonych","robots":{"index":"index","follow":"follow","max-snippet":"max-snippet:-1","max-image-preview":"max-image-preview:large","max-video-preview":"max-video-preview:-1"},"canonical":"https:\/\/amu.pan.pl\/en\/marcin-magierowski\/","og_locale":"en_GB","og_type":"article","og_title":"Marcin Magierowski - Akademia M\u0142odych Uczonych","og_description":"Prof. dr hab. n. med. Marcin Magierowski jest pracownikiem Uniwersytetu Jagiello\u0144skiego \u2013 Collegium Medicum (UJ CM) w Krakowie i kierownikiem O\u015brodka Biomedycyny i Nauk Interdyscyplinarnych w strukturze Wydzia\u0142u Lekarskiego (wcze\u015bniej kierowa\u0142 Pracowni\u0105 In\u017cynierii Kom\u00f3rkowej i Diagnostyki Izotopowej (Katedra Fizjologii)). M. Magierowski realizowa\u0142 i realizuje obecnie liczne granty finansowane przez Narodowe Centrum Bada\u0144 i Rozwoju oraz [&hellip;]","og_url":"https:\/\/amu.pan.pl\/en\/marcin-magierowski\/","og_site_name":"Akademia M\u0142odych Uczonych","article_publisher":"https:\/\/www.facebook.com\/AkademiaMlodychUczonych\/","article_modified_time":"2025-02-27T11:19:51+00:00","og_image":[{"width":426,"height":640,"url":"https:\/\/amu.pan.pl\/wp-content\/uploads\/2019\/10\/V_MMAGIEROWSKI.jpeg","type":"image\/jpeg"}],"twitter_card":"summary_large_image","twitter_site":"@AMUPAN1","twitter_misc":{"Estimated reading time":"3 minutes"},"schema":{"@context":"https:\/\/schema.org","@graph":[{"@type":"WebPage","@id":"https:\/\/amu.pan.pl\/en\/marcin-magierowski\/","url":"https:\/\/amu.pan.pl\/en\/marcin-magierowski\/","name":"Marcin Magierowski - Akademia M\u0142odych Uczonych","isPartOf":{"@id":"https:\/\/amu.pan.pl\/#website"},"primaryImageOfPage":{"@id":"https:\/\/amu.pan.pl\/en\/marcin-magierowski\/#primaryimage"},"image":{"@id":"https:\/\/amu.pan.pl\/en\/marcin-magierowski\/#primaryimage"},"thumbnailUrl":"https:\/\/amu.pan.pl\/wp-content\/uploads\/2019\/10\/V_MMAGIEROWSKI.jpeg","datePublished":"2019-10-08T10:51:09+00:00","dateModified":"2025-02-27T11:19:51+00:00","breadcrumb":{"@id":"https:\/\/amu.pan.pl\/en\/marcin-magierowski\/#breadcrumb"},"inLanguage":"en-GB","potentialAction":[{"@type":"ReadAction","target":["https:\/\/amu.pan.pl\/en\/marcin-magierowski\/"]}]},{"@type":"ImageObject","inLanguage":"en-GB","@id":"https:\/\/amu.pan.pl\/en\/marcin-magierowski\/#primaryimage","url":"https:\/\/amu.pan.pl\/wp-content\/uploads\/2019\/10\/V_MMAGIEROWSKI.jpeg","contentUrl":"https:\/\/amu.pan.pl\/wp-content\/uploads\/2019\/10\/V_MMAGIEROWSKI.jpeg","width":426,"height":640},{"@type":"BreadcrumbList","@id":"https:\/\/amu.pan.pl\/en\/marcin-magierowski\/#breadcrumb","itemListElement":[{"@type":"ListItem","position":1,"name":"Strona g\u0142\u00f3wna","item":"https:\/\/amu.pan.pl\/"},{"@type":"ListItem","position":2,"name":"Marcin Magierowski"}]},{"@type":"WebSite","@id":"https:\/\/amu.pan.pl\/#website","url":"https:\/\/amu.pan.pl\/","name":"Akademia M\u0142odych Uczonych","description":"Polska Akademia Nauk","publisher":{"@id":"https:\/\/amu.pan.pl\/#organization"},"potentialAction":[{"@type":"SearchAction","target":{"@type":"EntryPoint","urlTemplate":"https:\/\/amu.pan.pl\/?s={search_term_string}"},"query-input":{"@type":"PropertyValueSpecification","valueRequired":true,"valueName":"search_term_string"}}],"inLanguage":"en-GB"},{"@type":"Organization","@id":"https:\/\/amu.pan.pl\/#organization","name":"Akademia M\u0142odych Uczonych","url":"https:\/\/amu.pan.pl\/","logo":{"@type":"ImageObject","inLanguage":"en-GB","@id":"https:\/\/amu.pan.pl\/#\/schema\/logo\/image\/","url":"https:\/\/amu.pan.pl\/wp-content\/uploads\/2020\/08\/zz_amu.png","contentUrl":"https:\/\/amu.pan.pl\/wp-content\/uploads\/2020\/08\/zz_amu.png","width":2794,"height":1016,"caption":"Akademia M\u0142odych Uczonych"},"image":{"@id":"https:\/\/amu.pan.pl\/#\/schema\/logo\/image\/"},"sameAs":["https:\/\/www.facebook.com\/AkademiaMlodychUczonych\/","https:\/\/x.com\/AMUPAN1"]}]}},"_links":{"self":[{"href":"https:\/\/amu.pan.pl\/en\/wp-json\/wp\/v2\/pages\/304","targetHints":{"allow":["GET"]}}],"collection":[{"href":"https:\/\/amu.pan.pl\/en\/wp-json\/wp\/v2\/pages"}],"about":[{"href":"https:\/\/amu.pan.pl\/en\/wp-json\/wp\/v2\/types\/page"}],"author":[{"embeddable":true,"href":"https:\/\/amu.pan.pl\/en\/wp-json\/wp\/v2\/users\/2"}],"replies":[{"embeddable":true,"href":"https:\/\/amu.pan.pl\/en\/wp-json\/wp\/v2\/comments?post=304"}],"version-history":[{"count":16,"href":"https:\/\/amu.pan.pl\/en\/wp-json\/wp\/v2\/pages\/304\/revisions"}],"predecessor-version":[{"id":5833,"href":"https:\/\/amu.pan.pl\/en\/wp-json\/wp\/v2\/pages\/304\/revisions\/5833"}],"wp:featuredmedia":[{"embeddable":true,"href":"https:\/\/amu.pan.pl\/en\/wp-json\/wp\/v2\/media\/303"}],"wp:attachment":[{"href":"https:\/\/amu.pan.pl\/en\/wp-json\/wp\/v2\/media?parent=304"}],"curies":[{"name":"wp","href":"https:\/\/api.w.org\/{rel}","templated":true}]}}