{"id":306,"date":"2019-10-08T12:52:35","date_gmt":"2019-10-08T10:52:35","guid":{"rendered":"https:\/\/amu.pan.pl\/test\/2019\/10\/08\/pawel-malinowski\/"},"modified":"2023-12-11T09:23:21","modified_gmt":"2023-12-11T08:23:21","slug":"pawel-malinowski","status":"publish","type":"page","link":"https:\/\/amu.pan.pl\/en\/pawel-malinowski\/","title":{"rendered":"Pawe\u0142 Malinowski"},"content":{"rendered":"<div data-elementor-type=\"wp-page\" data-elementor-id=\"306\" class=\"elementor elementor-306\">\n\t\t\t\t\t\t<section class=\"elementor-section elementor-top-section elementor-element elementor-element-2282ea77 elementor-section-boxed elementor-section-height-default elementor-section-height-default\" data-id=\"2282ea77\" data-element_type=\"section\">\n\t\t\t\t\t\t<div class=\"elementor-container elementor-column-gap-default\">\n\t\t\t\t\t<div class=\"elementor-column elementor-col-100 elementor-top-column elementor-element elementor-element-478777fd\" data-id=\"478777fd\" data-element_type=\"column\">\n\t\t\t<div class=\"elementor-widget-wrap elementor-element-populated\">\n\t\t\t\t\t\t<div class=\"elementor-element elementor-element-6421f693 elementor-widget elementor-widget-text-editor\" data-id=\"6421f693\" data-element_type=\"widget\" data-widget_type=\"text-editor.default\">\n\t\t\t\t<div class=\"elementor-widget-container\">\n\t\t\t\t\t\t\t\t\t<p>Pawe\u0142 H. Malinowski, PhD, DSc <a href=\"https:\/\/scholar.google.com\/citations?hl=en&amp;user=YfqySZAAAAAJ\">(Google Scholar)<\/a>, is a researcher at<a href=\"http:\/\/www.imp.gda.pl\"> the Szewalski Institute of Fluid-Flow Machinery Polish Academy of Sciences<\/a> employed as a professor of IMP PAN. He conducts research work at the<a href=\"http:\/\/www.imp.gda.pl\/o4\/z1\/\"> Department of Mechanics of Intelligent Structures.<\/a>In his work he deals with, among others, propagation of elastic waves, vibrations, electromechanical impedance, terahertz spectroscopy and thermography. He develops techniques for identifying damage in structural elements and health monitoring of structures. He was the principal investigator of Polish research projects (i.e. NCN, NCBR) and a team member in many national and international projects (including Cost Action, FP6, FP7, H2020). Currently, he leads the OPUS projects. He also conducted research work abroad at UCSD (USA,) KAIST (South Korea), Fraunhofer IFAM (Germany) and CNRS (France). During his scientific career, he received the START Scholarship form the Foundation for Polish Science (2011, 2012), the Bronze Cross of Merit (2016) from the President of the Republic of Poland and the awards of the Director of IMP PAN. Pawe\u0142 Malinowski is a member of the Scientific Board of the IMP PAN and the Committee of Mechanics of the Polish Academy of Sciences. He is an Academic Editor at the Journal of Sensors and Editorial Board Member of Vibration.<\/p>\t\t\t\t\t\t\t\t<\/div>\n\t\t\t\t<\/div>\n\t\t\t\t\t<\/div>\n\t\t<\/div>\n\t\t\t\t\t<\/div>\n\t\t<\/section>\n\t\t\t\t<\/div>","protected":false},"excerpt":{"rendered":"<p>Dr hab. Pawe\u0142 H. Malinowski (Google Scholar), jest pracownikiem naukowym Instytutu Maszyn Przep\u0142ywowych im. Roberta Szewalskiego Polskiej Akademii Nauk zatrudnionym na stanowisku Profesora IMP PAN. Prace badawcze prowadzi w Zak\u0142adzie Mechaniki Struktur Inteligentnych. W swojej pracy zajmuje si\u0119 m. in. propagacj\u0105 fal spr\u0119\u017cystych, drganiami, impedancj\u0105 elektromechaniczn\u0105, spektroskopi\u0105 terahercow\u0105 i termografi\u0105. Rozwija techniki identyfikacji uszkodze\u0144 element\u00f3w&hellip;&nbsp;<a href=\"https:\/\/amu.pan.pl\/en\/pawel-malinowski\/\" rel=\"bookmark\">Read More &raquo;<span class=\"screen-reader-text\">Pawe\u0142 Malinowski<\/span><\/a><\/p>","protected":false},"author":2,"featured_media":305,"parent":0,"menu_order":25,"comment_status":"open","ping_status":"open","template":"","meta":{"_monsterinsights_skip_tracking":false,"_monsterinsights_sitenote_active":false,"_monsterinsights_sitenote_note":"","_monsterinsights_sitenote_category":0,"neve_meta_sidebar":"","neve_meta_container":"","neve_meta_enable_content_width":"","neve_meta_content_width":0,"neve_meta_title_alignment":"","neve_meta_author_avatar":"","neve_post_elements_order":"","neve_meta_disable_header":"","neve_meta_disable_footer":"","neve_meta_disable_title":"","footnotes":""},"class_list":["post-306","page","type-page","status-publish","has-post-thumbnail","hentry"],"yoast_head":"<!-- This site is optimized with the Yoast SEO plugin v25.0 - https:\/\/yoast.com\/wordpress\/plugins\/seo\/ -->\n<title>Pawe\u0142 Malinowski - Akademia M\u0142odych Uczonych<\/title>\n<meta name=\"robots\" content=\"index, follow, max-snippet:-1, max-image-preview:large, max-video-preview:-1\" \/>\n<link rel=\"canonical\" href=\"https:\/\/amu.pan.pl\/en\/pawel-malinowski\/\" \/>\n<meta property=\"og:locale\" content=\"en_GB\" \/>\n<meta property=\"og:type\" content=\"article\" \/>\n<meta property=\"og:title\" content=\"Pawe\u0142 Malinowski - Akademia M\u0142odych Uczonych\" \/>\n<meta property=\"og:description\" content=\"Dr hab. Pawe\u0142 H. Malinowski (Google Scholar), jest pracownikiem naukowym Instytutu Maszyn Przep\u0142ywowych im. Roberta Szewalskiego Polskiej Akademii Nauk zatrudnionym na stanowisku Profesora IMP PAN. Prace badawcze prowadzi w Zak\u0142adzie Mechaniki Struktur Inteligentnych. W swojej pracy zajmuje si\u0119 m. in. propagacj\u0105 fal spr\u0119\u017cystych, drganiami, impedancj\u0105 elektromechaniczn\u0105, spektroskopi\u0105 terahercow\u0105 i termografi\u0105. Rozwija techniki identyfikacji uszkodze\u0144 element\u00f3w&hellip;&nbsp;Read More &raquo;Pawe\u0142 Malinowski\" \/>\n<meta property=\"og:url\" content=\"https:\/\/amu.pan.pl\/en\/pawel-malinowski\/\" \/>\n<meta property=\"og:site_name\" content=\"Akademia M\u0142odych Uczonych\" \/>\n<meta property=\"article:publisher\" content=\"https:\/\/www.facebook.com\/AkademiaMlodychUczonych\/\" \/>\n<meta property=\"article:modified_time\" content=\"2023-12-11T08:23:21+00:00\" \/>\n<meta property=\"og:image\" content=\"https:\/\/amu.pan.pl\/wp-content\/uploads\/2019\/10\/AMU_PMalinowski2.jpg\" \/>\n\t<meta property=\"og:image:width\" content=\"531\" \/>\n\t<meta property=\"og:image:height\" content=\"708\" \/>\n\t<meta property=\"og:image:type\" content=\"image\/jpeg\" \/>\n<meta name=\"twitter:card\" content=\"summary_large_image\" \/>\n<meta name=\"twitter:site\" content=\"@AMUPAN1\" \/>\n<meta name=\"twitter:label1\" content=\"Estimated reading time\" \/>\n\t<meta name=\"twitter:data1\" content=\"1 minute\" \/>\n<script type=\"application\/ld+json\" class=\"yoast-schema-graph\">{\"@context\":\"https:\/\/schema.org\",\"@graph\":[{\"@type\":\"WebPage\",\"@id\":\"https:\/\/amu.pan.pl\/en\/pawel-malinowski\/\",\"url\":\"https:\/\/amu.pan.pl\/en\/pawel-malinowski\/\",\"name\":\"Pawe\u0142 Malinowski - Akademia M\u0142odych Uczonych\",\"isPartOf\":{\"@id\":\"https:\/\/amu.pan.pl\/#website\"},\"primaryImageOfPage\":{\"@id\":\"https:\/\/amu.pan.pl\/en\/pawel-malinowski\/#primaryimage\"},\"image\":{\"@id\":\"https:\/\/amu.pan.pl\/en\/pawel-malinowski\/#primaryimage\"},\"thumbnailUrl\":\"https:\/\/amu.pan.pl\/wp-content\/uploads\/2019\/10\/AMU_PMalinowski2.jpg\",\"datePublished\":\"2019-10-08T10:52:35+00:00\",\"dateModified\":\"2023-12-11T08:23:21+00:00\",\"breadcrumb\":{\"@id\":\"https:\/\/amu.pan.pl\/en\/pawel-malinowski\/#breadcrumb\"},\"inLanguage\":\"en-GB\",\"potentialAction\":[{\"@type\":\"ReadAction\",\"target\":[\"https:\/\/amu.pan.pl\/en\/pawel-malinowski\/\"]}]},{\"@type\":\"ImageObject\",\"inLanguage\":\"en-GB\",\"@id\":\"https:\/\/amu.pan.pl\/en\/pawel-malinowski\/#primaryimage\",\"url\":\"https:\/\/amu.pan.pl\/wp-content\/uploads\/2019\/10\/AMU_PMalinowski2.jpg\",\"contentUrl\":\"https:\/\/amu.pan.pl\/wp-content\/uploads\/2019\/10\/AMU_PMalinowski2.jpg\",\"width\":531,\"height\":708,\"caption\":\"AMU PMalinowski2\"},{\"@type\":\"BreadcrumbList\",\"@id\":\"https:\/\/amu.pan.pl\/en\/pawel-malinowski\/#breadcrumb\",\"itemListElement\":[{\"@type\":\"ListItem\",\"position\":1,\"name\":\"Strona g\u0142\u00f3wna\",\"item\":\"https:\/\/amu.pan.pl\/\"},{\"@type\":\"ListItem\",\"position\":2,\"name\":\"Pawe\u0142 Malinowski\"}]},{\"@type\":\"WebSite\",\"@id\":\"https:\/\/amu.pan.pl\/#website\",\"url\":\"https:\/\/amu.pan.pl\/\",\"name\":\"Akademia M\u0142odych Uczonych\",\"description\":\"Polska Akademia Nauk\",\"publisher\":{\"@id\":\"https:\/\/amu.pan.pl\/#organization\"},\"potentialAction\":[{\"@type\":\"SearchAction\",\"target\":{\"@type\":\"EntryPoint\",\"urlTemplate\":\"https:\/\/amu.pan.pl\/?s={search_term_string}\"},\"query-input\":{\"@type\":\"PropertyValueSpecification\",\"valueRequired\":true,\"valueName\":\"search_term_string\"}}],\"inLanguage\":\"en-GB\"},{\"@type\":\"Organization\",\"@id\":\"https:\/\/amu.pan.pl\/#organization\",\"name\":\"Akademia M\u0142odych Uczonych\",\"url\":\"https:\/\/amu.pan.pl\/\",\"logo\":{\"@type\":\"ImageObject\",\"inLanguage\":\"en-GB\",\"@id\":\"https:\/\/amu.pan.pl\/#\/schema\/logo\/image\/\",\"url\":\"https:\/\/amu.pan.pl\/wp-content\/uploads\/2020\/08\/zz_amu.png\",\"contentUrl\":\"https:\/\/amu.pan.pl\/wp-content\/uploads\/2020\/08\/zz_amu.png\",\"width\":2794,\"height\":1016,\"caption\":\"Akademia M\u0142odych Uczonych\"},\"image\":{\"@id\":\"https:\/\/amu.pan.pl\/#\/schema\/logo\/image\/\"},\"sameAs\":[\"https:\/\/www.facebook.com\/AkademiaMlodychUczonych\/\",\"https:\/\/x.com\/AMUPAN1\"]}]}<\/script>\n<!-- \/ Yoast SEO plugin. -->","yoast_head_json":{"title":"Pawe\u0142 Malinowski - Akademia M\u0142odych Uczonych","robots":{"index":"index","follow":"follow","max-snippet":"max-snippet:-1","max-image-preview":"max-image-preview:large","max-video-preview":"max-video-preview:-1"},"canonical":"https:\/\/amu.pan.pl\/en\/pawel-malinowski\/","og_locale":"en_GB","og_type":"article","og_title":"Pawe\u0142 Malinowski - Akademia M\u0142odych Uczonych","og_description":"Dr hab. Pawe\u0142 H. Malinowski (Google Scholar), jest pracownikiem naukowym Instytutu Maszyn Przep\u0142ywowych im. Roberta Szewalskiego Polskiej Akademii Nauk zatrudnionym na stanowisku Profesora IMP PAN. Prace badawcze prowadzi w Zak\u0142adzie Mechaniki Struktur Inteligentnych. W swojej pracy zajmuje si\u0119 m. in. propagacj\u0105 fal spr\u0119\u017cystych, drganiami, impedancj\u0105 elektromechaniczn\u0105, spektroskopi\u0105 terahercow\u0105 i termografi\u0105. Rozwija techniki identyfikacji uszkodze\u0144 element\u00f3w&hellip;&nbsp;Read More &raquo;Pawe\u0142 Malinowski","og_url":"https:\/\/amu.pan.pl\/en\/pawel-malinowski\/","og_site_name":"Akademia M\u0142odych Uczonych","article_publisher":"https:\/\/www.facebook.com\/AkademiaMlodychUczonych\/","article_modified_time":"2023-12-11T08:23:21+00:00","og_image":[{"width":531,"height":708,"url":"https:\/\/amu.pan.pl\/wp-content\/uploads\/2019\/10\/AMU_PMalinowski2.jpg","type":"image\/jpeg"}],"twitter_card":"summary_large_image","twitter_site":"@AMUPAN1","twitter_misc":{"Estimated reading time":"1 minute"},"schema":{"@context":"https:\/\/schema.org","@graph":[{"@type":"WebPage","@id":"https:\/\/amu.pan.pl\/en\/pawel-malinowski\/","url":"https:\/\/amu.pan.pl\/en\/pawel-malinowski\/","name":"Pawe\u0142 Malinowski - Akademia M\u0142odych Uczonych","isPartOf":{"@id":"https:\/\/amu.pan.pl\/#website"},"primaryImageOfPage":{"@id":"https:\/\/amu.pan.pl\/en\/pawel-malinowski\/#primaryimage"},"image":{"@id":"https:\/\/amu.pan.pl\/en\/pawel-malinowski\/#primaryimage"},"thumbnailUrl":"https:\/\/amu.pan.pl\/wp-content\/uploads\/2019\/10\/AMU_PMalinowski2.jpg","datePublished":"2019-10-08T10:52:35+00:00","dateModified":"2023-12-11T08:23:21+00:00","breadcrumb":{"@id":"https:\/\/amu.pan.pl\/en\/pawel-malinowski\/#breadcrumb"},"inLanguage":"en-GB","potentialAction":[{"@type":"ReadAction","target":["https:\/\/amu.pan.pl\/en\/pawel-malinowski\/"]}]},{"@type":"ImageObject","inLanguage":"en-GB","@id":"https:\/\/amu.pan.pl\/en\/pawel-malinowski\/#primaryimage","url":"https:\/\/amu.pan.pl\/wp-content\/uploads\/2019\/10\/AMU_PMalinowski2.jpg","contentUrl":"https:\/\/amu.pan.pl\/wp-content\/uploads\/2019\/10\/AMU_PMalinowski2.jpg","width":531,"height":708,"caption":"AMU PMalinowski2"},{"@type":"BreadcrumbList","@id":"https:\/\/amu.pan.pl\/en\/pawel-malinowski\/#breadcrumb","itemListElement":[{"@type":"ListItem","position":1,"name":"Strona g\u0142\u00f3wna","item":"https:\/\/amu.pan.pl\/"},{"@type":"ListItem","position":2,"name":"Pawe\u0142 Malinowski"}]},{"@type":"WebSite","@id":"https:\/\/amu.pan.pl\/#website","url":"https:\/\/amu.pan.pl\/","name":"Akademia M\u0142odych Uczonych","description":"Polska Akademia Nauk","publisher":{"@id":"https:\/\/amu.pan.pl\/#organization"},"potentialAction":[{"@type":"SearchAction","target":{"@type":"EntryPoint","urlTemplate":"https:\/\/amu.pan.pl\/?s={search_term_string}"},"query-input":{"@type":"PropertyValueSpecification","valueRequired":true,"valueName":"search_term_string"}}],"inLanguage":"en-GB"},{"@type":"Organization","@id":"https:\/\/amu.pan.pl\/#organization","name":"Akademia M\u0142odych Uczonych","url":"https:\/\/amu.pan.pl\/","logo":{"@type":"ImageObject","inLanguage":"en-GB","@id":"https:\/\/amu.pan.pl\/#\/schema\/logo\/image\/","url":"https:\/\/amu.pan.pl\/wp-content\/uploads\/2020\/08\/zz_amu.png","contentUrl":"https:\/\/amu.pan.pl\/wp-content\/uploads\/2020\/08\/zz_amu.png","width":2794,"height":1016,"caption":"Akademia M\u0142odych Uczonych"},"image":{"@id":"https:\/\/amu.pan.pl\/#\/schema\/logo\/image\/"},"sameAs":["https:\/\/www.facebook.com\/AkademiaMlodychUczonych\/","https:\/\/x.com\/AMUPAN1"]}]}},"_links":{"self":[{"href":"https:\/\/amu.pan.pl\/en\/wp-json\/wp\/v2\/pages\/306","targetHints":{"allow":["GET"]}}],"collection":[{"href":"https:\/\/amu.pan.pl\/en\/wp-json\/wp\/v2\/pages"}],"about":[{"href":"https:\/\/amu.pan.pl\/en\/wp-json\/wp\/v2\/types\/page"}],"author":[{"embeddable":true,"href":"https:\/\/amu.pan.pl\/en\/wp-json\/wp\/v2\/users\/2"}],"replies":[{"embeddable":true,"href":"https:\/\/amu.pan.pl\/en\/wp-json\/wp\/v2\/comments?post=306"}],"version-history":[{"count":7,"href":"https:\/\/amu.pan.pl\/en\/wp-json\/wp\/v2\/pages\/306\/revisions"}],"predecessor-version":[{"id":5161,"href":"https:\/\/amu.pan.pl\/en\/wp-json\/wp\/v2\/pages\/306\/revisions\/5161"}],"wp:featuredmedia":[{"embeddable":true,"href":"https:\/\/amu.pan.pl\/en\/wp-json\/wp\/v2\/media\/305"}],"wp:attachment":[{"href":"https:\/\/amu.pan.pl\/en\/wp-json\/wp\/v2\/media?parent=306"}],"curies":[{"name":"wp","href":"https:\/\/api.w.org\/{rel}","templated":true}]}}