{"id":309,"date":"2019-10-08T12:53:27","date_gmt":"2019-10-08T10:53:27","guid":{"rendered":"https:\/\/amu.pan.pl\/test\/2019\/10\/08\/krzysztof-nowak\/"},"modified":"2020-10-02T23:57:09","modified_gmt":"2020-10-02T21:57:09","slug":"krzysztof-nowak","status":"publish","type":"page","link":"https:\/\/amu.pan.pl\/en\/krzysztof-nowak\/","title":{"rendered":"Krzysztof Nowak"},"content":{"rendered":"<p><img decoding=\"async\" class=\"size-full wp-image-308\" style=\"display: block; margin-left: auto; margin-right: auto;\" src=\"https:\/\/amu.pan.pl\/wp-content\/uploads\/2019\/10\/I_KNowak.jpg\" alt=\"\" width=\"162\" height=\"237\" \/><\/p>\n<p><strong>Krzysztof Nowak<\/strong>: I graduated from the Faculty of Philology at the Jagiellonian University (classical philology) and there I also defended my doctorate on the theory of reading Roman grammarians. Since 2010, I have been employed in the Medieval Latin Studio of the Institute of Polish Language of the Polish Academy of Sciences. As a lexicographer and a member of the Medieval Latin Dictionary in Poland team, I describe what the words used in medieval texts written in Poland meant, and therefore how people living in that era understood themselves and the surrounding reality. By contributing to linguistic corpora, I try to provide tools that will help you analyze the language faster and more rigorously. As a linguist, I try to use corpora to understand what the distributional properties of words (e.g. how often they are and in what company they appear) tell us about their meaning. I am particularly interested in metaphorical expressions, wanting to better understand why in Latin (as well as in Polish) we waste time, something falls out of our memory and we are consumed by jealousy.<\/p>\n<p>Since 2018, I have been the manager of the NPRH grant, Electronic Corps of Polish Medieval Latin. Continuation of work (<a href=\"https:\/\/scriptores.pl\/efontes\">https:\/\/scriptores.pl\/efontes<\/a>) and contractor in the D\u0142ugosz 2.0 project. The body and tools for analyzing the language of Jan D\u0142ugosz (<a href=\"https:\/\/scriptores.pl\/dlugosz\">https:\/\/scriptores.pl\/dlugosz<\/a>). Since 2010, I have been co-running the information portal Classica, mediaevalia etc. (<a href=\"http:\/\/classica-mediaevalia.pl\">http:\/\/classica-mediaevalia.pl<\/a>).<\/p>\n<p>&nbsp;<\/p>\n<p>&nbsp;<\/p>","protected":false},"excerpt":{"rendered":"<p>Krzysztof Nowak: Uko\u0144czy\u0142em Wydzia\u0142 Filologiczny UJ (filologia klasyczna) i tam te\u017c obroni\u0142em doktorat po\u015bwi\u0119cony teorii lektury rzymskich gramatyk\u00f3w. Od 2010 r. jestem zatrudniony w Pracowni \u0141aciny \u015aredniowiecznej Instytutu J\u0119zyka Polskiego PAN. Jako leksykograf i cz\u0142onek zespo\u0142u S\u0142ownika \u0142aciny \u015bredniowiecznej w Polsce opisuj\u0119, co znaczy\u0142y s\u0142owa, kt\u00f3rych u\u017cywano w \u015bredniowiecznych tekstach stworzonych na ziemiach polskich, a&hellip;&nbsp;<a href=\"https:\/\/amu.pan.pl\/en\/krzysztof-nowak\/\" rel=\"bookmark\">Read More &raquo;<span class=\"screen-reader-text\">Krzysztof Nowak<\/span><\/a><\/p>","protected":false},"author":2,"featured_media":308,"parent":0,"menu_order":19,"comment_status":"open","ping_status":"open","template":"","meta":{"_monsterinsights_skip_tracking":false,"_monsterinsights_sitenote_active":false,"_monsterinsights_sitenote_note":"","_monsterinsights_sitenote_category":0,"neve_meta_sidebar":"","neve_meta_container":"","neve_meta_enable_content_width":"","neve_meta_content_width":0,"neve_meta_title_alignment":"","neve_meta_author_avatar":"","neve_post_elements_order":"","neve_meta_disable_header":"","neve_meta_disable_footer":"","neve_meta_disable_title":"","footnotes":""},"class_list":["post-309","page","type-page","status-publish","has-post-thumbnail","hentry"],"yoast_head":"<!-- This site is optimized with the Yoast SEO plugin v25.0 - https:\/\/yoast.com\/wordpress\/plugins\/seo\/ -->\n<title>Krzysztof Nowak - Akademia M\u0142odych Uczonych<\/title>\n<meta name=\"robots\" content=\"index, follow, max-snippet:-1, max-image-preview:large, max-video-preview:-1\" \/>\n<link rel=\"canonical\" href=\"https:\/\/amu.pan.pl\/en\/krzysztof-nowak\/\" \/>\n<meta property=\"og:locale\" content=\"en_GB\" \/>\n<meta property=\"og:type\" content=\"article\" \/>\n<meta property=\"og:title\" content=\"Krzysztof Nowak - Akademia M\u0142odych Uczonych\" \/>\n<meta property=\"og:description\" content=\"Krzysztof Nowak: Uko\u0144czy\u0142em Wydzia\u0142 Filologiczny UJ (filologia klasyczna) i tam te\u017c obroni\u0142em doktorat po\u015bwi\u0119cony teorii lektury rzymskich gramatyk\u00f3w. Od 2010 r. jestem zatrudniony w Pracowni \u0141aciny \u015aredniowiecznej Instytutu J\u0119zyka Polskiego PAN. Jako leksykograf i cz\u0142onek zespo\u0142u S\u0142ownika \u0142aciny \u015bredniowiecznej w Polsce opisuj\u0119, co znaczy\u0142y s\u0142owa, kt\u00f3rych u\u017cywano w \u015bredniowiecznych tekstach stworzonych na ziemiach polskich, a&hellip;&nbsp;Read More &raquo;Krzysztof Nowak\" \/>\n<meta property=\"og:url\" content=\"https:\/\/amu.pan.pl\/en\/krzysztof-nowak\/\" \/>\n<meta property=\"og:site_name\" content=\"Akademia M\u0142odych Uczonych\" \/>\n<meta property=\"article:publisher\" content=\"https:\/\/www.facebook.com\/AkademiaMlodychUczonych\/\" \/>\n<meta property=\"article:modified_time\" content=\"2020-10-02T21:57:09+00:00\" \/>\n<meta property=\"og:image\" content=\"https:\/\/amu.pan.pl\/wp-content\/uploads\/2019\/10\/I_KNowak-e1602767489792.jpg\" \/>\n\t<meta property=\"og:image:width\" content=\"250\" \/>\n\t<meta property=\"og:image:height\" content=\"243\" \/>\n\t<meta property=\"og:image:type\" content=\"image\/jpeg\" \/>\n<meta name=\"twitter:card\" content=\"summary_large_image\" \/>\n<meta name=\"twitter:site\" content=\"@AMUPAN1\" \/>\n<meta name=\"twitter:label1\" content=\"Estimated reading time\" \/>\n\t<meta name=\"twitter:data1\" content=\"1 minute\" \/>\n<script type=\"application\/ld+json\" class=\"yoast-schema-graph\">{\"@context\":\"https:\/\/schema.org\",\"@graph\":[{\"@type\":\"WebPage\",\"@id\":\"https:\/\/amu.pan.pl\/en\/krzysztof-nowak\/\",\"url\":\"https:\/\/amu.pan.pl\/en\/krzysztof-nowak\/\",\"name\":\"Krzysztof Nowak - Akademia M\u0142odych Uczonych\",\"isPartOf\":{\"@id\":\"https:\/\/amu.pan.pl\/#website\"},\"primaryImageOfPage\":{\"@id\":\"https:\/\/amu.pan.pl\/en\/krzysztof-nowak\/#primaryimage\"},\"image\":{\"@id\":\"https:\/\/amu.pan.pl\/en\/krzysztof-nowak\/#primaryimage\"},\"thumbnailUrl\":\"https:\/\/amu.pan.pl\/wp-content\/uploads\/2019\/10\/I_KNowak-e1602767489792.jpg\",\"datePublished\":\"2019-10-08T10:53:27+00:00\",\"dateModified\":\"2020-10-02T21:57:09+00:00\",\"breadcrumb\":{\"@id\":\"https:\/\/amu.pan.pl\/en\/krzysztof-nowak\/#breadcrumb\"},\"inLanguage\":\"en-GB\",\"potentialAction\":[{\"@type\":\"ReadAction\",\"target\":[\"https:\/\/amu.pan.pl\/en\/krzysztof-nowak\/\"]}]},{\"@type\":\"ImageObject\",\"inLanguage\":\"en-GB\",\"@id\":\"https:\/\/amu.pan.pl\/en\/krzysztof-nowak\/#primaryimage\",\"url\":\"https:\/\/amu.pan.pl\/wp-content\/uploads\/2019\/10\/I_KNowak-e1602767489792.jpg\",\"contentUrl\":\"https:\/\/amu.pan.pl\/wp-content\/uploads\/2019\/10\/I_KNowak-e1602767489792.jpg\",\"width\":250,\"height\":243},{\"@type\":\"BreadcrumbList\",\"@id\":\"https:\/\/amu.pan.pl\/en\/krzysztof-nowak\/#breadcrumb\",\"itemListElement\":[{\"@type\":\"ListItem\",\"position\":1,\"name\":\"Strona g\u0142\u00f3wna\",\"item\":\"https:\/\/amu.pan.pl\/\"},{\"@type\":\"ListItem\",\"position\":2,\"name\":\"Krzysztof Nowak\"}]},{\"@type\":\"WebSite\",\"@id\":\"https:\/\/amu.pan.pl\/#website\",\"url\":\"https:\/\/amu.pan.pl\/\",\"name\":\"Akademia M\u0142odych Uczonych\",\"description\":\"Polska Akademia Nauk\",\"publisher\":{\"@id\":\"https:\/\/amu.pan.pl\/#organization\"},\"potentialAction\":[{\"@type\":\"SearchAction\",\"target\":{\"@type\":\"EntryPoint\",\"urlTemplate\":\"https:\/\/amu.pan.pl\/?s={search_term_string}\"},\"query-input\":{\"@type\":\"PropertyValueSpecification\",\"valueRequired\":true,\"valueName\":\"search_term_string\"}}],\"inLanguage\":\"en-GB\"},{\"@type\":\"Organization\",\"@id\":\"https:\/\/amu.pan.pl\/#organization\",\"name\":\"Akademia M\u0142odych Uczonych\",\"url\":\"https:\/\/amu.pan.pl\/\",\"logo\":{\"@type\":\"ImageObject\",\"inLanguage\":\"en-GB\",\"@id\":\"https:\/\/amu.pan.pl\/#\/schema\/logo\/image\/\",\"url\":\"https:\/\/amu.pan.pl\/wp-content\/uploads\/2020\/08\/zz_amu.png\",\"contentUrl\":\"https:\/\/amu.pan.pl\/wp-content\/uploads\/2020\/08\/zz_amu.png\",\"width\":2794,\"height\":1016,\"caption\":\"Akademia M\u0142odych Uczonych\"},\"image\":{\"@id\":\"https:\/\/amu.pan.pl\/#\/schema\/logo\/image\/\"},\"sameAs\":[\"https:\/\/www.facebook.com\/AkademiaMlodychUczonych\/\",\"https:\/\/x.com\/AMUPAN1\"]}]}<\/script>\n<!-- \/ Yoast SEO plugin. -->","yoast_head_json":{"title":"Krzysztof Nowak - Akademia M\u0142odych Uczonych","robots":{"index":"index","follow":"follow","max-snippet":"max-snippet:-1","max-image-preview":"max-image-preview:large","max-video-preview":"max-video-preview:-1"},"canonical":"https:\/\/amu.pan.pl\/en\/krzysztof-nowak\/","og_locale":"en_GB","og_type":"article","og_title":"Krzysztof Nowak - Akademia M\u0142odych Uczonych","og_description":"Krzysztof Nowak: Uko\u0144czy\u0142em Wydzia\u0142 Filologiczny UJ (filologia klasyczna) i tam te\u017c obroni\u0142em doktorat po\u015bwi\u0119cony teorii lektury rzymskich gramatyk\u00f3w. Od 2010 r. jestem zatrudniony w Pracowni \u0141aciny \u015aredniowiecznej Instytutu J\u0119zyka Polskiego PAN. Jako leksykograf i cz\u0142onek zespo\u0142u S\u0142ownika \u0142aciny \u015bredniowiecznej w Polsce opisuj\u0119, co znaczy\u0142y s\u0142owa, kt\u00f3rych u\u017cywano w \u015bredniowiecznych tekstach stworzonych na ziemiach polskich, a&hellip;&nbsp;Read More &raquo;Krzysztof Nowak","og_url":"https:\/\/amu.pan.pl\/en\/krzysztof-nowak\/","og_site_name":"Akademia M\u0142odych Uczonych","article_publisher":"https:\/\/www.facebook.com\/AkademiaMlodychUczonych\/","article_modified_time":"2020-10-02T21:57:09+00:00","og_image":[{"width":250,"height":243,"url":"https:\/\/amu.pan.pl\/wp-content\/uploads\/2019\/10\/I_KNowak-e1602767489792.jpg","type":"image\/jpeg"}],"twitter_card":"summary_large_image","twitter_site":"@AMUPAN1","twitter_misc":{"Estimated reading time":"1 minute"},"schema":{"@context":"https:\/\/schema.org","@graph":[{"@type":"WebPage","@id":"https:\/\/amu.pan.pl\/en\/krzysztof-nowak\/","url":"https:\/\/amu.pan.pl\/en\/krzysztof-nowak\/","name":"Krzysztof Nowak - Akademia M\u0142odych Uczonych","isPartOf":{"@id":"https:\/\/amu.pan.pl\/#website"},"primaryImageOfPage":{"@id":"https:\/\/amu.pan.pl\/en\/krzysztof-nowak\/#primaryimage"},"image":{"@id":"https:\/\/amu.pan.pl\/en\/krzysztof-nowak\/#primaryimage"},"thumbnailUrl":"https:\/\/amu.pan.pl\/wp-content\/uploads\/2019\/10\/I_KNowak-e1602767489792.jpg","datePublished":"2019-10-08T10:53:27+00:00","dateModified":"2020-10-02T21:57:09+00:00","breadcrumb":{"@id":"https:\/\/amu.pan.pl\/en\/krzysztof-nowak\/#breadcrumb"},"inLanguage":"en-GB","potentialAction":[{"@type":"ReadAction","target":["https:\/\/amu.pan.pl\/en\/krzysztof-nowak\/"]}]},{"@type":"ImageObject","inLanguage":"en-GB","@id":"https:\/\/amu.pan.pl\/en\/krzysztof-nowak\/#primaryimage","url":"https:\/\/amu.pan.pl\/wp-content\/uploads\/2019\/10\/I_KNowak-e1602767489792.jpg","contentUrl":"https:\/\/amu.pan.pl\/wp-content\/uploads\/2019\/10\/I_KNowak-e1602767489792.jpg","width":250,"height":243},{"@type":"BreadcrumbList","@id":"https:\/\/amu.pan.pl\/en\/krzysztof-nowak\/#breadcrumb","itemListElement":[{"@type":"ListItem","position":1,"name":"Strona g\u0142\u00f3wna","item":"https:\/\/amu.pan.pl\/"},{"@type":"ListItem","position":2,"name":"Krzysztof Nowak"}]},{"@type":"WebSite","@id":"https:\/\/amu.pan.pl\/#website","url":"https:\/\/amu.pan.pl\/","name":"Akademia M\u0142odych Uczonych","description":"Polska Akademia Nauk","publisher":{"@id":"https:\/\/amu.pan.pl\/#organization"},"potentialAction":[{"@type":"SearchAction","target":{"@type":"EntryPoint","urlTemplate":"https:\/\/amu.pan.pl\/?s={search_term_string}"},"query-input":{"@type":"PropertyValueSpecification","valueRequired":true,"valueName":"search_term_string"}}],"inLanguage":"en-GB"},{"@type":"Organization","@id":"https:\/\/amu.pan.pl\/#organization","name":"Akademia M\u0142odych Uczonych","url":"https:\/\/amu.pan.pl\/","logo":{"@type":"ImageObject","inLanguage":"en-GB","@id":"https:\/\/amu.pan.pl\/#\/schema\/logo\/image\/","url":"https:\/\/amu.pan.pl\/wp-content\/uploads\/2020\/08\/zz_amu.png","contentUrl":"https:\/\/amu.pan.pl\/wp-content\/uploads\/2020\/08\/zz_amu.png","width":2794,"height":1016,"caption":"Akademia M\u0142odych Uczonych"},"image":{"@id":"https:\/\/amu.pan.pl\/#\/schema\/logo\/image\/"},"sameAs":["https:\/\/www.facebook.com\/AkademiaMlodychUczonych\/","https:\/\/x.com\/AMUPAN1"]}]}},"_links":{"self":[{"href":"https:\/\/amu.pan.pl\/en\/wp-json\/wp\/v2\/pages\/309","targetHints":{"allow":["GET"]}}],"collection":[{"href":"https:\/\/amu.pan.pl\/en\/wp-json\/wp\/v2\/pages"}],"about":[{"href":"https:\/\/amu.pan.pl\/en\/wp-json\/wp\/v2\/types\/page"}],"author":[{"embeddable":true,"href":"https:\/\/amu.pan.pl\/en\/wp-json\/wp\/v2\/users\/2"}],"replies":[{"embeddable":true,"href":"https:\/\/amu.pan.pl\/en\/wp-json\/wp\/v2\/comments?post=309"}],"version-history":[{"count":0,"href":"https:\/\/amu.pan.pl\/en\/wp-json\/wp\/v2\/pages\/309\/revisions"}],"wp:featuredmedia":[{"embeddable":true,"href":"https:\/\/amu.pan.pl\/en\/wp-json\/wp\/v2\/media\/308"}],"wp:attachment":[{"href":"https:\/\/amu.pan.pl\/en\/wp-json\/wp\/v2\/media?parent=309"}],"curies":[{"name":"wp","href":"https:\/\/api.w.org\/{rel}","templated":true}]}}