{"id":312,"date":"2019-10-08T12:56:02","date_gmt":"2019-10-08T10:56:02","guid":{"rendered":"https:\/\/amu.pan.pl\/test\/2019\/10\/08\/marek-skrzypski\/"},"modified":"2020-10-02T23:57:09","modified_gmt":"2020-10-02T21:57:09","slug":"marek-skrzypski","status":"publish","type":"page","link":"https:\/\/amu.pan.pl\/en\/marek-skrzypski\/","title":{"rendered":"Marek Skrzypski"},"content":{"rendered":"<p><img fetchpriority=\"high\" decoding=\"async\" class=\"size-full wp-image-311\" style=\"display: block; margin-left: auto; margin-right: auto;\" src=\"https:\/\/amu.pan.pl\/wp-content\/uploads\/2019\/10\/II_MSkrzypski.jpg\" alt=\"\" width=\"220\" height=\"232\" srcset=\"https:\/\/amu.pan.pl\/wp-content\/uploads\/2019\/10\/II_MSkrzypski.jpg 1848w, https:\/\/amu.pan.pl\/wp-content\/uploads\/2019\/10\/II_MSkrzypski-285x300.jpg 285w, https:\/\/amu.pan.pl\/wp-content\/uploads\/2019\/10\/II_MSkrzypski-972x1024.jpg 972w, https:\/\/amu.pan.pl\/wp-content\/uploads\/2019\/10\/II_MSkrzypski-768x809.jpg 768w, https:\/\/amu.pan.pl\/wp-content\/uploads\/2019\/10\/II_MSkrzypski-1459x1536.jpg 1459w, https:\/\/amu.pan.pl\/wp-content\/uploads\/2019\/10\/II_MSkrzypski-1200x1264.jpg 1200w\" sizes=\"(max-width: 220px) 100vw, 220px\" \/><\/p>\n<p>Dr hab. in\u017c. <strong>Marek Skrzypski<\/strong> is an assistant professor at the Department of Animal Physiology and Biochemistry at the Faculty of Veterinary Medicine and Animal Sciences at the University of Life Sciences in Pozna\u0144. He obtained his master&#039;s degree in 2006 at the Faculty of Animal Breeding and Biology of the Agricultural University of August Cieszkowski in Pozna\u0144 (currently Pozna\u0144 University of Life Sciences). He defended his doctorate in 2013 at the Faculty of Biology of the University of Adam Mickiewicz in Pozna\u0144. In 2018, he obtained a postdoctoral degree awarded by the Scientific Council of the Institute of Experimental Biology Marceli Nencki PAS. As part of his research, he completed two scientific internships (2008-2011, 2012-2014) at the Charit\u00e9 Medical University in Berlin. His research concerns mainly the hormonal regulation of white and brown adipogenesis as well as the metabolism and endocrine functions of adipose tissue. In addition, his research interests include the biology of pancreatic alpha and beta islet cells. He is a laureate of the programs of the Foundation for Polish Science (two Start scholarships), the Ministry of Science and Higher Education (Iuventus Plus, a scholarship for outstanding young scientists), the National Science Center (Preludium, Sonata) and several awards of the Rector of the University of Life Sciences in Pozna\u0144 for his scientific activity. He published the results of his research in such journals as Diabetologia, Biochimica et Biophysica Acta or Journal of Endocrinology.<\/p>","protected":false},"excerpt":{"rendered":"<p>Dr hab. in\u017c. Marek Skrzypski jest adiunktem w Katedrze Fizjologii i Biochemii Zwierz\u0105t na Wydziale Medycyny Weterynaryjnej i Nauk o Zwierz\u0119tach Uniwersytetu Przyrodniczego w Poznaniu. Tytu\u0142 magistra uzyska\u0142 w 2006 roku na Wydziale Hodowli i Biologii Zwierz\u0105t Akademii Rolniczej im. Augusta Cieszkowskiego w Poznaniu (obecnie Uniwersytet Przyrodniczy w Poznaniu). Doktorat obroni\u0142 w 2013 roku na&hellip;&nbsp;<a href=\"https:\/\/amu.pan.pl\/en\/marek-skrzypski\/\" rel=\"bookmark\">Read More &raquo;<span class=\"screen-reader-text\">Marek Skrzypski<\/span><\/a><\/p>","protected":false},"author":2,"featured_media":311,"parent":0,"menu_order":12,"comment_status":"open","ping_status":"open","template":"","meta":{"_monsterinsights_skip_tracking":false,"_monsterinsights_sitenote_active":false,"_monsterinsights_sitenote_note":"","_monsterinsights_sitenote_category":0,"neve_meta_sidebar":"","neve_meta_container":"","neve_meta_enable_content_width":"","neve_meta_content_width":0,"neve_meta_title_alignment":"","neve_meta_author_avatar":"","neve_post_elements_order":"","neve_meta_disable_header":"","neve_meta_disable_footer":"","neve_meta_disable_title":"","footnotes":""},"class_list":["post-312","page","type-page","status-publish","has-post-thumbnail","hentry"],"yoast_head":"<!-- This site is optimized with the Yoast SEO plugin v25.0 - https:\/\/yoast.com\/wordpress\/plugins\/seo\/ -->\n<title>Marek Skrzypski - Akademia M\u0142odych Uczonych<\/title>\n<meta name=\"robots\" content=\"index, follow, max-snippet:-1, max-image-preview:large, max-video-preview:-1\" \/>\n<link rel=\"canonical\" href=\"https:\/\/amu.pan.pl\/en\/marek-skrzypski\/\" \/>\n<meta property=\"og:locale\" content=\"en_GB\" \/>\n<meta property=\"og:type\" content=\"article\" \/>\n<meta property=\"og:title\" content=\"Marek Skrzypski - Akademia M\u0142odych Uczonych\" \/>\n<meta property=\"og:description\" content=\"Dr hab. in\u017c. Marek Skrzypski jest adiunktem w Katedrze Fizjologii i Biochemii Zwierz\u0105t na Wydziale Medycyny Weterynaryjnej i Nauk o Zwierz\u0119tach Uniwersytetu Przyrodniczego w Poznaniu. Tytu\u0142 magistra uzyska\u0142 w 2006 roku na Wydziale Hodowli i Biologii Zwierz\u0105t Akademii Rolniczej im. Augusta Cieszkowskiego w Poznaniu (obecnie Uniwersytet Przyrodniczy w Poznaniu). Doktorat obroni\u0142 w 2013 roku na&hellip;&nbsp;Read More &raquo;Marek Skrzypski\" \/>\n<meta property=\"og:url\" content=\"https:\/\/amu.pan.pl\/en\/marek-skrzypski\/\" \/>\n<meta property=\"og:site_name\" content=\"Akademia M\u0142odych Uczonych\" \/>\n<meta property=\"article:publisher\" content=\"https:\/\/www.facebook.com\/AkademiaMlodychUczonych\/\" \/>\n<meta property=\"article:modified_time\" content=\"2020-10-02T21:57:09+00:00\" \/>\n<meta property=\"og:image\" content=\"https:\/\/amu.pan.pl\/wp-content\/uploads\/2019\/10\/II_MSkrzypski.jpg\" \/>\n\t<meta property=\"og:image:width\" content=\"1848\" \/>\n\t<meta property=\"og:image:height\" content=\"1946\" \/>\n\t<meta property=\"og:image:type\" content=\"image\/jpeg\" \/>\n<meta name=\"twitter:card\" content=\"summary_large_image\" \/>\n<meta name=\"twitter:site\" content=\"@AMUPAN1\" \/>\n<meta name=\"twitter:label1\" content=\"Estimated reading time\" \/>\n\t<meta name=\"twitter:data1\" content=\"1 minute\" \/>\n<script type=\"application\/ld+json\" class=\"yoast-schema-graph\">{\"@context\":\"https:\/\/schema.org\",\"@graph\":[{\"@type\":\"WebPage\",\"@id\":\"https:\/\/amu.pan.pl\/en\/marek-skrzypski\/\",\"url\":\"https:\/\/amu.pan.pl\/en\/marek-skrzypski\/\",\"name\":\"Marek Skrzypski - Akademia M\u0142odych Uczonych\",\"isPartOf\":{\"@id\":\"https:\/\/amu.pan.pl\/#website\"},\"primaryImageOfPage\":{\"@id\":\"https:\/\/amu.pan.pl\/en\/marek-skrzypski\/#primaryimage\"},\"image\":{\"@id\":\"https:\/\/amu.pan.pl\/en\/marek-skrzypski\/#primaryimage\"},\"thumbnailUrl\":\"https:\/\/amu.pan.pl\/wp-content\/uploads\/2019\/10\/II_MSkrzypski.jpg\",\"datePublished\":\"2019-10-08T10:56:02+00:00\",\"dateModified\":\"2020-10-02T21:57:09+00:00\",\"breadcrumb\":{\"@id\":\"https:\/\/amu.pan.pl\/en\/marek-skrzypski\/#breadcrumb\"},\"inLanguage\":\"en-GB\",\"potentialAction\":[{\"@type\":\"ReadAction\",\"target\":[\"https:\/\/amu.pan.pl\/en\/marek-skrzypski\/\"]}]},{\"@type\":\"ImageObject\",\"inLanguage\":\"en-GB\",\"@id\":\"https:\/\/amu.pan.pl\/en\/marek-skrzypski\/#primaryimage\",\"url\":\"https:\/\/amu.pan.pl\/wp-content\/uploads\/2019\/10\/II_MSkrzypski.jpg\",\"contentUrl\":\"https:\/\/amu.pan.pl\/wp-content\/uploads\/2019\/10\/II_MSkrzypski.jpg\",\"width\":1848,\"height\":1946},{\"@type\":\"BreadcrumbList\",\"@id\":\"https:\/\/amu.pan.pl\/en\/marek-skrzypski\/#breadcrumb\",\"itemListElement\":[{\"@type\":\"ListItem\",\"position\":1,\"name\":\"Strona g\u0142\u00f3wna\",\"item\":\"https:\/\/amu.pan.pl\/\"},{\"@type\":\"ListItem\",\"position\":2,\"name\":\"Marek Skrzypski\"}]},{\"@type\":\"WebSite\",\"@id\":\"https:\/\/amu.pan.pl\/#website\",\"url\":\"https:\/\/amu.pan.pl\/\",\"name\":\"Akademia M\u0142odych Uczonych\",\"description\":\"Polska Akademia Nauk\",\"publisher\":{\"@id\":\"https:\/\/amu.pan.pl\/#organization\"},\"potentialAction\":[{\"@type\":\"SearchAction\",\"target\":{\"@type\":\"EntryPoint\",\"urlTemplate\":\"https:\/\/amu.pan.pl\/?s={search_term_string}\"},\"query-input\":{\"@type\":\"PropertyValueSpecification\",\"valueRequired\":true,\"valueName\":\"search_term_string\"}}],\"inLanguage\":\"en-GB\"},{\"@type\":\"Organization\",\"@id\":\"https:\/\/amu.pan.pl\/#organization\",\"name\":\"Akademia M\u0142odych Uczonych\",\"url\":\"https:\/\/amu.pan.pl\/\",\"logo\":{\"@type\":\"ImageObject\",\"inLanguage\":\"en-GB\",\"@id\":\"https:\/\/amu.pan.pl\/#\/schema\/logo\/image\/\",\"url\":\"https:\/\/amu.pan.pl\/wp-content\/uploads\/2020\/08\/zz_amu.png\",\"contentUrl\":\"https:\/\/amu.pan.pl\/wp-content\/uploads\/2020\/08\/zz_amu.png\",\"width\":2794,\"height\":1016,\"caption\":\"Akademia M\u0142odych Uczonych\"},\"image\":{\"@id\":\"https:\/\/amu.pan.pl\/#\/schema\/logo\/image\/\"},\"sameAs\":[\"https:\/\/www.facebook.com\/AkademiaMlodychUczonych\/\",\"https:\/\/x.com\/AMUPAN1\"]}]}<\/script>\n<!-- \/ Yoast SEO plugin. -->","yoast_head_json":{"title":"Marek Skrzypski - Akademia M\u0142odych Uczonych","robots":{"index":"index","follow":"follow","max-snippet":"max-snippet:-1","max-image-preview":"max-image-preview:large","max-video-preview":"max-video-preview:-1"},"canonical":"https:\/\/amu.pan.pl\/en\/marek-skrzypski\/","og_locale":"en_GB","og_type":"article","og_title":"Marek Skrzypski - Akademia M\u0142odych Uczonych","og_description":"Dr hab. in\u017c. Marek Skrzypski jest adiunktem w Katedrze Fizjologii i Biochemii Zwierz\u0105t na Wydziale Medycyny Weterynaryjnej i Nauk o Zwierz\u0119tach Uniwersytetu Przyrodniczego w Poznaniu. Tytu\u0142 magistra uzyska\u0142 w 2006 roku na Wydziale Hodowli i Biologii Zwierz\u0105t Akademii Rolniczej im. Augusta Cieszkowskiego w Poznaniu (obecnie Uniwersytet Przyrodniczy w Poznaniu). Doktorat obroni\u0142 w 2013 roku na&hellip;&nbsp;Read More &raquo;Marek Skrzypski","og_url":"https:\/\/amu.pan.pl\/en\/marek-skrzypski\/","og_site_name":"Akademia M\u0142odych Uczonych","article_publisher":"https:\/\/www.facebook.com\/AkademiaMlodychUczonych\/","article_modified_time":"2020-10-02T21:57:09+00:00","og_image":[{"width":1848,"height":1946,"url":"https:\/\/amu.pan.pl\/wp-content\/uploads\/2019\/10\/II_MSkrzypski.jpg","type":"image\/jpeg"}],"twitter_card":"summary_large_image","twitter_site":"@AMUPAN1","twitter_misc":{"Estimated reading time":"1 minute"},"schema":{"@context":"https:\/\/schema.org","@graph":[{"@type":"WebPage","@id":"https:\/\/amu.pan.pl\/en\/marek-skrzypski\/","url":"https:\/\/amu.pan.pl\/en\/marek-skrzypski\/","name":"Marek Skrzypski - Akademia M\u0142odych Uczonych","isPartOf":{"@id":"https:\/\/amu.pan.pl\/#website"},"primaryImageOfPage":{"@id":"https:\/\/amu.pan.pl\/en\/marek-skrzypski\/#primaryimage"},"image":{"@id":"https:\/\/amu.pan.pl\/en\/marek-skrzypski\/#primaryimage"},"thumbnailUrl":"https:\/\/amu.pan.pl\/wp-content\/uploads\/2019\/10\/II_MSkrzypski.jpg","datePublished":"2019-10-08T10:56:02+00:00","dateModified":"2020-10-02T21:57:09+00:00","breadcrumb":{"@id":"https:\/\/amu.pan.pl\/en\/marek-skrzypski\/#breadcrumb"},"inLanguage":"en-GB","potentialAction":[{"@type":"ReadAction","target":["https:\/\/amu.pan.pl\/en\/marek-skrzypski\/"]}]},{"@type":"ImageObject","inLanguage":"en-GB","@id":"https:\/\/amu.pan.pl\/en\/marek-skrzypski\/#primaryimage","url":"https:\/\/amu.pan.pl\/wp-content\/uploads\/2019\/10\/II_MSkrzypski.jpg","contentUrl":"https:\/\/amu.pan.pl\/wp-content\/uploads\/2019\/10\/II_MSkrzypski.jpg","width":1848,"height":1946},{"@type":"BreadcrumbList","@id":"https:\/\/amu.pan.pl\/en\/marek-skrzypski\/#breadcrumb","itemListElement":[{"@type":"ListItem","position":1,"name":"Strona g\u0142\u00f3wna","item":"https:\/\/amu.pan.pl\/"},{"@type":"ListItem","position":2,"name":"Marek Skrzypski"}]},{"@type":"WebSite","@id":"https:\/\/amu.pan.pl\/#website","url":"https:\/\/amu.pan.pl\/","name":"Akademia M\u0142odych Uczonych","description":"Polska Akademia Nauk","publisher":{"@id":"https:\/\/amu.pan.pl\/#organization"},"potentialAction":[{"@type":"SearchAction","target":{"@type":"EntryPoint","urlTemplate":"https:\/\/amu.pan.pl\/?s={search_term_string}"},"query-input":{"@type":"PropertyValueSpecification","valueRequired":true,"valueName":"search_term_string"}}],"inLanguage":"en-GB"},{"@type":"Organization","@id":"https:\/\/amu.pan.pl\/#organization","name":"Akademia M\u0142odych Uczonych","url":"https:\/\/amu.pan.pl\/","logo":{"@type":"ImageObject","inLanguage":"en-GB","@id":"https:\/\/amu.pan.pl\/#\/schema\/logo\/image\/","url":"https:\/\/amu.pan.pl\/wp-content\/uploads\/2020\/08\/zz_amu.png","contentUrl":"https:\/\/amu.pan.pl\/wp-content\/uploads\/2020\/08\/zz_amu.png","width":2794,"height":1016,"caption":"Akademia M\u0142odych Uczonych"},"image":{"@id":"https:\/\/amu.pan.pl\/#\/schema\/logo\/image\/"},"sameAs":["https:\/\/www.facebook.com\/AkademiaMlodychUczonych\/","https:\/\/x.com\/AMUPAN1"]}]}},"_links":{"self":[{"href":"https:\/\/amu.pan.pl\/en\/wp-json\/wp\/v2\/pages\/312","targetHints":{"allow":["GET"]}}],"collection":[{"href":"https:\/\/amu.pan.pl\/en\/wp-json\/wp\/v2\/pages"}],"about":[{"href":"https:\/\/amu.pan.pl\/en\/wp-json\/wp\/v2\/types\/page"}],"author":[{"embeddable":true,"href":"https:\/\/amu.pan.pl\/en\/wp-json\/wp\/v2\/users\/2"}],"replies":[{"embeddable":true,"href":"https:\/\/amu.pan.pl\/en\/wp-json\/wp\/v2\/comments?post=312"}],"version-history":[{"count":0,"href":"https:\/\/amu.pan.pl\/en\/wp-json\/wp\/v2\/pages\/312\/revisions"}],"wp:featuredmedia":[{"embeddable":true,"href":"https:\/\/amu.pan.pl\/en\/wp-json\/wp\/v2\/media\/311"}],"wp:attachment":[{"href":"https:\/\/amu.pan.pl\/en\/wp-json\/wp\/v2\/media?parent=312"}],"curies":[{"name":"wp","href":"https:\/\/api.w.org\/{rel}","templated":true}]}}