{"id":316,"date":"2019-10-08T12:56:32","date_gmt":"2019-10-08T10:56:32","guid":{"rendered":"https:\/\/amu.pan.pl\/test\/2019\/10\/08\/mateusz-strzelecki\/"},"modified":"2020-10-02T23:57:09","modified_gmt":"2020-10-02T21:57:09","slug":"mateusz-strzelecki","status":"publish","type":"page","link":"https:\/\/amu.pan.pl\/en\/mateusz-strzelecki\/","title":{"rendered":"Mateusz Strzelecki"},"content":{"rendered":"<p><img fetchpriority=\"high\" decoding=\"async\" class=\"size-full wp-image-31\" style=\"margin-right: auto; margin-left: auto; display: block;\" src=\"https:\/\/amu.pan.pl\/wp-content\/uploads\/2016\/02\/Mateusz_Strzelecki.jpg\" alt=\"Mateusz Strzelecki\" width=\"347\" height=\"231\" \/><\/p>\n<p style=\"text-align: justify;\"><strong>Dr hab. Mateusz Czes\u0142aw Strzelecki<\/strong> - Geographer-polar explorer, graduate of the Faculty of Geographical and Geological Sciences of Adam Mickiewicz University in Pozna\u0144 (MA thesis under the supervision of Prof. Andrzej Kostrzewski. Doctorate under the supervision of Prof. Antony Long from the prestigious University of Durham in Great Britain (2013). He devoted his habilitation to controlling mechanisms development of rocky coasts in polar climates and carried out at the Department of Geomorphology of the University of Wroc\u0142aw (head professor Piotr Migo\u0144). He worked scientifically in Great Britain, Norway (UNIS), Germany (AWI). leader of Polish research teams on the evolution of coasts and paraglacial transformation of the landscape in the High Arctic, the youngest member of the Polar Research Committee of the Polish Academy of Sciences. He conducted research in Svalbard, Greenland, Iceland, Scandinavian and Antarctic islands and in Canada. At the University of Wroc\u0142aw, he carried out projects for the National o the Science Center and the Foundation for Polish Science. Winner of awards from the Foundation for Polish Science (START scholarship in 2013-14, Ministry of Science and Higher Education (scholarship for outstanding young scientists in 2013-16), scientific award of the Rector of the University of Wroc\u0142aw (2018) and the first geomorphologist and polar researcher awarded with the Crescendum Est Polonia Foundation scholarship (2009) and Polityka&#039;s Science Award (2018). Former Vice-President of the World Association of Polar Scientists at the Career Edge (APECS - 2008-2009), co-chair of the Working Group on Rocky Coasts of the International Association of Geomorphologists and member of the steering committee of the SVALHOLA group - devoted to research on the Holocene environments of Svalbard The main goal of his research is to find out how climate change is transforming the polar shores and threatening the population centers and socio-economic changes that exist in these extremely vulnerable zones.<\/p><\/p>","protected":false},"excerpt":{"rendered":"<p>Dr hab. Mateusz Czes\u0142aw Strzelecki &#8211; Geograf-polarnik, absolwent Wydzia\u0142u Nauk Geograficznych i Geologiczny UAM w Poznaniu (praca magisterska pod kierunkiem prof. Andrzeja Kostrzewskiego. Doktorat pod opiek\u0105 prof. Antonego Long\u2019a uko\u0144czy\u0142 na presti\u017cowym Uniwersytecie w Durham w Wielkiej Brytanii (2013). Habilitacj\u0119 po\u015bwieci\u0142 mechanizmom kontroluj\u0105cym rozw\u00f3j wybrze\u017cy skalistych w klimatach polarnych i zrealizowa\u0142 w Zak\u0142adzie Geomorfologii Uniwersytetu [&hellip;]<\/p>","protected":false},"author":2,"featured_media":31,"parent":0,"menu_order":7,"comment_status":"open","ping_status":"open","template":"","meta":{"_monsterinsights_skip_tracking":false,"_monsterinsights_sitenote_active":false,"_monsterinsights_sitenote_note":"","_monsterinsights_sitenote_category":0,"footnotes":""},"class_list":["post-316","page","type-page","status-publish","has-post-thumbnail","hentry"],"yoast_head":"<!-- This site is optimized with the Yoast SEO plugin v25.0 - https:\/\/yoast.com\/wordpress\/plugins\/seo\/ -->\n<title>Mateusz Strzelecki - Akademia M\u0142odych Uczonych<\/title>\n<meta name=\"robots\" content=\"index, follow, max-snippet:-1, max-image-preview:large, max-video-preview:-1\" \/>\n<link rel=\"canonical\" href=\"https:\/\/amu.pan.pl\/en\/mateusz-strzelecki\/\" \/>\n<meta property=\"og:locale\" content=\"en_GB\" \/>\n<meta property=\"og:type\" content=\"article\" \/>\n<meta property=\"og:title\" content=\"Mateusz Strzelecki - Akademia M\u0142odych Uczonych\" \/>\n<meta property=\"og:description\" content=\"Dr hab. Mateusz Czes\u0142aw Strzelecki &#8211; Geograf-polarnik, absolwent Wydzia\u0142u Nauk Geograficznych i Geologiczny UAM w Poznaniu (praca magisterska pod kierunkiem prof. Andrzeja Kostrzewskiego. Doktorat pod opiek\u0105 prof. Antonego Long\u2019a uko\u0144czy\u0142 na presti\u017cowym Uniwersytecie w Durham w Wielkiej Brytanii (2013). Habilitacj\u0119 po\u015bwieci\u0142 mechanizmom kontroluj\u0105cym rozw\u00f3j wybrze\u017cy skalistych w klimatach polarnych i zrealizowa\u0142 w Zak\u0142adzie Geomorfologii Uniwersytetu [&hellip;]\" \/>\n<meta property=\"og:url\" content=\"https:\/\/amu.pan.pl\/en\/mateusz-strzelecki\/\" \/>\n<meta property=\"og:site_name\" content=\"Akademia M\u0142odych Uczonych\" \/>\n<meta property=\"article:publisher\" content=\"https:\/\/www.facebook.com\/AkademiaMlodychUczonych\/\" \/>\n<meta property=\"article:modified_time\" content=\"2020-10-02T21:57:09+00:00\" \/>\n<meta property=\"og:image\" content=\"https:\/\/amu.pan.pl\/wp-content\/uploads\/2016\/02\/Mateusz_Strzelecki.jpg\" \/>\n\t<meta property=\"og:image:width\" content=\"2048\" \/>\n\t<meta property=\"og:image:height\" content=\"1365\" \/>\n\t<meta property=\"og:image:type\" content=\"image\/jpeg\" \/>\n<meta name=\"twitter:card\" content=\"summary_large_image\" \/>\n<meta name=\"twitter:site\" content=\"@AMUPAN1\" \/>\n<meta name=\"twitter:label1\" content=\"Estimated reading time\" \/>\n\t<meta name=\"twitter:data1\" content=\"1 minute\" \/>\n<script type=\"application\/ld+json\" class=\"yoast-schema-graph\">{\"@context\":\"https:\/\/schema.org\",\"@graph\":[{\"@type\":\"WebPage\",\"@id\":\"https:\/\/amu.pan.pl\/en\/mateusz-strzelecki\/\",\"url\":\"https:\/\/amu.pan.pl\/en\/mateusz-strzelecki\/\",\"name\":\"Mateusz Strzelecki - Akademia M\u0142odych Uczonych\",\"isPartOf\":{\"@id\":\"https:\/\/amu.pan.pl\/#website\"},\"primaryImageOfPage\":{\"@id\":\"https:\/\/amu.pan.pl\/en\/mateusz-strzelecki\/#primaryimage\"},\"image\":{\"@id\":\"https:\/\/amu.pan.pl\/en\/mateusz-strzelecki\/#primaryimage\"},\"thumbnailUrl\":\"https:\/\/amu.pan.pl\/wp-content\/uploads\/2016\/02\/Mateusz_Strzelecki.jpg\",\"datePublished\":\"2019-10-08T10:56:32+00:00\",\"dateModified\":\"2020-10-02T21:57:09+00:00\",\"breadcrumb\":{\"@id\":\"https:\/\/amu.pan.pl\/en\/mateusz-strzelecki\/#breadcrumb\"},\"inLanguage\":\"en-GB\",\"potentialAction\":[{\"@type\":\"ReadAction\",\"target\":[\"https:\/\/amu.pan.pl\/en\/mateusz-strzelecki\/\"]}]},{\"@type\":\"ImageObject\",\"inLanguage\":\"en-GB\",\"@id\":\"https:\/\/amu.pan.pl\/en\/mateusz-strzelecki\/#primaryimage\",\"url\":\"https:\/\/amu.pan.pl\/wp-content\/uploads\/2016\/02\/Mateusz_Strzelecki.jpg\",\"contentUrl\":\"https:\/\/amu.pan.pl\/wp-content\/uploads\/2016\/02\/Mateusz_Strzelecki.jpg\",\"width\":2048,\"height\":1365,\"caption\":\"Mateusz Strzelecki\"},{\"@type\":\"BreadcrumbList\",\"@id\":\"https:\/\/amu.pan.pl\/en\/mateusz-strzelecki\/#breadcrumb\",\"itemListElement\":[{\"@type\":\"ListItem\",\"position\":1,\"name\":\"Strona g\u0142\u00f3wna\",\"item\":\"https:\/\/amu.pan.pl\/\"},{\"@type\":\"ListItem\",\"position\":2,\"name\":\"Mateusz Strzelecki\"}]},{\"@type\":\"WebSite\",\"@id\":\"https:\/\/amu.pan.pl\/#website\",\"url\":\"https:\/\/amu.pan.pl\/\",\"name\":\"Akademia M\u0142odych Uczonych\",\"description\":\"Polska Akademia Nauk\",\"publisher\":{\"@id\":\"https:\/\/amu.pan.pl\/#organization\"},\"potentialAction\":[{\"@type\":\"SearchAction\",\"target\":{\"@type\":\"EntryPoint\",\"urlTemplate\":\"https:\/\/amu.pan.pl\/?s={search_term_string}\"},\"query-input\":{\"@type\":\"PropertyValueSpecification\",\"valueRequired\":true,\"valueName\":\"search_term_string\"}}],\"inLanguage\":\"en-GB\"},{\"@type\":\"Organization\",\"@id\":\"https:\/\/amu.pan.pl\/#organization\",\"name\":\"Akademia M\u0142odych Uczonych\",\"url\":\"https:\/\/amu.pan.pl\/\",\"logo\":{\"@type\":\"ImageObject\",\"inLanguage\":\"en-GB\",\"@id\":\"https:\/\/amu.pan.pl\/#\/schema\/logo\/image\/\",\"url\":\"https:\/\/amu.pan.pl\/wp-content\/uploads\/2020\/08\/zz_amu.png\",\"contentUrl\":\"https:\/\/amu.pan.pl\/wp-content\/uploads\/2020\/08\/zz_amu.png\",\"width\":2794,\"height\":1016,\"caption\":\"Akademia M\u0142odych Uczonych\"},\"image\":{\"@id\":\"https:\/\/amu.pan.pl\/#\/schema\/logo\/image\/\"},\"sameAs\":[\"https:\/\/www.facebook.com\/AkademiaMlodychUczonych\/\",\"https:\/\/x.com\/AMUPAN1\"]}]}<\/script>\n<!-- \/ Yoast SEO plugin. -->","yoast_head_json":{"title":"Mateusz Strzelecki - Akademia M\u0142odych Uczonych","robots":{"index":"index","follow":"follow","max-snippet":"max-snippet:-1","max-image-preview":"max-image-preview:large","max-video-preview":"max-video-preview:-1"},"canonical":"https:\/\/amu.pan.pl\/en\/mateusz-strzelecki\/","og_locale":"en_GB","og_type":"article","og_title":"Mateusz Strzelecki - Akademia M\u0142odych Uczonych","og_description":"Dr hab. Mateusz Czes\u0142aw Strzelecki &#8211; Geograf-polarnik, absolwent Wydzia\u0142u Nauk Geograficznych i Geologiczny UAM w Poznaniu (praca magisterska pod kierunkiem prof. Andrzeja Kostrzewskiego. Doktorat pod opiek\u0105 prof. Antonego Long\u2019a uko\u0144czy\u0142 na presti\u017cowym Uniwersytecie w Durham w Wielkiej Brytanii (2013). Habilitacj\u0119 po\u015bwieci\u0142 mechanizmom kontroluj\u0105cym rozw\u00f3j wybrze\u017cy skalistych w klimatach polarnych i zrealizowa\u0142 w Zak\u0142adzie Geomorfologii Uniwersytetu [&hellip;]","og_url":"https:\/\/amu.pan.pl\/en\/mateusz-strzelecki\/","og_site_name":"Akademia M\u0142odych Uczonych","article_publisher":"https:\/\/www.facebook.com\/AkademiaMlodychUczonych\/","article_modified_time":"2020-10-02T21:57:09+00:00","og_image":[{"width":2048,"height":1365,"url":"https:\/\/amu.pan.pl\/wp-content\/uploads\/2016\/02\/Mateusz_Strzelecki.jpg","type":"image\/jpeg"}],"twitter_card":"summary_large_image","twitter_site":"@AMUPAN1","twitter_misc":{"Estimated reading time":"1 minute"},"schema":{"@context":"https:\/\/schema.org","@graph":[{"@type":"WebPage","@id":"https:\/\/amu.pan.pl\/en\/mateusz-strzelecki\/","url":"https:\/\/amu.pan.pl\/en\/mateusz-strzelecki\/","name":"Mateusz Strzelecki - Akademia M\u0142odych Uczonych","isPartOf":{"@id":"https:\/\/amu.pan.pl\/#website"},"primaryImageOfPage":{"@id":"https:\/\/amu.pan.pl\/en\/mateusz-strzelecki\/#primaryimage"},"image":{"@id":"https:\/\/amu.pan.pl\/en\/mateusz-strzelecki\/#primaryimage"},"thumbnailUrl":"https:\/\/amu.pan.pl\/wp-content\/uploads\/2016\/02\/Mateusz_Strzelecki.jpg","datePublished":"2019-10-08T10:56:32+00:00","dateModified":"2020-10-02T21:57:09+00:00","breadcrumb":{"@id":"https:\/\/amu.pan.pl\/en\/mateusz-strzelecki\/#breadcrumb"},"inLanguage":"en-GB","potentialAction":[{"@type":"ReadAction","target":["https:\/\/amu.pan.pl\/en\/mateusz-strzelecki\/"]}]},{"@type":"ImageObject","inLanguage":"en-GB","@id":"https:\/\/amu.pan.pl\/en\/mateusz-strzelecki\/#primaryimage","url":"https:\/\/amu.pan.pl\/wp-content\/uploads\/2016\/02\/Mateusz_Strzelecki.jpg","contentUrl":"https:\/\/amu.pan.pl\/wp-content\/uploads\/2016\/02\/Mateusz_Strzelecki.jpg","width":2048,"height":1365,"caption":"Mateusz Strzelecki"},{"@type":"BreadcrumbList","@id":"https:\/\/amu.pan.pl\/en\/mateusz-strzelecki\/#breadcrumb","itemListElement":[{"@type":"ListItem","position":1,"name":"Strona g\u0142\u00f3wna","item":"https:\/\/amu.pan.pl\/"},{"@type":"ListItem","position":2,"name":"Mateusz Strzelecki"}]},{"@type":"WebSite","@id":"https:\/\/amu.pan.pl\/#website","url":"https:\/\/amu.pan.pl\/","name":"Akademia M\u0142odych Uczonych","description":"Polska Akademia Nauk","publisher":{"@id":"https:\/\/amu.pan.pl\/#organization"},"potentialAction":[{"@type":"SearchAction","target":{"@type":"EntryPoint","urlTemplate":"https:\/\/amu.pan.pl\/?s={search_term_string}"},"query-input":{"@type":"PropertyValueSpecification","valueRequired":true,"valueName":"search_term_string"}}],"inLanguage":"en-GB"},{"@type":"Organization","@id":"https:\/\/amu.pan.pl\/#organization","name":"Akademia M\u0142odych Uczonych","url":"https:\/\/amu.pan.pl\/","logo":{"@type":"ImageObject","inLanguage":"en-GB","@id":"https:\/\/amu.pan.pl\/#\/schema\/logo\/image\/","url":"https:\/\/amu.pan.pl\/wp-content\/uploads\/2020\/08\/zz_amu.png","contentUrl":"https:\/\/amu.pan.pl\/wp-content\/uploads\/2020\/08\/zz_amu.png","width":2794,"height":1016,"caption":"Akademia M\u0142odych Uczonych"},"image":{"@id":"https:\/\/amu.pan.pl\/#\/schema\/logo\/image\/"},"sameAs":["https:\/\/www.facebook.com\/AkademiaMlodychUczonych\/","https:\/\/x.com\/AMUPAN1"]}]}},"_links":{"self":[{"href":"https:\/\/amu.pan.pl\/en\/wp-json\/wp\/v2\/pages\/316","targetHints":{"allow":["GET"]}}],"collection":[{"href":"https:\/\/amu.pan.pl\/en\/wp-json\/wp\/v2\/pages"}],"about":[{"href":"https:\/\/amu.pan.pl\/en\/wp-json\/wp\/v2\/types\/page"}],"author":[{"embeddable":true,"href":"https:\/\/amu.pan.pl\/en\/wp-json\/wp\/v2\/users\/2"}],"replies":[{"embeddable":true,"href":"https:\/\/amu.pan.pl\/en\/wp-json\/wp\/v2\/comments?post=316"}],"version-history":[{"count":0,"href":"https:\/\/amu.pan.pl\/en\/wp-json\/wp\/v2\/pages\/316\/revisions"}],"wp:featuredmedia":[{"embeddable":true,"href":"https:\/\/amu.pan.pl\/en\/wp-json\/wp\/v2\/media\/31"}],"wp:attachment":[{"href":"https:\/\/amu.pan.pl\/en\/wp-json\/wp\/v2\/media?parent=316"}],"curies":[{"name":"wp","href":"https:\/\/api.w.org\/{rel}","templated":true}]}}