{"id":3164,"date":"2020-12-16T16:13:38","date_gmt":"2020-12-16T15:13:38","guid":{"rendered":"https:\/\/amu.pan.pl\/?page_id=3164"},"modified":"2021-07-05T08:36:50","modified_gmt":"2021-07-05T06:36:50","slug":"programy","status":"publish","type":"page","link":"https:\/\/amu.pan.pl\/en\/programy\/","title":{"rendered":"Programy wsparcia naukowc\u00f3w z Bia\u0142orusi i Europy Wschodniej"},"content":{"rendered":"<h2>Programy wsparcia dla badaczy i student\u00f3w z Bia\u0142orusi i kraj\u00f3w Europy Wschodniej<\/h2>\n<p><\/p>\n\n\n<div class=\"wp-block-group border: 0;height: 100%;left: 0;position: absolute;top: 0;width: 100%;\"><div class=\"wp-block-group__inner-container is-layout-flow wp-block-group-is-layout-flow\">\n<div style=\"overflow: hidden; padding-top: 56.25%; position:relative\"><iframe style=\"border: 0;height: 100%;left: 10%;position: absolute; top: 0; width: 70%;right:10%\" src=\"https:\/\/docs.google.com\/spreadsheets\/d\/e\/2PACX-1vTTkdOmz5BplzpAUqKfEKRo_cofn3tizBbI-aYxKrffZFJq1d4yuYD32XXXrAfiB2dX2z9HMWGNmoDD\/pubhtml?gid=1329330106&amp;single=true&amp;widget=true&amp;headers=false\"><\/iframe><\/div>\n<\/div><\/div>","protected":false},"excerpt":{"rendered":"<p>Programy wsparcia dla badaczy i student\u00f3w z Bia\u0142orusi i kraj\u00f3w Europy Wschodniej<\/p>","protected":false},"author":2,"featured_media":3172,"parent":0,"menu_order":0,"comment_status":"closed","ping_status":"closed","template":"page-templates\/template-pagebuilder-full-width.php","meta":{"_monsterinsights_skip_tracking":false,"_monsterinsights_sitenote_active":false,"_monsterinsights_sitenote_note":"","_monsterinsights_sitenote_category":0,"neve_meta_sidebar":"full-width","neve_meta_container":"","neve_meta_enable_content_width":"on","neve_meta_content_width":100,"neve_meta_title_alignment":"","neve_meta_author_avatar":"","neve_post_elements_order":"","neve_meta_disable_header":"","neve_meta_disable_footer":"","neve_meta_disable_title":"","footnotes":""},"class_list":["post-3164","page","type-page","status-publish","has-post-thumbnail","hentry"],"yoast_head":"<!-- This site is optimized with the Yoast SEO plugin v25.0 - https:\/\/yoast.com\/wordpress\/plugins\/seo\/ -->\n<title>Programy wsparcia naukowc\u00f3w z Bia\u0142orusi i Europy Wschodniej - Akademia M\u0142odych Uczonych<\/title>\n<meta name=\"robots\" content=\"index, follow, max-snippet:-1, max-image-preview:large, max-video-preview:-1\" \/>\n<link rel=\"canonical\" href=\"https:\/\/amu.pan.pl\/en\/programy\/\" \/>\n<meta property=\"og:locale\" content=\"en_GB\" \/>\n<meta property=\"og:type\" content=\"article\" \/>\n<meta property=\"og:title\" content=\"Programy wsparcia naukowc\u00f3w z Bia\u0142orusi i Europy Wschodniej - Akademia M\u0142odych Uczonych\" \/>\n<meta property=\"og:description\" content=\"Programy wsparcia dla badaczy i student\u00f3w z Bia\u0142orusi i kraj\u00f3w Europy Wschodniej\" \/>\n<meta property=\"og:url\" content=\"https:\/\/amu.pan.pl\/en\/programy\/\" \/>\n<meta property=\"og:site_name\" content=\"Akademia M\u0142odych Uczonych\" \/>\n<meta property=\"article:publisher\" content=\"https:\/\/www.facebook.com\/AkademiaMlodychUczonych\/\" \/>\n<meta property=\"article:modified_time\" content=\"2021-07-05T06:36:50+00:00\" \/>\n<meta property=\"og:image\" content=\"https:\/\/amu.pan.pl\/wp-content\/uploads\/2020\/12\/480px-Flag_of_Belarus_1918_1991\u20131995.svg.png\" \/>\n\t<meta property=\"og:image:width\" content=\"480\" \/>\n\t<meta property=\"og:image:height\" content=\"240\" \/>\n\t<meta property=\"og:image:type\" content=\"image\/png\" \/>\n<meta name=\"twitter:card\" content=\"summary_large_image\" \/>\n<meta name=\"twitter:site\" content=\"@AMUPAN1\" \/>\n<meta name=\"twitter:label1\" content=\"Estimated reading time\" \/>\n\t<meta name=\"twitter:data1\" content=\"1 minute\" \/>\n<script type=\"application\/ld+json\" class=\"yoast-schema-graph\">{\"@context\":\"https:\/\/schema.org\",\"@graph\":[{\"@type\":\"WebPage\",\"@id\":\"https:\/\/amu.pan.pl\/programy\/\",\"url\":\"https:\/\/amu.pan.pl\/programy\/\",\"name\":\"Programy wsparcia naukowc\u00f3w z Bia\u0142orusi i Europy Wschodniej - Akademia M\u0142odych Uczonych\",\"isPartOf\":{\"@id\":\"https:\/\/amu.pan.pl\/#website\"},\"primaryImageOfPage\":{\"@id\":\"https:\/\/amu.pan.pl\/programy\/#primaryimage\"},\"image\":{\"@id\":\"https:\/\/amu.pan.pl\/programy\/#primaryimage\"},\"thumbnailUrl\":\"https:\/\/amu.pan.pl\/wp-content\/uploads\/2020\/12\/480px-Flag_of_Belarus_1918_1991\u20131995.svg.png\",\"datePublished\":\"2020-12-16T15:13:38+00:00\",\"dateModified\":\"2021-07-05T06:36:50+00:00\",\"breadcrumb\":{\"@id\":\"https:\/\/amu.pan.pl\/programy\/#breadcrumb\"},\"inLanguage\":\"en-GB\",\"potentialAction\":[{\"@type\":\"ReadAction\",\"target\":[\"https:\/\/amu.pan.pl\/programy\/\"]}]},{\"@type\":\"ImageObject\",\"inLanguage\":\"en-GB\",\"@id\":\"https:\/\/amu.pan.pl\/programy\/#primaryimage\",\"url\":\"https:\/\/amu.pan.pl\/wp-content\/uploads\/2020\/12\/480px-Flag_of_Belarus_1918_1991\u20131995.svg.png\",\"contentUrl\":\"https:\/\/amu.pan.pl\/wp-content\/uploads\/2020\/12\/480px-Flag_of_Belarus_1918_1991\u20131995.svg.png\",\"width\":480,\"height\":240},{\"@type\":\"BreadcrumbList\",\"@id\":\"https:\/\/amu.pan.pl\/programy\/#breadcrumb\",\"itemListElement\":[{\"@type\":\"ListItem\",\"position\":1,\"name\":\"Strona g\u0142\u00f3wna\",\"item\":\"https:\/\/amu.pan.pl\/\"},{\"@type\":\"ListItem\",\"position\":2,\"name\":\"Programy wsparcia naukowc\u00f3w z Bia\u0142orusi i Europy Wschodniej\"}]},{\"@type\":\"WebSite\",\"@id\":\"https:\/\/amu.pan.pl\/#website\",\"url\":\"https:\/\/amu.pan.pl\/\",\"name\":\"Akademia M\u0142odych Uczonych\",\"description\":\"Polska Akademia Nauk\",\"publisher\":{\"@id\":\"https:\/\/amu.pan.pl\/#organization\"},\"potentialAction\":[{\"@type\":\"SearchAction\",\"target\":{\"@type\":\"EntryPoint\",\"urlTemplate\":\"https:\/\/amu.pan.pl\/?s={search_term_string}\"},\"query-input\":{\"@type\":\"PropertyValueSpecification\",\"valueRequired\":true,\"valueName\":\"search_term_string\"}}],\"inLanguage\":\"en-GB\"},{\"@type\":\"Organization\",\"@id\":\"https:\/\/amu.pan.pl\/#organization\",\"name\":\"Akademia M\u0142odych Uczonych\",\"url\":\"https:\/\/amu.pan.pl\/\",\"logo\":{\"@type\":\"ImageObject\",\"inLanguage\":\"en-GB\",\"@id\":\"https:\/\/amu.pan.pl\/#\/schema\/logo\/image\/\",\"url\":\"https:\/\/amu.pan.pl\/wp-content\/uploads\/2020\/08\/zz_amu.png\",\"contentUrl\":\"https:\/\/amu.pan.pl\/wp-content\/uploads\/2020\/08\/zz_amu.png\",\"width\":2794,\"height\":1016,\"caption\":\"Akademia M\u0142odych Uczonych\"},\"image\":{\"@id\":\"https:\/\/amu.pan.pl\/#\/schema\/logo\/image\/\"},\"sameAs\":[\"https:\/\/www.facebook.com\/AkademiaMlodychUczonych\/\",\"https:\/\/x.com\/AMUPAN1\"]}]}<\/script>\n<!-- \/ Yoast SEO plugin. -->","yoast_head_json":{"title":"Programy wsparcia naukowc\u00f3w z Bia\u0142orusi i Europy Wschodniej - Akademia M\u0142odych Uczonych","robots":{"index":"index","follow":"follow","max-snippet":"max-snippet:-1","max-image-preview":"max-image-preview:large","max-video-preview":"max-video-preview:-1"},"canonical":"https:\/\/amu.pan.pl\/en\/programy\/","og_locale":"en_GB","og_type":"article","og_title":"Programy wsparcia naukowc\u00f3w z Bia\u0142orusi i Europy Wschodniej - Akademia M\u0142odych Uczonych","og_description":"Programy wsparcia dla badaczy i student\u00f3w z Bia\u0142orusi i kraj\u00f3w Europy Wschodniej","og_url":"https:\/\/amu.pan.pl\/en\/programy\/","og_site_name":"Akademia M\u0142odych Uczonych","article_publisher":"https:\/\/www.facebook.com\/AkademiaMlodychUczonych\/","article_modified_time":"2021-07-05T06:36:50+00:00","og_image":[{"width":480,"height":240,"url":"https:\/\/amu.pan.pl\/wp-content\/uploads\/2020\/12\/480px-Flag_of_Belarus_1918_1991\u20131995.svg.png","type":"image\/png"}],"twitter_card":"summary_large_image","twitter_site":"@AMUPAN1","twitter_misc":{"Estimated reading time":"1 minute"},"schema":{"@context":"https:\/\/schema.org","@graph":[{"@type":"WebPage","@id":"https:\/\/amu.pan.pl\/programy\/","url":"https:\/\/amu.pan.pl\/programy\/","name":"Programy wsparcia naukowc\u00f3w z Bia\u0142orusi i Europy Wschodniej - Akademia M\u0142odych Uczonych","isPartOf":{"@id":"https:\/\/amu.pan.pl\/#website"},"primaryImageOfPage":{"@id":"https:\/\/amu.pan.pl\/programy\/#primaryimage"},"image":{"@id":"https:\/\/amu.pan.pl\/programy\/#primaryimage"},"thumbnailUrl":"https:\/\/amu.pan.pl\/wp-content\/uploads\/2020\/12\/480px-Flag_of_Belarus_1918_1991\u20131995.svg.png","datePublished":"2020-12-16T15:13:38+00:00","dateModified":"2021-07-05T06:36:50+00:00","breadcrumb":{"@id":"https:\/\/amu.pan.pl\/programy\/#breadcrumb"},"inLanguage":"en-GB","potentialAction":[{"@type":"ReadAction","target":["https:\/\/amu.pan.pl\/programy\/"]}]},{"@type":"ImageObject","inLanguage":"en-GB","@id":"https:\/\/amu.pan.pl\/programy\/#primaryimage","url":"https:\/\/amu.pan.pl\/wp-content\/uploads\/2020\/12\/480px-Flag_of_Belarus_1918_1991\u20131995.svg.png","contentUrl":"https:\/\/amu.pan.pl\/wp-content\/uploads\/2020\/12\/480px-Flag_of_Belarus_1918_1991\u20131995.svg.png","width":480,"height":240},{"@type":"BreadcrumbList","@id":"https:\/\/amu.pan.pl\/programy\/#breadcrumb","itemListElement":[{"@type":"ListItem","position":1,"name":"Strona g\u0142\u00f3wna","item":"https:\/\/amu.pan.pl\/"},{"@type":"ListItem","position":2,"name":"Programy wsparcia naukowc\u00f3w z Bia\u0142orusi i Europy Wschodniej"}]},{"@type":"WebSite","@id":"https:\/\/amu.pan.pl\/#website","url":"https:\/\/amu.pan.pl\/","name":"Akademia M\u0142odych Uczonych","description":"Polska Akademia Nauk","publisher":{"@id":"https:\/\/amu.pan.pl\/#organization"},"potentialAction":[{"@type":"SearchAction","target":{"@type":"EntryPoint","urlTemplate":"https:\/\/amu.pan.pl\/?s={search_term_string}"},"query-input":{"@type":"PropertyValueSpecification","valueRequired":true,"valueName":"search_term_string"}}],"inLanguage":"en-GB"},{"@type":"Organization","@id":"https:\/\/amu.pan.pl\/#organization","name":"Akademia M\u0142odych Uczonych","url":"https:\/\/amu.pan.pl\/","logo":{"@type":"ImageObject","inLanguage":"en-GB","@id":"https:\/\/amu.pan.pl\/#\/schema\/logo\/image\/","url":"https:\/\/amu.pan.pl\/wp-content\/uploads\/2020\/08\/zz_amu.png","contentUrl":"https:\/\/amu.pan.pl\/wp-content\/uploads\/2020\/08\/zz_amu.png","width":2794,"height":1016,"caption":"Akademia M\u0142odych Uczonych"},"image":{"@id":"https:\/\/amu.pan.pl\/#\/schema\/logo\/image\/"},"sameAs":["https:\/\/www.facebook.com\/AkademiaMlodychUczonych\/","https:\/\/x.com\/AMUPAN1"]}]}},"_links":{"self":[{"href":"https:\/\/amu.pan.pl\/en\/wp-json\/wp\/v2\/pages\/3164","targetHints":{"allow":["GET"]}}],"collection":[{"href":"https:\/\/amu.pan.pl\/en\/wp-json\/wp\/v2\/pages"}],"about":[{"href":"https:\/\/amu.pan.pl\/en\/wp-json\/wp\/v2\/types\/page"}],"author":[{"embeddable":true,"href":"https:\/\/amu.pan.pl\/en\/wp-json\/wp\/v2\/users\/2"}],"replies":[{"embeddable":true,"href":"https:\/\/amu.pan.pl\/en\/wp-json\/wp\/v2\/comments?post=3164"}],"version-history":[{"count":48,"href":"https:\/\/amu.pan.pl\/en\/wp-json\/wp\/v2\/pages\/3164\/revisions"}],"predecessor-version":[{"id":3742,"href":"https:\/\/amu.pan.pl\/en\/wp-json\/wp\/v2\/pages\/3164\/revisions\/3742"}],"wp:featuredmedia":[{"embeddable":true,"href":"https:\/\/amu.pan.pl\/en\/wp-json\/wp\/v2\/media\/3172"}],"wp:attachment":[{"href":"https:\/\/amu.pan.pl\/en\/wp-json\/wp\/v2\/media?parent=3164"}],"curies":[{"name":"wp","href":"https:\/\/api.w.org\/{rel}","templated":true}]}}