{"id":317,"date":"2019-10-08T12:56:42","date_gmt":"2019-10-08T10:56:42","guid":{"rendered":"https:\/\/amu.pan.pl\/test\/2019\/10\/08\/agata-zysiak\/"},"modified":"2020-10-02T23:57:09","modified_gmt":"2020-10-02T21:57:09","slug":"agata-zysiak","status":"publish","type":"page","link":"https:\/\/amu.pan.pl\/en\/agata-zysiak\/","title":{"rendered":"Agata Zysiak"},"content":{"rendered":"<p>&nbsp;<\/p>\n<p><img fetchpriority=\"high\" decoding=\"async\" class=\"size-full wp-image-17\" style=\"margin-right: auto; margin-left: auto; display: block;\" src=\"https:\/\/amu.pan.pl\/wp-content\/uploads\/2016\/02\/Agata_Zysiak_2019.JPG\" alt=\"Agata Zysiak 2019\" width=\"300\" height=\"296\" srcset=\"https:\/\/amu.pan.pl\/wp-content\/uploads\/2016\/02\/Agata_Zysiak_2019.JPG 663w, https:\/\/amu.pan.pl\/wp-content\/uploads\/2016\/02\/Agata_Zysiak_2019-300x296.jpg 300w, https:\/\/amu.pan.pl\/wp-content\/uploads\/2016\/02\/Agata_Zysiak_2019-12x12.jpg 12w\" sizes=\"(max-width: 300px) 100vw, 300px\" \/><\/p>\n<p style=\"text-align: justify;\"><strong>Agata Zysiak<\/strong> - sociologist, assistant professor at the University of Warsaw and Lodz. Works in historical sociology; popularizes the history of \u0141\u00f3d\u017a around the world - working scientifically and locally - acting in the Topografie Association. The author of a book about the socialist university and post-war social advancement, &quot;Points for origin&quot; (2016), the historical award K. Moczarski; co-author of &quot;Tell the University&quot; (2015) devoted to the University of Lodz from the perspective of oral history and the English-language book about Lodz and modernity: &quot;From Cotton and Smoke&quot; (2018). Member of the Institute for Advanced Studies at Princeton 2017\/2018. She collaborated with the University of Michigan (Ann Arbor), Wayne State University (Detroit), CEU (Budapest), Free University (Berlin) and the University of Vienna.&nbsp;<\/p>","protected":false},"excerpt":{"rendered":"<p>&nbsp; Agata Zysiak \u2013 socjolo\u017cka, adiunktka na Uniwersytecie Warszawskim i \u0141\u00f3dzkim. Zajmuje si\u0119 socjologi\u0105 historyczn\u0105; popularyzuje histori\u0119 \u0141odzi na \u015bwiecie &#8211; pracuj\u0105c naukowo, oraz lokalnie &#8211; dzia\u0142aj\u0105c w Stowarzyszeniu Topografie. Autorka ksi\u0105\u017cki o socjalistycznym uniwersytecie i powojennym awansie spo\u0142ecznym \u201ePunkty za pochodzenie\u201d (2016), wyr\u00f3\u017cnionej m.in. nagrod\u0105 historyczn\u0105 im. K. Moczarskiego; wsp\u00f3\u0142autorka \u201eOpowiedzie\u0107 Uniwersytet\u201d(2015) po\u015bwi\u0119conej \u0142\u00f3dzkiej&hellip;&nbsp;<a href=\"https:\/\/amu.pan.pl\/en\/agata-zysiak\/\" rel=\"bookmark\">Read More &raquo;<span class=\"screen-reader-text\">Agata Zysiak<\/span><\/a><\/p>","protected":false},"author":2,"featured_media":17,"parent":0,"menu_order":5,"comment_status":"open","ping_status":"open","template":"","meta":{"_monsterinsights_skip_tracking":false,"_monsterinsights_sitenote_active":false,"_monsterinsights_sitenote_note":"","_monsterinsights_sitenote_category":0,"neve_meta_sidebar":"","neve_meta_container":"","neve_meta_enable_content_width":"","neve_meta_content_width":0,"neve_meta_title_alignment":"","neve_meta_author_avatar":"","neve_post_elements_order":"","neve_meta_disable_header":"","neve_meta_disable_footer":"","neve_meta_disable_title":"","footnotes":""},"class_list":["post-317","page","type-page","status-publish","has-post-thumbnail","hentry"],"yoast_head":"<!-- This site is optimized with the Yoast SEO plugin v25.0 - https:\/\/yoast.com\/wordpress\/plugins\/seo\/ -->\n<title>Agata Zysiak - Akademia M\u0142odych Uczonych<\/title>\n<meta name=\"robots\" content=\"index, follow, max-snippet:-1, max-image-preview:large, max-video-preview:-1\" \/>\n<link rel=\"canonical\" href=\"https:\/\/amu.pan.pl\/en\/agata-zysiak\/\" \/>\n<meta property=\"og:locale\" content=\"en_GB\" \/>\n<meta property=\"og:type\" content=\"article\" \/>\n<meta property=\"og:title\" content=\"Agata Zysiak - Akademia M\u0142odych Uczonych\" \/>\n<meta property=\"og:description\" content=\"&nbsp; Agata Zysiak \u2013 socjolo\u017cka, adiunktka na Uniwersytecie Warszawskim i \u0141\u00f3dzkim. Zajmuje si\u0119 socjologi\u0105 historyczn\u0105; popularyzuje histori\u0119 \u0141odzi na \u015bwiecie &#8211; pracuj\u0105c naukowo, oraz lokalnie &#8211; dzia\u0142aj\u0105c w Stowarzyszeniu Topografie. Autorka ksi\u0105\u017cki o socjalistycznym uniwersytecie i powojennym awansie spo\u0142ecznym \u201ePunkty za pochodzenie\u201d (2016), wyr\u00f3\u017cnionej m.in. nagrod\u0105 historyczn\u0105 im. K. Moczarskiego; wsp\u00f3\u0142autorka \u201eOpowiedzie\u0107 Uniwersytet\u201d(2015) po\u015bwi\u0119conej \u0142\u00f3dzkiej&hellip;&nbsp;Read More &raquo;Agata Zysiak\" \/>\n<meta property=\"og:url\" content=\"https:\/\/amu.pan.pl\/en\/agata-zysiak\/\" \/>\n<meta property=\"og:site_name\" content=\"Akademia M\u0142odych Uczonych\" \/>\n<meta property=\"article:publisher\" content=\"https:\/\/www.facebook.com\/AkademiaMlodychUczonych\/\" \/>\n<meta property=\"article:modified_time\" content=\"2020-10-02T21:57:09+00:00\" \/>\n<meta property=\"og:image\" content=\"https:\/\/amu.pan.pl\/wp-content\/uploads\/2016\/02\/Agata_Zysiak_2019.JPG\" \/>\n\t<meta property=\"og:image:width\" content=\"663\" \/>\n\t<meta property=\"og:image:height\" content=\"654\" \/>\n\t<meta property=\"og:image:type\" content=\"image\/jpeg\" \/>\n<meta name=\"twitter:card\" content=\"summary_large_image\" \/>\n<meta name=\"twitter:site\" content=\"@AMUPAN1\" \/>\n<meta name=\"twitter:label1\" content=\"Estimated reading time\" \/>\n\t<meta name=\"twitter:data1\" content=\"1 minute\" \/>\n<script type=\"application\/ld+json\" class=\"yoast-schema-graph\">{\"@context\":\"https:\/\/schema.org\",\"@graph\":[{\"@type\":\"WebPage\",\"@id\":\"https:\/\/amu.pan.pl\/en\/agata-zysiak\/\",\"url\":\"https:\/\/amu.pan.pl\/en\/agata-zysiak\/\",\"name\":\"Agata Zysiak - Akademia M\u0142odych Uczonych\",\"isPartOf\":{\"@id\":\"https:\/\/amu.pan.pl\/#website\"},\"primaryImageOfPage\":{\"@id\":\"https:\/\/amu.pan.pl\/en\/agata-zysiak\/#primaryimage\"},\"image\":{\"@id\":\"https:\/\/amu.pan.pl\/en\/agata-zysiak\/#primaryimage\"},\"thumbnailUrl\":\"https:\/\/amu.pan.pl\/wp-content\/uploads\/2016\/02\/Agata_Zysiak_2019.JPG\",\"datePublished\":\"2019-10-08T10:56:42+00:00\",\"dateModified\":\"2020-10-02T21:57:09+00:00\",\"breadcrumb\":{\"@id\":\"https:\/\/amu.pan.pl\/en\/agata-zysiak\/#breadcrumb\"},\"inLanguage\":\"en-GB\",\"potentialAction\":[{\"@type\":\"ReadAction\",\"target\":[\"https:\/\/amu.pan.pl\/en\/agata-zysiak\/\"]}]},{\"@type\":\"ImageObject\",\"inLanguage\":\"en-GB\",\"@id\":\"https:\/\/amu.pan.pl\/en\/agata-zysiak\/#primaryimage\",\"url\":\"https:\/\/amu.pan.pl\/wp-content\/uploads\/2016\/02\/Agata_Zysiak_2019.JPG\",\"contentUrl\":\"https:\/\/amu.pan.pl\/wp-content\/uploads\/2016\/02\/Agata_Zysiak_2019.JPG\",\"width\":663,\"height\":654,\"caption\":\"Agata Zysiak 2019\"},{\"@type\":\"BreadcrumbList\",\"@id\":\"https:\/\/amu.pan.pl\/en\/agata-zysiak\/#breadcrumb\",\"itemListElement\":[{\"@type\":\"ListItem\",\"position\":1,\"name\":\"Strona g\u0142\u00f3wna\",\"item\":\"https:\/\/amu.pan.pl\/\"},{\"@type\":\"ListItem\",\"position\":2,\"name\":\"Agata Zysiak\"}]},{\"@type\":\"WebSite\",\"@id\":\"https:\/\/amu.pan.pl\/#website\",\"url\":\"https:\/\/amu.pan.pl\/\",\"name\":\"Akademia M\u0142odych Uczonych\",\"description\":\"Polska Akademia Nauk\",\"publisher\":{\"@id\":\"https:\/\/amu.pan.pl\/#organization\"},\"potentialAction\":[{\"@type\":\"SearchAction\",\"target\":{\"@type\":\"EntryPoint\",\"urlTemplate\":\"https:\/\/amu.pan.pl\/?s={search_term_string}\"},\"query-input\":{\"@type\":\"PropertyValueSpecification\",\"valueRequired\":true,\"valueName\":\"search_term_string\"}}],\"inLanguage\":\"en-GB\"},{\"@type\":\"Organization\",\"@id\":\"https:\/\/amu.pan.pl\/#organization\",\"name\":\"Akademia M\u0142odych Uczonych\",\"url\":\"https:\/\/amu.pan.pl\/\",\"logo\":{\"@type\":\"ImageObject\",\"inLanguage\":\"en-GB\",\"@id\":\"https:\/\/amu.pan.pl\/#\/schema\/logo\/image\/\",\"url\":\"https:\/\/amu.pan.pl\/wp-content\/uploads\/2020\/08\/zz_amu.png\",\"contentUrl\":\"https:\/\/amu.pan.pl\/wp-content\/uploads\/2020\/08\/zz_amu.png\",\"width\":2794,\"height\":1016,\"caption\":\"Akademia M\u0142odych Uczonych\"},\"image\":{\"@id\":\"https:\/\/amu.pan.pl\/#\/schema\/logo\/image\/\"},\"sameAs\":[\"https:\/\/www.facebook.com\/AkademiaMlodychUczonych\/\",\"https:\/\/x.com\/AMUPAN1\"]}]}<\/script>\n<!-- \/ Yoast SEO plugin. -->","yoast_head_json":{"title":"Agata Zysiak - Akademia M\u0142odych Uczonych","robots":{"index":"index","follow":"follow","max-snippet":"max-snippet:-1","max-image-preview":"max-image-preview:large","max-video-preview":"max-video-preview:-1"},"canonical":"https:\/\/amu.pan.pl\/en\/agata-zysiak\/","og_locale":"en_GB","og_type":"article","og_title":"Agata Zysiak - Akademia M\u0142odych Uczonych","og_description":"&nbsp; Agata Zysiak \u2013 socjolo\u017cka, adiunktka na Uniwersytecie Warszawskim i \u0141\u00f3dzkim. Zajmuje si\u0119 socjologi\u0105 historyczn\u0105; popularyzuje histori\u0119 \u0141odzi na \u015bwiecie &#8211; pracuj\u0105c naukowo, oraz lokalnie &#8211; dzia\u0142aj\u0105c w Stowarzyszeniu Topografie. Autorka ksi\u0105\u017cki o socjalistycznym uniwersytecie i powojennym awansie spo\u0142ecznym \u201ePunkty za pochodzenie\u201d (2016), wyr\u00f3\u017cnionej m.in. nagrod\u0105 historyczn\u0105 im. K. Moczarskiego; wsp\u00f3\u0142autorka \u201eOpowiedzie\u0107 Uniwersytet\u201d(2015) po\u015bwi\u0119conej \u0142\u00f3dzkiej&hellip;&nbsp;Read More &raquo;Agata Zysiak","og_url":"https:\/\/amu.pan.pl\/en\/agata-zysiak\/","og_site_name":"Akademia M\u0142odych Uczonych","article_publisher":"https:\/\/www.facebook.com\/AkademiaMlodychUczonych\/","article_modified_time":"2020-10-02T21:57:09+00:00","og_image":[{"width":663,"height":654,"url":"https:\/\/amu.pan.pl\/wp-content\/uploads\/2016\/02\/Agata_Zysiak_2019.JPG","type":"image\/jpeg"}],"twitter_card":"summary_large_image","twitter_site":"@AMUPAN1","twitter_misc":{"Estimated reading time":"1 minute"},"schema":{"@context":"https:\/\/schema.org","@graph":[{"@type":"WebPage","@id":"https:\/\/amu.pan.pl\/en\/agata-zysiak\/","url":"https:\/\/amu.pan.pl\/en\/agata-zysiak\/","name":"Agata Zysiak - Akademia M\u0142odych Uczonych","isPartOf":{"@id":"https:\/\/amu.pan.pl\/#website"},"primaryImageOfPage":{"@id":"https:\/\/amu.pan.pl\/en\/agata-zysiak\/#primaryimage"},"image":{"@id":"https:\/\/amu.pan.pl\/en\/agata-zysiak\/#primaryimage"},"thumbnailUrl":"https:\/\/amu.pan.pl\/wp-content\/uploads\/2016\/02\/Agata_Zysiak_2019.JPG","datePublished":"2019-10-08T10:56:42+00:00","dateModified":"2020-10-02T21:57:09+00:00","breadcrumb":{"@id":"https:\/\/amu.pan.pl\/en\/agata-zysiak\/#breadcrumb"},"inLanguage":"en-GB","potentialAction":[{"@type":"ReadAction","target":["https:\/\/amu.pan.pl\/en\/agata-zysiak\/"]}]},{"@type":"ImageObject","inLanguage":"en-GB","@id":"https:\/\/amu.pan.pl\/en\/agata-zysiak\/#primaryimage","url":"https:\/\/amu.pan.pl\/wp-content\/uploads\/2016\/02\/Agata_Zysiak_2019.JPG","contentUrl":"https:\/\/amu.pan.pl\/wp-content\/uploads\/2016\/02\/Agata_Zysiak_2019.JPG","width":663,"height":654,"caption":"Agata Zysiak 2019"},{"@type":"BreadcrumbList","@id":"https:\/\/amu.pan.pl\/en\/agata-zysiak\/#breadcrumb","itemListElement":[{"@type":"ListItem","position":1,"name":"Strona g\u0142\u00f3wna","item":"https:\/\/amu.pan.pl\/"},{"@type":"ListItem","position":2,"name":"Agata Zysiak"}]},{"@type":"WebSite","@id":"https:\/\/amu.pan.pl\/#website","url":"https:\/\/amu.pan.pl\/","name":"Akademia M\u0142odych Uczonych","description":"Polska Akademia Nauk","publisher":{"@id":"https:\/\/amu.pan.pl\/#organization"},"potentialAction":[{"@type":"SearchAction","target":{"@type":"EntryPoint","urlTemplate":"https:\/\/amu.pan.pl\/?s={search_term_string}"},"query-input":{"@type":"PropertyValueSpecification","valueRequired":true,"valueName":"search_term_string"}}],"inLanguage":"en-GB"},{"@type":"Organization","@id":"https:\/\/amu.pan.pl\/#organization","name":"Akademia M\u0142odych Uczonych","url":"https:\/\/amu.pan.pl\/","logo":{"@type":"ImageObject","inLanguage":"en-GB","@id":"https:\/\/amu.pan.pl\/#\/schema\/logo\/image\/","url":"https:\/\/amu.pan.pl\/wp-content\/uploads\/2020\/08\/zz_amu.png","contentUrl":"https:\/\/amu.pan.pl\/wp-content\/uploads\/2020\/08\/zz_amu.png","width":2794,"height":1016,"caption":"Akademia M\u0142odych Uczonych"},"image":{"@id":"https:\/\/amu.pan.pl\/#\/schema\/logo\/image\/"},"sameAs":["https:\/\/www.facebook.com\/AkademiaMlodychUczonych\/","https:\/\/x.com\/AMUPAN1"]}]}},"_links":{"self":[{"href":"https:\/\/amu.pan.pl\/en\/wp-json\/wp\/v2\/pages\/317","targetHints":{"allow":["GET"]}}],"collection":[{"href":"https:\/\/amu.pan.pl\/en\/wp-json\/wp\/v2\/pages"}],"about":[{"href":"https:\/\/amu.pan.pl\/en\/wp-json\/wp\/v2\/types\/page"}],"author":[{"embeddable":true,"href":"https:\/\/amu.pan.pl\/en\/wp-json\/wp\/v2\/users\/2"}],"replies":[{"embeddable":true,"href":"https:\/\/amu.pan.pl\/en\/wp-json\/wp\/v2\/comments?post=317"}],"version-history":[{"count":0,"href":"https:\/\/amu.pan.pl\/en\/wp-json\/wp\/v2\/pages\/317\/revisions"}],"wp:featuredmedia":[{"embeddable":true,"href":"https:\/\/amu.pan.pl\/en\/wp-json\/wp\/v2\/media\/17"}],"wp:attachment":[{"href":"https:\/\/amu.pan.pl\/en\/wp-json\/wp\/v2\/media?parent=317"}],"curies":[{"name":"wp","href":"https:\/\/api.w.org\/{rel}","templated":true}]}}