{"id":332,"date":"2020-02-21T11:27:52","date_gmt":"2020-02-21T10:27:52","guid":{"rendered":"https:\/\/amu.pan.pl\/test\/2020\/02\/21\/2-kadencja\/"},"modified":"2020-10-09T13:14:40","modified_gmt":"2020-10-09T11:14:40","slug":"kadencja-12-17","status":"publish","type":"page","link":"https:\/\/amu.pan.pl\/en\/kadencja-12-17\/","title":{"rendered":"Term of office 2012-2017"},"content":{"rendered":"<div data-elementor-type=\"wp-page\" data-elementor-id=\"332\" class=\"elementor elementor-332\">\n\t\t\t\t\t\t<section class=\"elementor-section elementor-top-section elementor-element elementor-element-16327bf elementor-section-boxed elementor-section-height-default elementor-section-height-default\" data-id=\"16327bf\" data-element_type=\"section\">\n\t\t\t\t\t\t<div class=\"elementor-container elementor-column-gap-default\">\n\t\t\t\t\t<div class=\"elementor-column elementor-col-100 elementor-top-column elementor-element elementor-element-1da3143\" data-id=\"1da3143\" data-element_type=\"column\">\n\t\t\t<div class=\"elementor-widget-wrap elementor-element-populated\">\n\t\t\t\t\t\t<div class=\"elementor-element elementor-element-4b18278 elementor-widget elementor-widget-heading\" data-id=\"4b18278\" data-element_type=\"widget\" data-widget_type=\"heading.default\">\n\t\t\t\t<div class=\"elementor-widget-container\">\n\t\t\t\t\t<h2 class=\"elementor-heading-title elementor-size-default\">Term of office: May 24, 2012 - May 23, 2017.<\/h2>\t\t\t\t<\/div>\n\t\t\t\t<\/div>\n\t\t\t\t<section class=\"elementor-section elementor-inner-section elementor-element elementor-element-4fd7427 elementor-section-boxed elementor-section-height-default elementor-section-height-default\" data-id=\"4fd7427\" data-element_type=\"section\">\n\t\t\t\t\t\t<div class=\"elementor-container elementor-column-gap-default\">\n\t\t\t\t\t<div class=\"elementor-column elementor-col-100 elementor-inner-column elementor-element elementor-element-3bc8fed\" data-id=\"3bc8fed\" data-element_type=\"column\">\n\t\t\t<div class=\"elementor-widget-wrap elementor-element-populated\">\n\t\t\t\t\t\t<div class=\"elementor-element elementor-element-a245bed elementor-position-left elementor-vertical-align-middle elementor-widget elementor-widget-image-box\" data-id=\"a245bed\" data-element_type=\"widget\" data-widget_type=\"image-box.default\">\n\t\t\t\t<div class=\"elementor-widget-container\">\n\t\t\t\t\t<div class=\"elementor-image-box-wrapper\"><figure class=\"elementor-image-box-img\"><a href=\"https:\/\/amu.pan.pl\/adrian-glen\/\" tabindex=\"-1\"><img decoding=\"async\" width=\"150\" height=\"150\" src=\"https:\/\/amu.pan.pl\/wp-content\/uploads\/2016\/02\/Adrian_Glen-150x150.png\" class=\"elementor-animation-grow attachment-thumbnail size-thumbnail wp-image-79\" alt=\"\" \/><\/a><\/figure><div class=\"elementor-image-box-content\"><h2 class=\"elementor-image-box-title\"><a href=\"https:\/\/amu.pan.pl\/adrian-glen\/\">Adrian Gle\u0144<\/a><\/h2><\/div><\/div>\t\t\t\t<\/div>\n\t\t\t\t<\/div>\n\t\t\t\t\t<\/div>\n\t\t<\/div>\n\t\t\t\t\t<\/div>\n\t\t<\/section>\n\t\t\t\t<div class=\"elementor-element elementor-element-dbdbc3c elementor-position-left elementor-vertical-align-middle elementor-widget elementor-widget-image-box\" data-id=\"dbdbc3c\" data-element_type=\"widget\" data-widget_type=\"image-box.default\">\n\t\t\t\t<div class=\"elementor-widget-container\">\n\t\t\t\t\t<div class=\"elementor-image-box-wrapper\"><figure class=\"elementor-image-box-img\"><a href=\"https:\/\/amu.pan.pl\/dariusz-jemielniak\/\" tabindex=\"-1\"><img decoding=\"async\" width=\"150\" height=\"150\" src=\"https:\/\/amu.pan.pl\/wp-content\/uploads\/2016\/02\/Dariusz_Jemielniak-150x150.jpg\" class=\"elementor-animation-grow attachment-thumbnail size-thumbnail wp-image-83\" alt=\"\" \/><\/a><\/figure><div class=\"elementor-image-box-content\"><h2 class=\"elementor-image-box-title\"><a href=\"https:\/\/amu.pan.pl\/dariusz-jemielniak\/\">Dariusz Jemielniak<\/a><\/h2><\/div><\/div>\t\t\t\t<\/div>\n\t\t\t\t<\/div>\n\t\t\t\t<div class=\"elementor-element elementor-element-cf54b2b elementor-position-left elementor-vertical-align-middle elementor-widget elementor-widget-image-box\" data-id=\"cf54b2b\" data-element_type=\"widget\" data-widget_type=\"image-box.default\">\n\t\t\t\t<div class=\"elementor-widget-container\">\n\t\t\t\t\t<div class=\"elementor-image-box-wrapper\"><figure class=\"elementor-image-box-img\"><a href=\"https:\/\/amu.pan.pl\/katarzyna-marciniak\/\" tabindex=\"-1\"><img decoding=\"async\" width=\"150\" height=\"150\" src=\"https:\/\/amu.pan.pl\/wp-content\/uploads\/2016\/02\/Katarzyna_Marciniak-150x150.jpg\" class=\"elementor-animation-grow attachment-thumbnail size-thumbnail wp-image-91\" alt=\"\" \/><\/a><\/figure><div class=\"elementor-image-box-content\"><h2 class=\"elementor-image-box-title\"><a href=\"https:\/\/amu.pan.pl\/katarzyna-marciniak\/\">Katarzyna Marciniak<\/a><\/h2><\/div><\/div>\t\t\t\t<\/div>\n\t\t\t\t<\/div>\n\t\t\t\t<div class=\"elementor-element elementor-element-dbef433 elementor-position-left elementor-vertical-align-middle elementor-widget elementor-widget-image-box\" data-id=\"dbef433\" data-element_type=\"widget\" data-widget_type=\"image-box.default\">\n\t\t\t\t<div class=\"elementor-widget-container\">\n\t\t\t\t\t<div class=\"elementor-image-box-wrapper\"><figure class=\"elementor-image-box-img\"><a href=\"https:\/\/amu.pan.pl\/adam-nowak\/\" tabindex=\"-1\"><img loading=\"lazy\" decoding=\"async\" width=\"150\" height=\"150\" src=\"https:\/\/amu.pan.pl\/wp-content\/uploads\/2016\/02\/Adam_Nowak-150x150.jpg\" class=\"elementor-animation-grow attachment-thumbnail size-thumbnail wp-image-94\" alt=\"\" \/><\/a><\/figure><div class=\"elementor-image-box-content\"><h2 class=\"elementor-image-box-title\"><a href=\"https:\/\/amu.pan.pl\/adam-nowak\/\">Adam Nowak<\/a><\/h2><\/div><\/div>\t\t\t\t<\/div>\n\t\t\t\t<\/div>\n\t\t\t\t<div class=\"elementor-element elementor-element-2e90497 elementor-position-left elementor-vertical-align-middle elementor-widget elementor-widget-image-box\" data-id=\"2e90497\" data-element_type=\"widget\" data-widget_type=\"image-box.default\">\n\t\t\t\t<div class=\"elementor-widget-container\">\n\t\t\t\t\t<div class=\"elementor-image-box-wrapper\"><figure class=\"elementor-image-box-img\"><a href=\"https:\/\/amu.pan.pl\/konrad-osajda\/\" tabindex=\"-1\"><img loading=\"lazy\" decoding=\"async\" width=\"150\" height=\"150\" src=\"https:\/\/amu.pan.pl\/wp-content\/uploads\/2016\/02\/Konrad_Osajda-150x150.jpg\" class=\"elementor-animation-grow attachment-thumbnail size-thumbnail wp-image-96\" alt=\"\" \/><\/a><\/figure><div class=\"elementor-image-box-content\"><h2 class=\"elementor-image-box-title\"><a href=\"https:\/\/amu.pan.pl\/konrad-osajda\/\">Konrad Osajda<\/a><\/h2><\/div><\/div>\t\t\t\t<\/div>\n\t\t\t\t<\/div>\n\t\t\t\t<div class=\"elementor-element elementor-element-5291e0e elementor-position-left elementor-vertical-align-middle elementor-widget elementor-widget-image-box\" data-id=\"5291e0e\" data-element_type=\"widget\" data-widget_type=\"image-box.default\">\n\t\t\t\t<div class=\"elementor-widget-container\">\n\t\t\t\t\t<div class=\"elementor-image-box-wrapper\"><figure class=\"elementor-image-box-img\"><a href=\"https:\/\/amu.pan.pl\/marcin-stepien\/\" tabindex=\"-1\"><img loading=\"lazy\" decoding=\"async\" width=\"150\" height=\"150\" src=\"https:\/\/amu.pan.pl\/wp-content\/uploads\/2020\/10\/placeholder-150x150.png\" class=\"elementor-animation-grow attachment-thumbnail size-thumbnail wp-image-703\" alt=\"\" srcset=\"https:\/\/amu.pan.pl\/wp-content\/uploads\/2020\/10\/placeholder-150x150.png 150w, https:\/\/amu.pan.pl\/wp-content\/uploads\/2020\/10\/placeholder-300x300.png 300w, https:\/\/amu.pan.pl\/wp-content\/uploads\/2020\/10\/placeholder-1024x1024.png 1024w, https:\/\/amu.pan.pl\/wp-content\/uploads\/2020\/10\/placeholder-1536x1536.png 1536w, https:\/\/amu.pan.pl\/wp-content\/uploads\/2020\/10\/placeholder-2048x2048.png 2048w\" sizes=\"(max-width: 150px) 100vw, 150px\" \/><\/a><\/figure><div class=\"elementor-image-box-content\"><h2 class=\"elementor-image-box-title\"><a href=\"https:\/\/amu.pan.pl\/marcin-stepien\/\">Marcin St\u0119pie\u0144<\/a><\/h2><\/div><\/div>\t\t\t\t<\/div>\n\t\t\t\t<\/div>\n\t\t\t\t<div class=\"elementor-element elementor-element-8f8ab42 elementor-position-left elementor-vertical-align-middle elementor-widget elementor-widget-image-box\" data-id=\"8f8ab42\" data-element_type=\"widget\" data-widget_type=\"image-box.default\">\n\t\t\t\t<div class=\"elementor-widget-container\">\n\t\t\t\t\t<div class=\"elementor-image-box-wrapper\"><figure class=\"elementor-image-box-img\"><a href=\"https:\/\/amu.pan.pl\/rafal-urbaniak\/\" tabindex=\"-1\"><img loading=\"lazy\" decoding=\"async\" width=\"150\" height=\"150\" src=\"https:\/\/amu.pan.pl\/wp-content\/uploads\/2020\/10\/placeholder-150x150.png\" class=\"elementor-animation-grow attachment-thumbnail size-thumbnail wp-image-703\" alt=\"\" srcset=\"https:\/\/amu.pan.pl\/wp-content\/uploads\/2020\/10\/placeholder-150x150.png 150w, https:\/\/amu.pan.pl\/wp-content\/uploads\/2020\/10\/placeholder-300x300.png 300w, https:\/\/amu.pan.pl\/wp-content\/uploads\/2020\/10\/placeholder-1024x1024.png 1024w, https:\/\/amu.pan.pl\/wp-content\/uploads\/2020\/10\/placeholder-1536x1536.png 1536w, https:\/\/amu.pan.pl\/wp-content\/uploads\/2020\/10\/placeholder-2048x2048.png 2048w\" sizes=\"(max-width: 150px) 100vw, 150px\" \/><\/a><\/figure><div class=\"elementor-image-box-content\"><h2 class=\"elementor-image-box-title\"><a href=\"https:\/\/amu.pan.pl\/rafal-urbaniak\/\">Rafa\u0142 Urbaniak<\/a><\/h2><\/div><\/div>\t\t\t\t<\/div>\n\t\t\t\t<\/div>\n\t\t\t\t<div class=\"elementor-element elementor-element-256ae44 elementor-position-left elementor-vertical-align-middle elementor-widget elementor-widget-image-box\" data-id=\"256ae44\" data-element_type=\"widget\" data-widget_type=\"image-box.default\">\n\t\t\t\t<div class=\"elementor-widget-container\">\n\t\t\t\t\t<div class=\"elementor-image-box-wrapper\"><figure class=\"elementor-image-box-img\"><a href=\"https:\/\/amu.pan.pl\/ireneusz-weyman\/\" tabindex=\"-1\"><img loading=\"lazy\" decoding=\"async\" width=\"150\" height=\"150\" src=\"https:\/\/amu.pan.pl\/wp-content\/uploads\/2016\/02\/Ireneusz_Weymann-150x150.png\" class=\"elementor-animation-grow attachment-thumbnail size-thumbnail wp-image-113\" alt=\"\" \/><\/a><\/figure><div class=\"elementor-image-box-content\"><h2 class=\"elementor-image-box-title\"><a href=\"https:\/\/amu.pan.pl\/ireneusz-weyman\/\">Ireneusz Weymann<\/a><\/h2><\/div><\/div>\t\t\t\t<\/div>\n\t\t\t\t<\/div>\n\t\t\t\t<div class=\"elementor-element elementor-element-94d53c0 elementor-position-left elementor-vertical-align-middle elementor-widget elementor-widget-image-box\" data-id=\"94d53c0\" data-element_type=\"widget\" data-widget_type=\"image-box.default\">\n\t\t\t\t<div class=\"elementor-widget-container\">\n\t\t\t\t\t<div class=\"elementor-image-box-wrapper\"><figure class=\"elementor-image-box-img\"><a href=\"https:\/\/amu.pan.pl\/michal-wierzchon\/\" tabindex=\"-1\"><img loading=\"lazy\" decoding=\"async\" width=\"150\" height=\"150\" src=\"https:\/\/amu.pan.pl\/wp-content\/uploads\/2016\/02\/Michal_Wierzchon-150x150.png\" class=\"elementor-animation-grow attachment-thumbnail size-thumbnail wp-image-67\" alt=\"\" \/><\/a><\/figure><div class=\"elementor-image-box-content\"><h2 class=\"elementor-image-box-title\"><a href=\"https:\/\/amu.pan.pl\/michal-wierzchon\/\">Micha\u0142 Wierzcho\u0144<\/a><\/h2><\/div><\/div>\t\t\t\t<\/div>\n\t\t\t\t<\/div>\n\t\t\t\t\t<\/div>\n\t\t<\/div>\n\t\t\t\t\t<\/div>\n\t\t<\/section>\n\t\t\t\t<\/div>","protected":false},"excerpt":{"rendered":"<p>Kadencja 24 V 2012 r. &#8211; 23 V 2017 r. Adrian Gle\u0144 Dariusz Jemielniak Katarzyna Marciniak Adam Nowak Konrad Osajda Marcin St\u0119pie\u0144 Rafa\u0142 Urbaniak Ireneusz Weymann Micha\u0142 Wierzcho\u0144<\/p>","protected":false},"author":2,"featured_media":0,"parent":0,"menu_order":2,"comment_status":"open","ping_status":"open","template":"","meta":{"_monsterinsights_skip_tracking":false,"_monsterinsights_sitenote_active":false,"_monsterinsights_sitenote_note":"","_monsterinsights_sitenote_category":0,"neve_meta_sidebar":"","neve_meta_container":"","neve_meta_enable_content_width":"","neve_meta_content_width":0,"neve_meta_title_alignment":"","neve_meta_author_avatar":"","neve_post_elements_order":"","neve_meta_disable_header":"","neve_meta_disable_footer":"","neve_meta_disable_title":"","footnotes":""},"class_list":["post-332","page","type-page","status-publish","hentry"],"yoast_head":"<!-- This site is optimized with the Yoast SEO plugin v25.0 - https:\/\/yoast.com\/wordpress\/plugins\/seo\/ -->\n<title>Kadencja 2012-2017 - Akademia M\u0142odych Uczonych<\/title>\n<meta name=\"robots\" content=\"index, follow, max-snippet:-1, max-image-preview:large, max-video-preview:-1\" \/>\n<link rel=\"canonical\" href=\"https:\/\/amu.pan.pl\/en\/kadencja-12-17\/\" \/>\n<meta property=\"og:locale\" content=\"en_GB\" \/>\n<meta property=\"og:type\" content=\"article\" \/>\n<meta property=\"og:title\" content=\"Kadencja 2012-2017 - Akademia M\u0142odych Uczonych\" \/>\n<meta property=\"og:description\" content=\"Kadencja 24 V 2012 r. &#8211; 23 V 2017 r. Adrian Gle\u0144 Dariusz Jemielniak Katarzyna Marciniak Adam Nowak Konrad Osajda Marcin St\u0119pie\u0144 Rafa\u0142 Urbaniak Ireneusz Weymann Micha\u0142 Wierzcho\u0144\" \/>\n<meta property=\"og:url\" content=\"https:\/\/amu.pan.pl\/en\/kadencja-12-17\/\" \/>\n<meta property=\"og:site_name\" content=\"Akademia M\u0142odych Uczonych\" \/>\n<meta property=\"article:publisher\" content=\"https:\/\/www.facebook.com\/AkademiaMlodychUczonych\/\" \/>\n<meta property=\"article:modified_time\" content=\"2020-10-09T11:14:40+00:00\" \/>\n<meta property=\"og:image\" content=\"https:\/\/amu.pan.pl\/wp-content\/uploads\/2016\/02\/Adrian_Glen-150x150.png\" \/>\n<meta name=\"twitter:card\" content=\"summary_large_image\" \/>\n<meta name=\"twitter:site\" content=\"@AMUPAN1\" \/>\n<script type=\"application\/ld+json\" class=\"yoast-schema-graph\">{\"@context\":\"https:\/\/schema.org\",\"@graph\":[{\"@type\":\"WebPage\",\"@id\":\"https:\/\/amu.pan.pl\/en\/kadencja-12-17\/\",\"url\":\"https:\/\/amu.pan.pl\/en\/kadencja-12-17\/\",\"name\":\"Kadencja 2012-2017 - Akademia M\u0142odych Uczonych\",\"isPartOf\":{\"@id\":\"https:\/\/amu.pan.pl\/#website\"},\"primaryImageOfPage\":{\"@id\":\"https:\/\/amu.pan.pl\/en\/kadencja-12-17\/#primaryimage\"},\"image\":{\"@id\":\"https:\/\/amu.pan.pl\/en\/kadencja-12-17\/#primaryimage\"},\"thumbnailUrl\":\"https:\/\/amu.pan.pl\/wp-content\/uploads\/2016\/02\/Adrian_Glen-150x150.png\",\"datePublished\":\"2020-02-21T10:27:52+00:00\",\"dateModified\":\"2020-10-09T11:14:40+00:00\",\"breadcrumb\":{\"@id\":\"https:\/\/amu.pan.pl\/en\/kadencja-12-17\/#breadcrumb\"},\"inLanguage\":\"en-GB\",\"potentialAction\":[{\"@type\":\"ReadAction\",\"target\":[\"https:\/\/amu.pan.pl\/en\/kadencja-12-17\/\"]}]},{\"@type\":\"ImageObject\",\"inLanguage\":\"en-GB\",\"@id\":\"https:\/\/amu.pan.pl\/en\/kadencja-12-17\/#primaryimage\",\"url\":\"https:\/\/amu.pan.pl\/wp-content\/uploads\/2016\/02\/Adrian_Glen-150x150.png\",\"contentUrl\":\"https:\/\/amu.pan.pl\/wp-content\/uploads\/2016\/02\/Adrian_Glen-150x150.png\"},{\"@type\":\"BreadcrumbList\",\"@id\":\"https:\/\/amu.pan.pl\/en\/kadencja-12-17\/#breadcrumb\",\"itemListElement\":[{\"@type\":\"ListItem\",\"position\":1,\"name\":\"Strona g\u0142\u00f3wna\",\"item\":\"https:\/\/amu.pan.pl\/\"},{\"@type\":\"ListItem\",\"position\":2,\"name\":\"Kadencja 2012-2017\"}]},{\"@type\":\"WebSite\",\"@id\":\"https:\/\/amu.pan.pl\/#website\",\"url\":\"https:\/\/amu.pan.pl\/\",\"name\":\"Akademia M\u0142odych Uczonych\",\"description\":\"Polska Akademia Nauk\",\"publisher\":{\"@id\":\"https:\/\/amu.pan.pl\/#organization\"},\"potentialAction\":[{\"@type\":\"SearchAction\",\"target\":{\"@type\":\"EntryPoint\",\"urlTemplate\":\"https:\/\/amu.pan.pl\/?s={search_term_string}\"},\"query-input\":{\"@type\":\"PropertyValueSpecification\",\"valueRequired\":true,\"valueName\":\"search_term_string\"}}],\"inLanguage\":\"en-GB\"},{\"@type\":\"Organization\",\"@id\":\"https:\/\/amu.pan.pl\/#organization\",\"name\":\"Akademia M\u0142odych Uczonych\",\"url\":\"https:\/\/amu.pan.pl\/\",\"logo\":{\"@type\":\"ImageObject\",\"inLanguage\":\"en-GB\",\"@id\":\"https:\/\/amu.pan.pl\/#\/schema\/logo\/image\/\",\"url\":\"https:\/\/amu.pan.pl\/wp-content\/uploads\/2020\/08\/zz_amu.png\",\"contentUrl\":\"https:\/\/amu.pan.pl\/wp-content\/uploads\/2020\/08\/zz_amu.png\",\"width\":2794,\"height\":1016,\"caption\":\"Akademia M\u0142odych Uczonych\"},\"image\":{\"@id\":\"https:\/\/amu.pan.pl\/#\/schema\/logo\/image\/\"},\"sameAs\":[\"https:\/\/www.facebook.com\/AkademiaMlodychUczonych\/\",\"https:\/\/x.com\/AMUPAN1\"]}]}<\/script>\n<!-- \/ Yoast SEO plugin. -->","yoast_head_json":{"title":"Kadencja 2012-2017 - Akademia M\u0142odych Uczonych","robots":{"index":"index","follow":"follow","max-snippet":"max-snippet:-1","max-image-preview":"max-image-preview:large","max-video-preview":"max-video-preview:-1"},"canonical":"https:\/\/amu.pan.pl\/en\/kadencja-12-17\/","og_locale":"en_GB","og_type":"article","og_title":"Kadencja 2012-2017 - Akademia M\u0142odych Uczonych","og_description":"Kadencja 24 V 2012 r. &#8211; 23 V 2017 r. Adrian Gle\u0144 Dariusz Jemielniak Katarzyna Marciniak Adam Nowak Konrad Osajda Marcin St\u0119pie\u0144 Rafa\u0142 Urbaniak Ireneusz Weymann Micha\u0142 Wierzcho\u0144","og_url":"https:\/\/amu.pan.pl\/en\/kadencja-12-17\/","og_site_name":"Akademia M\u0142odych Uczonych","article_publisher":"https:\/\/www.facebook.com\/AkademiaMlodychUczonych\/","article_modified_time":"2020-10-09T11:14:40+00:00","og_image":[{"url":"https:\/\/amu.pan.pl\/wp-content\/uploads\/2016\/02\/Adrian_Glen-150x150.png","type":"","width":"","height":""}],"twitter_card":"summary_large_image","twitter_site":"@AMUPAN1","schema":{"@context":"https:\/\/schema.org","@graph":[{"@type":"WebPage","@id":"https:\/\/amu.pan.pl\/en\/kadencja-12-17\/","url":"https:\/\/amu.pan.pl\/en\/kadencja-12-17\/","name":"Kadencja 2012-2017 - Akademia M\u0142odych Uczonych","isPartOf":{"@id":"https:\/\/amu.pan.pl\/#website"},"primaryImageOfPage":{"@id":"https:\/\/amu.pan.pl\/en\/kadencja-12-17\/#primaryimage"},"image":{"@id":"https:\/\/amu.pan.pl\/en\/kadencja-12-17\/#primaryimage"},"thumbnailUrl":"https:\/\/amu.pan.pl\/wp-content\/uploads\/2016\/02\/Adrian_Glen-150x150.png","datePublished":"2020-02-21T10:27:52+00:00","dateModified":"2020-10-09T11:14:40+00:00","breadcrumb":{"@id":"https:\/\/amu.pan.pl\/en\/kadencja-12-17\/#breadcrumb"},"inLanguage":"en-GB","potentialAction":[{"@type":"ReadAction","target":["https:\/\/amu.pan.pl\/en\/kadencja-12-17\/"]}]},{"@type":"ImageObject","inLanguage":"en-GB","@id":"https:\/\/amu.pan.pl\/en\/kadencja-12-17\/#primaryimage","url":"https:\/\/amu.pan.pl\/wp-content\/uploads\/2016\/02\/Adrian_Glen-150x150.png","contentUrl":"https:\/\/amu.pan.pl\/wp-content\/uploads\/2016\/02\/Adrian_Glen-150x150.png"},{"@type":"BreadcrumbList","@id":"https:\/\/amu.pan.pl\/en\/kadencja-12-17\/#breadcrumb","itemListElement":[{"@type":"ListItem","position":1,"name":"Strona g\u0142\u00f3wna","item":"https:\/\/amu.pan.pl\/"},{"@type":"ListItem","position":2,"name":"Kadencja 2012-2017"}]},{"@type":"WebSite","@id":"https:\/\/amu.pan.pl\/#website","url":"https:\/\/amu.pan.pl\/","name":"Akademia M\u0142odych Uczonych","description":"Polska Akademia Nauk","publisher":{"@id":"https:\/\/amu.pan.pl\/#organization"},"potentialAction":[{"@type":"SearchAction","target":{"@type":"EntryPoint","urlTemplate":"https:\/\/amu.pan.pl\/?s={search_term_string}"},"query-input":{"@type":"PropertyValueSpecification","valueRequired":true,"valueName":"search_term_string"}}],"inLanguage":"en-GB"},{"@type":"Organization","@id":"https:\/\/amu.pan.pl\/#organization","name":"Akademia M\u0142odych Uczonych","url":"https:\/\/amu.pan.pl\/","logo":{"@type":"ImageObject","inLanguage":"en-GB","@id":"https:\/\/amu.pan.pl\/#\/schema\/logo\/image\/","url":"https:\/\/amu.pan.pl\/wp-content\/uploads\/2020\/08\/zz_amu.png","contentUrl":"https:\/\/amu.pan.pl\/wp-content\/uploads\/2020\/08\/zz_amu.png","width":2794,"height":1016,"caption":"Akademia M\u0142odych Uczonych"},"image":{"@id":"https:\/\/amu.pan.pl\/#\/schema\/logo\/image\/"},"sameAs":["https:\/\/www.facebook.com\/AkademiaMlodychUczonych\/","https:\/\/x.com\/AMUPAN1"]}]}},"_links":{"self":[{"href":"https:\/\/amu.pan.pl\/en\/wp-json\/wp\/v2\/pages\/332","targetHints":{"allow":["GET"]}}],"collection":[{"href":"https:\/\/amu.pan.pl\/en\/wp-json\/wp\/v2\/pages"}],"about":[{"href":"https:\/\/amu.pan.pl\/en\/wp-json\/wp\/v2\/types\/page"}],"author":[{"embeddable":true,"href":"https:\/\/amu.pan.pl\/en\/wp-json\/wp\/v2\/users\/2"}],"replies":[{"embeddable":true,"href":"https:\/\/amu.pan.pl\/en\/wp-json\/wp\/v2\/comments?post=332"}],"version-history":[{"count":0,"href":"https:\/\/amu.pan.pl\/en\/wp-json\/wp\/v2\/pages\/332\/revisions"}],"wp:attachment":[{"href":"https:\/\/amu.pan.pl\/en\/wp-json\/wp\/v2\/media?parent=332"}],"curies":[{"name":"wp","href":"https:\/\/api.w.org\/{rel}","templated":true}]}}