{"id":4171,"date":"2021-12-14T21:13:13","date_gmt":"2021-12-14T20:13:13","guid":{"rendered":"https:\/\/amu.pan.pl\/?page_id=4171"},"modified":"2025-02-21T12:41:05","modified_gmt":"2025-02-21T11:41:05","slug":"statut-pan-o-amu","status":"publish","type":"page","link":"https:\/\/amu.pan.pl\/en\/statut-pan-o-amu\/","title":{"rendered":"Statut PAN o AMU"},"content":{"rendered":"<div data-elementor-type=\"wp-page\" data-elementor-id=\"4171\" class=\"elementor elementor-4171\">\n\t\t\t\t\t\t<section class=\"elementor-section elementor-top-section elementor-element elementor-element-ede7a44 elementor-section-boxed elementor-section-height-default elementor-section-height-default\" data-id=\"ede7a44\" data-element_type=\"section\">\n\t\t\t\t\t\t<div class=\"elementor-container elementor-column-gap-default\">\n\t\t\t\t\t<div class=\"elementor-column elementor-col-100 elementor-top-column elementor-element elementor-element-3dea31a\" data-id=\"3dea31a\" data-element_type=\"column\">\n\t\t\t<div class=\"elementor-widget-wrap elementor-element-populated\">\n\t\t\t\t\t\t<div class=\"elementor-element elementor-element-3393776 elementor-widget elementor-widget-text-editor\" data-id=\"3393776\" data-element_type=\"widget\" data-widget_type=\"text-editor.default\">\n\t\t\t\t<div class=\"elementor-widget-container\">\n\t\t\t\t\t\t\t\t\t<h2 style=\"text-align: center;\">Statut PAN o AMU<\/h2><p>\u00a0<\/p><h3>Rozdzia\u0142 X.<\/h3><h3>AKADEMIA M\u0141ODYCH UCZONYCH<\/h3><p>\u00a7 55.<\/p><p>Cz\u0142onkowie akademii m\u0142odych uczonych wybierani s\u0105 przez Zgromadzenie Og\u00f3lne Akademii spo\u015br\u00f3d wyr\u00f3\u017cniaj\u0105cych si\u0119 wybitnymi osi\u0105gni\u0119ciami naukowymi m\u0142odych przedstawicieli nauki polskiej.<\/p><p>\u00a7 56.<\/p><p>1. Do zada\u0144 akademii m\u0142odych uczonych nale\u017cy dzia\u0142anie na rzecz aktywizacji \u015brodowiska m\u0142odych pracownik\u00f3w nauki, a w szczeg\u00f3lno\u015bci:<\/p><p>1) przedstawianie opinii, ocen i raport\u00f3w dotycz\u0105cych wspierania rozwoju os\u00f3b rozpoczynaj\u0105cych karier\u0119 naukow\u0105;<\/p><p>2) promocja osi\u0105gni\u0119\u0107 naukowych m\u0142odych naukowc\u00f3w, w tym organizacja konferencji i wydarze\u0144 popularyzuj\u0105cych nauk\u0119;<\/p><p>3) wsp\u00f3\u0142praca z organami i jednostkami naukowymi Akademii we wspieraniu rozwoju m\u0142odych naukowc\u00f3w;<\/p><p>4) wsp\u00f3\u0142praca z instytucjami w kraju i za granic\u0105 w celu wspierania rozwoju os\u00f3b rozpoczynaj\u0105cych karier\u0119 naukow\u0105;<\/p><p>5) doradztwo naukowe na poziomie regionalnym, krajowym i mi\u0119dzynarodowym.<\/p><p>2. Akademia m\u0142odych uczonych realizuje zadania z w\u0142asnej inicjatywy lub na wniosek organ\u00f3w Akademii.<\/p><p>\u00a7 57.<\/p><p>1. Cz\u0142onkiem akademii m\u0142odych uczonych mo\u017ce zosta\u0107 osoba, kt\u00f3ra:<\/p><p>1) posiada obywatelstwo polskie;<\/p><p>2) nie przekroczy\u0142a 38 roku \u017cycia w dniu wyboru;<\/p><p>3) legitymuje si\u0119 co najmniej stopniem naukowym doktora.<\/p><p>2. Wiek, o kt\u00f3rym mowa w ust. 1 pkt 2, ulega wyd\u0142u\u017ceniu o okres wykorzystanych urlop\u00f3w macierzy\u0144skich, ojcowskich i rodzicielskich.<\/p><p>\u00a7 58.<\/p><p>Kadencja cz\u0142onka akademii m\u0142odych uczonych trwa 5 lat, bez mo\u017cliwo\u015bci ponownego wyboru.<\/p><p>\u00a7 59.<\/p><p>1. Kandydatury na cz\u0142onk\u00f3w akademii m\u0142odych uczonych mo\u017ce zg\u0142osi\u0107:<\/p><p>1) trzech cz\u0142onk\u00f3w Akademii, lub<\/p><p>2) rada naukowa instytutu naukowego lub instytutu badawczego posiadaj\u0105cego prawo nadawania stopnia naukowego doktora habilitowanego, lub<\/p><p>3) senat uczelni posiadaj\u0105cej uprawnienie do nadawania stopnia doktora habilitowanego, lub<\/p><p>4) pi\u0119\u0107 os\u00f3b, kt\u00f3re wyr\u00f3\u017cniaj\u0105 si\u0119 szczeg\u00f3lnym dorobkiem naukowym i autorytetem w \u015brodowisku naukowym oraz reprezentuj\u0105 r\u00f3\u017cne o\u015brodki naukowe.<\/p><p>2. Tryb zg\u0142aszania kandydat\u00f3w wraz z rekomendacjami i tryb wyboru cz\u0142onk\u00f3w akademii m\u0142odych uczonych oraz utraty cz\u0142onkostwa, pozbawienia statusu cz\u0142onka lub rezygnacji z cz\u0142onkostwa w akademii m\u0142odych uczonych okre\u015bla regulamin uchwalony przez Zgromadzenie Og\u00f3lne Akademii.<\/p><p>\u00a7 60.<\/p><p>1. Kandydat\u00f3w na cz\u0142onk\u00f3w akademii m\u0142odych uczonych wy\u0142ania powo\u0142ana przez Prezesa Akademii Kapitu\u0142a do spraw akademii m\u0142odych uczonych, zwana dalej \u201eKapitu\u0142\u0105\u201d.<\/p><p>2. Kadencja Kapitu\u0142y odpowiada kadencji Prezydium Akademii.<\/p><p>3. Kapitu\u0142a sk\u0142ada si\u0119 z nie wi\u0119cej ni\u017c 11 os\u00f3b, cz\u0142onk\u00f3w Akademii zg\u0142oszonych przez zebrania plenarne wydzia\u0142\u00f3w. Przewodnicz\u0105cego Kapitu\u0142y wskazuje Prezes Akademii.<\/p><p>4. Szczeg\u00f3\u0142owy tryb dzia\u0142ania Kapitu\u0142y oraz wy\u0142aniania jej cz\u0142onk\u00f3w okre\u015bla regulamin uchwalony przez Prezydium Akademii.<\/p><p>5. W pracach Kapitu\u0142y uczestniczy przewodnicz\u0105cy akademii m\u0142odych uczonych bez g\u0142osu stanowi\u0105cego.<\/p><p>\u00a7 61.<\/p><p>1. Kapitu\u0142a po zaopiniowaniu kandydat\u00f3w przez zebrania plenarne wydzia\u0142\u00f3w i zebranie og\u00f3lne akademii m\u0142odych uczonych wy\u0142ania kandydat\u00f3w, kt\u00f3rych list\u0119 wraz z rekomendacjami przekazuje Prezesowi Akademii.<\/p><p>2. Prezes Akademii wnosi na posiedzenie Zgromadzenia Og\u00f3lnego Akademii wniosek o dokonanie wyboru cz\u0142onk\u00f3w akademii m\u0142odych uczonych.<\/p><p>\u00a7 62.<\/p><p>Cz\u0142onek akademii m\u0142odych uczonych traci status cz\u0142onka w razie:<\/p><p>1) wyboru na cz\u0142onka krajowego Akademii;<\/p><p>2) skazania prawomocnym wyrokiem za przest\u0119pstwo umy\u015blne lub przest\u0119pstwo skarbowe;<\/p><p>3) naruszenia zasad etyki w nauce stwierdzonego przez Komisj\u0119 do spraw etyki w nauce i potwierdzonego w uchwale Zgromadzenia Og\u00f3lnego Akademii podj\u0119tej wi\u0119kszo\u015bci\u0105 dw\u00f3ch trzecich g\u0142os\u00f3w, przy obecno\u015bci co najmniej 1\/3 liczby cz\u0142onk\u00f3w krajowych Akademii;<\/p><p>4) rezygnacji z cz\u0142onkostwa.<\/p><p>\u00a7 63.<\/p><p>1. Organami akademii m\u0142odych uczonych s\u0105:<\/p><p>1) zebranie og\u00f3lne;<\/p><p>2) przewodnicz\u0105cy.<\/p><p>2. W sk\u0142ad zebrania og\u00f3lnego wchodz\u0105 cz\u0142onkowie akademii m\u0142odych uczonych.<\/p><p>3. Przewodnicz\u0105cego akademii m\u0142odych uczonych wybiera zebranie og\u00f3lne zwyk\u0142\u0105 wi\u0119kszo\u015bci\u0105 g\u0142os\u00f3w.<\/p><p>\u00a7 64.<\/p><p>Szczeg\u00f3\u0142owe zasady wyboru i dzia\u0142ania organ\u00f3w akademii m\u0142odych uczonych okre\u015bla regulamin uchwalony przez zebranie og\u00f3lne akademii m\u0142odych uczonych i zatwierdzony przez Zgromadzenie Og\u00f3lne Akademii.<\/p><p>\u00a7 65.<\/p><p>Przedstawiciele akademii m\u0142odych uczonych mog\u0105 uczestniczy\u0107 w pracach wydzia\u0142\u00f3w, oddzia\u0142\u00f3w oraz komitet\u00f3w: naukowych, problemowych i narodowych Akademii.<\/p><p>\u00a7 66.<\/p><p>Obs\u0142ug\u0119 administracyjn\u0105 akademii m\u0142odych uczonych zapewnia Kancelaria Akademii.<\/p><p>\u00a0<\/p><h3 id=\"5a5bdce5-3d6a-4fa2-9ae3-19cecb821df8\" class=\"rozdzial\" data-id=\"8b4941d2-08b4-4dcf-b33c-484c73277545\" data-parent-id=\"3801fe5e-721e-48b1-9854-9823a2d9aa65\" data-unit-number=\"2\"><strong>Rozdzia\u0142 II.<\/strong><\/h3><h3 id=\"756dfece-8d78-43e7-bbd0-1d60c68b5666\" class=\"tytul\" data-parent-id=\"8b4941d2-08b4-4dcf-b33c-484c73277545\">ZGROMADZENIE OG\u00d3LNE AKADEMII<\/h3><p id=\"39450ce2-391e-4dd3-a74c-709e6ffe9adf\" class=\"paragraf\" data-id=\"13845622-4435-489b-8b44-2cac538959cb\" data-parent-id=\"8b4941d2-08b4-4dcf-b33c-484c73277545\" data-unit-number=\"9\" data-main-unit-id=\"13845622-4435-489b-8b44-2cac538959cb\"><strong>\u00a7\u00a09.\u00a0<\/strong><\/p><p id=\"d56b9141-cdbd-4a89-89d0-4831ed91aee0\" class=\"paragraf-tekst\" data-id=\"13845622-4435-489b-8b44-2cac538959cb\" data-parent-id=\"8b4941d2-08b4-4dcf-b33c-484c73277545\" data-main-unit-id=\"13845622-4435-489b-8b44-2cac538959cb\">W sesjach Zgromadzenia Og\u00f3lnego Akademii bior\u0105 udzia\u0142 bez g\u0142osu stanowi\u0105cego cz\u0142onkowie akademii m\u0142odych uczonych oraz dyrektorzy instytut\u00f3w naukowych Akademii.<\/p>\t\t\t\t\t\t\t\t<\/div>\n\t\t\t\t<\/div>\n\t\t\t\t<div class=\"elementor-element elementor-element-887c972 elementor-view-default elementor-position-top elementor-mobile-position-top elementor-widget elementor-widget-icon-box\" data-id=\"887c972\" data-element_type=\"widget\" data-widget_type=\"icon-box.default\">\n\t\t\t\t<div class=\"elementor-widget-container\">\n\t\t\t\t\t\t\t<div class=\"elementor-icon-box-wrapper\">\n\n\t\t\t\t\t\t<div class=\"elementor-icon-box-icon\">\n\t\t\t\t<a href=\"https:\/\/dokumenty.pan.pl\/PolskaAkademiaNauk\/document\/1654\/Uchwala-1_2024\" class=\"elementor-icon\" tabindex=\"-1\" aria-label=\"Statut PAN\">\n\t\t\t\t<i aria-hidden=\"true\" class=\"fas fa-file-download\"><\/i>\t\t\t\t<\/a>\n\t\t\t<\/div>\n\t\t\t\n\t\t\t\t\t\t<div class=\"elementor-icon-box-content\">\n\n\t\t\t\t\t\t\t\t\t<h3 class=\"elementor-icon-box-title\">\n\t\t\t\t\t\t<a href=\"https:\/\/dokumenty.pan.pl\/PolskaAkademiaNauk\/document\/1654\/Uchwala-1_2024\" >\n\t\t\t\t\t\t\tStatut PAN\t\t\t\t\t\t<\/a>\n\t\t\t\t\t<\/h3>\n\t\t\t\t\n\t\t\t\t\t\t\t\t\t<p class=\"elementor-icon-box-description\">\n\t\t\t\t\t\tUCHWA\u0141A NR 1\/2024 Zgromadzenia Og\u00f3lnego Polskiej Akademii Nauk z dnia 20 czerwca 2024 r.\t\t\t\t\t<\/p>\n\t\t\t\t\n\t\t\t<\/div>\n\t\t\t\n\t\t<\/div>\n\t\t\t\t\t\t<\/div>\n\t\t\t\t<\/div>\n\t\t\t\t\t<\/div>\n\t\t<\/div>\n\t\t\t\t\t<\/div>\n\t\t<\/section>\n\t\t\t\t<\/div>","protected":false},"excerpt":{"rendered":"<p>Statut PAN o AMU \u00a0 Rozdzia\u0142 X. AKADEMIA M\u0141ODYCH UCZONYCH \u00a7 55. Cz\u0142onkowie akademii m\u0142odych uczonych wybierani s\u0105 przez Zgromadzenie Og\u00f3lne Akademii spo\u015br\u00f3d wyr\u00f3\u017cniaj\u0105cych si\u0119 wybitnymi osi\u0105gni\u0119ciami naukowymi m\u0142odych przedstawicieli nauki polskiej. \u00a7 56. 1. Do zada\u0144 akademii m\u0142odych uczonych nale\u017cy dzia\u0142anie na rzecz aktywizacji \u015brodowiska m\u0142odych pracownik\u00f3w nauki, a w szczeg\u00f3lno\u015bci: 1) przedstawianie opinii,&hellip;&nbsp;<a href=\"https:\/\/amu.pan.pl\/en\/statut-pan-o-amu\/\" rel=\"bookmark\">Read More &raquo;<span class=\"screen-reader-text\">Statut PAN o AMU<\/span><\/a><\/p>","protected":false},"author":2,"featured_media":0,"parent":0,"menu_order":0,"comment_status":"closed","ping_status":"closed","template":"page-templates\/template-pagebuilder-full-width.php","meta":{"_monsterinsights_skip_tracking":false,"_monsterinsights_sitenote_active":false,"_monsterinsights_sitenote_note":"","_monsterinsights_sitenote_category":0,"neve_meta_sidebar":"full-width","neve_meta_container":"","neve_meta_enable_content_width":"on","neve_meta_content_width":100,"neve_meta_title_alignment":"","neve_meta_author_avatar":"","neve_post_elements_order":"","neve_meta_disable_header":"","neve_meta_disable_footer":"","neve_meta_disable_title":"","footnotes":""},"class_list":["post-4171","page","type-page","status-publish","hentry"],"yoast_head":"<!-- This site is optimized with the Yoast SEO plugin v25.0 - https:\/\/yoast.com\/wordpress\/plugins\/seo\/ -->\n<title>Statut PAN o AMU - Akademia M\u0142odych Uczonych<\/title>\n<meta name=\"robots\" content=\"index, follow, max-snippet:-1, max-image-preview:large, max-video-preview:-1\" \/>\n<link rel=\"canonical\" href=\"https:\/\/amu.pan.pl\/en\/statut-pan-o-amu\/\" \/>\n<meta property=\"og:locale\" content=\"en_GB\" \/>\n<meta property=\"og:type\" content=\"article\" \/>\n<meta property=\"og:title\" content=\"Statut PAN o AMU - Akademia M\u0142odych Uczonych\" \/>\n<meta property=\"og:description\" content=\"Statut PAN o AMU \u00a0 Rozdzia\u0142 X. AKADEMIA M\u0141ODYCH UCZONYCH \u00a7 55. Cz\u0142onkowie akademii m\u0142odych uczonych wybierani s\u0105 przez Zgromadzenie Og\u00f3lne Akademii spo\u015br\u00f3d wyr\u00f3\u017cniaj\u0105cych si\u0119 wybitnymi osi\u0105gni\u0119ciami naukowymi m\u0142odych przedstawicieli nauki polskiej. \u00a7 56. 1. Do zada\u0144 akademii m\u0142odych uczonych nale\u017cy dzia\u0142anie na rzecz aktywizacji \u015brodowiska m\u0142odych pracownik\u00f3w nauki, a w szczeg\u00f3lno\u015bci: 1) przedstawianie opinii,&hellip;&nbsp;Read More &raquo;Statut PAN o AMU\" \/>\n<meta property=\"og:url\" content=\"https:\/\/amu.pan.pl\/en\/statut-pan-o-amu\/\" \/>\n<meta property=\"og:site_name\" content=\"Akademia M\u0142odych Uczonych\" \/>\n<meta property=\"article:publisher\" content=\"https:\/\/www.facebook.com\/AkademiaMlodychUczonych\/\" \/>\n<meta property=\"article:modified_time\" content=\"2025-02-21T11:41:05+00:00\" \/>\n<meta property=\"og:image\" content=\"https:\/\/amu.pan.pl\/wp-content\/uploads\/2020\/09\/AMU_logo.png\" \/>\n\t<meta property=\"og:image:width\" content=\"600\" \/>\n\t<meta property=\"og:image:height\" content=\"342\" \/>\n\t<meta property=\"og:image:type\" content=\"image\/png\" \/>\n<meta name=\"twitter:card\" content=\"summary_large_image\" \/>\n<meta name=\"twitter:site\" content=\"@AMUPAN1\" \/>\n<meta name=\"twitter:label1\" content=\"Estimated reading time\" \/>\n\t<meta name=\"twitter:data1\" content=\"3 minutes\" \/>\n<script type=\"application\/ld+json\" class=\"yoast-schema-graph\">{\"@context\":\"https:\/\/schema.org\",\"@graph\":[{\"@type\":\"WebPage\",\"@id\":\"https:\/\/amu.pan.pl\/statut-pan-o-amu\/\",\"url\":\"https:\/\/amu.pan.pl\/statut-pan-o-amu\/\",\"name\":\"Statut PAN o AMU - Akademia M\u0142odych Uczonych\",\"isPartOf\":{\"@id\":\"https:\/\/amu.pan.pl\/#website\"},\"datePublished\":\"2021-12-14T20:13:13+00:00\",\"dateModified\":\"2025-02-21T11:41:05+00:00\",\"breadcrumb\":{\"@id\":\"https:\/\/amu.pan.pl\/statut-pan-o-amu\/#breadcrumb\"},\"inLanguage\":\"en-GB\",\"potentialAction\":[{\"@type\":\"ReadAction\",\"target\":[\"https:\/\/amu.pan.pl\/statut-pan-o-amu\/\"]}]},{\"@type\":\"BreadcrumbList\",\"@id\":\"https:\/\/amu.pan.pl\/statut-pan-o-amu\/#breadcrumb\",\"itemListElement\":[{\"@type\":\"ListItem\",\"position\":1,\"name\":\"Strona g\u0142\u00f3wna\",\"item\":\"https:\/\/amu.pan.pl\/\"},{\"@type\":\"ListItem\",\"position\":2,\"name\":\"Statut PAN o AMU\"}]},{\"@type\":\"WebSite\",\"@id\":\"https:\/\/amu.pan.pl\/#website\",\"url\":\"https:\/\/amu.pan.pl\/\",\"name\":\"Akademia M\u0142odych Uczonych\",\"description\":\"Polska Akademia Nauk\",\"publisher\":{\"@id\":\"https:\/\/amu.pan.pl\/#organization\"},\"potentialAction\":[{\"@type\":\"SearchAction\",\"target\":{\"@type\":\"EntryPoint\",\"urlTemplate\":\"https:\/\/amu.pan.pl\/?s={search_term_string}\"},\"query-input\":{\"@type\":\"PropertyValueSpecification\",\"valueRequired\":true,\"valueName\":\"search_term_string\"}}],\"inLanguage\":\"en-GB\"},{\"@type\":\"Organization\",\"@id\":\"https:\/\/amu.pan.pl\/#organization\",\"name\":\"Akademia M\u0142odych Uczonych\",\"url\":\"https:\/\/amu.pan.pl\/\",\"logo\":{\"@type\":\"ImageObject\",\"inLanguage\":\"en-GB\",\"@id\":\"https:\/\/amu.pan.pl\/#\/schema\/logo\/image\/\",\"url\":\"https:\/\/amu.pan.pl\/wp-content\/uploads\/2020\/08\/zz_amu.png\",\"contentUrl\":\"https:\/\/amu.pan.pl\/wp-content\/uploads\/2020\/08\/zz_amu.png\",\"width\":2794,\"height\":1016,\"caption\":\"Akademia M\u0142odych Uczonych\"},\"image\":{\"@id\":\"https:\/\/amu.pan.pl\/#\/schema\/logo\/image\/\"},\"sameAs\":[\"https:\/\/www.facebook.com\/AkademiaMlodychUczonych\/\",\"https:\/\/x.com\/AMUPAN1\"]}]}<\/script>\n<!-- \/ Yoast SEO plugin. -->","yoast_head_json":{"title":"Statut PAN o AMU - Akademia M\u0142odych Uczonych","robots":{"index":"index","follow":"follow","max-snippet":"max-snippet:-1","max-image-preview":"max-image-preview:large","max-video-preview":"max-video-preview:-1"},"canonical":"https:\/\/amu.pan.pl\/en\/statut-pan-o-amu\/","og_locale":"en_GB","og_type":"article","og_title":"Statut PAN o AMU - Akademia M\u0142odych Uczonych","og_description":"Statut PAN o AMU \u00a0 Rozdzia\u0142 X. AKADEMIA M\u0141ODYCH UCZONYCH \u00a7 55. Cz\u0142onkowie akademii m\u0142odych uczonych wybierani s\u0105 przez Zgromadzenie Og\u00f3lne Akademii spo\u015br\u00f3d wyr\u00f3\u017cniaj\u0105cych si\u0119 wybitnymi osi\u0105gni\u0119ciami naukowymi m\u0142odych przedstawicieli nauki polskiej. \u00a7 56. 1. Do zada\u0144 akademii m\u0142odych uczonych nale\u017cy dzia\u0142anie na rzecz aktywizacji \u015brodowiska m\u0142odych pracownik\u00f3w nauki, a w szczeg\u00f3lno\u015bci: 1) przedstawianie opinii,&hellip;&nbsp;Read More &raquo;Statut PAN o AMU","og_url":"https:\/\/amu.pan.pl\/en\/statut-pan-o-amu\/","og_site_name":"Akademia M\u0142odych Uczonych","article_publisher":"https:\/\/www.facebook.com\/AkademiaMlodychUczonych\/","article_modified_time":"2025-02-21T11:41:05+00:00","og_image":[{"width":600,"height":342,"url":"https:\/\/amu.pan.pl\/wp-content\/uploads\/2020\/09\/AMU_logo.png","type":"image\/png"}],"twitter_card":"summary_large_image","twitter_site":"@AMUPAN1","twitter_misc":{"Estimated reading time":"3 minutes"},"schema":{"@context":"https:\/\/schema.org","@graph":[{"@type":"WebPage","@id":"https:\/\/amu.pan.pl\/statut-pan-o-amu\/","url":"https:\/\/amu.pan.pl\/statut-pan-o-amu\/","name":"Statut PAN o AMU - Akademia M\u0142odych Uczonych","isPartOf":{"@id":"https:\/\/amu.pan.pl\/#website"},"datePublished":"2021-12-14T20:13:13+00:00","dateModified":"2025-02-21T11:41:05+00:00","breadcrumb":{"@id":"https:\/\/amu.pan.pl\/statut-pan-o-amu\/#breadcrumb"},"inLanguage":"en-GB","potentialAction":[{"@type":"ReadAction","target":["https:\/\/amu.pan.pl\/statut-pan-o-amu\/"]}]},{"@type":"BreadcrumbList","@id":"https:\/\/amu.pan.pl\/statut-pan-o-amu\/#breadcrumb","itemListElement":[{"@type":"ListItem","position":1,"name":"Strona g\u0142\u00f3wna","item":"https:\/\/amu.pan.pl\/"},{"@type":"ListItem","position":2,"name":"Statut PAN o AMU"}]},{"@type":"WebSite","@id":"https:\/\/amu.pan.pl\/#website","url":"https:\/\/amu.pan.pl\/","name":"Akademia M\u0142odych Uczonych","description":"Polska Akademia Nauk","publisher":{"@id":"https:\/\/amu.pan.pl\/#organization"},"potentialAction":[{"@type":"SearchAction","target":{"@type":"EntryPoint","urlTemplate":"https:\/\/amu.pan.pl\/?s={search_term_string}"},"query-input":{"@type":"PropertyValueSpecification","valueRequired":true,"valueName":"search_term_string"}}],"inLanguage":"en-GB"},{"@type":"Organization","@id":"https:\/\/amu.pan.pl\/#organization","name":"Akademia M\u0142odych Uczonych","url":"https:\/\/amu.pan.pl\/","logo":{"@type":"ImageObject","inLanguage":"en-GB","@id":"https:\/\/amu.pan.pl\/#\/schema\/logo\/image\/","url":"https:\/\/amu.pan.pl\/wp-content\/uploads\/2020\/08\/zz_amu.png","contentUrl":"https:\/\/amu.pan.pl\/wp-content\/uploads\/2020\/08\/zz_amu.png","width":2794,"height":1016,"caption":"Akademia M\u0142odych Uczonych"},"image":{"@id":"https:\/\/amu.pan.pl\/#\/schema\/logo\/image\/"},"sameAs":["https:\/\/www.facebook.com\/AkademiaMlodychUczonych\/","https:\/\/x.com\/AMUPAN1"]}]}},"_links":{"self":[{"href":"https:\/\/amu.pan.pl\/en\/wp-json\/wp\/v2\/pages\/4171","targetHints":{"allow":["GET"]}}],"collection":[{"href":"https:\/\/amu.pan.pl\/en\/wp-json\/wp\/v2\/pages"}],"about":[{"href":"https:\/\/amu.pan.pl\/en\/wp-json\/wp\/v2\/types\/page"}],"author":[{"embeddable":true,"href":"https:\/\/amu.pan.pl\/en\/wp-json\/wp\/v2\/users\/2"}],"replies":[{"embeddable":true,"href":"https:\/\/amu.pan.pl\/en\/wp-json\/wp\/v2\/comments?post=4171"}],"version-history":[{"count":13,"href":"https:\/\/amu.pan.pl\/en\/wp-json\/wp\/v2\/pages\/4171\/revisions"}],"predecessor-version":[{"id":5820,"href":"https:\/\/amu.pan.pl\/en\/wp-json\/wp\/v2\/pages\/4171\/revisions\/5820"}],"wp:attachment":[{"href":"https:\/\/amu.pan.pl\/en\/wp-json\/wp\/v2\/media?parent=4171"}],"curies":[{"name":"wp","href":"https:\/\/api.w.org\/{rel}","templated":true}]}}