{"id":4289,"date":"2022-01-28T14:42:25","date_gmt":"2022-01-28T13:42:25","guid":{"rendered":"https:\/\/amu.pan.pl\/?page_id=4289"},"modified":"2022-01-28T14:44:07","modified_gmt":"2022-01-28T13:44:07","slug":"michal-bogdziewicz","status":"publish","type":"page","link":"https:\/\/amu.pan.pl\/en\/michal-bogdziewicz\/","title":{"rendered":"Micha\u0142 Bogdziewicz"},"content":{"rendered":"<div data-elementor-type=\"wp-page\" data-elementor-id=\"4289\" class=\"elementor elementor-4289\">\n\t\t\t\t\t\t<section class=\"elementor-section elementor-top-section elementor-element elementor-element-1de5c9d elementor-section-boxed elementor-section-height-default elementor-section-height-default\" data-id=\"1de5c9d\" data-element_type=\"section\">\n\t\t\t\t\t\t<div class=\"elementor-container elementor-column-gap-default\">\n\t\t\t\t\t<div class=\"elementor-column elementor-col-100 elementor-top-column elementor-element elementor-element-8a2f0c3\" data-id=\"8a2f0c3\" data-element_type=\"column\">\n\t\t\t<div class=\"elementor-widget-wrap elementor-element-populated\">\n\t\t\t\t\t\t<div class=\"elementor-element elementor-element-77f2ee0 elementor-widget elementor-widget-heading\" data-id=\"77f2ee0\" data-element_type=\"widget\" data-widget_type=\"heading.default\">\n\t\t\t\t<div class=\"elementor-widget-container\">\n\t\t\t\t\t<h1 class=\"elementor-heading-title elementor-size-default\">Micha\u0142 Bogdziewicz<\/h1>\t\t\t\t<\/div>\n\t\t\t\t<\/div>\n\t\t\t\t<div class=\"elementor-element elementor-element-1052273 elementor-widget elementor-widget-wp-widget-text\" data-id=\"1052273\" data-element_type=\"widget\" data-widget_type=\"wp-widget-text.default\">\n\t\t\t\t<div class=\"elementor-widget-container\">\n\t\t\t\t\t\t\t\t<div class=\"textwidget\"><p><img fetchpriority=\"high\" decoding=\"async\" class=\"wp-image-4291 size-medium alignleft\" src=\"https:\/\/amu.pan.pl\/wp-content\/uploads\/2022\/01\/headshot-300x300.jpeg\" alt=\"\" width=\"300\" height=\"300\" srcset=\"https:\/\/amu.pan.pl\/wp-content\/uploads\/2022\/01\/headshot-300x300.jpeg 300w, https:\/\/amu.pan.pl\/wp-content\/uploads\/2022\/01\/headshot-1024x1024.jpeg 1024w, https:\/\/amu.pan.pl\/wp-content\/uploads\/2022\/01\/headshot-150x150.jpeg 150w, https:\/\/amu.pan.pl\/wp-content\/uploads\/2022\/01\/headshot-768x768.jpeg 768w, https:\/\/amu.pan.pl\/wp-content\/uploads\/2022\/01\/headshot-12x12.jpeg 12w, https:\/\/amu.pan.pl\/wp-content\/uploads\/2022\/01\/headshot.jpeg 1536w\" sizes=\"(max-width: 300px) 100vw, 300px\" \/><\/p>\n<p>My research interests are focused on forest ecology, in particular the mechanisms of trees regeneration. Many plants, including most of the forest-forming species in our climatic zone, produce seeds every few years, in a massed and synchronized manner over large (even sub-continental) areas. This phenomenon, called mast seeding, plays a central role in both forest regeneration and the functioning of food webs.<\/p>\n<p>I defended my doctorate in 2017 at the University of Adam Mickiewicz in Pozna\u0144. I have completed several research internships, including at Harvard Forest (USA), University Autonoma de Barcelona (Spain), and Universit\u00e9 Grenoble Alpes (France). I was a PI at five NCN grants, and I am also a partner in grants from foreign institutions, e.g. the British NERC. My work has been recognized as outstanding several times, including awards such as Scientific Award of the City of Pozna\u0144, Scholarship of the Minister of Science and Higher Education for outstanding scientists, Start Scholarship of the Foundation for Polish Science.<\/p>\n<\/div>\n\t\t\t\t\t\t<\/div>\n\t\t\t\t<\/div>\n\t\t\t\t\t<\/div>\n\t\t<\/div>\n\t\t\t\t\t<\/div>\n\t\t<\/section>\n\t\t\t\t<\/div>","protected":false},"excerpt":{"rendered":"<p>Micha\u0142 Bogdziewicz<\/p>","protected":false},"author":2,"featured_media":0,"parent":0,"menu_order":17,"comment_status":"open","ping_status":"open","template":"elementor_header_footer","meta":{"_monsterinsights_skip_tracking":false,"_monsterinsights_sitenote_active":false,"_monsterinsights_sitenote_note":"","_monsterinsights_sitenote_category":0,"neve_meta_sidebar":"","neve_meta_container":"","neve_meta_enable_content_width":"","neve_meta_content_width":0,"neve_meta_title_alignment":"","neve_meta_author_avatar":"","neve_post_elements_order":"","neve_meta_disable_header":"","neve_meta_disable_footer":"","neve_meta_disable_title":"","footnotes":""},"class_list":["post-4289","page","type-page","status-publish","hentry"],"yoast_head":"<!-- This site is optimized with the Yoast SEO plugin v25.0 - https:\/\/yoast.com\/wordpress\/plugins\/seo\/ -->\n<title>Micha\u0142 Bogdziewicz - Akademia M\u0142odych Uczonych<\/title>\n<meta name=\"robots\" content=\"index, follow, max-snippet:-1, max-image-preview:large, max-video-preview:-1\" \/>\n<link rel=\"canonical\" href=\"https:\/\/amu.pan.pl\/en\/michal-bogdziewicz\/\" \/>\n<meta property=\"og:locale\" content=\"en_GB\" \/>\n<meta property=\"og:type\" content=\"article\" \/>\n<meta property=\"og:title\" content=\"Micha\u0142 Bogdziewicz - Akademia M\u0142odych Uczonych\" \/>\n<meta property=\"og:description\" content=\"Micha\u0142 Bogdziewicz\" \/>\n<meta property=\"og:url\" content=\"https:\/\/amu.pan.pl\/en\/michal-bogdziewicz\/\" \/>\n<meta property=\"og:site_name\" content=\"Akademia M\u0142odych Uczonych\" \/>\n<meta property=\"article:publisher\" content=\"https:\/\/www.facebook.com\/AkademiaMlodychUczonych\/\" \/>\n<meta property=\"article:modified_time\" content=\"2022-01-28T13:44:07+00:00\" \/>\n<meta property=\"og:image\" content=\"https:\/\/amu.pan.pl\/wp-content\/uploads\/2020\/09\/AMU_logo.png\" \/>\n\t<meta property=\"og:image:width\" content=\"600\" \/>\n\t<meta property=\"og:image:height\" content=\"342\" \/>\n\t<meta property=\"og:image:type\" content=\"image\/png\" \/>\n<meta name=\"twitter:card\" content=\"summary_large_image\" \/>\n<meta name=\"twitter:site\" content=\"@AMUPAN1\" \/>\n<meta name=\"twitter:label1\" content=\"Estimated reading time\" \/>\n\t<meta name=\"twitter:data1\" content=\"1 minute\" \/>\n<script type=\"application\/ld+json\" class=\"yoast-schema-graph\">{\"@context\":\"https:\/\/schema.org\",\"@graph\":[{\"@type\":\"WebPage\",\"@id\":\"https:\/\/amu.pan.pl\/michal-bogdziewicz\/\",\"url\":\"https:\/\/amu.pan.pl\/michal-bogdziewicz\/\",\"name\":\"Micha\u0142 Bogdziewicz - Akademia M\u0142odych Uczonych\",\"isPartOf\":{\"@id\":\"https:\/\/amu.pan.pl\/#website\"},\"datePublished\":\"2022-01-28T13:42:25+00:00\",\"dateModified\":\"2022-01-28T13:44:07+00:00\",\"breadcrumb\":{\"@id\":\"https:\/\/amu.pan.pl\/michal-bogdziewicz\/#breadcrumb\"},\"inLanguage\":\"en-GB\",\"potentialAction\":[{\"@type\":\"ReadAction\",\"target\":[\"https:\/\/amu.pan.pl\/michal-bogdziewicz\/\"]}]},{\"@type\":\"BreadcrumbList\",\"@id\":\"https:\/\/amu.pan.pl\/michal-bogdziewicz\/#breadcrumb\",\"itemListElement\":[{\"@type\":\"ListItem\",\"position\":1,\"name\":\"Strona g\u0142\u00f3wna\",\"item\":\"https:\/\/amu.pan.pl\/\"},{\"@type\":\"ListItem\",\"position\":2,\"name\":\"Micha\u0142 Bogdziewicz\"}]},{\"@type\":\"WebSite\",\"@id\":\"https:\/\/amu.pan.pl\/#website\",\"url\":\"https:\/\/amu.pan.pl\/\",\"name\":\"Akademia M\u0142odych Uczonych\",\"description\":\"Polska Akademia Nauk\",\"publisher\":{\"@id\":\"https:\/\/amu.pan.pl\/#organization\"},\"potentialAction\":[{\"@type\":\"SearchAction\",\"target\":{\"@type\":\"EntryPoint\",\"urlTemplate\":\"https:\/\/amu.pan.pl\/?s={search_term_string}\"},\"query-input\":{\"@type\":\"PropertyValueSpecification\",\"valueRequired\":true,\"valueName\":\"search_term_string\"}}],\"inLanguage\":\"en-GB\"},{\"@type\":\"Organization\",\"@id\":\"https:\/\/amu.pan.pl\/#organization\",\"name\":\"Akademia M\u0142odych Uczonych\",\"url\":\"https:\/\/amu.pan.pl\/\",\"logo\":{\"@type\":\"ImageObject\",\"inLanguage\":\"en-GB\",\"@id\":\"https:\/\/amu.pan.pl\/#\/schema\/logo\/image\/\",\"url\":\"https:\/\/amu.pan.pl\/wp-content\/uploads\/2020\/08\/zz_amu.png\",\"contentUrl\":\"https:\/\/amu.pan.pl\/wp-content\/uploads\/2020\/08\/zz_amu.png\",\"width\":2794,\"height\":1016,\"caption\":\"Akademia M\u0142odych Uczonych\"},\"image\":{\"@id\":\"https:\/\/amu.pan.pl\/#\/schema\/logo\/image\/\"},\"sameAs\":[\"https:\/\/www.facebook.com\/AkademiaMlodychUczonych\/\",\"https:\/\/x.com\/AMUPAN1\"]}]}<\/script>\n<!-- \/ Yoast SEO plugin. -->","yoast_head_json":{"title":"Micha\u0142 Bogdziewicz - Akademia M\u0142odych Uczonych","robots":{"index":"index","follow":"follow","max-snippet":"max-snippet:-1","max-image-preview":"max-image-preview:large","max-video-preview":"max-video-preview:-1"},"canonical":"https:\/\/amu.pan.pl\/en\/michal-bogdziewicz\/","og_locale":"en_GB","og_type":"article","og_title":"Micha\u0142 Bogdziewicz - Akademia M\u0142odych Uczonych","og_description":"Micha\u0142 Bogdziewicz","og_url":"https:\/\/amu.pan.pl\/en\/michal-bogdziewicz\/","og_site_name":"Akademia M\u0142odych Uczonych","article_publisher":"https:\/\/www.facebook.com\/AkademiaMlodychUczonych\/","article_modified_time":"2022-01-28T13:44:07+00:00","og_image":[{"width":600,"height":342,"url":"https:\/\/amu.pan.pl\/wp-content\/uploads\/2020\/09\/AMU_logo.png","type":"image\/png"}],"twitter_card":"summary_large_image","twitter_site":"@AMUPAN1","twitter_misc":{"Estimated reading time":"1 minute"},"schema":{"@context":"https:\/\/schema.org","@graph":[{"@type":"WebPage","@id":"https:\/\/amu.pan.pl\/michal-bogdziewicz\/","url":"https:\/\/amu.pan.pl\/michal-bogdziewicz\/","name":"Micha\u0142 Bogdziewicz - Akademia M\u0142odych Uczonych","isPartOf":{"@id":"https:\/\/amu.pan.pl\/#website"},"datePublished":"2022-01-28T13:42:25+00:00","dateModified":"2022-01-28T13:44:07+00:00","breadcrumb":{"@id":"https:\/\/amu.pan.pl\/michal-bogdziewicz\/#breadcrumb"},"inLanguage":"en-GB","potentialAction":[{"@type":"ReadAction","target":["https:\/\/amu.pan.pl\/michal-bogdziewicz\/"]}]},{"@type":"BreadcrumbList","@id":"https:\/\/amu.pan.pl\/michal-bogdziewicz\/#breadcrumb","itemListElement":[{"@type":"ListItem","position":1,"name":"Strona g\u0142\u00f3wna","item":"https:\/\/amu.pan.pl\/"},{"@type":"ListItem","position":2,"name":"Micha\u0142 Bogdziewicz"}]},{"@type":"WebSite","@id":"https:\/\/amu.pan.pl\/#website","url":"https:\/\/amu.pan.pl\/","name":"Akademia M\u0142odych Uczonych","description":"Polska Akademia Nauk","publisher":{"@id":"https:\/\/amu.pan.pl\/#organization"},"potentialAction":[{"@type":"SearchAction","target":{"@type":"EntryPoint","urlTemplate":"https:\/\/amu.pan.pl\/?s={search_term_string}"},"query-input":{"@type":"PropertyValueSpecification","valueRequired":true,"valueName":"search_term_string"}}],"inLanguage":"en-GB"},{"@type":"Organization","@id":"https:\/\/amu.pan.pl\/#organization","name":"Akademia M\u0142odych Uczonych","url":"https:\/\/amu.pan.pl\/","logo":{"@type":"ImageObject","inLanguage":"en-GB","@id":"https:\/\/amu.pan.pl\/#\/schema\/logo\/image\/","url":"https:\/\/amu.pan.pl\/wp-content\/uploads\/2020\/08\/zz_amu.png","contentUrl":"https:\/\/amu.pan.pl\/wp-content\/uploads\/2020\/08\/zz_amu.png","width":2794,"height":1016,"caption":"Akademia M\u0142odych Uczonych"},"image":{"@id":"https:\/\/amu.pan.pl\/#\/schema\/logo\/image\/"},"sameAs":["https:\/\/www.facebook.com\/AkademiaMlodychUczonych\/","https:\/\/x.com\/AMUPAN1"]}]}},"_links":{"self":[{"href":"https:\/\/amu.pan.pl\/en\/wp-json\/wp\/v2\/pages\/4289","targetHints":{"allow":["GET"]}}],"collection":[{"href":"https:\/\/amu.pan.pl\/en\/wp-json\/wp\/v2\/pages"}],"about":[{"href":"https:\/\/amu.pan.pl\/en\/wp-json\/wp\/v2\/types\/page"}],"author":[{"embeddable":true,"href":"https:\/\/amu.pan.pl\/en\/wp-json\/wp\/v2\/users\/2"}],"replies":[{"embeddable":true,"href":"https:\/\/amu.pan.pl\/en\/wp-json\/wp\/v2\/comments?post=4289"}],"version-history":[{"count":4,"href":"https:\/\/amu.pan.pl\/en\/wp-json\/wp\/v2\/pages\/4289\/revisions"}],"predecessor-version":[{"id":4294,"href":"https:\/\/amu.pan.pl\/en\/wp-json\/wp\/v2\/pages\/4289\/revisions\/4294"}],"wp:attachment":[{"href":"https:\/\/amu.pan.pl\/en\/wp-json\/wp\/v2\/media?parent=4289"}],"curies":[{"name":"wp","href":"https:\/\/api.w.org\/{rel}","templated":true}]}}