{"id":4298,"date":"2022-01-28T15:02:21","date_gmt":"2022-01-28T14:02:21","guid":{"rendered":"https:\/\/amu.pan.pl\/?page_id=4298"},"modified":"2022-01-28T22:23:48","modified_gmt":"2022-01-28T21:23:48","slug":"anna-dyrdal","status":"publish","type":"page","link":"https:\/\/amu.pan.pl\/en\/anna-dyrdal\/","title":{"rendered":"Anna Dyrda\u0142"},"content":{"rendered":"<div data-elementor-type=\"wp-page\" data-elementor-id=\"4298\" class=\"elementor elementor-4298\">\n\t\t\t\t\t\t<section class=\"elementor-section elementor-top-section elementor-element elementor-element-1de5c9d elementor-section-boxed elementor-section-height-default elementor-section-height-default\" data-id=\"1de5c9d\" data-element_type=\"section\">\n\t\t\t\t\t\t<div class=\"elementor-container elementor-column-gap-default\">\n\t\t\t\t\t<div class=\"elementor-column elementor-col-100 elementor-top-column elementor-element elementor-element-8a2f0c3\" data-id=\"8a2f0c3\" data-element_type=\"column\">\n\t\t\t<div class=\"elementor-widget-wrap elementor-element-populated\">\n\t\t\t\t\t\t<div class=\"elementor-element elementor-element-77f2ee0 elementor-widget elementor-widget-heading\" data-id=\"77f2ee0\" data-element_type=\"widget\" data-widget_type=\"heading.default\">\n\t\t\t\t<div class=\"elementor-widget-container\">\n\t\t\t\t\t<h1 class=\"elementor-heading-title elementor-size-default\">Anna Dyrda\u0142<\/h1>\t\t\t\t<\/div>\n\t\t\t\t<\/div>\n\t\t\t\t<div class=\"elementor-element elementor-element-1052273 elementor-widget elementor-widget-wp-widget-text\" data-id=\"1052273\" data-element_type=\"widget\" data-widget_type=\"wp-widget-text.default\">\n\t\t\t\t<div class=\"elementor-widget-container\">\n\t\t\t\t\t\t\t\t<div class=\"textwidget\"><p><img fetchpriority=\"high\" decoding=\"async\" class=\"wp-image-4300 size-medium alignleft\" src=\"https:\/\/amu.pan.pl\/wp-content\/uploads\/2022\/01\/ANNA_DYRDAL-240x300.jpg\" alt=\"\" width=\"240\" height=\"300\" srcset=\"https:\/\/amu.pan.pl\/wp-content\/uploads\/2022\/01\/ANNA_DYRDAL-240x300.jpg 240w, https:\/\/amu.pan.pl\/wp-content\/uploads\/2022\/01\/ANNA_DYRDAL-10x12.jpg 10w, https:\/\/amu.pan.pl\/wp-content\/uploads\/2022\/01\/ANNA_DYRDAL.jpg 333w\" sizes=\"(max-width: 240px) 100vw, 240px\" \/><\/p>\n<p>She is employed in the Mesoscopic Physics Department of the Faculty of Physics, Adam Mickiewicz University at Pozna\u0144. She is working in theoretical physics, more specifically in the theory of condensed matter in nanoscale. She got experience in such scientific institutions as Institut fur Physik, Martin Luther Universitat, Halle, Unit\u00e9 Mixte de Physique CNRS\/Thales - Universit\u00e9 Paris-Saclay, and Departamento de Qu\u00edmica-F\u00edsica, Universidad del Pais Vasco, Bilbao.  \n\nAcademic career of Anna Dyrda\u0142 is associated with the Faculty of Physics  of Adam Mickiewicz University, where she got MSc (2009), PhD (2013), and habilitation (2020). Her current scientific interests concern broadly understood spintronics, that is the area at the border of condensed matter physics, nanomagnetism, and materials science. In research work, she is focused on the theory of spin-dependent electronic transport in semiconducting heterostructures, two-dimensional materials of graphene type, van-der-Waals heterostructures, and  topological insulators. In particular, she specializes in theoretical description of phenomena induced in electronic transport due to spin-orbital effects. \n\nAnna Dyrda\u0142 is a co-author of several tens of research articles published in journals from JCR list. She was (or is) a principal investigator in several research projects funded by NCN, MNiSW (Iuventus Plus), or Adam Mickiewicz University. Currently, she is leading a large project under the Norwegian Financial Mechanism, within which, together with a Staff of 12 researchers is working on spin and transport properties of low dimensional quantum materials. Her scientific achievements resulted in several well-recognized fellowships, Including the Fellowship of Ministry of Science and Higher Education for Young Scientist, Fellowship of the Foundation for Polish Science (within Program START), Fellowship of the city of Pozna\u0144, and Fellowship of the French Government.<\/p>\n<p>Academic career of Anna Dyrda\u0142 is associated with the Faculty of Physics  of Adam Mickiewicz University, where she got MSc (2009), PhD (2013), and habilitation (2020). Her current scientific interests concern broadly understood spintronics, that is the area at the border of condensed matter physics, nanomagnetism, and materials science. In research work, she is focused on the theory of spin-dependent electronic transport in semiconducting heterostructures, two-dimensional materials of graphene type, van-der-Waals heterostructures, and  topological insulators. In particular, she specializes in theoretical description of phenomena induced in electronic transport due to spin-orbital effects.<\/p>\n<p>Anna Dyrda\u0142 is a co-author of several tens of research articles published in journals from JCR list. She was (or is) a principal investigator in several research projects funded by NCN, MNiSW (Iuventus Plus), or Adam Mickiewicz University. Currently, she is leading a large project under the Norwegian Financial Mechanism, within which, together with a Staff of 12 researchers is working on spin and transport properties of low dimensional quantum materials. Her scientific achievements resulted in several well-recognized fellowships, Including the Fellowship of Ministry of Science and Higher Education for Young Scientist, Fellowship of the Foundation for Polish Science (within Program START), Fellowship of the city of Pozna\u0144, and Fellowship of the French Government.<\/p>\n<\/div>\n\t\t\t\t\t\t<\/div>\n\t\t\t\t<\/div>\n\t\t\t\t\t<\/div>\n\t\t<\/div>\n\t\t\t\t\t<\/div>\n\t\t<\/section>\n\t\t\t\t<\/div>","protected":false},"excerpt":{"rendered":"<p>Anna Dyrda\u0142<\/p>","protected":false},"author":2,"featured_media":0,"parent":0,"menu_order":17,"comment_status":"open","ping_status":"open","template":"elementor_header_footer","meta":{"_monsterinsights_skip_tracking":false,"_monsterinsights_sitenote_active":false,"_monsterinsights_sitenote_note":"","_monsterinsights_sitenote_category":0,"neve_meta_sidebar":"","neve_meta_container":"","neve_meta_enable_content_width":"","neve_meta_content_width":0,"neve_meta_title_alignment":"","neve_meta_author_avatar":"","neve_post_elements_order":"","neve_meta_disable_header":"","neve_meta_disable_footer":"","neve_meta_disable_title":"","footnotes":""},"class_list":["post-4298","page","type-page","status-publish","hentry"],"yoast_head":"<!-- This site is optimized with the Yoast SEO plugin v25.0 - https:\/\/yoast.com\/wordpress\/plugins\/seo\/ -->\n<title>Anna Dyrda\u0142 - Akademia M\u0142odych Uczonych<\/title>\n<meta name=\"robots\" content=\"index, follow, max-snippet:-1, max-image-preview:large, max-video-preview:-1\" \/>\n<link rel=\"canonical\" href=\"https:\/\/amu.pan.pl\/en\/anna-dyrdal\/\" \/>\n<meta property=\"og:locale\" content=\"en_GB\" \/>\n<meta property=\"og:type\" content=\"article\" \/>\n<meta property=\"og:title\" content=\"Anna Dyrda\u0142 - Akademia M\u0142odych Uczonych\" \/>\n<meta property=\"og:description\" content=\"Anna Dyrda\u0142\" \/>\n<meta property=\"og:url\" content=\"https:\/\/amu.pan.pl\/en\/anna-dyrdal\/\" \/>\n<meta property=\"og:site_name\" content=\"Akademia M\u0142odych Uczonych\" \/>\n<meta property=\"article:publisher\" content=\"https:\/\/www.facebook.com\/AkademiaMlodychUczonych\/\" \/>\n<meta property=\"article:modified_time\" content=\"2022-01-28T21:23:48+00:00\" \/>\n<meta property=\"og:image\" content=\"https:\/\/amu.pan.pl\/wp-content\/uploads\/2020\/09\/AMU_logo.png\" \/>\n\t<meta property=\"og:image:width\" content=\"600\" \/>\n\t<meta property=\"og:image:height\" content=\"342\" \/>\n\t<meta property=\"og:image:type\" content=\"image\/png\" \/>\n<meta name=\"twitter:card\" content=\"summary_large_image\" \/>\n<meta name=\"twitter:site\" content=\"@AMUPAN1\" \/>\n<meta name=\"twitter:label1\" content=\"Estimated reading time\" \/>\n\t<meta name=\"twitter:data1\" content=\"2 minutes\" \/>\n<script type=\"application\/ld+json\" class=\"yoast-schema-graph\">{\"@context\":\"https:\/\/schema.org\",\"@graph\":[{\"@type\":\"WebPage\",\"@id\":\"https:\/\/amu.pan.pl\/anna-dyrdal\/\",\"url\":\"https:\/\/amu.pan.pl\/anna-dyrdal\/\",\"name\":\"Anna Dyrda\u0142 - Akademia M\u0142odych Uczonych\",\"isPartOf\":{\"@id\":\"https:\/\/amu.pan.pl\/#website\"},\"datePublished\":\"2022-01-28T14:02:21+00:00\",\"dateModified\":\"2022-01-28T21:23:48+00:00\",\"breadcrumb\":{\"@id\":\"https:\/\/amu.pan.pl\/anna-dyrdal\/#breadcrumb\"},\"inLanguage\":\"en-GB\",\"potentialAction\":[{\"@type\":\"ReadAction\",\"target\":[\"https:\/\/amu.pan.pl\/anna-dyrdal\/\"]}]},{\"@type\":\"BreadcrumbList\",\"@id\":\"https:\/\/amu.pan.pl\/anna-dyrdal\/#breadcrumb\",\"itemListElement\":[{\"@type\":\"ListItem\",\"position\":1,\"name\":\"Strona g\u0142\u00f3wna\",\"item\":\"https:\/\/amu.pan.pl\/\"},{\"@type\":\"ListItem\",\"position\":2,\"name\":\"Anna Dyrda\u0142\"}]},{\"@type\":\"WebSite\",\"@id\":\"https:\/\/amu.pan.pl\/#website\",\"url\":\"https:\/\/amu.pan.pl\/\",\"name\":\"Akademia M\u0142odych Uczonych\",\"description\":\"Polska Akademia Nauk\",\"publisher\":{\"@id\":\"https:\/\/amu.pan.pl\/#organization\"},\"potentialAction\":[{\"@type\":\"SearchAction\",\"target\":{\"@type\":\"EntryPoint\",\"urlTemplate\":\"https:\/\/amu.pan.pl\/?s={search_term_string}\"},\"query-input\":{\"@type\":\"PropertyValueSpecification\",\"valueRequired\":true,\"valueName\":\"search_term_string\"}}],\"inLanguage\":\"en-GB\"},{\"@type\":\"Organization\",\"@id\":\"https:\/\/amu.pan.pl\/#organization\",\"name\":\"Akademia M\u0142odych Uczonych\",\"url\":\"https:\/\/amu.pan.pl\/\",\"logo\":{\"@type\":\"ImageObject\",\"inLanguage\":\"en-GB\",\"@id\":\"https:\/\/amu.pan.pl\/#\/schema\/logo\/image\/\",\"url\":\"https:\/\/amu.pan.pl\/wp-content\/uploads\/2020\/08\/zz_amu.png\",\"contentUrl\":\"https:\/\/amu.pan.pl\/wp-content\/uploads\/2020\/08\/zz_amu.png\",\"width\":2794,\"height\":1016,\"caption\":\"Akademia M\u0142odych Uczonych\"},\"image\":{\"@id\":\"https:\/\/amu.pan.pl\/#\/schema\/logo\/image\/\"},\"sameAs\":[\"https:\/\/www.facebook.com\/AkademiaMlodychUczonych\/\",\"https:\/\/x.com\/AMUPAN1\"]}]}<\/script>\n<!-- \/ Yoast SEO plugin. -->","yoast_head_json":{"title":"Anna Dyrda\u0142 - Akademia M\u0142odych Uczonych","robots":{"index":"index","follow":"follow","max-snippet":"max-snippet:-1","max-image-preview":"max-image-preview:large","max-video-preview":"max-video-preview:-1"},"canonical":"https:\/\/amu.pan.pl\/en\/anna-dyrdal\/","og_locale":"en_GB","og_type":"article","og_title":"Anna Dyrda\u0142 - Akademia M\u0142odych Uczonych","og_description":"Anna Dyrda\u0142","og_url":"https:\/\/amu.pan.pl\/en\/anna-dyrdal\/","og_site_name":"Akademia M\u0142odych Uczonych","article_publisher":"https:\/\/www.facebook.com\/AkademiaMlodychUczonych\/","article_modified_time":"2022-01-28T21:23:48+00:00","og_image":[{"width":600,"height":342,"url":"https:\/\/amu.pan.pl\/wp-content\/uploads\/2020\/09\/AMU_logo.png","type":"image\/png"}],"twitter_card":"summary_large_image","twitter_site":"@AMUPAN1","twitter_misc":{"Estimated reading time":"2 minutes"},"schema":{"@context":"https:\/\/schema.org","@graph":[{"@type":"WebPage","@id":"https:\/\/amu.pan.pl\/anna-dyrdal\/","url":"https:\/\/amu.pan.pl\/anna-dyrdal\/","name":"Anna Dyrda\u0142 - Akademia M\u0142odych Uczonych","isPartOf":{"@id":"https:\/\/amu.pan.pl\/#website"},"datePublished":"2022-01-28T14:02:21+00:00","dateModified":"2022-01-28T21:23:48+00:00","breadcrumb":{"@id":"https:\/\/amu.pan.pl\/anna-dyrdal\/#breadcrumb"},"inLanguage":"en-GB","potentialAction":[{"@type":"ReadAction","target":["https:\/\/amu.pan.pl\/anna-dyrdal\/"]}]},{"@type":"BreadcrumbList","@id":"https:\/\/amu.pan.pl\/anna-dyrdal\/#breadcrumb","itemListElement":[{"@type":"ListItem","position":1,"name":"Strona g\u0142\u00f3wna","item":"https:\/\/amu.pan.pl\/"},{"@type":"ListItem","position":2,"name":"Anna Dyrda\u0142"}]},{"@type":"WebSite","@id":"https:\/\/amu.pan.pl\/#website","url":"https:\/\/amu.pan.pl\/","name":"Akademia M\u0142odych Uczonych","description":"Polska Akademia Nauk","publisher":{"@id":"https:\/\/amu.pan.pl\/#organization"},"potentialAction":[{"@type":"SearchAction","target":{"@type":"EntryPoint","urlTemplate":"https:\/\/amu.pan.pl\/?s={search_term_string}"},"query-input":{"@type":"PropertyValueSpecification","valueRequired":true,"valueName":"search_term_string"}}],"inLanguage":"en-GB"},{"@type":"Organization","@id":"https:\/\/amu.pan.pl\/#organization","name":"Akademia M\u0142odych Uczonych","url":"https:\/\/amu.pan.pl\/","logo":{"@type":"ImageObject","inLanguage":"en-GB","@id":"https:\/\/amu.pan.pl\/#\/schema\/logo\/image\/","url":"https:\/\/amu.pan.pl\/wp-content\/uploads\/2020\/08\/zz_amu.png","contentUrl":"https:\/\/amu.pan.pl\/wp-content\/uploads\/2020\/08\/zz_amu.png","width":2794,"height":1016,"caption":"Akademia M\u0142odych Uczonych"},"image":{"@id":"https:\/\/amu.pan.pl\/#\/schema\/logo\/image\/"},"sameAs":["https:\/\/www.facebook.com\/AkademiaMlodychUczonych\/","https:\/\/x.com\/AMUPAN1"]}]}},"_links":{"self":[{"href":"https:\/\/amu.pan.pl\/en\/wp-json\/wp\/v2\/pages\/4298","targetHints":{"allow":["GET"]}}],"collection":[{"href":"https:\/\/amu.pan.pl\/en\/wp-json\/wp\/v2\/pages"}],"about":[{"href":"https:\/\/amu.pan.pl\/en\/wp-json\/wp\/v2\/types\/page"}],"author":[{"embeddable":true,"href":"https:\/\/amu.pan.pl\/en\/wp-json\/wp\/v2\/users\/2"}],"replies":[{"embeddable":true,"href":"https:\/\/amu.pan.pl\/en\/wp-json\/wp\/v2\/comments?post=4298"}],"version-history":[{"count":4,"href":"https:\/\/amu.pan.pl\/en\/wp-json\/wp\/v2\/pages\/4298\/revisions"}],"predecessor-version":[{"id":4303,"href":"https:\/\/amu.pan.pl\/en\/wp-json\/wp\/v2\/pages\/4298\/revisions\/4303"}],"wp:attachment":[{"href":"https:\/\/amu.pan.pl\/en\/wp-json\/wp\/v2\/media?parent=4298"}],"curies":[{"name":"wp","href":"https:\/\/api.w.org\/{rel}","templated":true}]}}