{"id":4307,"date":"2022-01-28T22:29:53","date_gmt":"2022-01-28T21:29:53","guid":{"rendered":"https:\/\/amu.pan.pl\/?page_id=4307"},"modified":"2025-10-15T10:35:52","modified_gmt":"2025-10-15T08:35:52","slug":"karolina-hansen","status":"publish","type":"page","link":"https:\/\/amu.pan.pl\/en\/karolina-hansen\/","title":{"rendered":"Karolina Hansen"},"content":{"rendered":"<div data-elementor-type=\"wp-page\" data-elementor-id=\"4307\" class=\"elementor elementor-4307\">\n\t\t\t\t\t\t<section class=\"elementor-section elementor-top-section elementor-element elementor-element-1de5c9d elementor-section-boxed elementor-section-height-default elementor-section-height-default\" data-id=\"1de5c9d\" data-element_type=\"section\">\n\t\t\t\t\t\t<div class=\"elementor-container elementor-column-gap-default\">\n\t\t\t\t\t<div class=\"elementor-column elementor-col-100 elementor-top-column elementor-element elementor-element-8a2f0c3\" data-id=\"8a2f0c3\" data-element_type=\"column\">\n\t\t\t<div class=\"elementor-widget-wrap elementor-element-populated\">\n\t\t\t\t\t\t<div class=\"elementor-element elementor-element-77f2ee0 elementor-widget elementor-widget-heading\" data-id=\"77f2ee0\" data-element_type=\"widget\" data-widget_type=\"heading.default\">\n\t\t\t\t<div class=\"elementor-widget-container\">\n\t\t\t\t\t<h1 class=\"elementor-heading-title elementor-size-default\">Karolina Hansen<\/h1>\t\t\t\t<\/div>\n\t\t\t\t<\/div>\n\t\t\t\t<div class=\"elementor-element elementor-element-1052273 elementor-widget elementor-widget-wp-widget-text\" data-id=\"1052273\" data-element_type=\"widget\" data-widget_type=\"wp-widget-text.default\">\n\t\t\t\t<div class=\"elementor-widget-container\">\n\t\t\t\t\t\t\t\t<div class=\"textwidget\"><p><img fetchpriority=\"high\" decoding=\"async\" class=\"wp-image-4309 size-medium alignleft\" src=\"https:\/\/amu.pan.pl\/wp-content\/uploads\/2022\/01\/HansenKarolina_CBU_UW_kwadrat-300x300.jpg\" alt=\"\" width=\"300\" height=\"300\" srcset=\"https:\/\/amu.pan.pl\/wp-content\/uploads\/2022\/01\/HansenKarolina_CBU_UW_kwadrat-300x300.jpg 300w, https:\/\/amu.pan.pl\/wp-content\/uploads\/2022\/01\/HansenKarolina_CBU_UW_kwadrat-1024x1024.jpg 1024w, https:\/\/amu.pan.pl\/wp-content\/uploads\/2022\/01\/HansenKarolina_CBU_UW_kwadrat-150x150.jpg 150w, https:\/\/amu.pan.pl\/wp-content\/uploads\/2022\/01\/HansenKarolina_CBU_UW_kwadrat-768x768.jpg 768w, https:\/\/amu.pan.pl\/wp-content\/uploads\/2022\/01\/HansenKarolina_CBU_UW_kwadrat-1536x1536.jpg 1536w, https:\/\/amu.pan.pl\/wp-content\/uploads\/2022\/01\/HansenKarolina_CBU_UW_kwadrat-2048x2048.jpg 2048w, https:\/\/amu.pan.pl\/wp-content\/uploads\/2022\/01\/HansenKarolina_CBU_UW_kwadrat-12x12.jpg 12w\" sizes=\"(max-width: 300px) 100vw, 300px\" \/><\/p>\n<p>Jest profesork\u0105 w Katedrze Psychologii Miejsca i Zmiany Spo\u0142ecznej na Wydziale Psychologii Uniwersytetu Warszawskiego. Jest absolwentk\u0105 Kolegium Mi\u0119dzywydzia\u0142owych Indywidualnych Studi\u00f3w Matematyczno-Przyrodniczych Uniwersytetu Warszawskiego. W 2013r. obroni\u0142a prac\u0119 doktorsk\u0105 na Uniwersytecie Fryderyka Schillera w Jenie, gdzie jej studia doktoranckie mia\u0142y charakter interdyscyplinarny i obejmowa\u0142y pogranicza psychologii, ekonomii i socjologii. W 2020 Dr Hansen uzyska\u0142a na Uniwersytecie Warszawskim stopie\u0144 doktor habilitowanej, a w 2024 stanowisko profesora.<\/p>\n<p>Jej zainteresowania naukowe obejmuj\u0105 przede wszystkim spo\u0142eczn\u0105 psychologi\u0119 j\u0119zyka, ale dotycz\u0105 te\u017c szerzej takich obszar\u00f3w jak poznanie spo\u0142eczne, uprzedzenia i stereotypizacja, czy kultura i por\u00f3wnania mi\u0119dzykulturowe.Prof. Hansen bada m.in. postrzeganie os\u00f3b m\u00f3wi\u0105cych z obcym akcentem, wp\u0142yw \u017ce\u0144skich form nazw zawod\u00f3w na postrzeganie kobiet, j\u0119zyk os\u00f3b niebinarnych, postawy puryzmy j\u0119zykowego, czy r\u00f3\u017cnice kulturowe w postrzeganiu spo\u0142ecznym.<\/p>\n<p>Prof. Hansen by\u0142a stypendystk\u0105 m.in. Fundacji na rzecz Nauki Polskiej, Deutscher Akademischer Austauschdienst czy te\u017c otrzyma\u0142a stypendium MNiSW dla wybitnych m\u0142odych naukowc\u00f3w. Otrzymywa\u0142a te\u017c nagrody rektora Uniwersytetu Warszawskiego za najlepsze publikacje. Dr Hansen odby\u0142a naukowe sta\u017ce zagraniczne na Uniwersytecie Yale, Uniwersytecie Cornell i na Uniwersytecie w Bernie. Pracowa\u0142a te\u017c w Instytucie Leibniza w Mannheim.<\/p>\n<p>Jest autork\u0105 i wsp\u00f3\u0142autork\u0105 ponad 40 publikacji z listy JCR, na temat kt\u00f3rych wi\u0119cej informacji mo\u017cna znale\u017a\u0107 na jej profilu <a href=\"https:\/\/www.researchgate.net\/profile\/Karolina-Hansen\">ResearchGate profile<\/a> czy <a href=\"https:\/\/scholar.google.pl\/citations?user=IvUmFXYAAAAJ\">Google Scholar<\/a>. Od 2021 roku jest redaktork\u0105 naczeln\u0105 czasopisma <a href=\"https:\/\/reference-global.com\/journal\/plc\">Psychology of Language and Communication<\/a>. Prof. Hansen jest te\u017c cz\u0142onkini\u0105 zarz\u0105du <a href=\"https:\/\/www.ialsp.org\/\">International Association of Language and Social Psychology<\/a>. Bardziej og\u00f3lnie, Prof. Hansen dzia\u0142a na rzecz otwartej nauki jako redaktorka naczelna darmowego czasopisma open-access oraz aktywnie popularyzuje wyniki bada\u0144 naukowych zar\u00f3wno w mediach, jak i koordynuj\u0105c udzia\u0142 Wydzia\u0142u Psychologii UW na Piknikach Naukowych.<\/p>\n<p>Prywatnie mama dw\u00f3jki dzieci oraz za\u0142o\u017cycielka <a href=\"https:\/\/www.foodsharing.pl\/\">Foodsharing w Polsce<\/a> \u2013 ruchu przeciwko marnowaniu \u017cywno\u015bci.<\/p>\n<\/div>\n\t\t\t\t\t\t<\/div>\n\t\t\t\t<\/div>\n\t\t\t\t\t<\/div>\n\t\t<\/div>\n\t\t\t\t\t<\/div>\n\t\t<\/section>\n\t\t\t\t<\/div>","protected":false},"excerpt":{"rendered":"<p>Karolina Hansen<\/p>","protected":false},"author":2,"featured_media":0,"parent":0,"menu_order":17,"comment_status":"open","ping_status":"open","template":"elementor_header_footer","meta":{"_monsterinsights_skip_tracking":false,"_monsterinsights_sitenote_active":false,"_monsterinsights_sitenote_note":"","_monsterinsights_sitenote_category":0,"neve_meta_sidebar":"","neve_meta_container":"","neve_meta_enable_content_width":"","neve_meta_content_width":0,"neve_meta_title_alignment":"","neve_meta_author_avatar":"","neve_post_elements_order":"","neve_meta_disable_header":"","neve_meta_disable_footer":"","neve_meta_disable_title":"","footnotes":""},"class_list":["post-4307","page","type-page","status-publish","hentry"],"yoast_head":"<!-- This site is optimized with the Yoast SEO plugin v25.0 - https:\/\/yoast.com\/wordpress\/plugins\/seo\/ -->\n<title>Karolina Hansen - Akademia M\u0142odych Uczonych<\/title>\n<meta name=\"robots\" content=\"index, follow, max-snippet:-1, max-image-preview:large, max-video-preview:-1\" \/>\n<link rel=\"canonical\" href=\"https:\/\/amu.pan.pl\/en\/karolina-hansen\/\" \/>\n<meta property=\"og:locale\" content=\"en_GB\" \/>\n<meta property=\"og:type\" content=\"article\" \/>\n<meta property=\"og:title\" content=\"Karolina Hansen - Akademia M\u0142odych Uczonych\" \/>\n<meta property=\"og:description\" content=\"Karolina Hansen\" \/>\n<meta property=\"og:url\" content=\"https:\/\/amu.pan.pl\/en\/karolina-hansen\/\" \/>\n<meta property=\"og:site_name\" content=\"Akademia M\u0142odych Uczonych\" \/>\n<meta property=\"article:publisher\" content=\"https:\/\/www.facebook.com\/AkademiaMlodychUczonych\/\" \/>\n<meta property=\"article:modified_time\" content=\"2025-10-15T08:35:52+00:00\" \/>\n<meta property=\"og:image\" content=\"https:\/\/amu.pan.pl\/wp-content\/uploads\/2020\/09\/AMU_logo.png\" \/>\n\t<meta property=\"og:image:width\" content=\"600\" \/>\n\t<meta property=\"og:image:height\" content=\"342\" \/>\n\t<meta property=\"og:image:type\" content=\"image\/png\" \/>\n<meta name=\"twitter:card\" content=\"summary_large_image\" \/>\n<meta name=\"twitter:site\" content=\"@AMUPAN1\" \/>\n<meta name=\"twitter:label1\" content=\"Estimated reading time\" \/>\n\t<meta name=\"twitter:data1\" content=\"2 minutes\" \/>\n<script type=\"application\/ld+json\" class=\"yoast-schema-graph\">{\"@context\":\"https:\/\/schema.org\",\"@graph\":[{\"@type\":\"WebPage\",\"@id\":\"https:\/\/amu.pan.pl\/karolina-hansen\/\",\"url\":\"https:\/\/amu.pan.pl\/karolina-hansen\/\",\"name\":\"Karolina Hansen - Akademia M\u0142odych Uczonych\",\"isPartOf\":{\"@id\":\"https:\/\/amu.pan.pl\/#website\"},\"datePublished\":\"2022-01-28T21:29:53+00:00\",\"dateModified\":\"2025-10-15T08:35:52+00:00\",\"breadcrumb\":{\"@id\":\"https:\/\/amu.pan.pl\/karolina-hansen\/#breadcrumb\"},\"inLanguage\":\"en-GB\",\"potentialAction\":[{\"@type\":\"ReadAction\",\"target\":[\"https:\/\/amu.pan.pl\/karolina-hansen\/\"]}]},{\"@type\":\"BreadcrumbList\",\"@id\":\"https:\/\/amu.pan.pl\/karolina-hansen\/#breadcrumb\",\"itemListElement\":[{\"@type\":\"ListItem\",\"position\":1,\"name\":\"Strona g\u0142\u00f3wna\",\"item\":\"https:\/\/amu.pan.pl\/\"},{\"@type\":\"ListItem\",\"position\":2,\"name\":\"Karolina Hansen\"}]},{\"@type\":\"WebSite\",\"@id\":\"https:\/\/amu.pan.pl\/#website\",\"url\":\"https:\/\/amu.pan.pl\/\",\"name\":\"Akademia M\u0142odych Uczonych\",\"description\":\"Polska Akademia Nauk\",\"publisher\":{\"@id\":\"https:\/\/amu.pan.pl\/#organization\"},\"potentialAction\":[{\"@type\":\"SearchAction\",\"target\":{\"@type\":\"EntryPoint\",\"urlTemplate\":\"https:\/\/amu.pan.pl\/?s={search_term_string}\"},\"query-input\":{\"@type\":\"PropertyValueSpecification\",\"valueRequired\":true,\"valueName\":\"search_term_string\"}}],\"inLanguage\":\"en-GB\"},{\"@type\":\"Organization\",\"@id\":\"https:\/\/amu.pan.pl\/#organization\",\"name\":\"Akademia M\u0142odych Uczonych\",\"url\":\"https:\/\/amu.pan.pl\/\",\"logo\":{\"@type\":\"ImageObject\",\"inLanguage\":\"en-GB\",\"@id\":\"https:\/\/amu.pan.pl\/#\/schema\/logo\/image\/\",\"url\":\"https:\/\/amu.pan.pl\/wp-content\/uploads\/2020\/08\/zz_amu.png\",\"contentUrl\":\"https:\/\/amu.pan.pl\/wp-content\/uploads\/2020\/08\/zz_amu.png\",\"width\":2794,\"height\":1016,\"caption\":\"Akademia M\u0142odych Uczonych\"},\"image\":{\"@id\":\"https:\/\/amu.pan.pl\/#\/schema\/logo\/image\/\"},\"sameAs\":[\"https:\/\/www.facebook.com\/AkademiaMlodychUczonych\/\",\"https:\/\/x.com\/AMUPAN1\"]}]}<\/script>\n<!-- \/ Yoast SEO plugin. -->","yoast_head_json":{"title":"Karolina Hansen - Akademia M\u0142odych Uczonych","robots":{"index":"index","follow":"follow","max-snippet":"max-snippet:-1","max-image-preview":"max-image-preview:large","max-video-preview":"max-video-preview:-1"},"canonical":"https:\/\/amu.pan.pl\/en\/karolina-hansen\/","og_locale":"en_GB","og_type":"article","og_title":"Karolina Hansen - Akademia M\u0142odych Uczonych","og_description":"Karolina Hansen","og_url":"https:\/\/amu.pan.pl\/en\/karolina-hansen\/","og_site_name":"Akademia M\u0142odych Uczonych","article_publisher":"https:\/\/www.facebook.com\/AkademiaMlodychUczonych\/","article_modified_time":"2025-10-15T08:35:52+00:00","og_image":[{"width":600,"height":342,"url":"https:\/\/amu.pan.pl\/wp-content\/uploads\/2020\/09\/AMU_logo.png","type":"image\/png"}],"twitter_card":"summary_large_image","twitter_site":"@AMUPAN1","twitter_misc":{"Estimated reading time":"2 minutes"},"schema":{"@context":"https:\/\/schema.org","@graph":[{"@type":"WebPage","@id":"https:\/\/amu.pan.pl\/karolina-hansen\/","url":"https:\/\/amu.pan.pl\/karolina-hansen\/","name":"Karolina Hansen - Akademia M\u0142odych Uczonych","isPartOf":{"@id":"https:\/\/amu.pan.pl\/#website"},"datePublished":"2022-01-28T21:29:53+00:00","dateModified":"2025-10-15T08:35:52+00:00","breadcrumb":{"@id":"https:\/\/amu.pan.pl\/karolina-hansen\/#breadcrumb"},"inLanguage":"en-GB","potentialAction":[{"@type":"ReadAction","target":["https:\/\/amu.pan.pl\/karolina-hansen\/"]}]},{"@type":"BreadcrumbList","@id":"https:\/\/amu.pan.pl\/karolina-hansen\/#breadcrumb","itemListElement":[{"@type":"ListItem","position":1,"name":"Strona g\u0142\u00f3wna","item":"https:\/\/amu.pan.pl\/"},{"@type":"ListItem","position":2,"name":"Karolina Hansen"}]},{"@type":"WebSite","@id":"https:\/\/amu.pan.pl\/#website","url":"https:\/\/amu.pan.pl\/","name":"Akademia M\u0142odych Uczonych","description":"Polska Akademia Nauk","publisher":{"@id":"https:\/\/amu.pan.pl\/#organization"},"potentialAction":[{"@type":"SearchAction","target":{"@type":"EntryPoint","urlTemplate":"https:\/\/amu.pan.pl\/?s={search_term_string}"},"query-input":{"@type":"PropertyValueSpecification","valueRequired":true,"valueName":"search_term_string"}}],"inLanguage":"en-GB"},{"@type":"Organization","@id":"https:\/\/amu.pan.pl\/#organization","name":"Akademia M\u0142odych Uczonych","url":"https:\/\/amu.pan.pl\/","logo":{"@type":"ImageObject","inLanguage":"en-GB","@id":"https:\/\/amu.pan.pl\/#\/schema\/logo\/image\/","url":"https:\/\/amu.pan.pl\/wp-content\/uploads\/2020\/08\/zz_amu.png","contentUrl":"https:\/\/amu.pan.pl\/wp-content\/uploads\/2020\/08\/zz_amu.png","width":2794,"height":1016,"caption":"Akademia M\u0142odych Uczonych"},"image":{"@id":"https:\/\/amu.pan.pl\/#\/schema\/logo\/image\/"},"sameAs":["https:\/\/www.facebook.com\/AkademiaMlodychUczonych\/","https:\/\/x.com\/AMUPAN1"]}]}},"_links":{"self":[{"href":"https:\/\/amu.pan.pl\/en\/wp-json\/wp\/v2\/pages\/4307","targetHints":{"allow":["GET"]}}],"collection":[{"href":"https:\/\/amu.pan.pl\/en\/wp-json\/wp\/v2\/pages"}],"about":[{"href":"https:\/\/amu.pan.pl\/en\/wp-json\/wp\/v2\/types\/page"}],"author":[{"embeddable":true,"href":"https:\/\/amu.pan.pl\/en\/wp-json\/wp\/v2\/users\/2"}],"replies":[{"embeddable":true,"href":"https:\/\/amu.pan.pl\/en\/wp-json\/wp\/v2\/comments?post=4307"}],"version-history":[{"count":7,"href":"https:\/\/amu.pan.pl\/en\/wp-json\/wp\/v2\/pages\/4307\/revisions"}],"predecessor-version":[{"id":5927,"href":"https:\/\/amu.pan.pl\/en\/wp-json\/wp\/v2\/pages\/4307\/revisions\/5927"}],"wp:attachment":[{"href":"https:\/\/amu.pan.pl\/en\/wp-json\/wp\/v2\/media?parent=4307"}],"curies":[{"name":"wp","href":"https:\/\/api.w.org\/{rel}","templated":true}]}}