{"id":4316,"date":"2022-01-28T22:33:59","date_gmt":"2022-01-28T21:33:59","guid":{"rendered":"https:\/\/amu.pan.pl\/?page_id=4316"},"modified":"2025-10-15T10:39:43","modified_gmt":"2025-10-15T08:39:43","slug":"andrzej-katunin","status":"publish","type":"page","link":"https:\/\/amu.pan.pl\/en\/andrzej-katunin\/","title":{"rendered":"Andrzej Katunin"},"content":{"rendered":"<div data-elementor-type=\"wp-page\" data-elementor-id=\"4316\" class=\"elementor elementor-4316\">\n\t\t\t\t\t\t<section class=\"elementor-section elementor-top-section elementor-element elementor-element-1de5c9d elementor-section-boxed elementor-section-height-default elementor-section-height-default\" data-id=\"1de5c9d\" data-element_type=\"section\">\n\t\t\t\t\t\t<div class=\"elementor-container elementor-column-gap-default\">\n\t\t\t\t\t<div class=\"elementor-column elementor-col-100 elementor-top-column elementor-element elementor-element-8a2f0c3\" data-id=\"8a2f0c3\" data-element_type=\"column\">\n\t\t\t<div class=\"elementor-widget-wrap elementor-element-populated\">\n\t\t\t\t\t\t<div class=\"elementor-element elementor-element-77f2ee0 elementor-widget elementor-widget-heading\" data-id=\"77f2ee0\" data-element_type=\"widget\" data-widget_type=\"heading.default\">\n\t\t\t\t<div class=\"elementor-widget-container\">\n\t\t\t\t\t<h1 class=\"elementor-heading-title elementor-size-default\">Andrzej Katunin<\/h1>\t\t\t\t<\/div>\n\t\t\t\t<\/div>\n\t\t\t\t<div class=\"elementor-element elementor-element-1052273 elementor-widget elementor-widget-wp-widget-text\" data-id=\"1052273\" data-element_type=\"widget\" data-widget_type=\"wp-widget-text.default\">\n\t\t\t\t<div class=\"elementor-widget-container\">\n\t\t\t\t\t\t\t\t<div class=\"textwidget\"><p><img fetchpriority=\"high\" decoding=\"async\" class=\"wp-image-4318 size-medium alignleft\" src=\"https:\/\/amu.pan.pl\/wp-content\/uploads\/2022\/01\/4_-300x300.jpg\" alt=\"\" width=\"300\" height=\"300\" srcset=\"https:\/\/amu.pan.pl\/wp-content\/uploads\/2022\/01\/4_-300x300.jpg 300w, https:\/\/amu.pan.pl\/wp-content\/uploads\/2022\/01\/4_-1024x1024.jpg 1024w, https:\/\/amu.pan.pl\/wp-content\/uploads\/2022\/01\/4_-150x150.jpg 150w, https:\/\/amu.pan.pl\/wp-content\/uploads\/2022\/01\/4_-768x768.jpg 768w, https:\/\/amu.pan.pl\/wp-content\/uploads\/2022\/01\/4_-1536x1536.jpg 1536w, https:\/\/amu.pan.pl\/wp-content\/uploads\/2022\/01\/4_-12x12.jpg 12w, https:\/\/amu.pan.pl\/wp-content\/uploads\/2022\/01\/4_.jpg 1972w\" sizes=\"(max-width: 300px) 100vw, 300px\" \/><\/p>\n<p>&nbsp;<\/p>\n<p>PL<\/p>\n<p>Jest Profesorem Politechniki \u015al\u0105skiej w Katedrze Podstaw Konstrukcji Maszyn. Magisterium na kierunku Mechanika i Budowa Maszyn uko\u0144czy\u0142 z wyr\u00f3\u017cnieniem na Politechnice \u015al\u0105skiej w 2008 roku. W 2012 roku obroni\u0142 z wyr\u00f3\u017cnieniem prac\u0119 doktorsk\u0105 w dyscyplinie Mechanika, a w 2015 roku uzyska\u0142 stopie\u0144 doktora habilitowanego w dyscyplinie Budowa i Eksploatacja Maszyn w zakresie bada\u0144 nieniszcz\u0105cych materia\u0142\u00f3w na tej\u017ce uczelni. Od 2023 roku jest liderem Zespo\u0142u Badawczego ds. Oceny Integralno\u015bci Element\u00f3w Konstrukcyjnych (<a href=\"http:\/\/siarg.polsl.pl\">Structural Integrity Assessment Research Group<\/a>).<\/p>\n<p>Do g\u0142\u00f3wnych zainteresowa\u0144 naukowych Prof. Katunina nale\u017c\u0105 zagadnienia zm\u0119czenia i p\u0119kania materia\u0142\u00f3w kompozytowych, w tym efekty cieplne wyst\u0119puj\u0105ce w tych procesach, badania nieniszcz\u0105ce materia\u0142\u00f3w oraz metody identyfikacji uszkodze\u0144, metody analizy sygna\u0142\u00f3w i obraz\u00f3w w zastosowaniu do przetwarzania wynik\u00f3w bada\u0144 nieniszcz\u0105cych, wielofunkcyjne materia\u0142y kompozytowe m.in. do zastosowa\u0144 w statkach powietrznych. Od ponad 15\u00a0lat aktywnie zajmuje si\u0119 popularyzacj\u0105 nauki, g\u0142\u00f3wnie w zakresie geometrii fraktalnej, kt\u00f3r\u0105 r\u00f3wnie\u017c zajmuje si\u0119 naukowo.<\/p>\n<p>Prof. Andrzej Katunin kierowa\u0142 lub bra\u0142 udzia\u0142 w wielu projektach badawczych finansowanych ze \u015brodk\u00f3w MNiSW, NCN, NCBiR, FNP, NAWA oraz DFG (Niemiecka Wsp\u00f3lnota Badawcza). W ramach swoich prac naukowo-badawczych odby\u0142 kilka sta\u017cy w o\u015brodkach zagranicznych: trzy kr\u00f3tkoterminowe sta\u017ce w TU Dresden (Niemcy) w ramach stypendium START FNP oraz realizowanych projekt\u00f3w w latach 2009, 2012 i 2013; roczny sta\u017c (4 kr\u00f3tkoterminowe wizyty) w University of Porto (Portugalia) w ramach realizacji programu Mentoring FNP w latach 2013-2014; p\u00f3\u0142roczny sta\u017c w University of Lisbon (Portugalia) w ramach programu im. Bekkera finansowanego ze \u015brodk\u00f3w NAWA w latach 2020-2021, miesi\u0119czny sta\u017c w \u00c9cole Centrale de Nantes (Francja) w ramach stypendium rz\u0105du francuskiego w 2021 roku, miesi\u0119czny sta\u017c w Technical University of Kosice (S\u0142owacja) finansowany ze \u015brodk\u00f3w rz\u0105du s\u0142owackiego w 2024 roku oraz miesi\u0119czny sta\u017c w Xi&#8217;an Jiaotong University (Chiny) zrealizowany w ramach \u015brodk\u00f3w IDUB Politechniki \u015al\u0105skiej w 2025 roku. Prof. Andrzej Katunin by\u0142 wielokrotnie nagradzany za swoj\u0105 dzia\u0142alno\u015b\u0107 naukow\u0105 i popularyzatorsk\u0105. Uzyska\u0142 m.in. nagrody FIATa za prac\u0119 magistersk\u0105 (2009) i doktorsk\u0105 (2013), dwukrotnie uzyska\u0142 stypendium START FNP (2012, 2013), a tak\u017ce uzyska\u0142 nagrod\u0119 naukow\u0105 Polityki w dziedzinie nauk technicznych (2017) oraz stypendium Ministra Nauki i Szkolnictwa Wy\u017cszego dla wybitnych m\u0142odych naukowc\u00f3w (2018). W 2023 roku uzyska\u0142 tytu\u0142 Srebrnego In\u017cyniera w plebiscycie czasopisma Przegl\u0105d Techniczny, a w 2024 roku zosta\u0142 odznaczony przez Prezydenta RP Br\u0105zowym Krzy\u017cem Zas\u0142ugi za dzia\u0142alno\u015b\u0107 naukowo-badawcz\u0105. By\u0142 tak\u017ce jedenastokrotnie nagrodzony przez Rektora Politechniki \u015al\u0105skiej za dzia\u0142alno\u015b\u0107 naukow\u0105, organizacyjn\u0105 i dydaktyczn\u0105. W ramach dzia\u0142alno\u015bci popularyzatorskiej uzyska\u0142 dwukrotnie wyr\u00f3\u017cnienie za artyku\u0142 popularno-naukowy w konkursie \u201eSkomplikowane i proste\u201d organizowanego przez czasopismo Forum Akademickie (2010, 2012), uzyska\u0142 3. miejsce w konkursie popularyzatorskim INTER FNP (2015) oraz zosta\u0142 laureatem konkursu Popularyzator Nauki w kategorii Naukowiec (2018). Obecnie jest cz\u0142onkiem kilku kapitu\u0142 w konkursach popularno-naukowych o zasi\u0119gu lokalnym i krajowym. Jest cz\u0142onkiem European Society for Composite Materials, Polskiego Towarzystwa Materia\u0142\u00f3w Kompozytowych oraz Polskiego Towarzystwa Diagnostyki Technicznej oraz cz\u0142onkiem kolegi\u00f3w redakcyjnych czasopism Mechanics of Composite Materials, Shock and Vibration, Journal of Composites Sciences, Diagnostyka, Journal of KONBiN.<\/p>\n<p>He actively publishes the results of his research in journals and books, he is the author of over 100 works in periodicals indexed in the WoS database, and six books, including one popular scientific. More information can be found in the ResearchGate and LinkedIn profiles. <a href=\"https:\/\/www.researchgate.net\/profile\/Andrzej-Katunin\">ResearchGate profile<\/a>\u00a0oraz <a href=\"https:\/\/www.linkedin.com\/in\/andrzej-katunin\">LinkedIn<\/a>.<\/p>\n<p>&nbsp;<\/p>\n<p>ENG<\/p>\n<p>He is an associate professor at the Silesian University of Technology, Department of Fundamentals of Machinery Design. He graduated with honors from the Silesian University of Technology in 2008 in the field of Mechanics and Machine Design. In 2012, he defended his doctoral dissertation with honors in the discipline of Mechanics, and in 2015 he obtained habilitation in the discipline of Machine Design and Operation in the field of non-destructive testing of materials at the same university. Since 2023 he is leading the <a href=\"http:\/\/siarg.polsl.pl\">Structural Integrity Assessment Research Group<\/a>.<\/p>\n<p>The main scientific interests of Prof. Katunin include problems of fatigue and fracture of composite materials, including thermal effects occurring in these processes, non-destructive testing of materials and methods of damage identification, methods of signal and image analysis applied to processing the results of non-destructive testing, multi-functional composite materials, e.g. for aircraft applications. For over 15\u00a0years, he has been actively popularizing science, mainly in the field of fractal geometry, which he is also involved in scientifically.<\/p>\n<p>Prof. Andrzej Katunin managed or participated in many research projects financed by the Ministry of Science and Higher Education, National Science Centre, National Centre of Research and Development, Foundation for Polish Science, and German Research Foundation. As part of his scientific and research work, he completed several internships at foreign centers: three short-term internships at TU Dresden (Germany) under the FNP START scholarship and projects implemented in 2009, 2012, and 2013; one-year internship (4 short-term visits) at the University of Porto (Portugal) as part of the FNP Mentoring program in 2013-2014; six-month internship at the University of Lisbon (Portugal) as part of the Bekker Programme financed by the National Agency of Academic Exchange in 2020-2021, a monthly internship at the \u00c9cole Centrale de Nantes (France) as part of the French government scholarship in 2021, a monthly internship at the Technical University of Kosice (Slovakia) under the Slovak government scholarship in 2024, and a monthly internship at the Xi&#8217;an Jiaotong University (China) funded from the Excellence Initiative &#8211; Research University programme of the Silesian University of Technology in 2025. Prof. Andrzej Katunin has been awarded many times for his scientific and popularizing activities. He obtained, inter alia, FIAT awards for his master thesis (2009) and doctoral thesis (2013), he was twice awarded the START FNP scholarship (2012, 2013), and he was also awarded the Polityka scientific award in the field of technical sciences (2017) and the scholarship of the Minister of Science and Higher Education for outstanding young scientists ( 2018). In 2023 he received a title of Silver Engineer in the plebiscite of the Technical Review magazine, while in 2024 he was decorated by the Bronze Cross of Merit by the President of the Republic of Poland for his scientific activity. He was also awarded eleven times by the Rector of the Silesian University of Technology for his scientific, organizational, and teaching activities. As part of his popularization activities, he was awarded twice for a popular science article in the &#8220;Complicated and simple&#8221; competition organized by the Forum Akademickie magazine (2010, 2012), he was awarded 3rd place in the FNP INTER popularization competition (2015), and was a laureate of the Popularizer of Science competition in the category Scientist (2018). Currently, he is a member of several jurys in popular science competitions of local and national range. He is a member of the European Society for Composite Materials, the Polish Society of Composite Materials, and the Polish Society of Technical Diagnostics (from 2022 a member of the Management Board) and a member of the editorial boards of the journals Mechanics of Composite Materials, Shock and Vibration, Journal of Composites Sciences, Diagnostyka, Journal of KONBiN.<\/p>\n<p>He actively publishes the results of his research in journals and books, he is the author of over 100 works in periodicals indexed in the WoS database, and six books, including one popular scientific. More information can be found in the ResearchGate and LinkedIn profiles. <a href=\"https:\/\/www.researchgate.net\/profile\/Andrzej-Katunin\">ResearchGate profile<\/a>\u00a0oraz <a href=\"https:\/\/www.linkedin.com\/in\/andrzej-katunin\">LinkedIn<\/a>.<\/p>\n<\/div>\n\t\t\t\t\t\t<\/div>\n\t\t\t\t<\/div>\n\t\t\t\t\t<\/div>\n\t\t<\/div>\n\t\t\t\t\t<\/div>\n\t\t<\/section>\n\t\t\t\t<\/div>","protected":false},"excerpt":{"rendered":"<p>Andrzej Katunin<\/p>","protected":false},"author":2,"featured_media":0,"parent":0,"menu_order":17,"comment_status":"open","ping_status":"open","template":"elementor_header_footer","meta":{"_monsterinsights_skip_tracking":false,"_monsterinsights_sitenote_active":false,"_monsterinsights_sitenote_note":"","_monsterinsights_sitenote_category":0,"neve_meta_sidebar":"","neve_meta_container":"","neve_meta_enable_content_width":"","neve_meta_content_width":0,"neve_meta_title_alignment":"","neve_meta_author_avatar":"","neve_post_elements_order":"","neve_meta_disable_header":"","neve_meta_disable_footer":"","neve_meta_disable_title":"","footnotes":""},"class_list":["post-4316","page","type-page","status-publish","hentry"],"yoast_head":"<!-- This site is optimized with the Yoast SEO plugin v25.0 - https:\/\/yoast.com\/wordpress\/plugins\/seo\/ -->\n<title>Andrzej Katunin - Akademia M\u0142odych Uczonych<\/title>\n<meta name=\"robots\" content=\"index, follow, max-snippet:-1, max-image-preview:large, max-video-preview:-1\" \/>\n<link rel=\"canonical\" href=\"https:\/\/amu.pan.pl\/en\/andrzej-katunin\/\" \/>\n<meta property=\"og:locale\" content=\"en_GB\" \/>\n<meta property=\"og:type\" content=\"article\" \/>\n<meta property=\"og:title\" content=\"Andrzej Katunin - Akademia M\u0142odych Uczonych\" \/>\n<meta property=\"og:description\" content=\"Andrzej Katunin\" \/>\n<meta property=\"og:url\" content=\"https:\/\/amu.pan.pl\/en\/andrzej-katunin\/\" \/>\n<meta property=\"og:site_name\" content=\"Akademia M\u0142odych Uczonych\" \/>\n<meta property=\"article:publisher\" content=\"https:\/\/www.facebook.com\/AkademiaMlodychUczonych\/\" \/>\n<meta property=\"article:modified_time\" content=\"2025-10-15T08:39:43+00:00\" \/>\n<meta property=\"og:image\" content=\"https:\/\/amu.pan.pl\/wp-content\/uploads\/2020\/09\/AMU_logo.png\" \/>\n\t<meta property=\"og:image:width\" content=\"600\" \/>\n\t<meta property=\"og:image:height\" content=\"342\" \/>\n\t<meta property=\"og:image:type\" content=\"image\/png\" \/>\n<meta name=\"twitter:card\" content=\"summary_large_image\" \/>\n<meta name=\"twitter:site\" content=\"@AMUPAN1\" \/>\n<meta name=\"twitter:label1\" content=\"Estimated reading time\" \/>\n\t<meta name=\"twitter:data1\" content=\"8 minutes\" \/>\n<script type=\"application\/ld+json\" class=\"yoast-schema-graph\">{\"@context\":\"https:\/\/schema.org\",\"@graph\":[{\"@type\":\"WebPage\",\"@id\":\"https:\/\/amu.pan.pl\/andrzej-katunin\/\",\"url\":\"https:\/\/amu.pan.pl\/andrzej-katunin\/\",\"name\":\"Andrzej Katunin - Akademia M\u0142odych Uczonych\",\"isPartOf\":{\"@id\":\"https:\/\/amu.pan.pl\/#website\"},\"datePublished\":\"2022-01-28T21:33:59+00:00\",\"dateModified\":\"2025-10-15T08:39:43+00:00\",\"breadcrumb\":{\"@id\":\"https:\/\/amu.pan.pl\/andrzej-katunin\/#breadcrumb\"},\"inLanguage\":\"en-GB\",\"potentialAction\":[{\"@type\":\"ReadAction\",\"target\":[\"https:\/\/amu.pan.pl\/andrzej-katunin\/\"]}]},{\"@type\":\"BreadcrumbList\",\"@id\":\"https:\/\/amu.pan.pl\/andrzej-katunin\/#breadcrumb\",\"itemListElement\":[{\"@type\":\"ListItem\",\"position\":1,\"name\":\"Strona g\u0142\u00f3wna\",\"item\":\"https:\/\/amu.pan.pl\/\"},{\"@type\":\"ListItem\",\"position\":2,\"name\":\"Andrzej Katunin\"}]},{\"@type\":\"WebSite\",\"@id\":\"https:\/\/amu.pan.pl\/#website\",\"url\":\"https:\/\/amu.pan.pl\/\",\"name\":\"Akademia M\u0142odych Uczonych\",\"description\":\"Polska Akademia Nauk\",\"publisher\":{\"@id\":\"https:\/\/amu.pan.pl\/#organization\"},\"potentialAction\":[{\"@type\":\"SearchAction\",\"target\":{\"@type\":\"EntryPoint\",\"urlTemplate\":\"https:\/\/amu.pan.pl\/?s={search_term_string}\"},\"query-input\":{\"@type\":\"PropertyValueSpecification\",\"valueRequired\":true,\"valueName\":\"search_term_string\"}}],\"inLanguage\":\"en-GB\"},{\"@type\":\"Organization\",\"@id\":\"https:\/\/amu.pan.pl\/#organization\",\"name\":\"Akademia M\u0142odych Uczonych\",\"url\":\"https:\/\/amu.pan.pl\/\",\"logo\":{\"@type\":\"ImageObject\",\"inLanguage\":\"en-GB\",\"@id\":\"https:\/\/amu.pan.pl\/#\/schema\/logo\/image\/\",\"url\":\"https:\/\/amu.pan.pl\/wp-content\/uploads\/2020\/08\/zz_amu.png\",\"contentUrl\":\"https:\/\/amu.pan.pl\/wp-content\/uploads\/2020\/08\/zz_amu.png\",\"width\":2794,\"height\":1016,\"caption\":\"Akademia M\u0142odych Uczonych\"},\"image\":{\"@id\":\"https:\/\/amu.pan.pl\/#\/schema\/logo\/image\/\"},\"sameAs\":[\"https:\/\/www.facebook.com\/AkademiaMlodychUczonych\/\",\"https:\/\/x.com\/AMUPAN1\"]}]}<\/script>\n<!-- \/ Yoast SEO plugin. -->","yoast_head_json":{"title":"Andrzej Katunin - Akademia M\u0142odych Uczonych","robots":{"index":"index","follow":"follow","max-snippet":"max-snippet:-1","max-image-preview":"max-image-preview:large","max-video-preview":"max-video-preview:-1"},"canonical":"https:\/\/amu.pan.pl\/en\/andrzej-katunin\/","og_locale":"en_GB","og_type":"article","og_title":"Andrzej Katunin - Akademia M\u0142odych Uczonych","og_description":"Andrzej Katunin","og_url":"https:\/\/amu.pan.pl\/en\/andrzej-katunin\/","og_site_name":"Akademia M\u0142odych Uczonych","article_publisher":"https:\/\/www.facebook.com\/AkademiaMlodychUczonych\/","article_modified_time":"2025-10-15T08:39:43+00:00","og_image":[{"width":600,"height":342,"url":"https:\/\/amu.pan.pl\/wp-content\/uploads\/2020\/09\/AMU_logo.png","type":"image\/png"}],"twitter_card":"summary_large_image","twitter_site":"@AMUPAN1","twitter_misc":{"Estimated reading time":"8 minutes"},"schema":{"@context":"https:\/\/schema.org","@graph":[{"@type":"WebPage","@id":"https:\/\/amu.pan.pl\/andrzej-katunin\/","url":"https:\/\/amu.pan.pl\/andrzej-katunin\/","name":"Andrzej Katunin - Akademia M\u0142odych Uczonych","isPartOf":{"@id":"https:\/\/amu.pan.pl\/#website"},"datePublished":"2022-01-28T21:33:59+00:00","dateModified":"2025-10-15T08:39:43+00:00","breadcrumb":{"@id":"https:\/\/amu.pan.pl\/andrzej-katunin\/#breadcrumb"},"inLanguage":"en-GB","potentialAction":[{"@type":"ReadAction","target":["https:\/\/amu.pan.pl\/andrzej-katunin\/"]}]},{"@type":"BreadcrumbList","@id":"https:\/\/amu.pan.pl\/andrzej-katunin\/#breadcrumb","itemListElement":[{"@type":"ListItem","position":1,"name":"Strona g\u0142\u00f3wna","item":"https:\/\/amu.pan.pl\/"},{"@type":"ListItem","position":2,"name":"Andrzej Katunin"}]},{"@type":"WebSite","@id":"https:\/\/amu.pan.pl\/#website","url":"https:\/\/amu.pan.pl\/","name":"Akademia M\u0142odych Uczonych","description":"Polska Akademia Nauk","publisher":{"@id":"https:\/\/amu.pan.pl\/#organization"},"potentialAction":[{"@type":"SearchAction","target":{"@type":"EntryPoint","urlTemplate":"https:\/\/amu.pan.pl\/?s={search_term_string}"},"query-input":{"@type":"PropertyValueSpecification","valueRequired":true,"valueName":"search_term_string"}}],"inLanguage":"en-GB"},{"@type":"Organization","@id":"https:\/\/amu.pan.pl\/#organization","name":"Akademia M\u0142odych Uczonych","url":"https:\/\/amu.pan.pl\/","logo":{"@type":"ImageObject","inLanguage":"en-GB","@id":"https:\/\/amu.pan.pl\/#\/schema\/logo\/image\/","url":"https:\/\/amu.pan.pl\/wp-content\/uploads\/2020\/08\/zz_amu.png","contentUrl":"https:\/\/amu.pan.pl\/wp-content\/uploads\/2020\/08\/zz_amu.png","width":2794,"height":1016,"caption":"Akademia M\u0142odych Uczonych"},"image":{"@id":"https:\/\/amu.pan.pl\/#\/schema\/logo\/image\/"},"sameAs":["https:\/\/www.facebook.com\/AkademiaMlodychUczonych\/","https:\/\/x.com\/AMUPAN1"]}]}},"_links":{"self":[{"href":"https:\/\/amu.pan.pl\/en\/wp-json\/wp\/v2\/pages\/4316","targetHints":{"allow":["GET"]}}],"collection":[{"href":"https:\/\/amu.pan.pl\/en\/wp-json\/wp\/v2\/pages"}],"about":[{"href":"https:\/\/amu.pan.pl\/en\/wp-json\/wp\/v2\/types\/page"}],"author":[{"embeddable":true,"href":"https:\/\/amu.pan.pl\/en\/wp-json\/wp\/v2\/users\/2"}],"replies":[{"embeddable":true,"href":"https:\/\/amu.pan.pl\/en\/wp-json\/wp\/v2\/comments?post=4316"}],"version-history":[{"count":7,"href":"https:\/\/amu.pan.pl\/en\/wp-json\/wp\/v2\/pages\/4316\/revisions"}],"predecessor-version":[{"id":5930,"href":"https:\/\/amu.pan.pl\/en\/wp-json\/wp\/v2\/pages\/4316\/revisions\/5930"}],"wp:attachment":[{"href":"https:\/\/amu.pan.pl\/en\/wp-json\/wp\/v2\/media?parent=4316"}],"curies":[{"name":"wp","href":"https:\/\/api.w.org\/{rel}","templated":true}]}}