{"id":4334,"date":"2022-01-28T22:47:25","date_gmt":"2022-01-28T21:47:25","guid":{"rendered":"https:\/\/amu.pan.pl\/?page_id=4334"},"modified":"2022-01-28T22:48:45","modified_gmt":"2022-01-28T21:48:45","slug":"lukasz-sadowski","status":"publish","type":"page","link":"https:\/\/amu.pan.pl\/en\/lukasz-sadowski\/","title":{"rendered":"\u0141ukasz Sadowski"},"content":{"rendered":"<div data-elementor-type=\"wp-page\" data-elementor-id=\"4334\" class=\"elementor elementor-4334\">\n\t\t\t\t\t\t<section class=\"elementor-section elementor-top-section elementor-element elementor-element-1de5c9d elementor-section-boxed elementor-section-height-default elementor-section-height-default\" data-id=\"1de5c9d\" data-element_type=\"section\">\n\t\t\t\t\t\t<div class=\"elementor-container elementor-column-gap-default\">\n\t\t\t\t\t<div class=\"elementor-column elementor-col-100 elementor-top-column elementor-element elementor-element-8a2f0c3\" data-id=\"8a2f0c3\" data-element_type=\"column\">\n\t\t\t<div class=\"elementor-widget-wrap elementor-element-populated\">\n\t\t\t\t\t\t<div class=\"elementor-element elementor-element-77f2ee0 elementor-widget elementor-widget-heading\" data-id=\"77f2ee0\" data-element_type=\"widget\" data-widget_type=\"heading.default\">\n\t\t\t\t<div class=\"elementor-widget-container\">\n\t\t\t\t\t<h1 class=\"elementor-heading-title elementor-size-default\">\u0141ukasz Sadowski<\/h1>\t\t\t\t<\/div>\n\t\t\t\t<\/div>\n\t\t\t\t<div class=\"elementor-element elementor-element-1052273 elementor-widget elementor-widget-wp-widget-text\" data-id=\"1052273\" data-element_type=\"widget\" data-widget_type=\"wp-widget-text.default\">\n\t\t\t\t<div class=\"elementor-widget-container\">\n\t\t\t\t\t\t\t\t<div class=\"textwidget\"><p><img fetchpriority=\"high\" decoding=\"async\" class=\"wp-image-4336 size-medium alignleft\" src=\"https:\/\/amu.pan.pl\/wp-content\/uploads\/2022\/01\/zdjecie_5-200x300.jpg\" alt=\"\" width=\"200\" height=\"300\" srcset=\"https:\/\/amu.pan.pl\/wp-content\/uploads\/2022\/01\/zdjecie_5-200x300.jpg 200w, https:\/\/amu.pan.pl\/wp-content\/uploads\/2022\/01\/zdjecie_5-682x1024.jpg 682w, https:\/\/amu.pan.pl\/wp-content\/uploads\/2022\/01\/zdjecie_5-768x1152.jpg 768w, https:\/\/amu.pan.pl\/wp-content\/uploads\/2022\/01\/zdjecie_5-1024x1536.jpg 1024w, https:\/\/amu.pan.pl\/wp-content\/uploads\/2022\/01\/zdjecie_5-1365x2048.jpg 1365w, https:\/\/amu.pan.pl\/wp-content\/uploads\/2022\/01\/zdjecie_5-8x12.jpg 8w, https:\/\/amu.pan.pl\/wp-content\/uploads\/2022\/01\/zdjecie_5-scaled.jpg 1706w\" sizes=\"(max-width: 200px) 100vw, 200px\" \/><\/p>\n<p>He is an Associate Professor at the Faculty of Civil Engineering, Wroc\u0142aw University of Science Technology (WUST), Poland. \u0141ukasz obtained a an MSc (Hons) in Civil Engineering from WUST in 2007, a PhD (Hons) in Civil Engineering from WUST in 2013 and a DSc (Hons) in Civil Engineering from WUST in 2018. He is the fellow of Foundation for Polish Science (FNP) and Ministry of Science and Higher Education (MNiSW). He is the Head of the Department of Materials Engineering and Construction Processes.<\/p>\n<p>His research interests include building materials engineering, non-destructive testing, surface engineering, construction processes and artificial intelligence.<\/p>\n<p>Author of more than 150 scientific papers, including more than 70 articles in journals in the database Journal Citation Reports. Has more than 400 citations in Web of Science. He serves as an Editorial Board Member of Structural Concrete (Wiley), Buildings (MDPI) and Metaheuristic Computing and Applications (Techno Press).<\/p>\n<p>He completed internships at The University of Liverpool, Laboratoire de Dynamique des Tribologie et Systemes at the Ecole Centrale de Lyon, University of Porto in Portugal, Brandenburgische Technische Universit\u00e4t Cottbus-Senftenberg in Germany and at La Trobe University in Australia.<\/p>\n<p>Currently, he manages two research projects \"Preludium Bis\" financed by the National Science Center and the project \"Lider\" financed by the National Center for Research and Development.<\/p>\n<p>In 2021, he was awarded the medal of the Polish Association of Construction Engineers and Technicians named after Wac\u0142aw \u017benczykowski for scientific and technical achievements in the field of construction.<\/p>\n<p>More information can be found here: <a href=\"https:\/\/k82.pwr.edu.pl\/pracownicy\/lukasz-sadowski\">https:\/\/k82.pwr.edu.pl\/pracownicy\/lukasz-sadowski<\/a><\/p>\n<\/div>\n\t\t\t\t\t\t<\/div>\n\t\t\t\t<\/div>\n\t\t\t\t\t<\/div>\n\t\t<\/div>\n\t\t\t\t\t<\/div>\n\t\t<\/section>\n\t\t\t\t<\/div>","protected":false},"excerpt":{"rendered":"<p>\u0141ukasz Sadowski<\/p>","protected":false},"author":2,"featured_media":0,"parent":0,"menu_order":17,"comment_status":"open","ping_status":"open","template":"elementor_header_footer","meta":{"_monsterinsights_skip_tracking":false,"_monsterinsights_sitenote_active":false,"_monsterinsights_sitenote_note":"","_monsterinsights_sitenote_category":0,"footnotes":""},"class_list":["post-4334","page","type-page","status-publish","hentry"],"yoast_head":"<!-- This site is optimized with the Yoast SEO plugin v25.0 - https:\/\/yoast.com\/wordpress\/plugins\/seo\/ -->\n<title>\u0141ukasz Sadowski - Akademia M\u0142odych Uczonych<\/title>\n<meta name=\"robots\" content=\"index, follow, max-snippet:-1, max-image-preview:large, max-video-preview:-1\" \/>\n<link rel=\"canonical\" href=\"https:\/\/amu.pan.pl\/en\/lukasz-sadowski\/\" \/>\n<meta property=\"og:locale\" content=\"en_GB\" \/>\n<meta property=\"og:type\" content=\"article\" \/>\n<meta property=\"og:title\" content=\"\u0141ukasz Sadowski - Akademia M\u0142odych Uczonych\" \/>\n<meta property=\"og:description\" content=\"\u0141ukasz Sadowski\" \/>\n<meta property=\"og:url\" content=\"https:\/\/amu.pan.pl\/en\/lukasz-sadowski\/\" \/>\n<meta property=\"og:site_name\" content=\"Akademia M\u0142odych Uczonych\" \/>\n<meta property=\"article:publisher\" content=\"https:\/\/www.facebook.com\/AkademiaMlodychUczonych\/\" \/>\n<meta property=\"article:modified_time\" content=\"2022-01-28T21:48:45+00:00\" \/>\n<meta property=\"og:image\" content=\"https:\/\/amu.pan.pl\/wp-content\/uploads\/2020\/09\/AMU_logo.png\" \/>\n\t<meta property=\"og:image:width\" content=\"600\" \/>\n\t<meta property=\"og:image:height\" content=\"342\" \/>\n\t<meta property=\"og:image:type\" content=\"image\/png\" \/>\n<meta name=\"twitter:card\" content=\"summary_large_image\" \/>\n<meta name=\"twitter:site\" content=\"@AMUPAN1\" \/>\n<meta name=\"twitter:label1\" content=\"Estimated reading time\" \/>\n\t<meta name=\"twitter:data1\" content=\"2 minutes\" \/>\n<script type=\"application\/ld+json\" class=\"yoast-schema-graph\">{\"@context\":\"https:\/\/schema.org\",\"@graph\":[{\"@type\":\"WebPage\",\"@id\":\"https:\/\/amu.pan.pl\/en\/lukasz-sadowski\/\",\"url\":\"https:\/\/amu.pan.pl\/en\/lukasz-sadowski\/\",\"name\":\"\u0141ukasz Sadowski - Akademia M\u0142odych Uczonych\",\"isPartOf\":{\"@id\":\"https:\/\/amu.pan.pl\/#website\"},\"datePublished\":\"2022-01-28T21:47:25+00:00\",\"dateModified\":\"2022-01-28T21:48:45+00:00\",\"breadcrumb\":{\"@id\":\"https:\/\/amu.pan.pl\/en\/lukasz-sadowski\/#breadcrumb\"},\"inLanguage\":\"en-GB\",\"potentialAction\":[{\"@type\":\"ReadAction\",\"target\":[\"https:\/\/amu.pan.pl\/en\/lukasz-sadowski\/\"]}]},{\"@type\":\"BreadcrumbList\",\"@id\":\"https:\/\/amu.pan.pl\/en\/lukasz-sadowski\/#breadcrumb\",\"itemListElement\":[{\"@type\":\"ListItem\",\"position\":1,\"name\":\"Strona g\u0142\u00f3wna\",\"item\":\"https:\/\/amu.pan.pl\/\"},{\"@type\":\"ListItem\",\"position\":2,\"name\":\"\u0141ukasz Sadowski\"}]},{\"@type\":\"WebSite\",\"@id\":\"https:\/\/amu.pan.pl\/#website\",\"url\":\"https:\/\/amu.pan.pl\/\",\"name\":\"Akademia M\u0142odych Uczonych\",\"description\":\"Polska Akademia Nauk\",\"publisher\":{\"@id\":\"https:\/\/amu.pan.pl\/#organization\"},\"potentialAction\":[{\"@type\":\"SearchAction\",\"target\":{\"@type\":\"EntryPoint\",\"urlTemplate\":\"https:\/\/amu.pan.pl\/?s={search_term_string}\"},\"query-input\":{\"@type\":\"PropertyValueSpecification\",\"valueRequired\":true,\"valueName\":\"search_term_string\"}}],\"inLanguage\":\"en-GB\"},{\"@type\":\"Organization\",\"@id\":\"https:\/\/amu.pan.pl\/#organization\",\"name\":\"Akademia M\u0142odych Uczonych\",\"url\":\"https:\/\/amu.pan.pl\/\",\"logo\":{\"@type\":\"ImageObject\",\"inLanguage\":\"en-GB\",\"@id\":\"https:\/\/amu.pan.pl\/#\/schema\/logo\/image\/\",\"url\":\"https:\/\/amu.pan.pl\/wp-content\/uploads\/2020\/08\/zz_amu.png\",\"contentUrl\":\"https:\/\/amu.pan.pl\/wp-content\/uploads\/2020\/08\/zz_amu.png\",\"width\":2794,\"height\":1016,\"caption\":\"Akademia M\u0142odych Uczonych\"},\"image\":{\"@id\":\"https:\/\/amu.pan.pl\/#\/schema\/logo\/image\/\"},\"sameAs\":[\"https:\/\/www.facebook.com\/AkademiaMlodychUczonych\/\",\"https:\/\/x.com\/AMUPAN1\"]}]}<\/script>\n<!-- \/ Yoast SEO plugin. -->","yoast_head_json":{"title":"\u0141ukasz Sadowski - Akademia M\u0142odych Uczonych","robots":{"index":"index","follow":"follow","max-snippet":"max-snippet:-1","max-image-preview":"max-image-preview:large","max-video-preview":"max-video-preview:-1"},"canonical":"https:\/\/amu.pan.pl\/en\/lukasz-sadowski\/","og_locale":"en_GB","og_type":"article","og_title":"\u0141ukasz Sadowski - Akademia M\u0142odych Uczonych","og_description":"\u0141ukasz Sadowski","og_url":"https:\/\/amu.pan.pl\/en\/lukasz-sadowski\/","og_site_name":"Akademia M\u0142odych Uczonych","article_publisher":"https:\/\/www.facebook.com\/AkademiaMlodychUczonych\/","article_modified_time":"2022-01-28T21:48:45+00:00","og_image":[{"width":600,"height":342,"url":"https:\/\/amu.pan.pl\/wp-content\/uploads\/2020\/09\/AMU_logo.png","type":"image\/png"}],"twitter_card":"summary_large_image","twitter_site":"@AMUPAN1","twitter_misc":{"Estimated reading time":"2 minutes"},"schema":{"@context":"https:\/\/schema.org","@graph":[{"@type":"WebPage","@id":"https:\/\/amu.pan.pl\/en\/lukasz-sadowski\/","url":"https:\/\/amu.pan.pl\/en\/lukasz-sadowski\/","name":"\u0141ukasz Sadowski - Akademia M\u0142odych Uczonych","isPartOf":{"@id":"https:\/\/amu.pan.pl\/#website"},"datePublished":"2022-01-28T21:47:25+00:00","dateModified":"2022-01-28T21:48:45+00:00","breadcrumb":{"@id":"https:\/\/amu.pan.pl\/en\/lukasz-sadowski\/#breadcrumb"},"inLanguage":"en-GB","potentialAction":[{"@type":"ReadAction","target":["https:\/\/amu.pan.pl\/en\/lukasz-sadowski\/"]}]},{"@type":"BreadcrumbList","@id":"https:\/\/amu.pan.pl\/en\/lukasz-sadowski\/#breadcrumb","itemListElement":[{"@type":"ListItem","position":1,"name":"Strona g\u0142\u00f3wna","item":"https:\/\/amu.pan.pl\/"},{"@type":"ListItem","position":2,"name":"\u0141ukasz Sadowski"}]},{"@type":"WebSite","@id":"https:\/\/amu.pan.pl\/#website","url":"https:\/\/amu.pan.pl\/","name":"Akademia M\u0142odych Uczonych","description":"Polska Akademia Nauk","publisher":{"@id":"https:\/\/amu.pan.pl\/#organization"},"potentialAction":[{"@type":"SearchAction","target":{"@type":"EntryPoint","urlTemplate":"https:\/\/amu.pan.pl\/?s={search_term_string}"},"query-input":{"@type":"PropertyValueSpecification","valueRequired":true,"valueName":"search_term_string"}}],"inLanguage":"en-GB"},{"@type":"Organization","@id":"https:\/\/amu.pan.pl\/#organization","name":"Akademia M\u0142odych Uczonych","url":"https:\/\/amu.pan.pl\/","logo":{"@type":"ImageObject","inLanguage":"en-GB","@id":"https:\/\/amu.pan.pl\/#\/schema\/logo\/image\/","url":"https:\/\/amu.pan.pl\/wp-content\/uploads\/2020\/08\/zz_amu.png","contentUrl":"https:\/\/amu.pan.pl\/wp-content\/uploads\/2020\/08\/zz_amu.png","width":2794,"height":1016,"caption":"Akademia M\u0142odych Uczonych"},"image":{"@id":"https:\/\/amu.pan.pl\/#\/schema\/logo\/image\/"},"sameAs":["https:\/\/www.facebook.com\/AkademiaMlodychUczonych\/","https:\/\/x.com\/AMUPAN1"]}]}},"_links":{"self":[{"href":"https:\/\/amu.pan.pl\/en\/wp-json\/wp\/v2\/pages\/4334","targetHints":{"allow":["GET"]}}],"collection":[{"href":"https:\/\/amu.pan.pl\/en\/wp-json\/wp\/v2\/pages"}],"about":[{"href":"https:\/\/amu.pan.pl\/en\/wp-json\/wp\/v2\/types\/page"}],"author":[{"embeddable":true,"href":"https:\/\/amu.pan.pl\/en\/wp-json\/wp\/v2\/users\/2"}],"replies":[{"embeddable":true,"href":"https:\/\/amu.pan.pl\/en\/wp-json\/wp\/v2\/comments?post=4334"}],"version-history":[{"count":4,"href":"https:\/\/amu.pan.pl\/en\/wp-json\/wp\/v2\/pages\/4334\/revisions"}],"predecessor-version":[{"id":4339,"href":"https:\/\/amu.pan.pl\/en\/wp-json\/wp\/v2\/pages\/4334\/revisions\/4339"}],"wp:attachment":[{"href":"https:\/\/amu.pan.pl\/en\/wp-json\/wp\/v2\/media?parent=4334"}],"curies":[{"name":"wp","href":"https:\/\/api.w.org\/{rel}","templated":true}]}}