{"id":4343,"date":"2022-01-28T22:55:20","date_gmt":"2022-01-28T21:55:20","guid":{"rendered":"https:\/\/amu.pan.pl\/?page_id=4343"},"modified":"2025-10-15T10:24:09","modified_gmt":"2025-10-15T08:24:09","slug":"maciej-salaga","status":"publish","type":"page","link":"https:\/\/amu.pan.pl\/en\/maciej-salaga\/","title":{"rendered":"Maciej Sa\u0142aga"},"content":{"rendered":"<div data-elementor-type=\"wp-page\" data-elementor-id=\"4343\" class=\"elementor elementor-4343\">\n\t\t\t\t\t\t<section class=\"elementor-section elementor-top-section elementor-element elementor-element-1de5c9d elementor-section-boxed elementor-section-height-default elementor-section-height-default\" data-id=\"1de5c9d\" data-element_type=\"section\">\n\t\t\t\t\t\t<div class=\"elementor-container elementor-column-gap-default\">\n\t\t\t\t\t<div class=\"elementor-column elementor-col-100 elementor-top-column elementor-element elementor-element-8a2f0c3\" data-id=\"8a2f0c3\" data-element_type=\"column\">\n\t\t\t<div class=\"elementor-widget-wrap elementor-element-populated\">\n\t\t\t\t\t\t<div class=\"elementor-element elementor-element-77f2ee0 elementor-widget elementor-widget-heading\" data-id=\"77f2ee0\" data-element_type=\"widget\" data-widget_type=\"heading.default\">\n\t\t\t\t<div class=\"elementor-widget-container\">\n\t\t\t\t\t<h1 class=\"elementor-heading-title elementor-size-default\">Maciej Sa\u0142aga<\/h1>\t\t\t\t<\/div>\n\t\t\t\t<\/div>\n\t\t\t\t<div class=\"elementor-element elementor-element-1052273 elementor-widget elementor-widget-wp-widget-text\" data-id=\"1052273\" data-element_type=\"widget\" data-widget_type=\"wp-widget-text.default\">\n\t\t\t\t<div class=\"elementor-widget-container\">\n\t\t\t\t\t\t\t\t<div class=\"textwidget\"><p><img fetchpriority=\"high\" decoding=\"async\" class=\"wp-image-4345 size-medium alignleft\" src=\"https:\/\/amu.pan.pl\/wp-content\/uploads\/2022\/01\/IMG_20210629_094747-169x300.jpg\" alt=\"\" width=\"169\" height=\"300\" srcset=\"https:\/\/amu.pan.pl\/wp-content\/uploads\/2022\/01\/IMG_20210629_094747-169x300.jpg 169w, https:\/\/amu.pan.pl\/wp-content\/uploads\/2022\/01\/IMG_20210629_094747-576x1024.jpg 576w, https:\/\/amu.pan.pl\/wp-content\/uploads\/2022\/01\/IMG_20210629_094747-768x1365.jpg 768w, https:\/\/amu.pan.pl\/wp-content\/uploads\/2022\/01\/IMG_20210629_094747-864x1536.jpg 864w, https:\/\/amu.pan.pl\/wp-content\/uploads\/2022\/01\/IMG_20210629_094747-1152x2048.jpg 1152w, https:\/\/amu.pan.pl\/wp-content\/uploads\/2022\/01\/IMG_20210629_094747-7x12.jpg 7w, https:\/\/amu.pan.pl\/wp-content\/uploads\/2022\/01\/IMG_20210629_094747-scaled.jpg 1440w\" sizes=\"(max-width: 169px) 100vw, 169px\" \/><\/p>\n<p>PL<\/p>\n<p>Uzyska\u0142 stopie\u0144 doktora nauk medycznych w Zak\u0142adzie Biochemii Uniwersytetu Medycznego w \u0141odzi, na kt\u00f3rym obecnie zajmuje pozycj\u0119 profesora. Celem jego bada\u0144 jest scharakteryzowanie nowych mechanizm\u00f3w molekularnych, kt\u00f3re mog\u0105 sta\u0107 si\u0119 celem dla lek\u00f3w o dzia\u0142aniu przeciwzapalnym, przeciwb\u00f3lowym i przeciwbiegunkowym. Do jego g\u0142\u00f3wnych zainteresowa\u0144 nale\u017cy patofizjologia nieswoistych chor\u00f3b zapalnych jelit (NZJ) oraz zespo\u0142u jelita dra\u017cliwego (IBS). Poza tym Prof. Maciej Sa\u0142aga zajmuje si\u0119 rol\u0105 regulacji aktywno\u015bci bia\u0142ek G w przewodzie pokarmowym. Interesuj\u0105 go przede wszystkim bia\u0142ka z rodziny RGS i ich wp\u0142yw na endogenne uk\u0142ady receptorowe (kanabinoidowy, opioidowy i serotoninowy). Jego warsztat badawczy obejmuje przede wszystkim zwierz\u0119ce modele NZJ, b\u00f3lu trzewnego, biegunki, choroby wrzodowej \u017co\u0142\u0105dka oraz cukrzycy typu 2. Prof Maciej Sa\u0142aga jest wsp\u00f3\u0142autorem 80 artyku\u0142\u00f3w w mi\u0119dzynarodowych czasopismach. Indeks H = 28, ca\u0142kowita liczba cytowa\u0144 1417. By\u0142 r\u00f3wnie\u017c m\u00f3wc\u0105 na licznych konferencjach takich jak, European Opioid Conference 2013, Guildford, UK, VIIth Joint Meeting on Medicinal Chemistry 2013 Lublin, Polska and United European Gastroenterology Week 2016, Wiede\u0144, Austria.<\/p>\n<p>He was a member of the Young Talent Group of the United European Gastroenteroogy.<\/p>\n<p>He completed fellowships in the following research centers:<\/p>\n<ul>\n<li>Neurobiology Research Unit, University of Copenhagen, Copenhagen, Denmark.<\/li>\n<li>Chemistry and Medical Neuroengineering Independent Unit, Medical University of Lublin, Lublin, Poland.<\/li>\n<li>Department of Neuroscience, The Scripps Research Institute, Jupiter, FL, USA.<\/li>\n<li>Vanderbilt University Medical Center, Nashville, TN, USA.<\/li>\n<\/ul>\n<p>&nbsp;<\/p>\n<p>ENG<\/p>\n<p style=\"text-align: justify;background: white;margin: 12.0pt 0cm 0cm 0cm\"><span lang=\"EN-US\" style=\"font-family: 'Arial',sans-serif;color: #272626\">He obtained his PhD in medical sciences from the Medical University of Lodz, where he currently holds a professorship. The aim of his research is to characterize new molecular mechanisms that may become targets for anti-inflammatory, analgesic, and antidiarrheal drugs. His main interests include the pathophysiology of inflammatory bowel disease (IBD) and irritable bowel syndrome (IBS). Additionally, Professor Maciej Sa\u0142aga studies the role of G protein regulation in the gastrointestinal tract. He is primarily interested in proteins from the RGS family and their impact on endogenous receptor systems (cannabinoid, opioid, and serotonin). His research primarily encompasses animal models of IBD, visceral pain, diarrhea, peptic ulcer disease, and type 2 diabetes. Professor Maciej Sa\u0142aga has co-authored 80 articles in international journals. H-index = 28, total number of citations 1417. He was also a speaker at numerous conferences such as European Opioid Conference 2013, Guildford, UK, VIIth Joint Meeting on Medicinal Chemistry 2013 Lublin, Poland and United European Gastroenterology Week 2016, Vienna, Austria.<\/span><\/p>\n<p>&nbsp;<\/p>\n<ul>\n<li style=\"background: white\"><span lang=\"EN-US\" style=\"font-family: 'Arial',sans-serif;color: #272626\">Neurobiology Research Unit, University of Copenhagen, Copenhagen, Denmark.<\/span><\/li>\n<li style=\"background: white\"><span lang=\"EN-US\" style=\"font-family: 'Arial',sans-serif;color: #272626\">Chemistry and Medical Neuroengineering Independent Unit, Medical University of Lublin, Lublin, Poland.<\/span><\/li>\n<li style=\"background: white\"><span lang=\"EN-US\" style=\"font-family: 'Arial',sans-serif;color: #272626\">Department of Neuroscience, The Scripps Research Institute, Jupiter, FL, USA.<\/span><\/li>\n<li style=\"background: white\"><span lang=\"EN-US\" style=\"font-family: 'Arial',sans-serif;color: #272626\">Vanderbilt University Medical Center, Nashville, TN, USA.<\/span><\/li>\n<\/ul>\n<\/div>\n\t\t\t\t\t\t<\/div>\n\t\t\t\t<\/div>\n\t\t\t\t\t<\/div>\n\t\t<\/div>\n\t\t\t\t\t<\/div>\n\t\t<\/section>\n\t\t\t\t<\/div>","protected":false},"excerpt":{"rendered":"<p>Maciej Sa\u0142aga<\/p>","protected":false},"author":2,"featured_media":0,"parent":0,"menu_order":17,"comment_status":"open","ping_status":"open","template":"elementor_header_footer","meta":{"_monsterinsights_skip_tracking":false,"_monsterinsights_sitenote_active":false,"_monsterinsights_sitenote_note":"","_monsterinsights_sitenote_category":0,"neve_meta_sidebar":"","neve_meta_container":"","neve_meta_enable_content_width":"","neve_meta_content_width":0,"neve_meta_title_alignment":"","neve_meta_author_avatar":"","neve_post_elements_order":"","neve_meta_disable_header":"","neve_meta_disable_footer":"","neve_meta_disable_title":"","footnotes":""},"class_list":["post-4343","page","type-page","status-publish","hentry"],"yoast_head":"<!-- This site is optimized with the Yoast SEO plugin v25.0 - https:\/\/yoast.com\/wordpress\/plugins\/seo\/ -->\n<title>Maciej Sa\u0142aga - Akademia M\u0142odych Uczonych<\/title>\n<meta name=\"robots\" content=\"index, follow, max-snippet:-1, max-image-preview:large, max-video-preview:-1\" \/>\n<link rel=\"canonical\" href=\"https:\/\/amu.pan.pl\/en\/maciej-salaga\/\" \/>\n<meta property=\"og:locale\" content=\"en_GB\" \/>\n<meta property=\"og:type\" content=\"article\" \/>\n<meta property=\"og:title\" content=\"Maciej Sa\u0142aga - Akademia M\u0142odych Uczonych\" \/>\n<meta property=\"og:description\" content=\"Maciej Sa\u0142aga\" \/>\n<meta property=\"og:url\" content=\"https:\/\/amu.pan.pl\/en\/maciej-salaga\/\" \/>\n<meta property=\"og:site_name\" content=\"Akademia M\u0142odych Uczonych\" \/>\n<meta property=\"article:publisher\" content=\"https:\/\/www.facebook.com\/AkademiaMlodychUczonych\/\" \/>\n<meta property=\"article:modified_time\" content=\"2025-10-15T08:24:09+00:00\" \/>\n<meta property=\"og:image\" content=\"https:\/\/amu.pan.pl\/wp-content\/uploads\/2020\/09\/AMU_logo.png\" \/>\n\t<meta property=\"og:image:width\" content=\"600\" \/>\n\t<meta property=\"og:image:height\" content=\"342\" \/>\n\t<meta property=\"og:image:type\" content=\"image\/png\" \/>\n<meta name=\"twitter:card\" content=\"summary_large_image\" \/>\n<meta name=\"twitter:site\" content=\"@AMUPAN1\" \/>\n<meta name=\"twitter:label1\" content=\"Estimated reading time\" \/>\n\t<meta name=\"twitter:data1\" content=\"3 minutes\" \/>\n<script type=\"application\/ld+json\" class=\"yoast-schema-graph\">{\"@context\":\"https:\/\/schema.org\",\"@graph\":[{\"@type\":\"WebPage\",\"@id\":\"https:\/\/amu.pan.pl\/maciej-salaga\/\",\"url\":\"https:\/\/amu.pan.pl\/maciej-salaga\/\",\"name\":\"Maciej Sa\u0142aga - Akademia M\u0142odych Uczonych\",\"isPartOf\":{\"@id\":\"https:\/\/amu.pan.pl\/#website\"},\"datePublished\":\"2022-01-28T21:55:20+00:00\",\"dateModified\":\"2025-10-15T08:24:09+00:00\",\"breadcrumb\":{\"@id\":\"https:\/\/amu.pan.pl\/maciej-salaga\/#breadcrumb\"},\"inLanguage\":\"en-GB\",\"potentialAction\":[{\"@type\":\"ReadAction\",\"target\":[\"https:\/\/amu.pan.pl\/maciej-salaga\/\"]}]},{\"@type\":\"BreadcrumbList\",\"@id\":\"https:\/\/amu.pan.pl\/maciej-salaga\/#breadcrumb\",\"itemListElement\":[{\"@type\":\"ListItem\",\"position\":1,\"name\":\"Strona g\u0142\u00f3wna\",\"item\":\"https:\/\/amu.pan.pl\/\"},{\"@type\":\"ListItem\",\"position\":2,\"name\":\"Maciej Sa\u0142aga\"}]},{\"@type\":\"WebSite\",\"@id\":\"https:\/\/amu.pan.pl\/#website\",\"url\":\"https:\/\/amu.pan.pl\/\",\"name\":\"Akademia M\u0142odych Uczonych\",\"description\":\"Polska Akademia Nauk\",\"publisher\":{\"@id\":\"https:\/\/amu.pan.pl\/#organization\"},\"potentialAction\":[{\"@type\":\"SearchAction\",\"target\":{\"@type\":\"EntryPoint\",\"urlTemplate\":\"https:\/\/amu.pan.pl\/?s={search_term_string}\"},\"query-input\":{\"@type\":\"PropertyValueSpecification\",\"valueRequired\":true,\"valueName\":\"search_term_string\"}}],\"inLanguage\":\"en-GB\"},{\"@type\":\"Organization\",\"@id\":\"https:\/\/amu.pan.pl\/#organization\",\"name\":\"Akademia M\u0142odych Uczonych\",\"url\":\"https:\/\/amu.pan.pl\/\",\"logo\":{\"@type\":\"ImageObject\",\"inLanguage\":\"en-GB\",\"@id\":\"https:\/\/amu.pan.pl\/#\/schema\/logo\/image\/\",\"url\":\"https:\/\/amu.pan.pl\/wp-content\/uploads\/2020\/08\/zz_amu.png\",\"contentUrl\":\"https:\/\/amu.pan.pl\/wp-content\/uploads\/2020\/08\/zz_amu.png\",\"width\":2794,\"height\":1016,\"caption\":\"Akademia M\u0142odych Uczonych\"},\"image\":{\"@id\":\"https:\/\/amu.pan.pl\/#\/schema\/logo\/image\/\"},\"sameAs\":[\"https:\/\/www.facebook.com\/AkademiaMlodychUczonych\/\",\"https:\/\/x.com\/AMUPAN1\"]}]}<\/script>\n<!-- \/ Yoast SEO plugin. -->","yoast_head_json":{"title":"Maciej Sa\u0142aga - Akademia M\u0142odych Uczonych","robots":{"index":"index","follow":"follow","max-snippet":"max-snippet:-1","max-image-preview":"max-image-preview:large","max-video-preview":"max-video-preview:-1"},"canonical":"https:\/\/amu.pan.pl\/en\/maciej-salaga\/","og_locale":"en_GB","og_type":"article","og_title":"Maciej Sa\u0142aga - Akademia M\u0142odych Uczonych","og_description":"Maciej Sa\u0142aga","og_url":"https:\/\/amu.pan.pl\/en\/maciej-salaga\/","og_site_name":"Akademia M\u0142odych Uczonych","article_publisher":"https:\/\/www.facebook.com\/AkademiaMlodychUczonych\/","article_modified_time":"2025-10-15T08:24:09+00:00","og_image":[{"width":600,"height":342,"url":"https:\/\/amu.pan.pl\/wp-content\/uploads\/2020\/09\/AMU_logo.png","type":"image\/png"}],"twitter_card":"summary_large_image","twitter_site":"@AMUPAN1","twitter_misc":{"Estimated reading time":"3 minutes"},"schema":{"@context":"https:\/\/schema.org","@graph":[{"@type":"WebPage","@id":"https:\/\/amu.pan.pl\/maciej-salaga\/","url":"https:\/\/amu.pan.pl\/maciej-salaga\/","name":"Maciej Sa\u0142aga - Akademia M\u0142odych Uczonych","isPartOf":{"@id":"https:\/\/amu.pan.pl\/#website"},"datePublished":"2022-01-28T21:55:20+00:00","dateModified":"2025-10-15T08:24:09+00:00","breadcrumb":{"@id":"https:\/\/amu.pan.pl\/maciej-salaga\/#breadcrumb"},"inLanguage":"en-GB","potentialAction":[{"@type":"ReadAction","target":["https:\/\/amu.pan.pl\/maciej-salaga\/"]}]},{"@type":"BreadcrumbList","@id":"https:\/\/amu.pan.pl\/maciej-salaga\/#breadcrumb","itemListElement":[{"@type":"ListItem","position":1,"name":"Strona g\u0142\u00f3wna","item":"https:\/\/amu.pan.pl\/"},{"@type":"ListItem","position":2,"name":"Maciej Sa\u0142aga"}]},{"@type":"WebSite","@id":"https:\/\/amu.pan.pl\/#website","url":"https:\/\/amu.pan.pl\/","name":"Akademia M\u0142odych Uczonych","description":"Polska Akademia Nauk","publisher":{"@id":"https:\/\/amu.pan.pl\/#organization"},"potentialAction":[{"@type":"SearchAction","target":{"@type":"EntryPoint","urlTemplate":"https:\/\/amu.pan.pl\/?s={search_term_string}"},"query-input":{"@type":"PropertyValueSpecification","valueRequired":true,"valueName":"search_term_string"}}],"inLanguage":"en-GB"},{"@type":"Organization","@id":"https:\/\/amu.pan.pl\/#organization","name":"Akademia M\u0142odych Uczonych","url":"https:\/\/amu.pan.pl\/","logo":{"@type":"ImageObject","inLanguage":"en-GB","@id":"https:\/\/amu.pan.pl\/#\/schema\/logo\/image\/","url":"https:\/\/amu.pan.pl\/wp-content\/uploads\/2020\/08\/zz_amu.png","contentUrl":"https:\/\/amu.pan.pl\/wp-content\/uploads\/2020\/08\/zz_amu.png","width":2794,"height":1016,"caption":"Akademia M\u0142odych Uczonych"},"image":{"@id":"https:\/\/amu.pan.pl\/#\/schema\/logo\/image\/"},"sameAs":["https:\/\/www.facebook.com\/AkademiaMlodychUczonych\/","https:\/\/x.com\/AMUPAN1"]}]}},"_links":{"self":[{"href":"https:\/\/amu.pan.pl\/en\/wp-json\/wp\/v2\/pages\/4343","targetHints":{"allow":["GET"]}}],"collection":[{"href":"https:\/\/amu.pan.pl\/en\/wp-json\/wp\/v2\/pages"}],"about":[{"href":"https:\/\/amu.pan.pl\/en\/wp-json\/wp\/v2\/types\/page"}],"author":[{"embeddable":true,"href":"https:\/\/amu.pan.pl\/en\/wp-json\/wp\/v2\/users\/2"}],"replies":[{"embeddable":true,"href":"https:\/\/amu.pan.pl\/en\/wp-json\/wp\/v2\/comments?post=4343"}],"version-history":[{"count":16,"href":"https:\/\/amu.pan.pl\/en\/wp-json\/wp\/v2\/pages\/4343\/revisions"}],"predecessor-version":[{"id":5921,"href":"https:\/\/amu.pan.pl\/en\/wp-json\/wp\/v2\/pages\/4343\/revisions\/5921"}],"wp:attachment":[{"href":"https:\/\/amu.pan.pl\/en\/wp-json\/wp\/v2\/media?parent=4343"}],"curies":[{"name":"wp","href":"https:\/\/api.w.org\/{rel}","templated":true}]}}