{"id":4352,"date":"2022-01-28T23:01:31","date_gmt":"2022-01-28T22:01:31","guid":{"rendered":"https:\/\/amu.pan.pl\/?page_id=4352"},"modified":"2025-10-15T10:44:27","modified_gmt":"2025-10-15T08:44:27","slug":"monika-stobiecka","status":"publish","type":"page","link":"https:\/\/amu.pan.pl\/en\/monika-stobiecka\/","title":{"rendered":"Monika Stobiecka"},"content":{"rendered":"<div data-elementor-type=\"wp-page\" data-elementor-id=\"4352\" class=\"elementor elementor-4352\">\n\t\t\t\t\t\t<section class=\"elementor-section elementor-top-section elementor-element elementor-element-1de5c9d elementor-section-boxed elementor-section-height-default elementor-section-height-default\" data-id=\"1de5c9d\" data-element_type=\"section\">\n\t\t\t\t\t\t<div class=\"elementor-container elementor-column-gap-default\">\n\t\t\t\t\t<div class=\"elementor-column elementor-col-100 elementor-top-column elementor-element elementor-element-8a2f0c3\" data-id=\"8a2f0c3\" data-element_type=\"column\">\n\t\t\t<div class=\"elementor-widget-wrap elementor-element-populated\">\n\t\t\t\t\t\t<div class=\"elementor-element elementor-element-77f2ee0 elementor-widget elementor-widget-heading\" data-id=\"77f2ee0\" data-element_type=\"widget\" data-widget_type=\"heading.default\">\n\t\t\t\t<div class=\"elementor-widget-container\">\n\t\t\t\t\t<h1 class=\"elementor-heading-title elementor-size-default\">Monika Stobiecka<\/h1>\t\t\t\t<\/div>\n\t\t\t\t<\/div>\n\t\t\t\t<div class=\"elementor-element elementor-element-1052273 elementor-widget elementor-widget-wp-widget-text\" data-id=\"1052273\" data-element_type=\"widget\" data-widget_type=\"wp-widget-text.default\">\n\t\t\t\t<div class=\"elementor-widget-container\">\n\t\t\t\t\t\t\t\t<div class=\"textwidget\"><p><img fetchpriority=\"high\" decoding=\"async\" class=\"wp-image-4354 size-medium alignleft\" src=\"https:\/\/amu.pan.pl\/wp-content\/uploads\/2022\/01\/Obraz1-300x200.jpg\" alt=\"\" width=\"300\" height=\"200\" srcset=\"https:\/\/amu.pan.pl\/wp-content\/uploads\/2022\/01\/Obraz1-300x200.jpg 300w, https:\/\/amu.pan.pl\/wp-content\/uploads\/2022\/01\/Obraz1-1024x682.jpg 1024w, https:\/\/amu.pan.pl\/wp-content\/uploads\/2022\/01\/Obraz1-768x512.jpg 768w, https:\/\/amu.pan.pl\/wp-content\/uploads\/2022\/01\/Obraz1-18x12.jpg 18w, https:\/\/amu.pan.pl\/wp-content\/uploads\/2022\/01\/Obraz1-930x620.jpg 930w, https:\/\/amu.pan.pl\/wp-content\/uploads\/2022\/01\/Obraz1.jpg 1036w\" sizes=\"(max-width: 300px) 100vw, 300px\" \/><\/p>\n<p style=\"margin: 0cm\">\n<p>Jest historyczk\u0105 sztuki i archeolo\u017ck\u0105, adiunktk\u0105 na Wydziale \u201eArtes Liberales\u201d Uniwersytetu Warszawskiego.<\/p>\n<p>Laureatka \u201eDiamentowego Grantu\u201d MNiSW (2014), \u201eMiniatury\u201d NCN (2021) i \u201eSonaty\u201d NCN (2025). Stypendystka Fundacji z Brzezia Lanckoro\u0144skich (2016), Fundacji Ko\u015bciuszkowskiej (2018) oraz Fundacji na Rzecz Nauki Polskiej (2019). Finalistka konkursu nagr\u00f3d naukowych tygodnika \u201ePolityka\u201d (2020).\u00a0Laureatka nagrody im. Anny Zeidler-Janiszewskiej za najlepszy debiut ksi\u0105\u017ckowy przyznawanej przez Komitet Nauk o Kulturze PAN (2021) oraz Stypendium Ministra dla wybitnych m\u0142odych naukowc\u00f3w (2023). Cz\u0142onkini Stowarzyszenia Krytycznych Studi\u00f3w nad Dziedzictwem (Association of Critical Heritage Studies) i wsp\u00f3\u0142za\u0142o\u017cycielka Central Eastern Europe Chapter tego\u017c Stowarzyszenia.<\/p>\n<p>Autorka dw\u00f3ch monografii dotycz\u0105cych teoretyzowania muze\u00f3w archeologicznych, kt\u00f3re ukaza\u0142y si\u0119 nak\u0142adem Wydawnictwa IBL PAN (2020) oraz Routledge (2023). Redagowa\u0142a pierwszy w Polsce wst\u0119p do krytycznych studi\u00f3w nad dziedzictwem (<em>Krytyczne studia nad dziedzictwem: poj\u0119cia, metody, teorie i perspektywy<\/em>, Wydawnictwa Uniwersytetu Warszawskiego 2023).<\/p>\n<p>Wyg\u0142asza\u0142a wyk\u0142ady go\u015bcinne w Stanford Archaeology Center (2018), Archaeology Centre, University of Toronto (2020), Institute of Sustainable Heritage, UCL (2021) czy na Uniwersytecie La Sapienza (2024).<\/p>\n<p>W ci\u0105gu ostatnich lat wsp\u00f3\u0142pracowa\u0142a z Muzeum Narodowym w Warszawie, Zach\u0119t\u0105 Narodow\u0105 Galeri\u0105 Sztuki, Muzeum Sztuki Nowoczesnej w Warszawie i Muzeum Architektury we Wroc\u0142awiu.<\/p>\n<p>Interesuje si\u0119 studiami muzealnymi, krytycznymi studiami nad dziedzictwem oraz przeci\u0119ciem sztuki wsp\u00f3\u0142czesnej i archeologii.<\/p>\n<p>&nbsp;<\/p>\n<\/div>\n\t\t\t\t\t\t<\/div>\n\t\t\t\t<\/div>\n\t\t\t\t\t<\/div>\n\t\t<\/div>\n\t\t\t\t\t<\/div>\n\t\t<\/section>\n\t\t\t\t<\/div>","protected":false},"excerpt":{"rendered":"<p>Monika Stobiecka<\/p>","protected":false},"author":2,"featured_media":0,"parent":0,"menu_order":17,"comment_status":"open","ping_status":"open","template":"elementor_header_footer","meta":{"_monsterinsights_skip_tracking":false,"_monsterinsights_sitenote_active":false,"_monsterinsights_sitenote_note":"","_monsterinsights_sitenote_category":0,"neve_meta_sidebar":"","neve_meta_container":"","neve_meta_enable_content_width":"","neve_meta_content_width":0,"neve_meta_title_alignment":"","neve_meta_author_avatar":"","neve_post_elements_order":"","neve_meta_disable_header":"","neve_meta_disable_footer":"","neve_meta_disable_title":"","footnotes":""},"class_list":["post-4352","page","type-page","status-publish","hentry"],"yoast_head":"<!-- This site is optimized with the Yoast SEO plugin v25.0 - https:\/\/yoast.com\/wordpress\/plugins\/seo\/ -->\n<title>Monika Stobiecka - Akademia M\u0142odych Uczonych<\/title>\n<meta name=\"robots\" content=\"index, follow, max-snippet:-1, max-image-preview:large, max-video-preview:-1\" \/>\n<link rel=\"canonical\" href=\"https:\/\/amu.pan.pl\/en\/monika-stobiecka\/\" \/>\n<meta property=\"og:locale\" content=\"en_GB\" \/>\n<meta property=\"og:type\" content=\"article\" \/>\n<meta property=\"og:title\" content=\"Monika Stobiecka - Akademia M\u0142odych Uczonych\" \/>\n<meta property=\"og:description\" content=\"Monika Stobiecka\" \/>\n<meta property=\"og:url\" content=\"https:\/\/amu.pan.pl\/en\/monika-stobiecka\/\" \/>\n<meta property=\"og:site_name\" content=\"Akademia M\u0142odych Uczonych\" \/>\n<meta property=\"article:publisher\" content=\"https:\/\/www.facebook.com\/AkademiaMlodychUczonych\/\" \/>\n<meta property=\"article:modified_time\" content=\"2025-10-15T08:44:27+00:00\" \/>\n<meta property=\"og:image\" content=\"https:\/\/amu.pan.pl\/wp-content\/uploads\/2020\/09\/AMU_logo.png\" \/>\n\t<meta property=\"og:image:width\" content=\"600\" \/>\n\t<meta property=\"og:image:height\" content=\"342\" \/>\n\t<meta property=\"og:image:type\" content=\"image\/png\" \/>\n<meta name=\"twitter:card\" content=\"summary_large_image\" \/>\n<meta name=\"twitter:site\" content=\"@AMUPAN1\" \/>\n<meta name=\"twitter:label1\" content=\"Estimated reading time\" \/>\n\t<meta name=\"twitter:data1\" content=\"2 minutes\" \/>\n<script type=\"application\/ld+json\" class=\"yoast-schema-graph\">{\"@context\":\"https:\/\/schema.org\",\"@graph\":[{\"@type\":\"WebPage\",\"@id\":\"https:\/\/amu.pan.pl\/monika-stobiecka\/\",\"url\":\"https:\/\/amu.pan.pl\/monika-stobiecka\/\",\"name\":\"Monika Stobiecka - Akademia M\u0142odych Uczonych\",\"isPartOf\":{\"@id\":\"https:\/\/amu.pan.pl\/#website\"},\"datePublished\":\"2022-01-28T22:01:31+00:00\",\"dateModified\":\"2025-10-15T08:44:27+00:00\",\"breadcrumb\":{\"@id\":\"https:\/\/amu.pan.pl\/monika-stobiecka\/#breadcrumb\"},\"inLanguage\":\"en-GB\",\"potentialAction\":[{\"@type\":\"ReadAction\",\"target\":[\"https:\/\/amu.pan.pl\/monika-stobiecka\/\"]}]},{\"@type\":\"BreadcrumbList\",\"@id\":\"https:\/\/amu.pan.pl\/monika-stobiecka\/#breadcrumb\",\"itemListElement\":[{\"@type\":\"ListItem\",\"position\":1,\"name\":\"Strona g\u0142\u00f3wna\",\"item\":\"https:\/\/amu.pan.pl\/\"},{\"@type\":\"ListItem\",\"position\":2,\"name\":\"Monika Stobiecka\"}]},{\"@type\":\"WebSite\",\"@id\":\"https:\/\/amu.pan.pl\/#website\",\"url\":\"https:\/\/amu.pan.pl\/\",\"name\":\"Akademia M\u0142odych Uczonych\",\"description\":\"Polska Akademia Nauk\",\"publisher\":{\"@id\":\"https:\/\/amu.pan.pl\/#organization\"},\"potentialAction\":[{\"@type\":\"SearchAction\",\"target\":{\"@type\":\"EntryPoint\",\"urlTemplate\":\"https:\/\/amu.pan.pl\/?s={search_term_string}\"},\"query-input\":{\"@type\":\"PropertyValueSpecification\",\"valueRequired\":true,\"valueName\":\"search_term_string\"}}],\"inLanguage\":\"en-GB\"},{\"@type\":\"Organization\",\"@id\":\"https:\/\/amu.pan.pl\/#organization\",\"name\":\"Akademia M\u0142odych Uczonych\",\"url\":\"https:\/\/amu.pan.pl\/\",\"logo\":{\"@type\":\"ImageObject\",\"inLanguage\":\"en-GB\",\"@id\":\"https:\/\/amu.pan.pl\/#\/schema\/logo\/image\/\",\"url\":\"https:\/\/amu.pan.pl\/wp-content\/uploads\/2020\/08\/zz_amu.png\",\"contentUrl\":\"https:\/\/amu.pan.pl\/wp-content\/uploads\/2020\/08\/zz_amu.png\",\"width\":2794,\"height\":1016,\"caption\":\"Akademia M\u0142odych Uczonych\"},\"image\":{\"@id\":\"https:\/\/amu.pan.pl\/#\/schema\/logo\/image\/\"},\"sameAs\":[\"https:\/\/www.facebook.com\/AkademiaMlodychUczonych\/\",\"https:\/\/x.com\/AMUPAN1\"]}]}<\/script>\n<!-- \/ Yoast SEO plugin. -->","yoast_head_json":{"title":"Monika Stobiecka - Akademia M\u0142odych Uczonych","robots":{"index":"index","follow":"follow","max-snippet":"max-snippet:-1","max-image-preview":"max-image-preview:large","max-video-preview":"max-video-preview:-1"},"canonical":"https:\/\/amu.pan.pl\/en\/monika-stobiecka\/","og_locale":"en_GB","og_type":"article","og_title":"Monika Stobiecka - Akademia M\u0142odych Uczonych","og_description":"Monika Stobiecka","og_url":"https:\/\/amu.pan.pl\/en\/monika-stobiecka\/","og_site_name":"Akademia M\u0142odych Uczonych","article_publisher":"https:\/\/www.facebook.com\/AkademiaMlodychUczonych\/","article_modified_time":"2025-10-15T08:44:27+00:00","og_image":[{"width":600,"height":342,"url":"https:\/\/amu.pan.pl\/wp-content\/uploads\/2020\/09\/AMU_logo.png","type":"image\/png"}],"twitter_card":"summary_large_image","twitter_site":"@AMUPAN1","twitter_misc":{"Estimated reading time":"2 minutes"},"schema":{"@context":"https:\/\/schema.org","@graph":[{"@type":"WebPage","@id":"https:\/\/amu.pan.pl\/monika-stobiecka\/","url":"https:\/\/amu.pan.pl\/monika-stobiecka\/","name":"Monika Stobiecka - Akademia M\u0142odych Uczonych","isPartOf":{"@id":"https:\/\/amu.pan.pl\/#website"},"datePublished":"2022-01-28T22:01:31+00:00","dateModified":"2025-10-15T08:44:27+00:00","breadcrumb":{"@id":"https:\/\/amu.pan.pl\/monika-stobiecka\/#breadcrumb"},"inLanguage":"en-GB","potentialAction":[{"@type":"ReadAction","target":["https:\/\/amu.pan.pl\/monika-stobiecka\/"]}]},{"@type":"BreadcrumbList","@id":"https:\/\/amu.pan.pl\/monika-stobiecka\/#breadcrumb","itemListElement":[{"@type":"ListItem","position":1,"name":"Strona g\u0142\u00f3wna","item":"https:\/\/amu.pan.pl\/"},{"@type":"ListItem","position":2,"name":"Monika Stobiecka"}]},{"@type":"WebSite","@id":"https:\/\/amu.pan.pl\/#website","url":"https:\/\/amu.pan.pl\/","name":"Akademia M\u0142odych Uczonych","description":"Polska Akademia Nauk","publisher":{"@id":"https:\/\/amu.pan.pl\/#organization"},"potentialAction":[{"@type":"SearchAction","target":{"@type":"EntryPoint","urlTemplate":"https:\/\/amu.pan.pl\/?s={search_term_string}"},"query-input":{"@type":"PropertyValueSpecification","valueRequired":true,"valueName":"search_term_string"}}],"inLanguage":"en-GB"},{"@type":"Organization","@id":"https:\/\/amu.pan.pl\/#organization","name":"Akademia M\u0142odych Uczonych","url":"https:\/\/amu.pan.pl\/","logo":{"@type":"ImageObject","inLanguage":"en-GB","@id":"https:\/\/amu.pan.pl\/#\/schema\/logo\/image\/","url":"https:\/\/amu.pan.pl\/wp-content\/uploads\/2020\/08\/zz_amu.png","contentUrl":"https:\/\/amu.pan.pl\/wp-content\/uploads\/2020\/08\/zz_amu.png","width":2794,"height":1016,"caption":"Akademia M\u0142odych Uczonych"},"image":{"@id":"https:\/\/amu.pan.pl\/#\/schema\/logo\/image\/"},"sameAs":["https:\/\/www.facebook.com\/AkademiaMlodychUczonych\/","https:\/\/x.com\/AMUPAN1"]}]}},"_links":{"self":[{"href":"https:\/\/amu.pan.pl\/en\/wp-json\/wp\/v2\/pages\/4352","targetHints":{"allow":["GET"]}}],"collection":[{"href":"https:\/\/amu.pan.pl\/en\/wp-json\/wp\/v2\/pages"}],"about":[{"href":"https:\/\/amu.pan.pl\/en\/wp-json\/wp\/v2\/types\/page"}],"author":[{"embeddable":true,"href":"https:\/\/amu.pan.pl\/en\/wp-json\/wp\/v2\/users\/2"}],"replies":[{"embeddable":true,"href":"https:\/\/amu.pan.pl\/en\/wp-json\/wp\/v2\/comments?post=4352"}],"version-history":[{"count":7,"href":"https:\/\/amu.pan.pl\/en\/wp-json\/wp\/v2\/pages\/4352\/revisions"}],"predecessor-version":[{"id":5936,"href":"https:\/\/amu.pan.pl\/en\/wp-json\/wp\/v2\/pages\/4352\/revisions\/5936"}],"wp:attachment":[{"href":"https:\/\/amu.pan.pl\/en\/wp-json\/wp\/v2\/media?parent=4352"}],"curies":[{"name":"wp","href":"https:\/\/api.w.org\/{rel}","templated":true}]}}