{"id":4373,"date":"2022-01-28T23:10:13","date_gmt":"2022-01-28T22:10:13","guid":{"rendered":"https:\/\/amu.pan.pl\/?page_id=4373"},"modified":"2022-01-28T23:11:33","modified_gmt":"2022-01-28T22:11:33","slug":"arkadiusz-marek-tomczyk","status":"publish","type":"page","link":"https:\/\/amu.pan.pl\/en\/arkadiusz-marek-tomczyk\/","title":{"rendered":"Arkadiusz Marek Tomczyk"},"content":{"rendered":"<div data-elementor-type=\"wp-page\" data-elementor-id=\"4373\" class=\"elementor elementor-4373\">\n\t\t\t\t\t\t<section class=\"elementor-section elementor-top-section elementor-element elementor-element-1de5c9d elementor-section-boxed elementor-section-height-default elementor-section-height-default\" data-id=\"1de5c9d\" data-element_type=\"section\">\n\t\t\t\t\t\t<div class=\"elementor-container elementor-column-gap-default\">\n\t\t\t\t\t<div class=\"elementor-column elementor-col-100 elementor-top-column elementor-element elementor-element-8a2f0c3\" data-id=\"8a2f0c3\" data-element_type=\"column\">\n\t\t\t<div class=\"elementor-widget-wrap elementor-element-populated\">\n\t\t\t\t\t\t<div class=\"elementor-element elementor-element-77f2ee0 elementor-widget elementor-widget-heading\" data-id=\"77f2ee0\" data-element_type=\"widget\" data-widget_type=\"heading.default\">\n\t\t\t\t<div class=\"elementor-widget-container\">\n\t\t\t\t\t<h1 class=\"elementor-heading-title elementor-size-default\">\nArkadiusz Marek Tomczyk<\/h1>\t\t\t\t<\/div>\n\t\t\t\t<\/div>\n\t\t\t\t<div class=\"elementor-element elementor-element-1052273 elementor-widget elementor-widget-wp-widget-text\" data-id=\"1052273\" data-element_type=\"widget\" data-widget_type=\"wp-widget-text.default\">\n\t\t\t\t<div class=\"elementor-widget-container\">\n\t\t\t\t\t\t\t\t<div class=\"textwidget\"><p><img fetchpriority=\"high\" decoding=\"async\" class=\"wp-image-4375 size-medium alignleft\" src=\"https:\/\/amu.pan.pl\/wp-content\/uploads\/2022\/01\/A.Tomczyk-300x218.jpg\" alt=\"\" width=\"300\" height=\"218\" srcset=\"https:\/\/amu.pan.pl\/wp-content\/uploads\/2022\/01\/A.Tomczyk-300x218.jpg 300w, https:\/\/amu.pan.pl\/wp-content\/uploads\/2022\/01\/A.Tomczyk-1024x744.jpg 1024w, https:\/\/amu.pan.pl\/wp-content\/uploads\/2022\/01\/A.Tomczyk-768x558.jpg 768w, https:\/\/amu.pan.pl\/wp-content\/uploads\/2022\/01\/A.Tomczyk-1536x1116.jpg 1536w, https:\/\/amu.pan.pl\/wp-content\/uploads\/2022\/01\/A.Tomczyk-2048x1488.jpg 2048w, https:\/\/amu.pan.pl\/wp-content\/uploads\/2022\/01\/A.Tomczyk-18x12.jpg 18w\" sizes=\"(max-width: 300px) 100vw, 300px\" \/><\/p>\n<p>Jest profesorem uczelni w Zak\u0142adzie Meteorologii i Klimatologii na Wydziale Nauk Geograficznych i Geologicznych Uniwersytetu im. Adma Mickiewicza w Poznaniu. Studia doktoranckie uko\u0144czy\u0142 w 2017 roku, broni\u0105c prac\u0119 doktorsk\u0105 pt. <em>Wyst\u0119powanie fal upa\u0142\u00f3w w Europie oraz ich cyrkulacyjne i synoptyczne uwarunkowania<\/em>. Z kolei 2020 roku uzyska\u0142 stopie\u0144 doktora habilitowanego w dziedzinie nauk \u015bcis\u0142ych i przyrodniczych, w dyscyplinie nauki o Ziemi i \u015brodowisku na podstawie monotematycznego cyklu artyku\u0142\u00f3w pt. <em>Cyrkulacyjne uwarunkowania ekstremalnych warto\u015bci temperatury powietrza w \u015brodkowej Europie<\/em>.<\/p>\n<p>Dotychczasowe badania realizowa\u0142 w ramach trzech grant\u00f3w (Preludium, Sonatina oraz Opus) finansowanych przez Narodowe Centrum Nauki. W ramach grantu Sonatina zrealizowa\u0142 sta\u017c naukowy w Research Centre of Human Biometeorology (Zentrum f\u00fcr Medizin-Meteorologische\u00a0 Forschung), Deutscher Wetterdienst we Freiburgu pod kierunkiem prof. Andreasa Matzarakisa.<\/p>\n<p>Dr hab. Arkadiusz M. Tomczyk jest laureatem Stypendium Ministra Nauki i Szkolnictwa Wy\u017cszego dla wybitnych m\u0142odych naukowc\u00f3w, Stypendium im. Jana Kulczyka oraz kilku nagr\u00f3d JM Rektora Uniwersytetu im. Adama Mickiewicza w Poznaniu.<\/p>\n<p>Od 2022 r. jest cz\u0142onkiem Akademii M\u0142odych Uczonych Polskiej Akademii Nauk.<\/p>\n<\/div>\n\t\t\t\t\t\t<\/div>\n\t\t\t\t<\/div>\n\t\t\t\t\t<\/div>\n\t\t<\/div>\n\t\t\t\t\t<\/div>\n\t\t<\/section>\n\t\t\t\t<\/div>","protected":false},"excerpt":{"rendered":"<p>Arkadiusz Marek Tomczyk<\/p>","protected":false},"author":2,"featured_media":0,"parent":0,"menu_order":17,"comment_status":"open","ping_status":"open","template":"elementor_header_footer","meta":{"_monsterinsights_skip_tracking":false,"_monsterinsights_sitenote_active":false,"_monsterinsights_sitenote_note":"","_monsterinsights_sitenote_category":0,"neve_meta_sidebar":"","neve_meta_container":"","neve_meta_enable_content_width":"","neve_meta_content_width":0,"neve_meta_title_alignment":"","neve_meta_author_avatar":"","neve_post_elements_order":"","neve_meta_disable_header":"","neve_meta_disable_footer":"","neve_meta_disable_title":"","footnotes":""},"class_list":["post-4373","page","type-page","status-publish","hentry"],"yoast_head":"<!-- This site is optimized with the Yoast SEO plugin v25.0 - https:\/\/yoast.com\/wordpress\/plugins\/seo\/ -->\n<title>Arkadiusz Marek Tomczyk - Akademia M\u0142odych Uczonych<\/title>\n<meta name=\"robots\" content=\"index, follow, max-snippet:-1, max-image-preview:large, max-video-preview:-1\" \/>\n<link rel=\"canonical\" href=\"https:\/\/amu.pan.pl\/en\/arkadiusz-marek-tomczyk\/\" \/>\n<meta property=\"og:locale\" content=\"en_GB\" \/>\n<meta property=\"og:type\" content=\"article\" \/>\n<meta property=\"og:title\" content=\"Arkadiusz Marek Tomczyk - Akademia M\u0142odych Uczonych\" \/>\n<meta property=\"og:description\" content=\"Arkadiusz Marek Tomczyk\" \/>\n<meta property=\"og:url\" content=\"https:\/\/amu.pan.pl\/en\/arkadiusz-marek-tomczyk\/\" \/>\n<meta property=\"og:site_name\" content=\"Akademia M\u0142odych Uczonych\" \/>\n<meta property=\"article:publisher\" content=\"https:\/\/www.facebook.com\/AkademiaMlodychUczonych\/\" \/>\n<meta property=\"article:modified_time\" content=\"2022-01-28T22:11:33+00:00\" \/>\n<meta property=\"og:image\" content=\"https:\/\/amu.pan.pl\/wp-content\/uploads\/2020\/09\/AMU_logo.png\" \/>\n\t<meta property=\"og:image:width\" content=\"600\" \/>\n\t<meta property=\"og:image:height\" content=\"342\" \/>\n\t<meta property=\"og:image:type\" content=\"image\/png\" \/>\n<meta name=\"twitter:card\" content=\"summary_large_image\" \/>\n<meta name=\"twitter:site\" content=\"@AMUPAN1\" \/>\n<meta name=\"twitter:label1\" content=\"Estimated reading time\" \/>\n\t<meta name=\"twitter:data1\" content=\"1 minute\" \/>\n<script type=\"application\/ld+json\" class=\"yoast-schema-graph\">{\"@context\":\"https:\/\/schema.org\",\"@graph\":[{\"@type\":\"WebPage\",\"@id\":\"https:\/\/amu.pan.pl\/arkadiusz-marek-tomczyk\/\",\"url\":\"https:\/\/amu.pan.pl\/arkadiusz-marek-tomczyk\/\",\"name\":\"Arkadiusz Marek Tomczyk - Akademia M\u0142odych Uczonych\",\"isPartOf\":{\"@id\":\"https:\/\/amu.pan.pl\/#website\"},\"datePublished\":\"2022-01-28T22:10:13+00:00\",\"dateModified\":\"2022-01-28T22:11:33+00:00\",\"breadcrumb\":{\"@id\":\"https:\/\/amu.pan.pl\/arkadiusz-marek-tomczyk\/#breadcrumb\"},\"inLanguage\":\"en-GB\",\"potentialAction\":[{\"@type\":\"ReadAction\",\"target\":[\"https:\/\/amu.pan.pl\/arkadiusz-marek-tomczyk\/\"]}]},{\"@type\":\"BreadcrumbList\",\"@id\":\"https:\/\/amu.pan.pl\/arkadiusz-marek-tomczyk\/#breadcrumb\",\"itemListElement\":[{\"@type\":\"ListItem\",\"position\":1,\"name\":\"Strona g\u0142\u00f3wna\",\"item\":\"https:\/\/amu.pan.pl\/\"},{\"@type\":\"ListItem\",\"position\":2,\"name\":\"Arkadiusz Marek Tomczyk\"}]},{\"@type\":\"WebSite\",\"@id\":\"https:\/\/amu.pan.pl\/#website\",\"url\":\"https:\/\/amu.pan.pl\/\",\"name\":\"Akademia M\u0142odych Uczonych\",\"description\":\"Polska Akademia Nauk\",\"publisher\":{\"@id\":\"https:\/\/amu.pan.pl\/#organization\"},\"potentialAction\":[{\"@type\":\"SearchAction\",\"target\":{\"@type\":\"EntryPoint\",\"urlTemplate\":\"https:\/\/amu.pan.pl\/?s={search_term_string}\"},\"query-input\":{\"@type\":\"PropertyValueSpecification\",\"valueRequired\":true,\"valueName\":\"search_term_string\"}}],\"inLanguage\":\"en-GB\"},{\"@type\":\"Organization\",\"@id\":\"https:\/\/amu.pan.pl\/#organization\",\"name\":\"Akademia M\u0142odych Uczonych\",\"url\":\"https:\/\/amu.pan.pl\/\",\"logo\":{\"@type\":\"ImageObject\",\"inLanguage\":\"en-GB\",\"@id\":\"https:\/\/amu.pan.pl\/#\/schema\/logo\/image\/\",\"url\":\"https:\/\/amu.pan.pl\/wp-content\/uploads\/2020\/08\/zz_amu.png\",\"contentUrl\":\"https:\/\/amu.pan.pl\/wp-content\/uploads\/2020\/08\/zz_amu.png\",\"width\":2794,\"height\":1016,\"caption\":\"Akademia M\u0142odych Uczonych\"},\"image\":{\"@id\":\"https:\/\/amu.pan.pl\/#\/schema\/logo\/image\/\"},\"sameAs\":[\"https:\/\/www.facebook.com\/AkademiaMlodychUczonych\/\",\"https:\/\/x.com\/AMUPAN1\"]}]}<\/script>\n<!-- \/ Yoast SEO plugin. -->","yoast_head_json":{"title":"Arkadiusz Marek Tomczyk - Akademia M\u0142odych Uczonych","robots":{"index":"index","follow":"follow","max-snippet":"max-snippet:-1","max-image-preview":"max-image-preview:large","max-video-preview":"max-video-preview:-1"},"canonical":"https:\/\/amu.pan.pl\/en\/arkadiusz-marek-tomczyk\/","og_locale":"en_GB","og_type":"article","og_title":"Arkadiusz Marek Tomczyk - Akademia M\u0142odych Uczonych","og_description":"Arkadiusz Marek Tomczyk","og_url":"https:\/\/amu.pan.pl\/en\/arkadiusz-marek-tomczyk\/","og_site_name":"Akademia M\u0142odych Uczonych","article_publisher":"https:\/\/www.facebook.com\/AkademiaMlodychUczonych\/","article_modified_time":"2022-01-28T22:11:33+00:00","og_image":[{"width":600,"height":342,"url":"https:\/\/amu.pan.pl\/wp-content\/uploads\/2020\/09\/AMU_logo.png","type":"image\/png"}],"twitter_card":"summary_large_image","twitter_site":"@AMUPAN1","twitter_misc":{"Estimated reading time":"1 minute"},"schema":{"@context":"https:\/\/schema.org","@graph":[{"@type":"WebPage","@id":"https:\/\/amu.pan.pl\/arkadiusz-marek-tomczyk\/","url":"https:\/\/amu.pan.pl\/arkadiusz-marek-tomczyk\/","name":"Arkadiusz Marek Tomczyk - Akademia M\u0142odych Uczonych","isPartOf":{"@id":"https:\/\/amu.pan.pl\/#website"},"datePublished":"2022-01-28T22:10:13+00:00","dateModified":"2022-01-28T22:11:33+00:00","breadcrumb":{"@id":"https:\/\/amu.pan.pl\/arkadiusz-marek-tomczyk\/#breadcrumb"},"inLanguage":"en-GB","potentialAction":[{"@type":"ReadAction","target":["https:\/\/amu.pan.pl\/arkadiusz-marek-tomczyk\/"]}]},{"@type":"BreadcrumbList","@id":"https:\/\/amu.pan.pl\/arkadiusz-marek-tomczyk\/#breadcrumb","itemListElement":[{"@type":"ListItem","position":1,"name":"Strona g\u0142\u00f3wna","item":"https:\/\/amu.pan.pl\/"},{"@type":"ListItem","position":2,"name":"Arkadiusz Marek Tomczyk"}]},{"@type":"WebSite","@id":"https:\/\/amu.pan.pl\/#website","url":"https:\/\/amu.pan.pl\/","name":"Akademia M\u0142odych Uczonych","description":"Polska Akademia Nauk","publisher":{"@id":"https:\/\/amu.pan.pl\/#organization"},"potentialAction":[{"@type":"SearchAction","target":{"@type":"EntryPoint","urlTemplate":"https:\/\/amu.pan.pl\/?s={search_term_string}"},"query-input":{"@type":"PropertyValueSpecification","valueRequired":true,"valueName":"search_term_string"}}],"inLanguage":"en-GB"},{"@type":"Organization","@id":"https:\/\/amu.pan.pl\/#organization","name":"Akademia M\u0142odych Uczonych","url":"https:\/\/amu.pan.pl\/","logo":{"@type":"ImageObject","inLanguage":"en-GB","@id":"https:\/\/amu.pan.pl\/#\/schema\/logo\/image\/","url":"https:\/\/amu.pan.pl\/wp-content\/uploads\/2020\/08\/zz_amu.png","contentUrl":"https:\/\/amu.pan.pl\/wp-content\/uploads\/2020\/08\/zz_amu.png","width":2794,"height":1016,"caption":"Akademia M\u0142odych Uczonych"},"image":{"@id":"https:\/\/amu.pan.pl\/#\/schema\/logo\/image\/"},"sameAs":["https:\/\/www.facebook.com\/AkademiaMlodychUczonych\/","https:\/\/x.com\/AMUPAN1"]}]}},"_links":{"self":[{"href":"https:\/\/amu.pan.pl\/en\/wp-json\/wp\/v2\/pages\/4373","targetHints":{"allow":["GET"]}}],"collection":[{"href":"https:\/\/amu.pan.pl\/en\/wp-json\/wp\/v2\/pages"}],"about":[{"href":"https:\/\/amu.pan.pl\/en\/wp-json\/wp\/v2\/types\/page"}],"author":[{"embeddable":true,"href":"https:\/\/amu.pan.pl\/en\/wp-json\/wp\/v2\/users\/2"}],"replies":[{"embeddable":true,"href":"https:\/\/amu.pan.pl\/en\/wp-json\/wp\/v2\/comments?post=4373"}],"version-history":[{"count":4,"href":"https:\/\/amu.pan.pl\/en\/wp-json\/wp\/v2\/pages\/4373\/revisions"}],"predecessor-version":[{"id":4378,"href":"https:\/\/amu.pan.pl\/en\/wp-json\/wp\/v2\/pages\/4373\/revisions\/4378"}],"wp:attachment":[{"href":"https:\/\/amu.pan.pl\/en\/wp-json\/wp\/v2\/media?parent=4373"}],"curies":[{"name":"wp","href":"https:\/\/api.w.org\/{rel}","templated":true}]}}