{"id":4400,"date":"2022-02-08T21:51:21","date_gmt":"2022-02-08T20:51:21","guid":{"rendered":"https:\/\/amu.pan.pl\/?page_id=4400"},"modified":"2022-02-08T21:53:56","modified_gmt":"2022-02-08T20:53:56","slug":"szymon-chorazy","status":"publish","type":"page","link":"https:\/\/amu.pan.pl\/en\/szymon-chorazy\/","title":{"rendered":"Szymon Chor\u0105\u017cy"},"content":{"rendered":"<div data-elementor-type=\"wp-page\" data-elementor-id=\"4400\" class=\"elementor elementor-4400\">\n\t\t\t\t\t\t<section class=\"elementor-section elementor-top-section elementor-element elementor-element-1de5c9d elementor-section-boxed elementor-section-height-default elementor-section-height-default\" data-id=\"1de5c9d\" data-element_type=\"section\">\n\t\t\t\t\t\t<div class=\"elementor-container elementor-column-gap-default\">\n\t\t\t\t\t<div class=\"elementor-column elementor-col-100 elementor-top-column elementor-element elementor-element-8a2f0c3\" data-id=\"8a2f0c3\" data-element_type=\"column\">\n\t\t\t<div class=\"elementor-widget-wrap elementor-element-populated\">\n\t\t\t\t\t\t<div class=\"elementor-element elementor-element-77f2ee0 elementor-widget elementor-widget-heading\" data-id=\"77f2ee0\" data-element_type=\"widget\" data-widget_type=\"heading.default\">\n\t\t\t\t<div class=\"elementor-widget-container\">\n\t\t\t\t\t<h1 class=\"elementor-heading-title elementor-size-default\">Szymon Chor\u0105\u017cy<\/h1>\t\t\t\t<\/div>\n\t\t\t\t<\/div>\n\t\t\t\t<div class=\"elementor-element elementor-element-1052273 elementor-widget elementor-widget-wp-widget-text\" data-id=\"1052273\" data-element_type=\"widget\" data-widget_type=\"wp-widget-text.default\">\n\t\t\t\t<div class=\"elementor-widget-container\">\n\t\t\t\t\t\t\t\t<div class=\"textwidget\"><p><img fetchpriority=\"high\" decoding=\"async\" class=\"wp-image-4402 size-medium alignleft\" src=\"https:\/\/amu.pan.pl\/wp-content\/uploads\/2022\/02\/Obraz1-219x300.jpg\" alt=\"\" width=\"219\" height=\"300\" srcset=\"https:\/\/amu.pan.pl\/wp-content\/uploads\/2022\/02\/Obraz1-219x300.jpg 219w, https:\/\/amu.pan.pl\/wp-content\/uploads\/2022\/02\/Obraz1-9x12.jpg 9w, https:\/\/amu.pan.pl\/wp-content\/uploads\/2022\/02\/Obraz1.jpg 392w\" sizes=\"(max-width: 219px) 100vw, 219px\" \/><\/p>\n<p>He is an associate professor of the Division of Inorganic Chemistry at the Faculty of Chemistry, Jagiellonian University (JU). He received the PhD of chemical sciences in 2014 after finishing PhD studies at the Faculty of Chemistry JU, realized within the International PhD Studies Program supported by the EU through the Foundation for Polish Science. His PhD project, supervised by prof. dr hab. Barbara Sieklucka, was related to the design, synthesis, and investigation of molecular magnets based on octacyanidometallate ions. Within the PhD studies program, dr hab. Szymon Chorazy spent 14 months in the Solid State Physical Chemistry Group of prof. Shin-ichi Ohkoshi in Department of Chemistry, School of Science, The University of Tokyo (Japan). After receiving the PhD, for two years (2014-2016), he was a project assistant professor in the group of prof. Ohkoshi at The University of Tokyo. Since 2016 he was a research assistant at the Faculty of Chemistry JU, working in the Inorganic Molecular Materials Group of prof. dr hab. Barbara Sieklucka. Since 2021 he leads the Multifunctional Luminescent Materials Group, since 2022 he works an associate professor (professor of JU). In 2019 he received the habilitation in chemical sciences for the scientific achievement entitled Cyanide transition metal complexes in the construction of photoluminescent molecular magnets and unique spin-crossover systems. Dr hab. Szymon Chor\u0105\u017cy realized his research work within the grants, including Iuventus Plus grant of the Ministry of Science and Higher Educations as well as grants of the Polish National Science Centre: Sonata-11, Opus-15, Sonata Bis-9, and Opus-21. In 2022 he starts to realize the LUMIFIELD research grant financed by the European Research Council (ERC Starting Grant). Current research topics of dr hab. Szymon Chor\u0105\u017cy concern the design, synthesis, and physicochemical characterization of multifunctional molecular materials aimed at the application in advanced magnetic, optical, and electronic devices, including magnetic and optical memories and highly sensitive sensors. In particular, dr hab. Szymon Chor\u0105\u017cy, together with his younger co-workers from the research group, works on the construction of multifunctional luminescent materials linking light emission phenomena with magnetic and electric properties, chirality, and sensitivity to physical and chemical stimuli. The research output of dr hab. Szymon Chor\u0105\u017cy includes 75 articles published in renowned journals from the JCR list with an average Impact Factor of 7.0, cited around 1850 times. He was the first author or the corresponding author in 50 articles, including the publications in such important chemical journals as Journal of the American Chemical Society and Angewandte Chemie International Edition. Dr hab. Szymon Chor\u0105\u017cy received Scholarship for outstanding young scientists awarded by the Ministry of Science and Higher Education of Poland, Scholarship for talented young researchers within the START 2014 and START 2015 programs awarded by the Foundation of Polish Science, Starting Career Talk Grant award of the 7th European Conference on Molecular Magnetism for 10 most promising young researchers in the area of molecular magnetism, and W\u0142odzimierz Ko\u0142os award of the 3rd Department of Polish Academy of Sciences in the field of chemistry for scientists under 40.<\/p>\n<p>For more information please visit the website of his research group: <a href=\"http:\/\/multilumimater.pl\/\">http:\/\/multilumimater.pl\/<\/a><\/p>\n<\/div>\n\t\t\t\t\t\t<\/div>\n\t\t\t\t<\/div>\n\t\t\t\t\t<\/div>\n\t\t<\/div>\n\t\t\t\t\t<\/div>\n\t\t<\/section>\n\t\t\t\t<\/div>","protected":false},"excerpt":{"rendered":"<p>Szymon Chor\u0105\u017cy<\/p>","protected":false},"author":2,"featured_media":0,"parent":0,"menu_order":17,"comment_status":"open","ping_status":"open","template":"elementor_header_footer","meta":{"_monsterinsights_skip_tracking":false,"_monsterinsights_sitenote_active":false,"_monsterinsights_sitenote_note":"","_monsterinsights_sitenote_category":0,"neve_meta_sidebar":"","neve_meta_container":"","neve_meta_enable_content_width":"","neve_meta_content_width":0,"neve_meta_title_alignment":"","neve_meta_author_avatar":"","neve_post_elements_order":"","neve_meta_disable_header":"","neve_meta_disable_footer":"","neve_meta_disable_title":"","footnotes":""},"class_list":["post-4400","page","type-page","status-publish","hentry"],"yoast_head":"<!-- This site is optimized with the Yoast SEO plugin v25.0 - https:\/\/yoast.com\/wordpress\/plugins\/seo\/ -->\n<title>Szymon Chor\u0105\u017cy - Akademia M\u0142odych Uczonych<\/title>\n<meta name=\"robots\" content=\"index, follow, max-snippet:-1, max-image-preview:large, max-video-preview:-1\" \/>\n<link rel=\"canonical\" href=\"https:\/\/amu.pan.pl\/en\/szymon-chorazy\/\" \/>\n<meta property=\"og:locale\" content=\"en_GB\" \/>\n<meta property=\"og:type\" content=\"article\" \/>\n<meta property=\"og:title\" content=\"Szymon Chor\u0105\u017cy - Akademia M\u0142odych Uczonych\" \/>\n<meta property=\"og:description\" content=\"Szymon Chor\u0105\u017cy\" \/>\n<meta property=\"og:url\" content=\"https:\/\/amu.pan.pl\/en\/szymon-chorazy\/\" \/>\n<meta property=\"og:site_name\" content=\"Akademia M\u0142odych Uczonych\" \/>\n<meta property=\"article:publisher\" content=\"https:\/\/www.facebook.com\/AkademiaMlodychUczonych\/\" \/>\n<meta property=\"article:modified_time\" content=\"2022-02-08T20:53:56+00:00\" \/>\n<meta property=\"og:image\" content=\"https:\/\/amu.pan.pl\/wp-content\/uploads\/2020\/09\/AMU_logo.png\" \/>\n\t<meta property=\"og:image:width\" content=\"600\" \/>\n\t<meta property=\"og:image:height\" content=\"342\" \/>\n\t<meta property=\"og:image:type\" content=\"image\/png\" \/>\n<meta name=\"twitter:card\" content=\"summary_large_image\" \/>\n<meta name=\"twitter:site\" content=\"@AMUPAN1\" \/>\n<meta name=\"twitter:label1\" content=\"Estimated reading time\" \/>\n\t<meta name=\"twitter:data1\" content=\"3 minutes\" \/>\n<script type=\"application\/ld+json\" class=\"yoast-schema-graph\">{\"@context\":\"https:\/\/schema.org\",\"@graph\":[{\"@type\":\"WebPage\",\"@id\":\"https:\/\/amu.pan.pl\/szymon-chorazy\/\",\"url\":\"https:\/\/amu.pan.pl\/szymon-chorazy\/\",\"name\":\"Szymon Chor\u0105\u017cy - Akademia M\u0142odych Uczonych\",\"isPartOf\":{\"@id\":\"https:\/\/amu.pan.pl\/#website\"},\"datePublished\":\"2022-02-08T20:51:21+00:00\",\"dateModified\":\"2022-02-08T20:53:56+00:00\",\"breadcrumb\":{\"@id\":\"https:\/\/amu.pan.pl\/szymon-chorazy\/#breadcrumb\"},\"inLanguage\":\"en-GB\",\"potentialAction\":[{\"@type\":\"ReadAction\",\"target\":[\"https:\/\/amu.pan.pl\/szymon-chorazy\/\"]}]},{\"@type\":\"BreadcrumbList\",\"@id\":\"https:\/\/amu.pan.pl\/szymon-chorazy\/#breadcrumb\",\"itemListElement\":[{\"@type\":\"ListItem\",\"position\":1,\"name\":\"Strona g\u0142\u00f3wna\",\"item\":\"https:\/\/amu.pan.pl\/\"},{\"@type\":\"ListItem\",\"position\":2,\"name\":\"Szymon Chor\u0105\u017cy\"}]},{\"@type\":\"WebSite\",\"@id\":\"https:\/\/amu.pan.pl\/#website\",\"url\":\"https:\/\/amu.pan.pl\/\",\"name\":\"Akademia M\u0142odych Uczonych\",\"description\":\"Polska Akademia Nauk\",\"publisher\":{\"@id\":\"https:\/\/amu.pan.pl\/#organization\"},\"potentialAction\":[{\"@type\":\"SearchAction\",\"target\":{\"@type\":\"EntryPoint\",\"urlTemplate\":\"https:\/\/amu.pan.pl\/?s={search_term_string}\"},\"query-input\":{\"@type\":\"PropertyValueSpecification\",\"valueRequired\":true,\"valueName\":\"search_term_string\"}}],\"inLanguage\":\"en-GB\"},{\"@type\":\"Organization\",\"@id\":\"https:\/\/amu.pan.pl\/#organization\",\"name\":\"Akademia M\u0142odych Uczonych\",\"url\":\"https:\/\/amu.pan.pl\/\",\"logo\":{\"@type\":\"ImageObject\",\"inLanguage\":\"en-GB\",\"@id\":\"https:\/\/amu.pan.pl\/#\/schema\/logo\/image\/\",\"url\":\"https:\/\/amu.pan.pl\/wp-content\/uploads\/2020\/08\/zz_amu.png\",\"contentUrl\":\"https:\/\/amu.pan.pl\/wp-content\/uploads\/2020\/08\/zz_amu.png\",\"width\":2794,\"height\":1016,\"caption\":\"Akademia M\u0142odych Uczonych\"},\"image\":{\"@id\":\"https:\/\/amu.pan.pl\/#\/schema\/logo\/image\/\"},\"sameAs\":[\"https:\/\/www.facebook.com\/AkademiaMlodychUczonych\/\",\"https:\/\/x.com\/AMUPAN1\"]}]}<\/script>\n<!-- \/ Yoast SEO plugin. -->","yoast_head_json":{"title":"Szymon Chor\u0105\u017cy - Akademia M\u0142odych Uczonych","robots":{"index":"index","follow":"follow","max-snippet":"max-snippet:-1","max-image-preview":"max-image-preview:large","max-video-preview":"max-video-preview:-1"},"canonical":"https:\/\/amu.pan.pl\/en\/szymon-chorazy\/","og_locale":"en_GB","og_type":"article","og_title":"Szymon Chor\u0105\u017cy - Akademia M\u0142odych Uczonych","og_description":"Szymon Chor\u0105\u017cy","og_url":"https:\/\/amu.pan.pl\/en\/szymon-chorazy\/","og_site_name":"Akademia M\u0142odych Uczonych","article_publisher":"https:\/\/www.facebook.com\/AkademiaMlodychUczonych\/","article_modified_time":"2022-02-08T20:53:56+00:00","og_image":[{"width":600,"height":342,"url":"https:\/\/amu.pan.pl\/wp-content\/uploads\/2020\/09\/AMU_logo.png","type":"image\/png"}],"twitter_card":"summary_large_image","twitter_site":"@AMUPAN1","twitter_misc":{"Estimated reading time":"3 minutes"},"schema":{"@context":"https:\/\/schema.org","@graph":[{"@type":"WebPage","@id":"https:\/\/amu.pan.pl\/szymon-chorazy\/","url":"https:\/\/amu.pan.pl\/szymon-chorazy\/","name":"Szymon Chor\u0105\u017cy - Akademia M\u0142odych Uczonych","isPartOf":{"@id":"https:\/\/amu.pan.pl\/#website"},"datePublished":"2022-02-08T20:51:21+00:00","dateModified":"2022-02-08T20:53:56+00:00","breadcrumb":{"@id":"https:\/\/amu.pan.pl\/szymon-chorazy\/#breadcrumb"},"inLanguage":"en-GB","potentialAction":[{"@type":"ReadAction","target":["https:\/\/amu.pan.pl\/szymon-chorazy\/"]}]},{"@type":"BreadcrumbList","@id":"https:\/\/amu.pan.pl\/szymon-chorazy\/#breadcrumb","itemListElement":[{"@type":"ListItem","position":1,"name":"Strona g\u0142\u00f3wna","item":"https:\/\/amu.pan.pl\/"},{"@type":"ListItem","position":2,"name":"Szymon Chor\u0105\u017cy"}]},{"@type":"WebSite","@id":"https:\/\/amu.pan.pl\/#website","url":"https:\/\/amu.pan.pl\/","name":"Akademia M\u0142odych Uczonych","description":"Polska Akademia Nauk","publisher":{"@id":"https:\/\/amu.pan.pl\/#organization"},"potentialAction":[{"@type":"SearchAction","target":{"@type":"EntryPoint","urlTemplate":"https:\/\/amu.pan.pl\/?s={search_term_string}"},"query-input":{"@type":"PropertyValueSpecification","valueRequired":true,"valueName":"search_term_string"}}],"inLanguage":"en-GB"},{"@type":"Organization","@id":"https:\/\/amu.pan.pl\/#organization","name":"Akademia M\u0142odych Uczonych","url":"https:\/\/amu.pan.pl\/","logo":{"@type":"ImageObject","inLanguage":"en-GB","@id":"https:\/\/amu.pan.pl\/#\/schema\/logo\/image\/","url":"https:\/\/amu.pan.pl\/wp-content\/uploads\/2020\/08\/zz_amu.png","contentUrl":"https:\/\/amu.pan.pl\/wp-content\/uploads\/2020\/08\/zz_amu.png","width":2794,"height":1016,"caption":"Akademia M\u0142odych Uczonych"},"image":{"@id":"https:\/\/amu.pan.pl\/#\/schema\/logo\/image\/"},"sameAs":["https:\/\/www.facebook.com\/AkademiaMlodychUczonych\/","https:\/\/x.com\/AMUPAN1"]}]}},"_links":{"self":[{"href":"https:\/\/amu.pan.pl\/en\/wp-json\/wp\/v2\/pages\/4400","targetHints":{"allow":["GET"]}}],"collection":[{"href":"https:\/\/amu.pan.pl\/en\/wp-json\/wp\/v2\/pages"}],"about":[{"href":"https:\/\/amu.pan.pl\/en\/wp-json\/wp\/v2\/types\/page"}],"author":[{"embeddable":true,"href":"https:\/\/amu.pan.pl\/en\/wp-json\/wp\/v2\/users\/2"}],"replies":[{"embeddable":true,"href":"https:\/\/amu.pan.pl\/en\/wp-json\/wp\/v2\/comments?post=4400"}],"version-history":[{"count":7,"href":"https:\/\/amu.pan.pl\/en\/wp-json\/wp\/v2\/pages\/4400\/revisions"}],"predecessor-version":[{"id":4408,"href":"https:\/\/amu.pan.pl\/en\/wp-json\/wp\/v2\/pages\/4400\/revisions\/4408"}],"wp:attachment":[{"href":"https:\/\/amu.pan.pl\/en\/wp-json\/wp\/v2\/media?parent=4400"}],"curies":[{"name":"wp","href":"https:\/\/api.w.org\/{rel}","templated":true}]}}