{"id":4421,"date":"2022-02-08T22:02:17","date_gmt":"2022-02-08T21:02:17","guid":{"rendered":"https:\/\/amu.pan.pl\/?page_id=4421"},"modified":"2024-09-26T15:45:14","modified_gmt":"2024-09-26T13:45:14","slug":"joanna-kulaga-przymus","status":"publish","type":"page","link":"https:\/\/amu.pan.pl\/en\/joanna-kulaga-przymus\/","title":{"rendered":"Joanna Ku\u0142aga-Przymus"},"content":{"rendered":"<div data-elementor-type=\"wp-page\" data-elementor-id=\"4421\" class=\"elementor elementor-4421\">\n\t\t\t\t\t\t<section class=\"elementor-section elementor-top-section elementor-element elementor-element-1de5c9d elementor-section-boxed elementor-section-height-default elementor-section-height-default\" data-id=\"1de5c9d\" data-element_type=\"section\">\n\t\t\t\t\t\t<div class=\"elementor-container elementor-column-gap-default\">\n\t\t\t\t\t<div class=\"elementor-column elementor-col-100 elementor-top-column elementor-element elementor-element-8a2f0c3\" data-id=\"8a2f0c3\" data-element_type=\"column\">\n\t\t\t<div class=\"elementor-widget-wrap elementor-element-populated\">\n\t\t\t\t\t\t<div class=\"elementor-element elementor-element-77f2ee0 elementor-widget elementor-widget-heading\" data-id=\"77f2ee0\" data-element_type=\"widget\" data-widget_type=\"heading.default\">\n\t\t\t\t<div class=\"elementor-widget-container\">\n\t\t\t\t\t<h1 class=\"elementor-heading-title elementor-size-default\">Joanna Ku\u0142aga-Przymus<\/h1>\t\t\t\t<\/div>\n\t\t\t\t<\/div>\n\t\t\t\t<div class=\"elementor-element elementor-element-1052273 elementor-widget elementor-widget-wp-widget-text\" data-id=\"1052273\" data-element_type=\"widget\" data-widget_type=\"wp-widget-text.default\">\n\t\t\t\t<div class=\"elementor-widget-container\">\n\t\t\t\t\t\t\t\t<div class=\"textwidget\"><p><img fetchpriority=\"high\" decoding=\"async\" class=\"wp-image-4423 size-medium alignleft\" src=\"https:\/\/amu.pan.pl\/wp-content\/uploads\/2022\/02\/Joanna-Kulaga-Przymus-fotAndrzej-Romanski-7-300x300.jpg\" alt=\"\" width=\"300\" height=\"300\" srcset=\"https:\/\/amu.pan.pl\/wp-content\/uploads\/2022\/02\/Joanna-Kulaga-Przymus-fotAndrzej-Romanski-7-300x300.jpg 300w, https:\/\/amu.pan.pl\/wp-content\/uploads\/2022\/02\/Joanna-Kulaga-Przymus-fotAndrzej-Romanski-7-1024x1024.jpg 1024w, https:\/\/amu.pan.pl\/wp-content\/uploads\/2022\/02\/Joanna-Kulaga-Przymus-fotAndrzej-Romanski-7-150x150.jpg 150w, https:\/\/amu.pan.pl\/wp-content\/uploads\/2022\/02\/Joanna-Kulaga-Przymus-fotAndrzej-Romanski-7-768x768.jpg 768w, https:\/\/amu.pan.pl\/wp-content\/uploads\/2022\/02\/Joanna-Kulaga-Przymus-fotAndrzej-Romanski-7-12x12.jpg 12w, https:\/\/amu.pan.pl\/wp-content\/uploads\/2022\/02\/Joanna-Kulaga-Przymus-fotAndrzej-Romanski-7.jpg 1114w\" sizes=\"(max-width: 300px) 100vw, 300px\" \/><\/p>\n<p>Jest profesorem Uniwersytetu Miko\u0142aja Kopernika w Toruniu, pracuje w Katedrze Teorii Ergodycznej i Uk\u0142ad\u00f3w Dynamicznych na Wydziale Matematyki i Informatyki. Od wrze\u015bnia 2024 jest prodziekanem ds. nauki tego Wydzia\u0142u. Cz\u0142onkini zespo\u0142u Dynamika i Teoria Ergodyczna w ramach Uniwersyteckiego Centrum Doskona\u0142o\u015bci DAMSI (Inicjatywa Doskona\u0142o\u015bci Uczelnia Badawcza). Laureatka m.in. nagrody im. Kazimierza Kuratowskiego i nagrody PTM dla m\u0142odych matematyk\u00f3w. Stypendystka FNP i MNiSW. Absolwentka ZS UMK Gimnazjum i Liceum Akademickiego. Prac\u0119 magistersk\u0105 (2008) oraz doktorsk\u0105 (2011) napisa\u0142a pod kierunkiem prof. Mariusza Lema\u0144czyka. Po obronie doktoratu pracowa\u0142a przez dwa lata w IM PAN oraz odby\u0142a sta\u017c podoktorski w CNRS (University of Aix-Marseille, Francja). Jej zainteresowania badawcze w ostatnim czasie koncentruj\u0105 si\u0119 wok\u00f3\u0142 hipotezy Sarnaka dotycz\u0105cej losowo\u015bci funkcji M\u00f6biusa i zagadnie\u0144 zwi\u0105zanych z teori\u0105 uk\u0142ad\u00f3w B-wolnych oraz ich powi\u0105za\u0144 z teori\u0105 liczb.<\/p>\n<\/div>\n\t\t\t\t\t\t<\/div>\n\t\t\t\t<\/div>\n\t\t\t\t\t<\/div>\n\t\t<\/div>\n\t\t\t\t\t<\/div>\n\t\t<\/section>\n\t\t\t\t<\/div>","protected":false},"excerpt":{"rendered":"<p>Joanna Ku\u0142aga-Przymus<\/p>","protected":false},"author":2,"featured_media":0,"parent":0,"menu_order":17,"comment_status":"open","ping_status":"open","template":"elementor_header_footer","meta":{"_monsterinsights_skip_tracking":false,"_monsterinsights_sitenote_active":false,"_monsterinsights_sitenote_note":"","_monsterinsights_sitenote_category":0,"neve_meta_sidebar":"","neve_meta_container":"","neve_meta_enable_content_width":"","neve_meta_content_width":0,"neve_meta_title_alignment":"","neve_meta_author_avatar":"","neve_post_elements_order":"","neve_meta_disable_header":"","neve_meta_disable_footer":"","neve_meta_disable_title":"","footnotes":""},"class_list":["post-4421","page","type-page","status-publish","hentry"],"yoast_head":"<!-- This site is optimized with the Yoast SEO plugin v25.0 - https:\/\/yoast.com\/wordpress\/plugins\/seo\/ -->\n<title>Joanna Ku\u0142aga-Przymus - Akademia M\u0142odych Uczonych<\/title>\n<meta name=\"robots\" content=\"index, follow, max-snippet:-1, max-image-preview:large, max-video-preview:-1\" \/>\n<link rel=\"canonical\" href=\"https:\/\/amu.pan.pl\/en\/joanna-kulaga-przymus\/\" \/>\n<meta property=\"og:locale\" content=\"en_GB\" \/>\n<meta property=\"og:type\" content=\"article\" \/>\n<meta property=\"og:title\" content=\"Joanna Ku\u0142aga-Przymus - Akademia M\u0142odych Uczonych\" \/>\n<meta property=\"og:description\" content=\"Joanna Ku\u0142aga-Przymus\" \/>\n<meta property=\"og:url\" content=\"https:\/\/amu.pan.pl\/en\/joanna-kulaga-przymus\/\" \/>\n<meta property=\"og:site_name\" content=\"Akademia M\u0142odych Uczonych\" \/>\n<meta property=\"article:publisher\" content=\"https:\/\/www.facebook.com\/AkademiaMlodychUczonych\/\" \/>\n<meta property=\"article:modified_time\" content=\"2024-09-26T13:45:14+00:00\" \/>\n<meta property=\"og:image\" content=\"https:\/\/amu.pan.pl\/wp-content\/uploads\/2020\/09\/AMU_logo.png\" \/>\n\t<meta property=\"og:image:width\" content=\"600\" \/>\n\t<meta property=\"og:image:height\" content=\"342\" \/>\n\t<meta property=\"og:image:type\" content=\"image\/png\" \/>\n<meta name=\"twitter:card\" content=\"summary_large_image\" \/>\n<meta name=\"twitter:site\" content=\"@AMUPAN1\" \/>\n<meta name=\"twitter:label1\" content=\"Estimated reading time\" \/>\n\t<meta name=\"twitter:data1\" content=\"1 minute\" \/>\n<script type=\"application\/ld+json\" class=\"yoast-schema-graph\">{\"@context\":\"https:\/\/schema.org\",\"@graph\":[{\"@type\":\"WebPage\",\"@id\":\"https:\/\/amu.pan.pl\/joanna-kulaga-przymus\/\",\"url\":\"https:\/\/amu.pan.pl\/joanna-kulaga-przymus\/\",\"name\":\"Joanna Ku\u0142aga-Przymus - Akademia M\u0142odych Uczonych\",\"isPartOf\":{\"@id\":\"https:\/\/amu.pan.pl\/#website\"},\"datePublished\":\"2022-02-08T21:02:17+00:00\",\"dateModified\":\"2024-09-26T13:45:14+00:00\",\"breadcrumb\":{\"@id\":\"https:\/\/amu.pan.pl\/joanna-kulaga-przymus\/#breadcrumb\"},\"inLanguage\":\"en-GB\",\"potentialAction\":[{\"@type\":\"ReadAction\",\"target\":[\"https:\/\/amu.pan.pl\/joanna-kulaga-przymus\/\"]}]},{\"@type\":\"BreadcrumbList\",\"@id\":\"https:\/\/amu.pan.pl\/joanna-kulaga-przymus\/#breadcrumb\",\"itemListElement\":[{\"@type\":\"ListItem\",\"position\":1,\"name\":\"Strona g\u0142\u00f3wna\",\"item\":\"https:\/\/amu.pan.pl\/\"},{\"@type\":\"ListItem\",\"position\":2,\"name\":\"Joanna Ku\u0142aga-Przymus\"}]},{\"@type\":\"WebSite\",\"@id\":\"https:\/\/amu.pan.pl\/#website\",\"url\":\"https:\/\/amu.pan.pl\/\",\"name\":\"Akademia M\u0142odych Uczonych\",\"description\":\"Polska Akademia Nauk\",\"publisher\":{\"@id\":\"https:\/\/amu.pan.pl\/#organization\"},\"potentialAction\":[{\"@type\":\"SearchAction\",\"target\":{\"@type\":\"EntryPoint\",\"urlTemplate\":\"https:\/\/amu.pan.pl\/?s={search_term_string}\"},\"query-input\":{\"@type\":\"PropertyValueSpecification\",\"valueRequired\":true,\"valueName\":\"search_term_string\"}}],\"inLanguage\":\"en-GB\"},{\"@type\":\"Organization\",\"@id\":\"https:\/\/amu.pan.pl\/#organization\",\"name\":\"Akademia M\u0142odych Uczonych\",\"url\":\"https:\/\/amu.pan.pl\/\",\"logo\":{\"@type\":\"ImageObject\",\"inLanguage\":\"en-GB\",\"@id\":\"https:\/\/amu.pan.pl\/#\/schema\/logo\/image\/\",\"url\":\"https:\/\/amu.pan.pl\/wp-content\/uploads\/2020\/08\/zz_amu.png\",\"contentUrl\":\"https:\/\/amu.pan.pl\/wp-content\/uploads\/2020\/08\/zz_amu.png\",\"width\":2794,\"height\":1016,\"caption\":\"Akademia M\u0142odych Uczonych\"},\"image\":{\"@id\":\"https:\/\/amu.pan.pl\/#\/schema\/logo\/image\/\"},\"sameAs\":[\"https:\/\/www.facebook.com\/AkademiaMlodychUczonych\/\",\"https:\/\/x.com\/AMUPAN1\"]}]}<\/script>\n<!-- \/ Yoast SEO plugin. -->","yoast_head_json":{"title":"Joanna Ku\u0142aga-Przymus - Akademia M\u0142odych Uczonych","robots":{"index":"index","follow":"follow","max-snippet":"max-snippet:-1","max-image-preview":"max-image-preview:large","max-video-preview":"max-video-preview:-1"},"canonical":"https:\/\/amu.pan.pl\/en\/joanna-kulaga-przymus\/","og_locale":"en_GB","og_type":"article","og_title":"Joanna Ku\u0142aga-Przymus - Akademia M\u0142odych Uczonych","og_description":"Joanna Ku\u0142aga-Przymus","og_url":"https:\/\/amu.pan.pl\/en\/joanna-kulaga-przymus\/","og_site_name":"Akademia M\u0142odych Uczonych","article_publisher":"https:\/\/www.facebook.com\/AkademiaMlodychUczonych\/","article_modified_time":"2024-09-26T13:45:14+00:00","og_image":[{"width":600,"height":342,"url":"https:\/\/amu.pan.pl\/wp-content\/uploads\/2020\/09\/AMU_logo.png","type":"image\/png"}],"twitter_card":"summary_large_image","twitter_site":"@AMUPAN1","twitter_misc":{"Estimated reading time":"1 minute"},"schema":{"@context":"https:\/\/schema.org","@graph":[{"@type":"WebPage","@id":"https:\/\/amu.pan.pl\/joanna-kulaga-przymus\/","url":"https:\/\/amu.pan.pl\/joanna-kulaga-przymus\/","name":"Joanna Ku\u0142aga-Przymus - Akademia M\u0142odych Uczonych","isPartOf":{"@id":"https:\/\/amu.pan.pl\/#website"},"datePublished":"2022-02-08T21:02:17+00:00","dateModified":"2024-09-26T13:45:14+00:00","breadcrumb":{"@id":"https:\/\/amu.pan.pl\/joanna-kulaga-przymus\/#breadcrumb"},"inLanguage":"en-GB","potentialAction":[{"@type":"ReadAction","target":["https:\/\/amu.pan.pl\/joanna-kulaga-przymus\/"]}]},{"@type":"BreadcrumbList","@id":"https:\/\/amu.pan.pl\/joanna-kulaga-przymus\/#breadcrumb","itemListElement":[{"@type":"ListItem","position":1,"name":"Strona g\u0142\u00f3wna","item":"https:\/\/amu.pan.pl\/"},{"@type":"ListItem","position":2,"name":"Joanna Ku\u0142aga-Przymus"}]},{"@type":"WebSite","@id":"https:\/\/amu.pan.pl\/#website","url":"https:\/\/amu.pan.pl\/","name":"Akademia M\u0142odych Uczonych","description":"Polska Akademia Nauk","publisher":{"@id":"https:\/\/amu.pan.pl\/#organization"},"potentialAction":[{"@type":"SearchAction","target":{"@type":"EntryPoint","urlTemplate":"https:\/\/amu.pan.pl\/?s={search_term_string}"},"query-input":{"@type":"PropertyValueSpecification","valueRequired":true,"valueName":"search_term_string"}}],"inLanguage":"en-GB"},{"@type":"Organization","@id":"https:\/\/amu.pan.pl\/#organization","name":"Akademia M\u0142odych Uczonych","url":"https:\/\/amu.pan.pl\/","logo":{"@type":"ImageObject","inLanguage":"en-GB","@id":"https:\/\/amu.pan.pl\/#\/schema\/logo\/image\/","url":"https:\/\/amu.pan.pl\/wp-content\/uploads\/2020\/08\/zz_amu.png","contentUrl":"https:\/\/amu.pan.pl\/wp-content\/uploads\/2020\/08\/zz_amu.png","width":2794,"height":1016,"caption":"Akademia M\u0142odych Uczonych"},"image":{"@id":"https:\/\/amu.pan.pl\/#\/schema\/logo\/image\/"},"sameAs":["https:\/\/www.facebook.com\/AkademiaMlodychUczonych\/","https:\/\/x.com\/AMUPAN1"]}]}},"_links":{"self":[{"href":"https:\/\/amu.pan.pl\/en\/wp-json\/wp\/v2\/pages\/4421","targetHints":{"allow":["GET"]}}],"collection":[{"href":"https:\/\/amu.pan.pl\/en\/wp-json\/wp\/v2\/pages"}],"about":[{"href":"https:\/\/amu.pan.pl\/en\/wp-json\/wp\/v2\/types\/page"}],"author":[{"embeddable":true,"href":"https:\/\/amu.pan.pl\/en\/wp-json\/wp\/v2\/users\/2"}],"replies":[{"embeddable":true,"href":"https:\/\/amu.pan.pl\/en\/wp-json\/wp\/v2\/comments?post=4421"}],"version-history":[{"count":7,"href":"https:\/\/amu.pan.pl\/en\/wp-json\/wp\/v2\/pages\/4421\/revisions"}],"predecessor-version":[{"id":5637,"href":"https:\/\/amu.pan.pl\/en\/wp-json\/wp\/v2\/pages\/4421\/revisions\/5637"}],"wp:attachment":[{"href":"https:\/\/amu.pan.pl\/en\/wp-json\/wp\/v2\/media?parent=4421"}],"curies":[{"name":"wp","href":"https:\/\/api.w.org\/{rel}","templated":true}]}}