{"id":4439,"date":"2022-02-08T22:09:44","date_gmt":"2022-02-08T21:09:44","guid":{"rendered":"https:\/\/amu.pan.pl\/?page_id=4439"},"modified":"2023-10-20T09:13:11","modified_gmt":"2023-10-20T07:13:11","slug":"marzena-smol","status":"publish","type":"page","link":"https:\/\/amu.pan.pl\/en\/marzena-smol\/","title":{"rendered":"Marzena Smol"},"content":{"rendered":"<div data-elementor-type=\"wp-page\" data-elementor-id=\"4439\" class=\"elementor elementor-4439\">\n\t\t\t\t\t\t<section class=\"elementor-section elementor-top-section elementor-element elementor-element-1de5c9d elementor-section-boxed elementor-section-height-default elementor-section-height-default\" data-id=\"1de5c9d\" data-element_type=\"section\">\n\t\t\t\t\t\t<div class=\"elementor-container elementor-column-gap-default\">\n\t\t\t\t\t<div class=\"elementor-column elementor-col-100 elementor-top-column elementor-element elementor-element-8a2f0c3\" data-id=\"8a2f0c3\" data-element_type=\"column\">\n\t\t\t<div class=\"elementor-widget-wrap elementor-element-populated\">\n\t\t\t\t\t\t<div class=\"elementor-element elementor-element-77f2ee0 elementor-widget elementor-widget-heading\" data-id=\"77f2ee0\" data-element_type=\"widget\" data-widget_type=\"heading.default\">\n\t\t\t\t<div class=\"elementor-widget-container\">\n\t\t\t\t\t<h1 class=\"elementor-heading-title elementor-size-default\">Marzena Smol-Aruszanjan<\/h1>\t\t\t\t<\/div>\n\t\t\t\t<\/div>\n\t\t\t\t<div class=\"elementor-element elementor-element-1052273 elementor-widget elementor-widget-wp-widget-text\" data-id=\"1052273\" data-element_type=\"widget\" data-widget_type=\"wp-widget-text.default\">\n\t\t\t\t<div class=\"elementor-widget-container\">\n\t\t\t\t\t\t\t\t<div class=\"textwidget\"><p><img fetchpriority=\"high\" decoding=\"async\" class=\"wp-image-4441 size-medium alignleft\" src=\"https:\/\/amu.pan.pl\/wp-content\/uploads\/2022\/02\/155174376_2811614345717908_5093056683195365709_n-1-200x300.jpg\" alt=\"\" width=\"200\" height=\"300\" srcset=\"https:\/\/amu.pan.pl\/wp-content\/uploads\/2022\/02\/155174376_2811614345717908_5093056683195365709_n-1-200x300.jpg 200w, https:\/\/amu.pan.pl\/wp-content\/uploads\/2022\/02\/155174376_2811614345717908_5093056683195365709_n-1-682x1024.jpg 682w, https:\/\/amu.pan.pl\/wp-content\/uploads\/2022\/02\/155174376_2811614345717908_5093056683195365709_n-1-768x1154.jpg 768w, https:\/\/amu.pan.pl\/wp-content\/uploads\/2022\/02\/155174376_2811614345717908_5093056683195365709_n-1-1022x1536.jpg 1022w, https:\/\/amu.pan.pl\/wp-content\/uploads\/2022\/02\/155174376_2811614345717908_5093056683195365709_n-1-8x12.jpg 8w, https:\/\/amu.pan.pl\/wp-content\/uploads\/2022\/02\/155174376_2811614345717908_5093056683195365709_n-1.jpg 1363w\" sizes=\"(max-width: 200px) 100vw, 200px\" \/><\/p>\n<p>Jest profesorom instytutu w Instytucie Gospodarki Surowcami Mineralnymi i Energi\u0105 Polskiej Akademii Nauk (IGSMiE PAN) w Krakowie. Pe\u0142ni funkcj\u0119 kierownika Pracowni Surowc\u00f3w Biogenicznych, kt\u00f3rej jest za\u0142o\u017cycielk\u0105. Od 2022r. Zast\u0119pca Dyrektora Krakowskiej Interdyscyplinarnej Szko\u0142y Doktorskiej\u00a0w IGSMiE PAN. Od 2016r. zwi\u0105zana z Wydzia\u0142em Zarz\u0105dzania AGH Akademii G\u00f3rniczo-Hutniczej w Krakowie. Tytu\u0142 licencjata (2008r.) oraz magistra (2010r.) z zakresu ochrony \u015brodowiska oraz licencjata z zakresu zarz\u0105dzania (2011r.) uzyska\u0142a na Uniwersytecie Humanistyczno-Przyrodniczym im. Jana D\u0142ugosza w Cz\u0119stochowie. Tytu\u0142 magistra z zakresu zarz\u0105dzania (specjalizacja zarz\u0105dzanie projektem mi\u0119dzynarodowym) uzyska\u0142a w Politechnice Cz\u0119stochowskiej (2013r.). Doktor nauk technicznych w dyscyplinie in\u017cynieria \u015brodowiska (Politechnika Cz\u0119stochowska, 2015r.). Doktor habilitowana nauk in\u017cynieryjno-technicznych w dyscyplinie in\u017cynieria \u015brodowiska, g\u00f3rnictwo i energetyka (Politechnika \u015al\u0105ska, 2021r.).<\/p>\n<p>Dr hab. Marzena Smol-Aruszanjan prowadzi interdyscyplinarne badania z zakres zarz\u0105dzania i in\u017cynierii \u015brodowiska, dotycz\u0105ce innowacyjnych technologii odzysku surowc\u00f3w (w tym fosforu), odzysku wody, oczyszczania \u015bciek\u00f3w, gospodarki odpadami zgodnie z za\u0142o\u017ceniami gospodarki o obiegu zamkni\u0119tym (GOZ). Ponadto, zajmuje si\u0119 edukacj\u0105 ekologiczn\u0105 z zakresu GOZ r\u00f3\u017cnych grup interesariuszy (dzieci i m\u0142odzie\u017cy, student\u00f3w i doktorant\u00f3w, specjalist\u00f3w).<\/p>\n<p>Kierownik, koordynator i wykonawca kilkudziesi\u0119ciu projekt\u00f3w mi\u0119dzynarodowych (H2020, NAWA, INTERREG) i krajowych (NCBiR, NCN). Obecnie jest kierownikiem kilku projekt\u00f3w mi\u0119dzynarodowych, realizowanych w ramach NAWA, H2020 oraz Grant\u00f3w Wyszehradzkich. Odby\u0142a kilka sta\u017cy naukowych (Indie, Niemcy, Belgia, Finlandia), w tym w ramach Programu stypendialnego im. M. Bekkera dla m\u0142odych naukowc\u00f3w (NAWA, 2019r.). By\u0142a cz\u0142onkiem Mi\u0119dzyresortowego Zespo\u0142u ds. GOZ, powo\u0142anego przez Ministerstwo Rozwoju i Technologii (2016r.). Zaj\u0119\u0142a pierwsze miejsce w rankingu pracownik\u00f3w naukowych IGSMiE PAN w 2021r. Jest laureatk\u0105 kilkunastu nagr\u00f3d z tytu\u0142u najlepszych prezentacji podczas konferencji krajowych i mi\u0119dzynarodowych oraz nagr\u00f3d i wyr\u00f3\u017cnie\u0144 za dzia\u0142alno\u015b\u0107 naukow\u0105 i publikacyjn\u0105. Od 2018r. jest cz\u0142onkiem Rady Naukowej IGSMiE PAN. Ekspert w Polskim Centrum Akredytacji \u2013 ocena jednostek inspekcyjnych w ramach Programu Weryfikacji Technologii \u015arodowiskowych (ETV), od 2017r. Bierze udzia\u0142 w wielu zespo\u0142ach eksperckich i konkursowych, w tym dla Komisji Europejskiej, NCBiR i FNP. Laureatka Stypendium Ministra Nauki dla wybitnych m\u0142odych naukowc\u00f3w (2019r.), Nagrody Springer Nature Highlights 2020, Nagrody \u201eNaukowiec Przysz\u0142o\u015bci\u201e w kategorii Nauki \u015bcis\u0142e i techniczne dla innowacyjnej przysz\u0142o\u015bci 2021, Nagrody \u201eAmbasador Innowacyjno\u015bci\u201d 2021.<\/p>\n<p>Autorka i wsp\u00f3\u0142autorka ponad 120 prac naukowych (w tym 1 autorskiej Monografii oraz 58 publikacji z listy JCR) wi\u0119cej informacji mo\u017cna znale\u017a\u0107 na profilu ResearchGate &#8211; <a href=\"https:\/\/www.researchgate.net\/profile\/Marzena-Smol\">https:\/\/www.researchgate.net\/profile\/Marzena-Smol<\/a><\/p>\n<\/div>\n\t\t\t\t\t\t<\/div>\n\t\t\t\t<\/div>\n\t\t\t\t\t<\/div>\n\t\t<\/div>\n\t\t\t\t\t<\/div>\n\t\t<\/section>\n\t\t\t\t<\/div>","protected":false},"excerpt":{"rendered":"<p>Marzena Smol-Aruszanjan<\/p>","protected":false},"author":2,"featured_media":0,"parent":0,"menu_order":17,"comment_status":"open","ping_status":"open","template":"elementor_header_footer","meta":{"_monsterinsights_skip_tracking":false,"_monsterinsights_sitenote_active":false,"_monsterinsights_sitenote_note":"","_monsterinsights_sitenote_category":0,"neve_meta_sidebar":"","neve_meta_container":"","neve_meta_enable_content_width":"","neve_meta_content_width":0,"neve_meta_title_alignment":"","neve_meta_author_avatar":"","neve_post_elements_order":"","neve_meta_disable_header":"","neve_meta_disable_footer":"","neve_meta_disable_title":"","footnotes":""},"class_list":["post-4439","page","type-page","status-publish","hentry"],"yoast_head":"<!-- This site is optimized with the Yoast SEO plugin v25.0 - https:\/\/yoast.com\/wordpress\/plugins\/seo\/ -->\n<title>Marzena Smol - Akademia M\u0142odych Uczonych<\/title>\n<meta name=\"robots\" content=\"index, follow, max-snippet:-1, max-image-preview:large, max-video-preview:-1\" \/>\n<link rel=\"canonical\" href=\"https:\/\/amu.pan.pl\/en\/marzena-smol\/\" \/>\n<meta property=\"og:locale\" content=\"en_GB\" \/>\n<meta property=\"og:type\" content=\"article\" \/>\n<meta property=\"og:title\" content=\"Marzena Smol - Akademia M\u0142odych Uczonych\" \/>\n<meta property=\"og:description\" content=\"Marzena Smol-Aruszanjan\" \/>\n<meta property=\"og:url\" content=\"https:\/\/amu.pan.pl\/en\/marzena-smol\/\" \/>\n<meta property=\"og:site_name\" content=\"Akademia M\u0142odych Uczonych\" \/>\n<meta property=\"article:publisher\" content=\"https:\/\/www.facebook.com\/AkademiaMlodychUczonych\/\" \/>\n<meta property=\"article:modified_time\" content=\"2023-10-20T07:13:11+00:00\" \/>\n<meta property=\"og:image\" content=\"https:\/\/amu.pan.pl\/wp-content\/uploads\/2020\/09\/AMU_logo.png\" \/>\n\t<meta property=\"og:image:width\" content=\"600\" \/>\n\t<meta property=\"og:image:height\" content=\"342\" \/>\n\t<meta property=\"og:image:type\" content=\"image\/png\" \/>\n<meta name=\"twitter:card\" content=\"summary_large_image\" \/>\n<meta name=\"twitter:site\" content=\"@AMUPAN1\" \/>\n<meta name=\"twitter:label1\" content=\"Estimated reading time\" \/>\n\t<meta name=\"twitter:data1\" content=\"2 minutes\" \/>\n<script type=\"application\/ld+json\" class=\"yoast-schema-graph\">{\"@context\":\"https:\/\/schema.org\",\"@graph\":[{\"@type\":\"WebPage\",\"@id\":\"https:\/\/amu.pan.pl\/en\/marzena-smol\/\",\"url\":\"https:\/\/amu.pan.pl\/en\/marzena-smol\/\",\"name\":\"Marzena Smol - Akademia M\u0142odych Uczonych\",\"isPartOf\":{\"@id\":\"https:\/\/amu.pan.pl\/#website\"},\"datePublished\":\"2022-02-08T21:09:44+00:00\",\"dateModified\":\"2023-10-20T07:13:11+00:00\",\"breadcrumb\":{\"@id\":\"https:\/\/amu.pan.pl\/en\/marzena-smol\/#breadcrumb\"},\"inLanguage\":\"en-GB\",\"potentialAction\":[{\"@type\":\"ReadAction\",\"target\":[\"https:\/\/amu.pan.pl\/en\/marzena-smol\/\"]}]},{\"@type\":\"BreadcrumbList\",\"@id\":\"https:\/\/amu.pan.pl\/en\/marzena-smol\/#breadcrumb\",\"itemListElement\":[{\"@type\":\"ListItem\",\"position\":1,\"name\":\"Strona g\u0142\u00f3wna\",\"item\":\"https:\/\/amu.pan.pl\/\"},{\"@type\":\"ListItem\",\"position\":2,\"name\":\"Marzena Smol\"}]},{\"@type\":\"WebSite\",\"@id\":\"https:\/\/amu.pan.pl\/#website\",\"url\":\"https:\/\/amu.pan.pl\/\",\"name\":\"Akademia M\u0142odych Uczonych\",\"description\":\"Polska Akademia Nauk\",\"publisher\":{\"@id\":\"https:\/\/amu.pan.pl\/#organization\"},\"potentialAction\":[{\"@type\":\"SearchAction\",\"target\":{\"@type\":\"EntryPoint\",\"urlTemplate\":\"https:\/\/amu.pan.pl\/?s={search_term_string}\"},\"query-input\":{\"@type\":\"PropertyValueSpecification\",\"valueRequired\":true,\"valueName\":\"search_term_string\"}}],\"inLanguage\":\"en-GB\"},{\"@type\":\"Organization\",\"@id\":\"https:\/\/amu.pan.pl\/#organization\",\"name\":\"Akademia M\u0142odych Uczonych\",\"url\":\"https:\/\/amu.pan.pl\/\",\"logo\":{\"@type\":\"ImageObject\",\"inLanguage\":\"en-GB\",\"@id\":\"https:\/\/amu.pan.pl\/#\/schema\/logo\/image\/\",\"url\":\"https:\/\/amu.pan.pl\/wp-content\/uploads\/2020\/08\/zz_amu.png\",\"contentUrl\":\"https:\/\/amu.pan.pl\/wp-content\/uploads\/2020\/08\/zz_amu.png\",\"width\":2794,\"height\":1016,\"caption\":\"Akademia M\u0142odych Uczonych\"},\"image\":{\"@id\":\"https:\/\/amu.pan.pl\/#\/schema\/logo\/image\/\"},\"sameAs\":[\"https:\/\/www.facebook.com\/AkademiaMlodychUczonych\/\",\"https:\/\/x.com\/AMUPAN1\"]}]}<\/script>\n<!-- \/ Yoast SEO plugin. -->","yoast_head_json":{"title":"Marzena Smol - Akademia M\u0142odych Uczonych","robots":{"index":"index","follow":"follow","max-snippet":"max-snippet:-1","max-image-preview":"max-image-preview:large","max-video-preview":"max-video-preview:-1"},"canonical":"https:\/\/amu.pan.pl\/en\/marzena-smol\/","og_locale":"en_GB","og_type":"article","og_title":"Marzena Smol - Akademia M\u0142odych Uczonych","og_description":"Marzena Smol-Aruszanjan","og_url":"https:\/\/amu.pan.pl\/en\/marzena-smol\/","og_site_name":"Akademia M\u0142odych Uczonych","article_publisher":"https:\/\/www.facebook.com\/AkademiaMlodychUczonych\/","article_modified_time":"2023-10-20T07:13:11+00:00","og_image":[{"width":600,"height":342,"url":"https:\/\/amu.pan.pl\/wp-content\/uploads\/2020\/09\/AMU_logo.png","type":"image\/png"}],"twitter_card":"summary_large_image","twitter_site":"@AMUPAN1","twitter_misc":{"Estimated reading time":"2 minutes"},"schema":{"@context":"https:\/\/schema.org","@graph":[{"@type":"WebPage","@id":"https:\/\/amu.pan.pl\/en\/marzena-smol\/","url":"https:\/\/amu.pan.pl\/en\/marzena-smol\/","name":"Marzena Smol - Akademia M\u0142odych Uczonych","isPartOf":{"@id":"https:\/\/amu.pan.pl\/#website"},"datePublished":"2022-02-08T21:09:44+00:00","dateModified":"2023-10-20T07:13:11+00:00","breadcrumb":{"@id":"https:\/\/amu.pan.pl\/en\/marzena-smol\/#breadcrumb"},"inLanguage":"en-GB","potentialAction":[{"@type":"ReadAction","target":["https:\/\/amu.pan.pl\/en\/marzena-smol\/"]}]},{"@type":"BreadcrumbList","@id":"https:\/\/amu.pan.pl\/en\/marzena-smol\/#breadcrumb","itemListElement":[{"@type":"ListItem","position":1,"name":"Strona g\u0142\u00f3wna","item":"https:\/\/amu.pan.pl\/"},{"@type":"ListItem","position":2,"name":"Marzena Smol"}]},{"@type":"WebSite","@id":"https:\/\/amu.pan.pl\/#website","url":"https:\/\/amu.pan.pl\/","name":"Akademia M\u0142odych Uczonych","description":"Polska Akademia Nauk","publisher":{"@id":"https:\/\/amu.pan.pl\/#organization"},"potentialAction":[{"@type":"SearchAction","target":{"@type":"EntryPoint","urlTemplate":"https:\/\/amu.pan.pl\/?s={search_term_string}"},"query-input":{"@type":"PropertyValueSpecification","valueRequired":true,"valueName":"search_term_string"}}],"inLanguage":"en-GB"},{"@type":"Organization","@id":"https:\/\/amu.pan.pl\/#organization","name":"Akademia M\u0142odych Uczonych","url":"https:\/\/amu.pan.pl\/","logo":{"@type":"ImageObject","inLanguage":"en-GB","@id":"https:\/\/amu.pan.pl\/#\/schema\/logo\/image\/","url":"https:\/\/amu.pan.pl\/wp-content\/uploads\/2020\/08\/zz_amu.png","contentUrl":"https:\/\/amu.pan.pl\/wp-content\/uploads\/2020\/08\/zz_amu.png","width":2794,"height":1016,"caption":"Akademia M\u0142odych Uczonych"},"image":{"@id":"https:\/\/amu.pan.pl\/#\/schema\/logo\/image\/"},"sameAs":["https:\/\/www.facebook.com\/AkademiaMlodychUczonych\/","https:\/\/x.com\/AMUPAN1"]}]}},"_links":{"self":[{"href":"https:\/\/amu.pan.pl\/en\/wp-json\/wp\/v2\/pages\/4439","targetHints":{"allow":["GET"]}}],"collection":[{"href":"https:\/\/amu.pan.pl\/en\/wp-json\/wp\/v2\/pages"}],"about":[{"href":"https:\/\/amu.pan.pl\/en\/wp-json\/wp\/v2\/types\/page"}],"author":[{"embeddable":true,"href":"https:\/\/amu.pan.pl\/en\/wp-json\/wp\/v2\/users\/2"}],"replies":[{"embeddable":true,"href":"https:\/\/amu.pan.pl\/en\/wp-json\/wp\/v2\/comments?post=4439"}],"version-history":[{"count":16,"href":"https:\/\/amu.pan.pl\/en\/wp-json\/wp\/v2\/pages\/4439\/revisions"}],"predecessor-version":[{"id":5138,"href":"https:\/\/amu.pan.pl\/en\/wp-json\/wp\/v2\/pages\/4439\/revisions\/5138"}],"wp:attachment":[{"href":"https:\/\/amu.pan.pl\/en\/wp-json\/wp\/v2\/media?parent=4439"}],"curies":[{"name":"wp","href":"https:\/\/api.w.org\/{rel}","templated":true}]}}