{"id":45,"date":"2016-02-25T17:27:42","date_gmt":"2016-02-25T16:27:42","guid":{"rendered":"https:\/\/amu.pan.pl\/test\/2016\/02\/25\/zakres-dzialania-amu\/"},"modified":"2021-12-14T21:23:21","modified_gmt":"2021-12-14T20:23:21","slug":"zakres-dzialania-amu","status":"publish","type":"page","link":"https:\/\/amu.pan.pl\/en\/zakres-dzialania-amu\/","title":{"rendered":"Tasks and legal acts"},"content":{"rendered":"<div data-elementor-type=\"wp-page\" data-elementor-id=\"45\" class=\"elementor elementor-45\">\n\t\t\t\t\t\t<section class=\"elementor-section elementor-top-section elementor-element elementor-element-7d305cc1 elementor-section-boxed elementor-section-height-default elementor-section-height-default\" data-id=\"7d305cc1\" data-element_type=\"section\">\n\t\t\t\t\t\t<div class=\"elementor-container elementor-column-gap-default\">\n\t\t\t\t\t<div class=\"elementor-column elementor-col-100 elementor-top-column elementor-element elementor-element-202d1b40\" data-id=\"202d1b40\" data-element_type=\"column\">\n\t\t\t<div class=\"elementor-widget-wrap elementor-element-populated\">\n\t\t\t\t\t\t<div class=\"elementor-element elementor-element-49384c12 elementor-widget elementor-widget-text-editor\" data-id=\"49384c12\" data-element_type=\"widget\" data-widget_type=\"text-editor.default\">\n\t\t\t\t<div class=\"elementor-widget-container\">\n\t\t\t\t\t\t\t\t\t<p style=\"text-align: justify;\">Polish Young Academy was established by the Act of 30 April 2010 on the Polish Academy of Sciences in order to promote research and development work carried out by outstanding young representatives of Polish science. Members of Polish Young Academy elected by the General Assembly of the Polish Academy of Sciences in the number not exceeding 10 % of the statutory number of national Academy members, at the time of their election may not exceed 38 years of age and must have at least a doctoral degree. The term of office of a member of Polish Young Academy is 5 years, without the possibility of re-election.<\/p><p style=\"text-align: justify;\">The tasks set for Polish Young Academy focus on activities aimed at activating the community of young scientists and mainly include:<\/p><ul><li style=\"text-align: justify;\">presenting opinions and programs concerning science,<\/li><li style=\"text-align: justify;\">organizing debates, discussions, scientific conferences aimed at considering important problems of the represented discipline or related scientific disciplines and disseminating their results,<\/li><li style=\"text-align: justify;\">preparing opinions and scientific assessments regarding the represented discipline or related scientific disciplines,<\/li><li style=\"text-align: justify;\">disseminating ethics standards among young scientists.<\/li><\/ul><h3>\u00a0<\/h3><h3>Legal acts regulating the activities of AMU<\/h3><ul><li>Act on the Polish Academy of Sciences<ul><li>consolidated text (<a href=\"http:\/\/prawo.sejm.gov.pl\/isap.nsf\/DocDetails.xsp?id=WDU20180001475\">Journal of Laws 2018 item 1475<\/a>)<\/li><li>amendment to the act (<a href=\"http:\/\/prawo.sejm.gov.pl\/isap.nsf\/DocDetails.xsp?id=WDU20190002227\" target=\"_blank\" rel=\"noopener noreferrer\">Journal of Laws 2019 item 2227<\/a>)<\/li><\/ul><\/li><li>The statute of the Polish Academy of Sciences<ul><li><a href=\"https:\/\/amu.pan.pl\/statut-pan-o-amu\/\">przepisy dotycz\u0105ce AMU<\/a><\/li><\/ul><\/li><li>AMU Regulations<ul><li><a href=\"https:\/\/amu.pan.pl\/regulamin-amu\/\">Regulamin AMU (uchwalony 22 maja 2020 r.)<\/a><\/li><li><a href=\"https:\/\/amu.pan.pl\/regulamin-udzielania-patronatu\/\">Regulamin udzielania patronatu<\/a><\/li><\/ul><\/li><\/ul>\t\t\t\t\t\t\t\t<\/div>\n\t\t\t\t<\/div>\n\t\t\t\t\t<\/div>\n\t\t<\/div>\n\t\t\t\t\t<\/div>\n\t\t<\/section>\n\t\t\t\t<\/div>","protected":false},"excerpt":{"rendered":"<p>Akademia M\u0142odych Uczonych zosta\u0142a powo\u0142ana Ustaw\u0105 z dnia 30 kwietnia 2010 r. o Polskiej Akademii Nauk w celu promowania bada\u0144 naukowych i prac rozwojowych prowadzonych przez wybitnych m\u0142odych przedstawicieli nauki polskiej. Cz\u0142onkowie Akademii M\u0142odych Uczonych, wybierani przez Zgromadzenie Og\u00f3lne PAN w liczbie nie przekraczaj\u0105cej 10 % ustawowej liczby cz\u0142onk\u00f3w krajowych Akademii, w chwili wyboru nie&hellip;&nbsp;<a href=\"https:\/\/amu.pan.pl\/en\/zakres-dzialania-amu\/\" rel=\"bookmark\">Read More &raquo;<span class=\"screen-reader-text\">Tasks and legal acts<\/span><\/a><\/p>","protected":false},"author":2,"featured_media":0,"parent":0,"menu_order":10,"comment_status":"closed","ping_status":"open","template":"","meta":{"_monsterinsights_skip_tracking":false,"_monsterinsights_sitenote_active":false,"_monsterinsights_sitenote_note":"","_monsterinsights_sitenote_category":0,"neve_meta_sidebar":"","neve_meta_container":"","neve_meta_enable_content_width":"","neve_meta_content_width":0,"neve_meta_title_alignment":"","neve_meta_author_avatar":"","neve_post_elements_order":"","neve_meta_disable_header":"","neve_meta_disable_footer":"","neve_meta_disable_title":"","footnotes":""},"class_list":["post-45","page","type-page","status-publish","hentry"],"yoast_head":"<!-- This site is optimized with the Yoast SEO plugin v25.0 - https:\/\/yoast.com\/wordpress\/plugins\/seo\/ -->\n<title>Zadania i akty prawne - Akademia M\u0142odych Uczonych<\/title>\n<meta name=\"robots\" content=\"index, follow, max-snippet:-1, max-image-preview:large, max-video-preview:-1\" \/>\n<link rel=\"canonical\" href=\"https:\/\/amu.pan.pl\/en\/zakres-dzialania-amu\/\" \/>\n<meta property=\"og:locale\" content=\"en_GB\" \/>\n<meta property=\"og:type\" content=\"article\" \/>\n<meta property=\"og:title\" content=\"Zadania i akty prawne - Akademia M\u0142odych Uczonych\" \/>\n<meta property=\"og:description\" content=\"Akademia M\u0142odych Uczonych zosta\u0142a powo\u0142ana Ustaw\u0105 z dnia 30 kwietnia 2010 r. o Polskiej Akademii Nauk w celu promowania bada\u0144 naukowych i prac rozwojowych prowadzonych przez wybitnych m\u0142odych przedstawicieli nauki polskiej. Cz\u0142onkowie Akademii M\u0142odych Uczonych, wybierani przez Zgromadzenie Og\u00f3lne PAN w liczbie nie przekraczaj\u0105cej 10 % ustawowej liczby cz\u0142onk\u00f3w krajowych Akademii, w chwili wyboru nie&hellip;&nbsp;Read More &raquo;Zadania i akty prawne\" \/>\n<meta property=\"og:url\" content=\"https:\/\/amu.pan.pl\/en\/zakres-dzialania-amu\/\" \/>\n<meta property=\"og:site_name\" content=\"Akademia M\u0142odych Uczonych\" \/>\n<meta property=\"article:publisher\" content=\"https:\/\/www.facebook.com\/AkademiaMlodychUczonych\/\" \/>\n<meta property=\"article:modified_time\" content=\"2021-12-14T20:23:21+00:00\" \/>\n<meta property=\"og:image\" content=\"https:\/\/amu.pan.pl\/wp-content\/uploads\/2020\/09\/AMU_logo.png\" \/>\n\t<meta property=\"og:image:width\" content=\"600\" \/>\n\t<meta property=\"og:image:height\" content=\"342\" \/>\n\t<meta property=\"og:image:type\" content=\"image\/png\" \/>\n<meta name=\"twitter:card\" content=\"summary_large_image\" \/>\n<meta name=\"twitter:site\" content=\"@AMUPAN1\" \/>\n<meta name=\"twitter:label1\" content=\"Estimated reading time\" \/>\n\t<meta name=\"twitter:data1\" content=\"1 minute\" \/>\n<script type=\"application\/ld+json\" class=\"yoast-schema-graph\">{\"@context\":\"https:\/\/schema.org\",\"@graph\":[{\"@type\":\"WebPage\",\"@id\":\"https:\/\/amu.pan.pl\/en\/zakres-dzialania-amu\/\",\"url\":\"https:\/\/amu.pan.pl\/en\/zakres-dzialania-amu\/\",\"name\":\"Zadania i akty prawne - Akademia M\u0142odych Uczonych\",\"isPartOf\":{\"@id\":\"https:\/\/amu.pan.pl\/#website\"},\"datePublished\":\"2016-02-25T16:27:42+00:00\",\"dateModified\":\"2021-12-14T20:23:21+00:00\",\"breadcrumb\":{\"@id\":\"https:\/\/amu.pan.pl\/en\/zakres-dzialania-amu\/#breadcrumb\"},\"inLanguage\":\"en-GB\",\"potentialAction\":[{\"@type\":\"ReadAction\",\"target\":[\"https:\/\/amu.pan.pl\/en\/zakres-dzialania-amu\/\"]}]},{\"@type\":\"BreadcrumbList\",\"@id\":\"https:\/\/amu.pan.pl\/en\/zakres-dzialania-amu\/#breadcrumb\",\"itemListElement\":[{\"@type\":\"ListItem\",\"position\":1,\"name\":\"Strona g\u0142\u00f3wna\",\"item\":\"https:\/\/amu.pan.pl\/\"},{\"@type\":\"ListItem\",\"position\":2,\"name\":\"Zadania i akty prawne\"}]},{\"@type\":\"WebSite\",\"@id\":\"https:\/\/amu.pan.pl\/#website\",\"url\":\"https:\/\/amu.pan.pl\/\",\"name\":\"Akademia M\u0142odych Uczonych\",\"description\":\"Polska Akademia Nauk\",\"publisher\":{\"@id\":\"https:\/\/amu.pan.pl\/#organization\"},\"potentialAction\":[{\"@type\":\"SearchAction\",\"target\":{\"@type\":\"EntryPoint\",\"urlTemplate\":\"https:\/\/amu.pan.pl\/?s={search_term_string}\"},\"query-input\":{\"@type\":\"PropertyValueSpecification\",\"valueRequired\":true,\"valueName\":\"search_term_string\"}}],\"inLanguage\":\"en-GB\"},{\"@type\":\"Organization\",\"@id\":\"https:\/\/amu.pan.pl\/#organization\",\"name\":\"Akademia M\u0142odych Uczonych\",\"url\":\"https:\/\/amu.pan.pl\/\",\"logo\":{\"@type\":\"ImageObject\",\"inLanguage\":\"en-GB\",\"@id\":\"https:\/\/amu.pan.pl\/#\/schema\/logo\/image\/\",\"url\":\"https:\/\/amu.pan.pl\/wp-content\/uploads\/2020\/08\/zz_amu.png\",\"contentUrl\":\"https:\/\/amu.pan.pl\/wp-content\/uploads\/2020\/08\/zz_amu.png\",\"width\":2794,\"height\":1016,\"caption\":\"Akademia M\u0142odych Uczonych\"},\"image\":{\"@id\":\"https:\/\/amu.pan.pl\/#\/schema\/logo\/image\/\"},\"sameAs\":[\"https:\/\/www.facebook.com\/AkademiaMlodychUczonych\/\",\"https:\/\/x.com\/AMUPAN1\"]}]}<\/script>\n<!-- \/ Yoast SEO plugin. -->","yoast_head_json":{"title":"Zadania i akty prawne - Akademia M\u0142odych Uczonych","robots":{"index":"index","follow":"follow","max-snippet":"max-snippet:-1","max-image-preview":"max-image-preview:large","max-video-preview":"max-video-preview:-1"},"canonical":"https:\/\/amu.pan.pl\/en\/zakres-dzialania-amu\/","og_locale":"en_GB","og_type":"article","og_title":"Zadania i akty prawne - Akademia M\u0142odych Uczonych","og_description":"Akademia M\u0142odych Uczonych zosta\u0142a powo\u0142ana Ustaw\u0105 z dnia 30 kwietnia 2010 r. o Polskiej Akademii Nauk w celu promowania bada\u0144 naukowych i prac rozwojowych prowadzonych przez wybitnych m\u0142odych przedstawicieli nauki polskiej. Cz\u0142onkowie Akademii M\u0142odych Uczonych, wybierani przez Zgromadzenie Og\u00f3lne PAN w liczbie nie przekraczaj\u0105cej 10 % ustawowej liczby cz\u0142onk\u00f3w krajowych Akademii, w chwili wyboru nie&hellip;&nbsp;Read More &raquo;Zadania i akty prawne","og_url":"https:\/\/amu.pan.pl\/en\/zakres-dzialania-amu\/","og_site_name":"Akademia M\u0142odych Uczonych","article_publisher":"https:\/\/www.facebook.com\/AkademiaMlodychUczonych\/","article_modified_time":"2021-12-14T20:23:21+00:00","og_image":[{"width":600,"height":342,"url":"https:\/\/amu.pan.pl\/wp-content\/uploads\/2020\/09\/AMU_logo.png","type":"image\/png"}],"twitter_card":"summary_large_image","twitter_site":"@AMUPAN1","twitter_misc":{"Estimated reading time":"1 minute"},"schema":{"@context":"https:\/\/schema.org","@graph":[{"@type":"WebPage","@id":"https:\/\/amu.pan.pl\/en\/zakres-dzialania-amu\/","url":"https:\/\/amu.pan.pl\/en\/zakres-dzialania-amu\/","name":"Zadania i akty prawne - Akademia M\u0142odych Uczonych","isPartOf":{"@id":"https:\/\/amu.pan.pl\/#website"},"datePublished":"2016-02-25T16:27:42+00:00","dateModified":"2021-12-14T20:23:21+00:00","breadcrumb":{"@id":"https:\/\/amu.pan.pl\/en\/zakres-dzialania-amu\/#breadcrumb"},"inLanguage":"en-GB","potentialAction":[{"@type":"ReadAction","target":["https:\/\/amu.pan.pl\/en\/zakres-dzialania-amu\/"]}]},{"@type":"BreadcrumbList","@id":"https:\/\/amu.pan.pl\/en\/zakres-dzialania-amu\/#breadcrumb","itemListElement":[{"@type":"ListItem","position":1,"name":"Strona g\u0142\u00f3wna","item":"https:\/\/amu.pan.pl\/"},{"@type":"ListItem","position":2,"name":"Zadania i akty prawne"}]},{"@type":"WebSite","@id":"https:\/\/amu.pan.pl\/#website","url":"https:\/\/amu.pan.pl\/","name":"Akademia M\u0142odych Uczonych","description":"Polska Akademia Nauk","publisher":{"@id":"https:\/\/amu.pan.pl\/#organization"},"potentialAction":[{"@type":"SearchAction","target":{"@type":"EntryPoint","urlTemplate":"https:\/\/amu.pan.pl\/?s={search_term_string}"},"query-input":{"@type":"PropertyValueSpecification","valueRequired":true,"valueName":"search_term_string"}}],"inLanguage":"en-GB"},{"@type":"Organization","@id":"https:\/\/amu.pan.pl\/#organization","name":"Akademia M\u0142odych Uczonych","url":"https:\/\/amu.pan.pl\/","logo":{"@type":"ImageObject","inLanguage":"en-GB","@id":"https:\/\/amu.pan.pl\/#\/schema\/logo\/image\/","url":"https:\/\/amu.pan.pl\/wp-content\/uploads\/2020\/08\/zz_amu.png","contentUrl":"https:\/\/amu.pan.pl\/wp-content\/uploads\/2020\/08\/zz_amu.png","width":2794,"height":1016,"caption":"Akademia M\u0142odych Uczonych"},"image":{"@id":"https:\/\/amu.pan.pl\/#\/schema\/logo\/image\/"},"sameAs":["https:\/\/www.facebook.com\/AkademiaMlodychUczonych\/","https:\/\/x.com\/AMUPAN1"]}]}},"_links":{"self":[{"href":"https:\/\/amu.pan.pl\/en\/wp-json\/wp\/v2\/pages\/45","targetHints":{"allow":["GET"]}}],"collection":[{"href":"https:\/\/amu.pan.pl\/en\/wp-json\/wp\/v2\/pages"}],"about":[{"href":"https:\/\/amu.pan.pl\/en\/wp-json\/wp\/v2\/types\/page"}],"author":[{"embeddable":true,"href":"https:\/\/amu.pan.pl\/en\/wp-json\/wp\/v2\/users\/2"}],"replies":[{"embeddable":true,"href":"https:\/\/amu.pan.pl\/en\/wp-json\/wp\/v2\/comments?post=45"}],"version-history":[{"count":3,"href":"https:\/\/amu.pan.pl\/en\/wp-json\/wp\/v2\/pages\/45\/revisions"}],"predecessor-version":[{"id":4178,"href":"https:\/\/amu.pan.pl\/en\/wp-json\/wp\/v2\/pages\/45\/revisions\/4178"}],"wp:attachment":[{"href":"https:\/\/amu.pan.pl\/en\/wp-json\/wp\/v2\/media?parent=45"}],"curies":[{"name":"wp","href":"https:\/\/api.w.org\/{rel}","templated":true}]}}