{"id":5,"date":"2018-12-21T11:13:01","date_gmt":"2018-12-21T11:13:01","guid":{"rendered":"http:\/\/amu.pan.pl\/kobietywnauce\/?page_id=5"},"modified":"2018-12-21T11:13:01","modified_gmt":"2018-12-21T11:13:01","slug":"kobiety-w-nauce","status":"publish","type":"page","link":"https:\/\/amu.pan.pl\/en\/kobiety-w-nauce\/","title":{"rendered":"Become a researcher"},"content":{"rendered":"<p>The meeting &quot;Become a researcher&quot; organized by the Academy of Young Scholars on February 16 this year. is aimed at high school students and first-year students. Its purpose is to encourage them to choose a career in science. Although women constitute the majority of people studying in Poland, relatively few of them decide to stay in science, especially in the so-called STEM fields (science, technology, engineering, and mathematics). <b>Therefore, we want to show that being a researcher is a really fantastic job, giving a lot of satisfaction, allowing for continuous development, although not without difficult challenges. <\/b>The occasion to organize this meeting is the International Day of Women and Girls in Science, celebrated annually on February 11.<\/p>\n<p>In the first part of the meeting, recognized researchers representing various fields of knowledge, from the humanities to engineering, will talk about their careers, explain why they decided to study, what difficulties they encountered and how they overcame them, what is their passion in their profession. In the second part of the conference, we will invite participants to the so-called table discussions - participants will be able to talk in small groups with scientists representing their field of interest and learn more about the way of conducting research, the highlights and shadows of scientific work, or seek advice on how to best manage their professional development.<\/p>\n<p><strong>We invite everyone interested on February 16 to the Staszic Palace (ul. Nowy \u015awiat 72) in Warsaw! Participation in the meeting is free of charge.<br \/>\n<\/strong><\/p>\n<p><a href=\"http:\/\/amu.pan.pl\/amu_old\/kobietywnauce\/?page_id=134(otworzy si\u0119 w nowej zak\u0142adce)\" data-wplink-url-error=\"true\">Downloads<\/a><\/p>","protected":false},"excerpt":{"rendered":"<p>Spotkanie \u201cZosta\u0144 badaczk\u0105\u201d organizowane przez Akademi\u0119 M\u0142odych Uczonych 16 lutego br.\u00a0 jest skierowane do licealistek i studentek pierwszych lat studi\u00f3w. Ma ono na celu zach\u0119cenie ich do obrania \u015bcie\u017cki kariery naukowej. Mimo \u017ce kobiety stanowi\u0105 wi\u0119kszo\u015b\u0107 os\u00f3b studiuj\u0105cych w Polsce, to stosunkowo niewiele z nich postanawia pozosta\u0107 w nauce, zw\u0142aszcza w tzw. dziedzinach STEM (science,&hellip;&nbsp;<a href=\"https:\/\/amu.pan.pl\/en\/kobiety-w-nauce\/\" rel=\"bookmark\">Read More &raquo;<span class=\"screen-reader-text\">Become a researcher<\/span><\/a><\/p>","protected":false},"author":2,"featured_media":0,"parent":0,"menu_order":0,"comment_status":"closed","ping_status":"closed","template":"","meta":{"_monsterinsights_skip_tracking":false,"_monsterinsights_sitenote_active":false,"_monsterinsights_sitenote_note":"","_monsterinsights_sitenote_category":0,"neve_meta_sidebar":"","neve_meta_container":"","neve_meta_enable_content_width":"","neve_meta_content_width":0,"neve_meta_title_alignment":"","neve_meta_author_avatar":"","neve_post_elements_order":"","neve_meta_disable_header":"","neve_meta_disable_footer":"","neve_meta_disable_title":"","footnotes":""},"class_list":["post-5","page","type-page","status-publish","hentry"],"yoast_head":"<!-- This site is optimized with the Yoast SEO plugin v25.0 - https:\/\/yoast.com\/wordpress\/plugins\/seo\/ -->\n<title>Zosta\u0144 badaczk\u0105 - Akademia M\u0142odych Uczonych<\/title>\n<meta name=\"robots\" content=\"index, follow, max-snippet:-1, max-image-preview:large, max-video-preview:-1\" \/>\n<link rel=\"canonical\" href=\"https:\/\/amu.pan.pl\/en\/kobiety-w-nauce\/\" \/>\n<meta property=\"og:locale\" content=\"en_GB\" \/>\n<meta property=\"og:type\" content=\"article\" \/>\n<meta property=\"og:title\" content=\"Zosta\u0144 badaczk\u0105 - Akademia M\u0142odych Uczonych\" \/>\n<meta property=\"og:description\" content=\"Spotkanie \u201cZosta\u0144 badaczk\u0105\u201d organizowane przez Akademi\u0119 M\u0142odych Uczonych 16 lutego br.\u00a0 jest skierowane do licealistek i studentek pierwszych lat studi\u00f3w. Ma ono na celu zach\u0119cenie ich do obrania \u015bcie\u017cki kariery naukowej. Mimo \u017ce kobiety stanowi\u0105 wi\u0119kszo\u015b\u0107 os\u00f3b studiuj\u0105cych w Polsce, to stosunkowo niewiele z nich postanawia pozosta\u0107 w nauce, zw\u0142aszcza w tzw. dziedzinach STEM (science,&hellip;&nbsp;Read More &raquo;Zosta\u0144 badaczk\u0105\" \/>\n<meta property=\"og:url\" content=\"https:\/\/amu.pan.pl\/en\/kobiety-w-nauce\/\" \/>\n<meta property=\"og:site_name\" content=\"Akademia M\u0142odych Uczonych\" \/>\n<meta property=\"article:publisher\" content=\"https:\/\/www.facebook.com\/AkademiaMlodychUczonych\/\" \/>\n<meta property=\"og:image\" content=\"https:\/\/amu.pan.pl\/wp-content\/uploads\/2020\/09\/AMU_logo.png\" \/>\n\t<meta property=\"og:image:width\" content=\"600\" \/>\n\t<meta property=\"og:image:height\" content=\"342\" \/>\n\t<meta property=\"og:image:type\" content=\"image\/png\" \/>\n<meta name=\"twitter:card\" content=\"summary_large_image\" \/>\n<meta name=\"twitter:site\" content=\"@AMUPAN1\" \/>\n<meta name=\"twitter:label1\" content=\"Estimated reading time\" \/>\n\t<meta name=\"twitter:data1\" content=\"1 minute\" \/>\n<script type=\"application\/ld+json\" class=\"yoast-schema-graph\">{\"@context\":\"https:\/\/schema.org\",\"@graph\":[{\"@type\":\"WebPage\",\"@id\":\"https:\/\/amu.pan.pl\/kobiety-w-nauce\/\",\"url\":\"https:\/\/amu.pan.pl\/kobiety-w-nauce\/\",\"name\":\"Zosta\u0144 badaczk\u0105 - Akademia M\u0142odych Uczonych\",\"isPartOf\":{\"@id\":\"https:\/\/amu.pan.pl\/#website\"},\"datePublished\":\"2018-12-21T11:13:01+00:00\",\"breadcrumb\":{\"@id\":\"https:\/\/amu.pan.pl\/kobiety-w-nauce\/#breadcrumb\"},\"inLanguage\":\"en-GB\",\"potentialAction\":[{\"@type\":\"ReadAction\",\"target\":[\"https:\/\/amu.pan.pl\/kobiety-w-nauce\/\"]}]},{\"@type\":\"BreadcrumbList\",\"@id\":\"https:\/\/amu.pan.pl\/kobiety-w-nauce\/#breadcrumb\",\"itemListElement\":[{\"@type\":\"ListItem\",\"position\":1,\"name\":\"Strona g\u0142\u00f3wna\",\"item\":\"https:\/\/amu.pan.pl\/\"},{\"@type\":\"ListItem\",\"position\":2,\"name\":\"Zosta\u0144 badaczk\u0105\"}]},{\"@type\":\"WebSite\",\"@id\":\"https:\/\/amu.pan.pl\/#website\",\"url\":\"https:\/\/amu.pan.pl\/\",\"name\":\"Akademia M\u0142odych Uczonych\",\"description\":\"Polska Akademia Nauk\",\"publisher\":{\"@id\":\"https:\/\/amu.pan.pl\/#organization\"},\"potentialAction\":[{\"@type\":\"SearchAction\",\"target\":{\"@type\":\"EntryPoint\",\"urlTemplate\":\"https:\/\/amu.pan.pl\/?s={search_term_string}\"},\"query-input\":{\"@type\":\"PropertyValueSpecification\",\"valueRequired\":true,\"valueName\":\"search_term_string\"}}],\"inLanguage\":\"en-GB\"},{\"@type\":\"Organization\",\"@id\":\"https:\/\/amu.pan.pl\/#organization\",\"name\":\"Akademia M\u0142odych Uczonych\",\"url\":\"https:\/\/amu.pan.pl\/\",\"logo\":{\"@type\":\"ImageObject\",\"inLanguage\":\"en-GB\",\"@id\":\"https:\/\/amu.pan.pl\/#\/schema\/logo\/image\/\",\"url\":\"https:\/\/amu.pan.pl\/wp-content\/uploads\/2020\/08\/zz_amu.png\",\"contentUrl\":\"https:\/\/amu.pan.pl\/wp-content\/uploads\/2020\/08\/zz_amu.png\",\"width\":2794,\"height\":1016,\"caption\":\"Akademia M\u0142odych Uczonych\"},\"image\":{\"@id\":\"https:\/\/amu.pan.pl\/#\/schema\/logo\/image\/\"},\"sameAs\":[\"https:\/\/www.facebook.com\/AkademiaMlodychUczonych\/\",\"https:\/\/x.com\/AMUPAN1\"]}]}<\/script>\n<!-- \/ Yoast SEO plugin. -->","yoast_head_json":{"title":"Zosta\u0144 badaczk\u0105 - Akademia M\u0142odych Uczonych","robots":{"index":"index","follow":"follow","max-snippet":"max-snippet:-1","max-image-preview":"max-image-preview:large","max-video-preview":"max-video-preview:-1"},"canonical":"https:\/\/amu.pan.pl\/en\/kobiety-w-nauce\/","og_locale":"en_GB","og_type":"article","og_title":"Zosta\u0144 badaczk\u0105 - Akademia M\u0142odych Uczonych","og_description":"Spotkanie \u201cZosta\u0144 badaczk\u0105\u201d organizowane przez Akademi\u0119 M\u0142odych Uczonych 16 lutego br.\u00a0 jest skierowane do licealistek i studentek pierwszych lat studi\u00f3w. Ma ono na celu zach\u0119cenie ich do obrania \u015bcie\u017cki kariery naukowej. Mimo \u017ce kobiety stanowi\u0105 wi\u0119kszo\u015b\u0107 os\u00f3b studiuj\u0105cych w Polsce, to stosunkowo niewiele z nich postanawia pozosta\u0107 w nauce, zw\u0142aszcza w tzw. dziedzinach STEM (science,&hellip;&nbsp;Read More &raquo;Zosta\u0144 badaczk\u0105","og_url":"https:\/\/amu.pan.pl\/en\/kobiety-w-nauce\/","og_site_name":"Akademia M\u0142odych Uczonych","article_publisher":"https:\/\/www.facebook.com\/AkademiaMlodychUczonych\/","og_image":[{"width":600,"height":342,"url":"https:\/\/amu.pan.pl\/wp-content\/uploads\/2020\/09\/AMU_logo.png","type":"image\/png"}],"twitter_card":"summary_large_image","twitter_site":"@AMUPAN1","twitter_misc":{"Estimated reading time":"1 minute"},"schema":{"@context":"https:\/\/schema.org","@graph":[{"@type":"WebPage","@id":"https:\/\/amu.pan.pl\/kobiety-w-nauce\/","url":"https:\/\/amu.pan.pl\/kobiety-w-nauce\/","name":"Zosta\u0144 badaczk\u0105 - Akademia M\u0142odych Uczonych","isPartOf":{"@id":"https:\/\/amu.pan.pl\/#website"},"datePublished":"2018-12-21T11:13:01+00:00","breadcrumb":{"@id":"https:\/\/amu.pan.pl\/kobiety-w-nauce\/#breadcrumb"},"inLanguage":"en-GB","potentialAction":[{"@type":"ReadAction","target":["https:\/\/amu.pan.pl\/kobiety-w-nauce\/"]}]},{"@type":"BreadcrumbList","@id":"https:\/\/amu.pan.pl\/kobiety-w-nauce\/#breadcrumb","itemListElement":[{"@type":"ListItem","position":1,"name":"Strona g\u0142\u00f3wna","item":"https:\/\/amu.pan.pl\/"},{"@type":"ListItem","position":2,"name":"Zosta\u0144 badaczk\u0105"}]},{"@type":"WebSite","@id":"https:\/\/amu.pan.pl\/#website","url":"https:\/\/amu.pan.pl\/","name":"Akademia M\u0142odych Uczonych","description":"Polska Akademia Nauk","publisher":{"@id":"https:\/\/amu.pan.pl\/#organization"},"potentialAction":[{"@type":"SearchAction","target":{"@type":"EntryPoint","urlTemplate":"https:\/\/amu.pan.pl\/?s={search_term_string}"},"query-input":{"@type":"PropertyValueSpecification","valueRequired":true,"valueName":"search_term_string"}}],"inLanguage":"en-GB"},{"@type":"Organization","@id":"https:\/\/amu.pan.pl\/#organization","name":"Akademia M\u0142odych Uczonych","url":"https:\/\/amu.pan.pl\/","logo":{"@type":"ImageObject","inLanguage":"en-GB","@id":"https:\/\/amu.pan.pl\/#\/schema\/logo\/image\/","url":"https:\/\/amu.pan.pl\/wp-content\/uploads\/2020\/08\/zz_amu.png","contentUrl":"https:\/\/amu.pan.pl\/wp-content\/uploads\/2020\/08\/zz_amu.png","width":2794,"height":1016,"caption":"Akademia M\u0142odych Uczonych"},"image":{"@id":"https:\/\/amu.pan.pl\/#\/schema\/logo\/image\/"},"sameAs":["https:\/\/www.facebook.com\/AkademiaMlodychUczonych\/","https:\/\/x.com\/AMUPAN1"]}]}},"_links":{"self":[{"href":"https:\/\/amu.pan.pl\/en\/wp-json\/wp\/v2\/pages\/5","targetHints":{"allow":["GET"]}}],"collection":[{"href":"https:\/\/amu.pan.pl\/en\/wp-json\/wp\/v2\/pages"}],"about":[{"href":"https:\/\/amu.pan.pl\/en\/wp-json\/wp\/v2\/types\/page"}],"author":[{"embeddable":true,"href":"https:\/\/amu.pan.pl\/en\/wp-json\/wp\/v2\/users\/2"}],"replies":[{"embeddable":true,"href":"https:\/\/amu.pan.pl\/en\/wp-json\/wp\/v2\/comments?post=5"}],"version-history":[{"count":0,"href":"https:\/\/amu.pan.pl\/en\/wp-json\/wp\/v2\/pages\/5\/revisions"}],"wp:attachment":[{"href":"https:\/\/amu.pan.pl\/en\/wp-json\/wp\/v2\/media?parent=5"}],"curies":[{"name":"wp","href":"https:\/\/api.w.org\/{rel}","templated":true}]}}