{"id":5381,"date":"2024-09-11T12:04:55","date_gmt":"2024-09-11T10:04:55","guid":{"rendered":"https:\/\/amu.pan.pl\/?page_id=5381"},"modified":"2024-09-11T12:25:58","modified_gmt":"2024-09-11T10:25:58","slug":"anna-gorska","status":"publish","type":"page","link":"https:\/\/amu.pan.pl\/en\/anna-gorska\/","title":{"rendered":"Marzena Smol"},"content":{"rendered":"<div data-elementor-type=\"wp-page\" data-elementor-id=\"5381\" class=\"elementor elementor-5381\">\n\t\t\t\t\t\t<section class=\"elementor-section elementor-top-section elementor-element elementor-element-1de5c9d elementor-section-boxed elementor-section-height-default elementor-section-height-default\" data-id=\"1de5c9d\" data-element_type=\"section\">\n\t\t\t\t\t\t<div class=\"elementor-container elementor-column-gap-default\">\n\t\t\t\t\t<div class=\"elementor-column elementor-col-100 elementor-top-column elementor-element elementor-element-8a2f0c3\" data-id=\"8a2f0c3\" data-element_type=\"column\">\n\t\t\t<div class=\"elementor-widget-wrap elementor-element-populated\">\n\t\t\t\t\t\t<div class=\"elementor-element elementor-element-77f2ee0 elementor-widget elementor-widget-heading\" data-id=\"77f2ee0\" data-element_type=\"widget\" data-widget_type=\"heading.default\">\n\t\t\t\t<div class=\"elementor-widget-container\">\n\t\t\t\t\t<h1 class=\"elementor-heading-title elementor-size-default\">Anna M. G\u00f3rska<\/h1>\t\t\t\t<\/div>\n\t\t\t\t<\/div>\n\t\t\t\t\t<\/div>\n\t\t<\/div>\n\t\t\t\t\t<\/div>\n\t\t<\/section>\n\t\t\t\t<section class=\"elementor-section elementor-top-section elementor-element elementor-element-f8697b2 elementor-section-boxed elementor-section-height-default elementor-section-height-default\" data-id=\"f8697b2\" data-element_type=\"section\">\n\t\t\t\t\t\t<div class=\"elementor-container elementor-column-gap-default\">\n\t\t\t\t\t<div class=\"elementor-column elementor-col-100 elementor-top-column elementor-element elementor-element-d5a2162\" data-id=\"d5a2162\" data-element_type=\"column\">\n\t\t\t<div class=\"elementor-widget-wrap elementor-element-populated\">\n\t\t\t\t\t\t<div class=\"elementor-element elementor-element-0f4fb54 elementor-widget elementor-widget-text-editor\" data-id=\"0f4fb54\" data-element_type=\"widget\" data-widget_type=\"text-editor.default\">\n\t\t\t\t<div class=\"elementor-widget-container\">\n\t\t\t\t\t\t\t\t\t<p><a href=\"https:\/\/amu.pan.pl\/thumbnail_image1\/\" rel=\"attachment wp-att-5382\"><img fetchpriority=\"high\" decoding=\"async\" class=\"alignleft size-medium wp-image-5382\" src=\"https:\/\/amu.pan.pl\/wp-content\/uploads\/2024\/09\/thumbnail_image1-200x300.jpg\" alt=\"\" width=\"200\" height=\"300\" srcset=\"https:\/\/amu.pan.pl\/wp-content\/uploads\/2024\/09\/thumbnail_image1-200x300.jpg 200w, https:\/\/amu.pan.pl\/wp-content\/uploads\/2024\/09\/thumbnail_image1-683x1024.jpg 683w, https:\/\/amu.pan.pl\/wp-content\/uploads\/2024\/09\/thumbnail_image1-768x1151.jpg 768w, https:\/\/amu.pan.pl\/wp-content\/uploads\/2024\/09\/thumbnail_image1-8x12.jpg 8w, https:\/\/amu.pan.pl\/wp-content\/uploads\/2024\/09\/thumbnail_image1.jpg 854w\" sizes=\"(max-width: 200px) 100vw, 200px\" \/><\/a>Jest adiunktk\u0105 w Akademii Leona Ko\u017ami\u0144skiego oraz dyrektork\u0105 Centrum Bada\u0144 Kobiet i R\u00f3\u017cnorodno\u015bci w Organizacjach. Specjalizuje si\u0119 w zagadnieniach p\u0142ci i r\u00f3\u017cnorodno\u015bci w organizacjach, ze szczeg\u00f3lnym uwzgl\u0119dnieniem uczelni. Obroni\u0142a prace doktorsk\u0105 w 2020 r. pod opiek\u0105 prof. Grzegorza Mazurka, kt\u00f3ra zosta\u0142a wyr\u00f3\u017cniona w konkursie Komitetu Nauk Organizacji i Zarz\u0105dzania (KNOiZ) PAN.<br \/>Jest laureatk\u0105 stypendium Ministra Nauki dla M\u0142odych Wybitnych Naukowc\u00f3w oraz Fulbrighta, Etiuda (NCN) i NCBiR. Dr G\u00f3rska prowadzi\u0142a oraz bra\u0142a udzia\u0142 w licznych grantach krajowych oraz mi\u0119dzynarodowych finansowanych przez Narodowe Centrum Nauki (Preludium, Etiuda, Sonata, Opus), British Academy, Fundusze Unijne, Fundusze Norweskie, w ramach akcji COST oraz Akademi\u0119 Leona Ko\u017ami\u0144skiego.<br \/>Jest autork\u0105 kilkudziesi\u0119ciu prac naukowych (w tym z listy JCR i ABS), a jej artyku\u0142y by\u0142y publikowane w presti\u017cowych mi\u0119dzynarodowych czasopismach naukowych, takich jak Gender, Work and Organizations, Accounting, Auditing &amp; Accountability Journal, Information &amp; Management. <br \/>Obecnie pe\u0142ni funkcje wsp\u00f3\u0142redaktorki w czasopi\u015bmie Tamara: Journal for Critical Organization Inquiry oraz jest cz\u0142onkini\u0105 Early Career Editorial Board w czasopi\u015bmie Equality, Diversity and Inclusion: An International Journal. <br \/>Mi\u0119dzynarodowe do\u015bwiadczenie zdobywa\u0142a w Columbia Business School w Nowym Jorku i ESCP Business School w Berlinie. Opr\u00f3cz dzia\u0142alno\u015bci badawczej <br \/>i dydaktycznej, w Akademii Leona Ko\u017ami\u0144skiego jest cz\u0142onkini\u0105 biura ds. Wp\u0142ywu, Akredytacji, Ranking\u00f3w i Strategii, ekspertk\u0105 od antydyskryminacji, doradczyni\u0105 Rektora ds. wp\u0142ywu oraz rzeczniczk\u0105 dyscyplinarn\u0105 doktorant\u00f3w.<\/p><p>\u00a0<\/p><p>Dr Anna G\u00f3rska is an assistant professor at Kozminski University and the director of the Center for Women and Diversity Research in Organizations. She specializes in gender and diversity issues in organizations, particularly in academic institutions. She defended her doctoral dissertation in 2020 under the supervision of Prof. Grzegorz Mazurek, and it was awarded a distinction by the Committee on Organization and Management Sciences of the Polish Academy of Sciences (KNOiZ PAN).<br \/>She is a recipient of the Minister of Science Scholarship for Outstanding Young Scientists, as well as Fulbright, Etiuda (NCN), and NCBiR scholarships. Dr. G\u00f3rska has led and participated in numerous national and international grants funded by the National Science Center (Preludium, Etiuda, Sonata, Opus), the British Academy, EU Funds, Norwegian Funds, COST actions, and Kozminski University.<br \/>She is the author of several dozen scientific papers (including those on the JCR and ABS lists), and her articles have been published in prestigious international scientific journals such as Gender, Work and Organization, Accounting, Auditing &amp; Accountability Journal, and Information &amp; Management.<br \/>Currently, she serves as a co-editor for Tamara: Journal for Critical Organization Inquiry and is a member of the Early Career Editorial Board for Equality, Diversity and Inclusion: An International Journal.<br \/>She gained international experience at Columbia Business School in New York and ESCP Business School in Berlin. In addition to her research and teaching activities, at Kozminski University, she is a member of the Office for Impact, Accreditation, Rankings, and Strategy, an expert on anti-discrimination, an advisor to the Rector on impact, and a disciplinary officer for doctoral students.<\/p>\t\t\t\t\t\t\t\t<\/div>\n\t\t\t\t<\/div>\n\t\t\t\t\t<\/div>\n\t\t<\/div>\n\t\t\t\t\t<\/div>\n\t\t<\/section>\n\t\t\t\t<\/div>","protected":false},"excerpt":{"rendered":"<p>Anna M. G\u00f3rska Jest adiunktk\u0105 w Akademii Leona Ko\u017ami\u0144skiego oraz dyrektork\u0105 Centrum Bada\u0144 Kobiet i R\u00f3\u017cnorodno\u015bci w Organizacjach. Specjalizuje si\u0119 w zagadnieniach p\u0142ci i r\u00f3\u017cnorodno\u015bci w organizacjach, ze szczeg\u00f3lnym uwzgl\u0119dnieniem uczelni. Obroni\u0142a prace doktorsk\u0105 w 2020 r. pod opiek\u0105 prof. Grzegorza Mazurka, kt\u00f3ra zosta\u0142a wyr\u00f3\u017cniona w konkursie Komitetu Nauk Organizacji i Zarz\u0105dzania (KNOiZ) PAN.Jest laureatk\u0105&hellip;&nbsp;<a href=\"https:\/\/amu.pan.pl\/en\/anna-gorska\/\" rel=\"bookmark\">Read More &raquo;<span class=\"screen-reader-text\">Marzena Smol<\/span><\/a><\/p>","protected":false},"author":2,"featured_media":0,"parent":0,"menu_order":17,"comment_status":"closed","ping_status":"closed","template":"elementor_header_footer","meta":{"_monsterinsights_skip_tracking":false,"_monsterinsights_sitenote_active":false,"_monsterinsights_sitenote_note":"","_monsterinsights_sitenote_category":0,"neve_meta_sidebar":"","neve_meta_container":"","neve_meta_enable_content_width":"","neve_meta_content_width":0,"neve_meta_title_alignment":"","neve_meta_author_avatar":"","neve_post_elements_order":"","neve_meta_disable_header":"","neve_meta_disable_footer":"","neve_meta_disable_title":"","footnotes":""},"class_list":["post-5381","page","type-page","status-publish","hentry"],"yoast_head":"<!-- This site is optimized with the Yoast SEO plugin v25.0 - https:\/\/yoast.com\/wordpress\/plugins\/seo\/ -->\n<title>Marzena Smol - Akademia M\u0142odych Uczonych<\/title>\n<meta name=\"robots\" content=\"index, follow, max-snippet:-1, max-image-preview:large, max-video-preview:-1\" \/>\n<link rel=\"canonical\" href=\"https:\/\/amu.pan.pl\/en\/anna-gorska\/\" \/>\n<meta property=\"og:locale\" content=\"en_GB\" \/>\n<meta property=\"og:type\" content=\"article\" \/>\n<meta property=\"og:title\" content=\"Marzena Smol - Akademia M\u0142odych Uczonych\" \/>\n<meta property=\"og:description\" content=\"Anna M. G\u00f3rska Jest adiunktk\u0105 w Akademii Leona Ko\u017ami\u0144skiego oraz dyrektork\u0105 Centrum Bada\u0144 Kobiet i R\u00f3\u017cnorodno\u015bci w Organizacjach. Specjalizuje si\u0119 w zagadnieniach p\u0142ci i r\u00f3\u017cnorodno\u015bci w organizacjach, ze szczeg\u00f3lnym uwzgl\u0119dnieniem uczelni. Obroni\u0142a prace doktorsk\u0105 w 2020 r. pod opiek\u0105 prof. Grzegorza Mazurka, kt\u00f3ra zosta\u0142a wyr\u00f3\u017cniona w konkursie Komitetu Nauk Organizacji i Zarz\u0105dzania (KNOiZ) PAN.Jest laureatk\u0105&hellip;&nbsp;Read More &raquo;Marzena Smol\" \/>\n<meta property=\"og:url\" content=\"https:\/\/amu.pan.pl\/en\/anna-gorska\/\" \/>\n<meta property=\"og:site_name\" content=\"Akademia M\u0142odych Uczonych\" \/>\n<meta property=\"article:publisher\" content=\"https:\/\/www.facebook.com\/AkademiaMlodychUczonych\/\" \/>\n<meta property=\"article:modified_time\" content=\"2024-09-11T10:25:58+00:00\" \/>\n<meta property=\"og:image\" content=\"https:\/\/amu.pan.pl\/wp-content\/uploads\/2024\/09\/thumbnail_image1.jpg\" \/>\n\t<meta property=\"og:image:width\" content=\"854\" \/>\n\t<meta property=\"og:image:height\" content=\"1280\" \/>\n\t<meta property=\"og:image:type\" content=\"image\/jpeg\" \/>\n<meta name=\"twitter:card\" content=\"summary_large_image\" \/>\n<meta name=\"twitter:site\" content=\"@AMUPAN1\" \/>\n<meta name=\"twitter:label1\" content=\"Estimated reading time\" \/>\n\t<meta name=\"twitter:data1\" content=\"2 minutes\" \/>\n<script type=\"application\/ld+json\" class=\"yoast-schema-graph\">{\"@context\":\"https:\/\/schema.org\",\"@graph\":[{\"@type\":\"WebPage\",\"@id\":\"https:\/\/amu.pan.pl\/anna-gorska\/\",\"url\":\"https:\/\/amu.pan.pl\/anna-gorska\/\",\"name\":\"Marzena Smol - Akademia M\u0142odych Uczonych\",\"isPartOf\":{\"@id\":\"https:\/\/amu.pan.pl\/#website\"},\"primaryImageOfPage\":{\"@id\":\"https:\/\/amu.pan.pl\/anna-gorska\/#primaryimage\"},\"image\":{\"@id\":\"https:\/\/amu.pan.pl\/anna-gorska\/#primaryimage\"},\"thumbnailUrl\":\"https:\/\/amu.pan.pl\/wp-content\/uploads\/2024\/09\/thumbnail_image1-200x300.jpg\",\"datePublished\":\"2024-09-11T10:04:55+00:00\",\"dateModified\":\"2024-09-11T10:25:58+00:00\",\"breadcrumb\":{\"@id\":\"https:\/\/amu.pan.pl\/anna-gorska\/#breadcrumb\"},\"inLanguage\":\"en-GB\",\"potentialAction\":[{\"@type\":\"ReadAction\",\"target\":[\"https:\/\/amu.pan.pl\/anna-gorska\/\"]}]},{\"@type\":\"ImageObject\",\"inLanguage\":\"en-GB\",\"@id\":\"https:\/\/amu.pan.pl\/anna-gorska\/#primaryimage\",\"url\":\"https:\/\/amu.pan.pl\/wp-content\/uploads\/2024\/09\/thumbnail_image1-200x300.jpg\",\"contentUrl\":\"https:\/\/amu.pan.pl\/wp-content\/uploads\/2024\/09\/thumbnail_image1-200x300.jpg\"},{\"@type\":\"BreadcrumbList\",\"@id\":\"https:\/\/amu.pan.pl\/anna-gorska\/#breadcrumb\",\"itemListElement\":[{\"@type\":\"ListItem\",\"position\":1,\"name\":\"Strona g\u0142\u00f3wna\",\"item\":\"https:\/\/amu.pan.pl\/\"},{\"@type\":\"ListItem\",\"position\":2,\"name\":\"Marzena Smol\"}]},{\"@type\":\"WebSite\",\"@id\":\"https:\/\/amu.pan.pl\/#website\",\"url\":\"https:\/\/amu.pan.pl\/\",\"name\":\"Akademia M\u0142odych Uczonych\",\"description\":\"Polska Akademia Nauk\",\"publisher\":{\"@id\":\"https:\/\/amu.pan.pl\/#organization\"},\"potentialAction\":[{\"@type\":\"SearchAction\",\"target\":{\"@type\":\"EntryPoint\",\"urlTemplate\":\"https:\/\/amu.pan.pl\/?s={search_term_string}\"},\"query-input\":{\"@type\":\"PropertyValueSpecification\",\"valueRequired\":true,\"valueName\":\"search_term_string\"}}],\"inLanguage\":\"en-GB\"},{\"@type\":\"Organization\",\"@id\":\"https:\/\/amu.pan.pl\/#organization\",\"name\":\"Akademia M\u0142odych Uczonych\",\"url\":\"https:\/\/amu.pan.pl\/\",\"logo\":{\"@type\":\"ImageObject\",\"inLanguage\":\"en-GB\",\"@id\":\"https:\/\/amu.pan.pl\/#\/schema\/logo\/image\/\",\"url\":\"https:\/\/amu.pan.pl\/wp-content\/uploads\/2020\/08\/zz_amu.png\",\"contentUrl\":\"https:\/\/amu.pan.pl\/wp-content\/uploads\/2020\/08\/zz_amu.png\",\"width\":2794,\"height\":1016,\"caption\":\"Akademia M\u0142odych Uczonych\"},\"image\":{\"@id\":\"https:\/\/amu.pan.pl\/#\/schema\/logo\/image\/\"},\"sameAs\":[\"https:\/\/www.facebook.com\/AkademiaMlodychUczonych\/\",\"https:\/\/x.com\/AMUPAN1\"]}]}<\/script>\n<!-- \/ Yoast SEO plugin. -->","yoast_head_json":{"title":"Marzena Smol - Akademia M\u0142odych Uczonych","robots":{"index":"index","follow":"follow","max-snippet":"max-snippet:-1","max-image-preview":"max-image-preview:large","max-video-preview":"max-video-preview:-1"},"canonical":"https:\/\/amu.pan.pl\/en\/anna-gorska\/","og_locale":"en_GB","og_type":"article","og_title":"Marzena Smol - Akademia M\u0142odych Uczonych","og_description":"Anna M. G\u00f3rska Jest adiunktk\u0105 w Akademii Leona Ko\u017ami\u0144skiego oraz dyrektork\u0105 Centrum Bada\u0144 Kobiet i R\u00f3\u017cnorodno\u015bci w Organizacjach. Specjalizuje si\u0119 w zagadnieniach p\u0142ci i r\u00f3\u017cnorodno\u015bci w organizacjach, ze szczeg\u00f3lnym uwzgl\u0119dnieniem uczelni. Obroni\u0142a prace doktorsk\u0105 w 2020 r. pod opiek\u0105 prof. Grzegorza Mazurka, kt\u00f3ra zosta\u0142a wyr\u00f3\u017cniona w konkursie Komitetu Nauk Organizacji i Zarz\u0105dzania (KNOiZ) PAN.Jest laureatk\u0105&hellip;&nbsp;Read More &raquo;Marzena Smol","og_url":"https:\/\/amu.pan.pl\/en\/anna-gorska\/","og_site_name":"Akademia M\u0142odych Uczonych","article_publisher":"https:\/\/www.facebook.com\/AkademiaMlodychUczonych\/","article_modified_time":"2024-09-11T10:25:58+00:00","og_image":[{"width":854,"height":1280,"url":"https:\/\/amu.pan.pl\/wp-content\/uploads\/2024\/09\/thumbnail_image1.jpg","type":"image\/jpeg"}],"twitter_card":"summary_large_image","twitter_site":"@AMUPAN1","twitter_misc":{"Estimated reading time":"2 minutes"},"schema":{"@context":"https:\/\/schema.org","@graph":[{"@type":"WebPage","@id":"https:\/\/amu.pan.pl\/anna-gorska\/","url":"https:\/\/amu.pan.pl\/anna-gorska\/","name":"Marzena Smol - Akademia M\u0142odych Uczonych","isPartOf":{"@id":"https:\/\/amu.pan.pl\/#website"},"primaryImageOfPage":{"@id":"https:\/\/amu.pan.pl\/anna-gorska\/#primaryimage"},"image":{"@id":"https:\/\/amu.pan.pl\/anna-gorska\/#primaryimage"},"thumbnailUrl":"https:\/\/amu.pan.pl\/wp-content\/uploads\/2024\/09\/thumbnail_image1-200x300.jpg","datePublished":"2024-09-11T10:04:55+00:00","dateModified":"2024-09-11T10:25:58+00:00","breadcrumb":{"@id":"https:\/\/amu.pan.pl\/anna-gorska\/#breadcrumb"},"inLanguage":"en-GB","potentialAction":[{"@type":"ReadAction","target":["https:\/\/amu.pan.pl\/anna-gorska\/"]}]},{"@type":"ImageObject","inLanguage":"en-GB","@id":"https:\/\/amu.pan.pl\/anna-gorska\/#primaryimage","url":"https:\/\/amu.pan.pl\/wp-content\/uploads\/2024\/09\/thumbnail_image1-200x300.jpg","contentUrl":"https:\/\/amu.pan.pl\/wp-content\/uploads\/2024\/09\/thumbnail_image1-200x300.jpg"},{"@type":"BreadcrumbList","@id":"https:\/\/amu.pan.pl\/anna-gorska\/#breadcrumb","itemListElement":[{"@type":"ListItem","position":1,"name":"Strona g\u0142\u00f3wna","item":"https:\/\/amu.pan.pl\/"},{"@type":"ListItem","position":2,"name":"Marzena Smol"}]},{"@type":"WebSite","@id":"https:\/\/amu.pan.pl\/#website","url":"https:\/\/amu.pan.pl\/","name":"Akademia M\u0142odych Uczonych","description":"Polska Akademia Nauk","publisher":{"@id":"https:\/\/amu.pan.pl\/#organization"},"potentialAction":[{"@type":"SearchAction","target":{"@type":"EntryPoint","urlTemplate":"https:\/\/amu.pan.pl\/?s={search_term_string}"},"query-input":{"@type":"PropertyValueSpecification","valueRequired":true,"valueName":"search_term_string"}}],"inLanguage":"en-GB"},{"@type":"Organization","@id":"https:\/\/amu.pan.pl\/#organization","name":"Akademia M\u0142odych Uczonych","url":"https:\/\/amu.pan.pl\/","logo":{"@type":"ImageObject","inLanguage":"en-GB","@id":"https:\/\/amu.pan.pl\/#\/schema\/logo\/image\/","url":"https:\/\/amu.pan.pl\/wp-content\/uploads\/2020\/08\/zz_amu.png","contentUrl":"https:\/\/amu.pan.pl\/wp-content\/uploads\/2020\/08\/zz_amu.png","width":2794,"height":1016,"caption":"Akademia M\u0142odych Uczonych"},"image":{"@id":"https:\/\/amu.pan.pl\/#\/schema\/logo\/image\/"},"sameAs":["https:\/\/www.facebook.com\/AkademiaMlodychUczonych\/","https:\/\/x.com\/AMUPAN1"]}]}},"_links":{"self":[{"href":"https:\/\/amu.pan.pl\/en\/wp-json\/wp\/v2\/pages\/5381","targetHints":{"allow":["GET"]}}],"collection":[{"href":"https:\/\/amu.pan.pl\/en\/wp-json\/wp\/v2\/pages"}],"about":[{"href":"https:\/\/amu.pan.pl\/en\/wp-json\/wp\/v2\/types\/page"}],"author":[{"embeddable":true,"href":"https:\/\/amu.pan.pl\/en\/wp-json\/wp\/v2\/users\/2"}],"replies":[{"embeddable":true,"href":"https:\/\/amu.pan.pl\/en\/wp-json\/wp\/v2\/comments?post=5381"}],"version-history":[{"count":7,"href":"https:\/\/amu.pan.pl\/en\/wp-json\/wp\/v2\/pages\/5381\/revisions"}],"predecessor-version":[{"id":5394,"href":"https:\/\/amu.pan.pl\/en\/wp-json\/wp\/v2\/pages\/5381\/revisions\/5394"}],"wp:attachment":[{"href":"https:\/\/amu.pan.pl\/en\/wp-json\/wp\/v2\/media?parent=5381"}],"curies":[{"name":"wp","href":"https:\/\/api.w.org\/{rel}","templated":true}]}}