{"id":5395,"date":"2024-09-11T12:34:58","date_gmt":"2024-09-11T10:34:58","guid":{"rendered":"https:\/\/amu.pan.pl\/?page_id=5395"},"modified":"2024-09-11T13:55:43","modified_gmt":"2024-09-11T11:55:43","slug":"dawid-rogacz","status":"publish","type":"page","link":"https:\/\/amu.pan.pl\/en\/dawid-rogacz\/","title":{"rendered":"Dawid Rogacz"},"content":{"rendered":"<div data-elementor-type=\"wp-page\" data-elementor-id=\"5395\" class=\"elementor elementor-5395\">\n\t\t\t\t\t\t<section class=\"elementor-section elementor-top-section elementor-element elementor-element-8af92f7 elementor-section-boxed elementor-section-height-default elementor-section-height-default\" data-id=\"8af92f7\" data-element_type=\"section\">\n\t\t\t\t\t\t<div class=\"elementor-container elementor-column-gap-default\">\n\t\t\t\t\t<div class=\"elementor-column elementor-col-100 elementor-top-column elementor-element elementor-element-a2414f1\" data-id=\"a2414f1\" data-element_type=\"column\">\n\t\t\t<div class=\"elementor-widget-wrap elementor-element-populated\">\n\t\t\t\t\t\t<div class=\"elementor-element elementor-element-4577b1ca elementor-widget elementor-widget-text-editor\" data-id=\"4577b1ca\" data-element_type=\"widget\" data-widget_type=\"text-editor.default\">\n\t\t\t\t<div class=\"elementor-widget-container\">\n\t\t\t\t\t\t\t\t\t<p><a href=\"https:\/\/amu.pan.pl\/dawid-rogacz\/rogacz_amu-fot\/\" rel=\"attachment wp-att-5396\"><img fetchpriority=\"high\" decoding=\"async\" class=\"alignleft size-medium wp-image-5396\" src=\"https:\/\/amu.pan.pl\/wp-content\/uploads\/2024\/09\/Rogacz_AMU-fot-300x292.jpg\" alt=\"\" width=\"300\" height=\"292\" srcset=\"https:\/\/amu.pan.pl\/wp-content\/uploads\/2024\/09\/Rogacz_AMU-fot-300x292.jpg 300w, https:\/\/amu.pan.pl\/wp-content\/uploads\/2024\/09\/Rogacz_AMU-fot-1024x998.jpg 1024w, https:\/\/amu.pan.pl\/wp-content\/uploads\/2024\/09\/Rogacz_AMU-fot-768x748.jpg 768w, https:\/\/amu.pan.pl\/wp-content\/uploads\/2024\/09\/Rogacz_AMU-fot-1536x1496.jpg 1536w, https:\/\/amu.pan.pl\/wp-content\/uploads\/2024\/09\/Rogacz_AMU-fot-12x12.jpg 12w, https:\/\/amu.pan.pl\/wp-content\/uploads\/2024\/09\/Rogacz_AMU-fot.jpg 1554w\" sizes=\"(max-width: 300px) 100vw, 300px\" \/><\/a>Adiunkt w Zak\u0142adzie Historii Filozofii Uniwersytetu im. Adama Mickiewicza w Poznaniu, absolwent filozofii i sinologii tego\u017c uniwersytetu, na kt\u00f3rym obroni\u0142 w 2019 z wyr\u00f3\u017cnieniem rozpraw\u0119 doktorsk\u0105. W oparciu o ni\u0105 powsta\u0142a ksi\u0105\u017cka <em>Chinese Philosophy of History. From Ancient Confucianism to the End of the Eighteenth Century<\/em> (Bloomsbury, 2020) oraz analogiczna monografia polskoj\u0119zyczna (Wydawnictwo Naukowe UAM, 2019), b\u0119d\u0105ca pierwszym studium filozofii dziej\u00f3w i historiografii innych ni\u017c zachodnie.<\/p>\n<p>Autor kilkunastu artyku\u0142\u00f3w naukowych w czo\u0142owych periodykach po\u015bwi\u0119conych filozofii chi\u0144skiej (od staro\u017cytno\u015bci po sino-marksizm), a tak\u017ce filozofii politycznej, teorii historiografii, filozofii religii oraz historii idei. Kierownik grant\u00f3w Narodowego Centrum Nauki (Opus i Preludium), Narodowego Programu Rozwoju Humanistyki Polskiej oraz g\u0142\u00f3wny wykonawca European Research Council Consolidator Project (\u201eNarrative Modes of Historical Discourse in Asia\u201d). Badacz wizytuj\u0105cy uniwersytety w Lejdzie, Pekinie, Tiencinie i Hong Kongu; cz\u0142onek zarz\u0105d\u00f3w Society for Asian and Comparative Philosophy (SACP; za\u0142. 1968) oraz European Association for Chinese Philosophy (EACP), a tak\u017ce rady wydawniczej czasopisma <em>Asian Studies<\/em> (96 percentyl Scopusa) i serii <em>Studies in the History of Political Thought<\/em> wydawnictwa Brill. Recenzent NCN oraz szeregu periodyk\u00f3w i wydawnictw II poziomu. Stypendysta m.in. Ministra Nauki i Szkolnictwa Wy\u017cszego, Fundacji Na Rzecz Nauki Polskiej (START, 2021, z wyr\u00f3\u017cnieniem), Funduszu Rodziny Kulczyk\u00f3w; laureat Young Scholar Award przyznawanych przez wspomniane SACP i EACP (2019) oraz nagr\u00f3d Rektora UAM.<\/p>\n<p>W 2024 Dawid Rogacz oraz prof. Selusi Ambrogio (Uniwersytet w Maceracie, W\u0142ochy) opublikowali nak\u0142adem wydawnictwa Bloomsbury Academic trzytomow\u0105, licz\u0105c\u0105 ok. 1500 stron nowatorsk\u0105 histori\u0119 filozofii chi\u0144skiej, koordynuj\u0105c w tym celu prace zespo\u0142u 75 badaczy z 4 kontynent\u00f3w. Opracowanie to uzupe\u0142nia luki w istniej\u0105cym stanie wiedzy na temat my\u015bli chi\u0144skiej, uwzgl\u0119dniaj\u0105c m.in. staro\u017cytn\u0105 chi\u0144sk\u0105 my\u015bl ekonomiczn\u0105, chi\u0144skie filozofki okresu klasycznego, konfucja\u0144ski utylitaryzm, my\u015bl sino-muzu\u0142ma\u0144sk\u0105, chi\u0144sk\u0105 filozofi\u0119 analityczn\u0105, bioetyk\u0119 chi\u0144sk\u0105 czy filozofi\u0119 mniejszo\u015bci etnicznych ChRL.<\/p>\t\t\t\t\t\t\t\t<\/div>\n\t\t\t\t<\/div>\n\t\t\t\t\t<\/div>\n\t\t<\/div>\n\t\t\t\t\t<\/div>\n\t\t<\/section>\n\t\t\t\t<\/div>","protected":false},"excerpt":{"rendered":"<p>Adiunkt w Zak\u0142adzie Historii Filozofii Uniwersytetu im. Adama Mickiewicza w Poznaniu, absolwent filozofii i sinologii tego\u017c uniwersytetu, na kt\u00f3rym obroni\u0142 w 2019 z wyr\u00f3\u017cnieniem rozpraw\u0119 doktorsk\u0105. W oparciu o ni\u0105 powsta\u0142a ksi\u0105\u017cka Chinese Philosophy of History. From Ancient Confucianism to the End of the Eighteenth Century (Bloomsbury, 2020) oraz analogiczna monografia polskoj\u0119zyczna (Wydawnictwo Naukowe UAM,&hellip;&nbsp;<a href=\"https:\/\/amu.pan.pl\/en\/dawid-rogacz\/\" rel=\"bookmark\">Read More &raquo;<span class=\"screen-reader-text\">Dawid Rogacz<\/span><\/a><\/p>","protected":false},"author":2,"featured_media":0,"parent":0,"menu_order":0,"comment_status":"closed","ping_status":"closed","template":"","meta":{"_monsterinsights_skip_tracking":false,"_monsterinsights_sitenote_active":false,"_monsterinsights_sitenote_note":"","_monsterinsights_sitenote_category":0,"neve_meta_sidebar":"","neve_meta_container":"","neve_meta_enable_content_width":"","neve_meta_content_width":0,"neve_meta_title_alignment":"","neve_meta_author_avatar":"","neve_post_elements_order":"","neve_meta_disable_header":"","neve_meta_disable_footer":"","neve_meta_disable_title":"","footnotes":""},"class_list":["post-5395","page","type-page","status-publish","hentry"],"yoast_head":"<!-- This site is optimized with the Yoast SEO plugin v25.0 - https:\/\/yoast.com\/wordpress\/plugins\/seo\/ -->\n<title>Dawid Rogacz - Akademia M\u0142odych Uczonych<\/title>\n<meta name=\"robots\" content=\"index, follow, max-snippet:-1, max-image-preview:large, max-video-preview:-1\" \/>\n<link rel=\"canonical\" href=\"https:\/\/amu.pan.pl\/en\/dawid-rogacz\/\" \/>\n<meta property=\"og:locale\" content=\"en_GB\" \/>\n<meta property=\"og:type\" content=\"article\" \/>\n<meta property=\"og:title\" content=\"Dawid Rogacz - Akademia M\u0142odych Uczonych\" \/>\n<meta property=\"og:description\" content=\"Adiunkt w Zak\u0142adzie Historii Filozofii Uniwersytetu im. Adama Mickiewicza w Poznaniu, absolwent filozofii i sinologii tego\u017c uniwersytetu, na kt\u00f3rym obroni\u0142 w 2019 z wyr\u00f3\u017cnieniem rozpraw\u0119 doktorsk\u0105. W oparciu o ni\u0105 powsta\u0142a ksi\u0105\u017cka Chinese Philosophy of History. From Ancient Confucianism to the End of the Eighteenth Century (Bloomsbury, 2020) oraz analogiczna monografia polskoj\u0119zyczna (Wydawnictwo Naukowe UAM,&hellip;&nbsp;Read More &raquo;Dawid Rogacz\" \/>\n<meta property=\"og:url\" content=\"https:\/\/amu.pan.pl\/en\/dawid-rogacz\/\" \/>\n<meta property=\"og:site_name\" content=\"Akademia M\u0142odych Uczonych\" \/>\n<meta property=\"article:publisher\" content=\"https:\/\/www.facebook.com\/AkademiaMlodychUczonych\/\" \/>\n<meta property=\"article:modified_time\" content=\"2024-09-11T11:55:43+00:00\" \/>\n<meta property=\"og:image\" content=\"https:\/\/amu.pan.pl\/wp-content\/uploads\/2024\/09\/Rogacz_AMU-fot.jpg\" \/>\n\t<meta property=\"og:image:width\" content=\"1554\" \/>\n\t<meta property=\"og:image:height\" content=\"1514\" \/>\n\t<meta property=\"og:image:type\" content=\"image\/jpeg\" \/>\n<meta name=\"twitter:card\" content=\"summary_large_image\" \/>\n<meta name=\"twitter:site\" content=\"@AMUPAN1\" \/>\n<meta name=\"twitter:label1\" content=\"Estimated reading time\" \/>\n\t<meta name=\"twitter:data1\" content=\"2 minutes\" \/>\n<script type=\"application\/ld+json\" class=\"yoast-schema-graph\">{\"@context\":\"https:\/\/schema.org\",\"@graph\":[{\"@type\":\"WebPage\",\"@id\":\"https:\/\/amu.pan.pl\/dawid-rogacz\/\",\"url\":\"https:\/\/amu.pan.pl\/dawid-rogacz\/\",\"name\":\"Dawid Rogacz - Akademia M\u0142odych Uczonych\",\"isPartOf\":{\"@id\":\"https:\/\/amu.pan.pl\/#website\"},\"primaryImageOfPage\":{\"@id\":\"https:\/\/amu.pan.pl\/dawid-rogacz\/#primaryimage\"},\"image\":{\"@id\":\"https:\/\/amu.pan.pl\/dawid-rogacz\/#primaryimage\"},\"thumbnailUrl\":\"https:\/\/amu.pan.pl\/wp-content\/uploads\/2024\/09\/Rogacz_AMU-fot-300x292.jpg\",\"datePublished\":\"2024-09-11T10:34:58+00:00\",\"dateModified\":\"2024-09-11T11:55:43+00:00\",\"breadcrumb\":{\"@id\":\"https:\/\/amu.pan.pl\/dawid-rogacz\/#breadcrumb\"},\"inLanguage\":\"en-GB\",\"potentialAction\":[{\"@type\":\"ReadAction\",\"target\":[\"https:\/\/amu.pan.pl\/dawid-rogacz\/\"]}]},{\"@type\":\"ImageObject\",\"inLanguage\":\"en-GB\",\"@id\":\"https:\/\/amu.pan.pl\/dawid-rogacz\/#primaryimage\",\"url\":\"https:\/\/amu.pan.pl\/wp-content\/uploads\/2024\/09\/Rogacz_AMU-fot-300x292.jpg\",\"contentUrl\":\"https:\/\/amu.pan.pl\/wp-content\/uploads\/2024\/09\/Rogacz_AMU-fot-300x292.jpg\"},{\"@type\":\"BreadcrumbList\",\"@id\":\"https:\/\/amu.pan.pl\/dawid-rogacz\/#breadcrumb\",\"itemListElement\":[{\"@type\":\"ListItem\",\"position\":1,\"name\":\"Strona g\u0142\u00f3wna\",\"item\":\"https:\/\/amu.pan.pl\/\"},{\"@type\":\"ListItem\",\"position\":2,\"name\":\"Dawid Rogacz\"}]},{\"@type\":\"WebSite\",\"@id\":\"https:\/\/amu.pan.pl\/#website\",\"url\":\"https:\/\/amu.pan.pl\/\",\"name\":\"Akademia M\u0142odych Uczonych\",\"description\":\"Polska Akademia Nauk\",\"publisher\":{\"@id\":\"https:\/\/amu.pan.pl\/#organization\"},\"potentialAction\":[{\"@type\":\"SearchAction\",\"target\":{\"@type\":\"EntryPoint\",\"urlTemplate\":\"https:\/\/amu.pan.pl\/?s={search_term_string}\"},\"query-input\":{\"@type\":\"PropertyValueSpecification\",\"valueRequired\":true,\"valueName\":\"search_term_string\"}}],\"inLanguage\":\"en-GB\"},{\"@type\":\"Organization\",\"@id\":\"https:\/\/amu.pan.pl\/#organization\",\"name\":\"Akademia M\u0142odych Uczonych\",\"url\":\"https:\/\/amu.pan.pl\/\",\"logo\":{\"@type\":\"ImageObject\",\"inLanguage\":\"en-GB\",\"@id\":\"https:\/\/amu.pan.pl\/#\/schema\/logo\/image\/\",\"url\":\"https:\/\/amu.pan.pl\/wp-content\/uploads\/2020\/08\/zz_amu.png\",\"contentUrl\":\"https:\/\/amu.pan.pl\/wp-content\/uploads\/2020\/08\/zz_amu.png\",\"width\":2794,\"height\":1016,\"caption\":\"Akademia M\u0142odych Uczonych\"},\"image\":{\"@id\":\"https:\/\/amu.pan.pl\/#\/schema\/logo\/image\/\"},\"sameAs\":[\"https:\/\/www.facebook.com\/AkademiaMlodychUczonych\/\",\"https:\/\/x.com\/AMUPAN1\"]}]}<\/script>\n<!-- \/ Yoast SEO plugin. -->","yoast_head_json":{"title":"Dawid Rogacz - Akademia M\u0142odych Uczonych","robots":{"index":"index","follow":"follow","max-snippet":"max-snippet:-1","max-image-preview":"max-image-preview:large","max-video-preview":"max-video-preview:-1"},"canonical":"https:\/\/amu.pan.pl\/en\/dawid-rogacz\/","og_locale":"en_GB","og_type":"article","og_title":"Dawid Rogacz - Akademia M\u0142odych Uczonych","og_description":"Adiunkt w Zak\u0142adzie Historii Filozofii Uniwersytetu im. Adama Mickiewicza w Poznaniu, absolwent filozofii i sinologii tego\u017c uniwersytetu, na kt\u00f3rym obroni\u0142 w 2019 z wyr\u00f3\u017cnieniem rozpraw\u0119 doktorsk\u0105. W oparciu o ni\u0105 powsta\u0142a ksi\u0105\u017cka Chinese Philosophy of History. From Ancient Confucianism to the End of the Eighteenth Century (Bloomsbury, 2020) oraz analogiczna monografia polskoj\u0119zyczna (Wydawnictwo Naukowe UAM,&hellip;&nbsp;Read More &raquo;Dawid Rogacz","og_url":"https:\/\/amu.pan.pl\/en\/dawid-rogacz\/","og_site_name":"Akademia M\u0142odych Uczonych","article_publisher":"https:\/\/www.facebook.com\/AkademiaMlodychUczonych\/","article_modified_time":"2024-09-11T11:55:43+00:00","og_image":[{"width":1554,"height":1514,"url":"https:\/\/amu.pan.pl\/wp-content\/uploads\/2024\/09\/Rogacz_AMU-fot.jpg","type":"image\/jpeg"}],"twitter_card":"summary_large_image","twitter_site":"@AMUPAN1","twitter_misc":{"Estimated reading time":"2 minutes"},"schema":{"@context":"https:\/\/schema.org","@graph":[{"@type":"WebPage","@id":"https:\/\/amu.pan.pl\/dawid-rogacz\/","url":"https:\/\/amu.pan.pl\/dawid-rogacz\/","name":"Dawid Rogacz - Akademia M\u0142odych Uczonych","isPartOf":{"@id":"https:\/\/amu.pan.pl\/#website"},"primaryImageOfPage":{"@id":"https:\/\/amu.pan.pl\/dawid-rogacz\/#primaryimage"},"image":{"@id":"https:\/\/amu.pan.pl\/dawid-rogacz\/#primaryimage"},"thumbnailUrl":"https:\/\/amu.pan.pl\/wp-content\/uploads\/2024\/09\/Rogacz_AMU-fot-300x292.jpg","datePublished":"2024-09-11T10:34:58+00:00","dateModified":"2024-09-11T11:55:43+00:00","breadcrumb":{"@id":"https:\/\/amu.pan.pl\/dawid-rogacz\/#breadcrumb"},"inLanguage":"en-GB","potentialAction":[{"@type":"ReadAction","target":["https:\/\/amu.pan.pl\/dawid-rogacz\/"]}]},{"@type":"ImageObject","inLanguage":"en-GB","@id":"https:\/\/amu.pan.pl\/dawid-rogacz\/#primaryimage","url":"https:\/\/amu.pan.pl\/wp-content\/uploads\/2024\/09\/Rogacz_AMU-fot-300x292.jpg","contentUrl":"https:\/\/amu.pan.pl\/wp-content\/uploads\/2024\/09\/Rogacz_AMU-fot-300x292.jpg"},{"@type":"BreadcrumbList","@id":"https:\/\/amu.pan.pl\/dawid-rogacz\/#breadcrumb","itemListElement":[{"@type":"ListItem","position":1,"name":"Strona g\u0142\u00f3wna","item":"https:\/\/amu.pan.pl\/"},{"@type":"ListItem","position":2,"name":"Dawid Rogacz"}]},{"@type":"WebSite","@id":"https:\/\/amu.pan.pl\/#website","url":"https:\/\/amu.pan.pl\/","name":"Akademia M\u0142odych Uczonych","description":"Polska Akademia Nauk","publisher":{"@id":"https:\/\/amu.pan.pl\/#organization"},"potentialAction":[{"@type":"SearchAction","target":{"@type":"EntryPoint","urlTemplate":"https:\/\/amu.pan.pl\/?s={search_term_string}"},"query-input":{"@type":"PropertyValueSpecification","valueRequired":true,"valueName":"search_term_string"}}],"inLanguage":"en-GB"},{"@type":"Organization","@id":"https:\/\/amu.pan.pl\/#organization","name":"Akademia M\u0142odych Uczonych","url":"https:\/\/amu.pan.pl\/","logo":{"@type":"ImageObject","inLanguage":"en-GB","@id":"https:\/\/amu.pan.pl\/#\/schema\/logo\/image\/","url":"https:\/\/amu.pan.pl\/wp-content\/uploads\/2020\/08\/zz_amu.png","contentUrl":"https:\/\/amu.pan.pl\/wp-content\/uploads\/2020\/08\/zz_amu.png","width":2794,"height":1016,"caption":"Akademia M\u0142odych Uczonych"},"image":{"@id":"https:\/\/amu.pan.pl\/#\/schema\/logo\/image\/"},"sameAs":["https:\/\/www.facebook.com\/AkademiaMlodychUczonych\/","https:\/\/x.com\/AMUPAN1"]}]}},"_links":{"self":[{"href":"https:\/\/amu.pan.pl\/en\/wp-json\/wp\/v2\/pages\/5395","targetHints":{"allow":["GET"]}}],"collection":[{"href":"https:\/\/amu.pan.pl\/en\/wp-json\/wp\/v2\/pages"}],"about":[{"href":"https:\/\/amu.pan.pl\/en\/wp-json\/wp\/v2\/types\/page"}],"author":[{"embeddable":true,"href":"https:\/\/amu.pan.pl\/en\/wp-json\/wp\/v2\/users\/2"}],"replies":[{"embeddable":true,"href":"https:\/\/amu.pan.pl\/en\/wp-json\/wp\/v2\/comments?post=5395"}],"version-history":[{"count":10,"href":"https:\/\/amu.pan.pl\/en\/wp-json\/wp\/v2\/pages\/5395\/revisions"}],"predecessor-version":[{"id":5410,"href":"https:\/\/amu.pan.pl\/en\/wp-json\/wp\/v2\/pages\/5395\/revisions\/5410"}],"wp:attachment":[{"href":"https:\/\/amu.pan.pl\/en\/wp-json\/wp\/v2\/media?parent=5395"}],"curies":[{"name":"wp","href":"https:\/\/api.w.org\/{rel}","templated":true}]}}