{"id":5413,"date":"2024-09-11T13:56:41","date_gmt":"2024-09-11T11:56:41","guid":{"rendered":"https:\/\/amu.pan.pl\/?page_id=5413"},"modified":"2025-10-20T09:43:31","modified_gmt":"2025-10-20T07:43:31","slug":"bartosz-wolodkiewicz","status":"publish","type":"page","link":"https:\/\/amu.pan.pl\/en\/bartosz-wolodkiewicz\/","title":{"rendered":"Bartosz Wo\u0142odkiewicz"},"content":{"rendered":"<div data-elementor-type=\"wp-page\" data-elementor-id=\"5413\" class=\"elementor elementor-5413\">\n\t\t\t\t\t\t<section class=\"elementor-section elementor-top-section elementor-element elementor-element-6d9c466 elementor-section-boxed elementor-section-height-default elementor-section-height-default\" data-id=\"6d9c466\" data-element_type=\"section\">\n\t\t\t\t\t\t<div class=\"elementor-container elementor-column-gap-default\">\n\t\t\t\t\t<div class=\"elementor-column elementor-col-100 elementor-top-column elementor-element elementor-element-f92021a\" data-id=\"f92021a\" data-element_type=\"column\">\n\t\t\t<div class=\"elementor-widget-wrap elementor-element-populated\">\n\t\t\t\t\t\t<div class=\"elementor-element elementor-element-625d45e elementor-widget elementor-widget-heading\" data-id=\"625d45e\" data-element_type=\"widget\" data-widget_type=\"heading.default\">\n\t\t\t\t<div class=\"elementor-widget-container\">\n\t\t\t\t\t<h1 class=\"elementor-heading-title elementor-size-default\">Bartosz Wo\u0142odkiewicz<\/h1>\t\t\t\t<\/div>\n\t\t\t\t<\/div>\n\t\t\t\t\t<\/div>\n\t\t<\/div>\n\t\t\t\t\t<\/div>\n\t\t<\/section>\n\t\t\t\t<section class=\"elementor-section elementor-top-section elementor-element elementor-element-5d74658 elementor-section-boxed elementor-section-height-default elementor-section-height-default\" data-id=\"5d74658\" data-element_type=\"section\">\n\t\t\t\t\t\t<div class=\"elementor-container elementor-column-gap-default\">\n\t\t\t\t\t<div class=\"elementor-column elementor-col-100 elementor-top-column elementor-element elementor-element-c763eff\" data-id=\"c763eff\" data-element_type=\"column\">\n\t\t\t<div class=\"elementor-widget-wrap elementor-element-populated\">\n\t\t\t\t\t\t<div class=\"elementor-element elementor-element-026ed44 elementor-widget elementor-widget-text-editor\" data-id=\"026ed44\" data-element_type=\"widget\" data-widget_type=\"text-editor.default\">\n\t\t\t\t<div class=\"elementor-widget-container\">\n\t\t\t\t\t\t\t\t\t<p><a href=\"https:\/\/amu.pan.pl\/o-nas\/sklad-amu\/b-wolodkiewicz-amu-photo\/\" rel=\"attachment wp-att-5411\"><img fetchpriority=\"high\" decoding=\"async\" class=\"alignleft wp-image-5411 size-medium\" src=\"https:\/\/amu.pan.pl\/wp-content\/uploads\/2024\/09\/B.Wolodkiewicz-AMU-photo-200x300.jpg\" alt=\"\" width=\"200\" height=\"300\" srcset=\"https:\/\/amu.pan.pl\/wp-content\/uploads\/2024\/09\/B.Wolodkiewicz-AMU-photo-200x300.jpg 200w, https:\/\/amu.pan.pl\/wp-content\/uploads\/2024\/09\/B.Wolodkiewicz-AMU-photo-8x12.jpg 8w, https:\/\/amu.pan.pl\/wp-content\/uploads\/2024\/09\/B.Wolodkiewicz-AMU-photo.jpg 667w\" sizes=\"(max-width: 200px) 100vw, 200px\" \/><\/a><\/p><p><strong>PL<\/strong><\/p><p>Adiunkt w Katedrze Post\u0119powania Cywilnego na Wydziale Prawa i Administracji Uniwersytetu Warszawskiego. Jest absolwentem prawa i filozofii w ramach Kolegium Mi\u0119dzydziedzinowych Indywidualnych Studi\u00f3w Humanistycznych i Spo\u0142ecznych na Uniwersytecie Warszawskim. Stopie\u0144 doktora nauk prawnych uzyska\u0142 z wyr\u00f3\u017cnieniem w roku 2019, a w roku 2025 stopie\u0144 doktora habilitowanego. Osi\u0105gni\u0119cie naukowe, b\u0119d\u0105ce podstaw\u0105 nadania stopnia, zosta\u0142o wyr\u00f3\u017cnione przez nadaj\u0105c\u0105 stopie\u0144 Rad\u0119 Naukow\u0105 Dyscypliny Nauki Prawne Uniwersytetu Warszawskiego. W roku 2024 otrzyma\u0142 stypendium Ministra Nauki i Szkolnictwa Wy\u017cszego dla wybitnych m\u0142odych naukowc\u00f3w.<\/p><p>By\u0142 profesorem wizytuj\u0105cym na Universit\u00e0 degli Studi di Milano Statale. Odby\u0142 sta\u017ce naukowe w Max Planck Institute for International, European and Regulatory Procedural Law w Luksemburgu oraz w Max Planck Institute for Comparative and International Private Law w Hamburgu.<\/p><p>Jego zainteresowania naukowe obejmuj\u0105 prawo post\u0119powania cywilnego, ze szczeg\u00f3lnym uwzgl\u0119dnieniem problematyki mi\u0119dzynarodowego i europejskiego prawa procesowego oraz por\u00f3wnawczego prawa procesowego cywilnego, a tak\u017ce prawo prywatne mi\u0119dzynarodowe.<\/p><p>Jest r\u00f3wnie\u017c radc\u0105 prawnym, cz\u0142onkiem Krajowej Rady Radc\u00f3w Prawnych i Rady Okr\u0119gowej Izby Radc\u00f3w Prawnych w Warszawie. W kwietniu 2024 r. zosta\u0142 powo\u0142any przez Prezesa Rady Ministr\u00f3w w sk\u0142ad Komisji Kodyfikacyjnej Ustroju S\u0105downictwa i Prokuratury.<br \/>Wykaz publikacji dost\u0119pny na stronie\u00a0<a href=\"https:\/\/orcid.org\/0000-0002-3571-4615\">https:\/\/orcid.org\/0000-0002-3571-4615<\/a><\/p><p>\u00a0<\/p><p><strong>ENG<\/strong><br \/>Assistant Professor at the Department of Civil Procedure at the Faculty of Law and Administration of the University of Warsaw. A graduate of Law and Philosophy at the College of Inter-area Individual Studies in the Humanities and Social Sciences at the University of Warsaw. Dr hab. Wo\u0142odkiewicz was awarded a PhD in Law summa cum laude in 2019, and a habilitation degree in 2025. The scientific achievement that formed the basis for the habitation degree&#8217;s conferral was distinguished by the Scientific Council of the Legal Sciences Discipline at the University of Warsaw, the body that awarded the degree. \u00a0In 2024, Dr. hab. Wo\u0142odkiewicz was awarded the Minister of Science and Higher Education\u2019s Scholarship for outstanding young scholars.<\/p><p>Dr hab. Wo\u0142odkiewicz was a visiting professor at the Universit\u00e0 degli Studi di Milano Statale and visiting scholar at the Max Planck Institute for International, European and Regulatory Procedural Law in Luxembourg and at the Max Planck Institute for Comparative and International Private Law in Hamburg.<\/p><p>His research interests include the law of civil procedure, with a particular focus on international and European procedural law and comparative civil procedure, as well as private international law.<\/p><p>Dr. hab. Wo\u0142odkiewicz is also an attorney-at law, a member of the National Bar Council of Attorneys-at Law and of the Board of the Warsaw Bar Association of Attorneys-at-Law.<br \/>In April 2024 dr. Wo\u0142odkiewicz was appointed by the Prime Minister to the Commission for the Codification of the System of Judiciary and Public Prosecution.<br \/>List of publications available at\u00a0<a href=\"https:\/\/orcid.org\/0000-0002-3571-461\">https:\/\/orcid.org\/0000-0002-3571-461<\/a><\/p><p>\u00a0<\/p>\t\t\t\t\t\t\t\t<\/div>\n\t\t\t\t<\/div>\n\t\t\t\t\t<\/div>\n\t\t<\/div>\n\t\t\t\t\t<\/div>\n\t\t<\/section>\n\t\t\t\t<\/div>","protected":false},"excerpt":{"rendered":"<p>Bartosz Wo\u0142odkiewicz PL Adiunkt w Katedrze Post\u0119powania Cywilnego na Wydziale Prawa i Administracji Uniwersytetu Warszawskiego. Jest absolwentem prawa i filozofii w ramach Kolegium Mi\u0119dzydziedzinowych Indywidualnych Studi\u00f3w Humanistycznych i Spo\u0142ecznych na Uniwersytecie Warszawskim. Stopie\u0144 doktora nauk prawnych uzyska\u0142 z wyr\u00f3\u017cnieniem w roku 2019, a w roku 2025 stopie\u0144 doktora habilitowanego. Osi\u0105gni\u0119cie naukowe, b\u0119d\u0105ce podstaw\u0105 nadania stopnia,&hellip;&nbsp;<a href=\"https:\/\/amu.pan.pl\/en\/bartosz-wolodkiewicz\/\" rel=\"bookmark\">Read More &raquo;<span class=\"screen-reader-text\">Bartosz Wo\u0142odkiewicz<\/span><\/a><\/p>","protected":false},"author":2,"featured_media":0,"parent":0,"menu_order":0,"comment_status":"closed","ping_status":"closed","template":"page-templates\/template-pagebuilder-full-width.php","meta":{"_monsterinsights_skip_tracking":false,"_monsterinsights_sitenote_active":false,"_monsterinsights_sitenote_note":"","_monsterinsights_sitenote_category":0,"neve_meta_sidebar":"","neve_meta_container":"","neve_meta_enable_content_width":"","neve_meta_content_width":0,"neve_meta_title_alignment":"","neve_meta_author_avatar":"","neve_post_elements_order":"","neve_meta_disable_header":"","neve_meta_disable_footer":"","neve_meta_disable_title":"","footnotes":""},"class_list":["post-5413","page","type-page","status-publish","hentry"],"yoast_head":"<!-- This site is optimized with the Yoast SEO plugin v25.0 - https:\/\/yoast.com\/wordpress\/plugins\/seo\/ -->\n<title>Bartosz Wo\u0142odkiewicz - Akademia M\u0142odych Uczonych<\/title>\n<meta name=\"robots\" content=\"index, follow, max-snippet:-1, max-image-preview:large, max-video-preview:-1\" \/>\n<link rel=\"canonical\" href=\"https:\/\/amu.pan.pl\/en\/bartosz-wolodkiewicz\/\" \/>\n<meta property=\"og:locale\" content=\"en_GB\" \/>\n<meta property=\"og:type\" content=\"article\" \/>\n<meta property=\"og:title\" content=\"Bartosz Wo\u0142odkiewicz - Akademia M\u0142odych Uczonych\" \/>\n<meta property=\"og:description\" content=\"Bartosz Wo\u0142odkiewicz PL Adiunkt w Katedrze Post\u0119powania Cywilnego na Wydziale Prawa i Administracji Uniwersytetu Warszawskiego. Jest absolwentem prawa i filozofii w ramach Kolegium Mi\u0119dzydziedzinowych Indywidualnych Studi\u00f3w Humanistycznych i Spo\u0142ecznych na Uniwersytecie Warszawskim. Stopie\u0144 doktora nauk prawnych uzyska\u0142 z wyr\u00f3\u017cnieniem w roku 2019, a w roku 2025 stopie\u0144 doktora habilitowanego. Osi\u0105gni\u0119cie naukowe, b\u0119d\u0105ce podstaw\u0105 nadania stopnia,&hellip;&nbsp;Read More &raquo;Bartosz Wo\u0142odkiewicz\" \/>\n<meta property=\"og:url\" content=\"https:\/\/amu.pan.pl\/en\/bartosz-wolodkiewicz\/\" \/>\n<meta property=\"og:site_name\" content=\"Akademia M\u0142odych Uczonych\" \/>\n<meta property=\"article:publisher\" content=\"https:\/\/www.facebook.com\/AkademiaMlodychUczonych\/\" \/>\n<meta property=\"article:modified_time\" content=\"2025-10-20T07:43:31+00:00\" \/>\n<meta property=\"og:image\" content=\"https:\/\/amu.pan.pl\/wp-content\/uploads\/2024\/09\/B.Wolodkiewicz-AMU-photo.jpg\" \/>\n\t<meta property=\"og:image:width\" content=\"667\" \/>\n\t<meta property=\"og:image:height\" content=\"1000\" \/>\n\t<meta property=\"og:image:type\" content=\"image\/jpeg\" \/>\n<meta name=\"twitter:card\" content=\"summary_large_image\" \/>\n<meta name=\"twitter:site\" content=\"@AMUPAN1\" \/>\n<meta name=\"twitter:label1\" content=\"Estimated reading time\" \/>\n\t<meta name=\"twitter:data1\" content=\"3 minutes\" \/>\n<script type=\"application\/ld+json\" class=\"yoast-schema-graph\">{\"@context\":\"https:\/\/schema.org\",\"@graph\":[{\"@type\":\"WebPage\",\"@id\":\"https:\/\/amu.pan.pl\/bartosz-wolodkiewicz\/\",\"url\":\"https:\/\/amu.pan.pl\/bartosz-wolodkiewicz\/\",\"name\":\"Bartosz Wo\u0142odkiewicz - Akademia M\u0142odych Uczonych\",\"isPartOf\":{\"@id\":\"https:\/\/amu.pan.pl\/#website\"},\"primaryImageOfPage\":{\"@id\":\"https:\/\/amu.pan.pl\/bartosz-wolodkiewicz\/#primaryimage\"},\"image\":{\"@id\":\"https:\/\/amu.pan.pl\/bartosz-wolodkiewicz\/#primaryimage\"},\"thumbnailUrl\":\"https:\/\/amu.pan.pl\/wp-content\/uploads\/2024\/09\/B.Wolodkiewicz-AMU-photo-200x300.jpg\",\"datePublished\":\"2024-09-11T11:56:41+00:00\",\"dateModified\":\"2025-10-20T07:43:31+00:00\",\"breadcrumb\":{\"@id\":\"https:\/\/amu.pan.pl\/bartosz-wolodkiewicz\/#breadcrumb\"},\"inLanguage\":\"en-GB\",\"potentialAction\":[{\"@type\":\"ReadAction\",\"target\":[\"https:\/\/amu.pan.pl\/bartosz-wolodkiewicz\/\"]}]},{\"@type\":\"ImageObject\",\"inLanguage\":\"en-GB\",\"@id\":\"https:\/\/amu.pan.pl\/bartosz-wolodkiewicz\/#primaryimage\",\"url\":\"https:\/\/amu.pan.pl\/wp-content\/uploads\/2024\/09\/B.Wolodkiewicz-AMU-photo-200x300.jpg\",\"contentUrl\":\"https:\/\/amu.pan.pl\/wp-content\/uploads\/2024\/09\/B.Wolodkiewicz-AMU-photo-200x300.jpg\"},{\"@type\":\"BreadcrumbList\",\"@id\":\"https:\/\/amu.pan.pl\/bartosz-wolodkiewicz\/#breadcrumb\",\"itemListElement\":[{\"@type\":\"ListItem\",\"position\":1,\"name\":\"Strona g\u0142\u00f3wna\",\"item\":\"https:\/\/amu.pan.pl\/\"},{\"@type\":\"ListItem\",\"position\":2,\"name\":\"Bartosz Wo\u0142odkiewicz\"}]},{\"@type\":\"WebSite\",\"@id\":\"https:\/\/amu.pan.pl\/#website\",\"url\":\"https:\/\/amu.pan.pl\/\",\"name\":\"Akademia M\u0142odych Uczonych\",\"description\":\"Polska Akademia Nauk\",\"publisher\":{\"@id\":\"https:\/\/amu.pan.pl\/#organization\"},\"potentialAction\":[{\"@type\":\"SearchAction\",\"target\":{\"@type\":\"EntryPoint\",\"urlTemplate\":\"https:\/\/amu.pan.pl\/?s={search_term_string}\"},\"query-input\":{\"@type\":\"PropertyValueSpecification\",\"valueRequired\":true,\"valueName\":\"search_term_string\"}}],\"inLanguage\":\"en-GB\"},{\"@type\":\"Organization\",\"@id\":\"https:\/\/amu.pan.pl\/#organization\",\"name\":\"Akademia M\u0142odych Uczonych\",\"url\":\"https:\/\/amu.pan.pl\/\",\"logo\":{\"@type\":\"ImageObject\",\"inLanguage\":\"en-GB\",\"@id\":\"https:\/\/amu.pan.pl\/#\/schema\/logo\/image\/\",\"url\":\"https:\/\/amu.pan.pl\/wp-content\/uploads\/2020\/08\/zz_amu.png\",\"contentUrl\":\"https:\/\/amu.pan.pl\/wp-content\/uploads\/2020\/08\/zz_amu.png\",\"width\":2794,\"height\":1016,\"caption\":\"Akademia M\u0142odych Uczonych\"},\"image\":{\"@id\":\"https:\/\/amu.pan.pl\/#\/schema\/logo\/image\/\"},\"sameAs\":[\"https:\/\/www.facebook.com\/AkademiaMlodychUczonych\/\",\"https:\/\/x.com\/AMUPAN1\"]}]}<\/script>\n<!-- \/ Yoast SEO plugin. -->","yoast_head_json":{"title":"Bartosz Wo\u0142odkiewicz - Akademia M\u0142odych Uczonych","robots":{"index":"index","follow":"follow","max-snippet":"max-snippet:-1","max-image-preview":"max-image-preview:large","max-video-preview":"max-video-preview:-1"},"canonical":"https:\/\/amu.pan.pl\/en\/bartosz-wolodkiewicz\/","og_locale":"en_GB","og_type":"article","og_title":"Bartosz Wo\u0142odkiewicz - Akademia M\u0142odych Uczonych","og_description":"Bartosz Wo\u0142odkiewicz PL Adiunkt w Katedrze Post\u0119powania Cywilnego na Wydziale Prawa i Administracji Uniwersytetu Warszawskiego. Jest absolwentem prawa i filozofii w ramach Kolegium Mi\u0119dzydziedzinowych Indywidualnych Studi\u00f3w Humanistycznych i Spo\u0142ecznych na Uniwersytecie Warszawskim. Stopie\u0144 doktora nauk prawnych uzyska\u0142 z wyr\u00f3\u017cnieniem w roku 2019, a w roku 2025 stopie\u0144 doktora habilitowanego. Osi\u0105gni\u0119cie naukowe, b\u0119d\u0105ce podstaw\u0105 nadania stopnia,&hellip;&nbsp;Read More &raquo;Bartosz Wo\u0142odkiewicz","og_url":"https:\/\/amu.pan.pl\/en\/bartosz-wolodkiewicz\/","og_site_name":"Akademia M\u0142odych Uczonych","article_publisher":"https:\/\/www.facebook.com\/AkademiaMlodychUczonych\/","article_modified_time":"2025-10-20T07:43:31+00:00","og_image":[{"width":667,"height":1000,"url":"https:\/\/amu.pan.pl\/wp-content\/uploads\/2024\/09\/B.Wolodkiewicz-AMU-photo.jpg","type":"image\/jpeg"}],"twitter_card":"summary_large_image","twitter_site":"@AMUPAN1","twitter_misc":{"Estimated reading time":"3 minutes"},"schema":{"@context":"https:\/\/schema.org","@graph":[{"@type":"WebPage","@id":"https:\/\/amu.pan.pl\/bartosz-wolodkiewicz\/","url":"https:\/\/amu.pan.pl\/bartosz-wolodkiewicz\/","name":"Bartosz Wo\u0142odkiewicz - Akademia M\u0142odych Uczonych","isPartOf":{"@id":"https:\/\/amu.pan.pl\/#website"},"primaryImageOfPage":{"@id":"https:\/\/amu.pan.pl\/bartosz-wolodkiewicz\/#primaryimage"},"image":{"@id":"https:\/\/amu.pan.pl\/bartosz-wolodkiewicz\/#primaryimage"},"thumbnailUrl":"https:\/\/amu.pan.pl\/wp-content\/uploads\/2024\/09\/B.Wolodkiewicz-AMU-photo-200x300.jpg","datePublished":"2024-09-11T11:56:41+00:00","dateModified":"2025-10-20T07:43:31+00:00","breadcrumb":{"@id":"https:\/\/amu.pan.pl\/bartosz-wolodkiewicz\/#breadcrumb"},"inLanguage":"en-GB","potentialAction":[{"@type":"ReadAction","target":["https:\/\/amu.pan.pl\/bartosz-wolodkiewicz\/"]}]},{"@type":"ImageObject","inLanguage":"en-GB","@id":"https:\/\/amu.pan.pl\/bartosz-wolodkiewicz\/#primaryimage","url":"https:\/\/amu.pan.pl\/wp-content\/uploads\/2024\/09\/B.Wolodkiewicz-AMU-photo-200x300.jpg","contentUrl":"https:\/\/amu.pan.pl\/wp-content\/uploads\/2024\/09\/B.Wolodkiewicz-AMU-photo-200x300.jpg"},{"@type":"BreadcrumbList","@id":"https:\/\/amu.pan.pl\/bartosz-wolodkiewicz\/#breadcrumb","itemListElement":[{"@type":"ListItem","position":1,"name":"Strona g\u0142\u00f3wna","item":"https:\/\/amu.pan.pl\/"},{"@type":"ListItem","position":2,"name":"Bartosz Wo\u0142odkiewicz"}]},{"@type":"WebSite","@id":"https:\/\/amu.pan.pl\/#website","url":"https:\/\/amu.pan.pl\/","name":"Akademia M\u0142odych Uczonych","description":"Polska Akademia Nauk","publisher":{"@id":"https:\/\/amu.pan.pl\/#organization"},"potentialAction":[{"@type":"SearchAction","target":{"@type":"EntryPoint","urlTemplate":"https:\/\/amu.pan.pl\/?s={search_term_string}"},"query-input":{"@type":"PropertyValueSpecification","valueRequired":true,"valueName":"search_term_string"}}],"inLanguage":"en-GB"},{"@type":"Organization","@id":"https:\/\/amu.pan.pl\/#organization","name":"Akademia M\u0142odych Uczonych","url":"https:\/\/amu.pan.pl\/","logo":{"@type":"ImageObject","inLanguage":"en-GB","@id":"https:\/\/amu.pan.pl\/#\/schema\/logo\/image\/","url":"https:\/\/amu.pan.pl\/wp-content\/uploads\/2020\/08\/zz_amu.png","contentUrl":"https:\/\/amu.pan.pl\/wp-content\/uploads\/2020\/08\/zz_amu.png","width":2794,"height":1016,"caption":"Akademia M\u0142odych Uczonych"},"image":{"@id":"https:\/\/amu.pan.pl\/#\/schema\/logo\/image\/"},"sameAs":["https:\/\/www.facebook.com\/AkademiaMlodychUczonych\/","https:\/\/x.com\/AMUPAN1"]}]}},"_links":{"self":[{"href":"https:\/\/amu.pan.pl\/en\/wp-json\/wp\/v2\/pages\/5413","targetHints":{"allow":["GET"]}}],"collection":[{"href":"https:\/\/amu.pan.pl\/en\/wp-json\/wp\/v2\/pages"}],"about":[{"href":"https:\/\/amu.pan.pl\/en\/wp-json\/wp\/v2\/types\/page"}],"author":[{"embeddable":true,"href":"https:\/\/amu.pan.pl\/en\/wp-json\/wp\/v2\/users\/2"}],"replies":[{"embeddable":true,"href":"https:\/\/amu.pan.pl\/en\/wp-json\/wp\/v2\/comments?post=5413"}],"version-history":[{"count":10,"href":"https:\/\/amu.pan.pl\/en\/wp-json\/wp\/v2\/pages\/5413\/revisions"}],"predecessor-version":[{"id":5954,"href":"https:\/\/amu.pan.pl\/en\/wp-json\/wp\/v2\/pages\/5413\/revisions\/5954"}],"wp:attachment":[{"href":"https:\/\/amu.pan.pl\/en\/wp-json\/wp\/v2\/media?parent=5413"}],"curies":[{"name":"wp","href":"https:\/\/api.w.org\/{rel}","templated":true}]}}