{"id":5480,"date":"2024-09-17T08:46:02","date_gmt":"2024-09-17T06:46:02","guid":{"rendered":"https:\/\/amu.pan.pl\/?page_id=5480"},"modified":"2024-09-17T08:56:18","modified_gmt":"2024-09-17T06:56:18","slug":"maciej-dolega","status":"publish","type":"page","link":"https:\/\/amu.pan.pl\/en\/maciej-dolega\/","title":{"rendered":"Maciej Do\u0142\u0119ga"},"content":{"rendered":"<div data-elementor-type=\"wp-page\" data-elementor-id=\"5480\" class=\"elementor elementor-5480\">\n\t\t\t\t\t\t<section class=\"elementor-section elementor-top-section elementor-element elementor-element-3a0b4b1 elementor-section-boxed elementor-section-height-default elementor-section-height-default\" data-id=\"3a0b4b1\" data-element_type=\"section\">\n\t\t\t\t\t\t<div class=\"elementor-container elementor-column-gap-default\">\n\t\t\t\t\t<div class=\"elementor-column elementor-col-100 elementor-top-column elementor-element elementor-element-e9f392a\" data-id=\"e9f392a\" data-element_type=\"column\">\n\t\t\t<div class=\"elementor-widget-wrap elementor-element-populated\">\n\t\t\t\t\t\t<div class=\"elementor-element elementor-element-7f85f75 elementor-widget elementor-widget-heading\" data-id=\"7f85f75\" data-element_type=\"widget\" data-widget_type=\"heading.default\">\n\t\t\t\t<div class=\"elementor-widget-container\">\n\t\t\t\t\t<h1 class=\"elementor-heading-title elementor-size-default\">Maciej Do\u0142\u0119ga<\/h1>\t\t\t\t<\/div>\n\t\t\t\t<\/div>\n\t\t\t\t\t<\/div>\n\t\t<\/div>\n\t\t\t\t\t<\/div>\n\t\t<\/section>\n\t\t\t\t<section class=\"elementor-section elementor-top-section elementor-element elementor-element-a37d826 elementor-section-boxed elementor-section-height-default elementor-section-height-default\" data-id=\"a37d826\" data-element_type=\"section\">\n\t\t\t\t\t\t<div class=\"elementor-container elementor-column-gap-default\">\n\t\t\t\t\t<div class=\"elementor-column elementor-col-100 elementor-top-column elementor-element elementor-element-403d593\" data-id=\"403d593\" data-element_type=\"column\">\n\t\t\t<div class=\"elementor-widget-wrap elementor-element-populated\">\n\t\t\t\t\t\t<div class=\"elementor-element elementor-element-15f1244 elementor-widget elementor-widget-text-editor\" data-id=\"15f1244\" data-element_type=\"widget\" data-widget_type=\"text-editor.default\">\n\t\t\t\t<div class=\"elementor-widget-container\">\n\t\t\t\t\t\t\t\t\t<p><a href=\"https:\/\/amu.pan.pl\/o-nas\/sklad-amu\/domega-maciej-1_pp\/\" rel=\"attachment wp-att-5435\"><img fetchpriority=\"high\" decoding=\"async\" class=\"alignleft wp-image-5435 size-medium\" src=\"https:\/\/amu.pan.pl\/wp-content\/uploads\/2024\/09\/domega-maciej-1_pp-200x300.jpeg\" alt=\"\" width=\"200\" height=\"300\" srcset=\"https:\/\/amu.pan.pl\/wp-content\/uploads\/2024\/09\/domega-maciej-1_pp-200x300.jpeg 200w, https:\/\/amu.pan.pl\/wp-content\/uploads\/2024\/09\/domega-maciej-1_pp-683x1024.jpeg 683w, https:\/\/amu.pan.pl\/wp-content\/uploads\/2024\/09\/domega-maciej-1_pp-768x1152.jpeg 768w, https:\/\/amu.pan.pl\/wp-content\/uploads\/2024\/09\/domega-maciej-1_pp-1024x1536.jpeg 1024w, https:\/\/amu.pan.pl\/wp-content\/uploads\/2024\/09\/domega-maciej-1_pp-1365x2048.jpeg 1365w, https:\/\/amu.pan.pl\/wp-content\/uploads\/2024\/09\/domega-maciej-1_pp-8x12.jpeg 8w, https:\/\/amu.pan.pl\/wp-content\/uploads\/2024\/09\/domega-maciej-1_pp-scaled.jpeg 1707w\" sizes=\"(max-width: 200px) 100vw, 200px\" \/><\/a><\/p><p>Dr hab. Maciej Do\u0142\u0119ga \u2014 profesor Instytutu Matematycznego Polskiej Akademii Nauk, pracuje w Oddziale krakowskim gdzie <br \/>prowadzi grup\u0119 badawcz\u0105 z matematyki dyskretnej. Laureat nagrody im. Wac\u0142awa Sierpi\u0144skiego oraz nagrody magazynu &#8220;Polityka&#8221; w kategorii nauk \u015bcis\u0142ych. Stypendysta Programu Fulbrighta, Fundacji na rzecz Nauki Polskiej oraz Ministerstwa Nauki i Szkolnictwa Wy\u017cszego. Prac\u0119 magistersk\u0105 i doktorat napisa\u0142 pod kierunkiem prof. Piotra \u015aniadego i obroni\u0142 na Uniwersytecie Wroc\u0142awskim. Nast\u0119pnie pracowa\u0142 na Uniwersytecie Paryskim VII, na Uniwersytecie im. Adama Mickiewicza, oraz prowadzi\u0142 badania na University of California San Diego jako visiting scholar w ramach programu STEM Impact Award Fundacji Fulbrighta. Specjalizuje si\u0119 w kombinatoryce algebraicznej i enumeratywnej kt\u00f3rej metody i wyniki stosuje do rozwi\u0105zania problem\u00f3w w innych dziedzinach matematyki i fizyki, min. w probabilistyce, teorii reprezentacji, geometrii enumeratywnej oraz fizyce statystycznej.<\/p><p>Wi\u0119cej informacji: https:\/\/www.impan.pl\/~mdolega\/.<\/p><p>Dr hab. Maciej Do\u0142\u0119ga \u2014 an associate professor at the Institute of Mathematics of the Polish Academy of Sciences, working in the Krakow branch where he leads a research group in discrete mathematics. He is a recipient of the Wac\u0142aw Sierpi\u0144ski Award and the &#8220;Polityka&#8221; magazine award in the category of Physical Sciences. He has been a Fulbright Scholar, and a scholarship holder of the Foundation for Polish Science and the Ministry of Education and Science. He completed his master&#8217;s thesis and doctorate under the supervision of Prof. Piotr \u015aniady and defended them at the University of Wroc\u0142aw. Subsequently, he worked at Paris VII University, Adam Mickiewicz University, and conducted research at the University of California, San Diego, as a visiting scholar under the Fulbright STEM Impact Award program. He specializes in algebraic and enumerative combinatorics, applying its methods and results to solve problems in other fields of mathematics and physics, including probability theory, representation theory, enumerative geometry, and statistical physics.<\/p><p>More information available at: https:\/\/www.impan.pl\/~mdolega\/.<\/p><p>\u00a0<\/p>\t\t\t\t\t\t\t\t<\/div>\n\t\t\t\t<\/div>\n\t\t\t\t\t<\/div>\n\t\t<\/div>\n\t\t\t\t\t<\/div>\n\t\t<\/section>\n\t\t\t\t<\/div>","protected":false},"excerpt":{"rendered":"<p>Maciej Do\u0142\u0119ga Dr hab. Maciej Do\u0142\u0119ga \u2014 profesor Instytutu Matematycznego Polskiej Akademii Nauk, pracuje w Oddziale krakowskim gdzie prowadzi grup\u0119 badawcz\u0105 z matematyki dyskretnej. Laureat nagrody im. Wac\u0142awa Sierpi\u0144skiego oraz nagrody magazynu &#8220;Polityka&#8221; w kategorii nauk \u015bcis\u0142ych. Stypendysta Programu Fulbrighta, Fundacji na rzecz Nauki Polskiej oraz Ministerstwa Nauki i Szkolnictwa Wy\u017cszego. Prac\u0119 magistersk\u0105 i doktorat&hellip;&nbsp;<a href=\"https:\/\/amu.pan.pl\/en\/maciej-dolega\/\" rel=\"bookmark\">Read More &raquo;<span class=\"screen-reader-text\">Maciej Do\u0142\u0119ga<\/span><\/a><\/p>","protected":false},"author":2,"featured_media":0,"parent":0,"menu_order":0,"comment_status":"closed","ping_status":"closed","template":"page-templates\/template-pagebuilder-full-width.php","meta":{"_monsterinsights_skip_tracking":false,"_monsterinsights_sitenote_active":false,"_monsterinsights_sitenote_note":"","_monsterinsights_sitenote_category":0,"neve_meta_sidebar":"","neve_meta_container":"","neve_meta_enable_content_width":"","neve_meta_content_width":0,"neve_meta_title_alignment":"","neve_meta_author_avatar":"","neve_post_elements_order":"","neve_meta_disable_header":"","neve_meta_disable_footer":"","neve_meta_disable_title":"","footnotes":""},"class_list":["post-5480","page","type-page","status-publish","hentry"],"yoast_head":"<!-- This site is optimized with the Yoast SEO plugin v25.0 - https:\/\/yoast.com\/wordpress\/plugins\/seo\/ -->\n<title>Maciej Do\u0142\u0119ga - Akademia M\u0142odych Uczonych<\/title>\n<meta name=\"robots\" content=\"index, follow, max-snippet:-1, max-image-preview:large, max-video-preview:-1\" \/>\n<link rel=\"canonical\" href=\"https:\/\/amu.pan.pl\/en\/maciej-dolega\/\" \/>\n<meta property=\"og:locale\" content=\"en_GB\" \/>\n<meta property=\"og:type\" content=\"article\" \/>\n<meta property=\"og:title\" content=\"Maciej Do\u0142\u0119ga - Akademia M\u0142odych Uczonych\" \/>\n<meta property=\"og:description\" content=\"Maciej Do\u0142\u0119ga Dr hab. Maciej Do\u0142\u0119ga \u2014 profesor Instytutu Matematycznego Polskiej Akademii Nauk, pracuje w Oddziale krakowskim gdzie prowadzi grup\u0119 badawcz\u0105 z matematyki dyskretnej. Laureat nagrody im. Wac\u0142awa Sierpi\u0144skiego oraz nagrody magazynu &#8220;Polityka&#8221; w kategorii nauk \u015bcis\u0142ych. Stypendysta Programu Fulbrighta, Fundacji na rzecz Nauki Polskiej oraz Ministerstwa Nauki i Szkolnictwa Wy\u017cszego. Prac\u0119 magistersk\u0105 i doktorat&hellip;&nbsp;Read More &raquo;Maciej Do\u0142\u0119ga\" \/>\n<meta property=\"og:url\" content=\"https:\/\/amu.pan.pl\/en\/maciej-dolega\/\" \/>\n<meta property=\"og:site_name\" content=\"Akademia M\u0142odych Uczonych\" \/>\n<meta property=\"article:publisher\" content=\"https:\/\/www.facebook.com\/AkademiaMlodychUczonych\/\" \/>\n<meta property=\"article:modified_time\" content=\"2024-09-17T06:56:18+00:00\" \/>\n<meta property=\"og:image\" content=\"https:\/\/amu.pan.pl\/wp-content\/uploads\/2024\/09\/domega-maciej-1_pp-scaled.jpeg\" \/>\n\t<meta property=\"og:image:width\" content=\"1707\" \/>\n\t<meta property=\"og:image:height\" content=\"2560\" \/>\n\t<meta property=\"og:image:type\" content=\"image\/jpeg\" \/>\n<meta name=\"twitter:card\" content=\"summary_large_image\" \/>\n<meta name=\"twitter:site\" content=\"@AMUPAN1\" \/>\n<meta name=\"twitter:label1\" content=\"Estimated reading time\" \/>\n\t<meta name=\"twitter:data1\" content=\"2 minutes\" \/>\n<script type=\"application\/ld+json\" class=\"yoast-schema-graph\">{\"@context\":\"https:\/\/schema.org\",\"@graph\":[{\"@type\":\"WebPage\",\"@id\":\"https:\/\/amu.pan.pl\/maciej-dolega\/\",\"url\":\"https:\/\/amu.pan.pl\/maciej-dolega\/\",\"name\":\"Maciej Do\u0142\u0119ga - Akademia M\u0142odych Uczonych\",\"isPartOf\":{\"@id\":\"https:\/\/amu.pan.pl\/#website\"},\"primaryImageOfPage\":{\"@id\":\"https:\/\/amu.pan.pl\/maciej-dolega\/#primaryimage\"},\"image\":{\"@id\":\"https:\/\/amu.pan.pl\/maciej-dolega\/#primaryimage\"},\"thumbnailUrl\":\"https:\/\/amu.pan.pl\/wp-content\/uploads\/2024\/09\/domega-maciej-1_pp-200x300.jpeg\",\"datePublished\":\"2024-09-17T06:46:02+00:00\",\"dateModified\":\"2024-09-17T06:56:18+00:00\",\"breadcrumb\":{\"@id\":\"https:\/\/amu.pan.pl\/maciej-dolega\/#breadcrumb\"},\"inLanguage\":\"en-GB\",\"potentialAction\":[{\"@type\":\"ReadAction\",\"target\":[\"https:\/\/amu.pan.pl\/maciej-dolega\/\"]}]},{\"@type\":\"ImageObject\",\"inLanguage\":\"en-GB\",\"@id\":\"https:\/\/amu.pan.pl\/maciej-dolega\/#primaryimage\",\"url\":\"https:\/\/amu.pan.pl\/wp-content\/uploads\/2024\/09\/domega-maciej-1_pp-200x300.jpeg\",\"contentUrl\":\"https:\/\/amu.pan.pl\/wp-content\/uploads\/2024\/09\/domega-maciej-1_pp-200x300.jpeg\"},{\"@type\":\"BreadcrumbList\",\"@id\":\"https:\/\/amu.pan.pl\/maciej-dolega\/#breadcrumb\",\"itemListElement\":[{\"@type\":\"ListItem\",\"position\":1,\"name\":\"Strona g\u0142\u00f3wna\",\"item\":\"https:\/\/amu.pan.pl\/\"},{\"@type\":\"ListItem\",\"position\":2,\"name\":\"Maciej Do\u0142\u0119ga\"}]},{\"@type\":\"WebSite\",\"@id\":\"https:\/\/amu.pan.pl\/#website\",\"url\":\"https:\/\/amu.pan.pl\/\",\"name\":\"Akademia M\u0142odych Uczonych\",\"description\":\"Polska Akademia Nauk\",\"publisher\":{\"@id\":\"https:\/\/amu.pan.pl\/#organization\"},\"potentialAction\":[{\"@type\":\"SearchAction\",\"target\":{\"@type\":\"EntryPoint\",\"urlTemplate\":\"https:\/\/amu.pan.pl\/?s={search_term_string}\"},\"query-input\":{\"@type\":\"PropertyValueSpecification\",\"valueRequired\":true,\"valueName\":\"search_term_string\"}}],\"inLanguage\":\"en-GB\"},{\"@type\":\"Organization\",\"@id\":\"https:\/\/amu.pan.pl\/#organization\",\"name\":\"Akademia M\u0142odych Uczonych\",\"url\":\"https:\/\/amu.pan.pl\/\",\"logo\":{\"@type\":\"ImageObject\",\"inLanguage\":\"en-GB\",\"@id\":\"https:\/\/amu.pan.pl\/#\/schema\/logo\/image\/\",\"url\":\"https:\/\/amu.pan.pl\/wp-content\/uploads\/2020\/08\/zz_amu.png\",\"contentUrl\":\"https:\/\/amu.pan.pl\/wp-content\/uploads\/2020\/08\/zz_amu.png\",\"width\":2794,\"height\":1016,\"caption\":\"Akademia M\u0142odych Uczonych\"},\"image\":{\"@id\":\"https:\/\/amu.pan.pl\/#\/schema\/logo\/image\/\"},\"sameAs\":[\"https:\/\/www.facebook.com\/AkademiaMlodychUczonych\/\",\"https:\/\/x.com\/AMUPAN1\"]}]}<\/script>\n<!-- \/ Yoast SEO plugin. -->","yoast_head_json":{"title":"Maciej Do\u0142\u0119ga - Akademia M\u0142odych Uczonych","robots":{"index":"index","follow":"follow","max-snippet":"max-snippet:-1","max-image-preview":"max-image-preview:large","max-video-preview":"max-video-preview:-1"},"canonical":"https:\/\/amu.pan.pl\/en\/maciej-dolega\/","og_locale":"en_GB","og_type":"article","og_title":"Maciej Do\u0142\u0119ga - Akademia M\u0142odych Uczonych","og_description":"Maciej Do\u0142\u0119ga Dr hab. Maciej Do\u0142\u0119ga \u2014 profesor Instytutu Matematycznego Polskiej Akademii Nauk, pracuje w Oddziale krakowskim gdzie prowadzi grup\u0119 badawcz\u0105 z matematyki dyskretnej. Laureat nagrody im. Wac\u0142awa Sierpi\u0144skiego oraz nagrody magazynu &#8220;Polityka&#8221; w kategorii nauk \u015bcis\u0142ych. Stypendysta Programu Fulbrighta, Fundacji na rzecz Nauki Polskiej oraz Ministerstwa Nauki i Szkolnictwa Wy\u017cszego. Prac\u0119 magistersk\u0105 i doktorat&hellip;&nbsp;Read More &raquo;Maciej Do\u0142\u0119ga","og_url":"https:\/\/amu.pan.pl\/en\/maciej-dolega\/","og_site_name":"Akademia M\u0142odych Uczonych","article_publisher":"https:\/\/www.facebook.com\/AkademiaMlodychUczonych\/","article_modified_time":"2024-09-17T06:56:18+00:00","og_image":[{"width":1707,"height":2560,"url":"https:\/\/amu.pan.pl\/wp-content\/uploads\/2024\/09\/domega-maciej-1_pp-scaled.jpeg","type":"image\/jpeg"}],"twitter_card":"summary_large_image","twitter_site":"@AMUPAN1","twitter_misc":{"Estimated reading time":"2 minutes"},"schema":{"@context":"https:\/\/schema.org","@graph":[{"@type":"WebPage","@id":"https:\/\/amu.pan.pl\/maciej-dolega\/","url":"https:\/\/amu.pan.pl\/maciej-dolega\/","name":"Maciej Do\u0142\u0119ga - Akademia M\u0142odych Uczonych","isPartOf":{"@id":"https:\/\/amu.pan.pl\/#website"},"primaryImageOfPage":{"@id":"https:\/\/amu.pan.pl\/maciej-dolega\/#primaryimage"},"image":{"@id":"https:\/\/amu.pan.pl\/maciej-dolega\/#primaryimage"},"thumbnailUrl":"https:\/\/amu.pan.pl\/wp-content\/uploads\/2024\/09\/domega-maciej-1_pp-200x300.jpeg","datePublished":"2024-09-17T06:46:02+00:00","dateModified":"2024-09-17T06:56:18+00:00","breadcrumb":{"@id":"https:\/\/amu.pan.pl\/maciej-dolega\/#breadcrumb"},"inLanguage":"en-GB","potentialAction":[{"@type":"ReadAction","target":["https:\/\/amu.pan.pl\/maciej-dolega\/"]}]},{"@type":"ImageObject","inLanguage":"en-GB","@id":"https:\/\/amu.pan.pl\/maciej-dolega\/#primaryimage","url":"https:\/\/amu.pan.pl\/wp-content\/uploads\/2024\/09\/domega-maciej-1_pp-200x300.jpeg","contentUrl":"https:\/\/amu.pan.pl\/wp-content\/uploads\/2024\/09\/domega-maciej-1_pp-200x300.jpeg"},{"@type":"BreadcrumbList","@id":"https:\/\/amu.pan.pl\/maciej-dolega\/#breadcrumb","itemListElement":[{"@type":"ListItem","position":1,"name":"Strona g\u0142\u00f3wna","item":"https:\/\/amu.pan.pl\/"},{"@type":"ListItem","position":2,"name":"Maciej Do\u0142\u0119ga"}]},{"@type":"WebSite","@id":"https:\/\/amu.pan.pl\/#website","url":"https:\/\/amu.pan.pl\/","name":"Akademia M\u0142odych Uczonych","description":"Polska Akademia Nauk","publisher":{"@id":"https:\/\/amu.pan.pl\/#organization"},"potentialAction":[{"@type":"SearchAction","target":{"@type":"EntryPoint","urlTemplate":"https:\/\/amu.pan.pl\/?s={search_term_string}"},"query-input":{"@type":"PropertyValueSpecification","valueRequired":true,"valueName":"search_term_string"}}],"inLanguage":"en-GB"},{"@type":"Organization","@id":"https:\/\/amu.pan.pl\/#organization","name":"Akademia M\u0142odych Uczonych","url":"https:\/\/amu.pan.pl\/","logo":{"@type":"ImageObject","inLanguage":"en-GB","@id":"https:\/\/amu.pan.pl\/#\/schema\/logo\/image\/","url":"https:\/\/amu.pan.pl\/wp-content\/uploads\/2020\/08\/zz_amu.png","contentUrl":"https:\/\/amu.pan.pl\/wp-content\/uploads\/2020\/08\/zz_amu.png","width":2794,"height":1016,"caption":"Akademia M\u0142odych Uczonych"},"image":{"@id":"https:\/\/amu.pan.pl\/#\/schema\/logo\/image\/"},"sameAs":["https:\/\/www.facebook.com\/AkademiaMlodychUczonych\/","https:\/\/x.com\/AMUPAN1"]}]}},"_links":{"self":[{"href":"https:\/\/amu.pan.pl\/en\/wp-json\/wp\/v2\/pages\/5480","targetHints":{"allow":["GET"]}}],"collection":[{"href":"https:\/\/amu.pan.pl\/en\/wp-json\/wp\/v2\/pages"}],"about":[{"href":"https:\/\/amu.pan.pl\/en\/wp-json\/wp\/v2\/types\/page"}],"author":[{"embeddable":true,"href":"https:\/\/amu.pan.pl\/en\/wp-json\/wp\/v2\/users\/2"}],"replies":[{"embeddable":true,"href":"https:\/\/amu.pan.pl\/en\/wp-json\/wp\/v2\/comments?post=5480"}],"version-history":[{"count":6,"href":"https:\/\/amu.pan.pl\/en\/wp-json\/wp\/v2\/pages\/5480\/revisions"}],"predecessor-version":[{"id":5486,"href":"https:\/\/amu.pan.pl\/en\/wp-json\/wp\/v2\/pages\/5480\/revisions\/5486"}],"wp:attachment":[{"href":"https:\/\/amu.pan.pl\/en\/wp-json\/wp\/v2\/media?parent=5480"}],"curies":[{"name":"wp","href":"https:\/\/api.w.org\/{rel}","templated":true}]}}