{"id":5487,"date":"2024-09-17T09:05:15","date_gmt":"2024-09-17T07:05:15","guid":{"rendered":"https:\/\/amu.pan.pl\/?page_id=5487"},"modified":"2024-09-19T13:46:34","modified_gmt":"2024-09-19T11:46:34","slug":"dawid-dudkowski","status":"publish","type":"page","link":"https:\/\/amu.pan.pl\/en\/dawid-dudkowski\/","title":{"rendered":"Dawid Dudkowski"},"content":{"rendered":"<div data-elementor-type=\"wp-page\" data-elementor-id=\"5487\" class=\"elementor elementor-5487\">\n\t\t\t\t\t\t<section class=\"elementor-section elementor-top-section elementor-element elementor-element-d5a2b55 elementor-section-boxed elementor-section-height-default elementor-section-height-default\" data-id=\"d5a2b55\" data-element_type=\"section\">\n\t\t\t\t\t\t<div class=\"elementor-container elementor-column-gap-default\">\n\t\t\t\t\t<div class=\"elementor-column elementor-col-100 elementor-top-column elementor-element elementor-element-aef42d7\" data-id=\"aef42d7\" data-element_type=\"column\">\n\t\t\t<div class=\"elementor-widget-wrap elementor-element-populated\">\n\t\t\t\t\t\t<div class=\"elementor-element elementor-element-ff93bf0 elementor-widget elementor-widget-heading\" data-id=\"ff93bf0\" data-element_type=\"widget\" data-widget_type=\"heading.default\">\n\t\t\t\t<div class=\"elementor-widget-container\">\n\t\t\t\t\t<h2 class=\"elementor-heading-title elementor-size-default\">Dawid Dudkowski<\/h2>\t\t\t\t<\/div>\n\t\t\t\t<\/div>\n\t\t\t\t\t<\/div>\n\t\t<\/div>\n\t\t\t\t\t<\/div>\n\t\t<\/section>\n\t\t\t\t<section class=\"elementor-section elementor-top-section elementor-element elementor-element-ffb400d elementor-section-boxed elementor-section-height-default elementor-section-height-default\" data-id=\"ffb400d\" data-element_type=\"section\">\n\t\t\t\t\t\t<div class=\"elementor-container elementor-column-gap-default\">\n\t\t\t\t\t<div class=\"elementor-column elementor-col-100 elementor-top-column elementor-element elementor-element-ab9de93\" data-id=\"ab9de93\" data-element_type=\"column\">\n\t\t\t<div class=\"elementor-widget-wrap elementor-element-populated\">\n\t\t\t\t\t\t<div class=\"elementor-element elementor-element-4ad8036 elementor-widget elementor-widget-text-editor\" data-id=\"4ad8036\" data-element_type=\"widget\" data-widget_type=\"text-editor.default\">\n\t\t\t\t<div class=\"elementor-widget-container\">\n\t\t\t\t\t\t\t\t\t<p><a href=\"https:\/\/amu.pan.pl\/o-nas\/sklad-amu\/dawid_dudkowski_amu\/\" rel=\"attachment wp-att-5439\"><img fetchpriority=\"high\" decoding=\"async\" class=\"alignleft size-medium wp-image-5439\" src=\"https:\/\/amu.pan.pl\/wp-content\/uploads\/2024\/09\/Dawid_Dudkowski_AMU-225x300.jpg\" alt=\"\" width=\"225\" height=\"300\" srcset=\"https:\/\/amu.pan.pl\/wp-content\/uploads\/2024\/09\/Dawid_Dudkowski_AMU-225x300.jpg 225w, https:\/\/amu.pan.pl\/wp-content\/uploads\/2024\/09\/Dawid_Dudkowski_AMU-768x1024.jpg 768w, https:\/\/amu.pan.pl\/wp-content\/uploads\/2024\/09\/Dawid_Dudkowski_AMU-1152x1536.jpg 1152w, https:\/\/amu.pan.pl\/wp-content\/uploads\/2024\/09\/Dawid_Dudkowski_AMU-1536x2048.jpg 1536w, https:\/\/amu.pan.pl\/wp-content\/uploads\/2024\/09\/Dawid_Dudkowski_AMU-9x12.jpg 9w, https:\/\/amu.pan.pl\/wp-content\/uploads\/2024\/09\/Dawid_Dudkowski_AMU-scaled.jpg 1920w\" sizes=\"(max-width: 225px) 100vw, 225px\" \/><\/a>Doktor habilitowany Dawid Dudkowski jest absolwentem kierunku matematyka na Wydziale FTIMS Politechniki \u0141\u00f3dzkiej. Swoj\u0105 prac\u0119 naukow\u0105 rozpocz\u0105\u0142 jako doktorant w\u00a0Katedrze Dynamiki Maszyn Wydzia\u0142u Mechanicznego P\u0141, gdzie obroni\u0142 rozpraw\u0119 doktorsk\u0105 z mechaniki, jak r\u00f3wnie\u017c uzyska\u0142 stopie\u0144 doktora habilitowanego z in\u017cynierii mechanicznej. Obecnie zajmuje on stanowisko profesora uczelni, prowadz\u0105c zar\u00f3wno badania naukowe, jak i zaj\u0119cia dydaktyczne.<\/p><p>Profesor Dudkowski interesuje si\u0119 szeroko rozumian\u0105 problematyk\u0105 dynamiki nieliniowej, ze szczeg\u00f3lnym uwzgl\u0119dnieniem jej rozwoju i zastosowa\u0144 w uk\u0142adach mechanicznych. Do jego zainteresowa\u0144 naukowych zaliczy\u0107 mo\u017cna badanie zjawisk synchronizacji i stan\u00f3w chimerycznych w uk\u0142adach sprz\u0119\u017conych oscylator\u00f3w (w\u00a0szczeg\u00f3lno\u015bci opartych o wahad\u0142a), ukryte atraktory system\u00f3w multistabilnych, czy nowoczesne metody probabilistyczne analizy uk\u0142ad\u00f3w nieliniowych.<\/p><p>W czasie swojej kariery naukowej profesor Dudkowski opublikowa\u0142 ponad 30 artyku\u0142\u00f3w z\u00a0listy JCR, kierowa\u0142 dwoma projektami Narodowego Centrum Nauki (projekt Preludium i\u00a0projekt Sonata) oraz by\u0142 beneficjentem licznych nagr\u00f3d i stypendi\u00f3w, w tym Stypendium START Fundacji na rzecz Nauki Polskiej (2017) oraz Stypendium Ministra Nauki i\u00a0Szkolnictwa Wy\u017cszego dla wybitnych m\u0142odych naukowc\u00f3w (lata 2020-2023).<\/p>\t\t\t\t\t\t\t\t<\/div>\n\t\t\t\t<\/div>\n\t\t\t\t\t<\/div>\n\t\t<\/div>\n\t\t\t\t\t<\/div>\n\t\t<\/section>\n\t\t\t\t<\/div>","protected":false},"excerpt":{"rendered":"<p>Dawid Dudkowski Doktor habilitowany Dawid Dudkowski jest absolwentem kierunku matematyka na Wydziale FTIMS Politechniki \u0141\u00f3dzkiej. Swoj\u0105 prac\u0119 naukow\u0105 rozpocz\u0105\u0142 jako doktorant w\u00a0Katedrze Dynamiki Maszyn Wydzia\u0142u Mechanicznego P\u0141, gdzie obroni\u0142 rozpraw\u0119 doktorsk\u0105 z mechaniki, jak r\u00f3wnie\u017c uzyska\u0142 stopie\u0144 doktora habilitowanego z in\u017cynierii mechanicznej. Obecnie zajmuje on stanowisko profesora uczelni, prowadz\u0105c zar\u00f3wno badania naukowe, jak i zaj\u0119cia&hellip;&nbsp;<a href=\"https:\/\/amu.pan.pl\/en\/dawid-dudkowski\/\" rel=\"bookmark\">Read More &raquo;<span class=\"screen-reader-text\">Dawid Dudkowski<\/span><\/a><\/p>","protected":false},"author":2,"featured_media":0,"parent":0,"menu_order":0,"comment_status":"closed","ping_status":"closed","template":"page-templates\/template-pagebuilder-full-width.php","meta":{"_monsterinsights_skip_tracking":false,"_monsterinsights_sitenote_active":false,"_monsterinsights_sitenote_note":"","_monsterinsights_sitenote_category":0,"neve_meta_sidebar":"","neve_meta_container":"","neve_meta_enable_content_width":"","neve_meta_content_width":0,"neve_meta_title_alignment":"","neve_meta_author_avatar":"","neve_post_elements_order":"","neve_meta_disable_header":"","neve_meta_disable_footer":"","neve_meta_disable_title":"","footnotes":""},"class_list":["post-5487","page","type-page","status-publish","hentry"],"yoast_head":"<!-- This site is optimized with the Yoast SEO plugin v25.0 - https:\/\/yoast.com\/wordpress\/plugins\/seo\/ -->\n<title>Dawid Dudkowski - Akademia M\u0142odych Uczonych<\/title>\n<meta name=\"robots\" content=\"index, follow, max-snippet:-1, max-image-preview:large, max-video-preview:-1\" \/>\n<link rel=\"canonical\" href=\"https:\/\/amu.pan.pl\/en\/dawid-dudkowski\/\" \/>\n<meta property=\"og:locale\" content=\"en_GB\" \/>\n<meta property=\"og:type\" content=\"article\" \/>\n<meta property=\"og:title\" content=\"Dawid Dudkowski - Akademia M\u0142odych Uczonych\" \/>\n<meta property=\"og:description\" content=\"Dawid Dudkowski Doktor habilitowany Dawid Dudkowski jest absolwentem kierunku matematyka na Wydziale FTIMS Politechniki \u0141\u00f3dzkiej. Swoj\u0105 prac\u0119 naukow\u0105 rozpocz\u0105\u0142 jako doktorant w\u00a0Katedrze Dynamiki Maszyn Wydzia\u0142u Mechanicznego P\u0141, gdzie obroni\u0142 rozpraw\u0119 doktorsk\u0105 z mechaniki, jak r\u00f3wnie\u017c uzyska\u0142 stopie\u0144 doktora habilitowanego z in\u017cynierii mechanicznej. Obecnie zajmuje on stanowisko profesora uczelni, prowadz\u0105c zar\u00f3wno badania naukowe, jak i zaj\u0119cia&hellip;&nbsp;Read More &raquo;Dawid Dudkowski\" \/>\n<meta property=\"og:url\" content=\"https:\/\/amu.pan.pl\/en\/dawid-dudkowski\/\" \/>\n<meta property=\"og:site_name\" content=\"Akademia M\u0142odych Uczonych\" \/>\n<meta property=\"article:publisher\" content=\"https:\/\/www.facebook.com\/AkademiaMlodychUczonych\/\" \/>\n<meta property=\"article:modified_time\" content=\"2024-09-19T11:46:34+00:00\" \/>\n<meta property=\"og:image\" content=\"https:\/\/amu.pan.pl\/wp-content\/uploads\/2024\/09\/Dawid_Dudkowski_AMU-scaled.jpg\" \/>\n\t<meta property=\"og:image:width\" content=\"1920\" \/>\n\t<meta property=\"og:image:height\" content=\"2560\" \/>\n\t<meta property=\"og:image:type\" content=\"image\/jpeg\" \/>\n<meta name=\"twitter:card\" content=\"summary_large_image\" \/>\n<meta name=\"twitter:site\" content=\"@AMUPAN1\" \/>\n<meta name=\"twitter:label1\" content=\"Estimated reading time\" \/>\n\t<meta name=\"twitter:data1\" content=\"1 minute\" \/>\n<script type=\"application\/ld+json\" class=\"yoast-schema-graph\">{\"@context\":\"https:\/\/schema.org\",\"@graph\":[{\"@type\":\"WebPage\",\"@id\":\"https:\/\/amu.pan.pl\/dawid-dudkowski\/\",\"url\":\"https:\/\/amu.pan.pl\/dawid-dudkowski\/\",\"name\":\"Dawid Dudkowski - Akademia M\u0142odych Uczonych\",\"isPartOf\":{\"@id\":\"https:\/\/amu.pan.pl\/#website\"},\"primaryImageOfPage\":{\"@id\":\"https:\/\/amu.pan.pl\/dawid-dudkowski\/#primaryimage\"},\"image\":{\"@id\":\"https:\/\/amu.pan.pl\/dawid-dudkowski\/#primaryimage\"},\"thumbnailUrl\":\"https:\/\/amu.pan.pl\/wp-content\/uploads\/2024\/09\/Dawid_Dudkowski_AMU-225x300.jpg\",\"datePublished\":\"2024-09-17T07:05:15+00:00\",\"dateModified\":\"2024-09-19T11:46:34+00:00\",\"breadcrumb\":{\"@id\":\"https:\/\/amu.pan.pl\/dawid-dudkowski\/#breadcrumb\"},\"inLanguage\":\"en-GB\",\"potentialAction\":[{\"@type\":\"ReadAction\",\"target\":[\"https:\/\/amu.pan.pl\/dawid-dudkowski\/\"]}]},{\"@type\":\"ImageObject\",\"inLanguage\":\"en-GB\",\"@id\":\"https:\/\/amu.pan.pl\/dawid-dudkowski\/#primaryimage\",\"url\":\"https:\/\/amu.pan.pl\/wp-content\/uploads\/2024\/09\/Dawid_Dudkowski_AMU-225x300.jpg\",\"contentUrl\":\"https:\/\/amu.pan.pl\/wp-content\/uploads\/2024\/09\/Dawid_Dudkowski_AMU-225x300.jpg\"},{\"@type\":\"BreadcrumbList\",\"@id\":\"https:\/\/amu.pan.pl\/dawid-dudkowski\/#breadcrumb\",\"itemListElement\":[{\"@type\":\"ListItem\",\"position\":1,\"name\":\"Strona g\u0142\u00f3wna\",\"item\":\"https:\/\/amu.pan.pl\/\"},{\"@type\":\"ListItem\",\"position\":2,\"name\":\"Dawid Dudkowski\"}]},{\"@type\":\"WebSite\",\"@id\":\"https:\/\/amu.pan.pl\/#website\",\"url\":\"https:\/\/amu.pan.pl\/\",\"name\":\"Akademia M\u0142odych Uczonych\",\"description\":\"Polska Akademia Nauk\",\"publisher\":{\"@id\":\"https:\/\/amu.pan.pl\/#organization\"},\"potentialAction\":[{\"@type\":\"SearchAction\",\"target\":{\"@type\":\"EntryPoint\",\"urlTemplate\":\"https:\/\/amu.pan.pl\/?s={search_term_string}\"},\"query-input\":{\"@type\":\"PropertyValueSpecification\",\"valueRequired\":true,\"valueName\":\"search_term_string\"}}],\"inLanguage\":\"en-GB\"},{\"@type\":\"Organization\",\"@id\":\"https:\/\/amu.pan.pl\/#organization\",\"name\":\"Akademia M\u0142odych Uczonych\",\"url\":\"https:\/\/amu.pan.pl\/\",\"logo\":{\"@type\":\"ImageObject\",\"inLanguage\":\"en-GB\",\"@id\":\"https:\/\/amu.pan.pl\/#\/schema\/logo\/image\/\",\"url\":\"https:\/\/amu.pan.pl\/wp-content\/uploads\/2020\/08\/zz_amu.png\",\"contentUrl\":\"https:\/\/amu.pan.pl\/wp-content\/uploads\/2020\/08\/zz_amu.png\",\"width\":2794,\"height\":1016,\"caption\":\"Akademia M\u0142odych Uczonych\"},\"image\":{\"@id\":\"https:\/\/amu.pan.pl\/#\/schema\/logo\/image\/\"},\"sameAs\":[\"https:\/\/www.facebook.com\/AkademiaMlodychUczonych\/\",\"https:\/\/x.com\/AMUPAN1\"]}]}<\/script>\n<!-- \/ Yoast SEO plugin. -->","yoast_head_json":{"title":"Dawid Dudkowski - Akademia M\u0142odych Uczonych","robots":{"index":"index","follow":"follow","max-snippet":"max-snippet:-1","max-image-preview":"max-image-preview:large","max-video-preview":"max-video-preview:-1"},"canonical":"https:\/\/amu.pan.pl\/en\/dawid-dudkowski\/","og_locale":"en_GB","og_type":"article","og_title":"Dawid Dudkowski - Akademia M\u0142odych Uczonych","og_description":"Dawid Dudkowski Doktor habilitowany Dawid Dudkowski jest absolwentem kierunku matematyka na Wydziale FTIMS Politechniki \u0141\u00f3dzkiej. Swoj\u0105 prac\u0119 naukow\u0105 rozpocz\u0105\u0142 jako doktorant w\u00a0Katedrze Dynamiki Maszyn Wydzia\u0142u Mechanicznego P\u0141, gdzie obroni\u0142 rozpraw\u0119 doktorsk\u0105 z mechaniki, jak r\u00f3wnie\u017c uzyska\u0142 stopie\u0144 doktora habilitowanego z in\u017cynierii mechanicznej. Obecnie zajmuje on stanowisko profesora uczelni, prowadz\u0105c zar\u00f3wno badania naukowe, jak i zaj\u0119cia&hellip;&nbsp;Read More &raquo;Dawid Dudkowski","og_url":"https:\/\/amu.pan.pl\/en\/dawid-dudkowski\/","og_site_name":"Akademia M\u0142odych Uczonych","article_publisher":"https:\/\/www.facebook.com\/AkademiaMlodychUczonych\/","article_modified_time":"2024-09-19T11:46:34+00:00","og_image":[{"width":1920,"height":2560,"url":"https:\/\/amu.pan.pl\/wp-content\/uploads\/2024\/09\/Dawid_Dudkowski_AMU-scaled.jpg","type":"image\/jpeg"}],"twitter_card":"summary_large_image","twitter_site":"@AMUPAN1","twitter_misc":{"Estimated reading time":"1 minute"},"schema":{"@context":"https:\/\/schema.org","@graph":[{"@type":"WebPage","@id":"https:\/\/amu.pan.pl\/dawid-dudkowski\/","url":"https:\/\/amu.pan.pl\/dawid-dudkowski\/","name":"Dawid Dudkowski - Akademia M\u0142odych Uczonych","isPartOf":{"@id":"https:\/\/amu.pan.pl\/#website"},"primaryImageOfPage":{"@id":"https:\/\/amu.pan.pl\/dawid-dudkowski\/#primaryimage"},"image":{"@id":"https:\/\/amu.pan.pl\/dawid-dudkowski\/#primaryimage"},"thumbnailUrl":"https:\/\/amu.pan.pl\/wp-content\/uploads\/2024\/09\/Dawid_Dudkowski_AMU-225x300.jpg","datePublished":"2024-09-17T07:05:15+00:00","dateModified":"2024-09-19T11:46:34+00:00","breadcrumb":{"@id":"https:\/\/amu.pan.pl\/dawid-dudkowski\/#breadcrumb"},"inLanguage":"en-GB","potentialAction":[{"@type":"ReadAction","target":["https:\/\/amu.pan.pl\/dawid-dudkowski\/"]}]},{"@type":"ImageObject","inLanguage":"en-GB","@id":"https:\/\/amu.pan.pl\/dawid-dudkowski\/#primaryimage","url":"https:\/\/amu.pan.pl\/wp-content\/uploads\/2024\/09\/Dawid_Dudkowski_AMU-225x300.jpg","contentUrl":"https:\/\/amu.pan.pl\/wp-content\/uploads\/2024\/09\/Dawid_Dudkowski_AMU-225x300.jpg"},{"@type":"BreadcrumbList","@id":"https:\/\/amu.pan.pl\/dawid-dudkowski\/#breadcrumb","itemListElement":[{"@type":"ListItem","position":1,"name":"Strona g\u0142\u00f3wna","item":"https:\/\/amu.pan.pl\/"},{"@type":"ListItem","position":2,"name":"Dawid Dudkowski"}]},{"@type":"WebSite","@id":"https:\/\/amu.pan.pl\/#website","url":"https:\/\/amu.pan.pl\/","name":"Akademia M\u0142odych Uczonych","description":"Polska Akademia Nauk","publisher":{"@id":"https:\/\/amu.pan.pl\/#organization"},"potentialAction":[{"@type":"SearchAction","target":{"@type":"EntryPoint","urlTemplate":"https:\/\/amu.pan.pl\/?s={search_term_string}"},"query-input":{"@type":"PropertyValueSpecification","valueRequired":true,"valueName":"search_term_string"}}],"inLanguage":"en-GB"},{"@type":"Organization","@id":"https:\/\/amu.pan.pl\/#organization","name":"Akademia M\u0142odych Uczonych","url":"https:\/\/amu.pan.pl\/","logo":{"@type":"ImageObject","inLanguage":"en-GB","@id":"https:\/\/amu.pan.pl\/#\/schema\/logo\/image\/","url":"https:\/\/amu.pan.pl\/wp-content\/uploads\/2020\/08\/zz_amu.png","contentUrl":"https:\/\/amu.pan.pl\/wp-content\/uploads\/2020\/08\/zz_amu.png","width":2794,"height":1016,"caption":"Akademia M\u0142odych Uczonych"},"image":{"@id":"https:\/\/amu.pan.pl\/#\/schema\/logo\/image\/"},"sameAs":["https:\/\/www.facebook.com\/AkademiaMlodychUczonych\/","https:\/\/x.com\/AMUPAN1"]}]}},"_links":{"self":[{"href":"https:\/\/amu.pan.pl\/en\/wp-json\/wp\/v2\/pages\/5487","targetHints":{"allow":["GET"]}}],"collection":[{"href":"https:\/\/amu.pan.pl\/en\/wp-json\/wp\/v2\/pages"}],"about":[{"href":"https:\/\/amu.pan.pl\/en\/wp-json\/wp\/v2\/types\/page"}],"author":[{"embeddable":true,"href":"https:\/\/amu.pan.pl\/en\/wp-json\/wp\/v2\/users\/2"}],"replies":[{"embeddable":true,"href":"https:\/\/amu.pan.pl\/en\/wp-json\/wp\/v2\/comments?post=5487"}],"version-history":[{"count":25,"href":"https:\/\/amu.pan.pl\/en\/wp-json\/wp\/v2\/pages\/5487\/revisions"}],"predecessor-version":[{"id":5624,"href":"https:\/\/amu.pan.pl\/en\/wp-json\/wp\/v2\/pages\/5487\/revisions\/5624"}],"wp:attachment":[{"href":"https:\/\/amu.pan.pl\/en\/wp-json\/wp\/v2\/media?parent=5487"}],"curies":[{"name":"wp","href":"https:\/\/api.w.org\/{rel}","templated":true}]}}