{"id":5506,"date":"2024-09-18T13:57:02","date_gmt":"2024-09-18T11:57:02","guid":{"rendered":"https:\/\/amu.pan.pl\/?page_id=5506"},"modified":"2024-09-19T13:45:35","modified_gmt":"2024-09-19T11:45:35","slug":"michal-grat","status":"publish","type":"page","link":"https:\/\/amu.pan.pl\/en\/michal-grat\/","title":{"rendered":"Micha\u0142 Gr\u0105t"},"content":{"rendered":"<div data-elementor-type=\"wp-page\" data-elementor-id=\"5506\" class=\"elementor elementor-5506\">\n\t\t\t\t\t\t<section class=\"elementor-section elementor-top-section elementor-element elementor-element-abc9162 elementor-section-boxed elementor-section-height-default elementor-section-height-default\" data-id=\"abc9162\" data-element_type=\"section\">\n\t\t\t\t\t\t<div class=\"elementor-container elementor-column-gap-default\">\n\t\t\t\t\t<div class=\"elementor-column elementor-col-100 elementor-top-column elementor-element elementor-element-62a795a\" data-id=\"62a795a\" data-element_type=\"column\">\n\t\t\t<div class=\"elementor-widget-wrap elementor-element-populated\">\n\t\t\t\t\t\t<div class=\"elementor-element elementor-element-da5fe8c elementor-widget elementor-widget-text-editor\" data-id=\"da5fe8c\" data-element_type=\"widget\" data-widget_type=\"text-editor.default\">\n\t\t\t\t<div class=\"elementor-widget-container\">\n\t\t\t\t\t\t\t\t\t<p><a href=\"https:\/\/amu.pan.pl\/o-nas\/sklad-amu\/7i7b2195\/\" rel=\"attachment wp-att-5441\"><img fetchpriority=\"high\" decoding=\"async\" class=\"alignleft size-medium wp-image-5441\" src=\"https:\/\/amu.pan.pl\/wp-content\/uploads\/2024\/09\/7I7B2195-200x300.jpg\" alt=\"\" width=\"200\" height=\"300\" srcset=\"https:\/\/amu.pan.pl\/wp-content\/uploads\/2024\/09\/7I7B2195-200x300.jpg 200w, https:\/\/amu.pan.pl\/wp-content\/uploads\/2024\/09\/7I7B2195-683x1024.jpg 683w, https:\/\/amu.pan.pl\/wp-content\/uploads\/2024\/09\/7I7B2195-768x1151.jpg 768w, https:\/\/amu.pan.pl\/wp-content\/uploads\/2024\/09\/7I7B2195-8x12.jpg 8w, https:\/\/amu.pan.pl\/wp-content\/uploads\/2024\/09\/7I7B2195.jpg 1000w\" sizes=\"(max-width: 200px) 100vw, 200px\" \/><\/a>Prof. dr hab. n. med. i n. o zdr. Micha\u0142 Gr\u0105t jest absolwentem kierunku lekarskiego Warszawskiego Uniwersytetu Medycznego, specjalist\u0105 chirurgii og\u00f3lnej, chirurgii onkologicznej i transplantologii klinicznej. Od 2022 roku jest Kierownikiem Kliniki Chirurgii Og\u00f3lnej, Transplantacyjnej i W\u0105troby WUM, oddzia\u0142u referencyjnego w zakresie chirurgii w\u0105troby i dr\u00f3g \u017c\u00f3\u0142ciowych oraz jednego z najwi\u0119kszych o\u015brodk\u00f3w przeszczepiania w\u0105troby na \u015bwiecie. W maju 2024 r. zosta\u0142 powo\u0142any na stanowisko konsultanta krajowego w dziedzinie transplantologii klinicznej, a w 2022 r. zosta\u0142 cz\u0142onkiem Krajowej Rady Transplantacyjnej. Jego zainteresowania kliniczne i naukowe dotycz\u0105 chirurgii i transplantologii, ze szczeg\u00f3lnym uwzgl\u0119dnieniem chirurgii w\u0105troby i dr\u00f3g \u017c\u00f3\u0142ciowych oraz przeszczepiania w\u0105troby. Jest autorem i wsp\u00f3\u0142autorem licznych publikacji z zakresu chirurgii w\u0105troby i dr\u00f3g \u017c\u00f3\u0142ciowych. Jako kierownik projekt\u00f3w prowadzi\u0142 badania finansowane przez Narodowe Centrum Nauki oraz Ministerstwo Nauki i Szkolnictwa Wy\u017cszego. Sumaryczna punktacja Impact Factor jego publikacji wynosi 347, punktacja MEiN \u2013 8424, a indeks Hirscha \u2013 18. Artyku\u0142y prof. Gr\u0105ta ukazuj\u0105 si\u0119 w najbardziej presti\u017cowych czasopismach na \u015bwiecie z zakresu chirurgii i transplantologii \u2013 <em>Annals of Surgery<\/em>, <em>American Journal of Transplantation<\/em>, czy <em>Journal of Hepatology<\/em>. Prof. Gr\u0105t wprowadzi\u0142 w Polsce szereg innowacyjnych na skal\u0119 krajow\u0105 i mi\u0119dzynarodow\u0105 metod leczenia. Rozpocz\u0105\u0142 pierwszy w Polsce program przeszczepiania jednej w\u0105troby podzielonej dla dw\u00f3ch doros\u0142ych biorc\u00f3w, wprowadzi\u0142 pierwszy w Polsce i jeden z pierwszych na \u015bwiecie program modulacji przep\u0142ywu wrotnego po przeszczepieniu ca\u0142ej w\u0105troby, przeprowadzi\u0142 pierwsze w Polsce pobranie fragmentu w\u0105troby od dawcy \u017cywego metod\u0105 laparoskopow\u0105 oraz metody pozaustrojowej perfuzji w\u0105troby w hipotermii i normotermii. W 2024 roku przeprowadzi\u0142 pierwsze w kraju wspomagaj\u0105ce przeszczepienie fragmentu w\u0105troby, kt\u00f3re jednocze\u015bnie by\u0142o pioniersk\u0105 w skali \u015bwiata tego typu transplantacj\u0105 wykonan\u0105 z powodu urazu. Od 2020 roku jest Dyrektorem Szko\u0142y Doktorskiej Warszawskiego Uniwersytetu Medycznego, w kt\u00f3rej wprowadzi\u0142 nowoczesny program kszta\u0142cenia w j\u0119zyku angielskim oraz szereg dzia\u0142a\u0144 zwi\u0119kszaj\u0105cych umi\u0119dzynarodowienie. Prof. Gr\u0105t uzyska\u0142 szereg nagr\u00f3d i wyr\u00f3\u017cnie\u0144, mi\u0119dzy innymi International Liver Transplantation Society, Fundacji Ko\u015bciuszkowskiej, Polskiej Akademii Nauk i Polskiej Akademii Umiej\u0119tno\u015bci, Tygodnika Polityka oraz towarzystw naukowych.<\/p>\t\t\t\t\t\t\t\t<\/div>\n\t\t\t\t<\/div>\n\t\t\t\t\t<\/div>\n\t\t<\/div>\n\t\t\t\t\t<\/div>\n\t\t<\/section>\n\t\t\t\t<\/div>","protected":false},"excerpt":{"rendered":"<p>Prof. dr hab. n. med. i n. o zdr. Micha\u0142 Gr\u0105t jest absolwentem kierunku lekarskiego Warszawskiego Uniwersytetu Medycznego, specjalist\u0105 chirurgii og\u00f3lnej, chirurgii onkologicznej i transplantologii klinicznej. Od 2022 roku jest Kierownikiem Kliniki Chirurgii Og\u00f3lnej, Transplantacyjnej i W\u0105troby WUM, oddzia\u0142u referencyjnego w zakresie chirurgii w\u0105troby i dr\u00f3g \u017c\u00f3\u0142ciowych oraz jednego z najwi\u0119kszych o\u015brodk\u00f3w przeszczepiania w\u0105troby na&hellip;&nbsp;<a href=\"https:\/\/amu.pan.pl\/en\/michal-grat\/\" rel=\"bookmark\">Read More &raquo;<span class=\"screen-reader-text\">Micha\u0142 Gr\u0105t<\/span><\/a><\/p>","protected":false},"author":2,"featured_media":0,"parent":0,"menu_order":0,"comment_status":"closed","ping_status":"closed","template":"page-templates\/template-pagebuilder-full-width.php","meta":{"_monsterinsights_skip_tracking":false,"_monsterinsights_sitenote_active":false,"_monsterinsights_sitenote_note":"","_monsterinsights_sitenote_category":0,"neve_meta_sidebar":"","neve_meta_container":"","neve_meta_enable_content_width":"","neve_meta_content_width":0,"neve_meta_title_alignment":"","neve_meta_author_avatar":"","neve_post_elements_order":"","neve_meta_disable_header":"","neve_meta_disable_footer":"","neve_meta_disable_title":"","footnotes":""},"class_list":["post-5506","page","type-page","status-publish","hentry"],"yoast_head":"<!-- This site is optimized with the Yoast SEO plugin v25.0 - https:\/\/yoast.com\/wordpress\/plugins\/seo\/ -->\n<title>Micha\u0142 Gr\u0105t - Akademia M\u0142odych Uczonych<\/title>\n<meta name=\"robots\" content=\"index, follow, max-snippet:-1, max-image-preview:large, max-video-preview:-1\" \/>\n<link rel=\"canonical\" href=\"https:\/\/amu.pan.pl\/en\/michal-grat\/\" \/>\n<meta property=\"og:locale\" content=\"en_GB\" \/>\n<meta property=\"og:type\" content=\"article\" \/>\n<meta property=\"og:title\" content=\"Micha\u0142 Gr\u0105t - Akademia M\u0142odych Uczonych\" \/>\n<meta property=\"og:description\" content=\"Prof. dr hab. n. med. i n. o zdr. Micha\u0142 Gr\u0105t jest absolwentem kierunku lekarskiego Warszawskiego Uniwersytetu Medycznego, specjalist\u0105 chirurgii og\u00f3lnej, chirurgii onkologicznej i transplantologii klinicznej. Od 2022 roku jest Kierownikiem Kliniki Chirurgii Og\u00f3lnej, Transplantacyjnej i W\u0105troby WUM, oddzia\u0142u referencyjnego w zakresie chirurgii w\u0105troby i dr\u00f3g \u017c\u00f3\u0142ciowych oraz jednego z najwi\u0119kszych o\u015brodk\u00f3w przeszczepiania w\u0105troby na&hellip;&nbsp;Read More &raquo;Micha\u0142 Gr\u0105t\" \/>\n<meta property=\"og:url\" content=\"https:\/\/amu.pan.pl\/en\/michal-grat\/\" \/>\n<meta property=\"og:site_name\" content=\"Akademia M\u0142odych Uczonych\" \/>\n<meta property=\"article:publisher\" content=\"https:\/\/www.facebook.com\/AkademiaMlodychUczonych\/\" \/>\n<meta property=\"article:modified_time\" content=\"2024-09-19T11:45:35+00:00\" \/>\n<meta property=\"og:image\" content=\"https:\/\/amu.pan.pl\/wp-content\/uploads\/2024\/09\/7I7B2195.jpg\" \/>\n\t<meta property=\"og:image:width\" content=\"1000\" \/>\n\t<meta property=\"og:image:height\" content=\"1499\" \/>\n\t<meta property=\"og:image:type\" content=\"image\/jpeg\" \/>\n<meta name=\"twitter:card\" content=\"summary_large_image\" \/>\n<meta name=\"twitter:site\" content=\"@AMUPAN1\" \/>\n<meta name=\"twitter:label1\" content=\"Estimated reading time\" \/>\n\t<meta name=\"twitter:data1\" content=\"2 minutes\" \/>\n<script type=\"application\/ld+json\" class=\"yoast-schema-graph\">{\"@context\":\"https:\/\/schema.org\",\"@graph\":[{\"@type\":\"WebPage\",\"@id\":\"https:\/\/amu.pan.pl\/michal-grat\/\",\"url\":\"https:\/\/amu.pan.pl\/michal-grat\/\",\"name\":\"Micha\u0142 Gr\u0105t - Akademia M\u0142odych Uczonych\",\"isPartOf\":{\"@id\":\"https:\/\/amu.pan.pl\/#website\"},\"primaryImageOfPage\":{\"@id\":\"https:\/\/amu.pan.pl\/michal-grat\/#primaryimage\"},\"image\":{\"@id\":\"https:\/\/amu.pan.pl\/michal-grat\/#primaryimage\"},\"thumbnailUrl\":\"https:\/\/amu.pan.pl\/wp-content\/uploads\/2024\/09\/7I7B2195-200x300.jpg\",\"datePublished\":\"2024-09-18T11:57:02+00:00\",\"dateModified\":\"2024-09-19T11:45:35+00:00\",\"breadcrumb\":{\"@id\":\"https:\/\/amu.pan.pl\/michal-grat\/#breadcrumb\"},\"inLanguage\":\"en-GB\",\"potentialAction\":[{\"@type\":\"ReadAction\",\"target\":[\"https:\/\/amu.pan.pl\/michal-grat\/\"]}]},{\"@type\":\"ImageObject\",\"inLanguage\":\"en-GB\",\"@id\":\"https:\/\/amu.pan.pl\/michal-grat\/#primaryimage\",\"url\":\"https:\/\/amu.pan.pl\/wp-content\/uploads\/2024\/09\/7I7B2195-200x300.jpg\",\"contentUrl\":\"https:\/\/amu.pan.pl\/wp-content\/uploads\/2024\/09\/7I7B2195-200x300.jpg\"},{\"@type\":\"BreadcrumbList\",\"@id\":\"https:\/\/amu.pan.pl\/michal-grat\/#breadcrumb\",\"itemListElement\":[{\"@type\":\"ListItem\",\"position\":1,\"name\":\"Strona g\u0142\u00f3wna\",\"item\":\"https:\/\/amu.pan.pl\/\"},{\"@type\":\"ListItem\",\"position\":2,\"name\":\"Micha\u0142 Gr\u0105t\"}]},{\"@type\":\"WebSite\",\"@id\":\"https:\/\/amu.pan.pl\/#website\",\"url\":\"https:\/\/amu.pan.pl\/\",\"name\":\"Akademia M\u0142odych Uczonych\",\"description\":\"Polska Akademia Nauk\",\"publisher\":{\"@id\":\"https:\/\/amu.pan.pl\/#organization\"},\"potentialAction\":[{\"@type\":\"SearchAction\",\"target\":{\"@type\":\"EntryPoint\",\"urlTemplate\":\"https:\/\/amu.pan.pl\/?s={search_term_string}\"},\"query-input\":{\"@type\":\"PropertyValueSpecification\",\"valueRequired\":true,\"valueName\":\"search_term_string\"}}],\"inLanguage\":\"en-GB\"},{\"@type\":\"Organization\",\"@id\":\"https:\/\/amu.pan.pl\/#organization\",\"name\":\"Akademia M\u0142odych Uczonych\",\"url\":\"https:\/\/amu.pan.pl\/\",\"logo\":{\"@type\":\"ImageObject\",\"inLanguage\":\"en-GB\",\"@id\":\"https:\/\/amu.pan.pl\/#\/schema\/logo\/image\/\",\"url\":\"https:\/\/amu.pan.pl\/wp-content\/uploads\/2020\/08\/zz_amu.png\",\"contentUrl\":\"https:\/\/amu.pan.pl\/wp-content\/uploads\/2020\/08\/zz_amu.png\",\"width\":2794,\"height\":1016,\"caption\":\"Akademia M\u0142odych Uczonych\"},\"image\":{\"@id\":\"https:\/\/amu.pan.pl\/#\/schema\/logo\/image\/\"},\"sameAs\":[\"https:\/\/www.facebook.com\/AkademiaMlodychUczonych\/\",\"https:\/\/x.com\/AMUPAN1\"]}]}<\/script>\n<!-- \/ Yoast SEO plugin. -->","yoast_head_json":{"title":"Micha\u0142 Gr\u0105t - Akademia M\u0142odych Uczonych","robots":{"index":"index","follow":"follow","max-snippet":"max-snippet:-1","max-image-preview":"max-image-preview:large","max-video-preview":"max-video-preview:-1"},"canonical":"https:\/\/amu.pan.pl\/en\/michal-grat\/","og_locale":"en_GB","og_type":"article","og_title":"Micha\u0142 Gr\u0105t - Akademia M\u0142odych Uczonych","og_description":"Prof. dr hab. n. med. i n. o zdr. Micha\u0142 Gr\u0105t jest absolwentem kierunku lekarskiego Warszawskiego Uniwersytetu Medycznego, specjalist\u0105 chirurgii og\u00f3lnej, chirurgii onkologicznej i transplantologii klinicznej. Od 2022 roku jest Kierownikiem Kliniki Chirurgii Og\u00f3lnej, Transplantacyjnej i W\u0105troby WUM, oddzia\u0142u referencyjnego w zakresie chirurgii w\u0105troby i dr\u00f3g \u017c\u00f3\u0142ciowych oraz jednego z najwi\u0119kszych o\u015brodk\u00f3w przeszczepiania w\u0105troby na&hellip;&nbsp;Read More &raquo;Micha\u0142 Gr\u0105t","og_url":"https:\/\/amu.pan.pl\/en\/michal-grat\/","og_site_name":"Akademia M\u0142odych Uczonych","article_publisher":"https:\/\/www.facebook.com\/AkademiaMlodychUczonych\/","article_modified_time":"2024-09-19T11:45:35+00:00","og_image":[{"width":1000,"height":1499,"url":"https:\/\/amu.pan.pl\/wp-content\/uploads\/2024\/09\/7I7B2195.jpg","type":"image\/jpeg"}],"twitter_card":"summary_large_image","twitter_site":"@AMUPAN1","twitter_misc":{"Estimated reading time":"2 minutes"},"schema":{"@context":"https:\/\/schema.org","@graph":[{"@type":"WebPage","@id":"https:\/\/amu.pan.pl\/michal-grat\/","url":"https:\/\/amu.pan.pl\/michal-grat\/","name":"Micha\u0142 Gr\u0105t - Akademia M\u0142odych Uczonych","isPartOf":{"@id":"https:\/\/amu.pan.pl\/#website"},"primaryImageOfPage":{"@id":"https:\/\/amu.pan.pl\/michal-grat\/#primaryimage"},"image":{"@id":"https:\/\/amu.pan.pl\/michal-grat\/#primaryimage"},"thumbnailUrl":"https:\/\/amu.pan.pl\/wp-content\/uploads\/2024\/09\/7I7B2195-200x300.jpg","datePublished":"2024-09-18T11:57:02+00:00","dateModified":"2024-09-19T11:45:35+00:00","breadcrumb":{"@id":"https:\/\/amu.pan.pl\/michal-grat\/#breadcrumb"},"inLanguage":"en-GB","potentialAction":[{"@type":"ReadAction","target":["https:\/\/amu.pan.pl\/michal-grat\/"]}]},{"@type":"ImageObject","inLanguage":"en-GB","@id":"https:\/\/amu.pan.pl\/michal-grat\/#primaryimage","url":"https:\/\/amu.pan.pl\/wp-content\/uploads\/2024\/09\/7I7B2195-200x300.jpg","contentUrl":"https:\/\/amu.pan.pl\/wp-content\/uploads\/2024\/09\/7I7B2195-200x300.jpg"},{"@type":"BreadcrumbList","@id":"https:\/\/amu.pan.pl\/michal-grat\/#breadcrumb","itemListElement":[{"@type":"ListItem","position":1,"name":"Strona g\u0142\u00f3wna","item":"https:\/\/amu.pan.pl\/"},{"@type":"ListItem","position":2,"name":"Micha\u0142 Gr\u0105t"}]},{"@type":"WebSite","@id":"https:\/\/amu.pan.pl\/#website","url":"https:\/\/amu.pan.pl\/","name":"Akademia M\u0142odych Uczonych","description":"Polska Akademia Nauk","publisher":{"@id":"https:\/\/amu.pan.pl\/#organization"},"potentialAction":[{"@type":"SearchAction","target":{"@type":"EntryPoint","urlTemplate":"https:\/\/amu.pan.pl\/?s={search_term_string}"},"query-input":{"@type":"PropertyValueSpecification","valueRequired":true,"valueName":"search_term_string"}}],"inLanguage":"en-GB"},{"@type":"Organization","@id":"https:\/\/amu.pan.pl\/#organization","name":"Akademia M\u0142odych Uczonych","url":"https:\/\/amu.pan.pl\/","logo":{"@type":"ImageObject","inLanguage":"en-GB","@id":"https:\/\/amu.pan.pl\/#\/schema\/logo\/image\/","url":"https:\/\/amu.pan.pl\/wp-content\/uploads\/2020\/08\/zz_amu.png","contentUrl":"https:\/\/amu.pan.pl\/wp-content\/uploads\/2020\/08\/zz_amu.png","width":2794,"height":1016,"caption":"Akademia M\u0142odych Uczonych"},"image":{"@id":"https:\/\/amu.pan.pl\/#\/schema\/logo\/image\/"},"sameAs":["https:\/\/www.facebook.com\/AkademiaMlodychUczonych\/","https:\/\/x.com\/AMUPAN1"]}]}},"_links":{"self":[{"href":"https:\/\/amu.pan.pl\/en\/wp-json\/wp\/v2\/pages\/5506","targetHints":{"allow":["GET"]}}],"collection":[{"href":"https:\/\/amu.pan.pl\/en\/wp-json\/wp\/v2\/pages"}],"about":[{"href":"https:\/\/amu.pan.pl\/en\/wp-json\/wp\/v2\/types\/page"}],"author":[{"embeddable":true,"href":"https:\/\/amu.pan.pl\/en\/wp-json\/wp\/v2\/users\/2"}],"replies":[{"embeddable":true,"href":"https:\/\/amu.pan.pl\/en\/wp-json\/wp\/v2\/comments?post=5506"}],"version-history":[{"count":7,"href":"https:\/\/amu.pan.pl\/en\/wp-json\/wp\/v2\/pages\/5506\/revisions"}],"predecessor-version":[{"id":5621,"href":"https:\/\/amu.pan.pl\/en\/wp-json\/wp\/v2\/pages\/5506\/revisions\/5621"}],"wp:attachment":[{"href":"https:\/\/amu.pan.pl\/en\/wp-json\/wp\/v2\/media?parent=5506"}],"curies":[{"name":"wp","href":"https:\/\/api.w.org\/{rel}","templated":true}]}}