{"id":5517,"date":"2024-09-18T22:34:43","date_gmt":"2024-09-18T20:34:43","guid":{"rendered":"https:\/\/amu.pan.pl\/?page_id=5517"},"modified":"2024-09-19T13:43:35","modified_gmt":"2024-09-19T11:43:35","slug":"monika-janik","status":"publish","type":"page","link":"https:\/\/amu.pan.pl\/en\/monika-janik\/","title":{"rendered":"Monika Janik"},"content":{"rendered":"<div data-elementor-type=\"wp-page\" data-elementor-id=\"5517\" class=\"elementor elementor-5517\">\n\t\t\t\t\t\t<section class=\"elementor-section elementor-top-section elementor-element elementor-element-f5238dc elementor-section-boxed elementor-section-height-default elementor-section-height-default\" data-id=\"f5238dc\" data-element_type=\"section\">\n\t\t\t\t\t\t<div class=\"elementor-container elementor-column-gap-default\">\n\t\t\t\t\t<div class=\"elementor-column elementor-col-100 elementor-top-column elementor-element elementor-element-7c42174\" data-id=\"7c42174\" data-element_type=\"column\">\n\t\t\t<div class=\"elementor-widget-wrap elementor-element-populated\">\n\t\t\t\t\t\t<div class=\"elementor-element elementor-element-ccfe923 elementor-widget elementor-widget-heading\" data-id=\"ccfe923\" data-element_type=\"widget\" data-widget_type=\"heading.default\">\n\t\t\t\t<div class=\"elementor-widget-container\">\n\t\t\t\t\t<h1 class=\"elementor-heading-title elementor-size-default\">Monika Janik<\/h1>\t\t\t\t<\/div>\n\t\t\t\t<\/div>\n\t\t\t\t\t<\/div>\n\t\t<\/div>\n\t\t\t\t\t<\/div>\n\t\t<\/section>\n\t\t\t\t<section class=\"elementor-section elementor-top-section elementor-element elementor-element-6011ed4 elementor-section-boxed elementor-section-height-default elementor-section-height-default\" data-id=\"6011ed4\" data-element_type=\"section\">\n\t\t\t\t\t\t<div class=\"elementor-container elementor-column-gap-default\">\n\t\t\t\t\t<div class=\"elementor-column elementor-col-100 elementor-top-column elementor-element elementor-element-b2f0580\" data-id=\"b2f0580\" data-element_type=\"column\">\n\t\t\t<div class=\"elementor-widget-wrap elementor-element-populated\">\n\t\t\t\t\t\t<div class=\"elementor-element elementor-element-8f6eda0 elementor-widget elementor-widget-text-editor\" data-id=\"8f6eda0\" data-element_type=\"widget\" data-widget_type=\"text-editor.default\">\n\t\t\t\t<div class=\"elementor-widget-container\">\n\t\t\t\t\t\t\t\t\t<p><a href=\"https:\/\/amu.pan.pl\/o-nas\/sklad-amu\/zdjecie-mjanik\/\" rel=\"attachment wp-att-5445\"><img fetchpriority=\"high\" decoding=\"async\" class=\"alignleft size-medium wp-image-5445\" src=\"https:\/\/amu.pan.pl\/wp-content\/uploads\/2024\/09\/Zdjecie-MJanik-300x300.jpg\" alt=\"\" width=\"300\" height=\"300\" srcset=\"https:\/\/amu.pan.pl\/wp-content\/uploads\/2024\/09\/Zdjecie-MJanik-300x300.jpg 300w, https:\/\/amu.pan.pl\/wp-content\/uploads\/2024\/09\/Zdjecie-MJanik-150x150.jpg 150w, https:\/\/amu.pan.pl\/wp-content\/uploads\/2024\/09\/Zdjecie-MJanik-768x768.jpg 768w, https:\/\/amu.pan.pl\/wp-content\/uploads\/2024\/09\/Zdjecie-MJanik-12x12.jpg 12w, https:\/\/amu.pan.pl\/wp-content\/uploads\/2024\/09\/Zdjecie-MJanik.jpg 800w\" sizes=\"(max-width: 300px) 100vw, 300px\" \/><\/a>Dr in\u017c. Monika Janik uko\u0144czy\u0142a studia (mgr in\u017c.) na Wydziale Chemicznym Politechniki Wroc\u0142awskiej, kierunek: Biotechnologia. Nast\u0119pnie kontynuowa\u0142a kszta\u0142cenie na Universite du Quebec en Outaouais (Kanada). W czerwcu 2019 roku uzyska\u0142a z wyr\u00f3\u017cnieniem stopie\u0144 doktora, specjalno\u015b\u0107: fotonika. Sta\u017c podoktorski (2019-2023) odby\u0142a na Politechnice Gda\u0144skiej. Obecnie pracuje na Politechnice Warszawskiej na stanowisku adiunkta.<\/p><p>Jej dotychczasowe do\u015bwiadczenia oraz interdyscyplinarne wykszta\u0142cenie pozwalaj\u0105 na dzia\u0142anie na granicy dziedzin i podejmowanie kluczowych temat\u00f3w dotycz\u0105cych technologii czujnikowych. W swojej pracy \u0142\u0105czy do\u015bwiadczenie biotechnologiczne i fotoniczne g\u0142\u00f3wnie w kierunku rozwoju biosensoryki. Aktywnie promuje dzia\u0142ania interdyscyplinarne oraz wspiera student\u00f3w w ich karierze naukowej, oferuj\u0105c mentoring i doradztwo w zakresie mo\u017cliwo\u015bci kariery akademickiej oraz pracy na uczelni.<\/p><p>Dr in\u017c. Janik jest obecnie autork\u0105 i wsp\u00f3\u0142autork\u0105 ponad 30 publikacji z listy JCR (H index 15) oraz 3 zg\u0142osze\u0144 patentowych. Ponadto, jest recenzentk\u0105 dla wielu czasopism z listy JCR<em>. <\/em>W pa\u017adzierniku 2023 roku do\u0142\u0105czy\u0142a r\u00f3wnie\u017c do grona edytor\u00f3w czasopisma Scientific Reports (Nature) oraz Results in Optics (Elsevier).<\/p><p>Jej dzia\u0142ania naukowe nad przystosowaniem czujnik\u00f3w optycznych do nowych zastosowa\u0144, g\u0142\u00f3wnie biomedycznych, by\u0142y wielokrotnie nagradzane, m.in. presti\u017cowym stypendium START (FNP 2021), zespo\u0142ow\u0105 oraz indywidualn\u0105 Nagrod\u0105 Rektora Politechniki Warszawskiej (kolejno 2020 i 2023), czy znalezieniem si\u0119 na li\u015bcie laureat\u00f3w pierwszej edycji konkursu \u201eNajlepsi z Najlepszych PW\u201d (2023).<\/p><p>Dr in\u017c. Janik aktywnie uczestniczy w r\u00f3\u017cnorodnych projektach, zar\u00f3wno wdro\u017ceniowo naukowych jak i tych dotycz\u0105cych bada\u0144 podstawowych. Do tej pory pracowa\u0142a w ponad 10 krajowych i mi\u0119dzynarodowych projektach, w tym w programach takich jak TeamNET FNP, TECHMATSTRATEG NCBiR, OPUS, NCN w Polsce oraz Industrial Research Chair w Kanadzie. Wsp\u00f3\u0142pracuje tak\u017ce z partnerami komercyjnymi, aby efektywnie rozwija\u0107 dzia\u0142ania naukowo-wdro\u017ceniowe.<\/p><p>Obecnie jest kierowniczk\u0105 3 projekt\u00f3w. Jeden z nich, Lab Tech of Excellence finansowany ze \u015brodk\u00f3w Politechniki Warszawskiej w zakresie Programu IDUB pt. \u201eRozw\u00f3j sensor\u00f3w dwudomenowych do identyfikacji analit\u00f3w w z\u0142o\u017conych matrycach\u201d o bud\u017cecie 1.8 mln PLN umo\u017cliwi\u0142 jej w marcu 2024 roku za\u0142o\u017cenie grupy badawczej \u201cBiofunkcjonalizacji i Zaawansowanych Rozwi\u0105za\u0144 Czujnikowych\u201d.<\/p>\t\t\t\t\t\t\t\t<\/div>\n\t\t\t\t<\/div>\n\t\t\t\t\t<\/div>\n\t\t<\/div>\n\t\t\t\t\t<\/div>\n\t\t<\/section>\n\t\t\t\t<\/div>","protected":false},"excerpt":{"rendered":"<p>Monika Janik Dr in\u017c. Monika Janik uko\u0144czy\u0142a studia (mgr in\u017c.) na Wydziale Chemicznym Politechniki Wroc\u0142awskiej, kierunek: Biotechnologia. Nast\u0119pnie kontynuowa\u0142a kszta\u0142cenie na Universite du Quebec en Outaouais (Kanada). W czerwcu 2019 roku uzyska\u0142a z wyr\u00f3\u017cnieniem stopie\u0144 doktora, specjalno\u015b\u0107: fotonika. Sta\u017c podoktorski (2019-2023) odby\u0142a na Politechnice Gda\u0144skiej. Obecnie pracuje na Politechnice Warszawskiej na stanowisku adiunkta. Jej dotychczasowe&hellip;&nbsp;<a href=\"https:\/\/amu.pan.pl\/en\/monika-janik\/\" rel=\"bookmark\">Read More &raquo;<span class=\"screen-reader-text\">Monika Janik<\/span><\/a><\/p>","protected":false},"author":2,"featured_media":0,"parent":0,"menu_order":0,"comment_status":"closed","ping_status":"closed","template":"page-templates\/template-pagebuilder-full-width.php","meta":{"_monsterinsights_skip_tracking":false,"_monsterinsights_sitenote_active":false,"_monsterinsights_sitenote_note":"","_monsterinsights_sitenote_category":0,"neve_meta_sidebar":"","neve_meta_container":"","neve_meta_enable_content_width":"","neve_meta_content_width":0,"neve_meta_title_alignment":"","neve_meta_author_avatar":"","neve_post_elements_order":"","neve_meta_disable_header":"","neve_meta_disable_footer":"","neve_meta_disable_title":"","footnotes":""},"class_list":["post-5517","page","type-page","status-publish","hentry"],"yoast_head":"<!-- This site is optimized with the Yoast SEO plugin v25.0 - https:\/\/yoast.com\/wordpress\/plugins\/seo\/ -->\n<title>Monika Janik - Akademia M\u0142odych Uczonych<\/title>\n<meta name=\"robots\" content=\"index, follow, max-snippet:-1, max-image-preview:large, max-video-preview:-1\" \/>\n<link rel=\"canonical\" href=\"https:\/\/amu.pan.pl\/en\/monika-janik\/\" \/>\n<meta property=\"og:locale\" content=\"en_GB\" \/>\n<meta property=\"og:type\" content=\"article\" \/>\n<meta property=\"og:title\" content=\"Monika Janik - Akademia M\u0142odych Uczonych\" \/>\n<meta property=\"og:description\" content=\"Monika Janik Dr in\u017c. Monika Janik uko\u0144czy\u0142a studia (mgr in\u017c.) na Wydziale Chemicznym Politechniki Wroc\u0142awskiej, kierunek: Biotechnologia. Nast\u0119pnie kontynuowa\u0142a kszta\u0142cenie na Universite du Quebec en Outaouais (Kanada). W czerwcu 2019 roku uzyska\u0142a z wyr\u00f3\u017cnieniem stopie\u0144 doktora, specjalno\u015b\u0107: fotonika. Sta\u017c podoktorski (2019-2023) odby\u0142a na Politechnice Gda\u0144skiej. Obecnie pracuje na Politechnice Warszawskiej na stanowisku adiunkta. Jej dotychczasowe&hellip;&nbsp;Read More &raquo;Monika Janik\" \/>\n<meta property=\"og:url\" content=\"https:\/\/amu.pan.pl\/en\/monika-janik\/\" \/>\n<meta property=\"og:site_name\" content=\"Akademia M\u0142odych Uczonych\" \/>\n<meta property=\"article:publisher\" content=\"https:\/\/www.facebook.com\/AkademiaMlodychUczonych\/\" \/>\n<meta property=\"article:modified_time\" content=\"2024-09-19T11:43:35+00:00\" \/>\n<meta property=\"og:image\" content=\"https:\/\/amu.pan.pl\/wp-content\/uploads\/2024\/09\/Zdjecie-MJanik.jpg\" \/>\n\t<meta property=\"og:image:width\" content=\"800\" \/>\n\t<meta property=\"og:image:height\" content=\"800\" \/>\n\t<meta property=\"og:image:type\" content=\"image\/jpeg\" \/>\n<meta name=\"twitter:card\" content=\"summary_large_image\" \/>\n<meta name=\"twitter:site\" content=\"@AMUPAN1\" \/>\n<meta name=\"twitter:label1\" content=\"Estimated reading time\" \/>\n\t<meta name=\"twitter:data1\" content=\"2 minutes\" \/>\n<script type=\"application\/ld+json\" class=\"yoast-schema-graph\">{\"@context\":\"https:\/\/schema.org\",\"@graph\":[{\"@type\":\"WebPage\",\"@id\":\"https:\/\/amu.pan.pl\/monika-janik\/\",\"url\":\"https:\/\/amu.pan.pl\/monika-janik\/\",\"name\":\"Monika Janik - Akademia M\u0142odych Uczonych\",\"isPartOf\":{\"@id\":\"https:\/\/amu.pan.pl\/#website\"},\"primaryImageOfPage\":{\"@id\":\"https:\/\/amu.pan.pl\/monika-janik\/#primaryimage\"},\"image\":{\"@id\":\"https:\/\/amu.pan.pl\/monika-janik\/#primaryimage\"},\"thumbnailUrl\":\"https:\/\/amu.pan.pl\/wp-content\/uploads\/2024\/09\/Zdjecie-MJanik-300x300.jpg\",\"datePublished\":\"2024-09-18T20:34:43+00:00\",\"dateModified\":\"2024-09-19T11:43:35+00:00\",\"breadcrumb\":{\"@id\":\"https:\/\/amu.pan.pl\/monika-janik\/#breadcrumb\"},\"inLanguage\":\"en-GB\",\"potentialAction\":[{\"@type\":\"ReadAction\",\"target\":[\"https:\/\/amu.pan.pl\/monika-janik\/\"]}]},{\"@type\":\"ImageObject\",\"inLanguage\":\"en-GB\",\"@id\":\"https:\/\/amu.pan.pl\/monika-janik\/#primaryimage\",\"url\":\"https:\/\/amu.pan.pl\/wp-content\/uploads\/2024\/09\/Zdjecie-MJanik-300x300.jpg\",\"contentUrl\":\"https:\/\/amu.pan.pl\/wp-content\/uploads\/2024\/09\/Zdjecie-MJanik-300x300.jpg\"},{\"@type\":\"BreadcrumbList\",\"@id\":\"https:\/\/amu.pan.pl\/monika-janik\/#breadcrumb\",\"itemListElement\":[{\"@type\":\"ListItem\",\"position\":1,\"name\":\"Strona g\u0142\u00f3wna\",\"item\":\"https:\/\/amu.pan.pl\/\"},{\"@type\":\"ListItem\",\"position\":2,\"name\":\"Monika Janik\"}]},{\"@type\":\"WebSite\",\"@id\":\"https:\/\/amu.pan.pl\/#website\",\"url\":\"https:\/\/amu.pan.pl\/\",\"name\":\"Akademia M\u0142odych Uczonych\",\"description\":\"Polska Akademia Nauk\",\"publisher\":{\"@id\":\"https:\/\/amu.pan.pl\/#organization\"},\"potentialAction\":[{\"@type\":\"SearchAction\",\"target\":{\"@type\":\"EntryPoint\",\"urlTemplate\":\"https:\/\/amu.pan.pl\/?s={search_term_string}\"},\"query-input\":{\"@type\":\"PropertyValueSpecification\",\"valueRequired\":true,\"valueName\":\"search_term_string\"}}],\"inLanguage\":\"en-GB\"},{\"@type\":\"Organization\",\"@id\":\"https:\/\/amu.pan.pl\/#organization\",\"name\":\"Akademia M\u0142odych Uczonych\",\"url\":\"https:\/\/amu.pan.pl\/\",\"logo\":{\"@type\":\"ImageObject\",\"inLanguage\":\"en-GB\",\"@id\":\"https:\/\/amu.pan.pl\/#\/schema\/logo\/image\/\",\"url\":\"https:\/\/amu.pan.pl\/wp-content\/uploads\/2020\/08\/zz_amu.png\",\"contentUrl\":\"https:\/\/amu.pan.pl\/wp-content\/uploads\/2020\/08\/zz_amu.png\",\"width\":2794,\"height\":1016,\"caption\":\"Akademia M\u0142odych Uczonych\"},\"image\":{\"@id\":\"https:\/\/amu.pan.pl\/#\/schema\/logo\/image\/\"},\"sameAs\":[\"https:\/\/www.facebook.com\/AkademiaMlodychUczonych\/\",\"https:\/\/x.com\/AMUPAN1\"]}]}<\/script>\n<!-- \/ Yoast SEO plugin. -->","yoast_head_json":{"title":"Monika Janik - Akademia M\u0142odych Uczonych","robots":{"index":"index","follow":"follow","max-snippet":"max-snippet:-1","max-image-preview":"max-image-preview:large","max-video-preview":"max-video-preview:-1"},"canonical":"https:\/\/amu.pan.pl\/en\/monika-janik\/","og_locale":"en_GB","og_type":"article","og_title":"Monika Janik - Akademia M\u0142odych Uczonych","og_description":"Monika Janik Dr in\u017c. Monika Janik uko\u0144czy\u0142a studia (mgr in\u017c.) na Wydziale Chemicznym Politechniki Wroc\u0142awskiej, kierunek: Biotechnologia. Nast\u0119pnie kontynuowa\u0142a kszta\u0142cenie na Universite du Quebec en Outaouais (Kanada). W czerwcu 2019 roku uzyska\u0142a z wyr\u00f3\u017cnieniem stopie\u0144 doktora, specjalno\u015b\u0107: fotonika. Sta\u017c podoktorski (2019-2023) odby\u0142a na Politechnice Gda\u0144skiej. Obecnie pracuje na Politechnice Warszawskiej na stanowisku adiunkta. Jej dotychczasowe&hellip;&nbsp;Read More &raquo;Monika Janik","og_url":"https:\/\/amu.pan.pl\/en\/monika-janik\/","og_site_name":"Akademia M\u0142odych Uczonych","article_publisher":"https:\/\/www.facebook.com\/AkademiaMlodychUczonych\/","article_modified_time":"2024-09-19T11:43:35+00:00","og_image":[{"width":800,"height":800,"url":"https:\/\/amu.pan.pl\/wp-content\/uploads\/2024\/09\/Zdjecie-MJanik.jpg","type":"image\/jpeg"}],"twitter_card":"summary_large_image","twitter_site":"@AMUPAN1","twitter_misc":{"Estimated reading time":"2 minutes"},"schema":{"@context":"https:\/\/schema.org","@graph":[{"@type":"WebPage","@id":"https:\/\/amu.pan.pl\/monika-janik\/","url":"https:\/\/amu.pan.pl\/monika-janik\/","name":"Monika Janik - Akademia M\u0142odych Uczonych","isPartOf":{"@id":"https:\/\/amu.pan.pl\/#website"},"primaryImageOfPage":{"@id":"https:\/\/amu.pan.pl\/monika-janik\/#primaryimage"},"image":{"@id":"https:\/\/amu.pan.pl\/monika-janik\/#primaryimage"},"thumbnailUrl":"https:\/\/amu.pan.pl\/wp-content\/uploads\/2024\/09\/Zdjecie-MJanik-300x300.jpg","datePublished":"2024-09-18T20:34:43+00:00","dateModified":"2024-09-19T11:43:35+00:00","breadcrumb":{"@id":"https:\/\/amu.pan.pl\/monika-janik\/#breadcrumb"},"inLanguage":"en-GB","potentialAction":[{"@type":"ReadAction","target":["https:\/\/amu.pan.pl\/monika-janik\/"]}]},{"@type":"ImageObject","inLanguage":"en-GB","@id":"https:\/\/amu.pan.pl\/monika-janik\/#primaryimage","url":"https:\/\/amu.pan.pl\/wp-content\/uploads\/2024\/09\/Zdjecie-MJanik-300x300.jpg","contentUrl":"https:\/\/amu.pan.pl\/wp-content\/uploads\/2024\/09\/Zdjecie-MJanik-300x300.jpg"},{"@type":"BreadcrumbList","@id":"https:\/\/amu.pan.pl\/monika-janik\/#breadcrumb","itemListElement":[{"@type":"ListItem","position":1,"name":"Strona g\u0142\u00f3wna","item":"https:\/\/amu.pan.pl\/"},{"@type":"ListItem","position":2,"name":"Monika Janik"}]},{"@type":"WebSite","@id":"https:\/\/amu.pan.pl\/#website","url":"https:\/\/amu.pan.pl\/","name":"Akademia M\u0142odych Uczonych","description":"Polska Akademia Nauk","publisher":{"@id":"https:\/\/amu.pan.pl\/#organization"},"potentialAction":[{"@type":"SearchAction","target":{"@type":"EntryPoint","urlTemplate":"https:\/\/amu.pan.pl\/?s={search_term_string}"},"query-input":{"@type":"PropertyValueSpecification","valueRequired":true,"valueName":"search_term_string"}}],"inLanguage":"en-GB"},{"@type":"Organization","@id":"https:\/\/amu.pan.pl\/#organization","name":"Akademia M\u0142odych Uczonych","url":"https:\/\/amu.pan.pl\/","logo":{"@type":"ImageObject","inLanguage":"en-GB","@id":"https:\/\/amu.pan.pl\/#\/schema\/logo\/image\/","url":"https:\/\/amu.pan.pl\/wp-content\/uploads\/2020\/08\/zz_amu.png","contentUrl":"https:\/\/amu.pan.pl\/wp-content\/uploads\/2020\/08\/zz_amu.png","width":2794,"height":1016,"caption":"Akademia M\u0142odych Uczonych"},"image":{"@id":"https:\/\/amu.pan.pl\/#\/schema\/logo\/image\/"},"sameAs":["https:\/\/www.facebook.com\/AkademiaMlodychUczonych\/","https:\/\/x.com\/AMUPAN1"]}]}},"_links":{"self":[{"href":"https:\/\/amu.pan.pl\/en\/wp-json\/wp\/v2\/pages\/5517","targetHints":{"allow":["GET"]}}],"collection":[{"href":"https:\/\/amu.pan.pl\/en\/wp-json\/wp\/v2\/pages"}],"about":[{"href":"https:\/\/amu.pan.pl\/en\/wp-json\/wp\/v2\/types\/page"}],"author":[{"embeddable":true,"href":"https:\/\/amu.pan.pl\/en\/wp-json\/wp\/v2\/users\/2"}],"replies":[{"embeddable":true,"href":"https:\/\/amu.pan.pl\/en\/wp-json\/wp\/v2\/comments?post=5517"}],"version-history":[{"count":8,"href":"https:\/\/amu.pan.pl\/en\/wp-json\/wp\/v2\/pages\/5517\/revisions"}],"predecessor-version":[{"id":5618,"href":"https:\/\/amu.pan.pl\/en\/wp-json\/wp\/v2\/pages\/5517\/revisions\/5618"}],"wp:attachment":[{"href":"https:\/\/amu.pan.pl\/en\/wp-json\/wp\/v2\/media?parent=5517"}],"curies":[{"name":"wp","href":"https:\/\/api.w.org\/{rel}","templated":true}]}}