{"id":5523,"date":"2024-09-18T22:38:00","date_gmt":"2024-09-18T20:38:00","guid":{"rendered":"https:\/\/amu.pan.pl\/?page_id=5523"},"modified":"2024-09-19T13:41:56","modified_gmt":"2024-09-19T11:41:56","slug":"michal-jakubowicz","status":"publish","type":"page","link":"https:\/\/amu.pan.pl\/en\/michal-jakubowicz\/","title":{"rendered":"Micha\u0142 Jakubowicz"},"content":{"rendered":"<div data-elementor-type=\"wp-page\" data-elementor-id=\"5523\" class=\"elementor elementor-5523\">\n\t\t\t\t\t\t<section class=\"elementor-section elementor-top-section elementor-element elementor-element-09b41a6 elementor-section-boxed elementor-section-height-default elementor-section-height-default\" data-id=\"09b41a6\" data-element_type=\"section\">\n\t\t\t\t\t\t<div class=\"elementor-container elementor-column-gap-default\">\n\t\t\t\t\t<div class=\"elementor-column elementor-col-100 elementor-top-column elementor-element elementor-element-74964d9\" data-id=\"74964d9\" data-element_type=\"column\">\n\t\t\t<div class=\"elementor-widget-wrap elementor-element-populated\">\n\t\t\t\t\t\t<div class=\"elementor-element elementor-element-2538d30 elementor-widget elementor-widget-heading\" data-id=\"2538d30\" data-element_type=\"widget\" data-widget_type=\"heading.default\">\n\t\t\t\t<div class=\"elementor-widget-container\">\n\t\t\t\t\t<h1 class=\"elementor-heading-title elementor-size-default\">Micha\u0142 Jakubowicz<\/h1>\t\t\t\t<\/div>\n\t\t\t\t<\/div>\n\t\t\t\t\t<\/div>\n\t\t<\/div>\n\t\t\t\t\t<\/div>\n\t\t<\/section>\n\t\t\t\t<section class=\"elementor-section elementor-top-section elementor-element elementor-element-9d97495 elementor-section-boxed elementor-section-height-default elementor-section-height-default\" data-id=\"9d97495\" data-element_type=\"section\">\n\t\t\t\t\t\t<div class=\"elementor-container elementor-column-gap-default\">\n\t\t\t\t\t<div class=\"elementor-column elementor-col-100 elementor-top-column elementor-element elementor-element-3059e8b\" data-id=\"3059e8b\" data-element_type=\"column\">\n\t\t\t<div class=\"elementor-widget-wrap elementor-element-populated\">\n\t\t\t\t\t\t<div class=\"elementor-element elementor-element-bd90304 elementor-widget elementor-widget-text-editor\" data-id=\"bd90304\" data-element_type=\"widget\" data-widget_type=\"text-editor.default\">\n\t\t\t\t<div class=\"elementor-widget-container\">\n\t\t\t\t\t\t\t\t\t<p><strong><a href=\"https:\/\/amu.pan.pl\/o-nas\/sklad-amu\/_mg_6710\/\" rel=\"attachment wp-att-5446\"><img fetchpriority=\"high\" decoding=\"async\" class=\"alignleft size-medium wp-image-5446\" src=\"https:\/\/amu.pan.pl\/wp-content\/uploads\/2024\/09\/MG_6710-210x300.jpg\" alt=\"\" width=\"210\" height=\"300\" srcset=\"https:\/\/amu.pan.pl\/wp-content\/uploads\/2024\/09\/MG_6710-210x300.jpg 210w, https:\/\/amu.pan.pl\/wp-content\/uploads\/2024\/09\/MG_6710-717x1024.jpg 717w, https:\/\/amu.pan.pl\/wp-content\/uploads\/2024\/09\/MG_6710-768x1097.jpg 768w, https:\/\/amu.pan.pl\/wp-content\/uploads\/2024\/09\/MG_6710-8x12.jpg 8w, https:\/\/amu.pan.pl\/wp-content\/uploads\/2024\/09\/MG_6710.jpg 827w\" sizes=\"(max-width: 210px) 100vw, 210px\" \/><\/a>Dr. hab. Micha\u0142 Jakubowicz \u2013 <\/strong>geolog, prof. ucz. Uniwersytetu im. Adama Mickiewicza w Poznaniu. Specjalizuje si\u0119 w dziedzinie sedymentologii i geochemii ska\u0142 w\u0119glanowych. Obecnie jego zainteresowania naukowe skupiaj\u0105 si\u0119 g\u0142\u00f3wnie na odtwarzaniu \u015brodowiska sedymentacji wapieni wysi\u0119k\u00f3w metanu; opr\u00f3cz tego od latprowadzi badania po\u015bwi\u0119cone paleoekologii paleozoicznych koralowc\u00f3w, \u015brodowisk rozwoju struktur sedymentacyjnych pochodzenia mikrobialnego, a tak\u017ce mechanizm\u00f3w wzrostu g\u0142\u0119bokomorskich budowli w\u0119glanowych. Prace doktorsk\u0105 obroni\u0142 na Uniwersytecie im. Adama Mickiewicza w Poznaniu. W latach 2013\u20132014 by\u0142 stypendyst\u0105 Deutscher Akademischer Austauschdienst (DAAD) w Laboratorium Izotop\u00f3w Stabilnych GeoZentrum Nordbayern, Frierdich-Alexander Universit\u00e4t Erlangen-N\u00fcrnberg (Niemcy). Wsp\u00f3\u0142autor kilkudziesi\u0119ciu artyku\u0142\u00f3w naukowych w mi\u0119dzynarodowych czasopismach i monografiach naukowych; kierownik czterech grant\u00f3w badawczych Narodowego Centrum Nauki i Ministerstwa Nauki i Szkolnictwa Wy\u017cszego. Wyr\u00f3\u017cniony m. in. 1. Miejscem w konkursie Pozna\u0144skiego Oddzia\u0142u Polskiej Akademii Nauk na najlepsz\u0105 prac\u0119 doktorsk\u0105 napisan\u0105 przez doktoranta w roku 2013, Nagrod\u0105 dla Student\u00f3w Zagranicznych Instytutu Fizyki Ziemi w Pary\u017cu (2013), Nagrod\u0105 im. Ignacego Domeyki Polskiej Akademii Nauk (2016), a tak\u017ce stypendiami: Fundacji Uniwersytetu im. Adama Mickiewicza (2014\u20132015), dwukrotnie programu Start Fundacji na rzecz Nauki Polskiej (w tym 2015\u20132016 ze szczeg\u00f3lnym wyr\u00f3\u017cnieniem; 2016\u20132017) oraz stypendium dla wybitnych m\u0142odych naukowc\u00f3w Ministra Nauki i Szkolnictwa Wy\u017cszego (2018\u20132021 roku).\u00a0<\/p>\t\t\t\t\t\t\t\t<\/div>\n\t\t\t\t<\/div>\n\t\t\t\t\t<\/div>\n\t\t<\/div>\n\t\t\t\t\t<\/div>\n\t\t<\/section>\n\t\t\t\t<\/div>","protected":false},"excerpt":{"rendered":"<p>Micha\u0142 Jakubowicz Dr. hab. Micha\u0142 Jakubowicz \u2013 geolog, prof. ucz. Uniwersytetu im. Adama Mickiewicza w Poznaniu. Specjalizuje si\u0119 w dziedzinie sedymentologii i geochemii ska\u0142 w\u0119glanowych. Obecnie jego zainteresowania naukowe skupiaj\u0105 si\u0119 g\u0142\u00f3wnie na odtwarzaniu \u015brodowiska sedymentacji wapieni wysi\u0119k\u00f3w metanu; opr\u00f3cz tego od latprowadzi badania po\u015bwi\u0119cone paleoekologii paleozoicznych koralowc\u00f3w, \u015brodowisk rozwoju struktur sedymentacyjnych pochodzenia mikrobialnego, a&hellip;&nbsp;<a href=\"https:\/\/amu.pan.pl\/en\/michal-jakubowicz\/\" rel=\"bookmark\">Read More &raquo;<span class=\"screen-reader-text\">Micha\u0142 Jakubowicz<\/span><\/a><\/p>","protected":false},"author":2,"featured_media":0,"parent":0,"menu_order":0,"comment_status":"closed","ping_status":"closed","template":"page-templates\/template-pagebuilder-full-width.php","meta":{"_monsterinsights_skip_tracking":false,"_monsterinsights_sitenote_active":false,"_monsterinsights_sitenote_note":"","_monsterinsights_sitenote_category":0,"neve_meta_sidebar":"","neve_meta_container":"","neve_meta_enable_content_width":"","neve_meta_content_width":0,"neve_meta_title_alignment":"","neve_meta_author_avatar":"","neve_post_elements_order":"","neve_meta_disable_header":"","neve_meta_disable_footer":"","neve_meta_disable_title":"","footnotes":""},"class_list":["post-5523","page","type-page","status-publish","hentry"],"yoast_head":"<!-- This site is optimized with the Yoast SEO plugin v25.0 - https:\/\/yoast.com\/wordpress\/plugins\/seo\/ -->\n<title>Micha\u0142 Jakubowicz - Akademia M\u0142odych Uczonych<\/title>\n<meta name=\"robots\" content=\"index, follow, max-snippet:-1, max-image-preview:large, max-video-preview:-1\" \/>\n<link rel=\"canonical\" href=\"https:\/\/amu.pan.pl\/en\/michal-jakubowicz\/\" \/>\n<meta property=\"og:locale\" content=\"en_GB\" \/>\n<meta property=\"og:type\" content=\"article\" \/>\n<meta property=\"og:title\" content=\"Micha\u0142 Jakubowicz - Akademia M\u0142odych Uczonych\" \/>\n<meta property=\"og:description\" content=\"Micha\u0142 Jakubowicz Dr. hab. Micha\u0142 Jakubowicz \u2013 geolog, prof. ucz. Uniwersytetu im. Adama Mickiewicza w Poznaniu. Specjalizuje si\u0119 w dziedzinie sedymentologii i geochemii ska\u0142 w\u0119glanowych. Obecnie jego zainteresowania naukowe skupiaj\u0105 si\u0119 g\u0142\u00f3wnie na odtwarzaniu \u015brodowiska sedymentacji wapieni wysi\u0119k\u00f3w metanu; opr\u00f3cz tego od latprowadzi badania po\u015bwi\u0119cone paleoekologii paleozoicznych koralowc\u00f3w, \u015brodowisk rozwoju struktur sedymentacyjnych pochodzenia mikrobialnego, a&hellip;&nbsp;Read More &raquo;Micha\u0142 Jakubowicz\" \/>\n<meta property=\"og:url\" content=\"https:\/\/amu.pan.pl\/en\/michal-jakubowicz\/\" \/>\n<meta property=\"og:site_name\" content=\"Akademia M\u0142odych Uczonych\" \/>\n<meta property=\"article:publisher\" content=\"https:\/\/www.facebook.com\/AkademiaMlodychUczonych\/\" \/>\n<meta property=\"article:modified_time\" content=\"2024-09-19T11:41:56+00:00\" \/>\n<meta property=\"og:image\" content=\"https:\/\/amu.pan.pl\/wp-content\/uploads\/2024\/09\/MG_6710.jpg\" \/>\n\t<meta property=\"og:image:width\" content=\"827\" \/>\n\t<meta property=\"og:image:height\" content=\"1181\" \/>\n\t<meta property=\"og:image:type\" content=\"image\/jpeg\" \/>\n<meta name=\"twitter:card\" content=\"summary_large_image\" \/>\n<meta name=\"twitter:site\" content=\"@AMUPAN1\" \/>\n<meta name=\"twitter:label1\" content=\"Estimated reading time\" \/>\n\t<meta name=\"twitter:data1\" content=\"1 minute\" \/>\n<script type=\"application\/ld+json\" class=\"yoast-schema-graph\">{\"@context\":\"https:\/\/schema.org\",\"@graph\":[{\"@type\":\"WebPage\",\"@id\":\"https:\/\/amu.pan.pl\/michal-jakubowicz\/\",\"url\":\"https:\/\/amu.pan.pl\/michal-jakubowicz\/\",\"name\":\"Micha\u0142 Jakubowicz - Akademia M\u0142odych Uczonych\",\"isPartOf\":{\"@id\":\"https:\/\/amu.pan.pl\/#website\"},\"primaryImageOfPage\":{\"@id\":\"https:\/\/amu.pan.pl\/michal-jakubowicz\/#primaryimage\"},\"image\":{\"@id\":\"https:\/\/amu.pan.pl\/michal-jakubowicz\/#primaryimage\"},\"thumbnailUrl\":\"https:\/\/amu.pan.pl\/wp-content\/uploads\/2024\/09\/MG_6710-210x300.jpg\",\"datePublished\":\"2024-09-18T20:38:00+00:00\",\"dateModified\":\"2024-09-19T11:41:56+00:00\",\"breadcrumb\":{\"@id\":\"https:\/\/amu.pan.pl\/michal-jakubowicz\/#breadcrumb\"},\"inLanguage\":\"en-GB\",\"potentialAction\":[{\"@type\":\"ReadAction\",\"target\":[\"https:\/\/amu.pan.pl\/michal-jakubowicz\/\"]}]},{\"@type\":\"ImageObject\",\"inLanguage\":\"en-GB\",\"@id\":\"https:\/\/amu.pan.pl\/michal-jakubowicz\/#primaryimage\",\"url\":\"https:\/\/amu.pan.pl\/wp-content\/uploads\/2024\/09\/MG_6710-210x300.jpg\",\"contentUrl\":\"https:\/\/amu.pan.pl\/wp-content\/uploads\/2024\/09\/MG_6710-210x300.jpg\"},{\"@type\":\"BreadcrumbList\",\"@id\":\"https:\/\/amu.pan.pl\/michal-jakubowicz\/#breadcrumb\",\"itemListElement\":[{\"@type\":\"ListItem\",\"position\":1,\"name\":\"Strona g\u0142\u00f3wna\",\"item\":\"https:\/\/amu.pan.pl\/\"},{\"@type\":\"ListItem\",\"position\":2,\"name\":\"Micha\u0142 Jakubowicz\"}]},{\"@type\":\"WebSite\",\"@id\":\"https:\/\/amu.pan.pl\/#website\",\"url\":\"https:\/\/amu.pan.pl\/\",\"name\":\"Akademia M\u0142odych Uczonych\",\"description\":\"Polska Akademia Nauk\",\"publisher\":{\"@id\":\"https:\/\/amu.pan.pl\/#organization\"},\"potentialAction\":[{\"@type\":\"SearchAction\",\"target\":{\"@type\":\"EntryPoint\",\"urlTemplate\":\"https:\/\/amu.pan.pl\/?s={search_term_string}\"},\"query-input\":{\"@type\":\"PropertyValueSpecification\",\"valueRequired\":true,\"valueName\":\"search_term_string\"}}],\"inLanguage\":\"en-GB\"},{\"@type\":\"Organization\",\"@id\":\"https:\/\/amu.pan.pl\/#organization\",\"name\":\"Akademia M\u0142odych Uczonych\",\"url\":\"https:\/\/amu.pan.pl\/\",\"logo\":{\"@type\":\"ImageObject\",\"inLanguage\":\"en-GB\",\"@id\":\"https:\/\/amu.pan.pl\/#\/schema\/logo\/image\/\",\"url\":\"https:\/\/amu.pan.pl\/wp-content\/uploads\/2020\/08\/zz_amu.png\",\"contentUrl\":\"https:\/\/amu.pan.pl\/wp-content\/uploads\/2020\/08\/zz_amu.png\",\"width\":2794,\"height\":1016,\"caption\":\"Akademia M\u0142odych Uczonych\"},\"image\":{\"@id\":\"https:\/\/amu.pan.pl\/#\/schema\/logo\/image\/\"},\"sameAs\":[\"https:\/\/www.facebook.com\/AkademiaMlodychUczonych\/\",\"https:\/\/x.com\/AMUPAN1\"]}]}<\/script>\n<!-- \/ Yoast SEO plugin. -->","yoast_head_json":{"title":"Micha\u0142 Jakubowicz - Akademia M\u0142odych Uczonych","robots":{"index":"index","follow":"follow","max-snippet":"max-snippet:-1","max-image-preview":"max-image-preview:large","max-video-preview":"max-video-preview:-1"},"canonical":"https:\/\/amu.pan.pl\/en\/michal-jakubowicz\/","og_locale":"en_GB","og_type":"article","og_title":"Micha\u0142 Jakubowicz - Akademia M\u0142odych Uczonych","og_description":"Micha\u0142 Jakubowicz Dr. hab. Micha\u0142 Jakubowicz \u2013 geolog, prof. ucz. Uniwersytetu im. Adama Mickiewicza w Poznaniu. Specjalizuje si\u0119 w dziedzinie sedymentologii i geochemii ska\u0142 w\u0119glanowych. Obecnie jego zainteresowania naukowe skupiaj\u0105 si\u0119 g\u0142\u00f3wnie na odtwarzaniu \u015brodowiska sedymentacji wapieni wysi\u0119k\u00f3w metanu; opr\u00f3cz tego od latprowadzi badania po\u015bwi\u0119cone paleoekologii paleozoicznych koralowc\u00f3w, \u015brodowisk rozwoju struktur sedymentacyjnych pochodzenia mikrobialnego, a&hellip;&nbsp;Read More &raquo;Micha\u0142 Jakubowicz","og_url":"https:\/\/amu.pan.pl\/en\/michal-jakubowicz\/","og_site_name":"Akademia M\u0142odych Uczonych","article_publisher":"https:\/\/www.facebook.com\/AkademiaMlodychUczonych\/","article_modified_time":"2024-09-19T11:41:56+00:00","og_image":[{"width":827,"height":1181,"url":"https:\/\/amu.pan.pl\/wp-content\/uploads\/2024\/09\/MG_6710.jpg","type":"image\/jpeg"}],"twitter_card":"summary_large_image","twitter_site":"@AMUPAN1","twitter_misc":{"Estimated reading time":"1 minute"},"schema":{"@context":"https:\/\/schema.org","@graph":[{"@type":"WebPage","@id":"https:\/\/amu.pan.pl\/michal-jakubowicz\/","url":"https:\/\/amu.pan.pl\/michal-jakubowicz\/","name":"Micha\u0142 Jakubowicz - Akademia M\u0142odych Uczonych","isPartOf":{"@id":"https:\/\/amu.pan.pl\/#website"},"primaryImageOfPage":{"@id":"https:\/\/amu.pan.pl\/michal-jakubowicz\/#primaryimage"},"image":{"@id":"https:\/\/amu.pan.pl\/michal-jakubowicz\/#primaryimage"},"thumbnailUrl":"https:\/\/amu.pan.pl\/wp-content\/uploads\/2024\/09\/MG_6710-210x300.jpg","datePublished":"2024-09-18T20:38:00+00:00","dateModified":"2024-09-19T11:41:56+00:00","breadcrumb":{"@id":"https:\/\/amu.pan.pl\/michal-jakubowicz\/#breadcrumb"},"inLanguage":"en-GB","potentialAction":[{"@type":"ReadAction","target":["https:\/\/amu.pan.pl\/michal-jakubowicz\/"]}]},{"@type":"ImageObject","inLanguage":"en-GB","@id":"https:\/\/amu.pan.pl\/michal-jakubowicz\/#primaryimage","url":"https:\/\/amu.pan.pl\/wp-content\/uploads\/2024\/09\/MG_6710-210x300.jpg","contentUrl":"https:\/\/amu.pan.pl\/wp-content\/uploads\/2024\/09\/MG_6710-210x300.jpg"},{"@type":"BreadcrumbList","@id":"https:\/\/amu.pan.pl\/michal-jakubowicz\/#breadcrumb","itemListElement":[{"@type":"ListItem","position":1,"name":"Strona g\u0142\u00f3wna","item":"https:\/\/amu.pan.pl\/"},{"@type":"ListItem","position":2,"name":"Micha\u0142 Jakubowicz"}]},{"@type":"WebSite","@id":"https:\/\/amu.pan.pl\/#website","url":"https:\/\/amu.pan.pl\/","name":"Akademia M\u0142odych Uczonych","description":"Polska Akademia Nauk","publisher":{"@id":"https:\/\/amu.pan.pl\/#organization"},"potentialAction":[{"@type":"SearchAction","target":{"@type":"EntryPoint","urlTemplate":"https:\/\/amu.pan.pl\/?s={search_term_string}"},"query-input":{"@type":"PropertyValueSpecification","valueRequired":true,"valueName":"search_term_string"}}],"inLanguage":"en-GB"},{"@type":"Organization","@id":"https:\/\/amu.pan.pl\/#organization","name":"Akademia M\u0142odych Uczonych","url":"https:\/\/amu.pan.pl\/","logo":{"@type":"ImageObject","inLanguage":"en-GB","@id":"https:\/\/amu.pan.pl\/#\/schema\/logo\/image\/","url":"https:\/\/amu.pan.pl\/wp-content\/uploads\/2020\/08\/zz_amu.png","contentUrl":"https:\/\/amu.pan.pl\/wp-content\/uploads\/2020\/08\/zz_amu.png","width":2794,"height":1016,"caption":"Akademia M\u0142odych Uczonych"},"image":{"@id":"https:\/\/amu.pan.pl\/#\/schema\/logo\/image\/"},"sameAs":["https:\/\/www.facebook.com\/AkademiaMlodychUczonych\/","https:\/\/x.com\/AMUPAN1"]}]}},"_links":{"self":[{"href":"https:\/\/amu.pan.pl\/en\/wp-json\/wp\/v2\/pages\/5523","targetHints":{"allow":["GET"]}}],"collection":[{"href":"https:\/\/amu.pan.pl\/en\/wp-json\/wp\/v2\/pages"}],"about":[{"href":"https:\/\/amu.pan.pl\/en\/wp-json\/wp\/v2\/types\/page"}],"author":[{"embeddable":true,"href":"https:\/\/amu.pan.pl\/en\/wp-json\/wp\/v2\/users\/2"}],"replies":[{"embeddable":true,"href":"https:\/\/amu.pan.pl\/en\/wp-json\/wp\/v2\/comments?post=5523"}],"version-history":[{"count":11,"href":"https:\/\/amu.pan.pl\/en\/wp-json\/wp\/v2\/pages\/5523\/revisions"}],"predecessor-version":[{"id":5615,"href":"https:\/\/amu.pan.pl\/en\/wp-json\/wp\/v2\/pages\/5523\/revisions\/5615"}],"wp:attachment":[{"href":"https:\/\/amu.pan.pl\/en\/wp-json\/wp\/v2\/media?parent=5523"}],"curies":[{"name":"wp","href":"https:\/\/api.w.org\/{rel}","templated":true}]}}