{"id":5535,"date":"2024-09-19T09:52:26","date_gmt":"2024-09-19T07:52:26","guid":{"rendered":"https:\/\/amu.pan.pl\/?page_id=5535"},"modified":"2024-09-19T13:41:15","modified_gmt":"2024-09-19T11:41:15","slug":"katarzyna-klonowska","status":"publish","type":"page","link":"https:\/\/amu.pan.pl\/en\/katarzyna-klonowska\/","title":{"rendered":"Katarzyna Klonowska"},"content":{"rendered":"<div data-elementor-type=\"wp-page\" data-elementor-id=\"5535\" class=\"elementor elementor-5535\">\n\t\t\t\t\t\t<section class=\"elementor-section elementor-top-section elementor-element elementor-element-5c54e6d elementor-section-boxed elementor-section-height-default elementor-section-height-default\" data-id=\"5c54e6d\" data-element_type=\"section\">\n\t\t\t\t\t\t<div class=\"elementor-container elementor-column-gap-default\">\n\t\t\t\t\t<div class=\"elementor-column elementor-col-100 elementor-top-column elementor-element elementor-element-5722d28\" data-id=\"5722d28\" data-element_type=\"column\">\n\t\t\t<div class=\"elementor-widget-wrap elementor-element-populated\">\n\t\t\t\t\t\t<div class=\"elementor-element elementor-element-cd29f7b elementor-widget elementor-widget-heading\" data-id=\"cd29f7b\" data-element_type=\"widget\" data-widget_type=\"heading.default\">\n\t\t\t\t<div class=\"elementor-widget-container\">\n\t\t\t\t\t<h1 class=\"elementor-heading-title elementor-size-default\">Katarzyna Klonowska<\/h1>\t\t\t\t<\/div>\n\t\t\t\t<\/div>\n\t\t\t\t\t<\/div>\n\t\t<\/div>\n\t\t\t\t\t<\/div>\n\t\t<\/section>\n\t\t\t\t<section class=\"elementor-section elementor-top-section elementor-element elementor-element-124e42d elementor-section-boxed elementor-section-height-default elementor-section-height-default\" data-id=\"124e42d\" data-element_type=\"section\">\n\t\t\t\t\t\t<div class=\"elementor-container elementor-column-gap-default\">\n\t\t\t\t\t<div class=\"elementor-column elementor-col-100 elementor-top-column elementor-element elementor-element-6333857\" data-id=\"6333857\" data-element_type=\"column\">\n\t\t\t<div class=\"elementor-widget-wrap elementor-element-populated\">\n\t\t\t\t\t\t<div class=\"elementor-element elementor-element-6119adb elementor-widget elementor-widget-text-editor\" data-id=\"6119adb\" data-element_type=\"widget\" data-widget_type=\"text-editor.default\">\n\t\t\t\t<div class=\"elementor-widget-container\">\n\t\t\t\t\t\t\t\t\t<p><a href=\"https:\/\/amu.pan.pl\/o-nas\/sklad-amu\/klonowskak_zdjecie\/\" rel=\"attachment wp-att-5425\"><img fetchpriority=\"high\" decoding=\"async\" class=\"alignleft size-medium wp-image-5425\" src=\"https:\/\/amu.pan.pl\/wp-content\/uploads\/2024\/09\/KlonowskaK_zdjecie-300x272.jpeg\" alt=\"\" width=\"300\" height=\"272\" srcset=\"https:\/\/amu.pan.pl\/wp-content\/uploads\/2024\/09\/KlonowskaK_zdjecie-300x272.jpeg 300w, https:\/\/amu.pan.pl\/wp-content\/uploads\/2024\/09\/KlonowskaK_zdjecie-1024x929.jpeg 1024w, https:\/\/amu.pan.pl\/wp-content\/uploads\/2024\/09\/KlonowskaK_zdjecie-768x697.jpeg 768w, https:\/\/amu.pan.pl\/wp-content\/uploads\/2024\/09\/KlonowskaK_zdjecie-1536x1394.jpeg 1536w, https:\/\/amu.pan.pl\/wp-content\/uploads\/2024\/09\/KlonowskaK_zdjecie-2048x1858.jpeg 2048w, https:\/\/amu.pan.pl\/wp-content\/uploads\/2024\/09\/KlonowskaK_zdjecie-13x12.jpeg 13w\" sizes=\"(max-width: 300px) 100vw, 300px\" \/><\/a>Dr Katarzyna Klonowska \u2013 Od stycznia 2024 kieruje Zak\u0142adem Genetyki Nowotwor\u00f3w w Instytucie Chemii Bioorganicznej PAN (ICHB PAN) w Poznaniu (<a href=\"https:\/\/portal.ichb.pl\/z-d-genetyki-nowotworow\/\">https:\/\/portal.ichb.pl\/z-d-genetyki-nowotworow\/<\/a>). W roku 2017 uzyska\u0142a stopie\u0144 doktora w ICHB PAN w Poznaniu, a w latach 2018-2023 odby\u0142a sta\u017c podoktorski na Uniwersytecie Harvarda (Harvard Medical School) i w Brigham and Women\u2019s Hospital w Bostonie w grupie Dr. David\u2019a Kwiatkowskiego \u2013 \u015bwiatowego lidera w genetyce stwardnienia guzowatego (ang. Tuberous Sclerosis Complex, TSC).<\/p><p>Obecnie badania dr Katarzyny Klonowskiej koncentruj\u0105 si\u0119 na zg\u0142\u0119bianiu pod\u0142o\u017ca genetycznego nowotwor\u00f3w, ze szczeg\u00f3lnym uwzgl\u0119dnieniem genetyki zespo\u0142\u00f3w dziedzicznych predysponuj\u0105cych do wyst\u0119powania nowotwor\u00f3w zwi\u0105zanych z inaktywacj\u0105 gen\u00f3w supresorowych (ang. Tumor Suppressor Syndromes, TSS). Jednym z g\u0142\u00f3wnych obszar\u00f3w zainteresowa\u0144 jest charakterystyka mozaikowato\u015bci i spektrum mutacji somatycznych w guzach u pacjent\u00f3w z TSC. Badania dr Katarzyny Klonowskiej zosta\u0142y podsumowane w 21 publikacjach w czasopismach z bazy Web of Science, w tym w <em>Nature Communications<\/em>, <em>Journal of Clinical Investigation<\/em>, <em>Clinical Cancer Research<\/em> czy <em>American Journal of Human Genetics<\/em>.<\/p><p>Dotychczas dr Katarzyna Klonowska kierowa\u0142a 3 grantami badawczymi. W trakcie sta\u017cu w Bostonie, uzyska\u0142a i zrealizowa\u0142a presti\u017cowy grant <em>TSC Alliance Postdoctoral Fellowship Award<\/em>, finansowany przez fundacj\u0119 TSC Alliance (Maryland, USA). Kierowa\u0142a\/kieruje r\u00f3wnie\u017c grantami <em>PRELUDIUM<\/em> and <em>OPUS<\/em> finansowanymi przez Narodowe Centrum Nauki. Dr Katarzyna Klonowska otrzyma\u0142a tak\u017ce kilkana\u015bcie nagr\u00f3d za osi\u0105gni\u0119cia naukowe w Polsce, Stanach Zjednoczonych i Wielkiej Brytanii, w tym <em>Stypendium Prezesa PAN<\/em> oraz dwukrotnie nagrod\u0119 <em>Research Excellence Award 2020<\/em> and <em>2021<\/em>, przyznan\u0105 w Brigham and Women\u2019s Hospital w Bostonie.<\/p>\t\t\t\t\t\t\t\t<\/div>\n\t\t\t\t<\/div>\n\t\t\t\t\t<\/div>\n\t\t<\/div>\n\t\t\t\t\t<\/div>\n\t\t<\/section>\n\t\t\t\t<\/div>","protected":false},"excerpt":{"rendered":"<p>Katarzyna Klonowska Dr Katarzyna Klonowska \u2013 Od stycznia 2024 kieruje Zak\u0142adem Genetyki Nowotwor\u00f3w w Instytucie Chemii Bioorganicznej PAN (ICHB PAN) w Poznaniu (https:\/\/portal.ichb.pl\/z-d-genetyki-nowotworow\/). W roku 2017 uzyska\u0142a stopie\u0144 doktora w ICHB PAN w Poznaniu, a w latach 2018-2023 odby\u0142a sta\u017c podoktorski na Uniwersytecie Harvarda (Harvard Medical School) i w Brigham and Women\u2019s Hospital w Bostonie&hellip;&nbsp;<a href=\"https:\/\/amu.pan.pl\/en\/katarzyna-klonowska\/\" rel=\"bookmark\">Read More &raquo;<span class=\"screen-reader-text\">Katarzyna Klonowska<\/span><\/a><\/p>","protected":false},"author":2,"featured_media":0,"parent":0,"menu_order":0,"comment_status":"closed","ping_status":"closed","template":"page-templates\/template-pagebuilder-full-width.php","meta":{"_monsterinsights_skip_tracking":false,"_monsterinsights_sitenote_active":false,"_monsterinsights_sitenote_note":"","_monsterinsights_sitenote_category":0,"neve_meta_sidebar":"","neve_meta_container":"","neve_meta_enable_content_width":"","neve_meta_content_width":0,"neve_meta_title_alignment":"","neve_meta_author_avatar":"","neve_post_elements_order":"","neve_meta_disable_header":"","neve_meta_disable_footer":"","neve_meta_disable_title":"","footnotes":""},"class_list":["post-5535","page","type-page","status-publish","hentry"],"yoast_head":"<!-- This site is optimized with the Yoast SEO plugin v25.0 - https:\/\/yoast.com\/wordpress\/plugins\/seo\/ -->\n<title>Katarzyna Klonowska - Akademia M\u0142odych Uczonych<\/title>\n<meta name=\"robots\" content=\"index, follow, max-snippet:-1, max-image-preview:large, max-video-preview:-1\" \/>\n<link rel=\"canonical\" href=\"https:\/\/amu.pan.pl\/en\/katarzyna-klonowska\/\" \/>\n<meta property=\"og:locale\" content=\"en_GB\" \/>\n<meta property=\"og:type\" content=\"article\" \/>\n<meta property=\"og:title\" content=\"Katarzyna Klonowska - Akademia M\u0142odych Uczonych\" \/>\n<meta property=\"og:description\" content=\"Katarzyna Klonowska Dr Katarzyna Klonowska \u2013 Od stycznia 2024 kieruje Zak\u0142adem Genetyki Nowotwor\u00f3w w Instytucie Chemii Bioorganicznej PAN (ICHB PAN) w Poznaniu (https:\/\/portal.ichb.pl\/z-d-genetyki-nowotworow\/). W roku 2017 uzyska\u0142a stopie\u0144 doktora w ICHB PAN w Poznaniu, a w latach 2018-2023 odby\u0142a sta\u017c podoktorski na Uniwersytecie Harvarda (Harvard Medical School) i w Brigham and Women\u2019s Hospital w Bostonie&hellip;&nbsp;Read More &raquo;Katarzyna Klonowska\" \/>\n<meta property=\"og:url\" content=\"https:\/\/amu.pan.pl\/en\/katarzyna-klonowska\/\" \/>\n<meta property=\"og:site_name\" content=\"Akademia M\u0142odych Uczonych\" \/>\n<meta property=\"article:publisher\" content=\"https:\/\/www.facebook.com\/AkademiaMlodychUczonych\/\" \/>\n<meta property=\"article:modified_time\" content=\"2024-09-19T11:41:15+00:00\" \/>\n<meta property=\"og:image\" content=\"https:\/\/amu.pan.pl\/wp-content\/uploads\/2024\/09\/KlonowskaK_zdjecie-scaled.jpeg\" \/>\n\t<meta property=\"og:image:width\" content=\"2560\" \/>\n\t<meta property=\"og:image:height\" content=\"2323\" \/>\n\t<meta property=\"og:image:type\" content=\"image\/jpeg\" \/>\n<meta name=\"twitter:card\" content=\"summary_large_image\" \/>\n<meta name=\"twitter:site\" content=\"@AMUPAN1\" \/>\n<meta name=\"twitter:label1\" content=\"Estimated reading time\" \/>\n\t<meta name=\"twitter:data1\" content=\"1 minute\" \/>\n<script type=\"application\/ld+json\" class=\"yoast-schema-graph\">{\"@context\":\"https:\/\/schema.org\",\"@graph\":[{\"@type\":\"WebPage\",\"@id\":\"https:\/\/amu.pan.pl\/en\/katarzyna-klonowska\/\",\"url\":\"https:\/\/amu.pan.pl\/en\/katarzyna-klonowska\/\",\"name\":\"Katarzyna Klonowska - Akademia M\u0142odych Uczonych\",\"isPartOf\":{\"@id\":\"https:\/\/amu.pan.pl\/#website\"},\"primaryImageOfPage\":{\"@id\":\"https:\/\/amu.pan.pl\/en\/katarzyna-klonowska\/#primaryimage\"},\"image\":{\"@id\":\"https:\/\/amu.pan.pl\/en\/katarzyna-klonowska\/#primaryimage\"},\"thumbnailUrl\":\"https:\/\/amu.pan.pl\/wp-content\/uploads\/2024\/09\/KlonowskaK_zdjecie-300x272.jpeg\",\"datePublished\":\"2024-09-19T07:52:26+00:00\",\"dateModified\":\"2024-09-19T11:41:15+00:00\",\"breadcrumb\":{\"@id\":\"https:\/\/amu.pan.pl\/en\/katarzyna-klonowska\/#breadcrumb\"},\"inLanguage\":\"en-GB\",\"potentialAction\":[{\"@type\":\"ReadAction\",\"target\":[\"https:\/\/amu.pan.pl\/en\/katarzyna-klonowska\/\"]}]},{\"@type\":\"ImageObject\",\"inLanguage\":\"en-GB\",\"@id\":\"https:\/\/amu.pan.pl\/en\/katarzyna-klonowska\/#primaryimage\",\"url\":\"https:\/\/amu.pan.pl\/wp-content\/uploads\/2024\/09\/KlonowskaK_zdjecie-300x272.jpeg\",\"contentUrl\":\"https:\/\/amu.pan.pl\/wp-content\/uploads\/2024\/09\/KlonowskaK_zdjecie-300x272.jpeg\"},{\"@type\":\"BreadcrumbList\",\"@id\":\"https:\/\/amu.pan.pl\/en\/katarzyna-klonowska\/#breadcrumb\",\"itemListElement\":[{\"@type\":\"ListItem\",\"position\":1,\"name\":\"Strona g\u0142\u00f3wna\",\"item\":\"https:\/\/amu.pan.pl\/\"},{\"@type\":\"ListItem\",\"position\":2,\"name\":\"Katarzyna Klonowska\"}]},{\"@type\":\"WebSite\",\"@id\":\"https:\/\/amu.pan.pl\/#website\",\"url\":\"https:\/\/amu.pan.pl\/\",\"name\":\"Akademia M\u0142odych Uczonych\",\"description\":\"Polska Akademia Nauk\",\"publisher\":{\"@id\":\"https:\/\/amu.pan.pl\/#organization\"},\"potentialAction\":[{\"@type\":\"SearchAction\",\"target\":{\"@type\":\"EntryPoint\",\"urlTemplate\":\"https:\/\/amu.pan.pl\/?s={search_term_string}\"},\"query-input\":{\"@type\":\"PropertyValueSpecification\",\"valueRequired\":true,\"valueName\":\"search_term_string\"}}],\"inLanguage\":\"en-GB\"},{\"@type\":\"Organization\",\"@id\":\"https:\/\/amu.pan.pl\/#organization\",\"name\":\"Akademia M\u0142odych Uczonych\",\"url\":\"https:\/\/amu.pan.pl\/\",\"logo\":{\"@type\":\"ImageObject\",\"inLanguage\":\"en-GB\",\"@id\":\"https:\/\/amu.pan.pl\/#\/schema\/logo\/image\/\",\"url\":\"https:\/\/amu.pan.pl\/wp-content\/uploads\/2020\/08\/zz_amu.png\",\"contentUrl\":\"https:\/\/amu.pan.pl\/wp-content\/uploads\/2020\/08\/zz_amu.png\",\"width\":2794,\"height\":1016,\"caption\":\"Akademia M\u0142odych Uczonych\"},\"image\":{\"@id\":\"https:\/\/amu.pan.pl\/#\/schema\/logo\/image\/\"},\"sameAs\":[\"https:\/\/www.facebook.com\/AkademiaMlodychUczonych\/\",\"https:\/\/x.com\/AMUPAN1\"]}]}<\/script>\n<!-- \/ Yoast SEO plugin. -->","yoast_head_json":{"title":"Katarzyna Klonowska - Akademia M\u0142odych Uczonych","robots":{"index":"index","follow":"follow","max-snippet":"max-snippet:-1","max-image-preview":"max-image-preview:large","max-video-preview":"max-video-preview:-1"},"canonical":"https:\/\/amu.pan.pl\/en\/katarzyna-klonowska\/","og_locale":"en_GB","og_type":"article","og_title":"Katarzyna Klonowska - Akademia M\u0142odych Uczonych","og_description":"Katarzyna Klonowska Dr Katarzyna Klonowska \u2013 Od stycznia 2024 kieruje Zak\u0142adem Genetyki Nowotwor\u00f3w w Instytucie Chemii Bioorganicznej PAN (ICHB PAN) w Poznaniu (https:\/\/portal.ichb.pl\/z-d-genetyki-nowotworow\/). W roku 2017 uzyska\u0142a stopie\u0144 doktora w ICHB PAN w Poznaniu, a w latach 2018-2023 odby\u0142a sta\u017c podoktorski na Uniwersytecie Harvarda (Harvard Medical School) i w Brigham and Women\u2019s Hospital w Bostonie&hellip;&nbsp;Read More &raquo;Katarzyna Klonowska","og_url":"https:\/\/amu.pan.pl\/en\/katarzyna-klonowska\/","og_site_name":"Akademia M\u0142odych Uczonych","article_publisher":"https:\/\/www.facebook.com\/AkademiaMlodychUczonych\/","article_modified_time":"2024-09-19T11:41:15+00:00","og_image":[{"width":2560,"height":2323,"url":"https:\/\/amu.pan.pl\/wp-content\/uploads\/2024\/09\/KlonowskaK_zdjecie-scaled.jpeg","type":"image\/jpeg"}],"twitter_card":"summary_large_image","twitter_site":"@AMUPAN1","twitter_misc":{"Estimated reading time":"1 minute"},"schema":{"@context":"https:\/\/schema.org","@graph":[{"@type":"WebPage","@id":"https:\/\/amu.pan.pl\/en\/katarzyna-klonowska\/","url":"https:\/\/amu.pan.pl\/en\/katarzyna-klonowska\/","name":"Katarzyna Klonowska - Akademia M\u0142odych Uczonych","isPartOf":{"@id":"https:\/\/amu.pan.pl\/#website"},"primaryImageOfPage":{"@id":"https:\/\/amu.pan.pl\/en\/katarzyna-klonowska\/#primaryimage"},"image":{"@id":"https:\/\/amu.pan.pl\/en\/katarzyna-klonowska\/#primaryimage"},"thumbnailUrl":"https:\/\/amu.pan.pl\/wp-content\/uploads\/2024\/09\/KlonowskaK_zdjecie-300x272.jpeg","datePublished":"2024-09-19T07:52:26+00:00","dateModified":"2024-09-19T11:41:15+00:00","breadcrumb":{"@id":"https:\/\/amu.pan.pl\/en\/katarzyna-klonowska\/#breadcrumb"},"inLanguage":"en-GB","potentialAction":[{"@type":"ReadAction","target":["https:\/\/amu.pan.pl\/en\/katarzyna-klonowska\/"]}]},{"@type":"ImageObject","inLanguage":"en-GB","@id":"https:\/\/amu.pan.pl\/en\/katarzyna-klonowska\/#primaryimage","url":"https:\/\/amu.pan.pl\/wp-content\/uploads\/2024\/09\/KlonowskaK_zdjecie-300x272.jpeg","contentUrl":"https:\/\/amu.pan.pl\/wp-content\/uploads\/2024\/09\/KlonowskaK_zdjecie-300x272.jpeg"},{"@type":"BreadcrumbList","@id":"https:\/\/amu.pan.pl\/en\/katarzyna-klonowska\/#breadcrumb","itemListElement":[{"@type":"ListItem","position":1,"name":"Strona g\u0142\u00f3wna","item":"https:\/\/amu.pan.pl\/"},{"@type":"ListItem","position":2,"name":"Katarzyna Klonowska"}]},{"@type":"WebSite","@id":"https:\/\/amu.pan.pl\/#website","url":"https:\/\/amu.pan.pl\/","name":"Akademia M\u0142odych Uczonych","description":"Polska Akademia Nauk","publisher":{"@id":"https:\/\/amu.pan.pl\/#organization"},"potentialAction":[{"@type":"SearchAction","target":{"@type":"EntryPoint","urlTemplate":"https:\/\/amu.pan.pl\/?s={search_term_string}"},"query-input":{"@type":"PropertyValueSpecification","valueRequired":true,"valueName":"search_term_string"}}],"inLanguage":"en-GB"},{"@type":"Organization","@id":"https:\/\/amu.pan.pl\/#organization","name":"Akademia M\u0142odych Uczonych","url":"https:\/\/amu.pan.pl\/","logo":{"@type":"ImageObject","inLanguage":"en-GB","@id":"https:\/\/amu.pan.pl\/#\/schema\/logo\/image\/","url":"https:\/\/amu.pan.pl\/wp-content\/uploads\/2020\/08\/zz_amu.png","contentUrl":"https:\/\/amu.pan.pl\/wp-content\/uploads\/2020\/08\/zz_amu.png","width":2794,"height":1016,"caption":"Akademia M\u0142odych Uczonych"},"image":{"@id":"https:\/\/amu.pan.pl\/#\/schema\/logo\/image\/"},"sameAs":["https:\/\/www.facebook.com\/AkademiaMlodychUczonych\/","https:\/\/x.com\/AMUPAN1"]}]}},"_links":{"self":[{"href":"https:\/\/amu.pan.pl\/en\/wp-json\/wp\/v2\/pages\/5535","targetHints":{"allow":["GET"]}}],"collection":[{"href":"https:\/\/amu.pan.pl\/en\/wp-json\/wp\/v2\/pages"}],"about":[{"href":"https:\/\/amu.pan.pl\/en\/wp-json\/wp\/v2\/types\/page"}],"author":[{"embeddable":true,"href":"https:\/\/amu.pan.pl\/en\/wp-json\/wp\/v2\/users\/2"}],"replies":[{"embeddable":true,"href":"https:\/\/amu.pan.pl\/en\/wp-json\/wp\/v2\/comments?post=5535"}],"version-history":[{"count":8,"href":"https:\/\/amu.pan.pl\/en\/wp-json\/wp\/v2\/pages\/5535\/revisions"}],"predecessor-version":[{"id":5612,"href":"https:\/\/amu.pan.pl\/en\/wp-json\/wp\/v2\/pages\/5535\/revisions\/5612"}],"wp:attachment":[{"href":"https:\/\/amu.pan.pl\/en\/wp-json\/wp\/v2\/media?parent=5535"}],"curies":[{"name":"wp","href":"https:\/\/api.w.org\/{rel}","templated":true}]}}