{"id":5541,"date":"2024-09-19T10:15:58","date_gmt":"2024-09-19T08:15:58","guid":{"rendered":"https:\/\/amu.pan.pl\/?page_id=5541"},"modified":"2024-09-19T13:35:25","modified_gmt":"2024-09-19T11:35:25","slug":"pawel-kolodziejski","status":"publish","type":"page","link":"https:\/\/amu.pan.pl\/en\/pawel-kolodziejski\/","title":{"rendered":"Pawe\u0142 Antoni Ko\u0142odziejski"},"content":{"rendered":"<div data-elementor-type=\"wp-page\" data-elementor-id=\"5541\" class=\"elementor elementor-5541\">\n\t\t\t\t\t\t<section class=\"elementor-section elementor-top-section elementor-element elementor-element-70d8aee elementor-section-boxed elementor-section-height-default elementor-section-height-default\" data-id=\"70d8aee\" data-element_type=\"section\">\n\t\t\t\t\t\t<div class=\"elementor-container elementor-column-gap-default\">\n\t\t\t\t\t<div class=\"elementor-column elementor-col-100 elementor-top-column elementor-element elementor-element-fa36b3a\" data-id=\"fa36b3a\" data-element_type=\"column\">\n\t\t\t<div class=\"elementor-widget-wrap elementor-element-populated\">\n\t\t\t\t\t\t<div class=\"elementor-element elementor-element-85aee94 elementor-widget elementor-widget-heading\" data-id=\"85aee94\" data-element_type=\"widget\" data-widget_type=\"heading.default\">\n\t\t\t\t<div class=\"elementor-widget-container\">\n\t\t\t\t\t<h1 class=\"elementor-heading-title elementor-size-default\">Pawe\u0142 Antoni Ko\u0142odziejski<\/h1>\t\t\t\t<\/div>\n\t\t\t\t<\/div>\n\t\t\t\t\t<\/div>\n\t\t<\/div>\n\t\t\t\t\t<\/div>\n\t\t<\/section>\n\t\t\t\t<section class=\"elementor-section elementor-top-section elementor-element elementor-element-50fd121 elementor-section-boxed elementor-section-height-default elementor-section-height-default\" data-id=\"50fd121\" data-element_type=\"section\">\n\t\t\t\t\t\t<div class=\"elementor-container elementor-column-gap-default\">\n\t\t\t\t\t<div class=\"elementor-column elementor-col-100 elementor-top-column elementor-element elementor-element-383cd7d\" data-id=\"383cd7d\" data-element_type=\"column\">\n\t\t\t<div class=\"elementor-widget-wrap elementor-element-populated\">\n\t\t\t\t\t\t<div class=\"elementor-element elementor-element-493269f elementor-widget elementor-widget-text-editor\" data-id=\"493269f\" data-element_type=\"widget\" data-widget_type=\"text-editor.default\">\n\t\t\t\t<div class=\"elementor-widget-container\">\n\t\t\t\t\t\t\t\t\t<p><a href=\"https:\/\/amu.pan.pl\/o-nas\/sklad-amu\/obraz1-4\/\" rel=\"attachment wp-att-5463\"><img fetchpriority=\"high\" decoding=\"async\" class=\"alignleft size-medium wp-image-5463\" src=\"https:\/\/amu.pan.pl\/wp-content\/uploads\/2024\/09\/Obraz1-262x300.jpg\" alt=\"\" width=\"262\" height=\"300\" srcset=\"https:\/\/amu.pan.pl\/wp-content\/uploads\/2024\/09\/Obraz1-262x300.jpg 262w, https:\/\/amu.pan.pl\/wp-content\/uploads\/2024\/09\/Obraz1-893x1024.jpg 893w, https:\/\/amu.pan.pl\/wp-content\/uploads\/2024\/09\/Obraz1-768x881.jpg 768w, https:\/\/amu.pan.pl\/wp-content\/uploads\/2024\/09\/Obraz1-1339x1536.jpg 1339w, https:\/\/amu.pan.pl\/wp-content\/uploads\/2024\/09\/Obraz1-10x12.jpg 10w, https:\/\/amu.pan.pl\/wp-content\/uploads\/2024\/09\/Obraz1.jpg 1513w\" sizes=\"(max-width: 262px) 100vw, 262px\" \/><\/a>Jest absolwentem kierunku Biologia stosowana (2011) na Wydziale Medycyny Weterynaryjnej i Nauk o Zwierz\u0119tach (dawniej: Wydzia\u0142 Hodowli i Biologii Zwierz\u0105t), Uniwersytetu Przyrodniczego w Poznaniu. Stopie\u0144 doktora w dziedzinie nauk biologicznych uzyska\u0142 w roku 2018, a w roku 2022 stopie\u0144 doktora habilitowanego w dziedzinie nauk rolniczych na macierzystym Wydziale. Obecnie zatrudniony jest na stanowisku adiunkta w Katedrze Fizjologii, Biochemii i Biostruktury Zwierz\u0105t Uniwersytetu Przyrodniczego w Poznaniu, pe\u0142ni\u0105c funkcj\u0119 Kierownika Katedry. Odby\u0142 d\u0142ugoterminowy sta\u017c naukowy w Department of Hepatology and Gastroenterology and the Interdisciplinary Centre of Metabolism: Endocrinology, Diabetes and Metabolism, Charit\u00e9-University Medicine w Berlinie. Prowadzone przez niego badania dotycz\u0105 przede wszystkim hormonalnej regulacji metabolizmu i funkcji endokrynnej tkanek obwodowych zwi\u0105zanych z przemianami w\u0119glowodan\u00f3w i lipid\u00f3w ze szczeg\u00f3lnym uwzgl\u0119dnieniem tkanki t\u0142uszczowej, trzustki, w\u0105troby i mi\u0119\u015bni. Badania prowadzone s\u0105 zar\u00f3wno w odniesieniu do organizmu zdrowego jak r\u00f3wnie\u017c stan\u00f3w patofizjologicznych, takich jak: oty\u0142o\u015b\u0107, syndrom metaboliczny, cukrzyca typu 1 i 2. Jego warsztat badawczy oparty jest na modelach <em>in vitro<\/em> oraz zwierz\u0119cych modelach <em>in vivo<\/em>.<\/p><p>Jest autorem i wsp\u00f3\u0142autorem ponad 100 artyku\u0142\u00f3w opublikowanych w czasopismach z listy JCR. Podczas pracy naukowej by\u0142 i jest kierownikiem projekt\u00f3w badawczych finansowanych przez NCN (Preludium, Opus), NCBiR (Nutritech), Uniwersytet Przyrodniczy w Poznaniu, opiekunem dw\u00f3ch projekt\u00f3w Preludium oraz wykonawc\u0105 w kilkunastu projektach finansowanych ze \u017ar\u00f3de\u0142 krajowych oraz Europejskich (np. 7 program ramowy). Jest laureatem stypendi\u00f3w Ministerstwa Nauki i Szkolnictwa Wy\u017cszego, Stypendium EFS oraz nagr\u00f3d JM Rektora Uniwersytetu Przyrodniczego w Poznaniu przyznanych za prowadzon\u0105 dzia\u0142alno\u015b\u0107 naukow\u0105.<\/p>\t\t\t\t\t\t\t\t<\/div>\n\t\t\t\t<\/div>\n\t\t\t\t\t<\/div>\n\t\t<\/div>\n\t\t\t\t\t<\/div>\n\t\t<\/section>\n\t\t\t\t<\/div>","protected":false},"excerpt":{"rendered":"<p>Pawe\u0142 Antoni Ko\u0142odziejski Jest absolwentem kierunku Biologia stosowana (2011) na Wydziale Medycyny Weterynaryjnej i Nauk o Zwierz\u0119tach (dawniej: Wydzia\u0142 Hodowli i Biologii Zwierz\u0105t), Uniwersytetu Przyrodniczego w Poznaniu. Stopie\u0144 doktora w dziedzinie nauk biologicznych uzyska\u0142 w roku 2018, a w roku 2022 stopie\u0144 doktora habilitowanego w dziedzinie nauk rolniczych na macierzystym Wydziale. Obecnie zatrudniony jest na&hellip;&nbsp;<a href=\"https:\/\/amu.pan.pl\/en\/pawel-kolodziejski\/\" rel=\"bookmark\">Read More &raquo;<span class=\"screen-reader-text\">Pawe\u0142 Antoni Ko\u0142odziejski<\/span><\/a><\/p>","protected":false},"author":2,"featured_media":0,"parent":0,"menu_order":0,"comment_status":"closed","ping_status":"closed","template":"page-templates\/template-pagebuilder-full-width.php","meta":{"_monsterinsights_skip_tracking":false,"_monsterinsights_sitenote_active":false,"_monsterinsights_sitenote_note":"","_monsterinsights_sitenote_category":0,"neve_meta_sidebar":"","neve_meta_container":"","neve_meta_enable_content_width":"","neve_meta_content_width":0,"neve_meta_title_alignment":"","neve_meta_author_avatar":"","neve_post_elements_order":"","neve_meta_disable_header":"","neve_meta_disable_footer":"","neve_meta_disable_title":"","footnotes":""},"class_list":["post-5541","page","type-page","status-publish","hentry"],"yoast_head":"<!-- This site is optimized with the Yoast SEO plugin v25.0 - https:\/\/yoast.com\/wordpress\/plugins\/seo\/ -->\n<title>Pawe\u0142 Antoni Ko\u0142odziejski - Akademia M\u0142odych Uczonych<\/title>\n<meta name=\"robots\" content=\"index, follow, max-snippet:-1, max-image-preview:large, max-video-preview:-1\" \/>\n<link rel=\"canonical\" href=\"https:\/\/amu.pan.pl\/en\/pawel-kolodziejski\/\" \/>\n<meta property=\"og:locale\" content=\"en_GB\" \/>\n<meta property=\"og:type\" content=\"article\" \/>\n<meta property=\"og:title\" content=\"Pawe\u0142 Antoni Ko\u0142odziejski - Akademia M\u0142odych Uczonych\" \/>\n<meta property=\"og:description\" content=\"Pawe\u0142 Antoni Ko\u0142odziejski Jest absolwentem kierunku Biologia stosowana (2011) na Wydziale Medycyny Weterynaryjnej i Nauk o Zwierz\u0119tach (dawniej: Wydzia\u0142 Hodowli i Biologii Zwierz\u0105t), Uniwersytetu Przyrodniczego w Poznaniu. Stopie\u0144 doktora w dziedzinie nauk biologicznych uzyska\u0142 w roku 2018, a w roku 2022 stopie\u0144 doktora habilitowanego w dziedzinie nauk rolniczych na macierzystym Wydziale. Obecnie zatrudniony jest na&hellip;&nbsp;Read More &raquo;Pawe\u0142 Antoni Ko\u0142odziejski\" \/>\n<meta property=\"og:url\" content=\"https:\/\/amu.pan.pl\/en\/pawel-kolodziejski\/\" \/>\n<meta property=\"og:site_name\" content=\"Akademia M\u0142odych Uczonych\" \/>\n<meta property=\"article:publisher\" content=\"https:\/\/www.facebook.com\/AkademiaMlodychUczonych\/\" \/>\n<meta property=\"article:modified_time\" content=\"2024-09-19T11:35:25+00:00\" \/>\n<meta property=\"og:image\" content=\"https:\/\/amu.pan.pl\/wp-content\/uploads\/2024\/09\/Obraz1.jpg\" \/>\n\t<meta property=\"og:image:width\" content=\"1513\" \/>\n\t<meta property=\"og:image:height\" content=\"1735\" \/>\n\t<meta property=\"og:image:type\" content=\"image\/jpeg\" \/>\n<meta name=\"twitter:card\" content=\"summary_large_image\" \/>\n<meta name=\"twitter:site\" content=\"@AMUPAN1\" \/>\n<meta name=\"twitter:label1\" content=\"Estimated reading time\" \/>\n\t<meta name=\"twitter:data1\" content=\"1 minute\" \/>\n<script type=\"application\/ld+json\" class=\"yoast-schema-graph\">{\"@context\":\"https:\/\/schema.org\",\"@graph\":[{\"@type\":\"WebPage\",\"@id\":\"https:\/\/amu.pan.pl\/pawel-kolodziejski\/\",\"url\":\"https:\/\/amu.pan.pl\/pawel-kolodziejski\/\",\"name\":\"Pawe\u0142 Antoni Ko\u0142odziejski - Akademia M\u0142odych Uczonych\",\"isPartOf\":{\"@id\":\"https:\/\/amu.pan.pl\/#website\"},\"primaryImageOfPage\":{\"@id\":\"https:\/\/amu.pan.pl\/pawel-kolodziejski\/#primaryimage\"},\"image\":{\"@id\":\"https:\/\/amu.pan.pl\/pawel-kolodziejski\/#primaryimage\"},\"thumbnailUrl\":\"https:\/\/amu.pan.pl\/wp-content\/uploads\/2024\/09\/Obraz1-262x300.jpg\",\"datePublished\":\"2024-09-19T08:15:58+00:00\",\"dateModified\":\"2024-09-19T11:35:25+00:00\",\"breadcrumb\":{\"@id\":\"https:\/\/amu.pan.pl\/pawel-kolodziejski\/#breadcrumb\"},\"inLanguage\":\"en-GB\",\"potentialAction\":[{\"@type\":\"ReadAction\",\"target\":[\"https:\/\/amu.pan.pl\/pawel-kolodziejski\/\"]}]},{\"@type\":\"ImageObject\",\"inLanguage\":\"en-GB\",\"@id\":\"https:\/\/amu.pan.pl\/pawel-kolodziejski\/#primaryimage\",\"url\":\"https:\/\/amu.pan.pl\/wp-content\/uploads\/2024\/09\/Obraz1-262x300.jpg\",\"contentUrl\":\"https:\/\/amu.pan.pl\/wp-content\/uploads\/2024\/09\/Obraz1-262x300.jpg\"},{\"@type\":\"BreadcrumbList\",\"@id\":\"https:\/\/amu.pan.pl\/pawel-kolodziejski\/#breadcrumb\",\"itemListElement\":[{\"@type\":\"ListItem\",\"position\":1,\"name\":\"Strona g\u0142\u00f3wna\",\"item\":\"https:\/\/amu.pan.pl\/\"},{\"@type\":\"ListItem\",\"position\":2,\"name\":\"Pawe\u0142 Antoni Ko\u0142odziejski\"}]},{\"@type\":\"WebSite\",\"@id\":\"https:\/\/amu.pan.pl\/#website\",\"url\":\"https:\/\/amu.pan.pl\/\",\"name\":\"Akademia M\u0142odych Uczonych\",\"description\":\"Polska Akademia Nauk\",\"publisher\":{\"@id\":\"https:\/\/amu.pan.pl\/#organization\"},\"potentialAction\":[{\"@type\":\"SearchAction\",\"target\":{\"@type\":\"EntryPoint\",\"urlTemplate\":\"https:\/\/amu.pan.pl\/?s={search_term_string}\"},\"query-input\":{\"@type\":\"PropertyValueSpecification\",\"valueRequired\":true,\"valueName\":\"search_term_string\"}}],\"inLanguage\":\"en-GB\"},{\"@type\":\"Organization\",\"@id\":\"https:\/\/amu.pan.pl\/#organization\",\"name\":\"Akademia M\u0142odych Uczonych\",\"url\":\"https:\/\/amu.pan.pl\/\",\"logo\":{\"@type\":\"ImageObject\",\"inLanguage\":\"en-GB\",\"@id\":\"https:\/\/amu.pan.pl\/#\/schema\/logo\/image\/\",\"url\":\"https:\/\/amu.pan.pl\/wp-content\/uploads\/2020\/08\/zz_amu.png\",\"contentUrl\":\"https:\/\/amu.pan.pl\/wp-content\/uploads\/2020\/08\/zz_amu.png\",\"width\":2794,\"height\":1016,\"caption\":\"Akademia M\u0142odych Uczonych\"},\"image\":{\"@id\":\"https:\/\/amu.pan.pl\/#\/schema\/logo\/image\/\"},\"sameAs\":[\"https:\/\/www.facebook.com\/AkademiaMlodychUczonych\/\",\"https:\/\/x.com\/AMUPAN1\"]}]}<\/script>\n<!-- \/ Yoast SEO plugin. -->","yoast_head_json":{"title":"Pawe\u0142 Antoni Ko\u0142odziejski - Akademia M\u0142odych Uczonych","robots":{"index":"index","follow":"follow","max-snippet":"max-snippet:-1","max-image-preview":"max-image-preview:large","max-video-preview":"max-video-preview:-1"},"canonical":"https:\/\/amu.pan.pl\/en\/pawel-kolodziejski\/","og_locale":"en_GB","og_type":"article","og_title":"Pawe\u0142 Antoni Ko\u0142odziejski - Akademia M\u0142odych Uczonych","og_description":"Pawe\u0142 Antoni Ko\u0142odziejski Jest absolwentem kierunku Biologia stosowana (2011) na Wydziale Medycyny Weterynaryjnej i Nauk o Zwierz\u0119tach (dawniej: Wydzia\u0142 Hodowli i Biologii Zwierz\u0105t), Uniwersytetu Przyrodniczego w Poznaniu. Stopie\u0144 doktora w dziedzinie nauk biologicznych uzyska\u0142 w roku 2018, a w roku 2022 stopie\u0144 doktora habilitowanego w dziedzinie nauk rolniczych na macierzystym Wydziale. Obecnie zatrudniony jest na&hellip;&nbsp;Read More &raquo;Pawe\u0142 Antoni Ko\u0142odziejski","og_url":"https:\/\/amu.pan.pl\/en\/pawel-kolodziejski\/","og_site_name":"Akademia M\u0142odych Uczonych","article_publisher":"https:\/\/www.facebook.com\/AkademiaMlodychUczonych\/","article_modified_time":"2024-09-19T11:35:25+00:00","og_image":[{"width":1513,"height":1735,"url":"https:\/\/amu.pan.pl\/wp-content\/uploads\/2024\/09\/Obraz1.jpg","type":"image\/jpeg"}],"twitter_card":"summary_large_image","twitter_site":"@AMUPAN1","twitter_misc":{"Estimated reading time":"1 minute"},"schema":{"@context":"https:\/\/schema.org","@graph":[{"@type":"WebPage","@id":"https:\/\/amu.pan.pl\/pawel-kolodziejski\/","url":"https:\/\/amu.pan.pl\/pawel-kolodziejski\/","name":"Pawe\u0142 Antoni Ko\u0142odziejski - Akademia M\u0142odych Uczonych","isPartOf":{"@id":"https:\/\/amu.pan.pl\/#website"},"primaryImageOfPage":{"@id":"https:\/\/amu.pan.pl\/pawel-kolodziejski\/#primaryimage"},"image":{"@id":"https:\/\/amu.pan.pl\/pawel-kolodziejski\/#primaryimage"},"thumbnailUrl":"https:\/\/amu.pan.pl\/wp-content\/uploads\/2024\/09\/Obraz1-262x300.jpg","datePublished":"2024-09-19T08:15:58+00:00","dateModified":"2024-09-19T11:35:25+00:00","breadcrumb":{"@id":"https:\/\/amu.pan.pl\/pawel-kolodziejski\/#breadcrumb"},"inLanguage":"en-GB","potentialAction":[{"@type":"ReadAction","target":["https:\/\/amu.pan.pl\/pawel-kolodziejski\/"]}]},{"@type":"ImageObject","inLanguage":"en-GB","@id":"https:\/\/amu.pan.pl\/pawel-kolodziejski\/#primaryimage","url":"https:\/\/amu.pan.pl\/wp-content\/uploads\/2024\/09\/Obraz1-262x300.jpg","contentUrl":"https:\/\/amu.pan.pl\/wp-content\/uploads\/2024\/09\/Obraz1-262x300.jpg"},{"@type":"BreadcrumbList","@id":"https:\/\/amu.pan.pl\/pawel-kolodziejski\/#breadcrumb","itemListElement":[{"@type":"ListItem","position":1,"name":"Strona g\u0142\u00f3wna","item":"https:\/\/amu.pan.pl\/"},{"@type":"ListItem","position":2,"name":"Pawe\u0142 Antoni Ko\u0142odziejski"}]},{"@type":"WebSite","@id":"https:\/\/amu.pan.pl\/#website","url":"https:\/\/amu.pan.pl\/","name":"Akademia M\u0142odych Uczonych","description":"Polska Akademia Nauk","publisher":{"@id":"https:\/\/amu.pan.pl\/#organization"},"potentialAction":[{"@type":"SearchAction","target":{"@type":"EntryPoint","urlTemplate":"https:\/\/amu.pan.pl\/?s={search_term_string}"},"query-input":{"@type":"PropertyValueSpecification","valueRequired":true,"valueName":"search_term_string"}}],"inLanguage":"en-GB"},{"@type":"Organization","@id":"https:\/\/amu.pan.pl\/#organization","name":"Akademia M\u0142odych Uczonych","url":"https:\/\/amu.pan.pl\/","logo":{"@type":"ImageObject","inLanguage":"en-GB","@id":"https:\/\/amu.pan.pl\/#\/schema\/logo\/image\/","url":"https:\/\/amu.pan.pl\/wp-content\/uploads\/2020\/08\/zz_amu.png","contentUrl":"https:\/\/amu.pan.pl\/wp-content\/uploads\/2020\/08\/zz_amu.png","width":2794,"height":1016,"caption":"Akademia M\u0142odych Uczonych"},"image":{"@id":"https:\/\/amu.pan.pl\/#\/schema\/logo\/image\/"},"sameAs":["https:\/\/www.facebook.com\/AkademiaMlodychUczonych\/","https:\/\/x.com\/AMUPAN1"]}]}},"_links":{"self":[{"href":"https:\/\/amu.pan.pl\/en\/wp-json\/wp\/v2\/pages\/5541","targetHints":{"allow":["GET"]}}],"collection":[{"href":"https:\/\/amu.pan.pl\/en\/wp-json\/wp\/v2\/pages"}],"about":[{"href":"https:\/\/amu.pan.pl\/en\/wp-json\/wp\/v2\/types\/page"}],"author":[{"embeddable":true,"href":"https:\/\/amu.pan.pl\/en\/wp-json\/wp\/v2\/users\/2"}],"replies":[{"embeddable":true,"href":"https:\/\/amu.pan.pl\/en\/wp-json\/wp\/v2\/comments?post=5541"}],"version-history":[{"count":7,"href":"https:\/\/amu.pan.pl\/en\/wp-json\/wp\/v2\/pages\/5541\/revisions"}],"predecessor-version":[{"id":5609,"href":"https:\/\/amu.pan.pl\/en\/wp-json\/wp\/v2\/pages\/5541\/revisions\/5609"}],"wp:attachment":[{"href":"https:\/\/amu.pan.pl\/en\/wp-json\/wp\/v2\/media?parent=5541"}],"curies":[{"name":"wp","href":"https:\/\/api.w.org\/{rel}","templated":true}]}}