{"id":5562,"date":"2024-09-19T10:43:24","date_gmt":"2024-09-19T08:43:24","guid":{"rendered":"https:\/\/amu.pan.pl\/?page_id=5562"},"modified":"2026-01-15T11:53:43","modified_gmt":"2026-01-15T10:53:43","slug":"jan-lyczakowski","status":"publish","type":"page","link":"https:\/\/amu.pan.pl\/en\/jan-lyczakowski\/","title":{"rendered":"Jan \u0141yczakowski"},"content":{"rendered":"<div data-elementor-type=\"wp-page\" data-elementor-id=\"5562\" class=\"elementor elementor-5562\">\n\t\t\t\t\t\t<section class=\"elementor-section elementor-top-section elementor-element elementor-element-586013c elementor-section-boxed elementor-section-height-default elementor-section-height-default\" data-id=\"586013c\" data-element_type=\"section\">\n\t\t\t\t\t\t<div class=\"elementor-container elementor-column-gap-default\">\n\t\t\t\t\t<div class=\"elementor-column elementor-col-100 elementor-top-column elementor-element elementor-element-d6233df\" data-id=\"d6233df\" data-element_type=\"column\">\n\t\t\t<div class=\"elementor-widget-wrap elementor-element-populated\">\n\t\t\t\t\t\t<div class=\"elementor-element elementor-element-d438355 elementor-widget elementor-widget-heading\" data-id=\"d438355\" data-element_type=\"widget\" data-widget_type=\"heading.default\">\n\t\t\t\t<div class=\"elementor-widget-container\">\n\t\t\t\t\t<h1 class=\"elementor-heading-title elementor-size-default\">Jan \u0141yczakowski<\/h1>\t\t\t\t<\/div>\n\t\t\t\t<\/div>\n\t\t\t\t\t<\/div>\n\t\t<\/div>\n\t\t\t\t\t<\/div>\n\t\t<\/section>\n\t\t\t\t<section class=\"elementor-section elementor-top-section elementor-element elementor-element-6678f43 elementor-section-boxed elementor-section-height-default elementor-section-height-default\" data-id=\"6678f43\" data-element_type=\"section\">\n\t\t\t\t\t\t<div class=\"elementor-container elementor-column-gap-default\">\n\t\t\t\t\t<div class=\"elementor-column elementor-col-100 elementor-top-column elementor-element elementor-element-9922585\" data-id=\"9922585\" data-element_type=\"column\">\n\t\t\t<div class=\"elementor-widget-wrap elementor-element-populated\">\n\t\t\t\t\t\t<div class=\"elementor-element elementor-element-c5c32ef elementor-widget elementor-widget-text-editor\" data-id=\"c5c32ef\" data-element_type=\"widget\" data-widget_type=\"text-editor.default\">\n\t\t\t\t<div class=\"elementor-widget-container\">\n\t\t\t\t\t\t\t\t\t<p><a href=\"https:\/\/amu.pan.pl\/o-nas\/sklad-amu\/lyczakowski_photo_amu-1\/\" rel=\"attachment wp-att-5452\"><img fetchpriority=\"high\" decoding=\"async\" class=\"alignleft size-medium wp-image-5452\" src=\"https:\/\/amu.pan.pl\/wp-content\/uploads\/2024\/09\/Lyczakowski_photo_AMU-1-300x238.jpg\" alt=\"\" width=\"300\" height=\"238\" srcset=\"https:\/\/amu.pan.pl\/wp-content\/uploads\/2024\/09\/Lyczakowski_photo_AMU-1-300x238.jpg 300w, https:\/\/amu.pan.pl\/wp-content\/uploads\/2024\/09\/Lyczakowski_photo_AMU-1-768x608.jpg 768w, https:\/\/amu.pan.pl\/wp-content\/uploads\/2024\/09\/Lyczakowski_photo_AMU-1-15x12.jpg 15w, https:\/\/amu.pan.pl\/wp-content\/uploads\/2024\/09\/Lyczakowski_photo_AMU-1.jpg 1000w\" sizes=\"(max-width: 300px) 100vw, 300px\" \/><\/a><\/p><p>Dr Jan \u0141yczakowski uko\u0144czy\u0142 studia na kierunku biotechnologia na Uniwersytecie w Edynburgu, a nast\u0119pnie, w roku 2018 obroni\u0142 doktorat na Wydziale Biochemii Uniwersytetu w Cambridge w Wielkiej Brytanii.<\/p><p>Obecnie, dzi\u0119ki finansowaniu z program\u00f3w SONATA 17 oraz OPUS 24 Narodowego Centrum Nauki, dr \u0141yczakowski prowadzi w Katedrze U\u017cytkowania Lasu i Techniki Le\u015bnej Wydzia\u0142u Le\u015bnego Uniwersytetu Rolniczego im. Hugona Ko\u0142\u0142\u0105taja w Krakowie badania nad struktur\u0105 biochemiczn\u0105 i biosyntez\u0105 wielocukr\u00f3w tworz\u0105cych biomas\u0119 ro\u015blinn\u0105 oraz nad wp\u0142ywem tej\u017ce struktury na w\u0142a\u015bciwo\u015bci materia\u0142\u00f3w pochodzenia ro\u015blinnego, takich jak drewno. Prowadzone przez niego badania umo\u017cliwiaj\u0105 rozw\u00f3j zielonych technologii opartych na odnawialnej materii ro\u015blinnej, takich jak n.p. wydajna produkcja biopaliw z odpad\u00f3w le\u015bnych lub rolnych.<\/p><p>W swej pracy badawczej dr \u0141yczakowski stosuje r\u00f3\u017cnorodne techniki biochemiczne w celu poznania struktury wielocukr\u00f3w tworz\u0105cych biomas\u0119 ro\u015blinn\u0105, oraz techniki molekularnej filogenetyki aby zbada\u0107 mechanizmy jej tworzenia. Prace badawcze prowadzi te\u017c z wieloma wsp\u00f3\u0142pracownikami mi\u0119dzynarodowymi oraz krajowymi. Badania prowadzone z Sainsbury Laboratory University of Cambridge umo\u017cliwiaj\u0105 wykorzystanie niskotemperaturowej mikroskopii elektronowej w celu obrazowania najmniejszych struktur buduj\u0105cych drewno. Wraz z wsp\u00f3\u0142pracownikami z University of Warwick prowadzi analizy oddzia\u0142ywa\u0144 pomi\u0119dzy wielocukrami w drewnie z wykorzystaniem rezonansu magnetycznego cia\u0142 sta\u0142ych. Wsp\u00f3\u0142praca z instytutem Scion z Nowej Zelandii umo\u017cliwia wykorzystanie in\u017cynierii genetycznej w celu zmienienia struktury drewna. Na forum krajowym wsp\u00f3\u0142pracuje z badaczami\u00a0 z Uniwersytetu \u015al\u0105skiego, wraz z kt\u00f3rymi prowadzi analizy spektroskopowe drewna oraz bada w\u0142a\u015bciwo\u015bci mechaniczne materia\u0142\u00f3w ro\u015blinnych, oraz z badaczami z Wydzia\u0142u Medycyny Weterynaryjnej Uniwersytetu Rolniczego w Krakowie, z kt\u00f3rymi opracowuje techniki identyfikacji mikroorganizm\u00f3w w oparciu o analiz\u0119 struktury otaczaj\u0105cych ich kom\u00f3rki polisacharyd\u00f3w.<\/p><p>Opr\u00f3cz pracy naukowej, dr \u0141yczakowski stara si\u0119 komunikowa\u0107 i popularyzowa\u0107 wyniki swoich bada\u0144 w\u015br\u00f3d szerszej opinii publicznej. W roku 2019 wsp\u00f3\u0142organizowa\u0142 wystaw\u0119 o budownictwie z drewna na Royal Society Summer Science Exhibition w Londynie. Regularnie udziela si\u0119 te\u017c na wydarzeniach zwi\u0105zanych z popularyzacj\u0105 wiedzy o badaniach nad ro\u015blinami takich jak np. Fascynuj\u0105cy Dzie\u0144 Ro\u015blin. G\u0142\u00f3wne cele w AMU, kt\u00f3re chce osi\u0105gn\u0105\u0107 to promowanie umi\u0119dzynarodowienia nauki w Polsce oraz propagowanie popularyzacji nauki i bada\u0144.<\/p>\t\t\t\t\t\t\t\t<\/div>\n\t\t\t\t<\/div>\n\t\t\t\t\t<\/div>\n\t\t<\/div>\n\t\t\t\t\t<\/div>\n\t\t<\/section>\n\t\t\t\t<\/div>","protected":false},"excerpt":{"rendered":"<p>Jan \u0141yczakowski Dr Jan \u0141yczakowski uko\u0144czy\u0142 studia na kierunku biotechnologia na Uniwersytecie w Edynburgu, a nast\u0119pnie, w roku 2018 obroni\u0142 doktorat na Wydziale Biochemii Uniwersytetu w Cambridge w Wielkiej Brytanii. Obecnie, dzi\u0119ki finansowaniu z program\u00f3w SONATA 17 oraz OPUS 24 Narodowego Centrum Nauki, dr \u0141yczakowski prowadzi w Katedrze U\u017cytkowania Lasu i Techniki Le\u015bnej Wydzia\u0142u Le\u015bnego&hellip;&nbsp;<a href=\"https:\/\/amu.pan.pl\/en\/jan-lyczakowski\/\" rel=\"bookmark\">Read More &raquo;<span class=\"screen-reader-text\">Jan \u0141yczakowski<\/span><\/a><\/p>","protected":false},"author":2,"featured_media":0,"parent":0,"menu_order":0,"comment_status":"closed","ping_status":"closed","template":"page-templates\/template-pagebuilder-full-width.php","meta":{"_monsterinsights_skip_tracking":false,"_monsterinsights_sitenote_active":false,"_monsterinsights_sitenote_note":"","_monsterinsights_sitenote_category":0,"neve_meta_sidebar":"","neve_meta_container":"","neve_meta_enable_content_width":"","neve_meta_content_width":0,"neve_meta_title_alignment":"","neve_meta_author_avatar":"","neve_post_elements_order":"","neve_meta_disable_header":"","neve_meta_disable_footer":"","neve_meta_disable_title":"","footnotes":""},"class_list":["post-5562","page","type-page","status-publish","hentry"],"yoast_head":"<!-- This site is optimized with the Yoast SEO plugin v25.0 - https:\/\/yoast.com\/wordpress\/plugins\/seo\/ -->\n<title>Jan \u0141yczakowski - Akademia M\u0142odych Uczonych<\/title>\n<meta name=\"robots\" content=\"index, follow, max-snippet:-1, max-image-preview:large, max-video-preview:-1\" \/>\n<link rel=\"canonical\" href=\"https:\/\/amu.pan.pl\/en\/jan-lyczakowski\/\" \/>\n<meta property=\"og:locale\" content=\"en_GB\" \/>\n<meta property=\"og:type\" content=\"article\" \/>\n<meta property=\"og:title\" content=\"Jan \u0141yczakowski - Akademia M\u0142odych Uczonych\" \/>\n<meta property=\"og:description\" content=\"Jan \u0141yczakowski Dr Jan \u0141yczakowski uko\u0144czy\u0142 studia na kierunku biotechnologia na Uniwersytecie w Edynburgu, a nast\u0119pnie, w roku 2018 obroni\u0142 doktorat na Wydziale Biochemii Uniwersytetu w Cambridge w Wielkiej Brytanii. Obecnie, dzi\u0119ki finansowaniu z program\u00f3w SONATA 17 oraz OPUS 24 Narodowego Centrum Nauki, dr \u0141yczakowski prowadzi w Katedrze U\u017cytkowania Lasu i Techniki Le\u015bnej Wydzia\u0142u Le\u015bnego&hellip;&nbsp;Read More &raquo;Jan \u0141yczakowski\" \/>\n<meta property=\"og:url\" content=\"https:\/\/amu.pan.pl\/en\/jan-lyczakowski\/\" \/>\n<meta property=\"og:site_name\" content=\"Akademia M\u0142odych Uczonych\" \/>\n<meta property=\"article:publisher\" content=\"https:\/\/www.facebook.com\/AkademiaMlodychUczonych\/\" \/>\n<meta property=\"article:modified_time\" content=\"2026-01-15T10:53:43+00:00\" \/>\n<meta property=\"og:image\" content=\"https:\/\/amu.pan.pl\/wp-content\/uploads\/2024\/09\/Lyczakowski_photo_AMU-1.jpg\" \/>\n\t<meta property=\"og:image:width\" content=\"1000\" \/>\n\t<meta property=\"og:image:height\" content=\"792\" \/>\n\t<meta property=\"og:image:type\" content=\"image\/jpeg\" \/>\n<meta name=\"twitter:card\" content=\"summary_large_image\" \/>\n<meta name=\"twitter:site\" content=\"@AMUPAN1\" \/>\n<meta name=\"twitter:label1\" content=\"Estimated reading time\" \/>\n\t<meta name=\"twitter:data1\" content=\"1 minute\" \/>\n<script type=\"application\/ld+json\" class=\"yoast-schema-graph\">{\"@context\":\"https:\/\/schema.org\",\"@graph\":[{\"@type\":\"WebPage\",\"@id\":\"https:\/\/amu.pan.pl\/jan-lyczakowski\/\",\"url\":\"https:\/\/amu.pan.pl\/jan-lyczakowski\/\",\"name\":\"Jan \u0141yczakowski - Akademia M\u0142odych Uczonych\",\"isPartOf\":{\"@id\":\"https:\/\/amu.pan.pl\/#website\"},\"primaryImageOfPage\":{\"@id\":\"https:\/\/amu.pan.pl\/jan-lyczakowski\/#primaryimage\"},\"image\":{\"@id\":\"https:\/\/amu.pan.pl\/jan-lyczakowski\/#primaryimage\"},\"thumbnailUrl\":\"https:\/\/amu.pan.pl\/wp-content\/uploads\/2024\/09\/Lyczakowski_photo_AMU-1-300x238.jpg\",\"datePublished\":\"2024-09-19T08:43:24+00:00\",\"dateModified\":\"2026-01-15T10:53:43+00:00\",\"breadcrumb\":{\"@id\":\"https:\/\/amu.pan.pl\/jan-lyczakowski\/#breadcrumb\"},\"inLanguage\":\"en-GB\",\"potentialAction\":[{\"@type\":\"ReadAction\",\"target\":[\"https:\/\/amu.pan.pl\/jan-lyczakowski\/\"]}]},{\"@type\":\"ImageObject\",\"inLanguage\":\"en-GB\",\"@id\":\"https:\/\/amu.pan.pl\/jan-lyczakowski\/#primaryimage\",\"url\":\"https:\/\/amu.pan.pl\/wp-content\/uploads\/2024\/09\/Lyczakowski_photo_AMU-1-300x238.jpg\",\"contentUrl\":\"https:\/\/amu.pan.pl\/wp-content\/uploads\/2024\/09\/Lyczakowski_photo_AMU-1-300x238.jpg\"},{\"@type\":\"BreadcrumbList\",\"@id\":\"https:\/\/amu.pan.pl\/jan-lyczakowski\/#breadcrumb\",\"itemListElement\":[{\"@type\":\"ListItem\",\"position\":1,\"name\":\"Strona g\u0142\u00f3wna\",\"item\":\"https:\/\/amu.pan.pl\/\"},{\"@type\":\"ListItem\",\"position\":2,\"name\":\"Jan \u0141yczakowski\"}]},{\"@type\":\"WebSite\",\"@id\":\"https:\/\/amu.pan.pl\/#website\",\"url\":\"https:\/\/amu.pan.pl\/\",\"name\":\"Akademia M\u0142odych Uczonych\",\"description\":\"Polska Akademia Nauk\",\"publisher\":{\"@id\":\"https:\/\/amu.pan.pl\/#organization\"},\"potentialAction\":[{\"@type\":\"SearchAction\",\"target\":{\"@type\":\"EntryPoint\",\"urlTemplate\":\"https:\/\/amu.pan.pl\/?s={search_term_string}\"},\"query-input\":{\"@type\":\"PropertyValueSpecification\",\"valueRequired\":true,\"valueName\":\"search_term_string\"}}],\"inLanguage\":\"en-GB\"},{\"@type\":\"Organization\",\"@id\":\"https:\/\/amu.pan.pl\/#organization\",\"name\":\"Akademia M\u0142odych Uczonych\",\"url\":\"https:\/\/amu.pan.pl\/\",\"logo\":{\"@type\":\"ImageObject\",\"inLanguage\":\"en-GB\",\"@id\":\"https:\/\/amu.pan.pl\/#\/schema\/logo\/image\/\",\"url\":\"https:\/\/amu.pan.pl\/wp-content\/uploads\/2020\/08\/zz_amu.png\",\"contentUrl\":\"https:\/\/amu.pan.pl\/wp-content\/uploads\/2020\/08\/zz_amu.png\",\"width\":2794,\"height\":1016,\"caption\":\"Akademia M\u0142odych Uczonych\"},\"image\":{\"@id\":\"https:\/\/amu.pan.pl\/#\/schema\/logo\/image\/\"},\"sameAs\":[\"https:\/\/www.facebook.com\/AkademiaMlodychUczonych\/\",\"https:\/\/x.com\/AMUPAN1\"]}]}<\/script>\n<!-- \/ Yoast SEO plugin. -->","yoast_head_json":{"title":"Jan \u0141yczakowski - Akademia M\u0142odych Uczonych","robots":{"index":"index","follow":"follow","max-snippet":"max-snippet:-1","max-image-preview":"max-image-preview:large","max-video-preview":"max-video-preview:-1"},"canonical":"https:\/\/amu.pan.pl\/en\/jan-lyczakowski\/","og_locale":"en_GB","og_type":"article","og_title":"Jan \u0141yczakowski - Akademia M\u0142odych Uczonych","og_description":"Jan \u0141yczakowski Dr Jan \u0141yczakowski uko\u0144czy\u0142 studia na kierunku biotechnologia na Uniwersytecie w Edynburgu, a nast\u0119pnie, w roku 2018 obroni\u0142 doktorat na Wydziale Biochemii Uniwersytetu w Cambridge w Wielkiej Brytanii. Obecnie, dzi\u0119ki finansowaniu z program\u00f3w SONATA 17 oraz OPUS 24 Narodowego Centrum Nauki, dr \u0141yczakowski prowadzi w Katedrze U\u017cytkowania Lasu i Techniki Le\u015bnej Wydzia\u0142u Le\u015bnego&hellip;&nbsp;Read More &raquo;Jan \u0141yczakowski","og_url":"https:\/\/amu.pan.pl\/en\/jan-lyczakowski\/","og_site_name":"Akademia M\u0142odych Uczonych","article_publisher":"https:\/\/www.facebook.com\/AkademiaMlodychUczonych\/","article_modified_time":"2026-01-15T10:53:43+00:00","og_image":[{"width":1000,"height":792,"url":"https:\/\/amu.pan.pl\/wp-content\/uploads\/2024\/09\/Lyczakowski_photo_AMU-1.jpg","type":"image\/jpeg"}],"twitter_card":"summary_large_image","twitter_site":"@AMUPAN1","twitter_misc":{"Estimated reading time":"1 minute"},"schema":{"@context":"https:\/\/schema.org","@graph":[{"@type":"WebPage","@id":"https:\/\/amu.pan.pl\/jan-lyczakowski\/","url":"https:\/\/amu.pan.pl\/jan-lyczakowski\/","name":"Jan \u0141yczakowski - Akademia M\u0142odych Uczonych","isPartOf":{"@id":"https:\/\/amu.pan.pl\/#website"},"primaryImageOfPage":{"@id":"https:\/\/amu.pan.pl\/jan-lyczakowski\/#primaryimage"},"image":{"@id":"https:\/\/amu.pan.pl\/jan-lyczakowski\/#primaryimage"},"thumbnailUrl":"https:\/\/amu.pan.pl\/wp-content\/uploads\/2024\/09\/Lyczakowski_photo_AMU-1-300x238.jpg","datePublished":"2024-09-19T08:43:24+00:00","dateModified":"2026-01-15T10:53:43+00:00","breadcrumb":{"@id":"https:\/\/amu.pan.pl\/jan-lyczakowski\/#breadcrumb"},"inLanguage":"en-GB","potentialAction":[{"@type":"ReadAction","target":["https:\/\/amu.pan.pl\/jan-lyczakowski\/"]}]},{"@type":"ImageObject","inLanguage":"en-GB","@id":"https:\/\/amu.pan.pl\/jan-lyczakowski\/#primaryimage","url":"https:\/\/amu.pan.pl\/wp-content\/uploads\/2024\/09\/Lyczakowski_photo_AMU-1-300x238.jpg","contentUrl":"https:\/\/amu.pan.pl\/wp-content\/uploads\/2024\/09\/Lyczakowski_photo_AMU-1-300x238.jpg"},{"@type":"BreadcrumbList","@id":"https:\/\/amu.pan.pl\/jan-lyczakowski\/#breadcrumb","itemListElement":[{"@type":"ListItem","position":1,"name":"Strona g\u0142\u00f3wna","item":"https:\/\/amu.pan.pl\/"},{"@type":"ListItem","position":2,"name":"Jan \u0141yczakowski"}]},{"@type":"WebSite","@id":"https:\/\/amu.pan.pl\/#website","url":"https:\/\/amu.pan.pl\/","name":"Akademia M\u0142odych Uczonych","description":"Polska Akademia Nauk","publisher":{"@id":"https:\/\/amu.pan.pl\/#organization"},"potentialAction":[{"@type":"SearchAction","target":{"@type":"EntryPoint","urlTemplate":"https:\/\/amu.pan.pl\/?s={search_term_string}"},"query-input":{"@type":"PropertyValueSpecification","valueRequired":true,"valueName":"search_term_string"}}],"inLanguage":"en-GB"},{"@type":"Organization","@id":"https:\/\/amu.pan.pl\/#organization","name":"Akademia M\u0142odych Uczonych","url":"https:\/\/amu.pan.pl\/","logo":{"@type":"ImageObject","inLanguage":"en-GB","@id":"https:\/\/amu.pan.pl\/#\/schema\/logo\/image\/","url":"https:\/\/amu.pan.pl\/wp-content\/uploads\/2020\/08\/zz_amu.png","contentUrl":"https:\/\/amu.pan.pl\/wp-content\/uploads\/2020\/08\/zz_amu.png","width":2794,"height":1016,"caption":"Akademia M\u0142odych Uczonych"},"image":{"@id":"https:\/\/amu.pan.pl\/#\/schema\/logo\/image\/"},"sameAs":["https:\/\/www.facebook.com\/AkademiaMlodychUczonych\/","https:\/\/x.com\/AMUPAN1"]}]}},"_links":{"self":[{"href":"https:\/\/amu.pan.pl\/en\/wp-json\/wp\/v2\/pages\/5562","targetHints":{"allow":["GET"]}}],"collection":[{"href":"https:\/\/amu.pan.pl\/en\/wp-json\/wp\/v2\/pages"}],"about":[{"href":"https:\/\/amu.pan.pl\/en\/wp-json\/wp\/v2\/types\/page"}],"author":[{"embeddable":true,"href":"https:\/\/amu.pan.pl\/en\/wp-json\/wp\/v2\/users\/2"}],"replies":[{"embeddable":true,"href":"https:\/\/amu.pan.pl\/en\/wp-json\/wp\/v2\/comments?post=5562"}],"version-history":[{"count":14,"href":"https:\/\/amu.pan.pl\/en\/wp-json\/wp\/v2\/pages\/5562\/revisions"}],"predecessor-version":[{"id":5990,"href":"https:\/\/amu.pan.pl\/en\/wp-json\/wp\/v2\/pages\/5562\/revisions\/5990"}],"wp:attachment":[{"href":"https:\/\/amu.pan.pl\/en\/wp-json\/wp\/v2\/media?parent=5562"}],"curies":[{"name":"wp","href":"https:\/\/api.w.org\/{rel}","templated":true}]}}