{"id":5568,"date":"2024-09-19T10:49:52","date_gmt":"2024-09-19T08:49:52","guid":{"rendered":"https:\/\/amu.pan.pl\/?page_id=5568"},"modified":"2024-09-19T13:25:58","modified_gmt":"2024-09-19T11:25:58","slug":"krzysztof-ptaszynski","status":"publish","type":"page","link":"https:\/\/amu.pan.pl\/en\/krzysztof-ptaszynski\/","title":{"rendered":"Krzysztof Ptaszy\u0144ski"},"content":{"rendered":"<div data-elementor-type=\"wp-page\" data-elementor-id=\"5568\" class=\"elementor elementor-5568\">\n\t\t\t\t\t\t<section class=\"elementor-section elementor-top-section elementor-element elementor-element-c7d942d elementor-section-boxed elementor-section-height-default elementor-section-height-default\" data-id=\"c7d942d\" data-element_type=\"section\">\n\t\t\t\t\t\t<div class=\"elementor-container elementor-column-gap-default\">\n\t\t\t\t\t<div class=\"elementor-column elementor-col-100 elementor-top-column elementor-element elementor-element-0a8104b\" data-id=\"0a8104b\" data-element_type=\"column\">\n\t\t\t<div class=\"elementor-widget-wrap elementor-element-populated\">\n\t\t\t\t\t\t<div class=\"elementor-element elementor-element-2611463 elementor-widget elementor-widget-heading\" data-id=\"2611463\" data-element_type=\"widget\" data-widget_type=\"heading.default\">\n\t\t\t\t<div class=\"elementor-widget-container\">\n\t\t\t\t\t<h1 class=\"elementor-heading-title elementor-size-default\">Krzysztof Ptaszy\u0144ski<\/h1>\t\t\t\t<\/div>\n\t\t\t\t<\/div>\n\t\t\t\t\t<\/div>\n\t\t<\/div>\n\t\t\t\t\t<\/div>\n\t\t<\/section>\n\t\t\t\t<section class=\"elementor-section elementor-top-section elementor-element elementor-element-8e71ed3 elementor-section-boxed elementor-section-height-default elementor-section-height-default\" data-id=\"8e71ed3\" data-element_type=\"section\">\n\t\t\t\t\t\t<div class=\"elementor-container elementor-column-gap-default\">\n\t\t\t\t\t<div class=\"elementor-column elementor-col-100 elementor-top-column elementor-element elementor-element-55eabbf\" data-id=\"55eabbf\" data-element_type=\"column\">\n\t\t\t<div class=\"elementor-widget-wrap elementor-element-populated\">\n\t\t\t\t\t\t<div class=\"elementor-element elementor-element-fc2c913 elementor-widget elementor-widget-text-editor\" data-id=\"fc2c913\" data-element_type=\"widget\" data-widget_type=\"text-editor.default\">\n\t\t\t\t<div class=\"elementor-widget-container\">\n\t\t\t\t\t\t\t\t\t<p><a href=\"https:\/\/amu.pan.pl\/o-nas\/sklad-amu\/photo\/\" rel=\"attachment wp-att-5472\"><img fetchpriority=\"high\" decoding=\"async\" class=\"alignleft size-medium wp-image-5472\" src=\"https:\/\/amu.pan.pl\/wp-content\/uploads\/2024\/09\/photo-225x300.jpg\" alt=\"\" width=\"225\" height=\"300\" srcset=\"https:\/\/amu.pan.pl\/wp-content\/uploads\/2024\/09\/photo-225x300.jpg 225w, https:\/\/amu.pan.pl\/wp-content\/uploads\/2024\/09\/photo-768x1024.jpg 768w, https:\/\/amu.pan.pl\/wp-content\/uploads\/2024\/09\/photo-9x12.jpg 9w, https:\/\/amu.pan.pl\/wp-content\/uploads\/2024\/09\/photo.jpg 960w\" sizes=\"(max-width: 225px) 100vw, 225px\" \/><\/a>Dr in\u017c. Krzysztof Ptaszy\u0144ski jest adiunktem w Zak\u0142adzie Teorii Nanostruktur i Materia\u0142\u00f3w Kwantowych w Instytucie Fizyki Molekularnej PAN. Uko\u0144czy\u0142 kierunek fizyka techniczna na Politechnice Pozna\u0144skiej. W 2019 roku obroni\u0142 prac\u0119 doktorsk\u0105 pod kierunkiem prof. dr hab. Bogdana Bu\u0142ki. Nast\u0119pnie, odby\u0142 1,5-roczny sta\u017c podoktorski na Uniwersytecie w Luksemburgu w grupie prof. Massimiliano Esposito.<\/p><p>Jego zainteresowania dotycz\u0105 teoretycznego opisu zjawisk nier\u00f3wnowagowych w uk\u0142adach otwartych z u\u017cyciem metod fizyki statystycznej. Dotychczasowe badania skupia\u0142y si\u0119 na charakteryzacji fluktuacji pr\u0105dowych w uk\u0142adach kropek kwantowych, jak r\u00f3wnie\u017c korelacji opisywanych z u\u017cyciem teorii informacji oraz ich roli w genezie termodynamicznej nieodwracalno\u015bci. Obecnie realizuje projekt badawczy po\u015bwi\u0119cony nier\u00f3wnowagowym przej\u015bciom fazowym w klasycznych oraz kwantowych uk\u0142adach otwartych.<\/p><p>Krzysztof Ptaszy\u0144ski jest kierownikiem projektu Sonata finansowanego przez Narodowe Centrum Nauki, wcze\u015bniej realizowa\u0142 natomiast projekty Preludium oraz Etiuda. Jest r\u00f3wnie\u017c laureatem stypendium START przyznawanego przez Fundacj\u0119 na Rzecz Nauki Polskiej, stypendium Ministra Nauki i Szkolnictwa Wy\u017cszego dla wybitnych m\u0142odych naukowc\u00f3w oraz nagrody Prezesa Rady Ministr\u00f3w za rozpraw\u0119 doktorsk\u0105.<\/p>\t\t\t\t\t\t\t\t<\/div>\n\t\t\t\t<\/div>\n\t\t\t\t\t<\/div>\n\t\t<\/div>\n\t\t\t\t\t<\/div>\n\t\t<\/section>\n\t\t\t\t<\/div>","protected":false},"excerpt":{"rendered":"<p>Krzysztof Ptaszy\u0144ski Dr in\u017c. Krzysztof Ptaszy\u0144ski jest adiunktem w Zak\u0142adzie Teorii Nanostruktur i Materia\u0142\u00f3w Kwantowych w Instytucie Fizyki Molekularnej PAN. Uko\u0144czy\u0142 kierunek fizyka techniczna na Politechnice Pozna\u0144skiej. W 2019 roku obroni\u0142 prac\u0119 doktorsk\u0105 pod kierunkiem prof. dr hab. Bogdana Bu\u0142ki. Nast\u0119pnie, odby\u0142 1,5-roczny sta\u017c podoktorski na Uniwersytecie w Luksemburgu w grupie prof. Massimiliano Esposito. Jego&hellip;&nbsp;<a href=\"https:\/\/amu.pan.pl\/en\/krzysztof-ptaszynski\/\" rel=\"bookmark\">Read More &raquo;<span class=\"screen-reader-text\">Krzysztof Ptaszy\u0144ski<\/span><\/a><\/p>","protected":false},"author":2,"featured_media":0,"parent":0,"menu_order":0,"comment_status":"closed","ping_status":"closed","template":"page-templates\/template-pagebuilder-full-width.php","meta":{"_monsterinsights_skip_tracking":false,"_monsterinsights_sitenote_active":false,"_monsterinsights_sitenote_note":"","_monsterinsights_sitenote_category":0,"neve_meta_sidebar":"","neve_meta_container":"","neve_meta_enable_content_width":"","neve_meta_content_width":0,"neve_meta_title_alignment":"","neve_meta_author_avatar":"","neve_post_elements_order":"","neve_meta_disable_header":"","neve_meta_disable_footer":"","neve_meta_disable_title":"","footnotes":""},"class_list":["post-5568","page","type-page","status-publish","hentry"],"yoast_head":"<!-- This site is optimized with the Yoast SEO plugin v25.0 - https:\/\/yoast.com\/wordpress\/plugins\/seo\/ -->\n<title>Krzysztof Ptaszy\u0144ski - Akademia M\u0142odych Uczonych<\/title>\n<meta name=\"robots\" content=\"index, follow, max-snippet:-1, max-image-preview:large, max-video-preview:-1\" \/>\n<link rel=\"canonical\" href=\"https:\/\/amu.pan.pl\/en\/krzysztof-ptaszynski\/\" \/>\n<meta property=\"og:locale\" content=\"en_GB\" \/>\n<meta property=\"og:type\" content=\"article\" \/>\n<meta property=\"og:title\" content=\"Krzysztof Ptaszy\u0144ski - Akademia M\u0142odych Uczonych\" \/>\n<meta property=\"og:description\" content=\"Krzysztof Ptaszy\u0144ski Dr in\u017c. Krzysztof Ptaszy\u0144ski jest adiunktem w Zak\u0142adzie Teorii Nanostruktur i Materia\u0142\u00f3w Kwantowych w Instytucie Fizyki Molekularnej PAN. Uko\u0144czy\u0142 kierunek fizyka techniczna na Politechnice Pozna\u0144skiej. W 2019 roku obroni\u0142 prac\u0119 doktorsk\u0105 pod kierunkiem prof. dr hab. Bogdana Bu\u0142ki. Nast\u0119pnie, odby\u0142 1,5-roczny sta\u017c podoktorski na Uniwersytecie w Luksemburgu w grupie prof. Massimiliano Esposito. Jego&hellip;&nbsp;Read More &raquo;Krzysztof Ptaszy\u0144ski\" \/>\n<meta property=\"og:url\" content=\"https:\/\/amu.pan.pl\/en\/krzysztof-ptaszynski\/\" \/>\n<meta property=\"og:site_name\" content=\"Akademia M\u0142odych Uczonych\" \/>\n<meta property=\"article:publisher\" content=\"https:\/\/www.facebook.com\/AkademiaMlodychUczonych\/\" \/>\n<meta property=\"article:modified_time\" content=\"2024-09-19T11:25:58+00:00\" \/>\n<meta property=\"og:image\" content=\"https:\/\/amu.pan.pl\/wp-content\/uploads\/2024\/09\/photo.jpg\" \/>\n\t<meta property=\"og:image:width\" content=\"960\" \/>\n\t<meta property=\"og:image:height\" content=\"1280\" \/>\n\t<meta property=\"og:image:type\" content=\"image\/jpeg\" \/>\n<meta name=\"twitter:card\" content=\"summary_large_image\" \/>\n<meta name=\"twitter:site\" content=\"@AMUPAN1\" \/>\n<meta name=\"twitter:label1\" content=\"Estimated reading time\" \/>\n\t<meta name=\"twitter:data1\" content=\"1 minute\" \/>\n<script type=\"application\/ld+json\" class=\"yoast-schema-graph\">{\"@context\":\"https:\/\/schema.org\",\"@graph\":[{\"@type\":\"WebPage\",\"@id\":\"https:\/\/amu.pan.pl\/krzysztof-ptaszynski\/\",\"url\":\"https:\/\/amu.pan.pl\/krzysztof-ptaszynski\/\",\"name\":\"Krzysztof Ptaszy\u0144ski - Akademia M\u0142odych Uczonych\",\"isPartOf\":{\"@id\":\"https:\/\/amu.pan.pl\/#website\"},\"primaryImageOfPage\":{\"@id\":\"https:\/\/amu.pan.pl\/krzysztof-ptaszynski\/#primaryimage\"},\"image\":{\"@id\":\"https:\/\/amu.pan.pl\/krzysztof-ptaszynski\/#primaryimage\"},\"thumbnailUrl\":\"https:\/\/amu.pan.pl\/wp-content\/uploads\/2024\/09\/photo-225x300.jpg\",\"datePublished\":\"2024-09-19T08:49:52+00:00\",\"dateModified\":\"2024-09-19T11:25:58+00:00\",\"breadcrumb\":{\"@id\":\"https:\/\/amu.pan.pl\/krzysztof-ptaszynski\/#breadcrumb\"},\"inLanguage\":\"en-GB\",\"potentialAction\":[{\"@type\":\"ReadAction\",\"target\":[\"https:\/\/amu.pan.pl\/krzysztof-ptaszynski\/\"]}]},{\"@type\":\"ImageObject\",\"inLanguage\":\"en-GB\",\"@id\":\"https:\/\/amu.pan.pl\/krzysztof-ptaszynski\/#primaryimage\",\"url\":\"https:\/\/amu.pan.pl\/wp-content\/uploads\/2024\/09\/photo-225x300.jpg\",\"contentUrl\":\"https:\/\/amu.pan.pl\/wp-content\/uploads\/2024\/09\/photo-225x300.jpg\"},{\"@type\":\"BreadcrumbList\",\"@id\":\"https:\/\/amu.pan.pl\/krzysztof-ptaszynski\/#breadcrumb\",\"itemListElement\":[{\"@type\":\"ListItem\",\"position\":1,\"name\":\"Strona g\u0142\u00f3wna\",\"item\":\"https:\/\/amu.pan.pl\/\"},{\"@type\":\"ListItem\",\"position\":2,\"name\":\"Krzysztof Ptaszy\u0144ski\"}]},{\"@type\":\"WebSite\",\"@id\":\"https:\/\/amu.pan.pl\/#website\",\"url\":\"https:\/\/amu.pan.pl\/\",\"name\":\"Akademia M\u0142odych Uczonych\",\"description\":\"Polska Akademia Nauk\",\"publisher\":{\"@id\":\"https:\/\/amu.pan.pl\/#organization\"},\"potentialAction\":[{\"@type\":\"SearchAction\",\"target\":{\"@type\":\"EntryPoint\",\"urlTemplate\":\"https:\/\/amu.pan.pl\/?s={search_term_string}\"},\"query-input\":{\"@type\":\"PropertyValueSpecification\",\"valueRequired\":true,\"valueName\":\"search_term_string\"}}],\"inLanguage\":\"en-GB\"},{\"@type\":\"Organization\",\"@id\":\"https:\/\/amu.pan.pl\/#organization\",\"name\":\"Akademia M\u0142odych Uczonych\",\"url\":\"https:\/\/amu.pan.pl\/\",\"logo\":{\"@type\":\"ImageObject\",\"inLanguage\":\"en-GB\",\"@id\":\"https:\/\/amu.pan.pl\/#\/schema\/logo\/image\/\",\"url\":\"https:\/\/amu.pan.pl\/wp-content\/uploads\/2020\/08\/zz_amu.png\",\"contentUrl\":\"https:\/\/amu.pan.pl\/wp-content\/uploads\/2020\/08\/zz_amu.png\",\"width\":2794,\"height\":1016,\"caption\":\"Akademia M\u0142odych Uczonych\"},\"image\":{\"@id\":\"https:\/\/amu.pan.pl\/#\/schema\/logo\/image\/\"},\"sameAs\":[\"https:\/\/www.facebook.com\/AkademiaMlodychUczonych\/\",\"https:\/\/x.com\/AMUPAN1\"]}]}<\/script>\n<!-- \/ Yoast SEO plugin. -->","yoast_head_json":{"title":"Krzysztof Ptaszy\u0144ski - Akademia M\u0142odych Uczonych","robots":{"index":"index","follow":"follow","max-snippet":"max-snippet:-1","max-image-preview":"max-image-preview:large","max-video-preview":"max-video-preview:-1"},"canonical":"https:\/\/amu.pan.pl\/en\/krzysztof-ptaszynski\/","og_locale":"en_GB","og_type":"article","og_title":"Krzysztof Ptaszy\u0144ski - Akademia M\u0142odych Uczonych","og_description":"Krzysztof Ptaszy\u0144ski Dr in\u017c. Krzysztof Ptaszy\u0144ski jest adiunktem w Zak\u0142adzie Teorii Nanostruktur i Materia\u0142\u00f3w Kwantowych w Instytucie Fizyki Molekularnej PAN. Uko\u0144czy\u0142 kierunek fizyka techniczna na Politechnice Pozna\u0144skiej. W 2019 roku obroni\u0142 prac\u0119 doktorsk\u0105 pod kierunkiem prof. dr hab. Bogdana Bu\u0142ki. Nast\u0119pnie, odby\u0142 1,5-roczny sta\u017c podoktorski na Uniwersytecie w Luksemburgu w grupie prof. Massimiliano Esposito. Jego&hellip;&nbsp;Read More &raquo;Krzysztof Ptaszy\u0144ski","og_url":"https:\/\/amu.pan.pl\/en\/krzysztof-ptaszynski\/","og_site_name":"Akademia M\u0142odych Uczonych","article_publisher":"https:\/\/www.facebook.com\/AkademiaMlodychUczonych\/","article_modified_time":"2024-09-19T11:25:58+00:00","og_image":[{"width":960,"height":1280,"url":"https:\/\/amu.pan.pl\/wp-content\/uploads\/2024\/09\/photo.jpg","type":"image\/jpeg"}],"twitter_card":"summary_large_image","twitter_site":"@AMUPAN1","twitter_misc":{"Estimated reading time":"1 minute"},"schema":{"@context":"https:\/\/schema.org","@graph":[{"@type":"WebPage","@id":"https:\/\/amu.pan.pl\/krzysztof-ptaszynski\/","url":"https:\/\/amu.pan.pl\/krzysztof-ptaszynski\/","name":"Krzysztof Ptaszy\u0144ski - Akademia M\u0142odych Uczonych","isPartOf":{"@id":"https:\/\/amu.pan.pl\/#website"},"primaryImageOfPage":{"@id":"https:\/\/amu.pan.pl\/krzysztof-ptaszynski\/#primaryimage"},"image":{"@id":"https:\/\/amu.pan.pl\/krzysztof-ptaszynski\/#primaryimage"},"thumbnailUrl":"https:\/\/amu.pan.pl\/wp-content\/uploads\/2024\/09\/photo-225x300.jpg","datePublished":"2024-09-19T08:49:52+00:00","dateModified":"2024-09-19T11:25:58+00:00","breadcrumb":{"@id":"https:\/\/amu.pan.pl\/krzysztof-ptaszynski\/#breadcrumb"},"inLanguage":"en-GB","potentialAction":[{"@type":"ReadAction","target":["https:\/\/amu.pan.pl\/krzysztof-ptaszynski\/"]}]},{"@type":"ImageObject","inLanguage":"en-GB","@id":"https:\/\/amu.pan.pl\/krzysztof-ptaszynski\/#primaryimage","url":"https:\/\/amu.pan.pl\/wp-content\/uploads\/2024\/09\/photo-225x300.jpg","contentUrl":"https:\/\/amu.pan.pl\/wp-content\/uploads\/2024\/09\/photo-225x300.jpg"},{"@type":"BreadcrumbList","@id":"https:\/\/amu.pan.pl\/krzysztof-ptaszynski\/#breadcrumb","itemListElement":[{"@type":"ListItem","position":1,"name":"Strona g\u0142\u00f3wna","item":"https:\/\/amu.pan.pl\/"},{"@type":"ListItem","position":2,"name":"Krzysztof Ptaszy\u0144ski"}]},{"@type":"WebSite","@id":"https:\/\/amu.pan.pl\/#website","url":"https:\/\/amu.pan.pl\/","name":"Akademia M\u0142odych Uczonych","description":"Polska Akademia Nauk","publisher":{"@id":"https:\/\/amu.pan.pl\/#organization"},"potentialAction":[{"@type":"SearchAction","target":{"@type":"EntryPoint","urlTemplate":"https:\/\/amu.pan.pl\/?s={search_term_string}"},"query-input":{"@type":"PropertyValueSpecification","valueRequired":true,"valueName":"search_term_string"}}],"inLanguage":"en-GB"},{"@type":"Organization","@id":"https:\/\/amu.pan.pl\/#organization","name":"Akademia M\u0142odych Uczonych","url":"https:\/\/amu.pan.pl\/","logo":{"@type":"ImageObject","inLanguage":"en-GB","@id":"https:\/\/amu.pan.pl\/#\/schema\/logo\/image\/","url":"https:\/\/amu.pan.pl\/wp-content\/uploads\/2020\/08\/zz_amu.png","contentUrl":"https:\/\/amu.pan.pl\/wp-content\/uploads\/2020\/08\/zz_amu.png","width":2794,"height":1016,"caption":"Akademia M\u0142odych Uczonych"},"image":{"@id":"https:\/\/amu.pan.pl\/#\/schema\/logo\/image\/"},"sameAs":["https:\/\/www.facebook.com\/AkademiaMlodychUczonych\/","https:\/\/x.com\/AMUPAN1"]}]}},"_links":{"self":[{"href":"https:\/\/amu.pan.pl\/en\/wp-json\/wp\/v2\/pages\/5568","targetHints":{"allow":["GET"]}}],"collection":[{"href":"https:\/\/amu.pan.pl\/en\/wp-json\/wp\/v2\/pages"}],"about":[{"href":"https:\/\/amu.pan.pl\/en\/wp-json\/wp\/v2\/types\/page"}],"author":[{"embeddable":true,"href":"https:\/\/amu.pan.pl\/en\/wp-json\/wp\/v2\/users\/2"}],"replies":[{"embeddable":true,"href":"https:\/\/amu.pan.pl\/en\/wp-json\/wp\/v2\/comments?post=5568"}],"version-history":[{"count":8,"href":"https:\/\/amu.pan.pl\/en\/wp-json\/wp\/v2\/pages\/5568\/revisions"}],"predecessor-version":[{"id":5594,"href":"https:\/\/amu.pan.pl\/en\/wp-json\/wp\/v2\/pages\/5568\/revisions\/5594"}],"wp:attachment":[{"href":"https:\/\/amu.pan.pl\/en\/wp-json\/wp\/v2\/media?parent=5568"}],"curies":[{"name":"wp","href":"https:\/\/api.w.org\/{rel}","templated":true}]}}