{"id":5574,"date":"2024-09-19T11:03:29","date_gmt":"2024-09-19T09:03:29","guid":{"rendered":"https:\/\/amu.pan.pl\/?page_id=5574"},"modified":"2024-09-19T13:09:06","modified_gmt":"2024-09-19T11:09:06","slug":"bartosz-szyszko","status":"publish","type":"page","link":"https:\/\/amu.pan.pl\/en\/bartosz-szyszko\/","title":{"rendered":"Bartosz Szyszko"},"content":{"rendered":"<div data-elementor-type=\"wp-page\" data-elementor-id=\"5574\" class=\"elementor elementor-5574\">\n\t\t\t\t\t\t<section class=\"elementor-section elementor-top-section elementor-element elementor-element-9df95ac elementor-section-boxed elementor-section-height-default elementor-section-height-default\" data-id=\"9df95ac\" data-element_type=\"section\">\n\t\t\t\t\t\t<div class=\"elementor-container elementor-column-gap-default\">\n\t\t\t\t\t<div class=\"elementor-column elementor-col-100 elementor-top-column elementor-element elementor-element-d8fd9bc\" data-id=\"d8fd9bc\" data-element_type=\"column\">\n\t\t\t<div class=\"elementor-widget-wrap elementor-element-populated\">\n\t\t\t\t\t\t<div class=\"elementor-element elementor-element-fea7551 elementor-widget elementor-widget-heading\" data-id=\"fea7551\" data-element_type=\"widget\" data-widget_type=\"heading.default\">\n\t\t\t\t<div class=\"elementor-widget-container\">\n\t\t\t\t\t<h1 class=\"elementor-heading-title elementor-size-default\">Bartosz Szyszko<\/h1>\t\t\t\t<\/div>\n\t\t\t\t<\/div>\n\t\t\t\t\t<\/div>\n\t\t<\/div>\n\t\t\t\t\t<\/div>\n\t\t<\/section>\n\t\t\t\t<section class=\"elementor-section elementor-top-section elementor-element elementor-element-dbeb59e elementor-section-boxed elementor-section-height-default elementor-section-height-default\" data-id=\"dbeb59e\" data-element_type=\"section\">\n\t\t\t\t\t\t<div class=\"elementor-container elementor-column-gap-default\">\n\t\t\t\t\t<div class=\"elementor-column elementor-col-100 elementor-top-column elementor-element elementor-element-2f354a0\" data-id=\"2f354a0\" data-element_type=\"column\">\n\t\t\t<div class=\"elementor-widget-wrap elementor-element-populated\">\n\t\t\t\t\t\t<div class=\"elementor-element elementor-element-c422544 elementor-widget elementor-widget-text-editor\" data-id=\"c422544\" data-element_type=\"widget\" data-widget_type=\"text-editor.default\">\n\t\t\t\t<div class=\"elementor-widget-container\">\n\t\t\t\t\t\t\t\t\t<p style=\"text-align: justify; vertical-align: baseline; margin: 26.25pt 0cm 19.2pt 0cm;\"><span style=\"font-family: 'Arial',sans-serif; color: black;\"><a href=\"https:\/\/amu.pan.pl\/o-nas\/sklad-amu\/bs\/\" rel=\"attachment wp-att-5453\"><img fetchpriority=\"high\" decoding=\"async\" class=\"alignleft size-medium wp-image-5453\" src=\"https:\/\/amu.pan.pl\/wp-content\/uploads\/2024\/09\/BS-252x300.jpeg\" alt=\"\" width=\"252\" height=\"300\" srcset=\"https:\/\/amu.pan.pl\/wp-content\/uploads\/2024\/09\/BS-252x300.jpeg 252w, https:\/\/amu.pan.pl\/wp-content\/uploads\/2024\/09\/BS-768x916.jpeg 768w, https:\/\/amu.pan.pl\/wp-content\/uploads\/2024\/09\/BS-10x12.jpeg 10w, https:\/\/amu.pan.pl\/wp-content\/uploads\/2024\/09\/BS.jpeg 804w\" sizes=\"(max-width: 252px) 100vw, 252px\" \/><\/a>Dr hab. Bartosz Szyszko pracuje w Zak\u0142adzie Chemii Organicznej na Wydziale Chemii Uniwersytetu Wroc\u0142awskiego. W 2014 roku\u00a0obroni\u0142 z wyr\u00f3\u017cnieniem prac\u0119 doktorsk\u0105\u00a0dotycz\u0105c\u0105 syntezy, reaktywno\u015bci i chemii koordynacyjnej acenoporfirynoid\u00f3w, kt\u00f3rej promotorem by\u0142 prof. Lechos\u0142aw Latos-Gra\u017cy\u0144ski. W 2015 roku dr hab. Szyszko odby\u0142 sta\u017c podoktorski w grupie prof. Jonathana Nitschke na\u00a0Wydziale Chemii Uniwersytetu w Cambridge, podczas kt\u00f3rego prowadzi\u0142 prace nad syntez\u0105 klatek supramolekularnych z wykorzystaniem metody samoasocjacji z subkomponent\u00f3w. Habilitacj\u0119 uzyska\u0142 w 2021 roku na podstawie cyklu artyku\u0142\u00f3w po\u015bwi\u0119conego wykorzystaniu porfirynoid\u00f3w w charakterze element\u00f3w konstrukcyjnych uk\u0142ad\u00f3w supramolekularnych.\u00a0<\/span><\/p><p style=\"text-align: justify; vertical-align: baseline; margin: 26.25pt 0cm 19.2pt 0cm;\"><span style=\"font-family: 'Arial',sans-serif; color: black;\">Od 2023 r. dr hab. Szyszko jest zatrudniony na stanowisku profesora Uniwersytetu Wroc\u0142awskiego w Zak\u0142adzie chemii organicznej na Wydziale Chemii. W latach 2017 \u2013 2024 dr hab. Szyszko kierowa\u0142 utworzon\u0105 przez siebie studenck\u0105 Pracowni\u0105 Zaawansowanych Metod Syntezy, a od roku 2021 prowadzi Zesp\u00f3w Badawczy Organicznej Chemii Supramolekularnej (www.bszyszko.pl). W kadencji 2020-2024 pe\u0142ni\u0142 funkcj\u0119 Prodziekana ds. og\u00f3lnych Wydzia\u0142u Chemii UWr. <\/span><\/p><p style=\"text-align: justify; vertical-align: baseline; margin: 26.25pt 0cm 19.2pt 0cm;\"><span style=\"font-family: 'Arial',sans-serif; color: black;\">Po habilitacji dr hab. Szyszko zainicjowa\u0142 na Wydziale Chemii Uniwersytetu Wroc\u0142awskiego now\u0105 lini\u0119 tematyczn\u0105 skoncentrowan\u0105 wok\u00f3\u0142 syntezy i struktury uk\u0142ad\u00f3w zablokowanych mechanicznie. Jego\u00a0zainteresowania naukowe wpisuj\u0105 si\u0119 w obszar chemii makrocyklicznej i supramolekularnej. Realizowana w zespole tematyka badawcza zwi\u0105zana jest z syntez\u0105, badaniem w\u0142a\u015bciwo\u015bci, struktury i dynamiki zwi\u0105zk\u00f3w makrocyklicznych oraz architektur supramolekularnych takich jak molekularne klatki oraz uk\u0142ady zablokowane mechanicznie (w\u0119z\u0142y, sploty, rotaksany).<\/span><\/p><p style=\"text-align: justify; vertical-align: baseline; margin: 26.25pt 0cm 19.2pt 0cm;\"><span style=\"font-family: 'Arial',sans-serif; color: black;\">Dr hab. Szyszko jest Autorem i wsp\u00f3\u0142autorem 34 artyku\u0142\u00f3w naukowych opublikowanych w presti\u017cowych czasopismach chemicznych, w tym Angewandte Chemie, Journal of the American Chemical Society i Nature Communications. Jest laureatem grant\u00f3w NCN PRELUDIUM, SONATA, SONATA BIS, OPUS, PRELUDIUM BIS. Za swoj\u0105 prac\u0119 naukow\u0105 nagradzany by\u0142 presti\u017cowymi nagrodami i wyr\u00f3\u017cnieniami \u015brodowiskowymi, w tym\u00a0Nagrod\u0105 im. W. Ko\u0142osa (PAN), Nagrod\u0105 Iuvenes Wratislaviae\u00a0(PAN Wroc\u0142aw),\u00a0Stypendium START\u00a0(FNP),\u00a0Stypendium dla m\u0142odych naukowc\u00f3w\u00a0(MNiSW) i\u00a0Stypendium Maxa Borna.<\/span><\/p>\t\t\t\t\t\t\t\t<\/div>\n\t\t\t\t<\/div>\n\t\t\t\t\t<\/div>\n\t\t<\/div>\n\t\t\t\t\t<\/div>\n\t\t<\/section>\n\t\t\t\t<\/div>","protected":false},"excerpt":{"rendered":"<p>Bartosz Szyszko Dr hab. Bartosz Szyszko pracuje w Zak\u0142adzie Chemii Organicznej na Wydziale Chemii Uniwersytetu Wroc\u0142awskiego. W 2014 roku\u00a0obroni\u0142 z wyr\u00f3\u017cnieniem prac\u0119 doktorsk\u0105\u00a0dotycz\u0105c\u0105 syntezy, reaktywno\u015bci i chemii koordynacyjnej acenoporfirynoid\u00f3w, kt\u00f3rej promotorem by\u0142 prof. Lechos\u0142aw Latos-Gra\u017cy\u0144ski. W 2015 roku dr hab. Szyszko odby\u0142 sta\u017c podoktorski w grupie prof. Jonathana Nitschke na\u00a0Wydziale Chemii Uniwersytetu w Cambridge, podczas&hellip;&nbsp;<a href=\"https:\/\/amu.pan.pl\/en\/bartosz-szyszko\/\" rel=\"bookmark\">Read More &raquo;<span class=\"screen-reader-text\">Bartosz Szyszko<\/span><\/a><\/p>","protected":false},"author":2,"featured_media":0,"parent":0,"menu_order":0,"comment_status":"closed","ping_status":"closed","template":"page-templates\/template-pagebuilder-full-width.php","meta":{"_monsterinsights_skip_tracking":false,"_monsterinsights_sitenote_active":false,"_monsterinsights_sitenote_note":"","_monsterinsights_sitenote_category":0,"neve_meta_sidebar":"","neve_meta_container":"","neve_meta_enable_content_width":"","neve_meta_content_width":0,"neve_meta_title_alignment":"","neve_meta_author_avatar":"","neve_post_elements_order":"","neve_meta_disable_header":"","neve_meta_disable_footer":"","neve_meta_disable_title":"","footnotes":""},"class_list":["post-5574","page","type-page","status-publish","hentry"],"yoast_head":"<!-- This site is optimized with the Yoast SEO plugin v25.0 - https:\/\/yoast.com\/wordpress\/plugins\/seo\/ -->\n<title>Bartosz Szyszko - Akademia M\u0142odych Uczonych<\/title>\n<meta name=\"robots\" content=\"index, follow, max-snippet:-1, max-image-preview:large, max-video-preview:-1\" \/>\n<link rel=\"canonical\" href=\"https:\/\/amu.pan.pl\/en\/bartosz-szyszko\/\" \/>\n<meta property=\"og:locale\" content=\"en_GB\" \/>\n<meta property=\"og:type\" content=\"article\" \/>\n<meta property=\"og:title\" content=\"Bartosz Szyszko - Akademia M\u0142odych Uczonych\" \/>\n<meta property=\"og:description\" content=\"Bartosz Szyszko Dr hab. Bartosz Szyszko pracuje w Zak\u0142adzie Chemii Organicznej na Wydziale Chemii Uniwersytetu Wroc\u0142awskiego. W 2014 roku\u00a0obroni\u0142 z wyr\u00f3\u017cnieniem prac\u0119 doktorsk\u0105\u00a0dotycz\u0105c\u0105 syntezy, reaktywno\u015bci i chemii koordynacyjnej acenoporfirynoid\u00f3w, kt\u00f3rej promotorem by\u0142 prof. Lechos\u0142aw Latos-Gra\u017cy\u0144ski. W 2015 roku dr hab. Szyszko odby\u0142 sta\u017c podoktorski w grupie prof. Jonathana Nitschke na\u00a0Wydziale Chemii Uniwersytetu w Cambridge, podczas&hellip;&nbsp;Read More &raquo;Bartosz Szyszko\" \/>\n<meta property=\"og:url\" content=\"https:\/\/amu.pan.pl\/en\/bartosz-szyszko\/\" \/>\n<meta property=\"og:site_name\" content=\"Akademia M\u0142odych Uczonych\" \/>\n<meta property=\"article:publisher\" content=\"https:\/\/www.facebook.com\/AkademiaMlodychUczonych\/\" \/>\n<meta property=\"article:modified_time\" content=\"2024-09-19T11:09:06+00:00\" \/>\n<meta property=\"og:image\" content=\"https:\/\/amu.pan.pl\/wp-content\/uploads\/2024\/09\/BS.jpeg\" \/>\n\t<meta property=\"og:image:width\" content=\"804\" \/>\n\t<meta property=\"og:image:height\" content=\"959\" \/>\n\t<meta property=\"og:image:type\" content=\"image\/jpeg\" \/>\n<meta name=\"twitter:card\" content=\"summary_large_image\" \/>\n<meta name=\"twitter:site\" content=\"@AMUPAN1\" \/>\n<meta name=\"twitter:label1\" content=\"Estimated reading time\" \/>\n\t<meta name=\"twitter:data1\" content=\"2 minutes\" \/>\n<script type=\"application\/ld+json\" class=\"yoast-schema-graph\">{\"@context\":\"https:\/\/schema.org\",\"@graph\":[{\"@type\":\"WebPage\",\"@id\":\"https:\/\/amu.pan.pl\/bartosz-szyszko\/\",\"url\":\"https:\/\/amu.pan.pl\/bartosz-szyszko\/\",\"name\":\"Bartosz Szyszko - Akademia M\u0142odych Uczonych\",\"isPartOf\":{\"@id\":\"https:\/\/amu.pan.pl\/#website\"},\"primaryImageOfPage\":{\"@id\":\"https:\/\/amu.pan.pl\/bartosz-szyszko\/#primaryimage\"},\"image\":{\"@id\":\"https:\/\/amu.pan.pl\/bartosz-szyszko\/#primaryimage\"},\"thumbnailUrl\":\"https:\/\/amu.pan.pl\/wp-content\/uploads\/2024\/09\/BS-252x300.jpeg\",\"datePublished\":\"2024-09-19T09:03:29+00:00\",\"dateModified\":\"2024-09-19T11:09:06+00:00\",\"breadcrumb\":{\"@id\":\"https:\/\/amu.pan.pl\/bartosz-szyszko\/#breadcrumb\"},\"inLanguage\":\"en-GB\",\"potentialAction\":[{\"@type\":\"ReadAction\",\"target\":[\"https:\/\/amu.pan.pl\/bartosz-szyszko\/\"]}]},{\"@type\":\"ImageObject\",\"inLanguage\":\"en-GB\",\"@id\":\"https:\/\/amu.pan.pl\/bartosz-szyszko\/#primaryimage\",\"url\":\"https:\/\/amu.pan.pl\/wp-content\/uploads\/2024\/09\/BS-252x300.jpeg\",\"contentUrl\":\"https:\/\/amu.pan.pl\/wp-content\/uploads\/2024\/09\/BS-252x300.jpeg\"},{\"@type\":\"BreadcrumbList\",\"@id\":\"https:\/\/amu.pan.pl\/bartosz-szyszko\/#breadcrumb\",\"itemListElement\":[{\"@type\":\"ListItem\",\"position\":1,\"name\":\"Strona g\u0142\u00f3wna\",\"item\":\"https:\/\/amu.pan.pl\/\"},{\"@type\":\"ListItem\",\"position\":2,\"name\":\"Bartosz Szyszko\"}]},{\"@type\":\"WebSite\",\"@id\":\"https:\/\/amu.pan.pl\/#website\",\"url\":\"https:\/\/amu.pan.pl\/\",\"name\":\"Akademia M\u0142odych Uczonych\",\"description\":\"Polska Akademia Nauk\",\"publisher\":{\"@id\":\"https:\/\/amu.pan.pl\/#organization\"},\"potentialAction\":[{\"@type\":\"SearchAction\",\"target\":{\"@type\":\"EntryPoint\",\"urlTemplate\":\"https:\/\/amu.pan.pl\/?s={search_term_string}\"},\"query-input\":{\"@type\":\"PropertyValueSpecification\",\"valueRequired\":true,\"valueName\":\"search_term_string\"}}],\"inLanguage\":\"en-GB\"},{\"@type\":\"Organization\",\"@id\":\"https:\/\/amu.pan.pl\/#organization\",\"name\":\"Akademia M\u0142odych Uczonych\",\"url\":\"https:\/\/amu.pan.pl\/\",\"logo\":{\"@type\":\"ImageObject\",\"inLanguage\":\"en-GB\",\"@id\":\"https:\/\/amu.pan.pl\/#\/schema\/logo\/image\/\",\"url\":\"https:\/\/amu.pan.pl\/wp-content\/uploads\/2020\/08\/zz_amu.png\",\"contentUrl\":\"https:\/\/amu.pan.pl\/wp-content\/uploads\/2020\/08\/zz_amu.png\",\"width\":2794,\"height\":1016,\"caption\":\"Akademia M\u0142odych Uczonych\"},\"image\":{\"@id\":\"https:\/\/amu.pan.pl\/#\/schema\/logo\/image\/\"},\"sameAs\":[\"https:\/\/www.facebook.com\/AkademiaMlodychUczonych\/\",\"https:\/\/x.com\/AMUPAN1\"]}]}<\/script>\n<!-- \/ Yoast SEO plugin. -->","yoast_head_json":{"title":"Bartosz Szyszko - Akademia M\u0142odych Uczonych","robots":{"index":"index","follow":"follow","max-snippet":"max-snippet:-1","max-image-preview":"max-image-preview:large","max-video-preview":"max-video-preview:-1"},"canonical":"https:\/\/amu.pan.pl\/en\/bartosz-szyszko\/","og_locale":"en_GB","og_type":"article","og_title":"Bartosz Szyszko - Akademia M\u0142odych Uczonych","og_description":"Bartosz Szyszko Dr hab. Bartosz Szyszko pracuje w Zak\u0142adzie Chemii Organicznej na Wydziale Chemii Uniwersytetu Wroc\u0142awskiego. W 2014 roku\u00a0obroni\u0142 z wyr\u00f3\u017cnieniem prac\u0119 doktorsk\u0105\u00a0dotycz\u0105c\u0105 syntezy, reaktywno\u015bci i chemii koordynacyjnej acenoporfirynoid\u00f3w, kt\u00f3rej promotorem by\u0142 prof. Lechos\u0142aw Latos-Gra\u017cy\u0144ski. W 2015 roku dr hab. Szyszko odby\u0142 sta\u017c podoktorski w grupie prof. Jonathana Nitschke na\u00a0Wydziale Chemii Uniwersytetu w Cambridge, podczas&hellip;&nbsp;Read More &raquo;Bartosz Szyszko","og_url":"https:\/\/amu.pan.pl\/en\/bartosz-szyszko\/","og_site_name":"Akademia M\u0142odych Uczonych","article_publisher":"https:\/\/www.facebook.com\/AkademiaMlodychUczonych\/","article_modified_time":"2024-09-19T11:09:06+00:00","og_image":[{"width":804,"height":959,"url":"https:\/\/amu.pan.pl\/wp-content\/uploads\/2024\/09\/BS.jpeg","type":"image\/jpeg"}],"twitter_card":"summary_large_image","twitter_site":"@AMUPAN1","twitter_misc":{"Estimated reading time":"2 minutes"},"schema":{"@context":"https:\/\/schema.org","@graph":[{"@type":"WebPage","@id":"https:\/\/amu.pan.pl\/bartosz-szyszko\/","url":"https:\/\/amu.pan.pl\/bartosz-szyszko\/","name":"Bartosz Szyszko - Akademia M\u0142odych Uczonych","isPartOf":{"@id":"https:\/\/amu.pan.pl\/#website"},"primaryImageOfPage":{"@id":"https:\/\/amu.pan.pl\/bartosz-szyszko\/#primaryimage"},"image":{"@id":"https:\/\/amu.pan.pl\/bartosz-szyszko\/#primaryimage"},"thumbnailUrl":"https:\/\/amu.pan.pl\/wp-content\/uploads\/2024\/09\/BS-252x300.jpeg","datePublished":"2024-09-19T09:03:29+00:00","dateModified":"2024-09-19T11:09:06+00:00","breadcrumb":{"@id":"https:\/\/amu.pan.pl\/bartosz-szyszko\/#breadcrumb"},"inLanguage":"en-GB","potentialAction":[{"@type":"ReadAction","target":["https:\/\/amu.pan.pl\/bartosz-szyszko\/"]}]},{"@type":"ImageObject","inLanguage":"en-GB","@id":"https:\/\/amu.pan.pl\/bartosz-szyszko\/#primaryimage","url":"https:\/\/amu.pan.pl\/wp-content\/uploads\/2024\/09\/BS-252x300.jpeg","contentUrl":"https:\/\/amu.pan.pl\/wp-content\/uploads\/2024\/09\/BS-252x300.jpeg"},{"@type":"BreadcrumbList","@id":"https:\/\/amu.pan.pl\/bartosz-szyszko\/#breadcrumb","itemListElement":[{"@type":"ListItem","position":1,"name":"Strona g\u0142\u00f3wna","item":"https:\/\/amu.pan.pl\/"},{"@type":"ListItem","position":2,"name":"Bartosz Szyszko"}]},{"@type":"WebSite","@id":"https:\/\/amu.pan.pl\/#website","url":"https:\/\/amu.pan.pl\/","name":"Akademia M\u0142odych Uczonych","description":"Polska Akademia Nauk","publisher":{"@id":"https:\/\/amu.pan.pl\/#organization"},"potentialAction":[{"@type":"SearchAction","target":{"@type":"EntryPoint","urlTemplate":"https:\/\/amu.pan.pl\/?s={search_term_string}"},"query-input":{"@type":"PropertyValueSpecification","valueRequired":true,"valueName":"search_term_string"}}],"inLanguage":"en-GB"},{"@type":"Organization","@id":"https:\/\/amu.pan.pl\/#organization","name":"Akademia M\u0142odych Uczonych","url":"https:\/\/amu.pan.pl\/","logo":{"@type":"ImageObject","inLanguage":"en-GB","@id":"https:\/\/amu.pan.pl\/#\/schema\/logo\/image\/","url":"https:\/\/amu.pan.pl\/wp-content\/uploads\/2020\/08\/zz_amu.png","contentUrl":"https:\/\/amu.pan.pl\/wp-content\/uploads\/2020\/08\/zz_amu.png","width":2794,"height":1016,"caption":"Akademia M\u0142odych Uczonych"},"image":{"@id":"https:\/\/amu.pan.pl\/#\/schema\/logo\/image\/"},"sameAs":["https:\/\/www.facebook.com\/AkademiaMlodychUczonych\/","https:\/\/x.com\/AMUPAN1"]}]}},"_links":{"self":[{"href":"https:\/\/amu.pan.pl\/en\/wp-json\/wp\/v2\/pages\/5574","targetHints":{"allow":["GET"]}}],"collection":[{"href":"https:\/\/amu.pan.pl\/en\/wp-json\/wp\/v2\/pages"}],"about":[{"href":"https:\/\/amu.pan.pl\/en\/wp-json\/wp\/v2\/types\/page"}],"author":[{"embeddable":true,"href":"https:\/\/amu.pan.pl\/en\/wp-json\/wp\/v2\/users\/2"}],"replies":[{"embeddable":true,"href":"https:\/\/amu.pan.pl\/en\/wp-json\/wp\/v2\/comments?post=5574"}],"version-history":[{"count":8,"href":"https:\/\/amu.pan.pl\/en\/wp-json\/wp\/v2\/pages\/5574\/revisions"}],"predecessor-version":[{"id":5588,"href":"https:\/\/amu.pan.pl\/en\/wp-json\/wp\/v2\/pages\/5574\/revisions\/5588"}],"wp:attachment":[{"href":"https:\/\/amu.pan.pl\/en\/wp-json\/wp\/v2\/media?parent=5574"}],"curies":[{"name":"wp","href":"https:\/\/api.w.org\/{rel}","templated":true}]}}