{"id":5937,"date":"2025-10-15T10:49:32","date_gmt":"2025-10-15T08:49:32","guid":{"rendered":"https:\/\/amu.pan.pl\/?page_id=5937"},"modified":"2025-10-15T14:18:05","modified_gmt":"2025-10-15T12:18:05","slug":"michal-tomza","status":"publish","type":"page","link":"https:\/\/amu.pan.pl\/en\/michal-tomza\/","title":{"rendered":"Micha\u0142 Tomza"},"content":{"rendered":"<div data-elementor-type=\"wp-page\" data-elementor-id=\"5937\" class=\"elementor elementor-5937\">\n\t\t\t\t\t\t<section class=\"elementor-section elementor-top-section elementor-element elementor-element-a30112b elementor-section-boxed elementor-section-height-default elementor-section-height-default\" data-id=\"a30112b\" data-element_type=\"section\">\n\t\t\t\t\t\t<div class=\"elementor-container elementor-column-gap-default\">\n\t\t\t\t\t<div class=\"elementor-column elementor-col-100 elementor-top-column elementor-element elementor-element-49343c8\" data-id=\"49343c8\" data-element_type=\"column\">\n\t\t\t<div class=\"elementor-widget-wrap elementor-element-populated\">\n\t\t\t\t\t\t<div class=\"elementor-element elementor-element-cc01870 elementor-widget elementor-widget-heading\" data-id=\"cc01870\" data-element_type=\"widget\" data-widget_type=\"heading.default\">\n\t\t\t\t<div class=\"elementor-widget-container\">\n\t\t\t\t\t<h2 class=\"elementor-heading-title elementor-size-default\">Micha\u0142 Tomza<\/h2>\t\t\t\t<\/div>\n\t\t\t\t<\/div>\n\t\t\t\t\t<\/div>\n\t\t<\/div>\n\t\t\t\t\t<\/div>\n\t\t<\/section>\n\t\t\t\t<section class=\"elementor-section elementor-top-section elementor-element elementor-element-d48066e elementor-section-boxed elementor-section-height-default elementor-section-height-default\" data-id=\"d48066e\" data-element_type=\"section\">\n\t\t\t\t\t\t<div class=\"elementor-container elementor-column-gap-default\">\n\t\t\t\t\t<div class=\"elementor-column elementor-col-100 elementor-top-column elementor-element elementor-element-893ed32\" data-id=\"893ed32\" data-element_type=\"column\">\n\t\t\t<div class=\"elementor-widget-wrap elementor-element-populated\">\n\t\t\t\t\t\t<div class=\"elementor-element elementor-element-eadd29c elementor-widget elementor-widget-text-editor\" data-id=\"eadd29c\" data-element_type=\"widget\" data-widget_type=\"text-editor.default\">\n\t\t\t\t<div class=\"elementor-widget-container\">\n\t\t\t\t\t\t\t\t\t<p><a href=\"https:\/\/amu.pan.pl\/o-nas\/sklad-amu\/tomza-michal\/\" rel=\"attachment wp-att-4464\"><img fetchpriority=\"high\" decoding=\"async\" class=\"size-medium wp-image-4464 alignleft\" src=\"https:\/\/amu.pan.pl\/wp-content\/uploads\/2022\/02\/Tomza-Michal-240x300.jpg\" alt=\"\" width=\"240\" height=\"300\" srcset=\"https:\/\/amu.pan.pl\/wp-content\/uploads\/2022\/02\/Tomza-Michal-240x300.jpg 240w, https:\/\/amu.pan.pl\/wp-content\/uploads\/2022\/02\/Tomza-Michal-819x1024.jpg 819w, https:\/\/amu.pan.pl\/wp-content\/uploads\/2022\/02\/Tomza-Michal-768x960.jpg 768w, https:\/\/amu.pan.pl\/wp-content\/uploads\/2022\/02\/Tomza-Michal-10x12.jpg 10w, https:\/\/amu.pan.pl\/wp-content\/uploads\/2022\/02\/Tomza-Michal.jpg 1024w\" sizes=\"(max-width: 240px) 100vw, 240px\" \/><\/a>PL<\/p><p>Micha\u0142 Tomza jest profesorem, kierownikiem grupy badawczej Kwantowych Uk\u0142ad\u00f3w Molekularnych oraz kierownikiem Centrum Fizyki Atomowej Molekularnej i Optycznej na Wydziale Fizyki Uniwersytetu Warszawskiego. Specjalizuje si\u0119 w fizyce i chemii ultrazimnej materii kwantowej, w tym w teorii oddzia\u0142ywa\u0144 i zderze\u0144 ultrazimnych atom\u00f3w, jon\u00f3w i cz\u0105steczek kontrolowanych za pomoc\u0105 p\u00f3l elektromagnetycznych oraz ich zastosowaniach w \u015bcis\u0142ej wsp\u00f3\u0142pracy z grupami do\u015bwiadczalnymi. Studia magisterskie uko\u0144czy\u0142 w Kolegium Mi\u0119dzywydzia\u0142owych Indywidualnych Studi\u00f3w Matematyczno-Przyrodniczych Uniwersytetu Warszawskiego, gdzie z wyr\u00f3\u017cnieniem obroni\u0142 prac\u0119 magistersk\u0105 z chemii kwantowej w 2009. Nast\u0119pnie odby\u0142 studia doktorskie w systemie cotuttele na Wydziale Chemii UW oraz w Instytucie Fizyki Uniwersytetu w Kassel w Niemczech. W 2014 obroni\u0142 z wyr\u00f3\u017cnieniem prac\u0119 doktorsk\u0105 pt. &#8220;Dynamika i kontrola kwantowa ultrazimnych cz\u0105steczek w polach zewn\u0119trznych&#8221;. Promotorami byli Robert Moszy\u0144ski oraz Christiane Koch. Sta\u017c podoktorski w latach 2014-2016 odby\u0142 w Instytucie Nauk Fotonicznych w Barcelonie w Hiszpanii, gdzie pracowa\u0142 w grupie badawczej Macieja Lewensteina. Od 2016 jest zatrudniony na UW, najpierw w Centrum Nowych Technologii a nast\u0119pnie od 2017 na Wydziale Fizyki. W ramach kilkumiesi\u0119cznych wizyt naukowych, badania prowadzi\u0142 r\u00f3wnie\u017c na Uniwersytecie w Granadzie, Uniwersytecie Kolumbii Brytyjskiej w Vancouver, Uniwersytecie Harvarda, Uniwersyteckie Kolorado w Bulder, Uniwersytecie Kalifornijskim w Santa Barbara, Uniwersytecie w Insbrucku oraz Kalifornijskim Instytucie Technicznym. W 2020 uzyska\u0142 stopie\u0144 doktora habilitowanego nauk fizycznych na podstawie cyklu publikacji pt. &#8220;Oddzia\u0142ywania i zderzenia pomi\u0119dzy ultrazimnymi atomami, jonami i cz\u0105steczkami&#8221;, a w 2024 tytu\u0142 profesora. W 2022 zosta\u0142 cz\u0142onkiem Akademii M\u0142odych Uczonych Polskiej Akademii Nauk na kadencj\u0119 2022-2026. Jest laureatem wielu nagr\u00f3d za osi\u0105gni\u0119cia naukowe, w tym Nagrody Narodowego Centrum Nauki w obszarze nauk \u015bcis\u0142ych i technicznych w 2020 oraz Nagrody Prezesa Rady Ministr\u00f3w za najlepsz\u0105 habilitacj\u0119 z fizyki w 2021. Realizuje liczne granty badawcze w tym przyznane przez Europejsk\u0105 Rad\u0119 ds. Bada\u0144 Naukowych (ERC Starting), Narodowe Centrum Nauki (Sonata, Sonata Bis, dwa razy Opus) i Fundacj\u0119 na Rzecz Nauki Polskiej (Homing i dwa razt First Team).<\/p><p>Strona www: http:\/\/quantmol.uw.edu.pl<\/p><p><br \/>ENG<\/p><p>Micha\u0142 Tomza is a professor, head of the Quantum Molecular Systems research group, and head of the Center for Atomic, Molecular, and Optical Physics at the Faculty of Physics, University of Warsaw. He specializes in the physics and chemistry of ultracold quantum matter, including the theory of interactions and collisions of ultracold atoms, ions, and molecules controlled by electromagnetic fields, and their applications in quantum science and technology in close collaboration with experimental groups. He completed his master&#8217;s degree at the College of Interfaculty Individual Studies in Mathematics and Natural Sciences, University of Warsaw, where he defended his thesis with distinction in quantum chemistry in 2009. He then completed doctoral studies in the cotuttele system at the Faculty of Chemistry, University of Warsaw, and at the Institute of Physics, University of Kassel, Germany. In 2014, he defended his doctoral thesis with distinction on &#8220;Dynamics and Quantum Control of Ultracold Particles in External Fields.&#8221; His supervisors were Robert Moszy\u0144ski and Christiane Koch. He completed his postdoctoral fellowship from 2014 to 2016 at the Institute of Photonic Sciences in Barcelona, \u200b\u200bSpain, where he worked in Maciej Lewenstein&#8217;s research group. Since 2016, he has been employed at the University of Warsaw, first at the Center for New Technologies and then, from 2017, at the Faculty of Physics. During several research visits, he has also conducted research at the University of Granada, the University of British Columbia in Vancouver, Harvard University, the University of Colorado at Bulder, the University of California at Santa Barbara, the University of Innsbruck and the California Institute of Technology. In 2020, he obtained a habilitation degree in physical sciences based on a series of publications entitled &#8220;Interactions and Collisions between Ultracold Atoms, Ions, and Molecules,&#8221; and in 2024, he was awarded the title of professor (full). In 2022, he became a member of the Academy of Young Scientists of the Polish Academy of Sciences for the 2022-2026 term. He has received numerous awards for his scientific achievements, including the National Science Centre Award in the field of exact and technical sciences in 2020 and the Prime Minister&#8217;s Award for the best habilitation in physics in 2021. He has received numerous research grants, including those awarded by the European Research Council (ERC Starting), the National Science Centre (Sonata, Sonata Bis, twice Opus), and the Foundation for Polish Science (Homing and twice First Team).<\/p><p>Webpage: http:\/\/quantmol.uw.edu.pl<\/p>\t\t\t\t\t\t\t\t<\/div>\n\t\t\t\t<\/div>\n\t\t\t\t\t<\/div>\n\t\t<\/div>\n\t\t\t\t\t<\/div>\n\t\t<\/section>\n\t\t\t\t<\/div>","protected":false},"excerpt":{"rendered":"<p>Micha\u0142 Tomza PL Micha\u0142 Tomza jest profesorem, kierownikiem grupy badawczej Kwantowych Uk\u0142ad\u00f3w Molekularnych oraz kierownikiem Centrum Fizyki Atomowej Molekularnej i Optycznej na Wydziale Fizyki Uniwersytetu Warszawskiego. Specjalizuje si\u0119 w fizyce i chemii ultrazimnej materii kwantowej, w tym w teorii oddzia\u0142ywa\u0144 i zderze\u0144 ultrazimnych atom\u00f3w, jon\u00f3w i cz\u0105steczek kontrolowanych za pomoc\u0105 p\u00f3l elektromagnetycznych oraz ich zastosowaniach&hellip;&nbsp;<a href=\"https:\/\/amu.pan.pl\/en\/michal-tomza\/\" rel=\"bookmark\">Read More &raquo;<span class=\"screen-reader-text\">Micha\u0142 Tomza<\/span><\/a><\/p>","protected":false},"author":2,"featured_media":0,"parent":0,"menu_order":0,"comment_status":"closed","ping_status":"closed","template":"page-templates\/template-pagebuilder-full-width.php","meta":{"_monsterinsights_skip_tracking":false,"_monsterinsights_sitenote_active":false,"_monsterinsights_sitenote_note":"","_monsterinsights_sitenote_category":0,"neve_meta_sidebar":"","neve_meta_container":"","neve_meta_enable_content_width":"","neve_meta_content_width":0,"neve_meta_title_alignment":"","neve_meta_author_avatar":"","neve_post_elements_order":"","neve_meta_disable_header":"","neve_meta_disable_footer":"","neve_meta_disable_title":"","footnotes":""},"class_list":["post-5937","page","type-page","status-publish","hentry"],"yoast_head":"<!-- This site is optimized with the Yoast SEO plugin v25.0 - https:\/\/yoast.com\/wordpress\/plugins\/seo\/ -->\n<title>Micha\u0142 Tomza - Akademia M\u0142odych Uczonych<\/title>\n<meta name=\"robots\" content=\"index, follow, max-snippet:-1, max-image-preview:large, max-video-preview:-1\" \/>\n<link rel=\"canonical\" href=\"https:\/\/amu.pan.pl\/en\/michal-tomza\/\" \/>\n<meta property=\"og:locale\" content=\"en_GB\" \/>\n<meta property=\"og:type\" content=\"article\" \/>\n<meta property=\"og:title\" content=\"Micha\u0142 Tomza - Akademia M\u0142odych Uczonych\" \/>\n<meta property=\"og:description\" content=\"Micha\u0142 Tomza PL Micha\u0142 Tomza jest profesorem, kierownikiem grupy badawczej Kwantowych Uk\u0142ad\u00f3w Molekularnych oraz kierownikiem Centrum Fizyki Atomowej Molekularnej i Optycznej na Wydziale Fizyki Uniwersytetu Warszawskiego. Specjalizuje si\u0119 w fizyce i chemii ultrazimnej materii kwantowej, w tym w teorii oddzia\u0142ywa\u0144 i zderze\u0144 ultrazimnych atom\u00f3w, jon\u00f3w i cz\u0105steczek kontrolowanych za pomoc\u0105 p\u00f3l elektromagnetycznych oraz ich zastosowaniach&hellip;&nbsp;Read More &raquo;Micha\u0142 Tomza\" \/>\n<meta property=\"og:url\" content=\"https:\/\/amu.pan.pl\/en\/michal-tomza\/\" \/>\n<meta property=\"og:site_name\" content=\"Akademia M\u0142odych Uczonych\" \/>\n<meta property=\"article:publisher\" content=\"https:\/\/www.facebook.com\/AkademiaMlodychUczonych\/\" \/>\n<meta property=\"article:modified_time\" content=\"2025-10-15T12:18:05+00:00\" \/>\n<meta property=\"og:image\" content=\"https:\/\/amu.pan.pl\/wp-content\/uploads\/2022\/02\/Tomza-Michal.jpg\" \/>\n\t<meta property=\"og:image:width\" content=\"1024\" \/>\n\t<meta property=\"og:image:height\" content=\"1280\" \/>\n\t<meta property=\"og:image:type\" content=\"image\/jpeg\" \/>\n<meta name=\"twitter:card\" content=\"summary_large_image\" \/>\n<meta name=\"twitter:site\" content=\"@AMUPAN1\" \/>\n<meta name=\"twitter:label1\" content=\"Estimated reading time\" \/>\n\t<meta name=\"twitter:data1\" content=\"5 minutes\" \/>\n<script type=\"application\/ld+json\" class=\"yoast-schema-graph\">{\"@context\":\"https:\/\/schema.org\",\"@graph\":[{\"@type\":\"WebPage\",\"@id\":\"https:\/\/amu.pan.pl\/michal-tomza\/\",\"url\":\"https:\/\/amu.pan.pl\/michal-tomza\/\",\"name\":\"Micha\u0142 Tomza - Akademia M\u0142odych Uczonych\",\"isPartOf\":{\"@id\":\"https:\/\/amu.pan.pl\/#website\"},\"primaryImageOfPage\":{\"@id\":\"https:\/\/amu.pan.pl\/michal-tomza\/#primaryimage\"},\"image\":{\"@id\":\"https:\/\/amu.pan.pl\/michal-tomza\/#primaryimage\"},\"thumbnailUrl\":\"https:\/\/amu.pan.pl\/wp-content\/uploads\/2022\/02\/Tomza-Michal-240x300.jpg\",\"datePublished\":\"2025-10-15T08:49:32+00:00\",\"dateModified\":\"2025-10-15T12:18:05+00:00\",\"breadcrumb\":{\"@id\":\"https:\/\/amu.pan.pl\/michal-tomza\/#breadcrumb\"},\"inLanguage\":\"en-GB\",\"potentialAction\":[{\"@type\":\"ReadAction\",\"target\":[\"https:\/\/amu.pan.pl\/michal-tomza\/\"]}]},{\"@type\":\"ImageObject\",\"inLanguage\":\"en-GB\",\"@id\":\"https:\/\/amu.pan.pl\/michal-tomza\/#primaryimage\",\"url\":\"https:\/\/amu.pan.pl\/wp-content\/uploads\/2022\/02\/Tomza-Michal-240x300.jpg\",\"contentUrl\":\"https:\/\/amu.pan.pl\/wp-content\/uploads\/2022\/02\/Tomza-Michal-240x300.jpg\"},{\"@type\":\"BreadcrumbList\",\"@id\":\"https:\/\/amu.pan.pl\/michal-tomza\/#breadcrumb\",\"itemListElement\":[{\"@type\":\"ListItem\",\"position\":1,\"name\":\"Strona g\u0142\u00f3wna\",\"item\":\"https:\/\/amu.pan.pl\/\"},{\"@type\":\"ListItem\",\"position\":2,\"name\":\"Micha\u0142 Tomza\"}]},{\"@type\":\"WebSite\",\"@id\":\"https:\/\/amu.pan.pl\/#website\",\"url\":\"https:\/\/amu.pan.pl\/\",\"name\":\"Akademia M\u0142odych Uczonych\",\"description\":\"Polska Akademia Nauk\",\"publisher\":{\"@id\":\"https:\/\/amu.pan.pl\/#organization\"},\"potentialAction\":[{\"@type\":\"SearchAction\",\"target\":{\"@type\":\"EntryPoint\",\"urlTemplate\":\"https:\/\/amu.pan.pl\/?s={search_term_string}\"},\"query-input\":{\"@type\":\"PropertyValueSpecification\",\"valueRequired\":true,\"valueName\":\"search_term_string\"}}],\"inLanguage\":\"en-GB\"},{\"@type\":\"Organization\",\"@id\":\"https:\/\/amu.pan.pl\/#organization\",\"name\":\"Akademia M\u0142odych Uczonych\",\"url\":\"https:\/\/amu.pan.pl\/\",\"logo\":{\"@type\":\"ImageObject\",\"inLanguage\":\"en-GB\",\"@id\":\"https:\/\/amu.pan.pl\/#\/schema\/logo\/image\/\",\"url\":\"https:\/\/amu.pan.pl\/wp-content\/uploads\/2020\/08\/zz_amu.png\",\"contentUrl\":\"https:\/\/amu.pan.pl\/wp-content\/uploads\/2020\/08\/zz_amu.png\",\"width\":2794,\"height\":1016,\"caption\":\"Akademia M\u0142odych Uczonych\"},\"image\":{\"@id\":\"https:\/\/amu.pan.pl\/#\/schema\/logo\/image\/\"},\"sameAs\":[\"https:\/\/www.facebook.com\/AkademiaMlodychUczonych\/\",\"https:\/\/x.com\/AMUPAN1\"]}]}<\/script>\n<!-- \/ Yoast SEO plugin. -->","yoast_head_json":{"title":"Micha\u0142 Tomza - Akademia M\u0142odych Uczonych","robots":{"index":"index","follow":"follow","max-snippet":"max-snippet:-1","max-image-preview":"max-image-preview:large","max-video-preview":"max-video-preview:-1"},"canonical":"https:\/\/amu.pan.pl\/en\/michal-tomza\/","og_locale":"en_GB","og_type":"article","og_title":"Micha\u0142 Tomza - Akademia M\u0142odych Uczonych","og_description":"Micha\u0142 Tomza PL Micha\u0142 Tomza jest profesorem, kierownikiem grupy badawczej Kwantowych Uk\u0142ad\u00f3w Molekularnych oraz kierownikiem Centrum Fizyki Atomowej Molekularnej i Optycznej na Wydziale Fizyki Uniwersytetu Warszawskiego. Specjalizuje si\u0119 w fizyce i chemii ultrazimnej materii kwantowej, w tym w teorii oddzia\u0142ywa\u0144 i zderze\u0144 ultrazimnych atom\u00f3w, jon\u00f3w i cz\u0105steczek kontrolowanych za pomoc\u0105 p\u00f3l elektromagnetycznych oraz ich zastosowaniach&hellip;&nbsp;Read More &raquo;Micha\u0142 Tomza","og_url":"https:\/\/amu.pan.pl\/en\/michal-tomza\/","og_site_name":"Akademia M\u0142odych Uczonych","article_publisher":"https:\/\/www.facebook.com\/AkademiaMlodychUczonych\/","article_modified_time":"2025-10-15T12:18:05+00:00","og_image":[{"width":1024,"height":1280,"url":"https:\/\/amu.pan.pl\/wp-content\/uploads\/2022\/02\/Tomza-Michal.jpg","type":"image\/jpeg"}],"twitter_card":"summary_large_image","twitter_site":"@AMUPAN1","twitter_misc":{"Estimated reading time":"5 minutes"},"schema":{"@context":"https:\/\/schema.org","@graph":[{"@type":"WebPage","@id":"https:\/\/amu.pan.pl\/michal-tomza\/","url":"https:\/\/amu.pan.pl\/michal-tomza\/","name":"Micha\u0142 Tomza - Akademia M\u0142odych Uczonych","isPartOf":{"@id":"https:\/\/amu.pan.pl\/#website"},"primaryImageOfPage":{"@id":"https:\/\/amu.pan.pl\/michal-tomza\/#primaryimage"},"image":{"@id":"https:\/\/amu.pan.pl\/michal-tomza\/#primaryimage"},"thumbnailUrl":"https:\/\/amu.pan.pl\/wp-content\/uploads\/2022\/02\/Tomza-Michal-240x300.jpg","datePublished":"2025-10-15T08:49:32+00:00","dateModified":"2025-10-15T12:18:05+00:00","breadcrumb":{"@id":"https:\/\/amu.pan.pl\/michal-tomza\/#breadcrumb"},"inLanguage":"en-GB","potentialAction":[{"@type":"ReadAction","target":["https:\/\/amu.pan.pl\/michal-tomza\/"]}]},{"@type":"ImageObject","inLanguage":"en-GB","@id":"https:\/\/amu.pan.pl\/michal-tomza\/#primaryimage","url":"https:\/\/amu.pan.pl\/wp-content\/uploads\/2022\/02\/Tomza-Michal-240x300.jpg","contentUrl":"https:\/\/amu.pan.pl\/wp-content\/uploads\/2022\/02\/Tomza-Michal-240x300.jpg"},{"@type":"BreadcrumbList","@id":"https:\/\/amu.pan.pl\/michal-tomza\/#breadcrumb","itemListElement":[{"@type":"ListItem","position":1,"name":"Strona g\u0142\u00f3wna","item":"https:\/\/amu.pan.pl\/"},{"@type":"ListItem","position":2,"name":"Micha\u0142 Tomza"}]},{"@type":"WebSite","@id":"https:\/\/amu.pan.pl\/#website","url":"https:\/\/amu.pan.pl\/","name":"Akademia M\u0142odych Uczonych","description":"Polska Akademia Nauk","publisher":{"@id":"https:\/\/amu.pan.pl\/#organization"},"potentialAction":[{"@type":"SearchAction","target":{"@type":"EntryPoint","urlTemplate":"https:\/\/amu.pan.pl\/?s={search_term_string}"},"query-input":{"@type":"PropertyValueSpecification","valueRequired":true,"valueName":"search_term_string"}}],"inLanguage":"en-GB"},{"@type":"Organization","@id":"https:\/\/amu.pan.pl\/#organization","name":"Akademia M\u0142odych Uczonych","url":"https:\/\/amu.pan.pl\/","logo":{"@type":"ImageObject","inLanguage":"en-GB","@id":"https:\/\/amu.pan.pl\/#\/schema\/logo\/image\/","url":"https:\/\/amu.pan.pl\/wp-content\/uploads\/2020\/08\/zz_amu.png","contentUrl":"https:\/\/amu.pan.pl\/wp-content\/uploads\/2020\/08\/zz_amu.png","width":2794,"height":1016,"caption":"Akademia M\u0142odych Uczonych"},"image":{"@id":"https:\/\/amu.pan.pl\/#\/schema\/logo\/image\/"},"sameAs":["https:\/\/www.facebook.com\/AkademiaMlodychUczonych\/","https:\/\/x.com\/AMUPAN1"]}]}},"_links":{"self":[{"href":"https:\/\/amu.pan.pl\/en\/wp-json\/wp\/v2\/pages\/5937","targetHints":{"allow":["GET"]}}],"collection":[{"href":"https:\/\/amu.pan.pl\/en\/wp-json\/wp\/v2\/pages"}],"about":[{"href":"https:\/\/amu.pan.pl\/en\/wp-json\/wp\/v2\/types\/page"}],"author":[{"embeddable":true,"href":"https:\/\/amu.pan.pl\/en\/wp-json\/wp\/v2\/users\/2"}],"replies":[{"embeddable":true,"href":"https:\/\/amu.pan.pl\/en\/wp-json\/wp\/v2\/comments?post=5937"}],"version-history":[{"count":7,"href":"https:\/\/amu.pan.pl\/en\/wp-json\/wp\/v2\/pages\/5937\/revisions"}],"predecessor-version":[{"id":5945,"href":"https:\/\/amu.pan.pl\/en\/wp-json\/wp\/v2\/pages\/5937\/revisions\/5945"}],"wp:attachment":[{"href":"https:\/\/amu.pan.pl\/en\/wp-json\/wp\/v2\/media?parent=5937"}],"curies":[{"name":"wp","href":"https:\/\/api.w.org\/{rel}","templated":true}]}}