{"id":62,"date":"2016-02-26T08:54:36","date_gmt":"2016-02-26T07:54:36","guid":{"rendered":"https:\/\/amu.pan.pl\/test\/2016\/02\/26\/jakub-fichna\/"},"modified":"2020-10-02T23:51:44","modified_gmt":"2020-10-02T21:51:44","slug":"jakub-fichna","status":"publish","type":"page","link":"https:\/\/amu.pan.pl\/en\/jakub-fichna\/","title":{"rendered":"Jakub Fichna"},"content":{"rendered":"<p><img fetchpriority=\"high\" decoding=\"async\" class=\"size-full wp-image-61\" src=\"https:\/\/amu.pan.pl\/wp-content\/uploads\/2016\/02\/JF_ofic300.png\" alt=\"\" style=\"margin-right: auto; margin-left: auto; display: block;\" width=\"300\" height=\"200\"><\/p>\n<p>Dr hab. n. med. Jakub Fichna, prof. UMed, jest kierownikiem Zak\u0142adu Biochemii Uniwersytetu Medycznego w \u0141odzi. Odby\u0142 liczne sta\u017ce zagraniczne, m. in. w Belgii (Katolicki Uniwersytet w Leuven), Chinach (Uniwersytet Tongji w Szanghaju), Danii (Uniwersytet Kopenhaski), Francji (Uniwersytet w Rouen, INSERM w Tuluzie), Niemczech (Uniwersytet Ludwiga Maximiliana w Monachium), Szwajcarii (Uniwersytet w Bazylei) i USA (Uniwersytet Kalifornijski w San Francisco). W latach 2008-2010, w ramach sta\u017cu podoktorskiego prowadzi\u0142 badania na Uniwersytecie w Calgary (Kanada).<br \/>\nTematyk\u0119 jego pracy badawczej stanowi\u0105 zagadnienia z zakresu fizjologii i patofizjologii uk\u0142adu pokarmowego. Zajmuje si\u0119 zar\u00f3wno projektowaniem i syntez\u0105 nowych potencjalnych lek\u00f3w oraz okre\u015blaniem ich w\u0142a\u015bciwo\u015bci biologicznych, jak i badaniem mechanizm\u00f3w le\u017c\u0105cych u podstaw chor\u00f3b zapalnych i czynno\u015bciowych przewodu pokarmowego.<br \/>\nJego dorobek publikacyjny obejmuje ponad 100 prac naukowych w zagranicznych i polskich recenzowanych czasopismach (indeks Hirscha 18). Jest laureatem licznych lokalnych, krajowych i mi\u0119dzynarodowych nagr\u00f3d i wyr\u00f3\u017cnie\u0144, w tym nagrody National Scholar Award, przyznawanej przez United European Gastroenterology Foundation (UEGF) and The European Gastroenterology Association (ASNEMGE) dla wyr\u00f3\u017cniaj\u0105cego si\u0119 m\u0142odego naukowca, Zespo\u0142owych Nagr\u00f3d Ministra Zdrowia oraz Nagrody Prezydium Oddzia\u0142u PAN w \u0141odzi i Konferencji Rektor\u00f3w Pa\u0144stwowych Uczelni Wy\u017cszych m. \u0141odzi. Jest laureatem Stypendium \u201cStart\u201d Fundacji na rzecz Nauki Polskiej, Stypendium Ministra Nauki i Szkolnictwa Wy\u017cszego dla wybitnych m\u0142odych naukowc\u00f3w oraz licznych stypendi\u00f3w wyjazdowych (m.in. ICRETT oraz Stypendium Rz\u0105du Francuskiego). Jego badania s\u0105 obecnie finansowane m.in. przez Narodowe Centrum Nauki (program Opus), MNiSW (program Iuventus Plus) oraz National Natural Science Foundation of China (NSFC).<br \/>\nBy\u0142 wiceprzewodnicz\u0105cym Rady M\u0142odych Naukowc\u00f3w przy MNiSW trzeciej kadencji. W 2013 r. zosta\u0142 powo\u0142any do pe\u0142nienia funkcji Young Committee Member w komitecie United European Gastroenterology (UEG) National Societies Committee. Jest r\u00f3wnie\u017c liderem grupy UEG Young Talent Group oraz inicjatorem projektu UEG Young GI Network.<\/p>","protected":false},"excerpt":{"rendered":"<p>Dr hab. n. med. Jakub Fichna, prof. UMed, jest kierownikiem Zak\u0142adu Biochemii Uniwersytetu Medycznego w \u0141odzi. Odby\u0142 liczne sta\u017ce zagraniczne, m. in. w Belgii (Katolicki Uniwersytet w Leuven), Chinach (Uniwersytet Tongji w Szanghaju), Danii (Uniwersytet Kopenhaski), Francji (Uniwersytet w Rouen, INSERM w Tuluzie), Niemczech (Uniwersytet Ludwiga Maximiliana w Monachium), Szwajcarii (Uniwersytet w Bazylei) i USA&hellip;&nbsp;<a href=\"https:\/\/amu.pan.pl\/en\/jakub-fichna\/\" rel=\"bookmark\">Read More &raquo;<span class=\"screen-reader-text\">Jakub Fichna<\/span><\/a><\/p>","protected":false},"author":2,"featured_media":61,"parent":0,"menu_order":67,"comment_status":"open","ping_status":"open","template":"","meta":{"_monsterinsights_skip_tracking":false,"_monsterinsights_sitenote_active":false,"_monsterinsights_sitenote_note":"","_monsterinsights_sitenote_category":0,"neve_meta_sidebar":"","neve_meta_container":"","neve_meta_enable_content_width":"","neve_meta_content_width":0,"neve_meta_title_alignment":"","neve_meta_author_avatar":"","neve_post_elements_order":"","neve_meta_disable_header":"","neve_meta_disable_footer":"","neve_meta_disable_title":"","footnotes":""},"class_list":["post-62","page","type-page","status-publish","has-post-thumbnail","hentry"],"yoast_head":"<!-- This site is optimized with the Yoast SEO plugin v25.0 - https:\/\/yoast.com\/wordpress\/plugins\/seo\/ -->\n<title>Jakub Fichna - Akademia M\u0142odych Uczonych<\/title>\n<meta name=\"robots\" content=\"index, follow, max-snippet:-1, max-image-preview:large, max-video-preview:-1\" \/>\n<link rel=\"canonical\" href=\"https:\/\/amu.pan.pl\/en\/jakub-fichna\/\" \/>\n<meta property=\"og:locale\" content=\"en_GB\" \/>\n<meta property=\"og:type\" content=\"article\" \/>\n<meta property=\"og:title\" content=\"Jakub Fichna - Akademia M\u0142odych Uczonych\" \/>\n<meta property=\"og:description\" content=\"Dr hab. n. med. Jakub Fichna, prof. UMed, jest kierownikiem Zak\u0142adu Biochemii Uniwersytetu Medycznego w \u0141odzi. Odby\u0142 liczne sta\u017ce zagraniczne, m. in. w Belgii (Katolicki Uniwersytet w Leuven), Chinach (Uniwersytet Tongji w Szanghaju), Danii (Uniwersytet Kopenhaski), Francji (Uniwersytet w Rouen, INSERM w Tuluzie), Niemczech (Uniwersytet Ludwiga Maximiliana w Monachium), Szwajcarii (Uniwersytet w Bazylei) i USA&hellip;&nbsp;Read More &raquo;Jakub Fichna\" \/>\n<meta property=\"og:url\" content=\"https:\/\/amu.pan.pl\/en\/jakub-fichna\/\" \/>\n<meta property=\"og:site_name\" content=\"Akademia M\u0142odych Uczonych\" \/>\n<meta property=\"article:publisher\" content=\"https:\/\/www.facebook.com\/AkademiaMlodychUczonych\/\" \/>\n<meta property=\"article:modified_time\" content=\"2020-10-02T21:51:44+00:00\" \/>\n<meta property=\"og:image\" content=\"https:\/\/amu.pan.pl\/wp-content\/uploads\/2016\/02\/JF_ofic300.png\" \/>\n\t<meta property=\"og:image:width\" content=\"300\" \/>\n\t<meta property=\"og:image:height\" content=\"200\" \/>\n\t<meta property=\"og:image:type\" content=\"image\/png\" \/>\n<meta name=\"twitter:card\" content=\"summary_large_image\" \/>\n<meta name=\"twitter:site\" content=\"@AMUPAN1\" \/>\n<meta name=\"twitter:label1\" content=\"Estimated reading time\" \/>\n\t<meta name=\"twitter:data1\" content=\"2 minutes\" \/>\n<script type=\"application\/ld+json\" class=\"yoast-schema-graph\">{\"@context\":\"https:\/\/schema.org\",\"@graph\":[{\"@type\":\"WebPage\",\"@id\":\"https:\/\/amu.pan.pl\/en\/jakub-fichna\/\",\"url\":\"https:\/\/amu.pan.pl\/en\/jakub-fichna\/\",\"name\":\"Jakub Fichna - Akademia M\u0142odych Uczonych\",\"isPartOf\":{\"@id\":\"https:\/\/amu.pan.pl\/#website\"},\"primaryImageOfPage\":{\"@id\":\"https:\/\/amu.pan.pl\/en\/jakub-fichna\/#primaryimage\"},\"image\":{\"@id\":\"https:\/\/amu.pan.pl\/en\/jakub-fichna\/#primaryimage\"},\"thumbnailUrl\":\"https:\/\/amu.pan.pl\/wp-content\/uploads\/2016\/02\/JF_ofic300.png\",\"datePublished\":\"2016-02-26T07:54:36+00:00\",\"dateModified\":\"2020-10-02T21:51:44+00:00\",\"breadcrumb\":{\"@id\":\"https:\/\/amu.pan.pl\/en\/jakub-fichna\/#breadcrumb\"},\"inLanguage\":\"en-GB\",\"potentialAction\":[{\"@type\":\"ReadAction\",\"target\":[\"https:\/\/amu.pan.pl\/en\/jakub-fichna\/\"]}]},{\"@type\":\"ImageObject\",\"inLanguage\":\"en-GB\",\"@id\":\"https:\/\/amu.pan.pl\/en\/jakub-fichna\/#primaryimage\",\"url\":\"https:\/\/amu.pan.pl\/wp-content\/uploads\/2016\/02\/JF_ofic300.png\",\"contentUrl\":\"https:\/\/amu.pan.pl\/wp-content\/uploads\/2016\/02\/JF_ofic300.png\",\"width\":300,\"height\":200},{\"@type\":\"BreadcrumbList\",\"@id\":\"https:\/\/amu.pan.pl\/en\/jakub-fichna\/#breadcrumb\",\"itemListElement\":[{\"@type\":\"ListItem\",\"position\":1,\"name\":\"Strona g\u0142\u00f3wna\",\"item\":\"https:\/\/amu.pan.pl\/\"},{\"@type\":\"ListItem\",\"position\":2,\"name\":\"Jakub Fichna\"}]},{\"@type\":\"WebSite\",\"@id\":\"https:\/\/amu.pan.pl\/#website\",\"url\":\"https:\/\/amu.pan.pl\/\",\"name\":\"Akademia M\u0142odych Uczonych\",\"description\":\"Polska Akademia Nauk\",\"publisher\":{\"@id\":\"https:\/\/amu.pan.pl\/#organization\"},\"potentialAction\":[{\"@type\":\"SearchAction\",\"target\":{\"@type\":\"EntryPoint\",\"urlTemplate\":\"https:\/\/amu.pan.pl\/?s={search_term_string}\"},\"query-input\":{\"@type\":\"PropertyValueSpecification\",\"valueRequired\":true,\"valueName\":\"search_term_string\"}}],\"inLanguage\":\"en-GB\"},{\"@type\":\"Organization\",\"@id\":\"https:\/\/amu.pan.pl\/#organization\",\"name\":\"Akademia M\u0142odych Uczonych\",\"url\":\"https:\/\/amu.pan.pl\/\",\"logo\":{\"@type\":\"ImageObject\",\"inLanguage\":\"en-GB\",\"@id\":\"https:\/\/amu.pan.pl\/#\/schema\/logo\/image\/\",\"url\":\"https:\/\/amu.pan.pl\/wp-content\/uploads\/2020\/08\/zz_amu.png\",\"contentUrl\":\"https:\/\/amu.pan.pl\/wp-content\/uploads\/2020\/08\/zz_amu.png\",\"width\":2794,\"height\":1016,\"caption\":\"Akademia M\u0142odych Uczonych\"},\"image\":{\"@id\":\"https:\/\/amu.pan.pl\/#\/schema\/logo\/image\/\"},\"sameAs\":[\"https:\/\/www.facebook.com\/AkademiaMlodychUczonych\/\",\"https:\/\/x.com\/AMUPAN1\"]}]}<\/script>\n<!-- \/ Yoast SEO plugin. -->","yoast_head_json":{"title":"Jakub Fichna - Akademia M\u0142odych Uczonych","robots":{"index":"index","follow":"follow","max-snippet":"max-snippet:-1","max-image-preview":"max-image-preview:large","max-video-preview":"max-video-preview:-1"},"canonical":"https:\/\/amu.pan.pl\/en\/jakub-fichna\/","og_locale":"en_GB","og_type":"article","og_title":"Jakub Fichna - Akademia M\u0142odych Uczonych","og_description":"Dr hab. n. med. Jakub Fichna, prof. UMed, jest kierownikiem Zak\u0142adu Biochemii Uniwersytetu Medycznego w \u0141odzi. Odby\u0142 liczne sta\u017ce zagraniczne, m. in. w Belgii (Katolicki Uniwersytet w Leuven), Chinach (Uniwersytet Tongji w Szanghaju), Danii (Uniwersytet Kopenhaski), Francji (Uniwersytet w Rouen, INSERM w Tuluzie), Niemczech (Uniwersytet Ludwiga Maximiliana w Monachium), Szwajcarii (Uniwersytet w Bazylei) i USA&hellip;&nbsp;Read More &raquo;Jakub Fichna","og_url":"https:\/\/amu.pan.pl\/en\/jakub-fichna\/","og_site_name":"Akademia M\u0142odych Uczonych","article_publisher":"https:\/\/www.facebook.com\/AkademiaMlodychUczonych\/","article_modified_time":"2020-10-02T21:51:44+00:00","og_image":[{"width":300,"height":200,"url":"https:\/\/amu.pan.pl\/wp-content\/uploads\/2016\/02\/JF_ofic300.png","type":"image\/png"}],"twitter_card":"summary_large_image","twitter_site":"@AMUPAN1","twitter_misc":{"Estimated reading time":"2 minutes"},"schema":{"@context":"https:\/\/schema.org","@graph":[{"@type":"WebPage","@id":"https:\/\/amu.pan.pl\/en\/jakub-fichna\/","url":"https:\/\/amu.pan.pl\/en\/jakub-fichna\/","name":"Jakub Fichna - Akademia M\u0142odych Uczonych","isPartOf":{"@id":"https:\/\/amu.pan.pl\/#website"},"primaryImageOfPage":{"@id":"https:\/\/amu.pan.pl\/en\/jakub-fichna\/#primaryimage"},"image":{"@id":"https:\/\/amu.pan.pl\/en\/jakub-fichna\/#primaryimage"},"thumbnailUrl":"https:\/\/amu.pan.pl\/wp-content\/uploads\/2016\/02\/JF_ofic300.png","datePublished":"2016-02-26T07:54:36+00:00","dateModified":"2020-10-02T21:51:44+00:00","breadcrumb":{"@id":"https:\/\/amu.pan.pl\/en\/jakub-fichna\/#breadcrumb"},"inLanguage":"en-GB","potentialAction":[{"@type":"ReadAction","target":["https:\/\/amu.pan.pl\/en\/jakub-fichna\/"]}]},{"@type":"ImageObject","inLanguage":"en-GB","@id":"https:\/\/amu.pan.pl\/en\/jakub-fichna\/#primaryimage","url":"https:\/\/amu.pan.pl\/wp-content\/uploads\/2016\/02\/JF_ofic300.png","contentUrl":"https:\/\/amu.pan.pl\/wp-content\/uploads\/2016\/02\/JF_ofic300.png","width":300,"height":200},{"@type":"BreadcrumbList","@id":"https:\/\/amu.pan.pl\/en\/jakub-fichna\/#breadcrumb","itemListElement":[{"@type":"ListItem","position":1,"name":"Strona g\u0142\u00f3wna","item":"https:\/\/amu.pan.pl\/"},{"@type":"ListItem","position":2,"name":"Jakub Fichna"}]},{"@type":"WebSite","@id":"https:\/\/amu.pan.pl\/#website","url":"https:\/\/amu.pan.pl\/","name":"Akademia M\u0142odych Uczonych","description":"Polska Akademia Nauk","publisher":{"@id":"https:\/\/amu.pan.pl\/#organization"},"potentialAction":[{"@type":"SearchAction","target":{"@type":"EntryPoint","urlTemplate":"https:\/\/amu.pan.pl\/?s={search_term_string}"},"query-input":{"@type":"PropertyValueSpecification","valueRequired":true,"valueName":"search_term_string"}}],"inLanguage":"en-GB"},{"@type":"Organization","@id":"https:\/\/amu.pan.pl\/#organization","name":"Akademia M\u0142odych Uczonych","url":"https:\/\/amu.pan.pl\/","logo":{"@type":"ImageObject","inLanguage":"en-GB","@id":"https:\/\/amu.pan.pl\/#\/schema\/logo\/image\/","url":"https:\/\/amu.pan.pl\/wp-content\/uploads\/2020\/08\/zz_amu.png","contentUrl":"https:\/\/amu.pan.pl\/wp-content\/uploads\/2020\/08\/zz_amu.png","width":2794,"height":1016,"caption":"Akademia M\u0142odych Uczonych"},"image":{"@id":"https:\/\/amu.pan.pl\/#\/schema\/logo\/image\/"},"sameAs":["https:\/\/www.facebook.com\/AkademiaMlodychUczonych\/","https:\/\/x.com\/AMUPAN1"]}]}},"_links":{"self":[{"href":"https:\/\/amu.pan.pl\/en\/wp-json\/wp\/v2\/pages\/62","targetHints":{"allow":["GET"]}}],"collection":[{"href":"https:\/\/amu.pan.pl\/en\/wp-json\/wp\/v2\/pages"}],"about":[{"href":"https:\/\/amu.pan.pl\/en\/wp-json\/wp\/v2\/types\/page"}],"author":[{"embeddable":true,"href":"https:\/\/amu.pan.pl\/en\/wp-json\/wp\/v2\/users\/2"}],"replies":[{"embeddable":true,"href":"https:\/\/amu.pan.pl\/en\/wp-json\/wp\/v2\/comments?post=62"}],"version-history":[{"count":0,"href":"https:\/\/amu.pan.pl\/en\/wp-json\/wp\/v2\/pages\/62\/revisions"}],"wp:featuredmedia":[{"embeddable":true,"href":"https:\/\/amu.pan.pl\/en\/wp-json\/wp\/v2\/media\/61"}],"wp:attachment":[{"href":"https:\/\/amu.pan.pl\/en\/wp-json\/wp\/v2\/media?parent=62"}],"curies":[{"name":"wp","href":"https:\/\/api.w.org\/{rel}","templated":true}]}}