{"id":64,"date":"2016-02-26T08:56:37","date_gmt":"2016-02-26T07:56:37","guid":{"rendered":"https:\/\/amu.pan.pl\/test\/2016\/02\/26\/beata-hasiow-jaroszewska\/"},"modified":"2020-10-02T23:51:31","modified_gmt":"2020-10-02T21:51:31","slug":"beata-hasiow-jaroszewska","status":"publish","type":"page","link":"https:\/\/amu.pan.pl\/en\/beata-hasiow-jaroszewska\/","title":{"rendered":"Beata Hasi\u00f3w-Jaroszewska"},"content":{"rendered":"<p style=\"text-align: center;\"><img fetchpriority=\"high\" decoding=\"async\" class=\"size-full wp-image-63\" src=\"https:\/\/amu.pan.pl\/wp-content\/uploads\/2016\/02\/Beata_Hasiw-Jaroszewska.PNG\" alt=\"\" width=\"300\" height=\"400\" srcset=\"https:\/\/amu.pan.pl\/wp-content\/uploads\/2016\/02\/Beata_Hasiw-Jaroszewska.PNG 300w, https:\/\/amu.pan.pl\/wp-content\/uploads\/2016\/02\/Beata_Hasiw-Jaroszewska-225x300.png 225w\" sizes=\"(max-width: 300px) 100vw, 300px\" \/><\/p>\n<p>Dr hab. Beata Hasi\u00f3w-Jaroszewska (ur. 1980) jest profesorem nadzwyczajnym w Zak\u0142adzie Wirusologii i Bakteriologii w Instytucie Ochrony Ro\u015blin-Pa\u0144stwowym Instytucie Badawczym w Poznaniu. Z wykszta\u0142cenia jest biotechnologiem. Jej zainteresowania naukowe s\u0105 zwi\u0105zane z ewolucj\u0105 molekularn\u0105 wirus\u00f3w i oddzia\u0142ywaniami pomi\u0119dzy wirusem a gospodarzem. Rozpraw\u0119 doktorsk\u0105 ,,Genetyczne zr\u00f3\u017cnicowanie oraz diagnostyka polskich izolat\u00f3w wirusa mozaiki pepino (Pepino mosaic virus)\u201d obroni\u0142a z wyr\u00f3\u017cnieniem w 2009 roku. Rozprawa zosta\u0142a uhonorowana Nagrod\u0105 Prezesa Rady Ministr\u00f3w. Jest laureatk\u0105 stypendium Fundacji na rzecz Nauki Polskiej dla m\u0142odych uczonych \u201eSTART\u201d (2010, 2011) oraz Stypendium Naukowego Ministra Nauki i Szkolnictwa Wy\u017cszego (2011-2014). Odby\u0142a trzymiesi\u0119czny sta\u017c naukowy w ramach programu z European Molecular Biology Organization w Instituto de Biolog\u00eda Molecular y Celular de Plantas w Walencji. W roku 2011 zosta\u0142a r\u00f3wnie\u017c laureatk\u0105 programu Ministerstwa Nauki i Szkolnictwa Wy\u017cszego TOP500 Innovators: Science &#8211; Management &#8211; Commercialization i odby\u0142a dwumiesi\u0119czny sta\u017c w Stanford University w Kalifornii z zakresu komercjalizacji wynik\u00f3w bada\u0144. W 2013 roku uzyska\u0142a stopie\u0144 doktora habilitowanego.<br \/>\nDr hab. Beata Hasi\u00f3w-Jaroszewska jest autorem kilkudziesi\u0119ciu prac naukowych, w tym 40 artyku\u0142\u00f3w w czasopismach znajduj\u0105cych si\u0119 na li\u015bcie filadelfijskiej. Jest kierownikiem czterech projekt\u00f3w badawczych. Jest cz\u0142onkiem licznych towarzystw oraz komitet\u00f3w naukowych. Aktywnie dzia\u0142a na rzecz \u015brodowiska naukowego i jest zaanga\u017cowana w kszta\u0142cenie m\u0142odej kadry naukowej. Prowadzone przez ni\u0105 badania maj\u0105 na celu poznanie molekularnych mechanizm\u00f3w oddzia\u0142ywania gospodarz-patogen, kt\u00f3re mog\u0105 przyczyni\u0107 si\u0119 do rozwoju metod ochrony ro\u015blin przed wirusem i by\u0107 wykorzystane w klasycznej hodowli odporno\u015bciowej, jak i przy projektowaniu szczepionek RNA do immunizacji ro\u015blin.<\/p>","protected":false},"excerpt":{"rendered":"<p>Dr hab. Beata Hasi\u00f3w-Jaroszewska (ur. 1980) jest profesorem nadzwyczajnym w Zak\u0142adzie Wirusologii i Bakteriologii w Instytucie Ochrony Ro\u015blin-Pa\u0144stwowym Instytucie Badawczym w Poznaniu. Z wykszta\u0142cenia jest biotechnologiem. Jej zainteresowania naukowe s\u0105 zwi\u0105zane z ewolucj\u0105 molekularn\u0105 wirus\u00f3w i oddzia\u0142ywaniami pomi\u0119dzy wirusem a gospodarzem. Rozpraw\u0119 doktorsk\u0105 ,,Genetyczne zr\u00f3\u017cnicowanie oraz diagnostyka polskich izolat\u00f3w wirusa mozaiki pepino (Pepino mosaic virus)\u201d&hellip;&nbsp;<a href=\"https:\/\/amu.pan.pl\/en\/beata-hasiow-jaroszewska\/\" rel=\"bookmark\">Read More &raquo;<span class=\"screen-reader-text\">Beata Hasi\u00f3w-Jaroszewska<\/span><\/a><\/p>","protected":false},"author":2,"featured_media":63,"parent":0,"menu_order":70,"comment_status":"open","ping_status":"open","template":"","meta":{"_monsterinsights_skip_tracking":false,"_monsterinsights_sitenote_active":false,"_monsterinsights_sitenote_note":"","_monsterinsights_sitenote_category":0,"neve_meta_sidebar":"","neve_meta_container":"","neve_meta_enable_content_width":"","neve_meta_content_width":0,"neve_meta_title_alignment":"","neve_meta_author_avatar":"","neve_post_elements_order":"","neve_meta_disable_header":"","neve_meta_disable_footer":"","neve_meta_disable_title":"","footnotes":""},"class_list":["post-64","page","type-page","status-publish","has-post-thumbnail","hentry"],"yoast_head":"<!-- This site is optimized with the Yoast SEO plugin v25.0 - https:\/\/yoast.com\/wordpress\/plugins\/seo\/ -->\n<title>Beata Hasi\u00f3w-Jaroszewska - Akademia M\u0142odych Uczonych<\/title>\n<meta name=\"robots\" content=\"index, follow, max-snippet:-1, max-image-preview:large, max-video-preview:-1\" \/>\n<link rel=\"canonical\" href=\"https:\/\/amu.pan.pl\/en\/beata-hasiow-jaroszewska\/\" \/>\n<meta property=\"og:locale\" content=\"en_GB\" \/>\n<meta property=\"og:type\" content=\"article\" \/>\n<meta property=\"og:title\" content=\"Beata Hasi\u00f3w-Jaroszewska - Akademia M\u0142odych Uczonych\" \/>\n<meta property=\"og:description\" content=\"Dr hab. Beata Hasi\u00f3w-Jaroszewska (ur. 1980) jest profesorem nadzwyczajnym w Zak\u0142adzie Wirusologii i Bakteriologii w Instytucie Ochrony Ro\u015blin-Pa\u0144stwowym Instytucie Badawczym w Poznaniu. Z wykszta\u0142cenia jest biotechnologiem. Jej zainteresowania naukowe s\u0105 zwi\u0105zane z ewolucj\u0105 molekularn\u0105 wirus\u00f3w i oddzia\u0142ywaniami pomi\u0119dzy wirusem a gospodarzem. Rozpraw\u0119 doktorsk\u0105 ,,Genetyczne zr\u00f3\u017cnicowanie oraz diagnostyka polskich izolat\u00f3w wirusa mozaiki pepino (Pepino mosaic virus)\u201d&hellip;&nbsp;Read More &raquo;Beata Hasi\u00f3w-Jaroszewska\" \/>\n<meta property=\"og:url\" content=\"https:\/\/amu.pan.pl\/en\/beata-hasiow-jaroszewska\/\" \/>\n<meta property=\"og:site_name\" content=\"Akademia M\u0142odych Uczonych\" \/>\n<meta property=\"article:publisher\" content=\"https:\/\/www.facebook.com\/AkademiaMlodychUczonych\/\" \/>\n<meta property=\"article:modified_time\" content=\"2020-10-02T21:51:31+00:00\" \/>\n<meta property=\"og:image\" content=\"https:\/\/amu.pan.pl\/wp-content\/uploads\/2016\/02\/Beata_Hasiw-Jaroszewska.PNG\" \/>\n\t<meta property=\"og:image:width\" content=\"300\" \/>\n\t<meta property=\"og:image:height\" content=\"400\" \/>\n\t<meta property=\"og:image:type\" content=\"image\/png\" \/>\n<meta name=\"twitter:card\" content=\"summary_large_image\" \/>\n<meta name=\"twitter:site\" content=\"@AMUPAN1\" \/>\n<meta name=\"twitter:label1\" content=\"Estimated reading time\" \/>\n\t<meta name=\"twitter:data1\" content=\"1 minute\" \/>\n<script type=\"application\/ld+json\" class=\"yoast-schema-graph\">{\"@context\":\"https:\/\/schema.org\",\"@graph\":[{\"@type\":\"WebPage\",\"@id\":\"https:\/\/amu.pan.pl\/en\/beata-hasiow-jaroszewska\/\",\"url\":\"https:\/\/amu.pan.pl\/en\/beata-hasiow-jaroszewska\/\",\"name\":\"Beata Hasi\u00f3w-Jaroszewska - Akademia M\u0142odych Uczonych\",\"isPartOf\":{\"@id\":\"https:\/\/amu.pan.pl\/#website\"},\"primaryImageOfPage\":{\"@id\":\"https:\/\/amu.pan.pl\/en\/beata-hasiow-jaroszewska\/#primaryimage\"},\"image\":{\"@id\":\"https:\/\/amu.pan.pl\/en\/beata-hasiow-jaroszewska\/#primaryimage\"},\"thumbnailUrl\":\"https:\/\/amu.pan.pl\/wp-content\/uploads\/2016\/02\/Beata_Hasiw-Jaroszewska.PNG\",\"datePublished\":\"2016-02-26T07:56:37+00:00\",\"dateModified\":\"2020-10-02T21:51:31+00:00\",\"breadcrumb\":{\"@id\":\"https:\/\/amu.pan.pl\/en\/beata-hasiow-jaroszewska\/#breadcrumb\"},\"inLanguage\":\"en-GB\",\"potentialAction\":[{\"@type\":\"ReadAction\",\"target\":[\"https:\/\/amu.pan.pl\/en\/beata-hasiow-jaroszewska\/\"]}]},{\"@type\":\"ImageObject\",\"inLanguage\":\"en-GB\",\"@id\":\"https:\/\/amu.pan.pl\/en\/beata-hasiow-jaroszewska\/#primaryimage\",\"url\":\"https:\/\/amu.pan.pl\/wp-content\/uploads\/2016\/02\/Beata_Hasiw-Jaroszewska.PNG\",\"contentUrl\":\"https:\/\/amu.pan.pl\/wp-content\/uploads\/2016\/02\/Beata_Hasiw-Jaroszewska.PNG\",\"width\":300,\"height\":400},{\"@type\":\"BreadcrumbList\",\"@id\":\"https:\/\/amu.pan.pl\/en\/beata-hasiow-jaroszewska\/#breadcrumb\",\"itemListElement\":[{\"@type\":\"ListItem\",\"position\":1,\"name\":\"Strona g\u0142\u00f3wna\",\"item\":\"https:\/\/amu.pan.pl\/\"},{\"@type\":\"ListItem\",\"position\":2,\"name\":\"Beata Hasi\u00f3w-Jaroszewska\"}]},{\"@type\":\"WebSite\",\"@id\":\"https:\/\/amu.pan.pl\/#website\",\"url\":\"https:\/\/amu.pan.pl\/\",\"name\":\"Akademia M\u0142odych Uczonych\",\"description\":\"Polska Akademia Nauk\",\"publisher\":{\"@id\":\"https:\/\/amu.pan.pl\/#organization\"},\"potentialAction\":[{\"@type\":\"SearchAction\",\"target\":{\"@type\":\"EntryPoint\",\"urlTemplate\":\"https:\/\/amu.pan.pl\/?s={search_term_string}\"},\"query-input\":{\"@type\":\"PropertyValueSpecification\",\"valueRequired\":true,\"valueName\":\"search_term_string\"}}],\"inLanguage\":\"en-GB\"},{\"@type\":\"Organization\",\"@id\":\"https:\/\/amu.pan.pl\/#organization\",\"name\":\"Akademia M\u0142odych Uczonych\",\"url\":\"https:\/\/amu.pan.pl\/\",\"logo\":{\"@type\":\"ImageObject\",\"inLanguage\":\"en-GB\",\"@id\":\"https:\/\/amu.pan.pl\/#\/schema\/logo\/image\/\",\"url\":\"https:\/\/amu.pan.pl\/wp-content\/uploads\/2020\/08\/zz_amu.png\",\"contentUrl\":\"https:\/\/amu.pan.pl\/wp-content\/uploads\/2020\/08\/zz_amu.png\",\"width\":2794,\"height\":1016,\"caption\":\"Akademia M\u0142odych Uczonych\"},\"image\":{\"@id\":\"https:\/\/amu.pan.pl\/#\/schema\/logo\/image\/\"},\"sameAs\":[\"https:\/\/www.facebook.com\/AkademiaMlodychUczonych\/\",\"https:\/\/x.com\/AMUPAN1\"]}]}<\/script>\n<!-- \/ Yoast SEO plugin. -->","yoast_head_json":{"title":"Beata Hasi\u00f3w-Jaroszewska - Akademia M\u0142odych Uczonych","robots":{"index":"index","follow":"follow","max-snippet":"max-snippet:-1","max-image-preview":"max-image-preview:large","max-video-preview":"max-video-preview:-1"},"canonical":"https:\/\/amu.pan.pl\/en\/beata-hasiow-jaroszewska\/","og_locale":"en_GB","og_type":"article","og_title":"Beata Hasi\u00f3w-Jaroszewska - Akademia M\u0142odych Uczonych","og_description":"Dr hab. Beata Hasi\u00f3w-Jaroszewska (ur. 1980) jest profesorem nadzwyczajnym w Zak\u0142adzie Wirusologii i Bakteriologii w Instytucie Ochrony Ro\u015blin-Pa\u0144stwowym Instytucie Badawczym w Poznaniu. Z wykszta\u0142cenia jest biotechnologiem. Jej zainteresowania naukowe s\u0105 zwi\u0105zane z ewolucj\u0105 molekularn\u0105 wirus\u00f3w i oddzia\u0142ywaniami pomi\u0119dzy wirusem a gospodarzem. Rozpraw\u0119 doktorsk\u0105 ,,Genetyczne zr\u00f3\u017cnicowanie oraz diagnostyka polskich izolat\u00f3w wirusa mozaiki pepino (Pepino mosaic virus)\u201d&hellip;&nbsp;Read More &raquo;Beata Hasi\u00f3w-Jaroszewska","og_url":"https:\/\/amu.pan.pl\/en\/beata-hasiow-jaroszewska\/","og_site_name":"Akademia M\u0142odych Uczonych","article_publisher":"https:\/\/www.facebook.com\/AkademiaMlodychUczonych\/","article_modified_time":"2020-10-02T21:51:31+00:00","og_image":[{"width":300,"height":400,"url":"https:\/\/amu.pan.pl\/wp-content\/uploads\/2016\/02\/Beata_Hasiw-Jaroszewska.PNG","type":"image\/png"}],"twitter_card":"summary_large_image","twitter_site":"@AMUPAN1","twitter_misc":{"Estimated reading time":"1 minute"},"schema":{"@context":"https:\/\/schema.org","@graph":[{"@type":"WebPage","@id":"https:\/\/amu.pan.pl\/en\/beata-hasiow-jaroszewska\/","url":"https:\/\/amu.pan.pl\/en\/beata-hasiow-jaroszewska\/","name":"Beata Hasi\u00f3w-Jaroszewska - Akademia M\u0142odych Uczonych","isPartOf":{"@id":"https:\/\/amu.pan.pl\/#website"},"primaryImageOfPage":{"@id":"https:\/\/amu.pan.pl\/en\/beata-hasiow-jaroszewska\/#primaryimage"},"image":{"@id":"https:\/\/amu.pan.pl\/en\/beata-hasiow-jaroszewska\/#primaryimage"},"thumbnailUrl":"https:\/\/amu.pan.pl\/wp-content\/uploads\/2016\/02\/Beata_Hasiw-Jaroszewska.PNG","datePublished":"2016-02-26T07:56:37+00:00","dateModified":"2020-10-02T21:51:31+00:00","breadcrumb":{"@id":"https:\/\/amu.pan.pl\/en\/beata-hasiow-jaroszewska\/#breadcrumb"},"inLanguage":"en-GB","potentialAction":[{"@type":"ReadAction","target":["https:\/\/amu.pan.pl\/en\/beata-hasiow-jaroszewska\/"]}]},{"@type":"ImageObject","inLanguage":"en-GB","@id":"https:\/\/amu.pan.pl\/en\/beata-hasiow-jaroszewska\/#primaryimage","url":"https:\/\/amu.pan.pl\/wp-content\/uploads\/2016\/02\/Beata_Hasiw-Jaroszewska.PNG","contentUrl":"https:\/\/amu.pan.pl\/wp-content\/uploads\/2016\/02\/Beata_Hasiw-Jaroszewska.PNG","width":300,"height":400},{"@type":"BreadcrumbList","@id":"https:\/\/amu.pan.pl\/en\/beata-hasiow-jaroszewska\/#breadcrumb","itemListElement":[{"@type":"ListItem","position":1,"name":"Strona g\u0142\u00f3wna","item":"https:\/\/amu.pan.pl\/"},{"@type":"ListItem","position":2,"name":"Beata Hasi\u00f3w-Jaroszewska"}]},{"@type":"WebSite","@id":"https:\/\/amu.pan.pl\/#website","url":"https:\/\/amu.pan.pl\/","name":"Akademia M\u0142odych Uczonych","description":"Polska Akademia Nauk","publisher":{"@id":"https:\/\/amu.pan.pl\/#organization"},"potentialAction":[{"@type":"SearchAction","target":{"@type":"EntryPoint","urlTemplate":"https:\/\/amu.pan.pl\/?s={search_term_string}"},"query-input":{"@type":"PropertyValueSpecification","valueRequired":true,"valueName":"search_term_string"}}],"inLanguage":"en-GB"},{"@type":"Organization","@id":"https:\/\/amu.pan.pl\/#organization","name":"Akademia M\u0142odych Uczonych","url":"https:\/\/amu.pan.pl\/","logo":{"@type":"ImageObject","inLanguage":"en-GB","@id":"https:\/\/amu.pan.pl\/#\/schema\/logo\/image\/","url":"https:\/\/amu.pan.pl\/wp-content\/uploads\/2020\/08\/zz_amu.png","contentUrl":"https:\/\/amu.pan.pl\/wp-content\/uploads\/2020\/08\/zz_amu.png","width":2794,"height":1016,"caption":"Akademia M\u0142odych Uczonych"},"image":{"@id":"https:\/\/amu.pan.pl\/#\/schema\/logo\/image\/"},"sameAs":["https:\/\/www.facebook.com\/AkademiaMlodychUczonych\/","https:\/\/x.com\/AMUPAN1"]}]}},"_links":{"self":[{"href":"https:\/\/amu.pan.pl\/en\/wp-json\/wp\/v2\/pages\/64","targetHints":{"allow":["GET"]}}],"collection":[{"href":"https:\/\/amu.pan.pl\/en\/wp-json\/wp\/v2\/pages"}],"about":[{"href":"https:\/\/amu.pan.pl\/en\/wp-json\/wp\/v2\/types\/page"}],"author":[{"embeddable":true,"href":"https:\/\/amu.pan.pl\/en\/wp-json\/wp\/v2\/users\/2"}],"replies":[{"embeddable":true,"href":"https:\/\/amu.pan.pl\/en\/wp-json\/wp\/v2\/comments?post=64"}],"version-history":[{"count":0,"href":"https:\/\/amu.pan.pl\/en\/wp-json\/wp\/v2\/pages\/64\/revisions"}],"wp:featuredmedia":[{"embeddable":true,"href":"https:\/\/amu.pan.pl\/en\/wp-json\/wp\/v2\/media\/63"}],"wp:attachment":[{"href":"https:\/\/amu.pan.pl\/en\/wp-json\/wp\/v2\/media?parent=64"}],"curies":[{"name":"wp","href":"https:\/\/api.w.org\/{rel}","templated":true}]}}