{"id":66,"date":"2016-02-26T08:57:12","date_gmt":"2016-02-26T07:57:12","guid":{"rendered":"https:\/\/amu.pan.pl\/test\/2016\/02\/26\/monika-kaczmarek\/"},"modified":"2020-11-18T21:50:34","modified_gmt":"2020-11-18T20:50:34","slug":"monika-kaczmarek","status":"publish","type":"page","link":"https:\/\/amu.pan.pl\/en\/monika-kaczmarek\/","title":{"rendered":"Monika Kaczmarek"},"content":{"rendered":"<p style=\"text-align: center;\"><img fetchpriority=\"high\" decoding=\"async\" class=\"size-full wp-image-65\" src=\"https:\/\/amu.pan.pl\/wp-content\/uploads\/2016\/02\/Monika_Kaczmarek.jpg\" alt=\"\" width=\"300\" height=\"200\" \/><\/p>\n<p class=\"western\" lang=\"en-US\"><span lang=\"pl-PL\">Prof. dr hab. Monika M. Kaczmarek - professor at the Institute of Animal Reproduction and Food Research of the Polish Academy of Sciences in Olsztyn, <\/span><span lang=\"pl-PL\">where he also heads the Laboratory of Molecular Biology. She has a wide range of research interests, often on the border of disciplines, although they mainly relate to reproductive and molecular biology. She gained experience during numerous internships, incl. at the Technical University of Munich (Germany), or at Pennington Biomedical Research Center, Louisiana State University, Baton Rouge (USA). His achievements include several dozen works published in renowned scientific journals. She gave a number of lectures in Poland and abroad (e.g. in the USA, Switzerland, Israel). He has extensive experience in presenting research results outside of academia (eg TEDx, Futurelearn MOOC, Children&#039;s University).<\/span><\/p>\n<p class=\"western\" lang=\"en-US\"><a name=\"_GoBack\"><\/a> <span lang=\"pl-PL\">Her achievements and scientific achievements <\/span><span lang=\"pl-PL\">have been appreciated by numerous reputable foundations in Poland and abroad, incl. Foundation for Polish Science, Foundation <\/span><span lang=\"pl-PL\"><i>Pro Scientia et Vita<\/i><\/span><span lang=\"pl-PL\">,<\/span><i> <\/i><span lang=\"pl-PL\">The Hertie Foundation, the Foundation<\/span><i> <\/i><span lang=\"pl-PL\">Alexander von Humboldt, the Polish-U.S. Fulbright Commission. <\/span><\/p>\n<p class=\"western\" lang=\"en-US\"><span lang=\"pl-PL\">It is involved in promoting a new generation of scientists not only in the immediate vicinity. For years he has been a mentor in the TopMinds training and mentoring program. She is also no stranger to work in various advisory teams, scientific organizations and societies, including: the Academy of Young Scientists of the Polish Academy of Sciences (deputy chairman in 2014-2016), the Polish-American Fulbright Commission (Board of Directors from 2017), the Society of Biology Reproduction (vice-president since 2016), Society for the Study of Reproduction (Public Affairs Committee since 2019). <\/span><\/p>\n<p class=\"western\" lang=\"en-US\">More information on <span style=\"color: #0000ff;\"><u><a href=\"http:\/\/kaczmareklab.pl\/\">www.kaczmareklab.pl<\/a><\/u><\/span><\/p>","protected":false},"excerpt":{"rendered":"<p>Prof. dr hab. Monika M. Kaczmarek \u2013 profesor w Instytucie Rozrodu Zwierz\u0105t i Bada\u0144 \u017bywno\u015bci PAN w Olsztynie, gdzie kieruje r\u00f3wnie\u017c Laboratorium Biologii Molekularnej. Ma wszechstronne zainteresowania badawcze, cz\u0119sto na pograniczu dyscyplin, aczkolwiek g\u0142\u00f3wnie dotycz\u0105 one biologii rozrodu i biologii molekularnej. Do\u015bwiadczenie zdobywa\u0142a podczas licznych sta\u017cy, m.in. na Politechnice Monachijskiej (Niemcy), czy w Pennington Biomedical&hellip;&nbsp;<a href=\"https:\/\/amu.pan.pl\/en\/monika-kaczmarek\/\" rel=\"bookmark\">Read More &raquo;<span class=\"screen-reader-text\">Monika Kaczmarek<\/span><\/a><\/p>","protected":false},"author":2,"featured_media":65,"parent":0,"menu_order":69,"comment_status":"open","ping_status":"open","template":"","meta":{"_monsterinsights_skip_tracking":false,"_monsterinsights_sitenote_active":false,"_monsterinsights_sitenote_note":"","_monsterinsights_sitenote_category":0,"neve_meta_sidebar":"","neve_meta_container":"","neve_meta_enable_content_width":"","neve_meta_content_width":0,"neve_meta_title_alignment":"","neve_meta_author_avatar":"","neve_post_elements_order":"","neve_meta_disable_header":"","neve_meta_disable_footer":"","neve_meta_disable_title":"","footnotes":""},"class_list":["post-66","page","type-page","status-publish","has-post-thumbnail","hentry"],"yoast_head":"<!-- This site is optimized with the Yoast SEO plugin v25.0 - https:\/\/yoast.com\/wordpress\/plugins\/seo\/ -->\n<title>Monika Kaczmarek - Akademia M\u0142odych Uczonych<\/title>\n<meta name=\"robots\" content=\"index, follow, max-snippet:-1, max-image-preview:large, max-video-preview:-1\" \/>\n<link rel=\"canonical\" href=\"https:\/\/amu.pan.pl\/en\/monika-kaczmarek\/\" \/>\n<meta property=\"og:locale\" content=\"en_GB\" \/>\n<meta property=\"og:type\" content=\"article\" \/>\n<meta property=\"og:title\" content=\"Monika Kaczmarek - Akademia M\u0142odych Uczonych\" \/>\n<meta property=\"og:description\" content=\"Prof. dr hab. Monika M. Kaczmarek \u2013 profesor w Instytucie Rozrodu Zwierz\u0105t i Bada\u0144 \u017bywno\u015bci PAN w Olsztynie, gdzie kieruje r\u00f3wnie\u017c Laboratorium Biologii Molekularnej. Ma wszechstronne zainteresowania badawcze, cz\u0119sto na pograniczu dyscyplin, aczkolwiek g\u0142\u00f3wnie dotycz\u0105 one biologii rozrodu i biologii molekularnej. Do\u015bwiadczenie zdobywa\u0142a podczas licznych sta\u017cy, m.in. na Politechnice Monachijskiej (Niemcy), czy w Pennington Biomedical&hellip;&nbsp;Read More &raquo;Monika Kaczmarek\" \/>\n<meta property=\"og:url\" content=\"https:\/\/amu.pan.pl\/en\/monika-kaczmarek\/\" \/>\n<meta property=\"og:site_name\" content=\"Akademia M\u0142odych Uczonych\" \/>\n<meta property=\"article:publisher\" content=\"https:\/\/www.facebook.com\/AkademiaMlodychUczonych\/\" \/>\n<meta property=\"article:modified_time\" content=\"2020-11-18T20:50:34+00:00\" \/>\n<meta property=\"og:image\" content=\"https:\/\/amu.pan.pl\/wp-content\/uploads\/2016\/02\/Monika_Kaczmarek.jpg\" \/>\n\t<meta property=\"og:image:width\" content=\"300\" \/>\n\t<meta property=\"og:image:height\" content=\"200\" \/>\n\t<meta property=\"og:image:type\" content=\"image\/jpeg\" \/>\n<meta name=\"twitter:card\" content=\"summary_large_image\" \/>\n<meta name=\"twitter:site\" content=\"@AMUPAN1\" \/>\n<meta name=\"twitter:label1\" content=\"Estimated reading time\" \/>\n\t<meta name=\"twitter:data1\" content=\"1 minute\" \/>\n<script type=\"application\/ld+json\" class=\"yoast-schema-graph\">{\"@context\":\"https:\/\/schema.org\",\"@graph\":[{\"@type\":\"WebPage\",\"@id\":\"https:\/\/amu.pan.pl\/en\/monika-kaczmarek\/\",\"url\":\"https:\/\/amu.pan.pl\/en\/monika-kaczmarek\/\",\"name\":\"Monika Kaczmarek - Akademia M\u0142odych Uczonych\",\"isPartOf\":{\"@id\":\"https:\/\/amu.pan.pl\/#website\"},\"primaryImageOfPage\":{\"@id\":\"https:\/\/amu.pan.pl\/en\/monika-kaczmarek\/#primaryimage\"},\"image\":{\"@id\":\"https:\/\/amu.pan.pl\/en\/monika-kaczmarek\/#primaryimage\"},\"thumbnailUrl\":\"https:\/\/amu.pan.pl\/wp-content\/uploads\/2016\/02\/Monika_Kaczmarek.jpg\",\"datePublished\":\"2016-02-26T07:57:12+00:00\",\"dateModified\":\"2020-11-18T20:50:34+00:00\",\"breadcrumb\":{\"@id\":\"https:\/\/amu.pan.pl\/en\/monika-kaczmarek\/#breadcrumb\"},\"inLanguage\":\"en-GB\",\"potentialAction\":[{\"@type\":\"ReadAction\",\"target\":[\"https:\/\/amu.pan.pl\/en\/monika-kaczmarek\/\"]}]},{\"@type\":\"ImageObject\",\"inLanguage\":\"en-GB\",\"@id\":\"https:\/\/amu.pan.pl\/en\/monika-kaczmarek\/#primaryimage\",\"url\":\"https:\/\/amu.pan.pl\/wp-content\/uploads\/2016\/02\/Monika_Kaczmarek.jpg\",\"contentUrl\":\"https:\/\/amu.pan.pl\/wp-content\/uploads\/2016\/02\/Monika_Kaczmarek.jpg\",\"width\":300,\"height\":200},{\"@type\":\"BreadcrumbList\",\"@id\":\"https:\/\/amu.pan.pl\/en\/monika-kaczmarek\/#breadcrumb\",\"itemListElement\":[{\"@type\":\"ListItem\",\"position\":1,\"name\":\"Strona g\u0142\u00f3wna\",\"item\":\"https:\/\/amu.pan.pl\/\"},{\"@type\":\"ListItem\",\"position\":2,\"name\":\"Monika Kaczmarek\"}]},{\"@type\":\"WebSite\",\"@id\":\"https:\/\/amu.pan.pl\/#website\",\"url\":\"https:\/\/amu.pan.pl\/\",\"name\":\"Akademia M\u0142odych Uczonych\",\"description\":\"Polska Akademia Nauk\",\"publisher\":{\"@id\":\"https:\/\/amu.pan.pl\/#organization\"},\"potentialAction\":[{\"@type\":\"SearchAction\",\"target\":{\"@type\":\"EntryPoint\",\"urlTemplate\":\"https:\/\/amu.pan.pl\/?s={search_term_string}\"},\"query-input\":{\"@type\":\"PropertyValueSpecification\",\"valueRequired\":true,\"valueName\":\"search_term_string\"}}],\"inLanguage\":\"en-GB\"},{\"@type\":\"Organization\",\"@id\":\"https:\/\/amu.pan.pl\/#organization\",\"name\":\"Akademia M\u0142odych Uczonych\",\"url\":\"https:\/\/amu.pan.pl\/\",\"logo\":{\"@type\":\"ImageObject\",\"inLanguage\":\"en-GB\",\"@id\":\"https:\/\/amu.pan.pl\/#\/schema\/logo\/image\/\",\"url\":\"https:\/\/amu.pan.pl\/wp-content\/uploads\/2020\/08\/zz_amu.png\",\"contentUrl\":\"https:\/\/amu.pan.pl\/wp-content\/uploads\/2020\/08\/zz_amu.png\",\"width\":2794,\"height\":1016,\"caption\":\"Akademia M\u0142odych Uczonych\"},\"image\":{\"@id\":\"https:\/\/amu.pan.pl\/#\/schema\/logo\/image\/\"},\"sameAs\":[\"https:\/\/www.facebook.com\/AkademiaMlodychUczonych\/\",\"https:\/\/x.com\/AMUPAN1\"]}]}<\/script>\n<!-- \/ Yoast SEO plugin. -->","yoast_head_json":{"title":"Monika Kaczmarek - Akademia M\u0142odych Uczonych","robots":{"index":"index","follow":"follow","max-snippet":"max-snippet:-1","max-image-preview":"max-image-preview:large","max-video-preview":"max-video-preview:-1"},"canonical":"https:\/\/amu.pan.pl\/en\/monika-kaczmarek\/","og_locale":"en_GB","og_type":"article","og_title":"Monika Kaczmarek - Akademia M\u0142odych Uczonych","og_description":"Prof. dr hab. Monika M. Kaczmarek \u2013 profesor w Instytucie Rozrodu Zwierz\u0105t i Bada\u0144 \u017bywno\u015bci PAN w Olsztynie, gdzie kieruje r\u00f3wnie\u017c Laboratorium Biologii Molekularnej. Ma wszechstronne zainteresowania badawcze, cz\u0119sto na pograniczu dyscyplin, aczkolwiek g\u0142\u00f3wnie dotycz\u0105 one biologii rozrodu i biologii molekularnej. Do\u015bwiadczenie zdobywa\u0142a podczas licznych sta\u017cy, m.in. na Politechnice Monachijskiej (Niemcy), czy w Pennington Biomedical&hellip;&nbsp;Read More &raquo;Monika Kaczmarek","og_url":"https:\/\/amu.pan.pl\/en\/monika-kaczmarek\/","og_site_name":"Akademia M\u0142odych Uczonych","article_publisher":"https:\/\/www.facebook.com\/AkademiaMlodychUczonych\/","article_modified_time":"2020-11-18T20:50:34+00:00","og_image":[{"width":300,"height":200,"url":"https:\/\/amu.pan.pl\/wp-content\/uploads\/2016\/02\/Monika_Kaczmarek.jpg","type":"image\/jpeg"}],"twitter_card":"summary_large_image","twitter_site":"@AMUPAN1","twitter_misc":{"Estimated reading time":"1 minute"},"schema":{"@context":"https:\/\/schema.org","@graph":[{"@type":"WebPage","@id":"https:\/\/amu.pan.pl\/en\/monika-kaczmarek\/","url":"https:\/\/amu.pan.pl\/en\/monika-kaczmarek\/","name":"Monika Kaczmarek - Akademia M\u0142odych Uczonych","isPartOf":{"@id":"https:\/\/amu.pan.pl\/#website"},"primaryImageOfPage":{"@id":"https:\/\/amu.pan.pl\/en\/monika-kaczmarek\/#primaryimage"},"image":{"@id":"https:\/\/amu.pan.pl\/en\/monika-kaczmarek\/#primaryimage"},"thumbnailUrl":"https:\/\/amu.pan.pl\/wp-content\/uploads\/2016\/02\/Monika_Kaczmarek.jpg","datePublished":"2016-02-26T07:57:12+00:00","dateModified":"2020-11-18T20:50:34+00:00","breadcrumb":{"@id":"https:\/\/amu.pan.pl\/en\/monika-kaczmarek\/#breadcrumb"},"inLanguage":"en-GB","potentialAction":[{"@type":"ReadAction","target":["https:\/\/amu.pan.pl\/en\/monika-kaczmarek\/"]}]},{"@type":"ImageObject","inLanguage":"en-GB","@id":"https:\/\/amu.pan.pl\/en\/monika-kaczmarek\/#primaryimage","url":"https:\/\/amu.pan.pl\/wp-content\/uploads\/2016\/02\/Monika_Kaczmarek.jpg","contentUrl":"https:\/\/amu.pan.pl\/wp-content\/uploads\/2016\/02\/Monika_Kaczmarek.jpg","width":300,"height":200},{"@type":"BreadcrumbList","@id":"https:\/\/amu.pan.pl\/en\/monika-kaczmarek\/#breadcrumb","itemListElement":[{"@type":"ListItem","position":1,"name":"Strona g\u0142\u00f3wna","item":"https:\/\/amu.pan.pl\/"},{"@type":"ListItem","position":2,"name":"Monika Kaczmarek"}]},{"@type":"WebSite","@id":"https:\/\/amu.pan.pl\/#website","url":"https:\/\/amu.pan.pl\/","name":"Akademia M\u0142odych Uczonych","description":"Polska Akademia Nauk","publisher":{"@id":"https:\/\/amu.pan.pl\/#organization"},"potentialAction":[{"@type":"SearchAction","target":{"@type":"EntryPoint","urlTemplate":"https:\/\/amu.pan.pl\/?s={search_term_string}"},"query-input":{"@type":"PropertyValueSpecification","valueRequired":true,"valueName":"search_term_string"}}],"inLanguage":"en-GB"},{"@type":"Organization","@id":"https:\/\/amu.pan.pl\/#organization","name":"Akademia M\u0142odych Uczonych","url":"https:\/\/amu.pan.pl\/","logo":{"@type":"ImageObject","inLanguage":"en-GB","@id":"https:\/\/amu.pan.pl\/#\/schema\/logo\/image\/","url":"https:\/\/amu.pan.pl\/wp-content\/uploads\/2020\/08\/zz_amu.png","contentUrl":"https:\/\/amu.pan.pl\/wp-content\/uploads\/2020\/08\/zz_amu.png","width":2794,"height":1016,"caption":"Akademia M\u0142odych Uczonych"},"image":{"@id":"https:\/\/amu.pan.pl\/#\/schema\/logo\/image\/"},"sameAs":["https:\/\/www.facebook.com\/AkademiaMlodychUczonych\/","https:\/\/x.com\/AMUPAN1"]}]}},"_links":{"self":[{"href":"https:\/\/amu.pan.pl\/en\/wp-json\/wp\/v2\/pages\/66","targetHints":{"allow":["GET"]}}],"collection":[{"href":"https:\/\/amu.pan.pl\/en\/wp-json\/wp\/v2\/pages"}],"about":[{"href":"https:\/\/amu.pan.pl\/en\/wp-json\/wp\/v2\/types\/page"}],"author":[{"embeddable":true,"href":"https:\/\/amu.pan.pl\/en\/wp-json\/wp\/v2\/users\/2"}],"replies":[{"embeddable":true,"href":"https:\/\/amu.pan.pl\/en\/wp-json\/wp\/v2\/comments?post=66"}],"version-history":[{"count":2,"href":"https:\/\/amu.pan.pl\/en\/wp-json\/wp\/v2\/pages\/66\/revisions"}],"predecessor-version":[{"id":3113,"href":"https:\/\/amu.pan.pl\/en\/wp-json\/wp\/v2\/pages\/66\/revisions\/3113"}],"wp:featuredmedia":[{"embeddable":true,"href":"https:\/\/amu.pan.pl\/en\/wp-json\/wp\/v2\/media\/65"}],"wp:attachment":[{"href":"https:\/\/amu.pan.pl\/en\/wp-json\/wp\/v2\/media?parent=66"}],"curies":[{"name":"wp","href":"https:\/\/api.w.org\/{rel}","templated":true}]}}