{"id":72,"date":"2016-02-26T11:28:23","date_gmt":"2016-02-26T10:28:23","guid":{"rendered":"https:\/\/amu.pan.pl\/test\/2016\/02\/26\/janusz-bujnicki\/"},"modified":"2020-10-02T23:58:09","modified_gmt":"2020-10-02T21:58:09","slug":"janusz-bujnicki","status":"publish","type":"page","link":"https:\/\/amu.pan.pl\/en\/janusz-bujnicki\/","title":{"rendered":"Janusz Bujnicki"},"content":{"rendered":"<p style=\"text-align: center;\"><img fetchpriority=\"high\" decoding=\"async\" class=\"size-full wp-image-71\" src=\"https:\/\/amu.pan.pl\/wp-content\/uploads\/2016\/02\/Janusz_Bujnicki.jpg\" alt=\"\" width=\"300\" height=\"200\" \/><\/p>\n<p>Prof. dr hab. Janusz Marek Bujnicki kieruje Laboratorium Bioinformatyki i In\u017cynierii Bia\u0142ka w Mi\u0119dzynarodowym Instytucie Biologii Molekularnej i Kom&oacute;rkowej w Warszawie i zespo\u0142em w Pracowni Bioinformatyki na Wydziale Biologii Uniwersytetu im. Adama Mickiewicza w Poznaniu. Z wykszta\u0142cenia jest biologiem, w swojej pracy \u0142\u0105czy badania teoretyczne i do\u015bwiadczalne. Do jego najwi\u0119kszych osi\u0105gni\u0119\u0107 naukowych nale\u017cy opracowanie nowatorskich metod komputerowego modelowania struktury przestrzennej bia\u0142ek, kwas&oacute;w nukleinowych i ich kompleks&oacute;w oraz zastosowanie tych metod wraz z technikami do\u015bwiadczalnymi do zbadania struktury i funkcji wielu bia\u0142ek, a tak\u017ce do zaprojektowania nowych enzym&oacute;w o unikatowych, nie wyst\u0119puj\u0105cych w przyrodzie cechach (m.in. nukleaz o nowych specyficzno\u015bciach substratowych). Jest autorem ponad 200 publikacji, kt&oacute;re by\u0142y razem cytowane ponad 3100 razy, jego indeks Hirscha wynosi 30 (bez autocytowa\u0144). Zd\u0105\u017cy\u0142 ju\u017c stworzy\u0107 w\u0142asn\u0105 szko\u0142e naukow\u0105; wypromowa\u0142 14 doktor&oacute;w i 37 magistrant&oacute;w. Jest laureatem m.in. programu EMBO\/HMMI YIP i wielu innych nagr&oacute;d i stypendi&oacute;w, w r. 2010 otrzyma\u0142 grant ERC dla m\u0142odych badaczy.<\/p>\n<p style=\"text-align: justify;\">Obecne zainteresowania prof. Bujnickiego koncentruj\u0105 si\u0119 wok&oacute;\u0142 obszaru na styku biologii strukturalnej, biologii system&oacute;w i biologii syntetycznej. Jego zesp&oacute;\u0142 badawczy zajmuje si\u0119 opracowaniem nowych algorytm&oacute;w i ich implementacji w postaci oprogramowania komputerowego, zastosowaniem tych metod do analizy danych biologicznych oraz badaniami do\u015bwiadczalnymi. G\u0142owne kierunki analiz to zbadanie zale\u017cno\u015bci mi\u0119dzy sekwencj\u0105, struktur\u0105 i funkcj\u0105 RNA, zrozumienie podstawowych proces&oacute;w biologicznych zachodz\u0105cych z udzia\u0142em bia\u0142ek i RNA oraz u\u017cycie zdobytej wiedzy w celu zaprojektowania i stworzenia nowych cz\u0105steczek, kt&oacute;re mog\u0105 mie\u0107 zastosowanie w praktyce &ndash; jako zwi\u0105zki wiod\u0105ce dla przysz\u0142ych lek&oacute;w lub jako maszyny molekularne, u\u017cuteczne w biotechnologii lub nanotechnologii.<\/p>","protected":false},"excerpt":{"rendered":"<p>Prof. dr hab. Janusz Marek Bujnicki kieruje Laboratorium Bioinformatyki i In\u017cynierii Bia\u0142ka w Mi\u0119dzynarodowym Instytucie Biologii Molekularnej i Kom&oacute;rkowej w Warszawie i zespo\u0142em w Pracowni Bioinformatyki na Wydziale Biologii Uniwersytetu im. Adama Mickiewicza w Poznaniu. Z wykszta\u0142cenia jest biologiem, w swojej pracy \u0142\u0105czy badania teoretyczne i do\u015bwiadczalne. Do jego najwi\u0119kszych osi\u0105gni\u0119\u0107 naukowych nale\u017cy opracowanie nowatorskich&hellip;&nbsp;<a href=\"https:\/\/amu.pan.pl\/en\/janusz-bujnicki\/\" rel=\"bookmark\">Read More &raquo;<span class=\"screen-reader-text\">Janusz Bujnicki<\/span><\/a><\/p>","protected":false},"author":2,"featured_media":71,"parent":0,"menu_order":65,"comment_status":"open","ping_status":"open","template":"","meta":{"_monsterinsights_skip_tracking":false,"_monsterinsights_sitenote_active":false,"_monsterinsights_sitenote_note":"","_monsterinsights_sitenote_category":0,"neve_meta_sidebar":"","neve_meta_container":"","neve_meta_enable_content_width":"","neve_meta_content_width":0,"neve_meta_title_alignment":"","neve_meta_author_avatar":"","neve_post_elements_order":"","neve_meta_disable_header":"","neve_meta_disable_footer":"","neve_meta_disable_title":"","footnotes":""},"class_list":["post-72","page","type-page","status-publish","has-post-thumbnail","hentry"],"yoast_head":"<!-- This site is optimized with the Yoast SEO plugin v25.0 - https:\/\/yoast.com\/wordpress\/plugins\/seo\/ -->\n<title>Janusz Bujnicki - Akademia M\u0142odych Uczonych<\/title>\n<meta name=\"robots\" content=\"index, follow, max-snippet:-1, max-image-preview:large, max-video-preview:-1\" \/>\n<link rel=\"canonical\" href=\"https:\/\/amu.pan.pl\/en\/janusz-bujnicki\/\" \/>\n<meta property=\"og:locale\" content=\"en_GB\" \/>\n<meta property=\"og:type\" content=\"article\" \/>\n<meta property=\"og:title\" content=\"Janusz Bujnicki - Akademia M\u0142odych Uczonych\" \/>\n<meta property=\"og:description\" content=\"Prof. dr hab. Janusz Marek Bujnicki kieruje Laboratorium Bioinformatyki i In\u017cynierii Bia\u0142ka w Mi\u0119dzynarodowym Instytucie Biologii Molekularnej i Kom&oacute;rkowej w Warszawie i zespo\u0142em w Pracowni Bioinformatyki na Wydziale Biologii Uniwersytetu im. Adama Mickiewicza w Poznaniu. Z wykszta\u0142cenia jest biologiem, w swojej pracy \u0142\u0105czy badania teoretyczne i do\u015bwiadczalne. Do jego najwi\u0119kszych osi\u0105gni\u0119\u0107 naukowych nale\u017cy opracowanie nowatorskich&hellip;&nbsp;Read More &raquo;Janusz Bujnicki\" \/>\n<meta property=\"og:url\" content=\"https:\/\/amu.pan.pl\/en\/janusz-bujnicki\/\" \/>\n<meta property=\"og:site_name\" content=\"Akademia M\u0142odych Uczonych\" \/>\n<meta property=\"article:publisher\" content=\"https:\/\/www.facebook.com\/AkademiaMlodychUczonych\/\" \/>\n<meta property=\"article:modified_time\" content=\"2020-10-02T21:58:09+00:00\" \/>\n<meta property=\"og:image\" content=\"https:\/\/amu.pan.pl\/wp-content\/uploads\/2016\/02\/Janusz_Bujnicki.jpg\" \/>\n\t<meta property=\"og:image:width\" content=\"300\" \/>\n\t<meta property=\"og:image:height\" content=\"200\" \/>\n\t<meta property=\"og:image:type\" content=\"image\/jpeg\" \/>\n<meta name=\"twitter:card\" content=\"summary_large_image\" \/>\n<meta name=\"twitter:site\" content=\"@AMUPAN1\" \/>\n<meta name=\"twitter:label1\" content=\"Estimated reading time\" \/>\n\t<meta name=\"twitter:data1\" content=\"2 minutes\" \/>\n<script type=\"application\/ld+json\" class=\"yoast-schema-graph\">{\"@context\":\"https:\/\/schema.org\",\"@graph\":[{\"@type\":\"WebPage\",\"@id\":\"https:\/\/amu.pan.pl\/en\/janusz-bujnicki\/\",\"url\":\"https:\/\/amu.pan.pl\/en\/janusz-bujnicki\/\",\"name\":\"Janusz Bujnicki - Akademia M\u0142odych Uczonych\",\"isPartOf\":{\"@id\":\"https:\/\/amu.pan.pl\/#website\"},\"primaryImageOfPage\":{\"@id\":\"https:\/\/amu.pan.pl\/en\/janusz-bujnicki\/#primaryimage\"},\"image\":{\"@id\":\"https:\/\/amu.pan.pl\/en\/janusz-bujnicki\/#primaryimage\"},\"thumbnailUrl\":\"https:\/\/amu.pan.pl\/wp-content\/uploads\/2016\/02\/Janusz_Bujnicki.jpg\",\"datePublished\":\"2016-02-26T10:28:23+00:00\",\"dateModified\":\"2020-10-02T21:58:09+00:00\",\"breadcrumb\":{\"@id\":\"https:\/\/amu.pan.pl\/en\/janusz-bujnicki\/#breadcrumb\"},\"inLanguage\":\"en-GB\",\"potentialAction\":[{\"@type\":\"ReadAction\",\"target\":[\"https:\/\/amu.pan.pl\/en\/janusz-bujnicki\/\"]}]},{\"@type\":\"ImageObject\",\"inLanguage\":\"en-GB\",\"@id\":\"https:\/\/amu.pan.pl\/en\/janusz-bujnicki\/#primaryimage\",\"url\":\"https:\/\/amu.pan.pl\/wp-content\/uploads\/2016\/02\/Janusz_Bujnicki.jpg\",\"contentUrl\":\"https:\/\/amu.pan.pl\/wp-content\/uploads\/2016\/02\/Janusz_Bujnicki.jpg\",\"width\":300,\"height\":200},{\"@type\":\"BreadcrumbList\",\"@id\":\"https:\/\/amu.pan.pl\/en\/janusz-bujnicki\/#breadcrumb\",\"itemListElement\":[{\"@type\":\"ListItem\",\"position\":1,\"name\":\"Strona g\u0142\u00f3wna\",\"item\":\"https:\/\/amu.pan.pl\/\"},{\"@type\":\"ListItem\",\"position\":2,\"name\":\"Janusz Bujnicki\"}]},{\"@type\":\"WebSite\",\"@id\":\"https:\/\/amu.pan.pl\/#website\",\"url\":\"https:\/\/amu.pan.pl\/\",\"name\":\"Akademia M\u0142odych Uczonych\",\"description\":\"Polska Akademia Nauk\",\"publisher\":{\"@id\":\"https:\/\/amu.pan.pl\/#organization\"},\"potentialAction\":[{\"@type\":\"SearchAction\",\"target\":{\"@type\":\"EntryPoint\",\"urlTemplate\":\"https:\/\/amu.pan.pl\/?s={search_term_string}\"},\"query-input\":{\"@type\":\"PropertyValueSpecification\",\"valueRequired\":true,\"valueName\":\"search_term_string\"}}],\"inLanguage\":\"en-GB\"},{\"@type\":\"Organization\",\"@id\":\"https:\/\/amu.pan.pl\/#organization\",\"name\":\"Akademia M\u0142odych Uczonych\",\"url\":\"https:\/\/amu.pan.pl\/\",\"logo\":{\"@type\":\"ImageObject\",\"inLanguage\":\"en-GB\",\"@id\":\"https:\/\/amu.pan.pl\/#\/schema\/logo\/image\/\",\"url\":\"https:\/\/amu.pan.pl\/wp-content\/uploads\/2020\/08\/zz_amu.png\",\"contentUrl\":\"https:\/\/amu.pan.pl\/wp-content\/uploads\/2020\/08\/zz_amu.png\",\"width\":2794,\"height\":1016,\"caption\":\"Akademia M\u0142odych Uczonych\"},\"image\":{\"@id\":\"https:\/\/amu.pan.pl\/#\/schema\/logo\/image\/\"},\"sameAs\":[\"https:\/\/www.facebook.com\/AkademiaMlodychUczonych\/\",\"https:\/\/x.com\/AMUPAN1\"]}]}<\/script>\n<!-- \/ Yoast SEO plugin. -->","yoast_head_json":{"title":"Janusz Bujnicki - Akademia M\u0142odych Uczonych","robots":{"index":"index","follow":"follow","max-snippet":"max-snippet:-1","max-image-preview":"max-image-preview:large","max-video-preview":"max-video-preview:-1"},"canonical":"https:\/\/amu.pan.pl\/en\/janusz-bujnicki\/","og_locale":"en_GB","og_type":"article","og_title":"Janusz Bujnicki - Akademia M\u0142odych Uczonych","og_description":"Prof. dr hab. Janusz Marek Bujnicki kieruje Laboratorium Bioinformatyki i In\u017cynierii Bia\u0142ka w Mi\u0119dzynarodowym Instytucie Biologii Molekularnej i Kom&oacute;rkowej w Warszawie i zespo\u0142em w Pracowni Bioinformatyki na Wydziale Biologii Uniwersytetu im. Adama Mickiewicza w Poznaniu. Z wykszta\u0142cenia jest biologiem, w swojej pracy \u0142\u0105czy badania teoretyczne i do\u015bwiadczalne. Do jego najwi\u0119kszych osi\u0105gni\u0119\u0107 naukowych nale\u017cy opracowanie nowatorskich&hellip;&nbsp;Read More &raquo;Janusz Bujnicki","og_url":"https:\/\/amu.pan.pl\/en\/janusz-bujnicki\/","og_site_name":"Akademia M\u0142odych Uczonych","article_publisher":"https:\/\/www.facebook.com\/AkademiaMlodychUczonych\/","article_modified_time":"2020-10-02T21:58:09+00:00","og_image":[{"width":300,"height":200,"url":"https:\/\/amu.pan.pl\/wp-content\/uploads\/2016\/02\/Janusz_Bujnicki.jpg","type":"image\/jpeg"}],"twitter_card":"summary_large_image","twitter_site":"@AMUPAN1","twitter_misc":{"Estimated reading time":"2 minutes"},"schema":{"@context":"https:\/\/schema.org","@graph":[{"@type":"WebPage","@id":"https:\/\/amu.pan.pl\/en\/janusz-bujnicki\/","url":"https:\/\/amu.pan.pl\/en\/janusz-bujnicki\/","name":"Janusz Bujnicki - Akademia M\u0142odych Uczonych","isPartOf":{"@id":"https:\/\/amu.pan.pl\/#website"},"primaryImageOfPage":{"@id":"https:\/\/amu.pan.pl\/en\/janusz-bujnicki\/#primaryimage"},"image":{"@id":"https:\/\/amu.pan.pl\/en\/janusz-bujnicki\/#primaryimage"},"thumbnailUrl":"https:\/\/amu.pan.pl\/wp-content\/uploads\/2016\/02\/Janusz_Bujnicki.jpg","datePublished":"2016-02-26T10:28:23+00:00","dateModified":"2020-10-02T21:58:09+00:00","breadcrumb":{"@id":"https:\/\/amu.pan.pl\/en\/janusz-bujnicki\/#breadcrumb"},"inLanguage":"en-GB","potentialAction":[{"@type":"ReadAction","target":["https:\/\/amu.pan.pl\/en\/janusz-bujnicki\/"]}]},{"@type":"ImageObject","inLanguage":"en-GB","@id":"https:\/\/amu.pan.pl\/en\/janusz-bujnicki\/#primaryimage","url":"https:\/\/amu.pan.pl\/wp-content\/uploads\/2016\/02\/Janusz_Bujnicki.jpg","contentUrl":"https:\/\/amu.pan.pl\/wp-content\/uploads\/2016\/02\/Janusz_Bujnicki.jpg","width":300,"height":200},{"@type":"BreadcrumbList","@id":"https:\/\/amu.pan.pl\/en\/janusz-bujnicki\/#breadcrumb","itemListElement":[{"@type":"ListItem","position":1,"name":"Strona g\u0142\u00f3wna","item":"https:\/\/amu.pan.pl\/"},{"@type":"ListItem","position":2,"name":"Janusz Bujnicki"}]},{"@type":"WebSite","@id":"https:\/\/amu.pan.pl\/#website","url":"https:\/\/amu.pan.pl\/","name":"Akademia M\u0142odych Uczonych","description":"Polska Akademia Nauk","publisher":{"@id":"https:\/\/amu.pan.pl\/#organization"},"potentialAction":[{"@type":"SearchAction","target":{"@type":"EntryPoint","urlTemplate":"https:\/\/amu.pan.pl\/?s={search_term_string}"},"query-input":{"@type":"PropertyValueSpecification","valueRequired":true,"valueName":"search_term_string"}}],"inLanguage":"en-GB"},{"@type":"Organization","@id":"https:\/\/amu.pan.pl\/#organization","name":"Akademia M\u0142odych Uczonych","url":"https:\/\/amu.pan.pl\/","logo":{"@type":"ImageObject","inLanguage":"en-GB","@id":"https:\/\/amu.pan.pl\/#\/schema\/logo\/image\/","url":"https:\/\/amu.pan.pl\/wp-content\/uploads\/2020\/08\/zz_amu.png","contentUrl":"https:\/\/amu.pan.pl\/wp-content\/uploads\/2020\/08\/zz_amu.png","width":2794,"height":1016,"caption":"Akademia M\u0142odych Uczonych"},"image":{"@id":"https:\/\/amu.pan.pl\/#\/schema\/logo\/image\/"},"sameAs":["https:\/\/www.facebook.com\/AkademiaMlodychUczonych\/","https:\/\/x.com\/AMUPAN1"]}]}},"_links":{"self":[{"href":"https:\/\/amu.pan.pl\/en\/wp-json\/wp\/v2\/pages\/72","targetHints":{"allow":["GET"]}}],"collection":[{"href":"https:\/\/amu.pan.pl\/en\/wp-json\/wp\/v2\/pages"}],"about":[{"href":"https:\/\/amu.pan.pl\/en\/wp-json\/wp\/v2\/types\/page"}],"author":[{"embeddable":true,"href":"https:\/\/amu.pan.pl\/en\/wp-json\/wp\/v2\/users\/2"}],"replies":[{"embeddable":true,"href":"https:\/\/amu.pan.pl\/en\/wp-json\/wp\/v2\/comments?post=72"}],"version-history":[{"count":0,"href":"https:\/\/amu.pan.pl\/en\/wp-json\/wp\/v2\/pages\/72\/revisions"}],"wp:featuredmedia":[{"embeddable":true,"href":"https:\/\/amu.pan.pl\/en\/wp-json\/wp\/v2\/media\/71"}],"wp:attachment":[{"href":"https:\/\/amu.pan.pl\/en\/wp-json\/wp\/v2\/media?parent=72"}],"curies":[{"name":"wp","href":"https:\/\/api.w.org\/{rel}","templated":true}]}}