{"id":74,"date":"2016-02-26T11:29:52","date_gmt":"2016-02-26T10:29:52","guid":{"rendered":"https:\/\/amu.pan.pl\/test\/2016\/02\/26\/michal-chmielewski\/"},"modified":"2020-10-02T23:58:09","modified_gmt":"2020-10-02T21:58:09","slug":"michal-chmielewski","status":"publish","type":"page","link":"https:\/\/amu.pan.pl\/en\/michal-chmielewski\/","title":{"rendered":"Micha\u0142 Chmielewski"},"content":{"rendered":"<p style=\"text-align: center;\"><img fetchpriority=\"high\" decoding=\"async\" class=\"size-full wp-image-73\" src=\"https:\/\/amu.pan.pl\/wp-content\/uploads\/2016\/02\/Michal_Chmielewski.PNG\" alt=\"\" width=\"300\" height=\"375\" srcset=\"https:\/\/amu.pan.pl\/wp-content\/uploads\/2016\/02\/Michal_Chmielewski.PNG 300w, https:\/\/amu.pan.pl\/wp-content\/uploads\/2016\/02\/Michal_Chmielewski-240x300.png 240w\" sizes=\"(max-width: 300px) 100vw, 300px\" \/><\/p>\n<p>Dr Micha\u0142 Jan Chmielewski, (ur. 1977), chemik, adiunkt na Wydziale Chemii Uniwersytetu Warszawskiego. Po studiach doktoranckich w Instytucie Chemii Organicznej PAN w zespole prof. J. Jurczaka, dr Chmielewski odby\u0142 trzymiesi\u0119czny sta\u017c w zespole prof. L. Latosa-Gra\u017cy\u0144skiego we Wroc\u0142awiu (jako stypendysta FNP), a nast\u0119pnie dwa d\u0142ugoterminowe sta\u017ce podoktorskie: na Uniwersytecie Oxfordzkim w zespole prof. P. D. Beera (2006-2007) oraz, jako stypendysta Marie Curie, w zespole noblisty &#8211; prof. J.- M. Lehna na Uniwersytecie Ludwika Pasteura w Strasbourgu (2007-2009). W 2010 roku wr&oacute;ci\u0142 do Polski dzi\u0119ki stypendium Powroty\/Homing Fundacji na Rzecz Nauki Polskiej.<\/p>\n<p>W swojej pracy naukowej dr Micha\u0142 Chmielewski zajmuje si\u0119 chemi\u0105 supramolekularn\u0105, czyli chemi\u0105 oddzia\u0142ywa\u0144 mi\u0119dzycz\u0105steczkowych. W szczeg&oacute;lno\u015bci specjalizuje si\u0119 w projektowaniu, syntezie i badaniach w\u0142a\u015bciwo\u015bci syntetycznych receptor&oacute;w zdolnych do selektywnego wi\u0105zania anion&oacute;w. Ostatnio prace w zespole dr. Chmielewskiego koncentruj\u0105 si\u0119 g\u0142&oacute;wnie na zastosowaniu anion&oacute;w jako templat&oacute;w w syntezie cz\u0105steczek o nietrywialnej topologii, takich jak powi\u0105zane mechanicznie katenany i rotaksany oraz na badaniach transportu anion&oacute;w przez membrany biologiczne przy u\u017cyciu opracowanych w zespole syntetycznych receptor&oacute;w.<\/p>\n<p>Zainteresowania dr. Chmielewskiego obejmuj\u0105 tak\u017ce konstrukcj\u0119 fotoprze\u0142\u0105czalnych receptor&oacute;w molekularnych, opracowywanie innowacyjnych sensor&oacute;w na bazie polimer&oacute;w przewodz\u0105cych i samoorganizuj\u0105cych si\u0119 monowarstw, badania proces&oacute;w samoorganizacji z selekcj\u0105 komponent&oacute;w oraz wykorzystanie zjawiska samoorganizacji do otrzymywania funkcjonalnych nanostruktur, ze szczeg&oacute;lnym uwzgl\u0119dnieniem nanostruktur multiwalentnych.<\/p>","protected":false},"excerpt":{"rendered":"<p>Dr Micha\u0142 Jan Chmielewski, (ur. 1977), chemik, adiunkt na Wydziale Chemii Uniwersytetu Warszawskiego. Po studiach doktoranckich w Instytucie Chemii Organicznej PAN w zespole prof. J. Jurczaka, dr Chmielewski odby\u0142 trzymiesi\u0119czny sta\u017c w zespole prof. L. Latosa-Gra\u017cy\u0144skiego we Wroc\u0142awiu (jako stypendysta FNP), a nast\u0119pnie dwa d\u0142ugoterminowe sta\u017ce podoktorskie: na Uniwersytecie Oxfordzkim w zespole prof. P. D.&hellip;&nbsp;<a href=\"https:\/\/amu.pan.pl\/en\/michal-chmielewski\/\" rel=\"bookmark\">Read More &raquo;<span class=\"screen-reader-text\">Micha\u0142 Chmielewski<\/span><\/a><\/p>","protected":false},"author":2,"featured_media":73,"parent":0,"menu_order":63,"comment_status":"open","ping_status":"open","template":"","meta":{"_monsterinsights_skip_tracking":false,"_monsterinsights_sitenote_active":false,"_monsterinsights_sitenote_note":"","_monsterinsights_sitenote_category":0,"neve_meta_sidebar":"","neve_meta_container":"","neve_meta_enable_content_width":"","neve_meta_content_width":0,"neve_meta_title_alignment":"","neve_meta_author_avatar":"","neve_post_elements_order":"","neve_meta_disable_header":"","neve_meta_disable_footer":"","neve_meta_disable_title":"","footnotes":""},"class_list":["post-74","page","type-page","status-publish","has-post-thumbnail","hentry"],"yoast_head":"<!-- This site is optimized with the Yoast SEO plugin v25.0 - https:\/\/yoast.com\/wordpress\/plugins\/seo\/ -->\n<title>Micha\u0142 Chmielewski - Akademia M\u0142odych Uczonych<\/title>\n<meta name=\"robots\" content=\"index, follow, max-snippet:-1, max-image-preview:large, max-video-preview:-1\" \/>\n<link rel=\"canonical\" href=\"https:\/\/amu.pan.pl\/en\/michal-chmielewski\/\" \/>\n<meta property=\"og:locale\" content=\"en_GB\" \/>\n<meta property=\"og:type\" content=\"article\" \/>\n<meta property=\"og:title\" content=\"Micha\u0142 Chmielewski - Akademia M\u0142odych Uczonych\" \/>\n<meta property=\"og:description\" content=\"Dr Micha\u0142 Jan Chmielewski, (ur. 1977), chemik, adiunkt na Wydziale Chemii Uniwersytetu Warszawskiego. Po studiach doktoranckich w Instytucie Chemii Organicznej PAN w zespole prof. J. Jurczaka, dr Chmielewski odby\u0142 trzymiesi\u0119czny sta\u017c w zespole prof. L. Latosa-Gra\u017cy\u0144skiego we Wroc\u0142awiu (jako stypendysta FNP), a nast\u0119pnie dwa d\u0142ugoterminowe sta\u017ce podoktorskie: na Uniwersytecie Oxfordzkim w zespole prof. P. D.&hellip;&nbsp;Read More &raquo;Micha\u0142 Chmielewski\" \/>\n<meta property=\"og:url\" content=\"https:\/\/amu.pan.pl\/en\/michal-chmielewski\/\" \/>\n<meta property=\"og:site_name\" content=\"Akademia M\u0142odych Uczonych\" \/>\n<meta property=\"article:publisher\" content=\"https:\/\/www.facebook.com\/AkademiaMlodychUczonych\/\" \/>\n<meta property=\"article:modified_time\" content=\"2020-10-02T21:58:09+00:00\" \/>\n<meta property=\"og:image\" content=\"https:\/\/amu.pan.pl\/wp-content\/uploads\/2016\/02\/Michal_Chmielewski.PNG\" \/>\n\t<meta property=\"og:image:width\" content=\"300\" \/>\n\t<meta property=\"og:image:height\" content=\"375\" \/>\n\t<meta property=\"og:image:type\" content=\"image\/png\" \/>\n<meta name=\"twitter:card\" content=\"summary_large_image\" \/>\n<meta name=\"twitter:site\" content=\"@AMUPAN1\" \/>\n<meta name=\"twitter:label1\" content=\"Estimated reading time\" \/>\n\t<meta name=\"twitter:data1\" content=\"1 minute\" \/>\n<script type=\"application\/ld+json\" class=\"yoast-schema-graph\">{\"@context\":\"https:\/\/schema.org\",\"@graph\":[{\"@type\":\"WebPage\",\"@id\":\"https:\/\/amu.pan.pl\/en\/michal-chmielewski\/\",\"url\":\"https:\/\/amu.pan.pl\/en\/michal-chmielewski\/\",\"name\":\"Micha\u0142 Chmielewski - Akademia M\u0142odych Uczonych\",\"isPartOf\":{\"@id\":\"https:\/\/amu.pan.pl\/#website\"},\"primaryImageOfPage\":{\"@id\":\"https:\/\/amu.pan.pl\/en\/michal-chmielewski\/#primaryimage\"},\"image\":{\"@id\":\"https:\/\/amu.pan.pl\/en\/michal-chmielewski\/#primaryimage\"},\"thumbnailUrl\":\"https:\/\/amu.pan.pl\/wp-content\/uploads\/2016\/02\/Michal_Chmielewski.PNG\",\"datePublished\":\"2016-02-26T10:29:52+00:00\",\"dateModified\":\"2020-10-02T21:58:09+00:00\",\"breadcrumb\":{\"@id\":\"https:\/\/amu.pan.pl\/en\/michal-chmielewski\/#breadcrumb\"},\"inLanguage\":\"en-GB\",\"potentialAction\":[{\"@type\":\"ReadAction\",\"target\":[\"https:\/\/amu.pan.pl\/en\/michal-chmielewski\/\"]}]},{\"@type\":\"ImageObject\",\"inLanguage\":\"en-GB\",\"@id\":\"https:\/\/amu.pan.pl\/en\/michal-chmielewski\/#primaryimage\",\"url\":\"https:\/\/amu.pan.pl\/wp-content\/uploads\/2016\/02\/Michal_Chmielewski.PNG\",\"contentUrl\":\"https:\/\/amu.pan.pl\/wp-content\/uploads\/2016\/02\/Michal_Chmielewski.PNG\",\"width\":300,\"height\":375},{\"@type\":\"BreadcrumbList\",\"@id\":\"https:\/\/amu.pan.pl\/en\/michal-chmielewski\/#breadcrumb\",\"itemListElement\":[{\"@type\":\"ListItem\",\"position\":1,\"name\":\"Strona g\u0142\u00f3wna\",\"item\":\"https:\/\/amu.pan.pl\/\"},{\"@type\":\"ListItem\",\"position\":2,\"name\":\"Micha\u0142 Chmielewski\"}]},{\"@type\":\"WebSite\",\"@id\":\"https:\/\/amu.pan.pl\/#website\",\"url\":\"https:\/\/amu.pan.pl\/\",\"name\":\"Akademia M\u0142odych Uczonych\",\"description\":\"Polska Akademia Nauk\",\"publisher\":{\"@id\":\"https:\/\/amu.pan.pl\/#organization\"},\"potentialAction\":[{\"@type\":\"SearchAction\",\"target\":{\"@type\":\"EntryPoint\",\"urlTemplate\":\"https:\/\/amu.pan.pl\/?s={search_term_string}\"},\"query-input\":{\"@type\":\"PropertyValueSpecification\",\"valueRequired\":true,\"valueName\":\"search_term_string\"}}],\"inLanguage\":\"en-GB\"},{\"@type\":\"Organization\",\"@id\":\"https:\/\/amu.pan.pl\/#organization\",\"name\":\"Akademia M\u0142odych Uczonych\",\"url\":\"https:\/\/amu.pan.pl\/\",\"logo\":{\"@type\":\"ImageObject\",\"inLanguage\":\"en-GB\",\"@id\":\"https:\/\/amu.pan.pl\/#\/schema\/logo\/image\/\",\"url\":\"https:\/\/amu.pan.pl\/wp-content\/uploads\/2020\/08\/zz_amu.png\",\"contentUrl\":\"https:\/\/amu.pan.pl\/wp-content\/uploads\/2020\/08\/zz_amu.png\",\"width\":2794,\"height\":1016,\"caption\":\"Akademia M\u0142odych Uczonych\"},\"image\":{\"@id\":\"https:\/\/amu.pan.pl\/#\/schema\/logo\/image\/\"},\"sameAs\":[\"https:\/\/www.facebook.com\/AkademiaMlodychUczonych\/\",\"https:\/\/x.com\/AMUPAN1\"]}]}<\/script>\n<!-- \/ Yoast SEO plugin. -->","yoast_head_json":{"title":"Micha\u0142 Chmielewski - Akademia M\u0142odych Uczonych","robots":{"index":"index","follow":"follow","max-snippet":"max-snippet:-1","max-image-preview":"max-image-preview:large","max-video-preview":"max-video-preview:-1"},"canonical":"https:\/\/amu.pan.pl\/en\/michal-chmielewski\/","og_locale":"en_GB","og_type":"article","og_title":"Micha\u0142 Chmielewski - Akademia M\u0142odych Uczonych","og_description":"Dr Micha\u0142 Jan Chmielewski, (ur. 1977), chemik, adiunkt na Wydziale Chemii Uniwersytetu Warszawskiego. Po studiach doktoranckich w Instytucie Chemii Organicznej PAN w zespole prof. J. Jurczaka, dr Chmielewski odby\u0142 trzymiesi\u0119czny sta\u017c w zespole prof. L. Latosa-Gra\u017cy\u0144skiego we Wroc\u0142awiu (jako stypendysta FNP), a nast\u0119pnie dwa d\u0142ugoterminowe sta\u017ce podoktorskie: na Uniwersytecie Oxfordzkim w zespole prof. P. D.&hellip;&nbsp;Read More &raquo;Micha\u0142 Chmielewski","og_url":"https:\/\/amu.pan.pl\/en\/michal-chmielewski\/","og_site_name":"Akademia M\u0142odych Uczonych","article_publisher":"https:\/\/www.facebook.com\/AkademiaMlodychUczonych\/","article_modified_time":"2020-10-02T21:58:09+00:00","og_image":[{"width":300,"height":375,"url":"https:\/\/amu.pan.pl\/wp-content\/uploads\/2016\/02\/Michal_Chmielewski.PNG","type":"image\/png"}],"twitter_card":"summary_large_image","twitter_site":"@AMUPAN1","twitter_misc":{"Estimated reading time":"1 minute"},"schema":{"@context":"https:\/\/schema.org","@graph":[{"@type":"WebPage","@id":"https:\/\/amu.pan.pl\/en\/michal-chmielewski\/","url":"https:\/\/amu.pan.pl\/en\/michal-chmielewski\/","name":"Micha\u0142 Chmielewski - Akademia M\u0142odych Uczonych","isPartOf":{"@id":"https:\/\/amu.pan.pl\/#website"},"primaryImageOfPage":{"@id":"https:\/\/amu.pan.pl\/en\/michal-chmielewski\/#primaryimage"},"image":{"@id":"https:\/\/amu.pan.pl\/en\/michal-chmielewski\/#primaryimage"},"thumbnailUrl":"https:\/\/amu.pan.pl\/wp-content\/uploads\/2016\/02\/Michal_Chmielewski.PNG","datePublished":"2016-02-26T10:29:52+00:00","dateModified":"2020-10-02T21:58:09+00:00","breadcrumb":{"@id":"https:\/\/amu.pan.pl\/en\/michal-chmielewski\/#breadcrumb"},"inLanguage":"en-GB","potentialAction":[{"@type":"ReadAction","target":["https:\/\/amu.pan.pl\/en\/michal-chmielewski\/"]}]},{"@type":"ImageObject","inLanguage":"en-GB","@id":"https:\/\/amu.pan.pl\/en\/michal-chmielewski\/#primaryimage","url":"https:\/\/amu.pan.pl\/wp-content\/uploads\/2016\/02\/Michal_Chmielewski.PNG","contentUrl":"https:\/\/amu.pan.pl\/wp-content\/uploads\/2016\/02\/Michal_Chmielewski.PNG","width":300,"height":375},{"@type":"BreadcrumbList","@id":"https:\/\/amu.pan.pl\/en\/michal-chmielewski\/#breadcrumb","itemListElement":[{"@type":"ListItem","position":1,"name":"Strona g\u0142\u00f3wna","item":"https:\/\/amu.pan.pl\/"},{"@type":"ListItem","position":2,"name":"Micha\u0142 Chmielewski"}]},{"@type":"WebSite","@id":"https:\/\/amu.pan.pl\/#website","url":"https:\/\/amu.pan.pl\/","name":"Akademia M\u0142odych Uczonych","description":"Polska Akademia Nauk","publisher":{"@id":"https:\/\/amu.pan.pl\/#organization"},"potentialAction":[{"@type":"SearchAction","target":{"@type":"EntryPoint","urlTemplate":"https:\/\/amu.pan.pl\/?s={search_term_string}"},"query-input":{"@type":"PropertyValueSpecification","valueRequired":true,"valueName":"search_term_string"}}],"inLanguage":"en-GB"},{"@type":"Organization","@id":"https:\/\/amu.pan.pl\/#organization","name":"Akademia M\u0142odych Uczonych","url":"https:\/\/amu.pan.pl\/","logo":{"@type":"ImageObject","inLanguage":"en-GB","@id":"https:\/\/amu.pan.pl\/#\/schema\/logo\/image\/","url":"https:\/\/amu.pan.pl\/wp-content\/uploads\/2020\/08\/zz_amu.png","contentUrl":"https:\/\/amu.pan.pl\/wp-content\/uploads\/2020\/08\/zz_amu.png","width":2794,"height":1016,"caption":"Akademia M\u0142odych Uczonych"},"image":{"@id":"https:\/\/amu.pan.pl\/#\/schema\/logo\/image\/"},"sameAs":["https:\/\/www.facebook.com\/AkademiaMlodychUczonych\/","https:\/\/x.com\/AMUPAN1"]}]}},"_links":{"self":[{"href":"https:\/\/amu.pan.pl\/en\/wp-json\/wp\/v2\/pages\/74","targetHints":{"allow":["GET"]}}],"collection":[{"href":"https:\/\/amu.pan.pl\/en\/wp-json\/wp\/v2\/pages"}],"about":[{"href":"https:\/\/amu.pan.pl\/en\/wp-json\/wp\/v2\/types\/page"}],"author":[{"embeddable":true,"href":"https:\/\/amu.pan.pl\/en\/wp-json\/wp\/v2\/users\/2"}],"replies":[{"embeddable":true,"href":"https:\/\/amu.pan.pl\/en\/wp-json\/wp\/v2\/comments?post=74"}],"version-history":[{"count":0,"href":"https:\/\/amu.pan.pl\/en\/wp-json\/wp\/v2\/pages\/74\/revisions"}],"wp:featuredmedia":[{"embeddable":true,"href":"https:\/\/amu.pan.pl\/en\/wp-json\/wp\/v2\/media\/73"}],"wp:attachment":[{"href":"https:\/\/amu.pan.pl\/en\/wp-json\/wp\/v2\/media?parent=74"}],"curies":[{"name":"wp","href":"https:\/\/api.w.org\/{rel}","templated":true}]}}