{"id":75,"date":"2016-02-26T11:30:18","date_gmt":"2016-02-26T10:30:18","guid":{"rendered":"https:\/\/amu.pan.pl\/test\/2016\/02\/26\/slawomir-dinew\/"},"modified":"2020-10-02T23:58:09","modified_gmt":"2020-10-02T21:58:09","slug":"slawomir-dinew","status":"publish","type":"page","link":"https:\/\/amu.pan.pl\/en\/slawomir-dinew\/","title":{"rendered":"S\u0142awomir Dinew"},"content":{"rendered":"<p>Dr S\u0142awomir Dinew (ur. 1982) jest adiunktem w Instytucie Matematyki Uniwersytetu Jagiello\u0144skiego. Jego zainteresowania zwi\u0105zane s\u0105 z Analiz\u0105 Zespolon\u0105 i jej zastosowaniami w geometrii. Jego rozprawa doktorska pt.: &#8220;Zespolone r&oacute;wnanie Monge&#8217;a-Ampere&#8217;a i jego zastosowania w geometrii&#8221; zosta\u0142a uhonorowana nagrod\u0105 Prezesa Rady Ministr&oacute;w.<\/p>\n<p>Dr Dinew jest laureatem nagrody im. Kazimierza Kuratowskiego dla m\u0142odych matematyk&oacute;w przyznawanej przez Polskie Towarzystwo Matematyczne oraz Instytut Matematyki PAN. Odby\u0142 on sta\u017ce naukowe w Erwin Schrodinger Institute, Wiede\u0144 (2009-2010, pi\u0119ciomiesi\u0119czny) oraz Princeton University (2010, miesi\u0119czny). Od 2011 roku odbywa sta\u017c podoktorski na Uniwersytecie Rutgers (USA).<\/p>\n<p>Badania dr. Dinewa koncentruj\u0105 si\u0119 wok&oacute;\u0142 nieliniowych eliptycznych r&oacute;wna\u0144 r&oacute;\u017cniczkowych pojawiaj\u0105cych si\u0119 w zespolonej geometrii r&oacute;\u017cniczkowej. Poznanie w\u0142asno\u015bci rozwi\u0105za\u0144 tych\u017ce r&oacute;wna\u0144 pozwala lepiej zrozumie\u0107 zespolone rozmaito\u015bci zwi\u0105zane, mi\u0119dzy innymi, z modelami w fizyce strun.<\/p>","protected":false},"excerpt":{"rendered":"<p>Dr S\u0142awomir Dinew (ur. 1982) jest adiunktem w Instytucie Matematyki Uniwersytetu Jagiello\u0144skiego. Jego zainteresowania zwi\u0105zane s\u0105 z Analiz\u0105 Zespolon\u0105 i jej zastosowaniami w geometrii. Jego rozprawa doktorska pt.: &#8220;Zespolone r&oacute;wnanie Monge&#8217;a-Ampere&#8217;a i jego zastosowania w geometrii&#8221; zosta\u0142a uhonorowana nagrod\u0105 Prezesa Rady Ministr&oacute;w. Dr Dinew jest laureatem nagrody im. Kazimierza Kuratowskiego dla m\u0142odych matematyk&oacute;w przyznawanej przez&hellip;&nbsp;<a href=\"https:\/\/amu.pan.pl\/en\/slawomir-dinew\/\" rel=\"bookmark\">Read More &raquo;<span class=\"screen-reader-text\">S\u0142awomir Dinew<\/span><\/a><\/p>","protected":false},"author":2,"featured_media":0,"parent":0,"menu_order":61,"comment_status":"open","ping_status":"open","template":"","meta":{"_monsterinsights_skip_tracking":false,"_monsterinsights_sitenote_active":false,"_monsterinsights_sitenote_note":"","_monsterinsights_sitenote_category":0,"neve_meta_sidebar":"","neve_meta_container":"","neve_meta_enable_content_width":"","neve_meta_content_width":0,"neve_meta_title_alignment":"","neve_meta_author_avatar":"","neve_post_elements_order":"","neve_meta_disable_header":"","neve_meta_disable_footer":"","neve_meta_disable_title":"","footnotes":""},"class_list":["post-75","page","type-page","status-publish","hentry"],"yoast_head":"<!-- This site is optimized with the Yoast SEO plugin v25.0 - https:\/\/yoast.com\/wordpress\/plugins\/seo\/ -->\n<title>S\u0142awomir Dinew - Akademia M\u0142odych Uczonych<\/title>\n<meta name=\"robots\" content=\"index, follow, max-snippet:-1, max-image-preview:large, max-video-preview:-1\" \/>\n<link rel=\"canonical\" href=\"https:\/\/amu.pan.pl\/en\/slawomir-dinew\/\" \/>\n<meta property=\"og:locale\" content=\"en_GB\" \/>\n<meta property=\"og:type\" content=\"article\" \/>\n<meta property=\"og:title\" content=\"S\u0142awomir Dinew - Akademia M\u0142odych Uczonych\" \/>\n<meta property=\"og:description\" content=\"Dr S\u0142awomir Dinew (ur. 1982) jest adiunktem w Instytucie Matematyki Uniwersytetu Jagiello\u0144skiego. Jego zainteresowania zwi\u0105zane s\u0105 z Analiz\u0105 Zespolon\u0105 i jej zastosowaniami w geometrii. Jego rozprawa doktorska pt.: &#8220;Zespolone r&oacute;wnanie Monge&#8217;a-Ampere&#8217;a i jego zastosowania w geometrii&#8221; zosta\u0142a uhonorowana nagrod\u0105 Prezesa Rady Ministr&oacute;w. Dr Dinew jest laureatem nagrody im. Kazimierza Kuratowskiego dla m\u0142odych matematyk&oacute;w przyznawanej przez&hellip;&nbsp;Read More &raquo;S\u0142awomir Dinew\" \/>\n<meta property=\"og:url\" content=\"https:\/\/amu.pan.pl\/en\/slawomir-dinew\/\" \/>\n<meta property=\"og:site_name\" content=\"Akademia M\u0142odych Uczonych\" \/>\n<meta property=\"article:publisher\" content=\"https:\/\/www.facebook.com\/AkademiaMlodychUczonych\/\" \/>\n<meta property=\"article:modified_time\" content=\"2020-10-02T21:58:09+00:00\" \/>\n<meta property=\"og:image\" content=\"https:\/\/amu.pan.pl\/wp-content\/uploads\/2020\/09\/AMU_logo.png\" \/>\n\t<meta property=\"og:image:width\" content=\"600\" \/>\n\t<meta property=\"og:image:height\" content=\"342\" \/>\n\t<meta property=\"og:image:type\" content=\"image\/png\" \/>\n<meta name=\"twitter:card\" content=\"summary_large_image\" \/>\n<meta name=\"twitter:site\" content=\"@AMUPAN1\" \/>\n<meta name=\"twitter:label1\" content=\"Estimated reading time\" \/>\n\t<meta name=\"twitter:data1\" content=\"1 minute\" \/>\n<script type=\"application\/ld+json\" class=\"yoast-schema-graph\">{\"@context\":\"https:\/\/schema.org\",\"@graph\":[{\"@type\":\"WebPage\",\"@id\":\"https:\/\/amu.pan.pl\/en\/slawomir-dinew\/\",\"url\":\"https:\/\/amu.pan.pl\/en\/slawomir-dinew\/\",\"name\":\"S\u0142awomir Dinew - Akademia M\u0142odych Uczonych\",\"isPartOf\":{\"@id\":\"https:\/\/amu.pan.pl\/#website\"},\"datePublished\":\"2016-02-26T10:30:18+00:00\",\"dateModified\":\"2020-10-02T21:58:09+00:00\",\"breadcrumb\":{\"@id\":\"https:\/\/amu.pan.pl\/en\/slawomir-dinew\/#breadcrumb\"},\"inLanguage\":\"en-GB\",\"potentialAction\":[{\"@type\":\"ReadAction\",\"target\":[\"https:\/\/amu.pan.pl\/en\/slawomir-dinew\/\"]}]},{\"@type\":\"BreadcrumbList\",\"@id\":\"https:\/\/amu.pan.pl\/en\/slawomir-dinew\/#breadcrumb\",\"itemListElement\":[{\"@type\":\"ListItem\",\"position\":1,\"name\":\"Strona g\u0142\u00f3wna\",\"item\":\"https:\/\/amu.pan.pl\/\"},{\"@type\":\"ListItem\",\"position\":2,\"name\":\"S\u0142awomir Dinew\"}]},{\"@type\":\"WebSite\",\"@id\":\"https:\/\/amu.pan.pl\/#website\",\"url\":\"https:\/\/amu.pan.pl\/\",\"name\":\"Akademia M\u0142odych Uczonych\",\"description\":\"Polska Akademia Nauk\",\"publisher\":{\"@id\":\"https:\/\/amu.pan.pl\/#organization\"},\"potentialAction\":[{\"@type\":\"SearchAction\",\"target\":{\"@type\":\"EntryPoint\",\"urlTemplate\":\"https:\/\/amu.pan.pl\/?s={search_term_string}\"},\"query-input\":{\"@type\":\"PropertyValueSpecification\",\"valueRequired\":true,\"valueName\":\"search_term_string\"}}],\"inLanguage\":\"en-GB\"},{\"@type\":\"Organization\",\"@id\":\"https:\/\/amu.pan.pl\/#organization\",\"name\":\"Akademia M\u0142odych Uczonych\",\"url\":\"https:\/\/amu.pan.pl\/\",\"logo\":{\"@type\":\"ImageObject\",\"inLanguage\":\"en-GB\",\"@id\":\"https:\/\/amu.pan.pl\/#\/schema\/logo\/image\/\",\"url\":\"https:\/\/amu.pan.pl\/wp-content\/uploads\/2020\/08\/zz_amu.png\",\"contentUrl\":\"https:\/\/amu.pan.pl\/wp-content\/uploads\/2020\/08\/zz_amu.png\",\"width\":2794,\"height\":1016,\"caption\":\"Akademia M\u0142odych Uczonych\"},\"image\":{\"@id\":\"https:\/\/amu.pan.pl\/#\/schema\/logo\/image\/\"},\"sameAs\":[\"https:\/\/www.facebook.com\/AkademiaMlodychUczonych\/\",\"https:\/\/x.com\/AMUPAN1\"]}]}<\/script>\n<!-- \/ Yoast SEO plugin. -->","yoast_head_json":{"title":"S\u0142awomir Dinew - Akademia M\u0142odych Uczonych","robots":{"index":"index","follow":"follow","max-snippet":"max-snippet:-1","max-image-preview":"max-image-preview:large","max-video-preview":"max-video-preview:-1"},"canonical":"https:\/\/amu.pan.pl\/en\/slawomir-dinew\/","og_locale":"en_GB","og_type":"article","og_title":"S\u0142awomir Dinew - Akademia M\u0142odych Uczonych","og_description":"Dr S\u0142awomir Dinew (ur. 1982) jest adiunktem w Instytucie Matematyki Uniwersytetu Jagiello\u0144skiego. Jego zainteresowania zwi\u0105zane s\u0105 z Analiz\u0105 Zespolon\u0105 i jej zastosowaniami w geometrii. Jego rozprawa doktorska pt.: &#8220;Zespolone r&oacute;wnanie Monge&#8217;a-Ampere&#8217;a i jego zastosowania w geometrii&#8221; zosta\u0142a uhonorowana nagrod\u0105 Prezesa Rady Ministr&oacute;w. Dr Dinew jest laureatem nagrody im. Kazimierza Kuratowskiego dla m\u0142odych matematyk&oacute;w przyznawanej przez&hellip;&nbsp;Read More &raquo;S\u0142awomir Dinew","og_url":"https:\/\/amu.pan.pl\/en\/slawomir-dinew\/","og_site_name":"Akademia M\u0142odych Uczonych","article_publisher":"https:\/\/www.facebook.com\/AkademiaMlodychUczonych\/","article_modified_time":"2020-10-02T21:58:09+00:00","og_image":[{"width":600,"height":342,"url":"https:\/\/amu.pan.pl\/wp-content\/uploads\/2020\/09\/AMU_logo.png","type":"image\/png"}],"twitter_card":"summary_large_image","twitter_site":"@AMUPAN1","twitter_misc":{"Estimated reading time":"1 minute"},"schema":{"@context":"https:\/\/schema.org","@graph":[{"@type":"WebPage","@id":"https:\/\/amu.pan.pl\/en\/slawomir-dinew\/","url":"https:\/\/amu.pan.pl\/en\/slawomir-dinew\/","name":"S\u0142awomir Dinew - Akademia M\u0142odych Uczonych","isPartOf":{"@id":"https:\/\/amu.pan.pl\/#website"},"datePublished":"2016-02-26T10:30:18+00:00","dateModified":"2020-10-02T21:58:09+00:00","breadcrumb":{"@id":"https:\/\/amu.pan.pl\/en\/slawomir-dinew\/#breadcrumb"},"inLanguage":"en-GB","potentialAction":[{"@type":"ReadAction","target":["https:\/\/amu.pan.pl\/en\/slawomir-dinew\/"]}]},{"@type":"BreadcrumbList","@id":"https:\/\/amu.pan.pl\/en\/slawomir-dinew\/#breadcrumb","itemListElement":[{"@type":"ListItem","position":1,"name":"Strona g\u0142\u00f3wna","item":"https:\/\/amu.pan.pl\/"},{"@type":"ListItem","position":2,"name":"S\u0142awomir Dinew"}]},{"@type":"WebSite","@id":"https:\/\/amu.pan.pl\/#website","url":"https:\/\/amu.pan.pl\/","name":"Akademia M\u0142odych Uczonych","description":"Polska Akademia Nauk","publisher":{"@id":"https:\/\/amu.pan.pl\/#organization"},"potentialAction":[{"@type":"SearchAction","target":{"@type":"EntryPoint","urlTemplate":"https:\/\/amu.pan.pl\/?s={search_term_string}"},"query-input":{"@type":"PropertyValueSpecification","valueRequired":true,"valueName":"search_term_string"}}],"inLanguage":"en-GB"},{"@type":"Organization","@id":"https:\/\/amu.pan.pl\/#organization","name":"Akademia M\u0142odych Uczonych","url":"https:\/\/amu.pan.pl\/","logo":{"@type":"ImageObject","inLanguage":"en-GB","@id":"https:\/\/amu.pan.pl\/#\/schema\/logo\/image\/","url":"https:\/\/amu.pan.pl\/wp-content\/uploads\/2020\/08\/zz_amu.png","contentUrl":"https:\/\/amu.pan.pl\/wp-content\/uploads\/2020\/08\/zz_amu.png","width":2794,"height":1016,"caption":"Akademia M\u0142odych Uczonych"},"image":{"@id":"https:\/\/amu.pan.pl\/#\/schema\/logo\/image\/"},"sameAs":["https:\/\/www.facebook.com\/AkademiaMlodychUczonych\/","https:\/\/x.com\/AMUPAN1"]}]}},"_links":{"self":[{"href":"https:\/\/amu.pan.pl\/en\/wp-json\/wp\/v2\/pages\/75","targetHints":{"allow":["GET"]}}],"collection":[{"href":"https:\/\/amu.pan.pl\/en\/wp-json\/wp\/v2\/pages"}],"about":[{"href":"https:\/\/amu.pan.pl\/en\/wp-json\/wp\/v2\/types\/page"}],"author":[{"embeddable":true,"href":"https:\/\/amu.pan.pl\/en\/wp-json\/wp\/v2\/users\/2"}],"replies":[{"embeddable":true,"href":"https:\/\/amu.pan.pl\/en\/wp-json\/wp\/v2\/comments?post=75"}],"version-history":[{"count":0,"href":"https:\/\/amu.pan.pl\/en\/wp-json\/wp\/v2\/pages\/75\/revisions"}],"wp:attachment":[{"href":"https:\/\/amu.pan.pl\/en\/wp-json\/wp\/v2\/media?parent=75"}],"curies":[{"name":"wp","href":"https:\/\/api.w.org\/{rel}","templated":true}]}}