{"id":76,"date":"2016-02-26T11:30:48","date_gmt":"2016-02-26T10:30:48","guid":{"rendered":"https:\/\/amu.pan.pl\/test\/2016\/02\/26\/dominik-dorosz\/"},"modified":"2020-10-02T23:58:09","modified_gmt":"2020-10-02T21:58:09","slug":"dominik-dorosz","status":"publish","type":"page","link":"https:\/\/amu.pan.pl\/en\/dominik-dorosz\/","title":{"rendered":"Dominik Dorosz"},"content":{"rendered":"<p>Dr hab. Dominik Dorosz, prof. nzw. (ur. 1975 r.) reprezentuje dyscypliny in\u017cynieria materia\u0142owa i technologia chemiczna, specjalno\u015b\u0107 optoelektronika. Zatrudniony jest na stanowisku profesora nadzwyczajnego w Katedrze Elektroenergetyki, Fotoniki i Techniki \u015awietlnej na Wydziale Elektrycznym Politechniki Bia\u0142ostockiej. Od 2012 r. pe\u0142ni funkcj\u0119 prodziekana Wydzia\u0142u ds. nauki. <br \/>Jego zainteresowania badawcze dotycz\u0105 in\u017cynierii materia\u0142&oacute;w optoelektronicznych, <br \/>a w szczeg&oacute;lno\u015bci technologii szkie\u0142 i \u015bwiat\u0142owod&oacute;w domieszkowanych lantanowcami do budowy wzmacniaczy, laser&oacute;w i sensor&oacute;w \u015bwiat\u0142owodowych. <br \/>Przygod\u0119 z nauk\u0105 rozpocz\u0105\u0142 w Uniwersytecie Marii-Curie Sk\u0142odowskiej w Lublinie realizuj\u0105c prac\u0119 magistersk\u0105 pt.: &bdquo;\u015awiat\u0142ow&oacute;d o rdzeniu ze szk\u0142a wielosk\u0142adnikowego i p\u0142aszczu ze szk\u0142a kwarcowego&rdquo;. Praca zosta\u0142a nagrodzona przez Polski Komitet Optoelektroniki SEP w Konkursie im. Profesora Adama Smoli\u0144skiego. <br \/>Dociekania badawcze kontynuowa\u0142 w Akademii G&oacute;rniczo-Hutniczej w ramach studi&oacute;w doktoranckich, kt&oacute;rych efektem by\u0142a obroniona (2003 r.) z wyr&oacute;\u017cnieniem rozprawa doktorska pt.: &bdquo;Szk\u0142a zawieraj\u0105ce tlenki metali ci\u0119\u017ckich modyfikowane wybranymi lantanowcami&rdquo; (grant promotorski). Zajmowa\u0142 si\u0119 tak\u017ce zagadnieniem stosowania szkie\u0142 porowatych w ochronie \u015brodowiska w ramach projekt&oacute;w 5PR EU (No GRD3-2001-60008) oraz MNiSW (Nr 4 T08D 031 23).<br \/>Dalsz\u0105 prac\u0119 naukow\u0105 kontynuowa\u0142 w Politechnice Bia\u0142ostockiej (2004 r.), gdzie stworzy\u0142 nowoczesny warsztat badawczy, organizuj\u0105c m.in. Laboratorium in\u017cynierii materia\u0142&oacute;w fotonicznych. Wyniki zrealizowanych tu bada\u0144, w kierowanych przez niego projektach KBN i NCN (Nr 3 T08D 031 27, Nr N N507 285636), zosta\u0142y zawarte w monografii habilitacyjnej pt.: &bdquo;Aktywne \u015bwiat\u0142owody specjalne&rdquo;. W 2011 r. Rada Wydzia\u0142u In\u017cynierii Materia\u0142owej i Ceramiki, Akademii G&oacute;rniczo-Hutniczej w Krakowie nada\u0142a mu stopie\u0144 doktora habilitowanego w dyscyplinie in\u017cyniera materia\u0142owa. W tym samym roku &bdquo;za osi\u0105gni\u0119cia w badaniach nad nowymi technologiami \u015bwiat\u0142owodowymi&rdquo; otrzyma\u0142 Nagrod\u0119 Polskiego Towarzystwa Ceramicznego. <br \/>G\u0142&oacute;wne priorytety jakimi kieruje si\u0119 w pracy zawodowej to rozw&oacute;j kadry m\u0142odych uczonych oraz stworzenie silnego europejskiego o\u015brodka badawczego w zakresie technologii szkie\u0142 i \u015bwiat\u0142owod&oacute;w aktywnych. W 2012 r. zorganizowa\u0142 nowoczesne Laboratorium technologii \u015bwiat\u0142owod&oacute;w pozwalaj\u0105ce na badania nad \u015bwiat\u0142owodami w \u015brodowisku o klasie czysto\u015bci 100. Jego osi\u0105gni\u0119cia w zakresie dydaktyki i rozwoju kadry m\u0142odych uczonych to promotorstwo 2 obronionych prac doktorskich (2011, 2013), 40 prac magisterskich i 15 in\u017cynierskich. Efektem tej pracy jest, kierowany przez niego, zesp&oacute;\u0142 badawczy, kt&oacute;ry tworz\u0105 m\u0142odzi pracownicy: 3 doktor&oacute;w nauk technicznych oraz 5 doktorant&oacute;w.<br \/>Dominik Dorosz jest autorem lub wsp&oacute;\u0142autorem ok. 130 publikacji, z kt&oacute;rych 33 pozycje znajduj\u0105 si\u0119 w czasopismach posiadaj\u0105cych Impact Factor. Jest wsp&oacute;\u0142autorem 1 patentu <br \/>i 2 zg\u0142osze\u0144 patentowych. Jego dane naukometryczne (wg. ISI WoS) to: liczba cytowa\u0144 165, wska\u017anik Hirscha 7. Badania naukowe by\u0142y realizowane g\u0142&oacute;wnie w ramach 21 projekt&oacute;w badawczych uzyskanych w trybie post\u0119powania konkursowego, z kt&oacute;rych w 6-ciu by\u0142 ich kierownikiem. Aktualnie kieruje projektem badawczym NCN (2013-2016) pt.: &bdquo;Nowe szk\u0142a antymonowe o mieszanej wi\u0119\u017abie nisko- i wysokofononowej jako osnowy do konstrukcji w\u0142&oacute;kien aktywnych&rdquo;.<br \/>W latach 2000-2013 przebywa\u0142 na kr&oacute;tkich 1-2 tygodniowych wyjazdach naukowych, w trakcie kt&oacute;rych wyg\u0142asza\u0142 seminaria naukowe (Bergakademie &#8211; Freiberg, University of Joensuu, University of Coimbra, University of Patras, University of Beira Interior). Z ramienia Polish Glass and Ceramic Society jako jeden z trzech przedstawicieli pe\u0142ni funkcj\u0119 &bdquo;Officer of the European Society of Glass Science and Technology&rdquo;.<\/p>","protected":false},"excerpt":{"rendered":"<p>Dr hab. Dominik Dorosz, prof. nzw. (ur. 1975 r.) reprezentuje dyscypliny in\u017cynieria materia\u0142owa i technologia chemiczna, specjalno\u015b\u0107 optoelektronika. Zatrudniony jest na stanowisku profesora nadzwyczajnego w Katedrze Elektroenergetyki, Fotoniki i Techniki \u015awietlnej na Wydziale Elektrycznym Politechniki Bia\u0142ostockiej. Od 2012 r. pe\u0142ni funkcj\u0119 prodziekana Wydzia\u0142u ds. nauki. Jego zainteresowania badawcze dotycz\u0105 in\u017cynierii materia\u0142&oacute;w optoelektronicznych, a w szczeg&oacute;lno\u015bci&hellip;&nbsp;<a href=\"https:\/\/amu.pan.pl\/en\/dominik-dorosz\/\" rel=\"bookmark\">Read More &raquo;<span class=\"screen-reader-text\">Dominik Dorosz<\/span><\/a><\/p>","protected":false},"author":2,"featured_media":0,"parent":0,"menu_order":64,"comment_status":"open","ping_status":"open","template":"","meta":{"_monsterinsights_skip_tracking":false,"_monsterinsights_sitenote_active":false,"_monsterinsights_sitenote_note":"","_monsterinsights_sitenote_category":0,"neve_meta_sidebar":"","neve_meta_container":"","neve_meta_enable_content_width":"","neve_meta_content_width":0,"neve_meta_title_alignment":"","neve_meta_author_avatar":"","neve_post_elements_order":"","neve_meta_disable_header":"","neve_meta_disable_footer":"","neve_meta_disable_title":"","footnotes":""},"class_list":["post-76","page","type-page","status-publish","hentry"],"yoast_head":"<!-- This site is optimized with the Yoast SEO plugin v25.0 - https:\/\/yoast.com\/wordpress\/plugins\/seo\/ -->\n<title>Dominik Dorosz - Akademia M\u0142odych Uczonych<\/title>\n<meta name=\"robots\" content=\"index, follow, max-snippet:-1, max-image-preview:large, max-video-preview:-1\" \/>\n<link rel=\"canonical\" href=\"https:\/\/amu.pan.pl\/en\/dominik-dorosz\/\" \/>\n<meta property=\"og:locale\" content=\"en_GB\" \/>\n<meta property=\"og:type\" content=\"article\" \/>\n<meta property=\"og:title\" content=\"Dominik Dorosz - Akademia M\u0142odych Uczonych\" \/>\n<meta property=\"og:description\" content=\"Dr hab. Dominik Dorosz, prof. nzw. (ur. 1975 r.) reprezentuje dyscypliny in\u017cynieria materia\u0142owa i technologia chemiczna, specjalno\u015b\u0107 optoelektronika. Zatrudniony jest na stanowisku profesora nadzwyczajnego w Katedrze Elektroenergetyki, Fotoniki i Techniki \u015awietlnej na Wydziale Elektrycznym Politechniki Bia\u0142ostockiej. Od 2012 r. pe\u0142ni funkcj\u0119 prodziekana Wydzia\u0142u ds. nauki. Jego zainteresowania badawcze dotycz\u0105 in\u017cynierii materia\u0142&oacute;w optoelektronicznych, a w szczeg&oacute;lno\u015bci&hellip;&nbsp;Read More &raquo;Dominik Dorosz\" \/>\n<meta property=\"og:url\" content=\"https:\/\/amu.pan.pl\/en\/dominik-dorosz\/\" \/>\n<meta property=\"og:site_name\" content=\"Akademia M\u0142odych Uczonych\" \/>\n<meta property=\"article:publisher\" content=\"https:\/\/www.facebook.com\/AkademiaMlodychUczonych\/\" \/>\n<meta property=\"article:modified_time\" content=\"2020-10-02T21:58:09+00:00\" \/>\n<meta property=\"og:image\" content=\"https:\/\/amu.pan.pl\/wp-content\/uploads\/2020\/09\/AMU_logo.png\" \/>\n\t<meta property=\"og:image:width\" content=\"600\" \/>\n\t<meta property=\"og:image:height\" content=\"342\" \/>\n\t<meta property=\"og:image:type\" content=\"image\/png\" \/>\n<meta name=\"twitter:card\" content=\"summary_large_image\" \/>\n<meta name=\"twitter:site\" content=\"@AMUPAN1\" \/>\n<meta name=\"twitter:label1\" content=\"Estimated reading time\" \/>\n\t<meta name=\"twitter:data1\" content=\"3 minutes\" \/>\n<script type=\"application\/ld+json\" class=\"yoast-schema-graph\">{\"@context\":\"https:\/\/schema.org\",\"@graph\":[{\"@type\":\"WebPage\",\"@id\":\"https:\/\/amu.pan.pl\/en\/dominik-dorosz\/\",\"url\":\"https:\/\/amu.pan.pl\/en\/dominik-dorosz\/\",\"name\":\"Dominik Dorosz - Akademia M\u0142odych Uczonych\",\"isPartOf\":{\"@id\":\"https:\/\/amu.pan.pl\/#website\"},\"datePublished\":\"2016-02-26T10:30:48+00:00\",\"dateModified\":\"2020-10-02T21:58:09+00:00\",\"breadcrumb\":{\"@id\":\"https:\/\/amu.pan.pl\/en\/dominik-dorosz\/#breadcrumb\"},\"inLanguage\":\"en-GB\",\"potentialAction\":[{\"@type\":\"ReadAction\",\"target\":[\"https:\/\/amu.pan.pl\/en\/dominik-dorosz\/\"]}]},{\"@type\":\"BreadcrumbList\",\"@id\":\"https:\/\/amu.pan.pl\/en\/dominik-dorosz\/#breadcrumb\",\"itemListElement\":[{\"@type\":\"ListItem\",\"position\":1,\"name\":\"Strona g\u0142\u00f3wna\",\"item\":\"https:\/\/amu.pan.pl\/\"},{\"@type\":\"ListItem\",\"position\":2,\"name\":\"Dominik Dorosz\"}]},{\"@type\":\"WebSite\",\"@id\":\"https:\/\/amu.pan.pl\/#website\",\"url\":\"https:\/\/amu.pan.pl\/\",\"name\":\"Akademia M\u0142odych Uczonych\",\"description\":\"Polska Akademia Nauk\",\"publisher\":{\"@id\":\"https:\/\/amu.pan.pl\/#organization\"},\"potentialAction\":[{\"@type\":\"SearchAction\",\"target\":{\"@type\":\"EntryPoint\",\"urlTemplate\":\"https:\/\/amu.pan.pl\/?s={search_term_string}\"},\"query-input\":{\"@type\":\"PropertyValueSpecification\",\"valueRequired\":true,\"valueName\":\"search_term_string\"}}],\"inLanguage\":\"en-GB\"},{\"@type\":\"Organization\",\"@id\":\"https:\/\/amu.pan.pl\/#organization\",\"name\":\"Akademia M\u0142odych Uczonych\",\"url\":\"https:\/\/amu.pan.pl\/\",\"logo\":{\"@type\":\"ImageObject\",\"inLanguage\":\"en-GB\",\"@id\":\"https:\/\/amu.pan.pl\/#\/schema\/logo\/image\/\",\"url\":\"https:\/\/amu.pan.pl\/wp-content\/uploads\/2020\/08\/zz_amu.png\",\"contentUrl\":\"https:\/\/amu.pan.pl\/wp-content\/uploads\/2020\/08\/zz_amu.png\",\"width\":2794,\"height\":1016,\"caption\":\"Akademia M\u0142odych Uczonych\"},\"image\":{\"@id\":\"https:\/\/amu.pan.pl\/#\/schema\/logo\/image\/\"},\"sameAs\":[\"https:\/\/www.facebook.com\/AkademiaMlodychUczonych\/\",\"https:\/\/x.com\/AMUPAN1\"]}]}<\/script>\n<!-- \/ Yoast SEO plugin. -->","yoast_head_json":{"title":"Dominik Dorosz - Akademia M\u0142odych Uczonych","robots":{"index":"index","follow":"follow","max-snippet":"max-snippet:-1","max-image-preview":"max-image-preview:large","max-video-preview":"max-video-preview:-1"},"canonical":"https:\/\/amu.pan.pl\/en\/dominik-dorosz\/","og_locale":"en_GB","og_type":"article","og_title":"Dominik Dorosz - Akademia M\u0142odych Uczonych","og_description":"Dr hab. Dominik Dorosz, prof. nzw. (ur. 1975 r.) reprezentuje dyscypliny in\u017cynieria materia\u0142owa i technologia chemiczna, specjalno\u015b\u0107 optoelektronika. Zatrudniony jest na stanowisku profesora nadzwyczajnego w Katedrze Elektroenergetyki, Fotoniki i Techniki \u015awietlnej na Wydziale Elektrycznym Politechniki Bia\u0142ostockiej. Od 2012 r. pe\u0142ni funkcj\u0119 prodziekana Wydzia\u0142u ds. nauki. Jego zainteresowania badawcze dotycz\u0105 in\u017cynierii materia\u0142&oacute;w optoelektronicznych, a w szczeg&oacute;lno\u015bci&hellip;&nbsp;Read More &raquo;Dominik Dorosz","og_url":"https:\/\/amu.pan.pl\/en\/dominik-dorosz\/","og_site_name":"Akademia M\u0142odych Uczonych","article_publisher":"https:\/\/www.facebook.com\/AkademiaMlodychUczonych\/","article_modified_time":"2020-10-02T21:58:09+00:00","og_image":[{"width":600,"height":342,"url":"https:\/\/amu.pan.pl\/wp-content\/uploads\/2020\/09\/AMU_logo.png","type":"image\/png"}],"twitter_card":"summary_large_image","twitter_site":"@AMUPAN1","twitter_misc":{"Estimated reading time":"3 minutes"},"schema":{"@context":"https:\/\/schema.org","@graph":[{"@type":"WebPage","@id":"https:\/\/amu.pan.pl\/en\/dominik-dorosz\/","url":"https:\/\/amu.pan.pl\/en\/dominik-dorosz\/","name":"Dominik Dorosz - Akademia M\u0142odych Uczonych","isPartOf":{"@id":"https:\/\/amu.pan.pl\/#website"},"datePublished":"2016-02-26T10:30:48+00:00","dateModified":"2020-10-02T21:58:09+00:00","breadcrumb":{"@id":"https:\/\/amu.pan.pl\/en\/dominik-dorosz\/#breadcrumb"},"inLanguage":"en-GB","potentialAction":[{"@type":"ReadAction","target":["https:\/\/amu.pan.pl\/en\/dominik-dorosz\/"]}]},{"@type":"BreadcrumbList","@id":"https:\/\/amu.pan.pl\/en\/dominik-dorosz\/#breadcrumb","itemListElement":[{"@type":"ListItem","position":1,"name":"Strona g\u0142\u00f3wna","item":"https:\/\/amu.pan.pl\/"},{"@type":"ListItem","position":2,"name":"Dominik Dorosz"}]},{"@type":"WebSite","@id":"https:\/\/amu.pan.pl\/#website","url":"https:\/\/amu.pan.pl\/","name":"Akademia M\u0142odych Uczonych","description":"Polska Akademia Nauk","publisher":{"@id":"https:\/\/amu.pan.pl\/#organization"},"potentialAction":[{"@type":"SearchAction","target":{"@type":"EntryPoint","urlTemplate":"https:\/\/amu.pan.pl\/?s={search_term_string}"},"query-input":{"@type":"PropertyValueSpecification","valueRequired":true,"valueName":"search_term_string"}}],"inLanguage":"en-GB"},{"@type":"Organization","@id":"https:\/\/amu.pan.pl\/#organization","name":"Akademia M\u0142odych Uczonych","url":"https:\/\/amu.pan.pl\/","logo":{"@type":"ImageObject","inLanguage":"en-GB","@id":"https:\/\/amu.pan.pl\/#\/schema\/logo\/image\/","url":"https:\/\/amu.pan.pl\/wp-content\/uploads\/2020\/08\/zz_amu.png","contentUrl":"https:\/\/amu.pan.pl\/wp-content\/uploads\/2020\/08\/zz_amu.png","width":2794,"height":1016,"caption":"Akademia M\u0142odych Uczonych"},"image":{"@id":"https:\/\/amu.pan.pl\/#\/schema\/logo\/image\/"},"sameAs":["https:\/\/www.facebook.com\/AkademiaMlodychUczonych\/","https:\/\/x.com\/AMUPAN1"]}]}},"_links":{"self":[{"href":"https:\/\/amu.pan.pl\/en\/wp-json\/wp\/v2\/pages\/76","targetHints":{"allow":["GET"]}}],"collection":[{"href":"https:\/\/amu.pan.pl\/en\/wp-json\/wp\/v2\/pages"}],"about":[{"href":"https:\/\/amu.pan.pl\/en\/wp-json\/wp\/v2\/types\/page"}],"author":[{"embeddable":true,"href":"https:\/\/amu.pan.pl\/en\/wp-json\/wp\/v2\/users\/2"}],"replies":[{"embeddable":true,"href":"https:\/\/amu.pan.pl\/en\/wp-json\/wp\/v2\/comments?post=76"}],"version-history":[{"count":0,"href":"https:\/\/amu.pan.pl\/en\/wp-json\/wp\/v2\/pages\/76\/revisions"}],"wp:attachment":[{"href":"https:\/\/amu.pan.pl\/en\/wp-json\/wp\/v2\/media?parent=76"}],"curies":[{"name":"wp","href":"https:\/\/api.w.org\/{rel}","templated":true}]}}