{"id":78,"date":"2016-02-26T11:31:54","date_gmt":"2016-02-26T10:31:54","guid":{"rendered":"https:\/\/amu.pan.pl\/test\/2016\/02\/26\/andrzej-dziembowski\/"},"modified":"2020-10-02T23:57:45","modified_gmt":"2020-10-02T21:57:45","slug":"andrzej-dziembowski","status":"publish","type":"page","link":"https:\/\/amu.pan.pl\/en\/andrzej-dziembowski\/","title":{"rendered":"Andrzej Dziembowski"},"content":{"rendered":"<p style=\"text-align: center;\"><img fetchpriority=\"high\" decoding=\"async\" class=\"size-full wp-image-77\" src=\"https:\/\/amu.pan.pl\/wp-content\/uploads\/2016\/02\/Andrzej_Dziembowski.jpg\" alt=\"\" width=\"241\" height=\"293\" \/><\/p>\n<p>Andrzej Dziembowski (ur. 23.12.1974) &#8211; biolog molekularny, biochemik, genetyk; prof. nadzwyczajny w Instytucie Biochemii i Biofizyki PAN oraz na Wydziale Biologii Uniwersytetu Warszawskiego, w latach 2002-2006 pracowa\u0142 w Instytucie Genetyki Molekularnej CNRS we Francji. Jest kierownikiem grupy badawczej w Instytucie Biochemii i Biofizyki PAN. Anga\u017cuje si\u0119 r&oacute;wnie\u017c w prowadzenie zaj\u0119\u0107 i opiek\u0119 nad studentami na Wydziale Biologii Uniwersytetu Warszawskiego<\/p>\n<p>Prof.&nbsp;Dziembowski zajmuje si\u0119 analiz\u0105 metabolizmu RNA w organizmach eukariotycznych. Jest wsp&oacute;\u0142autorem najwa\u017cniejszych prac dotycz\u0105cych mechanizmu dzia\u0142ania g\u0142&oacute;wnej eukariotycznej rybonukleazy, kompleksu egzosomu. Prowadzi\u0142 r&oacute;wnie\u017c analizy kompleks&oacute;w bia\u0142kowych uczestnicz\u0105cych w sk\u0142adaniu pre-mRNA i biogenezie mRNA. Niedawno badania prowadzone w jego grupie pozwoli\u0142y na odkrycie enzymu odpowiedzialnego za modyfikacj\u0119 ko\u0144ca U6 snRNA. Mutacje w tym enzymie powoduj\u0105 chorob\u0119 genetyczn\u0105, poikiloderm\u0119 z neutropeni\u0105. Ostatnio grupa kierowana przez&nbsp;prof. Dziembowskigo zaanga\u017cowa\u0142a si\u0119 r&oacute;wnie\u017c w badania metagenomicze.<\/p>\n<p>Prof.&nbsp;Dziembowski publikowa\u0142 artyku\u0142y naukowe w najbardziej presti\u017cowych czasopismach naukowych z biologii molekularnej. Mi\u0119dzy innymi: Nature, Nature Structural and Molecular Biology, Genes and Development, Molecular Cell, EMBO Journal czy EMBO Reports. Jest on r&oacute;wnie\u017c wsp&oacute;\u0142autorem wielu artyku\u0142&oacute;w przegl\u0105dowych w recenzowanych czasopismach mi\u0119dzynarodowych i rozdzia\u0142&oacute;w w ksi\u0105\u017ckach specjalistycznych. Otrzyma\u0142 wiele nagr&oacute;d i presti\u017cowych grant&oacute;w: Nagrody Premiera za rozprawy doktorsk\u0105 i habilitacyjn\u0105, Stypendium Ministra Nauki dla wybitnych m\u0142odych naukowc&oacute;w, nagrod\u0119 Parnasa dla najlepszej polskiej pracy z dziadziny biochemii, EMBO installation grant, grant NCN Maestro, granty Sz&oacute;stego i Si&oacute;dmego Programu Ramowego Unii Europejskiej. By\u0142 stypendyst\u0105 Fundacji na Rzecz nauki polskiej (Start, Kolumb, Team).<\/p>","protected":false},"excerpt":{"rendered":"<p>Andrzej Dziembowski (ur. 23.12.1974) &#8211; biolog molekularny, biochemik, genetyk; prof. nadzwyczajny w Instytucie Biochemii i Biofizyki PAN oraz na Wydziale Biologii Uniwersytetu Warszawskiego, w latach 2002-2006 pracowa\u0142 w Instytucie Genetyki Molekularnej CNRS we Francji. Jest kierownikiem grupy badawczej w Instytucie Biochemii i Biofizyki PAN. Anga\u017cuje si\u0119 r&oacute;wnie\u017c w prowadzenie zaj\u0119\u0107 i opiek\u0119 nad studentami na&hellip;&nbsp;<a href=\"https:\/\/amu.pan.pl\/en\/andrzej-dziembowski\/\" rel=\"bookmark\">Read More &raquo;<span class=\"screen-reader-text\">Andrzej Dziembowski<\/span><\/a><\/p>","protected":false},"author":2,"featured_media":77,"parent":0,"menu_order":62,"comment_status":"open","ping_status":"open","template":"","meta":{"_monsterinsights_skip_tracking":false,"_monsterinsights_sitenote_active":false,"_monsterinsights_sitenote_note":"","_monsterinsights_sitenote_category":0,"neve_meta_sidebar":"","neve_meta_container":"","neve_meta_enable_content_width":"","neve_meta_content_width":0,"neve_meta_title_alignment":"","neve_meta_author_avatar":"","neve_post_elements_order":"","neve_meta_disable_header":"","neve_meta_disable_footer":"","neve_meta_disable_title":"","footnotes":""},"class_list":["post-78","page","type-page","status-publish","has-post-thumbnail","hentry"],"yoast_head":"<!-- This site is optimized with the Yoast SEO plugin v25.0 - https:\/\/yoast.com\/wordpress\/plugins\/seo\/ -->\n<title>Andrzej Dziembowski - Akademia M\u0142odych Uczonych<\/title>\n<meta name=\"robots\" content=\"index, follow, max-snippet:-1, max-image-preview:large, max-video-preview:-1\" \/>\n<link rel=\"canonical\" href=\"https:\/\/amu.pan.pl\/en\/andrzej-dziembowski\/\" \/>\n<meta property=\"og:locale\" content=\"en_GB\" \/>\n<meta property=\"og:type\" content=\"article\" \/>\n<meta property=\"og:title\" content=\"Andrzej Dziembowski - Akademia M\u0142odych Uczonych\" \/>\n<meta property=\"og:description\" content=\"Andrzej Dziembowski (ur. 23.12.1974) &#8211; biolog molekularny, biochemik, genetyk; prof. nadzwyczajny w Instytucie Biochemii i Biofizyki PAN oraz na Wydziale Biologii Uniwersytetu Warszawskiego, w latach 2002-2006 pracowa\u0142 w Instytucie Genetyki Molekularnej CNRS we Francji. Jest kierownikiem grupy badawczej w Instytucie Biochemii i Biofizyki PAN. Anga\u017cuje si\u0119 r&oacute;wnie\u017c w prowadzenie zaj\u0119\u0107 i opiek\u0119 nad studentami na&hellip;&nbsp;Read More &raquo;Andrzej Dziembowski\" \/>\n<meta property=\"og:url\" content=\"https:\/\/amu.pan.pl\/en\/andrzej-dziembowski\/\" \/>\n<meta property=\"og:site_name\" content=\"Akademia M\u0142odych Uczonych\" \/>\n<meta property=\"article:publisher\" content=\"https:\/\/www.facebook.com\/AkademiaMlodychUczonych\/\" \/>\n<meta property=\"article:modified_time\" content=\"2020-10-02T21:57:45+00:00\" \/>\n<meta property=\"og:image\" content=\"https:\/\/amu.pan.pl\/wp-content\/uploads\/2016\/02\/Andrzej_Dziembowski.jpg\" \/>\n\t<meta property=\"og:image:width\" content=\"241\" \/>\n\t<meta property=\"og:image:height\" content=\"293\" \/>\n\t<meta property=\"og:image:type\" content=\"image\/jpeg\" \/>\n<meta name=\"twitter:card\" content=\"summary_large_image\" \/>\n<meta name=\"twitter:site\" content=\"@AMUPAN1\" \/>\n<meta name=\"twitter:label1\" content=\"Estimated reading time\" \/>\n\t<meta name=\"twitter:data1\" content=\"1 minute\" \/>\n<script type=\"application\/ld+json\" class=\"yoast-schema-graph\">{\"@context\":\"https:\/\/schema.org\",\"@graph\":[{\"@type\":\"WebPage\",\"@id\":\"https:\/\/amu.pan.pl\/en\/andrzej-dziembowski\/\",\"url\":\"https:\/\/amu.pan.pl\/en\/andrzej-dziembowski\/\",\"name\":\"Andrzej Dziembowski - Akademia M\u0142odych Uczonych\",\"isPartOf\":{\"@id\":\"https:\/\/amu.pan.pl\/#website\"},\"primaryImageOfPage\":{\"@id\":\"https:\/\/amu.pan.pl\/en\/andrzej-dziembowski\/#primaryimage\"},\"image\":{\"@id\":\"https:\/\/amu.pan.pl\/en\/andrzej-dziembowski\/#primaryimage\"},\"thumbnailUrl\":\"https:\/\/amu.pan.pl\/wp-content\/uploads\/2016\/02\/Andrzej_Dziembowski.jpg\",\"datePublished\":\"2016-02-26T10:31:54+00:00\",\"dateModified\":\"2020-10-02T21:57:45+00:00\",\"breadcrumb\":{\"@id\":\"https:\/\/amu.pan.pl\/en\/andrzej-dziembowski\/#breadcrumb\"},\"inLanguage\":\"en-GB\",\"potentialAction\":[{\"@type\":\"ReadAction\",\"target\":[\"https:\/\/amu.pan.pl\/en\/andrzej-dziembowski\/\"]}]},{\"@type\":\"ImageObject\",\"inLanguage\":\"en-GB\",\"@id\":\"https:\/\/amu.pan.pl\/en\/andrzej-dziembowski\/#primaryimage\",\"url\":\"https:\/\/amu.pan.pl\/wp-content\/uploads\/2016\/02\/Andrzej_Dziembowski.jpg\",\"contentUrl\":\"https:\/\/amu.pan.pl\/wp-content\/uploads\/2016\/02\/Andrzej_Dziembowski.jpg\",\"width\":241,\"height\":293},{\"@type\":\"BreadcrumbList\",\"@id\":\"https:\/\/amu.pan.pl\/en\/andrzej-dziembowski\/#breadcrumb\",\"itemListElement\":[{\"@type\":\"ListItem\",\"position\":1,\"name\":\"Strona g\u0142\u00f3wna\",\"item\":\"https:\/\/amu.pan.pl\/\"},{\"@type\":\"ListItem\",\"position\":2,\"name\":\"Andrzej Dziembowski\"}]},{\"@type\":\"WebSite\",\"@id\":\"https:\/\/amu.pan.pl\/#website\",\"url\":\"https:\/\/amu.pan.pl\/\",\"name\":\"Akademia M\u0142odych Uczonych\",\"description\":\"Polska Akademia Nauk\",\"publisher\":{\"@id\":\"https:\/\/amu.pan.pl\/#organization\"},\"potentialAction\":[{\"@type\":\"SearchAction\",\"target\":{\"@type\":\"EntryPoint\",\"urlTemplate\":\"https:\/\/amu.pan.pl\/?s={search_term_string}\"},\"query-input\":{\"@type\":\"PropertyValueSpecification\",\"valueRequired\":true,\"valueName\":\"search_term_string\"}}],\"inLanguage\":\"en-GB\"},{\"@type\":\"Organization\",\"@id\":\"https:\/\/amu.pan.pl\/#organization\",\"name\":\"Akademia M\u0142odych Uczonych\",\"url\":\"https:\/\/amu.pan.pl\/\",\"logo\":{\"@type\":\"ImageObject\",\"inLanguage\":\"en-GB\",\"@id\":\"https:\/\/amu.pan.pl\/#\/schema\/logo\/image\/\",\"url\":\"https:\/\/amu.pan.pl\/wp-content\/uploads\/2020\/08\/zz_amu.png\",\"contentUrl\":\"https:\/\/amu.pan.pl\/wp-content\/uploads\/2020\/08\/zz_amu.png\",\"width\":2794,\"height\":1016,\"caption\":\"Akademia M\u0142odych Uczonych\"},\"image\":{\"@id\":\"https:\/\/amu.pan.pl\/#\/schema\/logo\/image\/\"},\"sameAs\":[\"https:\/\/www.facebook.com\/AkademiaMlodychUczonych\/\",\"https:\/\/x.com\/AMUPAN1\"]}]}<\/script>\n<!-- \/ Yoast SEO plugin. -->","yoast_head_json":{"title":"Andrzej Dziembowski - Akademia M\u0142odych Uczonych","robots":{"index":"index","follow":"follow","max-snippet":"max-snippet:-1","max-image-preview":"max-image-preview:large","max-video-preview":"max-video-preview:-1"},"canonical":"https:\/\/amu.pan.pl\/en\/andrzej-dziembowski\/","og_locale":"en_GB","og_type":"article","og_title":"Andrzej Dziembowski - Akademia M\u0142odych Uczonych","og_description":"Andrzej Dziembowski (ur. 23.12.1974) &#8211; biolog molekularny, biochemik, genetyk; prof. nadzwyczajny w Instytucie Biochemii i Biofizyki PAN oraz na Wydziale Biologii Uniwersytetu Warszawskiego, w latach 2002-2006 pracowa\u0142 w Instytucie Genetyki Molekularnej CNRS we Francji. Jest kierownikiem grupy badawczej w Instytucie Biochemii i Biofizyki PAN. Anga\u017cuje si\u0119 r&oacute;wnie\u017c w prowadzenie zaj\u0119\u0107 i opiek\u0119 nad studentami na&hellip;&nbsp;Read More &raquo;Andrzej Dziembowski","og_url":"https:\/\/amu.pan.pl\/en\/andrzej-dziembowski\/","og_site_name":"Akademia M\u0142odych Uczonych","article_publisher":"https:\/\/www.facebook.com\/AkademiaMlodychUczonych\/","article_modified_time":"2020-10-02T21:57:45+00:00","og_image":[{"width":241,"height":293,"url":"https:\/\/amu.pan.pl\/wp-content\/uploads\/2016\/02\/Andrzej_Dziembowski.jpg","type":"image\/jpeg"}],"twitter_card":"summary_large_image","twitter_site":"@AMUPAN1","twitter_misc":{"Estimated reading time":"1 minute"},"schema":{"@context":"https:\/\/schema.org","@graph":[{"@type":"WebPage","@id":"https:\/\/amu.pan.pl\/en\/andrzej-dziembowski\/","url":"https:\/\/amu.pan.pl\/en\/andrzej-dziembowski\/","name":"Andrzej Dziembowski - Akademia M\u0142odych Uczonych","isPartOf":{"@id":"https:\/\/amu.pan.pl\/#website"},"primaryImageOfPage":{"@id":"https:\/\/amu.pan.pl\/en\/andrzej-dziembowski\/#primaryimage"},"image":{"@id":"https:\/\/amu.pan.pl\/en\/andrzej-dziembowski\/#primaryimage"},"thumbnailUrl":"https:\/\/amu.pan.pl\/wp-content\/uploads\/2016\/02\/Andrzej_Dziembowski.jpg","datePublished":"2016-02-26T10:31:54+00:00","dateModified":"2020-10-02T21:57:45+00:00","breadcrumb":{"@id":"https:\/\/amu.pan.pl\/en\/andrzej-dziembowski\/#breadcrumb"},"inLanguage":"en-GB","potentialAction":[{"@type":"ReadAction","target":["https:\/\/amu.pan.pl\/en\/andrzej-dziembowski\/"]}]},{"@type":"ImageObject","inLanguage":"en-GB","@id":"https:\/\/amu.pan.pl\/en\/andrzej-dziembowski\/#primaryimage","url":"https:\/\/amu.pan.pl\/wp-content\/uploads\/2016\/02\/Andrzej_Dziembowski.jpg","contentUrl":"https:\/\/amu.pan.pl\/wp-content\/uploads\/2016\/02\/Andrzej_Dziembowski.jpg","width":241,"height":293},{"@type":"BreadcrumbList","@id":"https:\/\/amu.pan.pl\/en\/andrzej-dziembowski\/#breadcrumb","itemListElement":[{"@type":"ListItem","position":1,"name":"Strona g\u0142\u00f3wna","item":"https:\/\/amu.pan.pl\/"},{"@type":"ListItem","position":2,"name":"Andrzej Dziembowski"}]},{"@type":"WebSite","@id":"https:\/\/amu.pan.pl\/#website","url":"https:\/\/amu.pan.pl\/","name":"Akademia M\u0142odych Uczonych","description":"Polska Akademia Nauk","publisher":{"@id":"https:\/\/amu.pan.pl\/#organization"},"potentialAction":[{"@type":"SearchAction","target":{"@type":"EntryPoint","urlTemplate":"https:\/\/amu.pan.pl\/?s={search_term_string}"},"query-input":{"@type":"PropertyValueSpecification","valueRequired":true,"valueName":"search_term_string"}}],"inLanguage":"en-GB"},{"@type":"Organization","@id":"https:\/\/amu.pan.pl\/#organization","name":"Akademia M\u0142odych Uczonych","url":"https:\/\/amu.pan.pl\/","logo":{"@type":"ImageObject","inLanguage":"en-GB","@id":"https:\/\/amu.pan.pl\/#\/schema\/logo\/image\/","url":"https:\/\/amu.pan.pl\/wp-content\/uploads\/2020\/08\/zz_amu.png","contentUrl":"https:\/\/amu.pan.pl\/wp-content\/uploads\/2020\/08\/zz_amu.png","width":2794,"height":1016,"caption":"Akademia M\u0142odych Uczonych"},"image":{"@id":"https:\/\/amu.pan.pl\/#\/schema\/logo\/image\/"},"sameAs":["https:\/\/www.facebook.com\/AkademiaMlodychUczonych\/","https:\/\/x.com\/AMUPAN1"]}]}},"_links":{"self":[{"href":"https:\/\/amu.pan.pl\/en\/wp-json\/wp\/v2\/pages\/78","targetHints":{"allow":["GET"]}}],"collection":[{"href":"https:\/\/amu.pan.pl\/en\/wp-json\/wp\/v2\/pages"}],"about":[{"href":"https:\/\/amu.pan.pl\/en\/wp-json\/wp\/v2\/types\/page"}],"author":[{"embeddable":true,"href":"https:\/\/amu.pan.pl\/en\/wp-json\/wp\/v2\/users\/2"}],"replies":[{"embeddable":true,"href":"https:\/\/amu.pan.pl\/en\/wp-json\/wp\/v2\/comments?post=78"}],"version-history":[{"count":0,"href":"https:\/\/amu.pan.pl\/en\/wp-json\/wp\/v2\/pages\/78\/revisions"}],"wp:featuredmedia":[{"embeddable":true,"href":"https:\/\/amu.pan.pl\/en\/wp-json\/wp\/v2\/media\/77"}],"wp:attachment":[{"href":"https:\/\/amu.pan.pl\/en\/wp-json\/wp\/v2\/media?parent=78"}],"curies":[{"name":"wp","href":"https:\/\/api.w.org\/{rel}","templated":true}]}}