{"id":782,"date":"2020-10-05T00:59:56","date_gmt":"2020-10-04T22:59:56","guid":{"rendered":"https:\/\/amu.pan.pl\/test\/?page_id=782"},"modified":"2020-11-23T07:04:45","modified_gmt":"2020-11-23T06:04:45","slug":"aktualnosci","status":"publish","type":"page","link":"https:\/\/amu.pan.pl\/en\/aktualnosci\/","title":{"rendered":"News"},"content":{"rendered":"<div data-elementor-type=\"wp-page\" data-elementor-id=\"782\" class=\"elementor elementor-782\">\n\t\t\t\t\t\t<section class=\"elementor-section elementor-top-section elementor-element elementor-element-d2bbd99 elementor-section-boxed elementor-section-height-default elementor-section-height-default\" data-id=\"d2bbd99\" data-element_type=\"section\">\n\t\t\t\t\t\t<div class=\"elementor-container elementor-column-gap-default\">\n\t\t\t\t\t<div class=\"elementor-column elementor-col-100 elementor-top-column elementor-element elementor-element-375b538\" data-id=\"375b538\" data-element_type=\"column\">\n\t\t\t<div class=\"elementor-widget-wrap elementor-element-populated\">\n\t\t\t\t\t\t<div class=\"elementor-element elementor-element-f43492a elementor-grid-eael-col-2 elementor-grid-tablet-eael-col-2 elementor-grid-mobile-eael-col-1 elementor-widget elementor-widget-eael-post-grid\" data-id=\"f43492a\" data-element_type=\"widget\" data-settings=\"{&quot;eael_post_grid_columns&quot;:&quot;eael-col-2&quot;,&quot;eael_post_grid_columns_tablet&quot;:&quot;eael-col-2&quot;,&quot;eael_post_grid_columns_mobile&quot;:&quot;eael-col-1&quot;}\" data-widget_type=\"eael-post-grid.default\">\n\t\t\t\t<div class=\"elementor-widget-container\">\n\t\t\t\t\t<div id=\"eael-post-grid-f43492a\" class=\"eael-post-grid-container\">\n            <div class=\"eael-post-grid eael-post-appender eael-post-appender-f43492a eael-post-grid-style-one\" data-layout-mode=\"grid\"><article class=\"eael-grid-post eael-post-grid-column\" data-id=\"6099\">\n        <div class=\"eael-grid-post-holder\">\n            <div class=\"eael-grid-post-holder-inner\"><div class=\"eael-entry-wrapper\"><header class=\"eael-entry-header\"><h2 class=\"eael-entry-title\"><a\n                        class=\"eael-grid-post-link\"\n                        href=\"https:\/\/amu.pan.pl\/en\/konferencja-computational-oncology-and-personalized-medicine-2026-copm-2026\/\"\n                        title=\"Konferencja Computational Oncology and Personalized Medicine 2026 (COPM 2026)\">Konferencja Computational Oncology and Personalized Medicine 2026 (COPM 2026)<\/a><\/h2><\/header><div class=\"eael-entry-content\">\n                        <div class=\"eael-grid-post-excerpt\"><p>Akademia M\u0142odych Uczonych\u00a0 obj\u0119\u0142a swoim patronatem kolejn\u0105 edycj\u0119 konferencji &#8220;Computational...<\/p><a href=\"https:\/\/amu.pan.pl\/en\/konferencja-computational-oncology-and-personalized-medicine-2026-copm-2026\/\" class=\"eael-post-elements-readmore-btn\">More<\/a><\/div>\n                    <\/div><div class=\"eael-entry-footer\"><div class=\"eael-entry-meta\"><span class=\"eael-posted-on\"><time datetime=\"31 March 2026\">31 March 2026<\/time><\/span><\/div><\/div><\/div><\/div>\n        <\/div>\n    <\/article><article class=\"eael-grid-post eael-post-grid-column\" data-id=\"6031\">\n        <div class=\"eael-grid-post-holder\">\n            <div class=\"eael-grid-post-holder-inner\"><div class=\"eael-entry-wrapper\"><header class=\"eael-entry-header\"><h2 class=\"eael-entry-title\"><a\n                        class=\"eael-grid-post-link\"\n                        href=\"https:\/\/amu.pan.pl\/en\/rekomendacje-amu-dotyczace-zasad-i-trybu-przyznawania-stypendiow-ministra-nauki-i-szkolnictwa-wyzszego-dla-wybitnych-mlodych-naukowcow\/\"\n                        title=\"Rekomendacje AMU dotycz\u0105ce zasad i trybu przyznawania stypendi\u00f3w Ministra Nauki i Szkolnictwa Wy\u017cszego dla wybitnych m\u0142odych naukowc\u00f3w\">Rekomendacje AMU dotycz\u0105ce zasad i trybu przyznawania stypendi\u00f3w Ministra Nauki i Szkolnictwa Wy\u017cszego dla wybitnych m\u0142odych naukowc\u00f3w<\/a><\/h2><\/header><div class=\"eael-entry-content\">\n                        <div class=\"eael-grid-post-excerpt\"><p>Akademia M\u0142odych Uczonych przygotowa\u0142a opini\u0119 na temat stypendi\u00f3w MNiSW dla...<\/p><a href=\"https:\/\/amu.pan.pl\/en\/rekomendacje-amu-dotyczace-zasad-i-trybu-przyznawania-stypendiow-ministra-nauki-i-szkolnictwa-wyzszego-dla-wybitnych-mlodych-naukowcow\/\" class=\"eael-post-elements-readmore-btn\">More<\/a><\/div>\n                    <\/div><div class=\"eael-entry-footer\"><div class=\"eael-entry-meta\"><span class=\"eael-posted-on\"><time datetime=\"27 February 2026\">27 February 2026<\/time><\/span><\/div><\/div><\/div><\/div>\n        <\/div>\n    <\/article><article class=\"eael-grid-post eael-post-grid-column\" data-id=\"6050\">\n        <div class=\"eael-grid-post-holder\">\n            <div class=\"eael-grid-post-holder-inner\"><div class=\"eael-entry-wrapper\"><header class=\"eael-entry-header\"><h2 class=\"eael-entry-title\"><a\n                        class=\"eael-grid-post-link\"\n                        href=\"https:\/\/amu.pan.pl\/en\/wybory-czlonkow-akademii-mlodych-uczonych-w-2026-roku\/\"\n                        title=\"Wybory cz\u0142onk\u00f3w Akademii M\u0142odych Uczonych w 2026 roku\">Wybory cz\u0142onk\u00f3w Akademii M\u0142odych Uczonych w 2026 roku<\/a><\/h2><\/header><div class=\"eael-entry-content\">\n                        <div class=\"eael-grid-post-excerpt\"><p>Polska Akademia Nauk og\u0142osi\u0142a nowy nab\u00f3r do Akademii M\u0142odych Uczonych....<\/p><a href=\"https:\/\/amu.pan.pl\/en\/wybory-czlonkow-akademii-mlodych-uczonych-w-2026-roku\/\" class=\"eael-post-elements-readmore-btn\">More<\/a><\/div>\n                    <\/div><div class=\"eael-entry-footer\"><div class=\"eael-entry-meta\"><span class=\"eael-posted-on\"><time datetime=\"23 February 2026\">23 February 2026<\/time><\/span><\/div><\/div><\/div><\/div>\n        <\/div>\n    <\/article><article class=\"eael-grid-post eael-post-grid-column\" data-id=\"6005\">\n        <div class=\"eael-grid-post-holder\">\n            <div class=\"eael-grid-post-holder-inner\"><div class=\"eael-entry-wrapper\"><header class=\"eael-entry-header\"><h2 class=\"eael-entry-title\"><a\n                        class=\"eael-grid-post-link\"\n                        href=\"https:\/\/amu.pan.pl\/en\/11-lutego-miedzynarodowy-dzien-kobiet-i-dziewczat-w-nauce\/\"\n                        title=\"11 lutego: Mi\u0119dzynarodowy Dzie\u0144 Kobiet i Dziewcz\u0105t w Nauce\">11 lutego: Mi\u0119dzynarodowy Dzie\u0144 Kobiet i Dziewcz\u0105t w Nauce<\/a><\/h2><\/header><div class=\"eael-entry-content\">\n                        <div class=\"eael-grid-post-excerpt\"><p>11 lutego obchodzimy Mi\u0119dzynarodowy Dzie\u0144 Kobiet i Dziewcz\u0105t w Nauce...<\/p><a href=\"https:\/\/amu.pan.pl\/en\/11-lutego-miedzynarodowy-dzien-kobiet-i-dziewczat-w-nauce\/\" class=\"eael-post-elements-readmore-btn\">More<\/a><\/div>\n                    <\/div><div class=\"eael-entry-footer\"><div class=\"eael-entry-meta\"><span class=\"eael-posted-on\"><time datetime=\"11 February 2026\">11 February 2026<\/time><\/span><\/div><\/div><\/div><\/div>\n        <\/div>\n    <\/article><article class=\"eael-grid-post eael-post-grid-column\" data-id=\"5991\">\n        <div class=\"eael-grid-post-holder\">\n            <div class=\"eael-grid-post-holder-inner\"><div class=\"eael-entry-wrapper\"><header class=\"eael-entry-header\"><h2 class=\"eael-entry-title\"><a\n                        class=\"eael-grid-post-link\"\n                        href=\"https:\/\/amu.pan.pl\/en\/sesja-zebrania-ogolnego-amu-23-24-lutego-2026\/\"\n                        title=\"Sesja Zebrania Og\u00f3lnego AMU (23-24 lutego 2026)\">Sesja Zebrania Og\u00f3lnego AMU (23-24 lutego 2026)<\/a><\/h2><\/header><div class=\"eael-entry-content\">\n                        <div class=\"eael-grid-post-excerpt\"><p>Kolejna sesja Zebrania Og\u00f3lnego AMU odb\u0119dzie si\u0119 w dniach 23-24...<\/p><a href=\"https:\/\/amu.pan.pl\/en\/sesja-zebrania-ogolnego-amu-23-24-lutego-2026\/\" class=\"eael-post-elements-readmore-btn\">More<\/a><\/div>\n                    <\/div><div class=\"eael-entry-footer\"><div class=\"eael-entry-meta\"><span class=\"eael-posted-on\"><time datetime=\"29 January 2026\">29 January 2026<\/time><\/span><\/div><\/div><\/div><\/div>\n        <\/div>\n    <\/article><article class=\"eael-grid-post eael-post-grid-column\" data-id=\"5955\">\n        <div class=\"eael-grid-post-holder\">\n            <div class=\"eael-grid-post-holder-inner\"><div class=\"eael-entry-wrapper\"><header class=\"eael-entry-header\"><h2 class=\"eael-entry-title\"><a\n                        class=\"eael-grid-post-link\"\n                        href=\"https:\/\/amu.pan.pl\/en\/call-for-action-academic-freedom\/\"\n                        title=\"Call for Action &#8211; Academic Freedom\">Call for Action &#8211; Academic Freedom<\/a><\/h2><\/header><div class=\"eael-entry-content\">\n                        <div class=\"eael-grid-post-excerpt\"><p>Call for Action &#8211; Academic Freedom ENG PL We present...<\/p><a href=\"https:\/\/amu.pan.pl\/en\/call-for-action-academic-freedom\/\" class=\"eael-post-elements-readmore-btn\">More<\/a><\/div>\n                    <\/div><div class=\"eael-entry-footer\"><div class=\"eael-entry-meta\"><span class=\"eael-posted-on\"><time datetime=\"12 December 2025\">12 December 2025<\/time><\/span><\/div><\/div><\/div><\/div>\n        <\/div>\n    <\/article><\/div>\n            <div class=\"clearfix\"><\/div>\n        <\/div>            <div class=\"eael-load-more-button-wrap\">\n                <button class=\"eael-load-more-button\" id=\"eael-load-more-btn-f43492a\" data-widget-id=\"f43492a\" data-widget=\"f43492a\" data-page-id=\"782\" data-template=\"{&quot;dir&quot;:&quot;lite&quot;,&quot;file_name&quot;:&quot;default.php&quot;,&quot;name&quot;:&quot;Post-Grid&quot;}\" data-class=\"Essential_Addons_Elementor\\Elements\\Post_Grid\" data-layout=\"grid\" data-page=\"1\" data-args=\"orderby=date&amp;order=desc&amp;ignore_sticky_posts=1&amp;post_status=publish&amp;posts_per_page=6&amp;offset=0&amp;post_type=post\" data-max-page=\"36\">\n                    <span class=\"eael-btn-loader button__loader\"><\/span>\n                    <span class=\"eael_load_more_text\">Wi\u0119cej aktualno\u015bci<\/span>\n                <\/button>\n            <\/div>\n            \t\t\t\t<\/div>\n\t\t\t\t<\/div>\n\t\t\t\t\t<\/div>\n\t\t<\/div>\n\t\t\t\t\t<\/div>\n\t\t<\/section>\n\t\t\t\t<\/div>","protected":false},"excerpt":{"rendered":"<p>Early-Career Researchers oppose cuts to the Research and Innovation programs of the proposed European Union budget 2021-2027 European and associated National Young Academies, the Young Academy of&#8230; Wi\u0119cej 14 wrze\u015bnia 2020 Apel Akademii M\u0142odych Uczonych w sprawie ograniczenia bud\u017cetu Unii Europejskiej na badania naukowe Akademia M\u0142odych Uczonych apeluje do Prezesa Rady Ministr\u00f3w oraz pos\u0142\u00f3w&#8230; Wi\u0119cej&hellip;&nbsp;<a href=\"https:\/\/amu.pan.pl\/en\/call-for-action-academic-freedom\/\" rel=\"bookmark\">Read More &raquo;<span class=\"screen-reader-text\">Call for Action &#8211; Academic Freedom<\/span><\/a><\/p>","protected":false},"author":2,"featured_media":0,"parent":0,"menu_order":0,"comment_status":"closed","ping_status":"closed","template":"page-templates\/template-pagebuilder-full-width.php","meta":{"_monsterinsights_skip_tracking":false,"_monsterinsights_sitenote_active":false,"_monsterinsights_sitenote_note":"","_monsterinsights_sitenote_category":0,"neve_meta_sidebar":"","neve_meta_container":"","neve_meta_enable_content_width":"","neve_meta_content_width":0,"neve_meta_title_alignment":"","neve_meta_author_avatar":"","neve_post_elements_order":"","neve_meta_disable_header":"","neve_meta_disable_footer":"","neve_meta_disable_title":"","footnotes":""},"class_list":["post-782","page","type-page","status-publish","hentry"],"yoast_head":"<!-- This site is optimized with the Yoast SEO plugin v25.0 - https:\/\/yoast.com\/wordpress\/plugins\/seo\/ -->\n<title>Aktualno\u015bci - Akademia M\u0142odych Uczonych<\/title>\n<meta name=\"robots\" content=\"index, follow, max-snippet:-1, max-image-preview:large, max-video-preview:-1\" \/>\n<link rel=\"canonical\" href=\"https:\/\/amu.pan.pl\/en\/aktualnosci\/\" \/>\n<meta property=\"og:locale\" content=\"en_GB\" \/>\n<meta property=\"og:type\" content=\"article\" \/>\n<meta property=\"og:title\" content=\"Aktualno\u015bci - Akademia M\u0142odych Uczonych\" \/>\n<meta property=\"og:description\" content=\"Early-Career Researchers oppose cuts to the Research and Innovation programs of the proposed European Union budget 2021-2027 European and associated National Young Academies, the Young Academy of&#8230; Wi\u0119cej 14 wrze\u015bnia 2020 Apel Akademii M\u0142odych Uczonych w sprawie ograniczenia bud\u017cetu Unii Europejskiej na badania naukowe Akademia M\u0142odych Uczonych apeluje do Prezesa Rady Ministr\u00f3w oraz pos\u0142\u00f3w&#8230; Wi\u0119cej&hellip;&nbsp;Read More &raquo;Call for Action &#8211; Academic Freedom\" \/>\n<meta property=\"og:url\" content=\"https:\/\/amu.pan.pl\/en\/aktualnosci\/\" \/>\n<meta property=\"og:site_name\" content=\"Akademia M\u0142odych Uczonych\" \/>\n<meta property=\"article:publisher\" content=\"https:\/\/www.facebook.com\/AkademiaMlodychUczonych\/\" \/>\n<meta property=\"article:modified_time\" content=\"2020-11-23T06:04:45+00:00\" \/>\n<meta property=\"og:image\" content=\"https:\/\/amu.pan.pl\/wp-content\/uploads\/2020\/09\/AMU_logo.png\" \/>\n\t<meta property=\"og:image:width\" content=\"600\" \/>\n\t<meta property=\"og:image:height\" content=\"342\" \/>\n\t<meta property=\"og:image:type\" content=\"image\/png\" \/>\n<meta name=\"twitter:card\" content=\"summary_large_image\" \/>\n<meta name=\"twitter:site\" content=\"@AMUPAN1\" \/>\n<meta name=\"twitter:label1\" content=\"Estimated reading time\" \/>\n\t<meta name=\"twitter:data1\" content=\"1 minute\" \/>\n<script type=\"application\/ld+json\" class=\"yoast-schema-graph\">{\"@context\":\"https:\/\/schema.org\",\"@graph\":[{\"@type\":\"WebPage\",\"@id\":\"https:\/\/amu.pan.pl\/aktualnosci\/\",\"url\":\"https:\/\/amu.pan.pl\/aktualnosci\/\",\"name\":\"Aktualno\u015bci - Akademia M\u0142odych Uczonych\",\"isPartOf\":{\"@id\":\"https:\/\/amu.pan.pl\/#website\"},\"datePublished\":\"2020-10-04T22:59:56+00:00\",\"dateModified\":\"2020-11-23T06:04:45+00:00\",\"breadcrumb\":{\"@id\":\"https:\/\/amu.pan.pl\/aktualnosci\/#breadcrumb\"},\"inLanguage\":\"en-GB\",\"potentialAction\":[{\"@type\":\"ReadAction\",\"target\":[\"https:\/\/amu.pan.pl\/aktualnosci\/\"]}]},{\"@type\":\"BreadcrumbList\",\"@id\":\"https:\/\/amu.pan.pl\/aktualnosci\/#breadcrumb\",\"itemListElement\":[{\"@type\":\"ListItem\",\"position\":1,\"name\":\"Strona g\u0142\u00f3wna\",\"item\":\"https:\/\/amu.pan.pl\/\"},{\"@type\":\"ListItem\",\"position\":2,\"name\":\"Aktualno\u015bci\"}]},{\"@type\":\"WebSite\",\"@id\":\"https:\/\/amu.pan.pl\/#website\",\"url\":\"https:\/\/amu.pan.pl\/\",\"name\":\"Akademia M\u0142odych Uczonych\",\"description\":\"Polska Akademia Nauk\",\"publisher\":{\"@id\":\"https:\/\/amu.pan.pl\/#organization\"},\"potentialAction\":[{\"@type\":\"SearchAction\",\"target\":{\"@type\":\"EntryPoint\",\"urlTemplate\":\"https:\/\/amu.pan.pl\/?s={search_term_string}\"},\"query-input\":{\"@type\":\"PropertyValueSpecification\",\"valueRequired\":true,\"valueName\":\"search_term_string\"}}],\"inLanguage\":\"en-GB\"},{\"@type\":\"Organization\",\"@id\":\"https:\/\/amu.pan.pl\/#organization\",\"name\":\"Akademia M\u0142odych Uczonych\",\"url\":\"https:\/\/amu.pan.pl\/\",\"logo\":{\"@type\":\"ImageObject\",\"inLanguage\":\"en-GB\",\"@id\":\"https:\/\/amu.pan.pl\/#\/schema\/logo\/image\/\",\"url\":\"https:\/\/amu.pan.pl\/wp-content\/uploads\/2020\/08\/zz_amu.png\",\"contentUrl\":\"https:\/\/amu.pan.pl\/wp-content\/uploads\/2020\/08\/zz_amu.png\",\"width\":2794,\"height\":1016,\"caption\":\"Akademia M\u0142odych Uczonych\"},\"image\":{\"@id\":\"https:\/\/amu.pan.pl\/#\/schema\/logo\/image\/\"},\"sameAs\":[\"https:\/\/www.facebook.com\/AkademiaMlodychUczonych\/\",\"https:\/\/x.com\/AMUPAN1\"]}]}<\/script>\n<!-- \/ Yoast SEO plugin. -->","yoast_head_json":{"title":"Aktualno\u015bci - Akademia M\u0142odych Uczonych","robots":{"index":"index","follow":"follow","max-snippet":"max-snippet:-1","max-image-preview":"max-image-preview:large","max-video-preview":"max-video-preview:-1"},"canonical":"https:\/\/amu.pan.pl\/en\/aktualnosci\/","og_locale":"en_GB","og_type":"article","og_title":"Aktualno\u015bci - Akademia M\u0142odych Uczonych","og_description":"Early-Career Researchers oppose cuts to the Research and Innovation programs of the proposed European Union budget 2021-2027 European and associated National Young Academies, the Young Academy of&#8230; Wi\u0119cej 14 wrze\u015bnia 2020 Apel Akademii M\u0142odych Uczonych w sprawie ograniczenia bud\u017cetu Unii Europejskiej na badania naukowe Akademia M\u0142odych Uczonych apeluje do Prezesa Rady Ministr\u00f3w oraz pos\u0142\u00f3w&#8230; Wi\u0119cej&hellip;&nbsp;Read More &raquo;Call for Action &#8211; Academic Freedom","og_url":"https:\/\/amu.pan.pl\/en\/aktualnosci\/","og_site_name":"Akademia M\u0142odych Uczonych","article_publisher":"https:\/\/www.facebook.com\/AkademiaMlodychUczonych\/","article_modified_time":"2020-11-23T06:04:45+00:00","og_image":[{"width":600,"height":342,"url":"https:\/\/amu.pan.pl\/wp-content\/uploads\/2020\/09\/AMU_logo.png","type":"image\/png"}],"twitter_card":"summary_large_image","twitter_site":"@AMUPAN1","twitter_misc":{"Estimated reading time":"1 minute"},"schema":{"@context":"https:\/\/schema.org","@graph":[{"@type":"WebPage","@id":"https:\/\/amu.pan.pl\/aktualnosci\/","url":"https:\/\/amu.pan.pl\/aktualnosci\/","name":"Aktualno\u015bci - Akademia M\u0142odych Uczonych","isPartOf":{"@id":"https:\/\/amu.pan.pl\/#website"},"datePublished":"2020-10-04T22:59:56+00:00","dateModified":"2020-11-23T06:04:45+00:00","breadcrumb":{"@id":"https:\/\/amu.pan.pl\/aktualnosci\/#breadcrumb"},"inLanguage":"en-GB","potentialAction":[{"@type":"ReadAction","target":["https:\/\/amu.pan.pl\/aktualnosci\/"]}]},{"@type":"BreadcrumbList","@id":"https:\/\/amu.pan.pl\/aktualnosci\/#breadcrumb","itemListElement":[{"@type":"ListItem","position":1,"name":"Strona g\u0142\u00f3wna","item":"https:\/\/amu.pan.pl\/"},{"@type":"ListItem","position":2,"name":"Aktualno\u015bci"}]},{"@type":"WebSite","@id":"https:\/\/amu.pan.pl\/#website","url":"https:\/\/amu.pan.pl\/","name":"Akademia M\u0142odych Uczonych","description":"Polska Akademia Nauk","publisher":{"@id":"https:\/\/amu.pan.pl\/#organization"},"potentialAction":[{"@type":"SearchAction","target":{"@type":"EntryPoint","urlTemplate":"https:\/\/amu.pan.pl\/?s={search_term_string}"},"query-input":{"@type":"PropertyValueSpecification","valueRequired":true,"valueName":"search_term_string"}}],"inLanguage":"en-GB"},{"@type":"Organization","@id":"https:\/\/amu.pan.pl\/#organization","name":"Akademia M\u0142odych Uczonych","url":"https:\/\/amu.pan.pl\/","logo":{"@type":"ImageObject","inLanguage":"en-GB","@id":"https:\/\/amu.pan.pl\/#\/schema\/logo\/image\/","url":"https:\/\/amu.pan.pl\/wp-content\/uploads\/2020\/08\/zz_amu.png","contentUrl":"https:\/\/amu.pan.pl\/wp-content\/uploads\/2020\/08\/zz_amu.png","width":2794,"height":1016,"caption":"Akademia M\u0142odych Uczonych"},"image":{"@id":"https:\/\/amu.pan.pl\/#\/schema\/logo\/image\/"},"sameAs":["https:\/\/www.facebook.com\/AkademiaMlodychUczonych\/","https:\/\/x.com\/AMUPAN1"]}]}},"_links":{"self":[{"href":"https:\/\/amu.pan.pl\/en\/wp-json\/wp\/v2\/pages\/782","targetHints":{"allow":["GET"]}}],"collection":[{"href":"https:\/\/amu.pan.pl\/en\/wp-json\/wp\/v2\/pages"}],"about":[{"href":"https:\/\/amu.pan.pl\/en\/wp-json\/wp\/v2\/types\/page"}],"author":[{"embeddable":true,"href":"https:\/\/amu.pan.pl\/en\/wp-json\/wp\/v2\/users\/2"}],"replies":[{"embeddable":true,"href":"https:\/\/amu.pan.pl\/en\/wp-json\/wp\/v2\/comments?post=782"}],"version-history":[{"count":2,"href":"https:\/\/amu.pan.pl\/en\/wp-json\/wp\/v2\/pages\/782\/revisions"}],"predecessor-version":[{"id":4947,"href":"https:\/\/amu.pan.pl\/en\/wp-json\/wp\/v2\/pages\/782\/revisions\/4947"}],"wp:attachment":[{"href":"https:\/\/amu.pan.pl\/en\/wp-json\/wp\/v2\/media?parent=782"}],"curies":[{"name":"wp","href":"https:\/\/api.w.org\/{rel}","templated":true}]}}