{"id":80,"date":"2016-02-26T11:32:46","date_gmt":"2016-02-26T10:32:46","guid":{"rendered":"https:\/\/amu.pan.pl\/test\/2016\/02\/26\/adrian-glen\/"},"modified":"2020-10-02T23:57:45","modified_gmt":"2020-10-02T21:57:45","slug":"adrian-glen","status":"publish","type":"page","link":"https:\/\/amu.pan.pl\/en\/adrian-glen\/","title":{"rendered":"Adrian Gle\u0144"},"content":{"rendered":"<p style=\"text-align: center;\"><img fetchpriority=\"high\" decoding=\"async\" class=\"size-full wp-image-79\" src=\"https:\/\/amu.pan.pl\/wp-content\/uploads\/2016\/02\/Adrian_Glen.PNG\" alt=\"\" width=\"300\" height=\"226\" \/><\/p>\n<p>Dr hab. Adrian Gle\u0144 (ur. 12.12.1977), krytyk literacki, teoretyk literatury, adiunkt w Zak\u0142adzie Literatury Polskiej XX i XXI wieku przy Instytucie Filologii Polskiej Uniwersytetu Opolskiego (w latach 2005-2008 pe\u0142ni\u0142 funkcj\u0119 zast\u0119pcy Dyrektora Instytutu Filologii Polskiej); w latach 2003-2006 tak\u017ce adiunkt w Zak\u0142adzie Teorii Literatury przy Instytucie Filologii Polskiej Akademii Podlaskiej.<br \/>W latach 1998&ndash;2001 redaktor naczelny pisma &bdquo;Przez czer\u0144&rdquo;; w latach 2009-2012 redaktor dzia\u0142u literackiego w pi\u015bmie &bdquo;Strony&rdquo;.<br \/>Artyku\u0142y naukowe publikowa\u0142 w najwa\u017cniejszych polskich pismach naukowych z zakresu historii i teorii literatury, m.in. w &bdquo;Ruchu Literackim&rdquo;, &bdquo;Ruchu Filozoficznym&rdquo;, &bdquo;Er(r)go&rdquo;, &bdquo;Przestrzeniach Teorii&rdquo;, &bdquo;Sztuce i Filozofii&rdquo;, &bdquo;Estetyce i Krytyce&rdquo;, &bdquo;Przegl\u0105dzie Filozoficzno-Literackim&rdquo;, &bdquo;Tekstach Drugich&rdquo;, Pami\u0119tniku Literackim&rdquo;.<br \/>Jest autorem oko\u0142o 150 artyku\u0142&oacute;w, redaktorem prac zbiorowych i autorem 5. monografii: &bdquo;W tej latarni&hellip;&rdquo;. P&oacute;\u017ana tw&oacute;rczo\u015b\u0107 Mirona Bia\u0142oszewskiego w perspektywie hermeneutycznej (Opole 2004; monografia podoktorska: Nagroda Ministra Edukacji Narodowej; Nagroda w konkursie im. K. i M. G&oacute;rskich, TTN); Przez tekst do istnienia. W\u0119dr&oacute;wka po Krymie i Mickiewiczu, (Warszawa &ndash; Siedlce 2005); Bycie &ndash; s\u0142owo &ndash; cz\u0142owiek. Inspiracje Heideggerowskie w literaturoznawstwie (Opole 2007); Literatura i istnienie. Notatnik hermeneuty (Sopot 2010). Do-prawdy? Studia i szkice o literaturze najnowszej (Opole 2012, w druku).<br \/>Cz\u0142onek wielu towarzystw i stowarzysze\u0144 naukowych. Za\u0142o\u017cyciel i prezes (od r. 2008) nowego oddzia\u0142u Towarzystwa Literackiego im. Adama Mickiewicza w Opolu. Sta\u0142y wsp&oacute;\u0142pracownik &bdquo;Toposu&rdquo;, &bdquo;Przegl\u0105du Filozoficzno-Literackiego&rdquo;, &bdquo;Kres&oacute;w&rdquo;, &bdquo;\u015al\u0105ska&rdquo;, &bdquo;\u015awiata i S\u0142owa&rdquo;. Stypendysta Fundacji na rzecz Nauki Polskiej (dla m\u0142odych naukowc&oacute;w) &ndash; w roku 2005.<br \/>Uprawia r&oacute;wnie\u017c poezj\u0119 i krytyk\u0119 literack\u0105 (stale obecny na \u0142amach &bdquo;Toposu&rdquo;, &bdquo;Odry&rdquo;, &bdquo;Frazy&rdquo;, czy &bdquo;\u015al\u0105ska&rdquo;). Nami\u0119tny audiofil (s\u0142ucha pogranicza rocka i muzyki klasycznej), podr&oacute;\u017cnik (za spraw\u0105 prozy Stasiuka i Wilka). Mieszka pod Opolem z \u017con\u0105 i dw&oacute;jk\u0105 syn&oacute;w.<\/p>\n<p style=\"text-align: center;\">* * *<\/p>\n<p>W latach 2014&ndash;2015 cz\u0142onek AMU PAN dr hab. Adrian Gle\u0144 zapocz\u0105tkowa\u0142 &ndash; w ramach statutowego dzia\u0142ania Akademii polegaj\u0105cego na inicjowaniu dyskusji dotycz\u0105cych przysz\u0142o\u015bci dyscyplin reprezentowanych przez poszczeg&oacute;lnych cz\u0142onk&oacute;w AMU PAN &ndash; seri\u0119 seminaryjnych spotka\u0144 pt. &bdquo;Literaturoznawstwo (w) przysz\u0142o\u015bci&rdquo;, w kt&oacute;rej bra\u0142o udzia\u0142 blisko 20. m\u0142odych badaczy z wielu o\u015brodk&oacute;w akademickich. <br \/>Na prze\u0142omie maja i czerwca 2017 roku uka\u017ce si\u0119 monograficzny numer presti\u017cowego pisma &bdquo;Er(r)go&rdquo; (nr 2017\/1), wsp&oacute;\u0142redagowany przez Adriana Glenia (numer &oacute;w przeszed\u0142 ju\u017c proces recenzencki, dobiegaj\u0105 ko\u0144ca prace redakcyjno-korektorskie nad jego ostatecznym kszta\u0142tem), b\u0119d\u0105cy swoistym podsumowaniem owej serii dyskusji, a zawieraj\u0105cy najcelniejsze teksty uczestnik&oacute;w seminari&oacute;w. <br \/>Podstawowym celem publikacji jest zarysowanie obszaru trudno\u015bci, z jakimi m\u0142odzi badacze stykaj\u0105 si\u0119 w swoich badaniach, aby w ten spos&oacute;b przedstawi\u0107 rejestr i map\u0119 poruszania si\u0119 po terytorium dzisiejszej wiedzy o literaturze, a tak\u017ce wytyczy\u0107 i otworzy\u0107 trajektorie nowych dialog&oacute;w, kt&oacute;re mog\u0142yby toczy\u0107 si\u0119 pomi\u0119dzy nimi. <br \/>Zamierzeniem redaktora tomu jest r&oacute;wnie\u017c zorganizowanie serii spotka\u0144 (dyskusji panelowych) wok&oacute;\u0142 problem&oacute;w poruszonych w monografii, kt&oacute;re odbywa\u0142yby si\u0119 (po wydaniu publikacji) w macierzystych jednostkach, reprezentowanych przez uczestnik&oacute;w tego wydawnictwa.<br \/>Monografia ma pobudza\u0107 rozw&oacute;j m\u0142odych adept&oacute;w literaturoznawstwa, wskazywa\u0107 kierunki ewolucji dyscypliny. Przede wszystkim jest jednak \u015bwiadectwem auto- i meta \u015bwiadomo\u015bci m\u0142odych badaczy literatury, kt&oacute;rzy obserwuj\u0105c gwa\u0142towne przemiany w \u0142onie samego literaturoznawstwa, zadaj\u0105 sobie pytania o rol\u0119 i miejsce wiedzy o literaturze w obr\u0119bie redefiniuj\u0105cych si\u0119 orientacji dzisiejszej humanistyki oraz dynamicznie zmieniaj\u0105cej si\u0119 rzeczywisto\u015bci.<\/p>","protected":false},"excerpt":{"rendered":"<p>Dr hab. Adrian Gle\u0144 (ur. 12.12.1977), krytyk literacki, teoretyk literatury, adiunkt w Zak\u0142adzie Literatury Polskiej XX i XXI wieku przy Instytucie Filologii Polskiej Uniwersytetu Opolskiego (w latach 2005-2008 pe\u0142ni\u0142 funkcj\u0119 zast\u0119pcy Dyrektora Instytutu Filologii Polskiej); w latach 2003-2006 tak\u017ce adiunkt w Zak\u0142adzie Teorii Literatury przy Instytucie Filologii Polskiej Akademii Podlaskiej.W latach 1998&ndash;2001 redaktor naczelny pisma&hellip;&nbsp;<a href=\"https:\/\/amu.pan.pl\/en\/adrian-glen\/\" rel=\"bookmark\">Read More &raquo;<span class=\"screen-reader-text\">Adrian Gle\u0144<\/span><\/a><\/p>","protected":false},"author":2,"featured_media":79,"parent":0,"menu_order":60,"comment_status":"open","ping_status":"open","template":"","meta":{"_monsterinsights_skip_tracking":false,"_monsterinsights_sitenote_active":false,"_monsterinsights_sitenote_note":"","_monsterinsights_sitenote_category":0,"neve_meta_sidebar":"","neve_meta_container":"","neve_meta_enable_content_width":"","neve_meta_content_width":0,"neve_meta_title_alignment":"","neve_meta_author_avatar":"","neve_post_elements_order":"","neve_meta_disable_header":"","neve_meta_disable_footer":"","neve_meta_disable_title":"","footnotes":""},"class_list":["post-80","page","type-page","status-publish","has-post-thumbnail","hentry"],"yoast_head":"<!-- This site is optimized with the Yoast SEO plugin v25.0 - https:\/\/yoast.com\/wordpress\/plugins\/seo\/ -->\n<title>Adrian Gle\u0144 - Akademia M\u0142odych Uczonych<\/title>\n<meta name=\"robots\" content=\"index, follow, max-snippet:-1, max-image-preview:large, max-video-preview:-1\" \/>\n<link rel=\"canonical\" href=\"https:\/\/amu.pan.pl\/en\/adrian-glen\/\" \/>\n<meta property=\"og:locale\" content=\"en_GB\" \/>\n<meta property=\"og:type\" content=\"article\" \/>\n<meta property=\"og:title\" content=\"Adrian Gle\u0144 - Akademia M\u0142odych Uczonych\" \/>\n<meta property=\"og:description\" content=\"Dr hab. Adrian Gle\u0144 (ur. 12.12.1977), krytyk literacki, teoretyk literatury, adiunkt w Zak\u0142adzie Literatury Polskiej XX i XXI wieku przy Instytucie Filologii Polskiej Uniwersytetu Opolskiego (w latach 2005-2008 pe\u0142ni\u0142 funkcj\u0119 zast\u0119pcy Dyrektora Instytutu Filologii Polskiej); w latach 2003-2006 tak\u017ce adiunkt w Zak\u0142adzie Teorii Literatury przy Instytucie Filologii Polskiej Akademii Podlaskiej.W latach 1998&ndash;2001 redaktor naczelny pisma&hellip;&nbsp;Read More &raquo;Adrian Gle\u0144\" \/>\n<meta property=\"og:url\" content=\"https:\/\/amu.pan.pl\/en\/adrian-glen\/\" \/>\n<meta property=\"og:site_name\" content=\"Akademia M\u0142odych Uczonych\" \/>\n<meta property=\"article:publisher\" content=\"https:\/\/www.facebook.com\/AkademiaMlodychUczonych\/\" \/>\n<meta property=\"article:modified_time\" content=\"2020-10-02T21:57:45+00:00\" \/>\n<meta property=\"og:image\" content=\"https:\/\/amu.pan.pl\/wp-content\/uploads\/2016\/02\/Adrian_Glen.PNG\" \/>\n\t<meta property=\"og:image:width\" content=\"300\" \/>\n\t<meta property=\"og:image:height\" content=\"226\" \/>\n\t<meta property=\"og:image:type\" content=\"image\/png\" \/>\n<meta name=\"twitter:card\" content=\"summary_large_image\" \/>\n<meta name=\"twitter:site\" content=\"@AMUPAN1\" \/>\n<meta name=\"twitter:label1\" content=\"Estimated reading time\" \/>\n\t<meta name=\"twitter:data1\" content=\"3 minutes\" \/>\n<script type=\"application\/ld+json\" class=\"yoast-schema-graph\">{\"@context\":\"https:\/\/schema.org\",\"@graph\":[{\"@type\":\"WebPage\",\"@id\":\"https:\/\/amu.pan.pl\/en\/adrian-glen\/\",\"url\":\"https:\/\/amu.pan.pl\/en\/adrian-glen\/\",\"name\":\"Adrian Gle\u0144 - Akademia M\u0142odych Uczonych\",\"isPartOf\":{\"@id\":\"https:\/\/amu.pan.pl\/#website\"},\"primaryImageOfPage\":{\"@id\":\"https:\/\/amu.pan.pl\/en\/adrian-glen\/#primaryimage\"},\"image\":{\"@id\":\"https:\/\/amu.pan.pl\/en\/adrian-glen\/#primaryimage\"},\"thumbnailUrl\":\"https:\/\/amu.pan.pl\/wp-content\/uploads\/2016\/02\/Adrian_Glen.PNG\",\"datePublished\":\"2016-02-26T10:32:46+00:00\",\"dateModified\":\"2020-10-02T21:57:45+00:00\",\"breadcrumb\":{\"@id\":\"https:\/\/amu.pan.pl\/en\/adrian-glen\/#breadcrumb\"},\"inLanguage\":\"en-GB\",\"potentialAction\":[{\"@type\":\"ReadAction\",\"target\":[\"https:\/\/amu.pan.pl\/en\/adrian-glen\/\"]}]},{\"@type\":\"ImageObject\",\"inLanguage\":\"en-GB\",\"@id\":\"https:\/\/amu.pan.pl\/en\/adrian-glen\/#primaryimage\",\"url\":\"https:\/\/amu.pan.pl\/wp-content\/uploads\/2016\/02\/Adrian_Glen.PNG\",\"contentUrl\":\"https:\/\/amu.pan.pl\/wp-content\/uploads\/2016\/02\/Adrian_Glen.PNG\",\"width\":300,\"height\":226},{\"@type\":\"BreadcrumbList\",\"@id\":\"https:\/\/amu.pan.pl\/en\/adrian-glen\/#breadcrumb\",\"itemListElement\":[{\"@type\":\"ListItem\",\"position\":1,\"name\":\"Strona g\u0142\u00f3wna\",\"item\":\"https:\/\/amu.pan.pl\/\"},{\"@type\":\"ListItem\",\"position\":2,\"name\":\"Adrian Gle\u0144\"}]},{\"@type\":\"WebSite\",\"@id\":\"https:\/\/amu.pan.pl\/#website\",\"url\":\"https:\/\/amu.pan.pl\/\",\"name\":\"Akademia M\u0142odych Uczonych\",\"description\":\"Polska Akademia Nauk\",\"publisher\":{\"@id\":\"https:\/\/amu.pan.pl\/#organization\"},\"potentialAction\":[{\"@type\":\"SearchAction\",\"target\":{\"@type\":\"EntryPoint\",\"urlTemplate\":\"https:\/\/amu.pan.pl\/?s={search_term_string}\"},\"query-input\":{\"@type\":\"PropertyValueSpecification\",\"valueRequired\":true,\"valueName\":\"search_term_string\"}}],\"inLanguage\":\"en-GB\"},{\"@type\":\"Organization\",\"@id\":\"https:\/\/amu.pan.pl\/#organization\",\"name\":\"Akademia M\u0142odych Uczonych\",\"url\":\"https:\/\/amu.pan.pl\/\",\"logo\":{\"@type\":\"ImageObject\",\"inLanguage\":\"en-GB\",\"@id\":\"https:\/\/amu.pan.pl\/#\/schema\/logo\/image\/\",\"url\":\"https:\/\/amu.pan.pl\/wp-content\/uploads\/2020\/08\/zz_amu.png\",\"contentUrl\":\"https:\/\/amu.pan.pl\/wp-content\/uploads\/2020\/08\/zz_amu.png\",\"width\":2794,\"height\":1016,\"caption\":\"Akademia M\u0142odych Uczonych\"},\"image\":{\"@id\":\"https:\/\/amu.pan.pl\/#\/schema\/logo\/image\/\"},\"sameAs\":[\"https:\/\/www.facebook.com\/AkademiaMlodychUczonych\/\",\"https:\/\/x.com\/AMUPAN1\"]}]}<\/script>\n<!-- \/ Yoast SEO plugin. -->","yoast_head_json":{"title":"Adrian Gle\u0144 - Akademia M\u0142odych Uczonych","robots":{"index":"index","follow":"follow","max-snippet":"max-snippet:-1","max-image-preview":"max-image-preview:large","max-video-preview":"max-video-preview:-1"},"canonical":"https:\/\/amu.pan.pl\/en\/adrian-glen\/","og_locale":"en_GB","og_type":"article","og_title":"Adrian Gle\u0144 - Akademia M\u0142odych Uczonych","og_description":"Dr hab. Adrian Gle\u0144 (ur. 12.12.1977), krytyk literacki, teoretyk literatury, adiunkt w Zak\u0142adzie Literatury Polskiej XX i XXI wieku przy Instytucie Filologii Polskiej Uniwersytetu Opolskiego (w latach 2005-2008 pe\u0142ni\u0142 funkcj\u0119 zast\u0119pcy Dyrektora Instytutu Filologii Polskiej); w latach 2003-2006 tak\u017ce adiunkt w Zak\u0142adzie Teorii Literatury przy Instytucie Filologii Polskiej Akademii Podlaskiej.W latach 1998&ndash;2001 redaktor naczelny pisma&hellip;&nbsp;Read More &raquo;Adrian Gle\u0144","og_url":"https:\/\/amu.pan.pl\/en\/adrian-glen\/","og_site_name":"Akademia M\u0142odych Uczonych","article_publisher":"https:\/\/www.facebook.com\/AkademiaMlodychUczonych\/","article_modified_time":"2020-10-02T21:57:45+00:00","og_image":[{"width":300,"height":226,"url":"https:\/\/amu.pan.pl\/wp-content\/uploads\/2016\/02\/Adrian_Glen.PNG","type":"image\/png"}],"twitter_card":"summary_large_image","twitter_site":"@AMUPAN1","twitter_misc":{"Estimated reading time":"3 minutes"},"schema":{"@context":"https:\/\/schema.org","@graph":[{"@type":"WebPage","@id":"https:\/\/amu.pan.pl\/en\/adrian-glen\/","url":"https:\/\/amu.pan.pl\/en\/adrian-glen\/","name":"Adrian Gle\u0144 - Akademia M\u0142odych Uczonych","isPartOf":{"@id":"https:\/\/amu.pan.pl\/#website"},"primaryImageOfPage":{"@id":"https:\/\/amu.pan.pl\/en\/adrian-glen\/#primaryimage"},"image":{"@id":"https:\/\/amu.pan.pl\/en\/adrian-glen\/#primaryimage"},"thumbnailUrl":"https:\/\/amu.pan.pl\/wp-content\/uploads\/2016\/02\/Adrian_Glen.PNG","datePublished":"2016-02-26T10:32:46+00:00","dateModified":"2020-10-02T21:57:45+00:00","breadcrumb":{"@id":"https:\/\/amu.pan.pl\/en\/adrian-glen\/#breadcrumb"},"inLanguage":"en-GB","potentialAction":[{"@type":"ReadAction","target":["https:\/\/amu.pan.pl\/en\/adrian-glen\/"]}]},{"@type":"ImageObject","inLanguage":"en-GB","@id":"https:\/\/amu.pan.pl\/en\/adrian-glen\/#primaryimage","url":"https:\/\/amu.pan.pl\/wp-content\/uploads\/2016\/02\/Adrian_Glen.PNG","contentUrl":"https:\/\/amu.pan.pl\/wp-content\/uploads\/2016\/02\/Adrian_Glen.PNG","width":300,"height":226},{"@type":"BreadcrumbList","@id":"https:\/\/amu.pan.pl\/en\/adrian-glen\/#breadcrumb","itemListElement":[{"@type":"ListItem","position":1,"name":"Strona g\u0142\u00f3wna","item":"https:\/\/amu.pan.pl\/"},{"@type":"ListItem","position":2,"name":"Adrian Gle\u0144"}]},{"@type":"WebSite","@id":"https:\/\/amu.pan.pl\/#website","url":"https:\/\/amu.pan.pl\/","name":"Akademia M\u0142odych Uczonych","description":"Polska Akademia Nauk","publisher":{"@id":"https:\/\/amu.pan.pl\/#organization"},"potentialAction":[{"@type":"SearchAction","target":{"@type":"EntryPoint","urlTemplate":"https:\/\/amu.pan.pl\/?s={search_term_string}"},"query-input":{"@type":"PropertyValueSpecification","valueRequired":true,"valueName":"search_term_string"}}],"inLanguage":"en-GB"},{"@type":"Organization","@id":"https:\/\/amu.pan.pl\/#organization","name":"Akademia M\u0142odych Uczonych","url":"https:\/\/amu.pan.pl\/","logo":{"@type":"ImageObject","inLanguage":"en-GB","@id":"https:\/\/amu.pan.pl\/#\/schema\/logo\/image\/","url":"https:\/\/amu.pan.pl\/wp-content\/uploads\/2020\/08\/zz_amu.png","contentUrl":"https:\/\/amu.pan.pl\/wp-content\/uploads\/2020\/08\/zz_amu.png","width":2794,"height":1016,"caption":"Akademia M\u0142odych Uczonych"},"image":{"@id":"https:\/\/amu.pan.pl\/#\/schema\/logo\/image\/"},"sameAs":["https:\/\/www.facebook.com\/AkademiaMlodychUczonych\/","https:\/\/x.com\/AMUPAN1"]}]}},"_links":{"self":[{"href":"https:\/\/amu.pan.pl\/en\/wp-json\/wp\/v2\/pages\/80","targetHints":{"allow":["GET"]}}],"collection":[{"href":"https:\/\/amu.pan.pl\/en\/wp-json\/wp\/v2\/pages"}],"about":[{"href":"https:\/\/amu.pan.pl\/en\/wp-json\/wp\/v2\/types\/page"}],"author":[{"embeddable":true,"href":"https:\/\/amu.pan.pl\/en\/wp-json\/wp\/v2\/users\/2"}],"replies":[{"embeddable":true,"href":"https:\/\/amu.pan.pl\/en\/wp-json\/wp\/v2\/comments?post=80"}],"version-history":[{"count":0,"href":"https:\/\/amu.pan.pl\/en\/wp-json\/wp\/v2\/pages\/80\/revisions"}],"wp:featuredmedia":[{"embeddable":true,"href":"https:\/\/amu.pan.pl\/en\/wp-json\/wp\/v2\/media\/79"}],"wp:attachment":[{"href":"https:\/\/amu.pan.pl\/en\/wp-json\/wp\/v2\/media?parent=80"}],"curies":[{"name":"wp","href":"https:\/\/api.w.org\/{rel}","templated":true}]}}