{"id":84,"date":"2016-02-26T11:35:24","date_gmt":"2016-02-26T10:35:24","guid":{"rendered":"https:\/\/amu.pan.pl\/test\/2016\/02\/26\/dariusz-jemielniak\/"},"modified":"2020-10-02T23:57:45","modified_gmt":"2020-10-02T21:57:45","slug":"dariusz-jemielniak","status":"publish","type":"page","link":"https:\/\/amu.pan.pl\/en\/dariusz-jemielniak\/","title":{"rendered":"Dariusz Jemielniak"},"content":{"rendered":"<p style=\"text-align: center;\"><img fetchpriority=\"high\" decoding=\"async\" class=\"size-full wp-image-83\" src=\"https:\/\/amu.pan.pl\/wp-content\/uploads\/2016\/02\/Dariusz_Jemielniak.jpg\" alt=\"\" width=\"390\" height=\"420\" \/><\/p>\n<p style=\"margin-top: 0cm; margin-right: 0cm; margin-bottom: 6.75pt; background: white none repeat scroll 0% 0%;\"><span style=\"font-size: 10pt; font-family: 'Helvetica',sans-serif; color: #333333;\">Prof. dr hab. Dariusz Jemielniak jest profesorem zarz\u0105dzania w Akademii Leona Ko\u017ami\u0144skiego oraz associate faculty w Berkman-Klein Center for Internet and Society na Harvardzie.<\/span><\/p>\n<p style=\"margin-top: 0cm; margin-right: 0cm; margin-bottom: 6.75pt; background: white none repeat scroll 0% 0%;\"><span style=\"font-size: 10pt; font-family: 'Helvetica',sans-serif; color: #333333;\">Jego zainteresowania badawcze obejmuj\u0105 zarz\u0105dzanie organizacjami opartymi na wiedzy, profesjonalizacj\u0119, socjologi\u0119 internetu, a tak\u017ce spo\u0142eczno\u015bci otwartej wsp&oacute;\u0142pracy (takie, jak Wikipedia lub ruch otwartego oprogramowania).<\/span><\/p>\n<p style=\"margin-top: 0cm; margin-right: 0cm; margin-bottom: 6.75pt; background: white none repeat scroll 0% 0%;\"><span style=\"font-size: 10pt; font-family: 'Helvetica',sans-serif; color: #333333;\">Publikowa\u0142 w wysokopunktowanych czasopismach z listy JCR, niedawno wyda\u0142 ksi\u0105\u017ck\u0119: &#8220;Common Knowledge? An Ethnography of Wikipedia&#8221; (Stanford University Press), kt&oacute;ra zosta\u0142a nagrodzona w 2015 roku Dorothy Lee Award for Outstanding Scholarship of Media Ecology Association I w 2016 roku Nagrod\u0105 Naukow\u0105 Prezesa PAN.<\/span><\/p>\n<p style=\"margin-top: 0cm; margin-right: 0cm; margin-bottom: 6.75pt; background: white none repeat scroll 0% 0%;\"><span style=\"font-size: 10pt; font-family: 'Helvetica',sans-serif; color: #333333;\">Wcze\u015bniej opublikowa\u0142 m.in. ksi\u0105\u017ck\u0119 &#8220;The New Knowledge Workers&#8221; (2012, Edward Elgar).<\/span><\/p>\n<p style=\"margin-top: 0cm; margin-right: 0cm; margin-bottom: 6.75pt; background: white none repeat scroll 0% 0%;\"><span style=\"font-size: 10pt; font-family: 'Helvetica',sans-serif; color: #333333;\">By\u0142 beneficjentem m.in.: Collegium Invisibile, Fundacji Fulbrighta, Fundacji na rzecz Nauki Polskiej, stypendium dla wybitnych m\u0142odych naukowc&oacute;w MNiSW, stypendium &#8220;Mobilno\u015b\u0107&#8221;, stypendium tygodnika &#8220;Polityka&#8221;.<\/span><\/p>\n<p style=\"margin-top: 0cm; margin-right: 0cm; margin-bottom: 6.75pt; background: white none repeat scroll 0% 0%;\"><span style=\"font-size: 10pt; font-family: 'Helvetica',sans-serif; color: #333333;\">Odby\u0142 sta\u017ce badawcze na Cornell University (2004), &nbsp;Harvard University (2007), &nbsp;University of California Berkeley (2008) Harvard Law School (2011), Harvard University (2014), MIT (2015).<\/span><\/p>\n<p>&nbsp;<\/p>","protected":false},"excerpt":{"rendered":"<p>Prof. dr hab. Dariusz Jemielniak jest profesorem zarz\u0105dzania w Akademii Leona Ko\u017ami\u0144skiego oraz associate faculty w Berkman-Klein Center for Internet and Society na Harvardzie. Jego zainteresowania badawcze obejmuj\u0105 zarz\u0105dzanie organizacjami opartymi na wiedzy, profesjonalizacj\u0119, socjologi\u0119 internetu, a tak\u017ce spo\u0142eczno\u015bci otwartej wsp&oacute;\u0142pracy (takie, jak Wikipedia lub ruch otwartego oprogramowania). Publikowa\u0142 w wysokopunktowanych czasopismach z listy JCR,&hellip;&nbsp;<a href=\"https:\/\/amu.pan.pl\/en\/dariusz-jemielniak\/\" rel=\"bookmark\">Read More &raquo;<span class=\"screen-reader-text\">Dariusz Jemielniak<\/span><\/a><\/p>","protected":false},"author":2,"featured_media":83,"parent":0,"menu_order":57,"comment_status":"open","ping_status":"open","template":"","meta":{"_monsterinsights_skip_tracking":false,"_monsterinsights_sitenote_active":false,"_monsterinsights_sitenote_note":"","_monsterinsights_sitenote_category":0,"neve_meta_sidebar":"","neve_meta_container":"","neve_meta_enable_content_width":"","neve_meta_content_width":0,"neve_meta_title_alignment":"","neve_meta_author_avatar":"","neve_post_elements_order":"","neve_meta_disable_header":"","neve_meta_disable_footer":"","neve_meta_disable_title":"","footnotes":""},"class_list":["post-84","page","type-page","status-publish","has-post-thumbnail","hentry"],"yoast_head":"<!-- This site is optimized with the Yoast SEO plugin v25.0 - https:\/\/yoast.com\/wordpress\/plugins\/seo\/ -->\n<title>Dariusz Jemielniak - Akademia M\u0142odych Uczonych<\/title>\n<meta name=\"robots\" content=\"index, follow, max-snippet:-1, max-image-preview:large, max-video-preview:-1\" \/>\n<link rel=\"canonical\" href=\"https:\/\/amu.pan.pl\/en\/dariusz-jemielniak\/\" \/>\n<meta property=\"og:locale\" content=\"en_GB\" \/>\n<meta property=\"og:type\" content=\"article\" \/>\n<meta property=\"og:title\" content=\"Dariusz Jemielniak - Akademia M\u0142odych Uczonych\" \/>\n<meta property=\"og:description\" content=\"Prof. dr hab. Dariusz Jemielniak jest profesorem zarz\u0105dzania w Akademii Leona Ko\u017ami\u0144skiego oraz associate faculty w Berkman-Klein Center for Internet and Society na Harvardzie. Jego zainteresowania badawcze obejmuj\u0105 zarz\u0105dzanie organizacjami opartymi na wiedzy, profesjonalizacj\u0119, socjologi\u0119 internetu, a tak\u017ce spo\u0142eczno\u015bci otwartej wsp&oacute;\u0142pracy (takie, jak Wikipedia lub ruch otwartego oprogramowania). Publikowa\u0142 w wysokopunktowanych czasopismach z listy JCR,&hellip;&nbsp;Read More &raquo;Dariusz Jemielniak\" \/>\n<meta property=\"og:url\" content=\"https:\/\/amu.pan.pl\/en\/dariusz-jemielniak\/\" \/>\n<meta property=\"og:site_name\" content=\"Akademia M\u0142odych Uczonych\" \/>\n<meta property=\"article:publisher\" content=\"https:\/\/www.facebook.com\/AkademiaMlodychUczonych\/\" \/>\n<meta property=\"article:modified_time\" content=\"2020-10-02T21:57:45+00:00\" \/>\n<meta property=\"og:image\" content=\"https:\/\/amu.pan.pl\/wp-content\/uploads\/2016\/02\/Dariusz_Jemielniak.jpg\" \/>\n\t<meta property=\"og:image:width\" content=\"390\" \/>\n\t<meta property=\"og:image:height\" content=\"420\" \/>\n\t<meta property=\"og:image:type\" content=\"image\/jpeg\" \/>\n<meta name=\"twitter:card\" content=\"summary_large_image\" \/>\n<meta name=\"twitter:site\" content=\"@AMUPAN1\" \/>\n<meta name=\"twitter:label1\" content=\"Estimated reading time\" \/>\n\t<meta name=\"twitter:data1\" content=\"1 minute\" \/>\n<script type=\"application\/ld+json\" class=\"yoast-schema-graph\">{\"@context\":\"https:\/\/schema.org\",\"@graph\":[{\"@type\":\"WebPage\",\"@id\":\"https:\/\/amu.pan.pl\/en\/dariusz-jemielniak\/\",\"url\":\"https:\/\/amu.pan.pl\/en\/dariusz-jemielniak\/\",\"name\":\"Dariusz Jemielniak - Akademia M\u0142odych Uczonych\",\"isPartOf\":{\"@id\":\"https:\/\/amu.pan.pl\/#website\"},\"primaryImageOfPage\":{\"@id\":\"https:\/\/amu.pan.pl\/en\/dariusz-jemielniak\/#primaryimage\"},\"image\":{\"@id\":\"https:\/\/amu.pan.pl\/en\/dariusz-jemielniak\/#primaryimage\"},\"thumbnailUrl\":\"https:\/\/amu.pan.pl\/wp-content\/uploads\/2016\/02\/Dariusz_Jemielniak.jpg\",\"datePublished\":\"2016-02-26T10:35:24+00:00\",\"dateModified\":\"2020-10-02T21:57:45+00:00\",\"breadcrumb\":{\"@id\":\"https:\/\/amu.pan.pl\/en\/dariusz-jemielniak\/#breadcrumb\"},\"inLanguage\":\"en-GB\",\"potentialAction\":[{\"@type\":\"ReadAction\",\"target\":[\"https:\/\/amu.pan.pl\/en\/dariusz-jemielniak\/\"]}]},{\"@type\":\"ImageObject\",\"inLanguage\":\"en-GB\",\"@id\":\"https:\/\/amu.pan.pl\/en\/dariusz-jemielniak\/#primaryimage\",\"url\":\"https:\/\/amu.pan.pl\/wp-content\/uploads\/2016\/02\/Dariusz_Jemielniak.jpg\",\"contentUrl\":\"https:\/\/amu.pan.pl\/wp-content\/uploads\/2016\/02\/Dariusz_Jemielniak.jpg\",\"width\":390,\"height\":420},{\"@type\":\"BreadcrumbList\",\"@id\":\"https:\/\/amu.pan.pl\/en\/dariusz-jemielniak\/#breadcrumb\",\"itemListElement\":[{\"@type\":\"ListItem\",\"position\":1,\"name\":\"Strona g\u0142\u00f3wna\",\"item\":\"https:\/\/amu.pan.pl\/\"},{\"@type\":\"ListItem\",\"position\":2,\"name\":\"Dariusz Jemielniak\"}]},{\"@type\":\"WebSite\",\"@id\":\"https:\/\/amu.pan.pl\/#website\",\"url\":\"https:\/\/amu.pan.pl\/\",\"name\":\"Akademia M\u0142odych Uczonych\",\"description\":\"Polska Akademia Nauk\",\"publisher\":{\"@id\":\"https:\/\/amu.pan.pl\/#organization\"},\"potentialAction\":[{\"@type\":\"SearchAction\",\"target\":{\"@type\":\"EntryPoint\",\"urlTemplate\":\"https:\/\/amu.pan.pl\/?s={search_term_string}\"},\"query-input\":{\"@type\":\"PropertyValueSpecification\",\"valueRequired\":true,\"valueName\":\"search_term_string\"}}],\"inLanguage\":\"en-GB\"},{\"@type\":\"Organization\",\"@id\":\"https:\/\/amu.pan.pl\/#organization\",\"name\":\"Akademia M\u0142odych Uczonych\",\"url\":\"https:\/\/amu.pan.pl\/\",\"logo\":{\"@type\":\"ImageObject\",\"inLanguage\":\"en-GB\",\"@id\":\"https:\/\/amu.pan.pl\/#\/schema\/logo\/image\/\",\"url\":\"https:\/\/amu.pan.pl\/wp-content\/uploads\/2020\/08\/zz_amu.png\",\"contentUrl\":\"https:\/\/amu.pan.pl\/wp-content\/uploads\/2020\/08\/zz_amu.png\",\"width\":2794,\"height\":1016,\"caption\":\"Akademia M\u0142odych Uczonych\"},\"image\":{\"@id\":\"https:\/\/amu.pan.pl\/#\/schema\/logo\/image\/\"},\"sameAs\":[\"https:\/\/www.facebook.com\/AkademiaMlodychUczonych\/\",\"https:\/\/x.com\/AMUPAN1\"]}]}<\/script>\n<!-- \/ Yoast SEO plugin. -->","yoast_head_json":{"title":"Dariusz Jemielniak - Akademia M\u0142odych Uczonych","robots":{"index":"index","follow":"follow","max-snippet":"max-snippet:-1","max-image-preview":"max-image-preview:large","max-video-preview":"max-video-preview:-1"},"canonical":"https:\/\/amu.pan.pl\/en\/dariusz-jemielniak\/","og_locale":"en_GB","og_type":"article","og_title":"Dariusz Jemielniak - Akademia M\u0142odych Uczonych","og_description":"Prof. dr hab. Dariusz Jemielniak jest profesorem zarz\u0105dzania w Akademii Leona Ko\u017ami\u0144skiego oraz associate faculty w Berkman-Klein Center for Internet and Society na Harvardzie. Jego zainteresowania badawcze obejmuj\u0105 zarz\u0105dzanie organizacjami opartymi na wiedzy, profesjonalizacj\u0119, socjologi\u0119 internetu, a tak\u017ce spo\u0142eczno\u015bci otwartej wsp&oacute;\u0142pracy (takie, jak Wikipedia lub ruch otwartego oprogramowania). Publikowa\u0142 w wysokopunktowanych czasopismach z listy JCR,&hellip;&nbsp;Read More &raquo;Dariusz Jemielniak","og_url":"https:\/\/amu.pan.pl\/en\/dariusz-jemielniak\/","og_site_name":"Akademia M\u0142odych Uczonych","article_publisher":"https:\/\/www.facebook.com\/AkademiaMlodychUczonych\/","article_modified_time":"2020-10-02T21:57:45+00:00","og_image":[{"width":390,"height":420,"url":"https:\/\/amu.pan.pl\/wp-content\/uploads\/2016\/02\/Dariusz_Jemielniak.jpg","type":"image\/jpeg"}],"twitter_card":"summary_large_image","twitter_site":"@AMUPAN1","twitter_misc":{"Estimated reading time":"1 minute"},"schema":{"@context":"https:\/\/schema.org","@graph":[{"@type":"WebPage","@id":"https:\/\/amu.pan.pl\/en\/dariusz-jemielniak\/","url":"https:\/\/amu.pan.pl\/en\/dariusz-jemielniak\/","name":"Dariusz Jemielniak - Akademia M\u0142odych Uczonych","isPartOf":{"@id":"https:\/\/amu.pan.pl\/#website"},"primaryImageOfPage":{"@id":"https:\/\/amu.pan.pl\/en\/dariusz-jemielniak\/#primaryimage"},"image":{"@id":"https:\/\/amu.pan.pl\/en\/dariusz-jemielniak\/#primaryimage"},"thumbnailUrl":"https:\/\/amu.pan.pl\/wp-content\/uploads\/2016\/02\/Dariusz_Jemielniak.jpg","datePublished":"2016-02-26T10:35:24+00:00","dateModified":"2020-10-02T21:57:45+00:00","breadcrumb":{"@id":"https:\/\/amu.pan.pl\/en\/dariusz-jemielniak\/#breadcrumb"},"inLanguage":"en-GB","potentialAction":[{"@type":"ReadAction","target":["https:\/\/amu.pan.pl\/en\/dariusz-jemielniak\/"]}]},{"@type":"ImageObject","inLanguage":"en-GB","@id":"https:\/\/amu.pan.pl\/en\/dariusz-jemielniak\/#primaryimage","url":"https:\/\/amu.pan.pl\/wp-content\/uploads\/2016\/02\/Dariusz_Jemielniak.jpg","contentUrl":"https:\/\/amu.pan.pl\/wp-content\/uploads\/2016\/02\/Dariusz_Jemielniak.jpg","width":390,"height":420},{"@type":"BreadcrumbList","@id":"https:\/\/amu.pan.pl\/en\/dariusz-jemielniak\/#breadcrumb","itemListElement":[{"@type":"ListItem","position":1,"name":"Strona g\u0142\u00f3wna","item":"https:\/\/amu.pan.pl\/"},{"@type":"ListItem","position":2,"name":"Dariusz Jemielniak"}]},{"@type":"WebSite","@id":"https:\/\/amu.pan.pl\/#website","url":"https:\/\/amu.pan.pl\/","name":"Akademia M\u0142odych Uczonych","description":"Polska Akademia Nauk","publisher":{"@id":"https:\/\/amu.pan.pl\/#organization"},"potentialAction":[{"@type":"SearchAction","target":{"@type":"EntryPoint","urlTemplate":"https:\/\/amu.pan.pl\/?s={search_term_string}"},"query-input":{"@type":"PropertyValueSpecification","valueRequired":true,"valueName":"search_term_string"}}],"inLanguage":"en-GB"},{"@type":"Organization","@id":"https:\/\/amu.pan.pl\/#organization","name":"Akademia M\u0142odych Uczonych","url":"https:\/\/amu.pan.pl\/","logo":{"@type":"ImageObject","inLanguage":"en-GB","@id":"https:\/\/amu.pan.pl\/#\/schema\/logo\/image\/","url":"https:\/\/amu.pan.pl\/wp-content\/uploads\/2020\/08\/zz_amu.png","contentUrl":"https:\/\/amu.pan.pl\/wp-content\/uploads\/2020\/08\/zz_amu.png","width":2794,"height":1016,"caption":"Akademia M\u0142odych Uczonych"},"image":{"@id":"https:\/\/amu.pan.pl\/#\/schema\/logo\/image\/"},"sameAs":["https:\/\/www.facebook.com\/AkademiaMlodychUczonych\/","https:\/\/x.com\/AMUPAN1"]}]}},"_links":{"self":[{"href":"https:\/\/amu.pan.pl\/en\/wp-json\/wp\/v2\/pages\/84","targetHints":{"allow":["GET"]}}],"collection":[{"href":"https:\/\/amu.pan.pl\/en\/wp-json\/wp\/v2\/pages"}],"about":[{"href":"https:\/\/amu.pan.pl\/en\/wp-json\/wp\/v2\/types\/page"}],"author":[{"embeddable":true,"href":"https:\/\/amu.pan.pl\/en\/wp-json\/wp\/v2\/users\/2"}],"replies":[{"embeddable":true,"href":"https:\/\/amu.pan.pl\/en\/wp-json\/wp\/v2\/comments?post=84"}],"version-history":[{"count":0,"href":"https:\/\/amu.pan.pl\/en\/wp-json\/wp\/v2\/pages\/84\/revisions"}],"wp:featuredmedia":[{"embeddable":true,"href":"https:\/\/amu.pan.pl\/en\/wp-json\/wp\/v2\/media\/83"}],"wp:attachment":[{"href":"https:\/\/amu.pan.pl\/en\/wp-json\/wp\/v2\/media?parent=84"}],"curies":[{"name":"wp","href":"https:\/\/api.w.org\/{rel}","templated":true}]}}