{"id":85,"date":"2016-02-26T11:36:06","date_gmt":"2016-02-26T10:36:06","guid":{"rendered":"https:\/\/amu.pan.pl\/test\/2016\/02\/26\/bartosz-karaszewski\/"},"modified":"2020-10-02T23:57:45","modified_gmt":"2020-10-02T21:57:45","slug":"bartosz-karaszewski","status":"publish","type":"page","link":"https:\/\/amu.pan.pl\/en\/bartosz-karaszewski\/","title":{"rendered":"Bartosz Karaszewski"},"content":{"rendered":"<p style=\"text-align: justify;\">Prof. dr hab. n. med. Bartosz Karaszewski &nbsp;&#8211; pierwszy przewodnicz\u0105cy Akademii M\u0142odych Uczonych, jeden z trzech pierwszych polskich cz\u0142onk\u00f3w <em>Global Young Academy<\/em>, tw\u00f3rca i pierwszy lider sekcji <em>Global Health<\/em> tej organizacji, cz\u0142onek <em>Communication Committee of the European Academy of Neurology<\/em>. Lekarz &#8211; naukowiec i klinicysta, specjalista neurolog, Kierownik Katedry Neurologii i Kliniki Neurologii Doros\u0142ych Gda\u0144skiego Uniwersytetu Medycznego, wyselekcjonowany na G\u0142\u00f3wnego Eksperta ds. Udaru Ministerstwa Zdrowia. Pierwszy i\/lub g\u0142\u00f3wny autor szeregu prac z dziedziny nauk o uk\u0142adzie nerwowym opublikowanych w czo\u0142owych \u015bwiatowych czasopismach z tego zakresu, w tym <em>Annals of Neurology<\/em>, <em>Brain<\/em>, <em>Neurology<\/em>, <em>Journal of Neurology, Neurosurgery and Psychiatry<\/em>, czy <em>Trends in Cognitive Sciences<\/em>. Naukowo zajmuje si\u0119 m.in. patofizjologi\u0105, diagnostyk\u0105 i terapi\u0105 chor\u00f3b m\u00f3zgowo-naczyniowych, metabolizmem m\u00f3zgu, technikami rezonansu magnetycznego ze szczeg\u00f3lnym uwzgl\u0119dnieniem spektroskopii, klinicznie &#8211; diagnostyk\u0105 i leczeniem chor\u00f3b uk\u0142adu nerwowego. Badania naukowe prowadzi zar\u00f3wno z udzia\u0142em pacjent\u00f3w (kliniczne), jak i z zastosowaniem modeli do\u015bwiadczalnych chor\u00f3b oraz biochemicznych technik laboratoryjnych. Zdoby\u0142 liczne do\u015bwiadczenia w pracy naukowej \/ naukowo-klinicznej w o\u015brodkach zagranicznych (<em>University of Edinburgh &#8211; Division of Clinical Neurosciences<\/em>, <em>University College London &#8211; Institute of Neurology<\/em>, <em>University of Oslo &#8211; Department of Chemistry<\/em>, <em>INSERM Paris<\/em>).<\/p>\n<p style=\"text-align: justify;\">Bartosz Karaszewski jest laureatem licznych nagr\u00f3d \/ wyr\u00f3\u017cnie\u0144 naukowych i\/lub edukacyjnych, w tym m.in.: Nagrody Prezesa Rady Ministr\u00f3w za habilitacj\u0119, indywidualnej naukowej Nagrody Ministra Zdrowia za habilitacj\u0119, stypendium Ministra Nauki i Szkolnictwa Wy\u017cszego dla wybitnych m\u0142odych naukowc\u00f3w, otrzyma\u0142 nagrod\u0119 &#8211; stypendium Tygodnika Polityka, indywidualn\u0105 nagrod\u0119 Ministra Zdrowia za osi\u0105gni\u0119cia naukowe, nagrod\u0119 Towarzystwa Popierania i Krzewienia Nauk &#8216;za najwybitniejsze prace doktorskie obronione w instytucjach naukowych w Polsce&#8217;, jest laureatem r\u00f3\u017cnych program\u00f3w Fundacji na rzecz Nauki Polskiej (Homing\/Powroty, Kolumb, Start, konferencje), programu Mobilno\u015b\u0107 Plus Ministra Nauki i Szkolnictwa Wy\u017cszego, konkursu <em>Europrimus<\/em> pod patronatem Ministra Spraw Zagranicznych RP, otrzyma\u0142 &#8216;Nagrod\u0119 Kapitu\u0142y Prezes\u00f3w Polskiego Towarzystwa Neurologicznego&#8217;, nagrod\u0119 Gda\u0144skiego Towarzystwa Naukowego i Prezydenta Miasta Gda\u0144ska &#8216;za wybitne osi\u0105gni\u0119cia m\u0142odych pracownik\u00f3w nauki&#8217;, stypendium <em>International Brain Research Organization<\/em>, czy pierwsz\u0105 nagrod\u0119 w konkursie na najlepszego studenta Polski pod patronatem Prezydenta RP i Ministr\u00f3w Rz\u0105du RP. Otrzyma\u0142 pierwsz\u0105 nagrod\u0119 w konkursie \u201edla wybitnych m\u0142odych lekarzy &#8211; <em>Supertalent Medycyny<\/em>\u201d.<\/p>","protected":false},"excerpt":{"rendered":"<p>Prof. dr hab. n. med. Bartosz Karaszewski &nbsp;&#8211; pierwszy przewodnicz\u0105cy Akademii M\u0142odych Uczonych, jeden z trzech pierwszych polskich cz\u0142onk\u00f3w Global Young Academy, tw\u00f3rca i pierwszy lider sekcji Global Health tej organizacji, cz\u0142onek Communication Committee of the European Academy of Neurology. Lekarz &#8211; naukowiec i klinicysta, specjalista neurolog, Kierownik Katedry Neurologii i Kliniki Neurologii Doros\u0142ych Gda\u0144skiego&hellip;&nbsp;<a href=\"https:\/\/amu.pan.pl\/en\/bartosz-karaszewski\/\" rel=\"bookmark\">Read More &raquo;<span class=\"screen-reader-text\">Bartosz Karaszewski<\/span><\/a><\/p>","protected":false},"author":2,"featured_media":0,"parent":0,"menu_order":56,"comment_status":"open","ping_status":"open","template":"","meta":{"_monsterinsights_skip_tracking":false,"_monsterinsights_sitenote_active":false,"_monsterinsights_sitenote_note":"","_monsterinsights_sitenote_category":0,"neve_meta_sidebar":"","neve_meta_container":"","neve_meta_enable_content_width":"","neve_meta_content_width":0,"neve_meta_title_alignment":"","neve_meta_author_avatar":"","neve_post_elements_order":"","neve_meta_disable_header":"","neve_meta_disable_footer":"","neve_meta_disable_title":"","footnotes":""},"class_list":["post-85","page","type-page","status-publish","hentry"],"yoast_head":"<!-- This site is optimized with the Yoast SEO plugin v25.0 - https:\/\/yoast.com\/wordpress\/plugins\/seo\/ -->\n<title>Bartosz Karaszewski - Akademia M\u0142odych Uczonych<\/title>\n<meta name=\"robots\" content=\"index, follow, max-snippet:-1, max-image-preview:large, max-video-preview:-1\" \/>\n<link rel=\"canonical\" href=\"https:\/\/amu.pan.pl\/en\/bartosz-karaszewski\/\" \/>\n<meta property=\"og:locale\" content=\"en_GB\" \/>\n<meta property=\"og:type\" content=\"article\" \/>\n<meta property=\"og:title\" content=\"Bartosz Karaszewski - Akademia M\u0142odych Uczonych\" \/>\n<meta property=\"og:description\" content=\"Prof. dr hab. n. med. Bartosz Karaszewski &nbsp;&#8211; pierwszy przewodnicz\u0105cy Akademii M\u0142odych Uczonych, jeden z trzech pierwszych polskich cz\u0142onk\u00f3w Global Young Academy, tw\u00f3rca i pierwszy lider sekcji Global Health tej organizacji, cz\u0142onek Communication Committee of the European Academy of Neurology. Lekarz &#8211; naukowiec i klinicysta, specjalista neurolog, Kierownik Katedry Neurologii i Kliniki Neurologii Doros\u0142ych Gda\u0144skiego&hellip;&nbsp;Read More &raquo;Bartosz Karaszewski\" \/>\n<meta property=\"og:url\" content=\"https:\/\/amu.pan.pl\/en\/bartosz-karaszewski\/\" \/>\n<meta property=\"og:site_name\" content=\"Akademia M\u0142odych Uczonych\" \/>\n<meta property=\"article:publisher\" content=\"https:\/\/www.facebook.com\/AkademiaMlodychUczonych\/\" \/>\n<meta property=\"article:modified_time\" content=\"2020-10-02T21:57:45+00:00\" \/>\n<meta property=\"og:image\" content=\"https:\/\/amu.pan.pl\/wp-content\/uploads\/2020\/09\/AMU_logo.png\" \/>\n\t<meta property=\"og:image:width\" content=\"600\" \/>\n\t<meta property=\"og:image:height\" content=\"342\" \/>\n\t<meta property=\"og:image:type\" content=\"image\/png\" \/>\n<meta name=\"twitter:card\" content=\"summary_large_image\" \/>\n<meta name=\"twitter:site\" content=\"@AMUPAN1\" \/>\n<meta name=\"twitter:label1\" content=\"Estimated reading time\" \/>\n\t<meta name=\"twitter:data1\" content=\"2 minutes\" \/>\n<script type=\"application\/ld+json\" class=\"yoast-schema-graph\">{\"@context\":\"https:\/\/schema.org\",\"@graph\":[{\"@type\":\"WebPage\",\"@id\":\"https:\/\/amu.pan.pl\/en\/bartosz-karaszewski\/\",\"url\":\"https:\/\/amu.pan.pl\/en\/bartosz-karaszewski\/\",\"name\":\"Bartosz Karaszewski - Akademia M\u0142odych Uczonych\",\"isPartOf\":{\"@id\":\"https:\/\/amu.pan.pl\/#website\"},\"datePublished\":\"2016-02-26T10:36:06+00:00\",\"dateModified\":\"2020-10-02T21:57:45+00:00\",\"breadcrumb\":{\"@id\":\"https:\/\/amu.pan.pl\/en\/bartosz-karaszewski\/#breadcrumb\"},\"inLanguage\":\"en-GB\",\"potentialAction\":[{\"@type\":\"ReadAction\",\"target\":[\"https:\/\/amu.pan.pl\/en\/bartosz-karaszewski\/\"]}]},{\"@type\":\"BreadcrumbList\",\"@id\":\"https:\/\/amu.pan.pl\/en\/bartosz-karaszewski\/#breadcrumb\",\"itemListElement\":[{\"@type\":\"ListItem\",\"position\":1,\"name\":\"Strona g\u0142\u00f3wna\",\"item\":\"https:\/\/amu.pan.pl\/\"},{\"@type\":\"ListItem\",\"position\":2,\"name\":\"Bartosz Karaszewski\"}]},{\"@type\":\"WebSite\",\"@id\":\"https:\/\/amu.pan.pl\/#website\",\"url\":\"https:\/\/amu.pan.pl\/\",\"name\":\"Akademia M\u0142odych Uczonych\",\"description\":\"Polska Akademia Nauk\",\"publisher\":{\"@id\":\"https:\/\/amu.pan.pl\/#organization\"},\"potentialAction\":[{\"@type\":\"SearchAction\",\"target\":{\"@type\":\"EntryPoint\",\"urlTemplate\":\"https:\/\/amu.pan.pl\/?s={search_term_string}\"},\"query-input\":{\"@type\":\"PropertyValueSpecification\",\"valueRequired\":true,\"valueName\":\"search_term_string\"}}],\"inLanguage\":\"en-GB\"},{\"@type\":\"Organization\",\"@id\":\"https:\/\/amu.pan.pl\/#organization\",\"name\":\"Akademia M\u0142odych Uczonych\",\"url\":\"https:\/\/amu.pan.pl\/\",\"logo\":{\"@type\":\"ImageObject\",\"inLanguage\":\"en-GB\",\"@id\":\"https:\/\/amu.pan.pl\/#\/schema\/logo\/image\/\",\"url\":\"https:\/\/amu.pan.pl\/wp-content\/uploads\/2020\/08\/zz_amu.png\",\"contentUrl\":\"https:\/\/amu.pan.pl\/wp-content\/uploads\/2020\/08\/zz_amu.png\",\"width\":2794,\"height\":1016,\"caption\":\"Akademia M\u0142odych Uczonych\"},\"image\":{\"@id\":\"https:\/\/amu.pan.pl\/#\/schema\/logo\/image\/\"},\"sameAs\":[\"https:\/\/www.facebook.com\/AkademiaMlodychUczonych\/\",\"https:\/\/x.com\/AMUPAN1\"]}]}<\/script>\n<!-- \/ Yoast SEO plugin. -->","yoast_head_json":{"title":"Bartosz Karaszewski - Akademia M\u0142odych Uczonych","robots":{"index":"index","follow":"follow","max-snippet":"max-snippet:-1","max-image-preview":"max-image-preview:large","max-video-preview":"max-video-preview:-1"},"canonical":"https:\/\/amu.pan.pl\/en\/bartosz-karaszewski\/","og_locale":"en_GB","og_type":"article","og_title":"Bartosz Karaszewski - Akademia M\u0142odych Uczonych","og_description":"Prof. dr hab. n. med. Bartosz Karaszewski &nbsp;&#8211; pierwszy przewodnicz\u0105cy Akademii M\u0142odych Uczonych, jeden z trzech pierwszych polskich cz\u0142onk\u00f3w Global Young Academy, tw\u00f3rca i pierwszy lider sekcji Global Health tej organizacji, cz\u0142onek Communication Committee of the European Academy of Neurology. Lekarz &#8211; naukowiec i klinicysta, specjalista neurolog, Kierownik Katedry Neurologii i Kliniki Neurologii Doros\u0142ych Gda\u0144skiego&hellip;&nbsp;Read More &raquo;Bartosz Karaszewski","og_url":"https:\/\/amu.pan.pl\/en\/bartosz-karaszewski\/","og_site_name":"Akademia M\u0142odych Uczonych","article_publisher":"https:\/\/www.facebook.com\/AkademiaMlodychUczonych\/","article_modified_time":"2020-10-02T21:57:45+00:00","og_image":[{"width":600,"height":342,"url":"https:\/\/amu.pan.pl\/wp-content\/uploads\/2020\/09\/AMU_logo.png","type":"image\/png"}],"twitter_card":"summary_large_image","twitter_site":"@AMUPAN1","twitter_misc":{"Estimated reading time":"2 minutes"},"schema":{"@context":"https:\/\/schema.org","@graph":[{"@type":"WebPage","@id":"https:\/\/amu.pan.pl\/en\/bartosz-karaszewski\/","url":"https:\/\/amu.pan.pl\/en\/bartosz-karaszewski\/","name":"Bartosz Karaszewski - Akademia M\u0142odych Uczonych","isPartOf":{"@id":"https:\/\/amu.pan.pl\/#website"},"datePublished":"2016-02-26T10:36:06+00:00","dateModified":"2020-10-02T21:57:45+00:00","breadcrumb":{"@id":"https:\/\/amu.pan.pl\/en\/bartosz-karaszewski\/#breadcrumb"},"inLanguage":"en-GB","potentialAction":[{"@type":"ReadAction","target":["https:\/\/amu.pan.pl\/en\/bartosz-karaszewski\/"]}]},{"@type":"BreadcrumbList","@id":"https:\/\/amu.pan.pl\/en\/bartosz-karaszewski\/#breadcrumb","itemListElement":[{"@type":"ListItem","position":1,"name":"Strona g\u0142\u00f3wna","item":"https:\/\/amu.pan.pl\/"},{"@type":"ListItem","position":2,"name":"Bartosz Karaszewski"}]},{"@type":"WebSite","@id":"https:\/\/amu.pan.pl\/#website","url":"https:\/\/amu.pan.pl\/","name":"Akademia M\u0142odych Uczonych","description":"Polska Akademia Nauk","publisher":{"@id":"https:\/\/amu.pan.pl\/#organization"},"potentialAction":[{"@type":"SearchAction","target":{"@type":"EntryPoint","urlTemplate":"https:\/\/amu.pan.pl\/?s={search_term_string}"},"query-input":{"@type":"PropertyValueSpecification","valueRequired":true,"valueName":"search_term_string"}}],"inLanguage":"en-GB"},{"@type":"Organization","@id":"https:\/\/amu.pan.pl\/#organization","name":"Akademia M\u0142odych Uczonych","url":"https:\/\/amu.pan.pl\/","logo":{"@type":"ImageObject","inLanguage":"en-GB","@id":"https:\/\/amu.pan.pl\/#\/schema\/logo\/image\/","url":"https:\/\/amu.pan.pl\/wp-content\/uploads\/2020\/08\/zz_amu.png","contentUrl":"https:\/\/amu.pan.pl\/wp-content\/uploads\/2020\/08\/zz_amu.png","width":2794,"height":1016,"caption":"Akademia M\u0142odych Uczonych"},"image":{"@id":"https:\/\/amu.pan.pl\/#\/schema\/logo\/image\/"},"sameAs":["https:\/\/www.facebook.com\/AkademiaMlodychUczonych\/","https:\/\/x.com\/AMUPAN1"]}]}},"_links":{"self":[{"href":"https:\/\/amu.pan.pl\/en\/wp-json\/wp\/v2\/pages\/85","targetHints":{"allow":["GET"]}}],"collection":[{"href":"https:\/\/amu.pan.pl\/en\/wp-json\/wp\/v2\/pages"}],"about":[{"href":"https:\/\/amu.pan.pl\/en\/wp-json\/wp\/v2\/types\/page"}],"author":[{"embeddable":true,"href":"https:\/\/amu.pan.pl\/en\/wp-json\/wp\/v2\/users\/2"}],"replies":[{"embeddable":true,"href":"https:\/\/amu.pan.pl\/en\/wp-json\/wp\/v2\/comments?post=85"}],"version-history":[{"count":0,"href":"https:\/\/amu.pan.pl\/en\/wp-json\/wp\/v2\/pages\/85\/revisions"}],"wp:attachment":[{"href":"https:\/\/amu.pan.pl\/en\/wp-json\/wp\/v2\/media?parent=85"}],"curies":[{"name":"wp","href":"https:\/\/api.w.org\/{rel}","templated":true}]}}