{"id":88,"date":"2016-02-26T11:37:04","date_gmt":"2016-02-26T10:37:04","guid":{"rendered":"https:\/\/amu.pan.pl\/test\/2016\/02\/26\/jarogniew-luszczki\/"},"modified":"2020-10-02T23:57:45","modified_gmt":"2020-10-02T21:57:45","slug":"jarogniew-luszczki","status":"publish","type":"page","link":"https:\/\/amu.pan.pl\/en\/jarogniew-luszczki\/","title":{"rendered":"Jarogniew Luszczki"},"content":{"rendered":"<p style=\"text-align: center;\"><img fetchpriority=\"high\" decoding=\"async\" class=\"size-full wp-image-87\" src=\"https:\/\/amu.pan.pl\/wp-content\/uploads\/2016\/02\/Jarogniew_J._Luszczki.jpg\" alt=\"\" width=\"240\" height=\"320\" srcset=\"https:\/\/amu.pan.pl\/wp-content\/uploads\/2016\/02\/Jarogniew_J._Luszczki.jpg 240w, https:\/\/amu.pan.pl\/wp-content\/uploads\/2016\/02\/Jarogniew_J._Luszczki-225x300.jpg 225w\" sizes=\"(max-width: 240px) 100vw, 240px\" \/><\/p>\n<p>Prof. dr hab. n. med. Jarogniew J. \u0141uszczki (born 1974) graduated from the Faculty of Medicine of the Medical Academy in Lublin (1999), he works at the Chair and Department of Pathophysiology of the Medical University of Lublin. He deals with isobolographic analysis of interactions between antiepileptic drugs and the influence of cannabinoid receptor ligands on processes related to epilepsy. He created the basis for assessing drug interactions using the benefit index, taking into account the therapeutic and neurotoxic effects of the drugs administered together. He created the school of isobolographic analysis, promoting 10 doctors and 30 masters of pharmacy and medical analysis to date.<\/p>\n<p style=\"text-align: justify;\">He is the author and co-author of over 180 original and review papers in the field of pharmacology and pathophysiology. He has received a number of scientific awards and distinctions, including: a scholarship for an outstanding young scientist from the Ministry of Science and Higher Education (2008-2010), the President of the Republic of Poland - Lech Kaczy\u0144ski&#039;s distinction &quot;My talent for Poland&quot; (2006), a scholarship from the Foundation for Polish Science (twice in 2003 and 2004). He was awarded the Silver Cross of Merit (2012).<\/p>","protected":false},"excerpt":{"rendered":"<p>Prof. dr hab. n. med. Jarogniew J. \u0141uszczki (ur. 1974) uko\u0144czy\u0142 studia na Wydziale Lekarskim Akademii Medycznej w Lublinie (1999), pracuje w Katedrze i Zak\u0142adzie Patofizjologii UM w Lublinie. Zajmuje si\u0119 analiz\u0105 izobolograficzn\u0105 interakcji zachodz\u0105cych pomi\u0119dzy lekami przeciwpadaczkowymi oraz wp\u0142ywem ligand&oacute;w receptor&oacute;w kannabinoidowych na procesy zwi\u0105zane z padaczk\u0105. Stworzy\u0142 podstawy oceny interakcji lekowych przy wykorzystaniu [&hellip;]<\/p>","protected":false},"author":2,"featured_media":87,"parent":0,"menu_order":54,"comment_status":"open","ping_status":"open","template":"","meta":{"_monsterinsights_skip_tracking":false,"_monsterinsights_sitenote_active":false,"_monsterinsights_sitenote_note":"","_monsterinsights_sitenote_category":0,"footnotes":""},"class_list":["post-88","page","type-page","status-publish","has-post-thumbnail","hentry"],"yoast_head":"<!-- This site is optimized with the Yoast SEO plugin v25.0 - https:\/\/yoast.com\/wordpress\/plugins\/seo\/ -->\n<title>Jarogniew \u0141uszczki - Akademia M\u0142odych Uczonych<\/title>\n<meta name=\"robots\" content=\"index, follow, max-snippet:-1, max-image-preview:large, max-video-preview:-1\" \/>\n<link rel=\"canonical\" href=\"https:\/\/amu.pan.pl\/en\/jarogniew-luszczki\/\" \/>\n<meta property=\"og:locale\" content=\"en_GB\" \/>\n<meta property=\"og:type\" content=\"article\" \/>\n<meta property=\"og:title\" content=\"Jarogniew \u0141uszczki - Akademia M\u0142odych Uczonych\" \/>\n<meta property=\"og:description\" content=\"Prof. dr hab. n. med. Jarogniew J. \u0141uszczki (ur. 1974) uko\u0144czy\u0142 studia na Wydziale Lekarskim Akademii Medycznej w Lublinie (1999), pracuje w Katedrze i Zak\u0142adzie Patofizjologii UM w Lublinie. Zajmuje si\u0119 analiz\u0105 izobolograficzn\u0105 interakcji zachodz\u0105cych pomi\u0119dzy lekami przeciwpadaczkowymi oraz wp\u0142ywem ligand&oacute;w receptor&oacute;w kannabinoidowych na procesy zwi\u0105zane z padaczk\u0105. Stworzy\u0142 podstawy oceny interakcji lekowych przy wykorzystaniu [&hellip;]\" \/>\n<meta property=\"og:url\" content=\"https:\/\/amu.pan.pl\/en\/jarogniew-luszczki\/\" \/>\n<meta property=\"og:site_name\" content=\"Akademia M\u0142odych Uczonych\" \/>\n<meta property=\"article:publisher\" content=\"https:\/\/www.facebook.com\/AkademiaMlodychUczonych\/\" \/>\n<meta property=\"article:modified_time\" content=\"2020-10-02T21:57:45+00:00\" \/>\n<meta property=\"og:image\" content=\"https:\/\/amu.pan.pl\/wp-content\/uploads\/2016\/02\/Jarogniew_J._Luszczki.jpg\" \/>\n\t<meta property=\"og:image:width\" content=\"240\" \/>\n\t<meta property=\"og:image:height\" content=\"320\" \/>\n\t<meta property=\"og:image:type\" content=\"image\/jpeg\" \/>\n<meta name=\"twitter:card\" content=\"summary_large_image\" \/>\n<meta name=\"twitter:site\" content=\"@AMUPAN1\" \/>\n<meta name=\"twitter:label1\" content=\"Estimated reading time\" \/>\n\t<meta name=\"twitter:data1\" content=\"1 minute\" \/>\n<script type=\"application\/ld+json\" class=\"yoast-schema-graph\">{\"@context\":\"https:\/\/schema.org\",\"@graph\":[{\"@type\":\"WebPage\",\"@id\":\"https:\/\/amu.pan.pl\/en\/jarogniew-luszczki\/\",\"url\":\"https:\/\/amu.pan.pl\/en\/jarogniew-luszczki\/\",\"name\":\"Jarogniew \u0141uszczki - Akademia M\u0142odych Uczonych\",\"isPartOf\":{\"@id\":\"https:\/\/amu.pan.pl\/#website\"},\"primaryImageOfPage\":{\"@id\":\"https:\/\/amu.pan.pl\/en\/jarogniew-luszczki\/#primaryimage\"},\"image\":{\"@id\":\"https:\/\/amu.pan.pl\/en\/jarogniew-luszczki\/#primaryimage\"},\"thumbnailUrl\":\"https:\/\/amu.pan.pl\/wp-content\/uploads\/2016\/02\/Jarogniew_J._Luszczki.jpg\",\"datePublished\":\"2016-02-26T10:37:04+00:00\",\"dateModified\":\"2020-10-02T21:57:45+00:00\",\"breadcrumb\":{\"@id\":\"https:\/\/amu.pan.pl\/en\/jarogniew-luszczki\/#breadcrumb\"},\"inLanguage\":\"en-GB\",\"potentialAction\":[{\"@type\":\"ReadAction\",\"target\":[\"https:\/\/amu.pan.pl\/en\/jarogniew-luszczki\/\"]}]},{\"@type\":\"ImageObject\",\"inLanguage\":\"en-GB\",\"@id\":\"https:\/\/amu.pan.pl\/en\/jarogniew-luszczki\/#primaryimage\",\"url\":\"https:\/\/amu.pan.pl\/wp-content\/uploads\/2016\/02\/Jarogniew_J._Luszczki.jpg\",\"contentUrl\":\"https:\/\/amu.pan.pl\/wp-content\/uploads\/2016\/02\/Jarogniew_J._Luszczki.jpg\",\"width\":240,\"height\":320},{\"@type\":\"BreadcrumbList\",\"@id\":\"https:\/\/amu.pan.pl\/en\/jarogniew-luszczki\/#breadcrumb\",\"itemListElement\":[{\"@type\":\"ListItem\",\"position\":1,\"name\":\"Strona g\u0142\u00f3wna\",\"item\":\"https:\/\/amu.pan.pl\/\"},{\"@type\":\"ListItem\",\"position\":2,\"name\":\"Jarogniew \u0141uszczki\"}]},{\"@type\":\"WebSite\",\"@id\":\"https:\/\/amu.pan.pl\/#website\",\"url\":\"https:\/\/amu.pan.pl\/\",\"name\":\"Akademia M\u0142odych Uczonych\",\"description\":\"Polska Akademia Nauk\",\"publisher\":{\"@id\":\"https:\/\/amu.pan.pl\/#organization\"},\"potentialAction\":[{\"@type\":\"SearchAction\",\"target\":{\"@type\":\"EntryPoint\",\"urlTemplate\":\"https:\/\/amu.pan.pl\/?s={search_term_string}\"},\"query-input\":{\"@type\":\"PropertyValueSpecification\",\"valueRequired\":true,\"valueName\":\"search_term_string\"}}],\"inLanguage\":\"en-GB\"},{\"@type\":\"Organization\",\"@id\":\"https:\/\/amu.pan.pl\/#organization\",\"name\":\"Akademia M\u0142odych Uczonych\",\"url\":\"https:\/\/amu.pan.pl\/\",\"logo\":{\"@type\":\"ImageObject\",\"inLanguage\":\"en-GB\",\"@id\":\"https:\/\/amu.pan.pl\/#\/schema\/logo\/image\/\",\"url\":\"https:\/\/amu.pan.pl\/wp-content\/uploads\/2020\/08\/zz_amu.png\",\"contentUrl\":\"https:\/\/amu.pan.pl\/wp-content\/uploads\/2020\/08\/zz_amu.png\",\"width\":2794,\"height\":1016,\"caption\":\"Akademia M\u0142odych Uczonych\"},\"image\":{\"@id\":\"https:\/\/amu.pan.pl\/#\/schema\/logo\/image\/\"},\"sameAs\":[\"https:\/\/www.facebook.com\/AkademiaMlodychUczonych\/\",\"https:\/\/x.com\/AMUPAN1\"]}]}<\/script>\n<!-- \/ Yoast SEO plugin. -->","yoast_head_json":{"title":"Jarogniew \u0141uszczki - Akademia M\u0142odych Uczonych","robots":{"index":"index","follow":"follow","max-snippet":"max-snippet:-1","max-image-preview":"max-image-preview:large","max-video-preview":"max-video-preview:-1"},"canonical":"https:\/\/amu.pan.pl\/en\/jarogniew-luszczki\/","og_locale":"en_GB","og_type":"article","og_title":"Jarogniew \u0141uszczki - Akademia M\u0142odych Uczonych","og_description":"Prof. dr hab. n. med. Jarogniew J. \u0141uszczki (ur. 1974) uko\u0144czy\u0142 studia na Wydziale Lekarskim Akademii Medycznej w Lublinie (1999), pracuje w Katedrze i Zak\u0142adzie Patofizjologii UM w Lublinie. Zajmuje si\u0119 analiz\u0105 izobolograficzn\u0105 interakcji zachodz\u0105cych pomi\u0119dzy lekami przeciwpadaczkowymi oraz wp\u0142ywem ligand&oacute;w receptor&oacute;w kannabinoidowych na procesy zwi\u0105zane z padaczk\u0105. Stworzy\u0142 podstawy oceny interakcji lekowych przy wykorzystaniu [&hellip;]","og_url":"https:\/\/amu.pan.pl\/en\/jarogniew-luszczki\/","og_site_name":"Akademia M\u0142odych Uczonych","article_publisher":"https:\/\/www.facebook.com\/AkademiaMlodychUczonych\/","article_modified_time":"2020-10-02T21:57:45+00:00","og_image":[{"width":240,"height":320,"url":"https:\/\/amu.pan.pl\/wp-content\/uploads\/2016\/02\/Jarogniew_J._Luszczki.jpg","type":"image\/jpeg"}],"twitter_card":"summary_large_image","twitter_site":"@AMUPAN1","twitter_misc":{"Estimated reading time":"1 minute"},"schema":{"@context":"https:\/\/schema.org","@graph":[{"@type":"WebPage","@id":"https:\/\/amu.pan.pl\/en\/jarogniew-luszczki\/","url":"https:\/\/amu.pan.pl\/en\/jarogniew-luszczki\/","name":"Jarogniew \u0141uszczki - Akademia M\u0142odych Uczonych","isPartOf":{"@id":"https:\/\/amu.pan.pl\/#website"},"primaryImageOfPage":{"@id":"https:\/\/amu.pan.pl\/en\/jarogniew-luszczki\/#primaryimage"},"image":{"@id":"https:\/\/amu.pan.pl\/en\/jarogniew-luszczki\/#primaryimage"},"thumbnailUrl":"https:\/\/amu.pan.pl\/wp-content\/uploads\/2016\/02\/Jarogniew_J._Luszczki.jpg","datePublished":"2016-02-26T10:37:04+00:00","dateModified":"2020-10-02T21:57:45+00:00","breadcrumb":{"@id":"https:\/\/amu.pan.pl\/en\/jarogniew-luszczki\/#breadcrumb"},"inLanguage":"en-GB","potentialAction":[{"@type":"ReadAction","target":["https:\/\/amu.pan.pl\/en\/jarogniew-luszczki\/"]}]},{"@type":"ImageObject","inLanguage":"en-GB","@id":"https:\/\/amu.pan.pl\/en\/jarogniew-luszczki\/#primaryimage","url":"https:\/\/amu.pan.pl\/wp-content\/uploads\/2016\/02\/Jarogniew_J._Luszczki.jpg","contentUrl":"https:\/\/amu.pan.pl\/wp-content\/uploads\/2016\/02\/Jarogniew_J._Luszczki.jpg","width":240,"height":320},{"@type":"BreadcrumbList","@id":"https:\/\/amu.pan.pl\/en\/jarogniew-luszczki\/#breadcrumb","itemListElement":[{"@type":"ListItem","position":1,"name":"Strona g\u0142\u00f3wna","item":"https:\/\/amu.pan.pl\/"},{"@type":"ListItem","position":2,"name":"Jarogniew \u0141uszczki"}]},{"@type":"WebSite","@id":"https:\/\/amu.pan.pl\/#website","url":"https:\/\/amu.pan.pl\/","name":"Akademia M\u0142odych Uczonych","description":"Polska Akademia Nauk","publisher":{"@id":"https:\/\/amu.pan.pl\/#organization"},"potentialAction":[{"@type":"SearchAction","target":{"@type":"EntryPoint","urlTemplate":"https:\/\/amu.pan.pl\/?s={search_term_string}"},"query-input":{"@type":"PropertyValueSpecification","valueRequired":true,"valueName":"search_term_string"}}],"inLanguage":"en-GB"},{"@type":"Organization","@id":"https:\/\/amu.pan.pl\/#organization","name":"Akademia M\u0142odych Uczonych","url":"https:\/\/amu.pan.pl\/","logo":{"@type":"ImageObject","inLanguage":"en-GB","@id":"https:\/\/amu.pan.pl\/#\/schema\/logo\/image\/","url":"https:\/\/amu.pan.pl\/wp-content\/uploads\/2020\/08\/zz_amu.png","contentUrl":"https:\/\/amu.pan.pl\/wp-content\/uploads\/2020\/08\/zz_amu.png","width":2794,"height":1016,"caption":"Akademia M\u0142odych Uczonych"},"image":{"@id":"https:\/\/amu.pan.pl\/#\/schema\/logo\/image\/"},"sameAs":["https:\/\/www.facebook.com\/AkademiaMlodychUczonych\/","https:\/\/x.com\/AMUPAN1"]}]}},"_links":{"self":[{"href":"https:\/\/amu.pan.pl\/en\/wp-json\/wp\/v2\/pages\/88","targetHints":{"allow":["GET"]}}],"collection":[{"href":"https:\/\/amu.pan.pl\/en\/wp-json\/wp\/v2\/pages"}],"about":[{"href":"https:\/\/amu.pan.pl\/en\/wp-json\/wp\/v2\/types\/page"}],"author":[{"embeddable":true,"href":"https:\/\/amu.pan.pl\/en\/wp-json\/wp\/v2\/users\/2"}],"replies":[{"embeddable":true,"href":"https:\/\/amu.pan.pl\/en\/wp-json\/wp\/v2\/comments?post=88"}],"version-history":[{"count":0,"href":"https:\/\/amu.pan.pl\/en\/wp-json\/wp\/v2\/pages\/88\/revisions"}],"wp:featuredmedia":[{"embeddable":true,"href":"https:\/\/amu.pan.pl\/en\/wp-json\/wp\/v2\/media\/87"}],"wp:attachment":[{"href":"https:\/\/amu.pan.pl\/en\/wp-json\/wp\/v2\/media?parent=88"}],"curies":[{"name":"wp","href":"https:\/\/api.w.org\/{rel}","templated":true}]}}