{"id":885,"date":"2020-10-09T13:08:09","date_gmt":"2020-10-09T11:08:09","guid":{"rendered":"https:\/\/amu.pan.pl\/test\/?page_id=885"},"modified":"2024-09-11T12:03:07","modified_gmt":"2024-09-11T10:03:07","slug":"sklad-amu-poprzednich-kadencji","status":"publish","type":"page","link":"https:\/\/amu.pan.pl\/en\/sklad-amu-poprzednich-kadencji\/","title":{"rendered":"Composition of the AMU of previous terms"},"content":{"rendered":"<div data-elementor-type=\"wp-page\" data-elementor-id=\"885\" class=\"elementor elementor-885\">\n\t\t\t\t\t\t<section class=\"elementor-section elementor-top-section elementor-element elementor-element-7b12202 elementor-section-boxed elementor-section-height-default elementor-section-height-default\" data-id=\"7b12202\" data-element_type=\"section\">\n\t\t\t\t\t\t<div class=\"elementor-container elementor-column-gap-default\">\n\t\t\t\t\t<div class=\"elementor-column elementor-col-100 elementor-top-column elementor-element elementor-element-e9d4511\" data-id=\"e9d4511\" data-element_type=\"column\">\n\t\t\t<div class=\"elementor-widget-wrap elementor-element-populated\">\n\t\t\t\t\t\t<div class=\"elementor-element elementor-element-99bbdf3 elementor-widget elementor-widget-heading\" data-id=\"99bbdf3\" data-element_type=\"widget\" data-widget_type=\"heading.default\">\n\t\t\t\t<div class=\"elementor-widget-container\">\n\t\t\t\t\t<h2 class=\"elementor-heading-title elementor-size-default\">Composition of the AMU of previous terms<\/h2>\t\t\t\t<\/div>\n\t\t\t\t<\/div>\n\t\t\t\t<div class=\"elementor-element elementor-element-bedd814 elementor-widget elementor-widget-spacer\" data-id=\"bedd814\" data-element_type=\"widget\" data-widget_type=\"spacer.default\">\n\t\t\t\t<div class=\"elementor-widget-container\">\n\t\t\t\t\t\t\t<div class=\"elementor-spacer\">\n\t\t\t<div class=\"elementor-spacer-inner\"><\/div>\n\t\t<\/div>\n\t\t\t\t\t\t<\/div>\n\t\t\t\t<\/div>\n\t\t\t\t\t<\/div>\n\t\t<\/div>\n\t\t\t\t\t<\/div>\n\t\t<\/section>\n\t\t\t\t<section class=\"elementor-section elementor-top-section elementor-element elementor-element-4401ff2 elementor-section-boxed elementor-section-height-default elementor-section-height-default\" data-id=\"4401ff2\" data-element_type=\"section\">\n\t\t\t\t\t\t<div class=\"elementor-container elementor-column-gap-default\">\n\t\t\t\t\t<div class=\"elementor-column elementor-col-100 elementor-top-column elementor-element elementor-element-e14b377\" data-id=\"e14b377\" data-element_type=\"column\">\n\t\t\t<div class=\"elementor-widget-wrap elementor-element-populated\">\n\t\t\t\t\t\t<div class=\"elementor-element elementor-element-1e1eec7 elementor-position-top elementor-widget elementor-widget-image-box\" data-id=\"1e1eec7\" data-element_type=\"widget\" data-widget_type=\"image-box.default\">\n\t\t\t\t<div class=\"elementor-widget-container\">\n\t\t\t\t\t<div class=\"elementor-image-box-wrapper\"><figure class=\"elementor-image-box-img\"><a href=\"https:\/\/amu.pan.pl\/poprzednie-kadencje\/wladze-poprzednich-kadencji\/\" tabindex=\"-1\"><img fetchpriority=\"high\" decoding=\"async\" width=\"300\" height=\"229\" src=\"https:\/\/amu.pan.pl\/wp-content\/uploads\/2020\/10\/PalacStaszic-300x229.jpg\" class=\"elementor-animation-grow attachment-medium size-medium wp-image-806\" alt=\"\" srcset=\"https:\/\/amu.pan.pl\/wp-content\/uploads\/2020\/10\/PalacStaszic-300x229.jpg 300w, https:\/\/amu.pan.pl\/wp-content\/uploads\/2020\/10\/PalacStaszic-1024x782.jpg 1024w, https:\/\/amu.pan.pl\/wp-content\/uploads\/2020\/10\/PalacStaszic-768x586.jpg 768w, https:\/\/amu.pan.pl\/wp-content\/uploads\/2020\/10\/PalacStaszic.jpg 1280w\" sizes=\"(max-width: 300px) 100vw, 300px\" \/><\/a><\/figure><div class=\"elementor-image-box-content\"><h3 class=\"elementor-image-box-title\"><a href=\"https:\/\/amu.pan.pl\/poprzednie-kadencje\/wladze-poprzednich-kadencji\/\">Authorities from previous terms<\/a><\/h3><\/div><\/div>\t\t\t\t<\/div>\n\t\t\t\t<\/div>\n\t\t\t\t<div class=\"elementor-element elementor-element-b7f7941 elementor-position-top elementor-widget elementor-widget-image-box\" data-id=\"b7f7941\" data-element_type=\"widget\" data-widget_type=\"image-box.default\">\n\t\t\t\t<div class=\"elementor-widget-container\">\n\t\t\t\t\t<div class=\"elementor-image-box-wrapper\"><figure class=\"elementor-image-box-img\"><a href=\"https:\/\/amu.pan.pl\/kadencja-2019-2024\" tabindex=\"-1\"><img decoding=\"async\" width=\"300\" height=\"100\" src=\"https:\/\/amu.pan.pl\/wp-content\/uploads\/2024\/09\/1500x500-300x100.jpeg\" class=\"attachment-medium size-medium wp-image-5342\" alt=\"\" srcset=\"https:\/\/amu.pan.pl\/wp-content\/uploads\/2024\/09\/1500x500-300x100.jpeg 300w, https:\/\/amu.pan.pl\/wp-content\/uploads\/2024\/09\/1500x500-1024x341.jpeg 1024w, https:\/\/amu.pan.pl\/wp-content\/uploads\/2024\/09\/1500x500-768x256.jpeg 768w, https:\/\/amu.pan.pl\/wp-content\/uploads\/2024\/09\/1500x500-18x6.jpeg 18w, https:\/\/amu.pan.pl\/wp-content\/uploads\/2024\/09\/1500x500.jpeg 1500w\" sizes=\"(max-width: 300px) 100vw, 300px\" \/><\/a><\/figure><div class=\"elementor-image-box-content\"><h3 class=\"elementor-image-box-title\"><a href=\"https:\/\/amu.pan.pl\/kadencja-2019-2024\">Composition of the AMU<\/a><\/h3><p class=\"elementor-image-box-description\">Kadencja 2019 - 2024<\/p><\/div><\/div>\t\t\t\t<\/div>\n\t\t\t\t<\/div>\n\t\t\t\t<div class=\"elementor-element elementor-element-2dbf76e elementor-position-top elementor-widget elementor-widget-image-box\" data-id=\"2dbf76e\" data-element_type=\"widget\" data-widget_type=\"image-box.default\">\n\t\t\t\t<div class=\"elementor-widget-container\">\n\t\t\t\t\t<div class=\"elementor-image-box-wrapper\"><figure class=\"elementor-image-box-img\"><a href=\"https:\/\/amu.pan.pl\/kadencja-2016-2021\/\" tabindex=\"-1\"><img decoding=\"async\" width=\"300\" height=\"120\" src=\"https:\/\/amu.pan.pl\/wp-content\/uploads\/2020\/10\/akademia-e1602789554593-300x120.jpg\" class=\"elementor-animation-grow attachment-medium size-medium wp-image-817\" alt=\"\" \/><\/a><\/figure><div class=\"elementor-image-box-content\"><h3 class=\"elementor-image-box-title\"><a href=\"https:\/\/amu.pan.pl\/kadencja-2016-2021\/\">Composition of the AMU<\/a><\/h3><p class=\"elementor-image-box-description\">Kadencja 2016 - 2021<\/p><\/div><\/div>\t\t\t\t<\/div>\n\t\t\t\t<\/div>\n\t\t\t\t<div class=\"elementor-element elementor-element-3dceaab elementor-position-top elementor-widget elementor-widget-image-box\" data-id=\"3dceaab\" data-element_type=\"widget\" data-widget_type=\"image-box.default\">\n\t\t\t\t<div class=\"elementor-widget-container\">\n\t\t\t\t\t<div class=\"elementor-image-box-wrapper\"><figure class=\"elementor-image-box-img\"><a href=\"https:\/\/amu.pan.pl\/kadencja-12-17\/\" tabindex=\"-1\"><img decoding=\"async\" width=\"300\" height=\"120\" src=\"https:\/\/amu.pan.pl\/wp-content\/uploads\/2020\/10\/akademia-e1602789554593-300x120.jpg\" class=\"elementor-animation-grow attachment-medium size-medium wp-image-817\" alt=\"\" \/><\/a><\/figure><div class=\"elementor-image-box-content\"><h3 class=\"elementor-image-box-title\"><a href=\"https:\/\/amu.pan.pl\/kadencja-12-17\/\">Composition of the AMU<\/a><\/h3><p class=\"elementor-image-box-description\">Term of office 2012 - 2017<\/p><\/div><\/div>\t\t\t\t<\/div>\n\t\t\t\t<\/div>\n\t\t\t\t<div class=\"elementor-element elementor-element-72530e7 elementor-position-top elementor-widget elementor-widget-image-box\" data-id=\"72530e7\" data-element_type=\"widget\" data-widget_type=\"image-box.default\">\n\t\t\t\t<div class=\"elementor-widget-container\">\n\t\t\t\t\t<div class=\"elementor-image-box-wrapper\"><figure class=\"elementor-image-box-img\"><a href=\"https:\/\/amu.pan.pl\/kadencja-11-16\/\" tabindex=\"-1\"><img decoding=\"async\" width=\"300\" height=\"120\" src=\"https:\/\/amu.pan.pl\/wp-content\/uploads\/2020\/10\/akademia-e1602789554593-300x120.jpg\" class=\"elementor-animation-grow attachment-medium size-medium wp-image-817\" alt=\"\" \/><\/a><\/figure><div class=\"elementor-image-box-content\"><h3 class=\"elementor-image-box-title\"><a href=\"https:\/\/amu.pan.pl\/kadencja-11-16\/\">Composition of the AMU<\/a><\/h3><p class=\"elementor-image-box-description\">Term of office 2011-2016<\/p><\/div><\/div>\t\t\t\t<\/div>\n\t\t\t\t<\/div>\n\t\t\t\t\t<\/div>\n\t\t<\/div>\n\t\t\t\t\t<\/div>\n\t\t<\/section>\n\t\t\t\t<\/div>","protected":false},"excerpt":{"rendered":"<p>Sk\u0142ad AMU poprzednich kadencji W\u0142adze poprzednich kadencji Sk\u0142ad AMU Kadencja 2019 &#8211; 2024 Sk\u0142ad AMU Kadencja 2016 &#8211; 2021 Sk\u0142ad AMU Kadencja 2012 &#8211; 2017 Sk\u0142ad AMU Kadencja 2011 &#8211; 2016<\/p>","protected":false},"author":2,"featured_media":0,"parent":0,"menu_order":0,"comment_status":"closed","ping_status":"closed","template":"page-templates\/template-pagebuilder-full-width.php","meta":{"_monsterinsights_skip_tracking":false,"_monsterinsights_sitenote_active":false,"_monsterinsights_sitenote_note":"","_monsterinsights_sitenote_category":0,"neve_meta_sidebar":"full-width","neve_meta_container":"","neve_meta_enable_content_width":"on","neve_meta_content_width":100,"neve_meta_title_alignment":"","neve_meta_author_avatar":"","neve_post_elements_order":"","neve_meta_disable_header":"","neve_meta_disable_footer":"","neve_meta_disable_title":"","footnotes":""},"class_list":["post-885","page","type-page","status-publish","hentry"],"yoast_head":"<!-- This site is optimized with the Yoast SEO plugin v25.0 - https:\/\/yoast.com\/wordpress\/plugins\/seo\/ -->\n<title>Sk\u0142ad AMU poprzednich kadencji - Akademia M\u0142odych Uczonych<\/title>\n<meta name=\"robots\" content=\"index, follow, max-snippet:-1, max-image-preview:large, max-video-preview:-1\" \/>\n<link rel=\"canonical\" href=\"https:\/\/amu.pan.pl\/en\/sklad-amu-poprzednich-kadencji\/\" \/>\n<meta property=\"og:locale\" content=\"en_GB\" \/>\n<meta property=\"og:type\" content=\"article\" \/>\n<meta property=\"og:title\" content=\"Sk\u0142ad AMU poprzednich kadencji - Akademia M\u0142odych Uczonych\" \/>\n<meta property=\"og:description\" content=\"Sk\u0142ad AMU poprzednich kadencji W\u0142adze poprzednich kadencji Sk\u0142ad AMU Kadencja 2019 &#8211; 2024 Sk\u0142ad AMU Kadencja 2016 &#8211; 2021 Sk\u0142ad AMU Kadencja 2012 &#8211; 2017 Sk\u0142ad AMU Kadencja 2011 &#8211; 2016\" \/>\n<meta property=\"og:url\" content=\"https:\/\/amu.pan.pl\/en\/sklad-amu-poprzednich-kadencji\/\" \/>\n<meta property=\"og:site_name\" content=\"Akademia M\u0142odych Uczonych\" \/>\n<meta property=\"article:publisher\" content=\"https:\/\/www.facebook.com\/AkademiaMlodychUczonych\/\" \/>\n<meta property=\"article:modified_time\" content=\"2024-09-11T10:03:07+00:00\" \/>\n<meta property=\"og:image\" content=\"https:\/\/amu.pan.pl\/wp-content\/uploads\/2020\/10\/PalacStaszic-300x229.jpg\" \/>\n<meta name=\"twitter:card\" content=\"summary_large_image\" \/>\n<meta name=\"twitter:site\" content=\"@AMUPAN1\" \/>\n<meta name=\"twitter:label1\" content=\"Estimated reading time\" \/>\n\t<meta name=\"twitter:data1\" content=\"1 minute\" \/>\n<script type=\"application\/ld+json\" class=\"yoast-schema-graph\">{\"@context\":\"https:\/\/schema.org\",\"@graph\":[{\"@type\":\"WebPage\",\"@id\":\"https:\/\/amu.pan.pl\/sklad-amu-poprzednich-kadencji\/\",\"url\":\"https:\/\/amu.pan.pl\/sklad-amu-poprzednich-kadencji\/\",\"name\":\"Sk\u0142ad AMU poprzednich kadencji - Akademia M\u0142odych Uczonych\",\"isPartOf\":{\"@id\":\"https:\/\/amu.pan.pl\/#website\"},\"primaryImageOfPage\":{\"@id\":\"https:\/\/amu.pan.pl\/sklad-amu-poprzednich-kadencji\/#primaryimage\"},\"image\":{\"@id\":\"https:\/\/amu.pan.pl\/sklad-amu-poprzednich-kadencji\/#primaryimage\"},\"thumbnailUrl\":\"https:\/\/amu.pan.pl\/wp-content\/uploads\/2020\/10\/PalacStaszic-300x229.jpg\",\"datePublished\":\"2020-10-09T11:08:09+00:00\",\"dateModified\":\"2024-09-11T10:03:07+00:00\",\"breadcrumb\":{\"@id\":\"https:\/\/amu.pan.pl\/sklad-amu-poprzednich-kadencji\/#breadcrumb\"},\"inLanguage\":\"en-GB\",\"potentialAction\":[{\"@type\":\"ReadAction\",\"target\":[\"https:\/\/amu.pan.pl\/sklad-amu-poprzednich-kadencji\/\"]}]},{\"@type\":\"ImageObject\",\"inLanguage\":\"en-GB\",\"@id\":\"https:\/\/amu.pan.pl\/sklad-amu-poprzednich-kadencji\/#primaryimage\",\"url\":\"https:\/\/amu.pan.pl\/wp-content\/uploads\/2020\/10\/PalacStaszic-300x229.jpg\",\"contentUrl\":\"https:\/\/amu.pan.pl\/wp-content\/uploads\/2020\/10\/PalacStaszic-300x229.jpg\"},{\"@type\":\"BreadcrumbList\",\"@id\":\"https:\/\/amu.pan.pl\/sklad-amu-poprzednich-kadencji\/#breadcrumb\",\"itemListElement\":[{\"@type\":\"ListItem\",\"position\":1,\"name\":\"Strona g\u0142\u00f3wna\",\"item\":\"https:\/\/amu.pan.pl\/\"},{\"@type\":\"ListItem\",\"position\":2,\"name\":\"Sk\u0142ad AMU poprzednich kadencji\"}]},{\"@type\":\"WebSite\",\"@id\":\"https:\/\/amu.pan.pl\/#website\",\"url\":\"https:\/\/amu.pan.pl\/\",\"name\":\"Akademia M\u0142odych Uczonych\",\"description\":\"Polska Akademia Nauk\",\"publisher\":{\"@id\":\"https:\/\/amu.pan.pl\/#organization\"},\"potentialAction\":[{\"@type\":\"SearchAction\",\"target\":{\"@type\":\"EntryPoint\",\"urlTemplate\":\"https:\/\/amu.pan.pl\/?s={search_term_string}\"},\"query-input\":{\"@type\":\"PropertyValueSpecification\",\"valueRequired\":true,\"valueName\":\"search_term_string\"}}],\"inLanguage\":\"en-GB\"},{\"@type\":\"Organization\",\"@id\":\"https:\/\/amu.pan.pl\/#organization\",\"name\":\"Akademia M\u0142odych Uczonych\",\"url\":\"https:\/\/amu.pan.pl\/\",\"logo\":{\"@type\":\"ImageObject\",\"inLanguage\":\"en-GB\",\"@id\":\"https:\/\/amu.pan.pl\/#\/schema\/logo\/image\/\",\"url\":\"https:\/\/amu.pan.pl\/wp-content\/uploads\/2020\/08\/zz_amu.png\",\"contentUrl\":\"https:\/\/amu.pan.pl\/wp-content\/uploads\/2020\/08\/zz_amu.png\",\"width\":2794,\"height\":1016,\"caption\":\"Akademia M\u0142odych Uczonych\"},\"image\":{\"@id\":\"https:\/\/amu.pan.pl\/#\/schema\/logo\/image\/\"},\"sameAs\":[\"https:\/\/www.facebook.com\/AkademiaMlodychUczonych\/\",\"https:\/\/x.com\/AMUPAN1\"]}]}<\/script>\n<!-- \/ Yoast SEO plugin. -->","yoast_head_json":{"title":"Sk\u0142ad AMU poprzednich kadencji - Akademia M\u0142odych Uczonych","robots":{"index":"index","follow":"follow","max-snippet":"max-snippet:-1","max-image-preview":"max-image-preview:large","max-video-preview":"max-video-preview:-1"},"canonical":"https:\/\/amu.pan.pl\/en\/sklad-amu-poprzednich-kadencji\/","og_locale":"en_GB","og_type":"article","og_title":"Sk\u0142ad AMU poprzednich kadencji - Akademia M\u0142odych Uczonych","og_description":"Sk\u0142ad AMU poprzednich kadencji W\u0142adze poprzednich kadencji Sk\u0142ad AMU Kadencja 2019 &#8211; 2024 Sk\u0142ad AMU Kadencja 2016 &#8211; 2021 Sk\u0142ad AMU Kadencja 2012 &#8211; 2017 Sk\u0142ad AMU Kadencja 2011 &#8211; 2016","og_url":"https:\/\/amu.pan.pl\/en\/sklad-amu-poprzednich-kadencji\/","og_site_name":"Akademia M\u0142odych Uczonych","article_publisher":"https:\/\/www.facebook.com\/AkademiaMlodychUczonych\/","article_modified_time":"2024-09-11T10:03:07+00:00","og_image":[{"url":"https:\/\/amu.pan.pl\/wp-content\/uploads\/2020\/10\/PalacStaszic-300x229.jpg","type":"","width":"","height":""}],"twitter_card":"summary_large_image","twitter_site":"@AMUPAN1","twitter_misc":{"Estimated reading time":"1 minute"},"schema":{"@context":"https:\/\/schema.org","@graph":[{"@type":"WebPage","@id":"https:\/\/amu.pan.pl\/sklad-amu-poprzednich-kadencji\/","url":"https:\/\/amu.pan.pl\/sklad-amu-poprzednich-kadencji\/","name":"Sk\u0142ad AMU poprzednich kadencji - Akademia M\u0142odych Uczonych","isPartOf":{"@id":"https:\/\/amu.pan.pl\/#website"},"primaryImageOfPage":{"@id":"https:\/\/amu.pan.pl\/sklad-amu-poprzednich-kadencji\/#primaryimage"},"image":{"@id":"https:\/\/amu.pan.pl\/sklad-amu-poprzednich-kadencji\/#primaryimage"},"thumbnailUrl":"https:\/\/amu.pan.pl\/wp-content\/uploads\/2020\/10\/PalacStaszic-300x229.jpg","datePublished":"2020-10-09T11:08:09+00:00","dateModified":"2024-09-11T10:03:07+00:00","breadcrumb":{"@id":"https:\/\/amu.pan.pl\/sklad-amu-poprzednich-kadencji\/#breadcrumb"},"inLanguage":"en-GB","potentialAction":[{"@type":"ReadAction","target":["https:\/\/amu.pan.pl\/sklad-amu-poprzednich-kadencji\/"]}]},{"@type":"ImageObject","inLanguage":"en-GB","@id":"https:\/\/amu.pan.pl\/sklad-amu-poprzednich-kadencji\/#primaryimage","url":"https:\/\/amu.pan.pl\/wp-content\/uploads\/2020\/10\/PalacStaszic-300x229.jpg","contentUrl":"https:\/\/amu.pan.pl\/wp-content\/uploads\/2020\/10\/PalacStaszic-300x229.jpg"},{"@type":"BreadcrumbList","@id":"https:\/\/amu.pan.pl\/sklad-amu-poprzednich-kadencji\/#breadcrumb","itemListElement":[{"@type":"ListItem","position":1,"name":"Strona g\u0142\u00f3wna","item":"https:\/\/amu.pan.pl\/"},{"@type":"ListItem","position":2,"name":"Sk\u0142ad AMU poprzednich kadencji"}]},{"@type":"WebSite","@id":"https:\/\/amu.pan.pl\/#website","url":"https:\/\/amu.pan.pl\/","name":"Akademia M\u0142odych Uczonych","description":"Polska Akademia Nauk","publisher":{"@id":"https:\/\/amu.pan.pl\/#organization"},"potentialAction":[{"@type":"SearchAction","target":{"@type":"EntryPoint","urlTemplate":"https:\/\/amu.pan.pl\/?s={search_term_string}"},"query-input":{"@type":"PropertyValueSpecification","valueRequired":true,"valueName":"search_term_string"}}],"inLanguage":"en-GB"},{"@type":"Organization","@id":"https:\/\/amu.pan.pl\/#organization","name":"Akademia M\u0142odych Uczonych","url":"https:\/\/amu.pan.pl\/","logo":{"@type":"ImageObject","inLanguage":"en-GB","@id":"https:\/\/amu.pan.pl\/#\/schema\/logo\/image\/","url":"https:\/\/amu.pan.pl\/wp-content\/uploads\/2020\/08\/zz_amu.png","contentUrl":"https:\/\/amu.pan.pl\/wp-content\/uploads\/2020\/08\/zz_amu.png","width":2794,"height":1016,"caption":"Akademia M\u0142odych Uczonych"},"image":{"@id":"https:\/\/amu.pan.pl\/#\/schema\/logo\/image\/"},"sameAs":["https:\/\/www.facebook.com\/AkademiaMlodychUczonych\/","https:\/\/x.com\/AMUPAN1"]}]}},"_links":{"self":[{"href":"https:\/\/amu.pan.pl\/en\/wp-json\/wp\/v2\/pages\/885","targetHints":{"allow":["GET"]}}],"collection":[{"href":"https:\/\/amu.pan.pl\/en\/wp-json\/wp\/v2\/pages"}],"about":[{"href":"https:\/\/amu.pan.pl\/en\/wp-json\/wp\/v2\/types\/page"}],"author":[{"embeddable":true,"href":"https:\/\/amu.pan.pl\/en\/wp-json\/wp\/v2\/users\/2"}],"replies":[{"embeddable":true,"href":"https:\/\/amu.pan.pl\/en\/wp-json\/wp\/v2\/comments?post=885"}],"version-history":[{"count":23,"href":"https:\/\/amu.pan.pl\/en\/wp-json\/wp\/v2\/pages\/885\/revisions"}],"predecessor-version":[{"id":5380,"href":"https:\/\/amu.pan.pl\/en\/wp-json\/wp\/v2\/pages\/885\/revisions\/5380"}],"wp:attachment":[{"href":"https:\/\/amu.pan.pl\/en\/wp-json\/wp\/v2\/media?parent=885"}],"curies":[{"name":"wp","href":"https:\/\/api.w.org\/{rel}","templated":true}]}}